{"id":2832,"date":"2024-06-25T12:35:55","date_gmt":"2024-06-25T12:35:55","guid":{"rendered":"https:\/\/blackholediscos.com\/?post_type=product&#038;p=2832"},"modified":"2024-06-29T12:16:20","modified_gmt":"2024-06-29T12:16:20","slug":"casa-das-maquinas-casa-de-rock","status":"publish","type":"product","link":"https:\/\/blackholediscos.com\/en\/product\/casa-das-maquinas-casa-de-rock\/","title":{"rendered":"Casa das M\u00e1quinas &#8211; Casa de Rock"},"content":{"rendered":"<p>LP Original de \u00e9poca em excelentes condi\u00e7\u00f5es de capa e m\u00eddia, acompanha raro encarte original.<\/p>\n<p>Selo:<br \/>\nSom Livre \u200e\u2013 403.6101<\/p>\n<p>A1\t\tCasa De Rock<br \/>\nA2\t\tJogue Tudo Pra Cabe\u00e7a<br \/>\nA3\t\tCerto Sim, Seu Errado<br \/>\nA4\t\tStress<br \/>\nA5\t\tLondres<\/p>\n<p>B1\t\tDoutor Medo<br \/>\nB2\t\tMania De Ser<br \/>\nB3\t\tSonho De Vagabundo<br \/>\nB4\t\tEssa \u00c9 A Vida<br \/>\nB5\t\tEu Queria Ser<\/p>","protected":false},"excerpt":{"rendered":"<p>LP Original de \u00e9poca em excelentes condi\u00e7\u00f5es de capa e m\u00eddia, acompanha raro encarte original. Selo: Som Livre \u200e\u2013 403.6101 A1 Casa De Rock A2 Jogue Tudo Pra Cabe\u00e7a A3 Certo Sim, Seu Errado A4 Stress A5 Londres B1 Doutor Medo B2 Mania De Ser B3 Sonho De Vagabundo B4 Essa \u00c9 A Vida B5 [&hellip;]<\/p>\n","protected":false},"featured_media":2816,"comment_status":"open","ping_status":"closed","template":"","meta":{"_acf_changed":false},"product_brand":[],"product_cat":[39,509,48,35,173],"product_tag":[],"artista":[607],"produtora":[136],"ano":[207],"class_list":{"0":"post-2832","1":"product","2":"type-product","3":"status-publish","4":"has-post-thumbnail","6":"product_cat-mpb","7":"product_cat-prog-rock","8":"product_cat-psicodelia","9":"product_cat-rock","10":"product_cat-rock-alternativo","11":"artista-casa-das-maquinas","12":"produtora-som-livre","13":"ano-207","15":"first","16":"instock","17":"shipping-taxable","18":"purchasable","19":"product-type-simple"},"acf":[],"yoast_head":"<!-- This site is optimized with the Yoast SEO plugin v27.3 - https:\/\/yoast.com\/product\/yoast-seo-wordpress\/ -->\n<title>Casa das M\u00e1quinas - Casa de Rock - Black Hole Discos<\/title>\n<meta name=\"robots\" content=\"index, follow, max-snippet:-1, max-image-preview:large, max-video-preview:-1\" \/>\n<link rel=\"canonical\" href=\"https:\/\/blackholediscos.com\/en\/product\/casa-das-maquinas-casa-de-rock\/\" \/>\n<meta property=\"og:locale\" content=\"en_US\" \/>\n<meta property=\"og:type\" content=\"article\" \/>\n<meta property=\"og:title\" content=\"Casa das M\u00e1quinas - Casa de Rock - Black Hole Discos\" \/>\n<meta property=\"og:description\" content=\"LP Original de \u00e9poca em excelentes condi\u00e7\u00f5es de capa e m\u00eddia, acompanha raro encarte original. Selo: Som Livre \u200e\u2013 403.6101 A1 Casa De Rock A2 Jogue Tudo Pra Cabe\u00e7a A3 Certo Sim, Seu Errado A4 Stress A5 Londres B1 Doutor Medo B2 Mania De Ser B3 Sonho De Vagabundo B4 Essa \u00c9 A Vida B5 [&hellip;]\" \/>\n<meta property=\"og:url\" content=\"https:\/\/blackholediscos.com\/en\/product\/casa-das-maquinas-casa-de-rock\/\" \/>\n<meta property=\"og:site_name\" content=\"Black Hole Discos\" \/>\n<meta property=\"article:publisher\" content=\"https:\/\/www.instagram.com\/blackholediscos\/\" \/>\n<meta property=\"article:modified_time\" content=\"2024-06-29T12:16:20+00:00\" \/>\n<meta property=\"og:image\" content=\"https:\/\/blackholediscos.com\/wp-content\/uploads\/2024\/06\/IMG_6967-scaled.jpeg\" \/>\n\t<meta property=\"og:image:width\" content=\"2560\" \/>\n\t<meta property=\"og:image:height\" content=\"2560\" \/>\n\t<meta property=\"og:image:type\" content=\"image\/jpeg\" \/>\n<meta name=\"twitter:card\" content=\"summary_large_image\" \/>\n<meta name=\"twitter:label1\" content=\"Est. reading time\" \/>\n\t<meta name=\"twitter:data1\" content=\"1 minute\" \/>\n<script type=\"application\/ld+json\" class=\"yoast-schema-graph\">{\"@context\":\"https:\\\/\\\/schema.org\",\"@graph\":[{\"@type\":\"WebPage\",\"@id\":\"https:\\\/\\\/blackholediscos.com\\\/product\\\/casa-das-maquinas-casa-de-rock\\\/\",\"url\":\"https:\\\/\\\/blackholediscos.com\\\/product\\\/casa-das-maquinas-casa-de-rock\\\/\",\"name\":\"Casa das M\u00e1quinas - Casa de Rock - Black Hole Discos\",\"isPartOf\":{\"@id\":\"https:\\\/\\\/blackholediscos.com\\\/#website\"},\"primaryImageOfPage\":{\"@id\":\"https:\\\/\\\/blackholediscos.com\\\/product\\\/casa-das-maquinas-casa-de-rock\\\/#primaryimage\"},\"image\":{\"@id\":\"https:\\\/\\\/blackholediscos.com\\\/product\\\/casa-das-maquinas-casa-de-rock\\\/#primaryimage\"},\"thumbnailUrl\":\"https:\\\/\\\/blackholediscos.com\\\/wp-content\\\/uploads\\\/2024\\\/06\\\/IMG_6967-scaled.jpeg\",\"datePublished\":\"2024-06-25T12:35:55+00:00\",\"dateModified\":\"2024-06-29T12:16:20+00:00\",\"breadcrumb\":{\"@id\":\"https:\\\/\\\/blackholediscos.com\\\/product\\\/casa-das-maquinas-casa-de-rock\\\/#breadcrumb\"},\"inLanguage\":\"en-US\",\"potentialAction\":[{\"@type\":\"ReadAction\",\"target\":[\"https:\\\/\\\/blackholediscos.com\\\/product\\\/casa-das-maquinas-casa-de-rock\\\/\"]}]},{\"@type\":\"ImageObject\",\"inLanguage\":\"en-US\",\"@id\":\"https:\\\/\\\/blackholediscos.com\\\/product\\\/casa-das-maquinas-casa-de-rock\\\/#primaryimage\",\"url\":\"https:\\\/\\\/blackholediscos.com\\\/wp-content\\\/uploads\\\/2024\\\/06\\\/IMG_6967-scaled.jpeg\",\"contentUrl\":\"https:\\\/\\\/blackholediscos.com\\\/wp-content\\\/uploads\\\/2024\\\/06\\\/IMG_6967-scaled.jpeg\",\"width\":2560,\"height\":2560},{\"@type\":\"BreadcrumbList\",\"@id\":\"https:\\\/\\\/blackholediscos.com\\\/product\\\/casa-das-maquinas-casa-de-rock\\\/#breadcrumb\",\"itemListElement\":[{\"@type\":\"ListItem\",\"position\":1,\"name\":\"In\u00edcio\",\"item\":\"https:\\\/\\\/blackholediscos.com\\\/\"},{\"@type\":\"ListItem\",\"position\":2,\"name\":\"Shop\",\"item\":\"https:\\\/\\\/blackholediscos.com\\\/shop\\\/\"},{\"@type\":\"ListItem\",\"position\":3,\"name\":\"Casa das M\u00e1quinas &#8211; Casa de Rock\"}]},{\"@type\":\"WebSite\",\"@id\":\"https:\\\/\\\/blackholediscos.com\\\/#website\",\"url\":\"https:\\\/\\\/blackholediscos.com\\\/\",\"name\":\"Black Hole Discos\",\"description\":\"Brazilian music LPs\",\"publisher\":{\"@id\":\"https:\\\/\\\/blackholediscos.com\\\/#organization\"},\"potentialAction\":[{\"@type\":\"SearchAction\",\"target\":{\"@type\":\"EntryPoint\",\"urlTemplate\":\"https:\\\/\\\/blackholediscos.com\\\/?s={search_term_string}\"},\"query-input\":{\"@type\":\"PropertyValueSpecification\",\"valueRequired\":true,\"valueName\":\"search_term_string\"}}],\"inLanguage\":\"en-US\"},{\"@type\":\"Organization\",\"@id\":\"https:\\\/\\\/blackholediscos.com\\\/#organization\",\"name\":\"Black Hole Discos\",\"url\":\"https:\\\/\\\/blackholediscos.com\\\/\",\"logo\":{\"@type\":\"ImageObject\",\"inLanguage\":\"en-US\",\"@id\":\"https:\\\/\\\/blackholediscos.com\\\/#\\\/schema\\\/logo\\\/image\\\/\",\"url\":\"https:\\\/\\\/blackholediscos.com\\\/wp-content\\\/uploads\\\/2024\\\/06\\\/black-hole-discos-vinis-logo.png\",\"contentUrl\":\"https:\\\/\\\/blackholediscos.com\\\/wp-content\\\/uploads\\\/2024\\\/06\\\/black-hole-discos-vinis-logo.png\",\"width\":70,\"height\":66,\"caption\":\"Black Hole Discos\"},\"image\":{\"@id\":\"https:\\\/\\\/blackholediscos.com\\\/#\\\/schema\\\/logo\\\/image\\\/\"},\"sameAs\":[\"https:\\\/\\\/www.instagram.com\\\/blackholediscos\\\/\"]}]}<\/script>\n<!-- \/ Yoast SEO plugin. -->","yoast_head_json":{"title":"Casa das M\u00e1quinas - Casa de Rock - Black Hole Discos","robots":{"index":"index","follow":"follow","max-snippet":"max-snippet:-1","max-image-preview":"max-image-preview:large","max-video-preview":"max-video-preview:-1"},"canonical":"https:\/\/blackholediscos.com\/en\/product\/casa-das-maquinas-casa-de-rock\/","og_locale":"en_US","og_type":"article","og_title":"Casa das M\u00e1quinas - Casa de Rock - Black Hole Discos","og_description":"LP Original de \u00e9poca em excelentes condi\u00e7\u00f5es de capa e m\u00eddia, acompanha raro encarte original. Selo: Som Livre \u200e\u2013 403.6101 A1 Casa De Rock A2 Jogue Tudo Pra Cabe\u00e7a A3 Certo Sim, Seu Errado A4 Stress A5 Londres B1 Doutor Medo B2 Mania De Ser B3 Sonho De Vagabundo B4 Essa \u00c9 A Vida B5 [&hellip;]","og_url":"https:\/\/blackholediscos.com\/en\/product\/casa-das-maquinas-casa-de-rock\/","og_site_name":"Black Hole Discos","article_publisher":"https:\/\/www.instagram.com\/blackholediscos\/","article_modified_time":"2024-06-29T12:16:20+00:00","og_image":[{"width":2560,"height":2560,"url":"https:\/\/blackholediscos.com\/wp-content\/uploads\/2024\/06\/IMG_6967-scaled.jpeg","type":"image\/jpeg"}],"twitter_card":"summary_large_image","twitter_misc":{"Est. reading time":"1 minute"},"schema":{"@context":"https:\/\/schema.org","@graph":[{"@type":"WebPage","@id":"https:\/\/blackholediscos.com\/product\/casa-das-maquinas-casa-de-rock\/","url":"https:\/\/blackholediscos.com\/product\/casa-das-maquinas-casa-de-rock\/","name":"Casa das M\u00e1quinas - Casa de Rock - Black Hole Discos","isPartOf":{"@id":"https:\/\/blackholediscos.com\/#website"},"primaryImageOfPage":{"@id":"https:\/\/blackholediscos.com\/product\/casa-das-maquinas-casa-de-rock\/#primaryimage"},"image":{"@id":"https:\/\/blackholediscos.com\/product\/casa-das-maquinas-casa-de-rock\/#primaryimage"},"thumbnailUrl":"https:\/\/blackholediscos.com\/wp-content\/uploads\/2024\/06\/IMG_6967-scaled.jpeg","datePublished":"2024-06-25T12:35:55+00:00","dateModified":"2024-06-29T12:16:20+00:00","breadcrumb":{"@id":"https:\/\/blackholediscos.com\/product\/casa-das-maquinas-casa-de-rock\/#breadcrumb"},"inLanguage":"en-US","potentialAction":[{"@type":"ReadAction","target":["https:\/\/blackholediscos.com\/product\/casa-das-maquinas-casa-de-rock\/"]}]},{"@type":"ImageObject","inLanguage":"en-US","@id":"https:\/\/blackholediscos.com\/product\/casa-das-maquinas-casa-de-rock\/#primaryimage","url":"https:\/\/blackholediscos.com\/wp-content\/uploads\/2024\/06\/IMG_6967-scaled.jpeg","contentUrl":"https:\/\/blackholediscos.com\/wp-content\/uploads\/2024\/06\/IMG_6967-scaled.jpeg","width":2560,"height":2560},{"@type":"BreadcrumbList","@id":"https:\/\/blackholediscos.com\/product\/casa-das-maquinas-casa-de-rock\/#breadcrumb","itemListElement":[{"@type":"ListItem","position":1,"name":"In\u00edcio","item":"https:\/\/blackholediscos.com\/"},{"@type":"ListItem","position":2,"name":"Shop","item":"https:\/\/blackholediscos.com\/shop\/"},{"@type":"ListItem","position":3,"name":"Casa das M\u00e1quinas &#8211; Casa de Rock"}]},{"@type":"WebSite","@id":"https:\/\/blackholediscos.com\/#website","url":"https:\/\/blackholediscos.com\/","name":"Black Hole Discos","description":"Brazilian music LPs","publisher":{"@id":"https:\/\/blackholediscos.com\/#organization"},"potentialAction":[{"@type":"SearchAction","target":{"@type":"EntryPoint","urlTemplate":"https:\/\/blackholediscos.com\/?s={search_term_string}"},"query-input":{"@type":"PropertyValueSpecification","valueRequired":true,"valueName":"search_term_string"}}],"inLanguage":"en-US"},{"@type":"Organization","@id":"https:\/\/blackholediscos.com\/#organization","name":"Black Hole Discos","url":"https:\/\/blackholediscos.com\/","logo":{"@type":"ImageObject","inLanguage":"en-US","@id":"https:\/\/blackholediscos.com\/#\/schema\/logo\/image\/","url":"https:\/\/blackholediscos.com\/wp-content\/uploads\/2024\/06\/black-hole-discos-vinis-logo.png","contentUrl":"https:\/\/blackholediscos.com\/wp-content\/uploads\/2024\/06\/black-hole-discos-vinis-logo.png","width":70,"height":66,"caption":"Black Hole Discos"},"image":{"@id":"https:\/\/blackholediscos.com\/#\/schema\/logo\/image\/"},"sameAs":["https:\/\/www.instagram.com\/blackholediscos\/"]}]}},"_links":{"self":[{"href":"https:\/\/blackholediscos.com\/en\/wp-json\/wp\/v2\/product\/2832","targetHints":{"allow":["GET"]}}],"collection":[{"href":"https:\/\/blackholediscos.com\/en\/wp-json\/wp\/v2\/product"}],"about":[{"href":"https:\/\/blackholediscos.com\/en\/wp-json\/wp\/v2\/types\/product"}],"replies":[{"embeddable":true,"href":"https:\/\/blackholediscos.com\/en\/wp-json\/wp\/v2\/comments?post=2832"}],"wp:featuredmedia":[{"embeddable":true,"href":"https:\/\/blackholediscos.com\/en\/wp-json\/wp\/v2\/media\/2816"}],"wp:attachment":[{"href":"https:\/\/blackholediscos.com\/en\/wp-json\/wp\/v2\/media?parent=2832"}],"wp:term":[{"taxonomy":"product_brand","embeddable":true,"href":"https:\/\/blackholediscos.com\/en\/wp-json\/wp\/v2\/product_brand?post=2832"},{"taxonomy":"product_cat","embeddable":true,"href":"https:\/\/blackholediscos.com\/en\/wp-json\/wp\/v2\/product_cat?post=2832"},{"taxonomy":"product_tag","embeddable":true,"href":"https:\/\/blackholediscos.com\/en\/wp-json\/wp\/v2\/product_tag?post=2832"},{"taxonomy":"artista","embeddable":true,"href":"https:\/\/blackholediscos.com\/en\/wp-json\/wp\/v2\/artista?post=2832"},{"taxonomy":"produtora","embeddable":true,"href":"https:\/\/blackholediscos.com\/en\/wp-json\/wp\/v2\/produtora?post=2832"},{"taxonomy":"ano","embeddable":true,"href":"https:\/\/blackholediscos.com\/en\/wp-json\/wp\/v2\/ano?post=2832"}],"curies":[{"name":"wp","href":"https:\/\/api.w.org\/{rel}","templated":true}]}}