{"id":2764,"date":"2024-06-25T00:42:53","date_gmt":"2024-06-25T00:42:53","guid":{"rendered":"https:\/\/blackholediscos.com\/?post_type=product&#038;p=2764"},"modified":"2024-06-29T13:12:51","modified_gmt":"2024-06-29T13:12:51","slug":"baianasystem-baianasystem","status":"publish","type":"product","link":"https:\/\/blackholediscos.com\/en\/product\/baianasystem-baianasystem\/","title":{"rendered":"BaianaSystem \u2013 BaianaSystem"},"content":{"rendered":"<p>LP Primeira edi\u00e7\u00e3o Revista Noize. Lacrado de f\u00e1brica. Acompanha m\u00e1scara e revista.<\/p>\n<p>A1\t\tNesse Mundo<br \/>\nComposed By \u2013 Robertinho Barreto*<br \/>\n3:42<br \/>\nA2\t\tOxe, Como Era Doce<br \/>\nComposed By \u2013 Robertinho Barreto*, Russo Passapusso<br \/>\n4:07<br \/>\nA3\t\tDa Calcada Pro Lobato<br \/>\nComposed By \u2013 Robertinho Barreto*<br \/>\nFeaturing \u2013 Ger\u00f4nimo<br \/>\n4:33<br \/>\nA4\t\tAmerikha Expressa<br \/>\nComposed By \u2013 Robertinho Barreto*<br \/>\n2:59<br \/>\nA5\t\tJah Jah Revolta<br \/>\nComposed By \u2013 Russo Passapusso<br \/>\n5:21<br \/>\nA6\t\tVinheta Baiana<br \/>\nComposed By \u2013 Robertinho Barreto*<br \/>\n1:22<br \/>\nB1\t\tFrevofogute<br \/>\nComposed By \u2013 Robertinho Barreto*<br \/>\n3:26<br \/>\nB2\t\tBarra Avenida<br \/>\nComposed By \u2013 Robertinho Barreto*<br \/>\n4:57<br \/>\nB3\t\tSystema F\u00f3bica (ubaranamaralina)<br \/>\nAdapted By (Text) \u2013 B. Neg\u00e3o*, Russo Passapusso<br \/>\nFeaturing \u2013 B. Neg\u00e3o*<br \/>\n6:34<br \/>\nB4\t\tBembadub<br \/>\nComposed By \u2013 Robertinho Barreto*<\/p>","protected":false},"excerpt":{"rendered":"<p>LP Primeira edi\u00e7\u00e3o Revista Noize. Lacrado de f\u00e1brica. Acompanha m\u00e1scara e revista. A1 Nesse Mundo Composed By \u2013 Robertinho Barreto* 3:42 A2 Oxe, Como Era Doce Composed By \u2013 Robertinho Barreto*, Russo Passapusso 4:07 A3 Da Calcada Pro Lobato Composed By \u2013 Robertinho Barreto* Featuring \u2013 Ger\u00f4nimo 4:33 A4 Amerikha Expressa Composed By \u2013 Robertinho [&hellip;]<\/p>\n","protected":false},"featured_media":2735,"comment_status":"open","ping_status":"closed","template":"","meta":{"_acf_changed":false},"product_brand":[],"product_cat":[530,78,39,138,173,643],"product_tag":[],"artista":[256],"produtora":[236],"ano":[340],"class_list":{"0":"post-2764","1":"product","2":"type-product","3":"status-publish","4":"has-post-thumbnail","6":"product_cat-batucada","7":"product_cat-contemporaneos","8":"product_cat-mpb","9":"product_cat-polysom","10":"product_cat-rock-alternativo","11":"product_cat-tres-selos","12":"artista-baianasystem","13":"produtora-noize","14":"ano-340","16":"first","17":"instock","18":"shipping-taxable","19":"purchasable","20":"product-type-simple"},"acf":[],"yoast_head":"<!-- This site is optimized with the Yoast SEO plugin v27.3 - https:\/\/yoast.com\/product\/yoast-seo-wordpress\/ -->\n<title>BaianaSystem \u2013 BaianaSystem - Black Hole Discos<\/title>\n<meta name=\"robots\" content=\"index, follow, max-snippet:-1, max-image-preview:large, max-video-preview:-1\" \/>\n<link rel=\"canonical\" href=\"https:\/\/blackholediscos.com\/en\/product\/baianasystem-baianasystem\/\" \/>\n<meta property=\"og:locale\" content=\"en_US\" \/>\n<meta property=\"og:type\" content=\"article\" \/>\n<meta property=\"og:title\" content=\"BaianaSystem \u2013 BaianaSystem - Black Hole Discos\" \/>\n<meta property=\"og:description\" content=\"LP Primeira edi\u00e7\u00e3o Revista Noize. Lacrado de f\u00e1brica. Acompanha m\u00e1scara e revista. A1 Nesse Mundo Composed By \u2013 Robertinho Barreto* 3:42 A2 Oxe, Como Era Doce Composed By \u2013 Robertinho Barreto*, Russo Passapusso 4:07 A3 Da Calcada Pro Lobato Composed By \u2013 Robertinho Barreto* Featuring \u2013 Ger\u00f4nimo 4:33 A4 Amerikha Expressa Composed By \u2013 Robertinho [&hellip;]\" \/>\n<meta property=\"og:url\" content=\"https:\/\/blackholediscos.com\/en\/product\/baianasystem-baianasystem\/\" \/>\n<meta property=\"og:site_name\" content=\"Black Hole Discos\" \/>\n<meta property=\"article:publisher\" content=\"https:\/\/www.instagram.com\/blackholediscos\/\" \/>\n<meta property=\"article:modified_time\" content=\"2024-06-29T13:12:51+00:00\" \/>\n<meta property=\"og:image\" content=\"https:\/\/blackholediscos.com\/wp-content\/uploads\/2024\/06\/IMG_5496-scaled.jpg\" \/>\n\t<meta property=\"og:image:width\" content=\"2560\" \/>\n\t<meta property=\"og:image:height\" content=\"2560\" \/>\n\t<meta property=\"og:image:type\" content=\"image\/jpeg\" \/>\n<meta name=\"twitter:card\" content=\"summary_large_image\" \/>\n<meta name=\"twitter:label1\" content=\"Est. reading time\" \/>\n\t<meta name=\"twitter:data1\" content=\"1 minute\" \/>\n<script type=\"application\/ld+json\" class=\"yoast-schema-graph\">{\"@context\":\"https:\\\/\\\/schema.org\",\"@graph\":[{\"@type\":\"WebPage\",\"@id\":\"https:\\\/\\\/blackholediscos.com\\\/product\\\/baianasystem-baianasystem\\\/\",\"url\":\"https:\\\/\\\/blackholediscos.com\\\/product\\\/baianasystem-baianasystem\\\/\",\"name\":\"BaianaSystem \u2013 BaianaSystem - Black Hole Discos\",\"isPartOf\":{\"@id\":\"https:\\\/\\\/blackholediscos.com\\\/#website\"},\"primaryImageOfPage\":{\"@id\":\"https:\\\/\\\/blackholediscos.com\\\/product\\\/baianasystem-baianasystem\\\/#primaryimage\"},\"image\":{\"@id\":\"https:\\\/\\\/blackholediscos.com\\\/product\\\/baianasystem-baianasystem\\\/#primaryimage\"},\"thumbnailUrl\":\"https:\\\/\\\/blackholediscos.com\\\/wp-content\\\/uploads\\\/2024\\\/06\\\/IMG_5496-scaled.jpg\",\"datePublished\":\"2024-06-25T00:42:53+00:00\",\"dateModified\":\"2024-06-29T13:12:51+00:00\",\"breadcrumb\":{\"@id\":\"https:\\\/\\\/blackholediscos.com\\\/product\\\/baianasystem-baianasystem\\\/#breadcrumb\"},\"inLanguage\":\"en-US\",\"potentialAction\":[{\"@type\":\"ReadAction\",\"target\":[\"https:\\\/\\\/blackholediscos.com\\\/product\\\/baianasystem-baianasystem\\\/\"]}]},{\"@type\":\"ImageObject\",\"inLanguage\":\"en-US\",\"@id\":\"https:\\\/\\\/blackholediscos.com\\\/product\\\/baianasystem-baianasystem\\\/#primaryimage\",\"url\":\"https:\\\/\\\/blackholediscos.com\\\/wp-content\\\/uploads\\\/2024\\\/06\\\/IMG_5496-scaled.jpg\",\"contentUrl\":\"https:\\\/\\\/blackholediscos.com\\\/wp-content\\\/uploads\\\/2024\\\/06\\\/IMG_5496-scaled.jpg\",\"width\":2560,\"height\":2560},{\"@type\":\"BreadcrumbList\",\"@id\":\"https:\\\/\\\/blackholediscos.com\\\/product\\\/baianasystem-baianasystem\\\/#breadcrumb\",\"itemListElement\":[{\"@type\":\"ListItem\",\"position\":1,\"name\":\"In\u00edcio\",\"item\":\"https:\\\/\\\/blackholediscos.com\\\/\"},{\"@type\":\"ListItem\",\"position\":2,\"name\":\"Shop\",\"item\":\"https:\\\/\\\/blackholediscos.com\\\/shop\\\/\"},{\"@type\":\"ListItem\",\"position\":3,\"name\":\"BaianaSystem \u2013 BaianaSystem\"}]},{\"@type\":\"WebSite\",\"@id\":\"https:\\\/\\\/blackholediscos.com\\\/#website\",\"url\":\"https:\\\/\\\/blackholediscos.com\\\/\",\"name\":\"Black Hole Discos\",\"description\":\"Brazilian music LPs\",\"publisher\":{\"@id\":\"https:\\\/\\\/blackholediscos.com\\\/#organization\"},\"potentialAction\":[{\"@type\":\"SearchAction\",\"target\":{\"@type\":\"EntryPoint\",\"urlTemplate\":\"https:\\\/\\\/blackholediscos.com\\\/?s={search_term_string}\"},\"query-input\":{\"@type\":\"PropertyValueSpecification\",\"valueRequired\":true,\"valueName\":\"search_term_string\"}}],\"inLanguage\":\"en-US\"},{\"@type\":\"Organization\",\"@id\":\"https:\\\/\\\/blackholediscos.com\\\/#organization\",\"name\":\"Black Hole Discos\",\"url\":\"https:\\\/\\\/blackholediscos.com\\\/\",\"logo\":{\"@type\":\"ImageObject\",\"inLanguage\":\"en-US\",\"@id\":\"https:\\\/\\\/blackholediscos.com\\\/#\\\/schema\\\/logo\\\/image\\\/\",\"url\":\"https:\\\/\\\/blackholediscos.com\\\/wp-content\\\/uploads\\\/2024\\\/06\\\/black-hole-discos-vinis-logo.png\",\"contentUrl\":\"https:\\\/\\\/blackholediscos.com\\\/wp-content\\\/uploads\\\/2024\\\/06\\\/black-hole-discos-vinis-logo.png\",\"width\":70,\"height\":66,\"caption\":\"Black Hole Discos\"},\"image\":{\"@id\":\"https:\\\/\\\/blackholediscos.com\\\/#\\\/schema\\\/logo\\\/image\\\/\"},\"sameAs\":[\"https:\\\/\\\/www.instagram.com\\\/blackholediscos\\\/\"]}]}<\/script>\n<!-- \/ Yoast SEO plugin. -->","yoast_head_json":{"title":"BaianaSystem \u2013 BaianaSystem - Black Hole Discos","robots":{"index":"index","follow":"follow","max-snippet":"max-snippet:-1","max-image-preview":"max-image-preview:large","max-video-preview":"max-video-preview:-1"},"canonical":"https:\/\/blackholediscos.com\/en\/product\/baianasystem-baianasystem\/","og_locale":"en_US","og_type":"article","og_title":"BaianaSystem \u2013 BaianaSystem - Black Hole Discos","og_description":"LP Primeira edi\u00e7\u00e3o Revista Noize. Lacrado de f\u00e1brica. Acompanha m\u00e1scara e revista. A1 Nesse Mundo Composed By \u2013 Robertinho Barreto* 3:42 A2 Oxe, Como Era Doce Composed By \u2013 Robertinho Barreto*, Russo Passapusso 4:07 A3 Da Calcada Pro Lobato Composed By \u2013 Robertinho Barreto* Featuring \u2013 Ger\u00f4nimo 4:33 A4 Amerikha Expressa Composed By \u2013 Robertinho [&hellip;]","og_url":"https:\/\/blackholediscos.com\/en\/product\/baianasystem-baianasystem\/","og_site_name":"Black Hole Discos","article_publisher":"https:\/\/www.instagram.com\/blackholediscos\/","article_modified_time":"2024-06-29T13:12:51+00:00","og_image":[{"width":2560,"height":2560,"url":"https:\/\/blackholediscos.com\/wp-content\/uploads\/2024\/06\/IMG_5496-scaled.jpg","type":"image\/jpeg"}],"twitter_card":"summary_large_image","twitter_misc":{"Est. reading time":"1 minute"},"schema":{"@context":"https:\/\/schema.org","@graph":[{"@type":"WebPage","@id":"https:\/\/blackholediscos.com\/product\/baianasystem-baianasystem\/","url":"https:\/\/blackholediscos.com\/product\/baianasystem-baianasystem\/","name":"BaianaSystem \u2013 BaianaSystem - Black Hole Discos","isPartOf":{"@id":"https:\/\/blackholediscos.com\/#website"},"primaryImageOfPage":{"@id":"https:\/\/blackholediscos.com\/product\/baianasystem-baianasystem\/#primaryimage"},"image":{"@id":"https:\/\/blackholediscos.com\/product\/baianasystem-baianasystem\/#primaryimage"},"thumbnailUrl":"https:\/\/blackholediscos.com\/wp-content\/uploads\/2024\/06\/IMG_5496-scaled.jpg","datePublished":"2024-06-25T00:42:53+00:00","dateModified":"2024-06-29T13:12:51+00:00","breadcrumb":{"@id":"https:\/\/blackholediscos.com\/product\/baianasystem-baianasystem\/#breadcrumb"},"inLanguage":"en-US","potentialAction":[{"@type":"ReadAction","target":["https:\/\/blackholediscos.com\/product\/baianasystem-baianasystem\/"]}]},{"@type":"ImageObject","inLanguage":"en-US","@id":"https:\/\/blackholediscos.com\/product\/baianasystem-baianasystem\/#primaryimage","url":"https:\/\/blackholediscos.com\/wp-content\/uploads\/2024\/06\/IMG_5496-scaled.jpg","contentUrl":"https:\/\/blackholediscos.com\/wp-content\/uploads\/2024\/06\/IMG_5496-scaled.jpg","width":2560,"height":2560},{"@type":"BreadcrumbList","@id":"https:\/\/blackholediscos.com\/product\/baianasystem-baianasystem\/#breadcrumb","itemListElement":[{"@type":"ListItem","position":1,"name":"In\u00edcio","item":"https:\/\/blackholediscos.com\/"},{"@type":"ListItem","position":2,"name":"Shop","item":"https:\/\/blackholediscos.com\/shop\/"},{"@type":"ListItem","position":3,"name":"BaianaSystem \u2013 BaianaSystem"}]},{"@type":"WebSite","@id":"https:\/\/blackholediscos.com\/#website","url":"https:\/\/blackholediscos.com\/","name":"Black Hole Discos","description":"Brazilian music LPs","publisher":{"@id":"https:\/\/blackholediscos.com\/#organization"},"potentialAction":[{"@type":"SearchAction","target":{"@type":"EntryPoint","urlTemplate":"https:\/\/blackholediscos.com\/?s={search_term_string}"},"query-input":{"@type":"PropertyValueSpecification","valueRequired":true,"valueName":"search_term_string"}}],"inLanguage":"en-US"},{"@type":"Organization","@id":"https:\/\/blackholediscos.com\/#organization","name":"Black Hole Discos","url":"https:\/\/blackholediscos.com\/","logo":{"@type":"ImageObject","inLanguage":"en-US","@id":"https:\/\/blackholediscos.com\/#\/schema\/logo\/image\/","url":"https:\/\/blackholediscos.com\/wp-content\/uploads\/2024\/06\/black-hole-discos-vinis-logo.png","contentUrl":"https:\/\/blackholediscos.com\/wp-content\/uploads\/2024\/06\/black-hole-discos-vinis-logo.png","width":70,"height":66,"caption":"Black Hole Discos"},"image":{"@id":"https:\/\/blackholediscos.com\/#\/schema\/logo\/image\/"},"sameAs":["https:\/\/www.instagram.com\/blackholediscos\/"]}]}},"_links":{"self":[{"href":"https:\/\/blackholediscos.com\/en\/wp-json\/wp\/v2\/product\/2764","targetHints":{"allow":["GET"]}}],"collection":[{"href":"https:\/\/blackholediscos.com\/en\/wp-json\/wp\/v2\/product"}],"about":[{"href":"https:\/\/blackholediscos.com\/en\/wp-json\/wp\/v2\/types\/product"}],"replies":[{"embeddable":true,"href":"https:\/\/blackholediscos.com\/en\/wp-json\/wp\/v2\/comments?post=2764"}],"wp:featuredmedia":[{"embeddable":true,"href":"https:\/\/blackholediscos.com\/en\/wp-json\/wp\/v2\/media\/2735"}],"wp:attachment":[{"href":"https:\/\/blackholediscos.com\/en\/wp-json\/wp\/v2\/media?parent=2764"}],"wp:term":[{"taxonomy":"product_brand","embeddable":true,"href":"https:\/\/blackholediscos.com\/en\/wp-json\/wp\/v2\/product_brand?post=2764"},{"taxonomy":"product_cat","embeddable":true,"href":"https:\/\/blackholediscos.com\/en\/wp-json\/wp\/v2\/product_cat?post=2764"},{"taxonomy":"product_tag","embeddable":true,"href":"https:\/\/blackholediscos.com\/en\/wp-json\/wp\/v2\/product_tag?post=2764"},{"taxonomy":"artista","embeddable":true,"href":"https:\/\/blackholediscos.com\/en\/wp-json\/wp\/v2\/artista?post=2764"},{"taxonomy":"produtora","embeddable":true,"href":"https:\/\/blackholediscos.com\/en\/wp-json\/wp\/v2\/produtora?post=2764"},{"taxonomy":"ano","embeddable":true,"href":"https:\/\/blackholediscos.com\/en\/wp-json\/wp\/v2\/ano?post=2764"}],"curies":[{"name":"wp","href":"https:\/\/api.w.org\/{rel}","templated":true}]}}