{"id":2728,"date":"2024-06-25T00:10:52","date_gmt":"2024-06-25T00:10:52","guid":{"rendered":"https:\/\/blackholediscos.com\/?post_type=product&#038;p=2728"},"modified":"2025-06-28T10:47:51","modified_gmt":"2025-06-28T10:47:51","slug":"mundo-livre-s-a-guentando-a-oia","status":"publish","type":"product","link":"https:\/\/blackholediscos.com\/en\/product\/mundo-livre-s-a-guentando-a-oia\/","title":{"rendered":"Mundo Livre S\/A \u2013 Guentando A \u00d4ia"},"content":{"rendered":"<p>LP aberto em perfeitas condi\u00e7\u00f5es completo com poster original.<\/p>\n<p>Tr\u00eas Selos \u2013 TS-021<\/p>\n<p>A1\t\tFree World<\/p>\n<p>A2\t\tDestruindo A Camada De Oz\u00f4nio<\/p>\n<p>A3\t\tComputadores Fazem Arte<\/p>\n<p>A4\t\tA M\u00fasica Que Os Loucos Ouvem<\/p>\n<p>A5\t\tRoendo Os Restos De Ronald Reagan<\/p>\n<p>A6\t\tLeonor<\/p>\n<p>B1\t\tGirando Em Torno Do Sol<\/p>\n<p>B2\t\tSeu Suor \u00c9 O Melhor De Voc\u00ea<\/p>\n<p>B3\t\tDesafiando Roma<\/p>\n<p>B4\t\tPastilhas Coloridas<\/p>\n<p>B5\t\tGuentando A \u00d4ia<\/p>\n<p>A&#038;R \u2013 Branco Mello, Charles Gavin, S\u00e9rgio Britto<br \/>\nAdapted By [Vinyl] \u2013 Fr\u00e9d\u00e9ric Thiphagne<br \/>\nBass \u2013 F\u00e1bio Malandragem*<br \/>\nCavaquinho, Guitar, Vocals \u2013 Zero Quatro*<br \/>\nCoordinator \u2013 Andr\u00e9 Schivartche<br \/>\nDrum, Backing Vocals \u2013 Tony Regalia*<br \/>\nEngineer [Recording], Mixed By \u2013 Beto Machado<br \/>\nExecutive Producer [Graphics] \u2013 Fr\u00e9d\u00e9ric Thiphagne, Jo\u00e3o Noronha, Rafael Cortes<br \/>\nExecutive Producer, Product Manager \u2013 Renata Maia<br \/>\nExecutive-Producer [Director] \u2013 Brian Butler (10)<br \/>\nGraphic Design, Cover \u2013 Michel Spitale<br \/>\nKeyboards, Guitar, Backing Vocals \u2013 Bact\u00e9ria Maresia*<br \/>\nLacquer Cut By [Runout Etching @] \u2013 William Carvalho<br \/>\nMastered By \u2013 Ricardo Garcia<br \/>\nMusical Assistance \u2013 Havron Wolkoff<br \/>\nPercussion, Backing Vocals \u2013 Otto Fuleiragem*<br \/>\nPhotography By \u2013 Rui Mendes<br \/>\nProducer, Art Direction, Mixed By \u2013 Carlos Eduardo Miranda<br \/>\nRecording Supervisor \u2013 Juninho Star, Laura Brandes, Sydnei De Paula<br \/>\nTechnician \u2013 Criatiano &#8220;Buguinha&#8221; Botelho*<br \/>\nTechnician [Drum] \u2013 Roberto Sileci<br \/>\nTechnician [Guitar] \u2013 Jaques Molina <\/p>\n","protected":false},"excerpt":{"rendered":"<p>LP aberto em perfeitas condi\u00e7\u00f5es completo com poster original. Tr\u00eas Selos \u2013 TS-021 A1 Free World A2 Destruindo A Camada De Oz\u00f4nio A3 Computadores Fazem Arte A4 A M\u00fasica Que Os Loucos Ouvem A5 Roendo Os Restos De Ronald Reagan A6 Leonor B1 Girando Em Torno Do Sol B2 Seu Suor \u00c9 O Melhor De [&hellip;]<\/p>\n","protected":false},"featured_media":2422,"comment_status":"open","ping_status":"closed","template":"","meta":{"_acf_changed":false},"product_brand":[],"product_cat":[575,332,530,78,39,35,173,24,643],"product_tag":[],"artista":[337],"produtora":[644],"ano":[194],"class_list":{"0":"post-2728","1":"product","2":"type-product","3":"status-publish","4":"has-post-thumbnail","6":"product_cat-baiao","7":"product_cat-selos-independentes","8":"product_cat-batucada","9":"product_cat-contemporaneos","10":"product_cat-mpb","11":"product_cat-rock","12":"product_cat-rock-alternativo","13":"product_cat-samba","14":"product_cat-tres-selos","15":"artista-mundo-livre-s-a","16":"produtora-tres-selos","17":"ano-194","19":"first","20":"onbackorder","21":"sold-individually","22":"shipping-taxable","23":"purchasable","24":"product-type-simple"},"acf":[],"yoast_head":"<!-- This site is optimized with the Yoast SEO plugin v27.6 - https:\/\/yoast.com\/product\/yoast-seo-wordpress\/ -->\n<title>Mundo Livre S\/A \u2013 Guentando A \u00d4ia - Black Hole Discos<\/title>\n<meta name=\"robots\" content=\"index, follow, max-snippet:-1, max-image-preview:large, max-video-preview:-1\" \/>\n<link rel=\"canonical\" href=\"https:\/\/blackholediscos.com\/en\/product\/mundo-livre-s-a-guentando-a-oia\/\" \/>\n<meta property=\"og:locale\" content=\"en_US\" \/>\n<meta property=\"og:type\" content=\"article\" \/>\n<meta property=\"og:title\" content=\"Mundo Livre S\/A \u2013 Guentando A \u00d4ia - Black Hole Discos\" \/>\n<meta property=\"og:description\" content=\"LP aberto em perfeitas condi\u00e7\u00f5es completo com poster original. Tr\u00eas Selos \u2013 TS-021 A1 Free World A2 Destruindo A Camada De Oz\u00f4nio A3 Computadores Fazem Arte A4 A M\u00fasica Que Os Loucos Ouvem A5 Roendo Os Restos De Ronald Reagan A6 Leonor B1 Girando Em Torno Do Sol B2 Seu Suor \u00c9 O Melhor De [&hellip;]\" \/>\n<meta property=\"og:url\" content=\"https:\/\/blackholediscos.com\/en\/product\/mundo-livre-s-a-guentando-a-oia\/\" \/>\n<meta property=\"og:site_name\" content=\"Black Hole Discos\" \/>\n<meta property=\"article:publisher\" content=\"https:\/\/www.instagram.com\/blackholediscos\/\" \/>\n<meta property=\"article:modified_time\" content=\"2025-06-28T10:47:51+00:00\" \/>\n<meta property=\"og:image\" content=\"https:\/\/blackholediscos.com\/wp-content\/uploads\/2024\/06\/IMG_5370-scaled.jpeg\" \/>\n\t<meta property=\"og:image:width\" content=\"2560\" \/>\n\t<meta property=\"og:image:height\" content=\"2560\" \/>\n\t<meta property=\"og:image:type\" content=\"image\/jpeg\" \/>\n<meta name=\"twitter:card\" content=\"summary_large_image\" \/>\n<meta name=\"twitter:label1\" content=\"Est. reading time\" \/>\n\t<meta name=\"twitter:data1\" content=\"2 minutes\" \/>\n<script type=\"application\/ld+json\" class=\"yoast-schema-graph\">{\"@context\":\"https:\\\/\\\/schema.org\",\"@graph\":[{\"@type\":\"WebPage\",\"@id\":\"https:\\\/\\\/blackholediscos.com\\\/product\\\/mundo-livre-s-a-guentando-a-oia\\\/\",\"url\":\"https:\\\/\\\/blackholediscos.com\\\/product\\\/mundo-livre-s-a-guentando-a-oia\\\/\",\"name\":\"Mundo Livre S\\\/A \u2013 Guentando A \u00d4ia - Black Hole Discos\",\"isPartOf\":{\"@id\":\"https:\\\/\\\/blackholediscos.com\\\/#website\"},\"primaryImageOfPage\":{\"@id\":\"https:\\\/\\\/blackholediscos.com\\\/product\\\/mundo-livre-s-a-guentando-a-oia\\\/#primaryimage\"},\"image\":{\"@id\":\"https:\\\/\\\/blackholediscos.com\\\/product\\\/mundo-livre-s-a-guentando-a-oia\\\/#primaryimage\"},\"thumbnailUrl\":\"https:\\\/\\\/blackholediscos.com\\\/wp-content\\\/uploads\\\/2024\\\/06\\\/IMG_5370-scaled.jpeg\",\"datePublished\":\"2024-06-25T00:10:52+00:00\",\"dateModified\":\"2025-06-28T10:47:51+00:00\",\"breadcrumb\":{\"@id\":\"https:\\\/\\\/blackholediscos.com\\\/product\\\/mundo-livre-s-a-guentando-a-oia\\\/#breadcrumb\"},\"inLanguage\":\"en-US\",\"potentialAction\":[{\"@type\":\"ReadAction\",\"target\":[\"https:\\\/\\\/blackholediscos.com\\\/product\\\/mundo-livre-s-a-guentando-a-oia\\\/\"]}]},{\"@type\":\"ImageObject\",\"inLanguage\":\"en-US\",\"@id\":\"https:\\\/\\\/blackholediscos.com\\\/product\\\/mundo-livre-s-a-guentando-a-oia\\\/#primaryimage\",\"url\":\"https:\\\/\\\/blackholediscos.com\\\/wp-content\\\/uploads\\\/2024\\\/06\\\/IMG_5370-scaled.jpeg\",\"contentUrl\":\"https:\\\/\\\/blackholediscos.com\\\/wp-content\\\/uploads\\\/2024\\\/06\\\/IMG_5370-scaled.jpeg\",\"width\":2560,\"height\":2560},{\"@type\":\"BreadcrumbList\",\"@id\":\"https:\\\/\\\/blackholediscos.com\\\/product\\\/mundo-livre-s-a-guentando-a-oia\\\/#breadcrumb\",\"itemListElement\":[{\"@type\":\"ListItem\",\"position\":1,\"name\":\"In\u00edcio\",\"item\":\"https:\\\/\\\/blackholediscos.com\\\/\"},{\"@type\":\"ListItem\",\"position\":2,\"name\":\"Shop\",\"item\":\"https:\\\/\\\/blackholediscos.com\\\/shop\\\/\"},{\"@type\":\"ListItem\",\"position\":3,\"name\":\"Mundo Livre S\\\/A \u2013 Guentando A \u00d4ia\"}]},{\"@type\":\"WebSite\",\"@id\":\"https:\\\/\\\/blackholediscos.com\\\/#website\",\"url\":\"https:\\\/\\\/blackholediscos.com\\\/\",\"name\":\"Black Hole Discos\",\"description\":\"Brazilian music LPs\",\"publisher\":{\"@id\":\"https:\\\/\\\/blackholediscos.com\\\/#organization\"},\"potentialAction\":[{\"@type\":\"SearchAction\",\"target\":{\"@type\":\"EntryPoint\",\"urlTemplate\":\"https:\\\/\\\/blackholediscos.com\\\/?s={search_term_string}\"},\"query-input\":{\"@type\":\"PropertyValueSpecification\",\"valueRequired\":true,\"valueName\":\"search_term_string\"}}],\"inLanguage\":\"en-US\"},{\"@type\":\"Organization\",\"@id\":\"https:\\\/\\\/blackholediscos.com\\\/#organization\",\"name\":\"Black Hole Discos\",\"url\":\"https:\\\/\\\/blackholediscos.com\\\/\",\"logo\":{\"@type\":\"ImageObject\",\"inLanguage\":\"en-US\",\"@id\":\"https:\\\/\\\/blackholediscos.com\\\/#\\\/schema\\\/logo\\\/image\\\/\",\"url\":\"https:\\\/\\\/blackholediscos.com\\\/wp-content\\\/uploads\\\/2024\\\/06\\\/black-hole-discos-vinis-logo.png\",\"contentUrl\":\"https:\\\/\\\/blackholediscos.com\\\/wp-content\\\/uploads\\\/2024\\\/06\\\/black-hole-discos-vinis-logo.png\",\"width\":70,\"height\":66,\"caption\":\"Black Hole Discos\"},\"image\":{\"@id\":\"https:\\\/\\\/blackholediscos.com\\\/#\\\/schema\\\/logo\\\/image\\\/\"},\"sameAs\":[\"https:\\\/\\\/www.instagram.com\\\/blackholediscos\\\/\"]}]}<\/script>\n<!-- \/ Yoast SEO plugin. -->","yoast_head_json":{"title":"Mundo Livre S\/A \u2013 Guentando A \u00d4ia - Black Hole Discos","robots":{"index":"index","follow":"follow","max-snippet":"max-snippet:-1","max-image-preview":"max-image-preview:large","max-video-preview":"max-video-preview:-1"},"canonical":"https:\/\/blackholediscos.com\/en\/product\/mundo-livre-s-a-guentando-a-oia\/","og_locale":"en_US","og_type":"article","og_title":"Mundo Livre S\/A \u2013 Guentando A \u00d4ia - Black Hole Discos","og_description":"LP aberto em perfeitas condi\u00e7\u00f5es completo com poster original. Tr\u00eas Selos \u2013 TS-021 A1 Free World A2 Destruindo A Camada De Oz\u00f4nio A3 Computadores Fazem Arte A4 A M\u00fasica Que Os Loucos Ouvem A5 Roendo Os Restos De Ronald Reagan A6 Leonor B1 Girando Em Torno Do Sol B2 Seu Suor \u00c9 O Melhor De [&hellip;]","og_url":"https:\/\/blackholediscos.com\/en\/product\/mundo-livre-s-a-guentando-a-oia\/","og_site_name":"Black Hole Discos","article_publisher":"https:\/\/www.instagram.com\/blackholediscos\/","article_modified_time":"2025-06-28T10:47:51+00:00","og_image":[{"width":2560,"height":2560,"url":"https:\/\/blackholediscos.com\/wp-content\/uploads\/2024\/06\/IMG_5370-scaled.jpeg","type":"image\/jpeg"}],"twitter_card":"summary_large_image","twitter_misc":{"Est. reading time":"2 minutes"},"schema":{"@context":"https:\/\/schema.org","@graph":[{"@type":"WebPage","@id":"https:\/\/blackholediscos.com\/product\/mundo-livre-s-a-guentando-a-oia\/","url":"https:\/\/blackholediscos.com\/product\/mundo-livre-s-a-guentando-a-oia\/","name":"Mundo Livre S\/A \u2013 Guentando A \u00d4ia - Black Hole Discos","isPartOf":{"@id":"https:\/\/blackholediscos.com\/#website"},"primaryImageOfPage":{"@id":"https:\/\/blackholediscos.com\/product\/mundo-livre-s-a-guentando-a-oia\/#primaryimage"},"image":{"@id":"https:\/\/blackholediscos.com\/product\/mundo-livre-s-a-guentando-a-oia\/#primaryimage"},"thumbnailUrl":"https:\/\/blackholediscos.com\/wp-content\/uploads\/2024\/06\/IMG_5370-scaled.jpeg","datePublished":"2024-06-25T00:10:52+00:00","dateModified":"2025-06-28T10:47:51+00:00","breadcrumb":{"@id":"https:\/\/blackholediscos.com\/product\/mundo-livre-s-a-guentando-a-oia\/#breadcrumb"},"inLanguage":"en-US","potentialAction":[{"@type":"ReadAction","target":["https:\/\/blackholediscos.com\/product\/mundo-livre-s-a-guentando-a-oia\/"]}]},{"@type":"ImageObject","inLanguage":"en-US","@id":"https:\/\/blackholediscos.com\/product\/mundo-livre-s-a-guentando-a-oia\/#primaryimage","url":"https:\/\/blackholediscos.com\/wp-content\/uploads\/2024\/06\/IMG_5370-scaled.jpeg","contentUrl":"https:\/\/blackholediscos.com\/wp-content\/uploads\/2024\/06\/IMG_5370-scaled.jpeg","width":2560,"height":2560},{"@type":"BreadcrumbList","@id":"https:\/\/blackholediscos.com\/product\/mundo-livre-s-a-guentando-a-oia\/#breadcrumb","itemListElement":[{"@type":"ListItem","position":1,"name":"In\u00edcio","item":"https:\/\/blackholediscos.com\/"},{"@type":"ListItem","position":2,"name":"Shop","item":"https:\/\/blackholediscos.com\/shop\/"},{"@type":"ListItem","position":3,"name":"Mundo Livre S\/A \u2013 Guentando A \u00d4ia"}]},{"@type":"WebSite","@id":"https:\/\/blackholediscos.com\/#website","url":"https:\/\/blackholediscos.com\/","name":"Black Hole Discos","description":"Brazilian music LPs","publisher":{"@id":"https:\/\/blackholediscos.com\/#organization"},"potentialAction":[{"@type":"SearchAction","target":{"@type":"EntryPoint","urlTemplate":"https:\/\/blackholediscos.com\/?s={search_term_string}"},"query-input":{"@type":"PropertyValueSpecification","valueRequired":true,"valueName":"search_term_string"}}],"inLanguage":"en-US"},{"@type":"Organization","@id":"https:\/\/blackholediscos.com\/#organization","name":"Black Hole Discos","url":"https:\/\/blackholediscos.com\/","logo":{"@type":"ImageObject","inLanguage":"en-US","@id":"https:\/\/blackholediscos.com\/#\/schema\/logo\/image\/","url":"https:\/\/blackholediscos.com\/wp-content\/uploads\/2024\/06\/black-hole-discos-vinis-logo.png","contentUrl":"https:\/\/blackholediscos.com\/wp-content\/uploads\/2024\/06\/black-hole-discos-vinis-logo.png","width":70,"height":66,"caption":"Black Hole Discos"},"image":{"@id":"https:\/\/blackholediscos.com\/#\/schema\/logo\/image\/"},"sameAs":["https:\/\/www.instagram.com\/blackholediscos\/"]}]}},"_links":{"self":[{"href":"https:\/\/blackholediscos.com\/en\/wp-json\/wp\/v2\/product\/2728","targetHints":{"allow":["GET"]}}],"collection":[{"href":"https:\/\/blackholediscos.com\/en\/wp-json\/wp\/v2\/product"}],"about":[{"href":"https:\/\/blackholediscos.com\/en\/wp-json\/wp\/v2\/types\/product"}],"replies":[{"embeddable":true,"href":"https:\/\/blackholediscos.com\/en\/wp-json\/wp\/v2\/comments?post=2728"}],"wp:featuredmedia":[{"embeddable":true,"href":"https:\/\/blackholediscos.com\/en\/wp-json\/wp\/v2\/media\/2422"}],"wp:attachment":[{"href":"https:\/\/blackholediscos.com\/en\/wp-json\/wp\/v2\/media?parent=2728"}],"wp:term":[{"taxonomy":"product_brand","embeddable":true,"href":"https:\/\/blackholediscos.com\/en\/wp-json\/wp\/v2\/product_brand?post=2728"},{"taxonomy":"product_cat","embeddable":true,"href":"https:\/\/blackholediscos.com\/en\/wp-json\/wp\/v2\/product_cat?post=2728"},{"taxonomy":"product_tag","embeddable":true,"href":"https:\/\/blackholediscos.com\/en\/wp-json\/wp\/v2\/product_tag?post=2728"},{"taxonomy":"artista","embeddable":true,"href":"https:\/\/blackholediscos.com\/en\/wp-json\/wp\/v2\/artista?post=2728"},{"taxonomy":"produtora","embeddable":true,"href":"https:\/\/blackholediscos.com\/en\/wp-json\/wp\/v2\/produtora?post=2728"},{"taxonomy":"ano","embeddable":true,"href":"https:\/\/blackholediscos.com\/en\/wp-json\/wp\/v2\/ano?post=2728"}],"curies":[{"name":"wp","href":"https:\/\/api.w.org\/{rel}","templated":true}]}}