{"id":2708,"date":"2024-06-25T00:04:01","date_gmt":"2024-06-25T00:04:01","guid":{"rendered":"https:\/\/blackholediscos.com\/?post_type=product&#038;p=2708"},"modified":"2024-06-29T13:23:58","modified_gmt":"2024-06-29T13:23:58","slug":"curumin-boca","status":"publish","type":"product","link":"https:\/\/blackholediscos.com\/en\/product\/curumin-boca\/","title":{"rendered":"Curumin \u2013 Boca"},"content":{"rendered":"<p>LP aberto em perfeitas condi\u00e7\u00f5es.<\/p>\n<p>A1\t\tBora Passear<br \/>\nWritten-By \u2013 Curumin<br \/>\n3:50<br \/>\nA2\t\tTrecho de &#8220;O Burgu\u00eas Que Deu Errado&#8221;\t0:41<br \/>\nA3\t\tBoca Pequena Parte 1<br \/>\nWritten-By \u2013 Curumin<br \/>\n3:25<br \/>\nA4\t\tBoca Pequena Parte 2<br \/>\nWritten-By \u2013 Russo Passapusso<br \/>\n1:41<br \/>\nA5\t\tPrata, Ferro, Barro<br \/>\nWritten-By \u2013 Curumin<br \/>\n3:48<br \/>\nA6\t\tTerr\u00edvel<br \/>\nWritten-By \u2013 Curumin, Russo Passapusso<br \/>\n3:55<br \/>\nA7\t\tO Atrito<br \/>\nWritten-By \u2013 Curumin<br \/>\n0:46<br \/>\nB1\t\tBoca de Groselha<br \/>\nWritten-By \u2013 Curumin<br \/>\n3:38<br \/>\nB2\t\tTramela<br \/>\nWritten-By \u2013 Curumin, Rico Dalasam<br \/>\n1:16<br \/>\nB3\t\tCabe\u00e7a<br \/>\nWritten-By \u2013 Curumin<br \/>\n2:52<br \/>\nB4\t\tDescendo<br \/>\nWritten-By \u2013 Curumin<br \/>\n0:52<br \/>\nB5\t\tBoca Cheia<br \/>\nWritten-By \u2013 Curumin, Indee Styla<br \/>\n3:35<br \/>\nB6\t\tPa\u00e7oca<br \/>\nWritten-By \u2013 Andreia Dias, Anelis Assump\u00e7\u00e3o, Curumin, Iara Renn\u00f3, Max B.O. <\/p>","protected":false},"excerpt":{"rendered":"<p>LP aberto em perfeitas condi\u00e7\u00f5es. A1 Bora Passear Written-By \u2013 Curumin 3:50 A2 Trecho de &#8220;O Burgu\u00eas Que Deu Errado&#8221; 0:41 A3 Boca Pequena Parte 1 Written-By \u2013 Curumin 3:25 A4 Boca Pequena Parte 2 Written-By \u2013 Russo Passapusso 1:41 A5 Prata, Ferro, Barro Written-By \u2013 Curumin 3:48 A6 Terr\u00edvel Written-By \u2013 Curumin, Russo Passapusso [&hellip;]<\/p>\n","protected":false},"featured_media":2709,"comment_status":"open","ping_status":"closed","template":"","meta":{"_acf_changed":false},"product_brand":[],"product_cat":[131,332,78,39,48],"product_tag":[],"artista":[364],"produtora":[],"ano":[336],"class_list":{"0":"post-2708","1":"product","2":"type-product","3":"status-publish","4":"has-post-thumbnail","6":"product_cat-afrobrasilidade","7":"product_cat-selos-independentes","8":"product_cat-contemporaneos","9":"product_cat-mpb","10":"product_cat-psicodelia","11":"artista-curumin","12":"ano-336","14":"first","15":"instock","16":"shipping-taxable","17":"purchasable","18":"product-type-simple"},"acf":[],"yoast_head":"<!-- This site is optimized with the Yoast SEO plugin v27.4 - https:\/\/yoast.com\/product\/yoast-seo-wordpress\/ -->\n<title>Curumin \u2013 Boca - Black Hole Discos<\/title>\n<meta name=\"robots\" content=\"index, follow, max-snippet:-1, max-image-preview:large, max-video-preview:-1\" \/>\n<link rel=\"canonical\" href=\"https:\/\/blackholediscos.com\/en\/product\/curumin-boca\/\" \/>\n<meta property=\"og:locale\" content=\"en_US\" \/>\n<meta property=\"og:type\" content=\"article\" \/>\n<meta property=\"og:title\" content=\"Curumin \u2013 Boca - Black Hole Discos\" \/>\n<meta property=\"og:description\" content=\"LP aberto em perfeitas condi\u00e7\u00f5es. A1 Bora Passear Written-By \u2013 Curumin 3:50 A2 Trecho de &#8220;O Burgu\u00eas Que Deu Errado&#8221; 0:41 A3 Boca Pequena Parte 1 Written-By \u2013 Curumin 3:25 A4 Boca Pequena Parte 2 Written-By \u2013 Russo Passapusso 1:41 A5 Prata, Ferro, Barro Written-By \u2013 Curumin 3:48 A6 Terr\u00edvel Written-By \u2013 Curumin, Russo Passapusso [&hellip;]\" \/>\n<meta property=\"og:url\" content=\"https:\/\/blackholediscos.com\/en\/product\/curumin-boca\/\" \/>\n<meta property=\"og:site_name\" content=\"Black Hole Discos\" \/>\n<meta property=\"article:publisher\" content=\"https:\/\/www.instagram.com\/blackholediscos\/\" \/>\n<meta property=\"article:modified_time\" content=\"2024-06-29T13:23:58+00:00\" \/>\n<meta property=\"og:image\" content=\"https:\/\/blackholediscos.com\/wp-content\/uploads\/2024\/06\/IMG_5461-scaled.jpg\" \/>\n\t<meta property=\"og:image:width\" content=\"2560\" \/>\n\t<meta property=\"og:image:height\" content=\"2560\" \/>\n\t<meta property=\"og:image:type\" content=\"image\/jpeg\" \/>\n<meta name=\"twitter:card\" content=\"summary_large_image\" \/>\n<meta name=\"twitter:label1\" content=\"Est. reading time\" \/>\n\t<meta name=\"twitter:data1\" content=\"1 minute\" \/>\n<script type=\"application\/ld+json\" class=\"yoast-schema-graph\">{\"@context\":\"https:\\\/\\\/schema.org\",\"@graph\":[{\"@type\":\"WebPage\",\"@id\":\"https:\\\/\\\/blackholediscos.com\\\/product\\\/curumin-boca\\\/\",\"url\":\"https:\\\/\\\/blackholediscos.com\\\/product\\\/curumin-boca\\\/\",\"name\":\"Curumin \u2013 Boca - Black Hole Discos\",\"isPartOf\":{\"@id\":\"https:\\\/\\\/blackholediscos.com\\\/#website\"},\"primaryImageOfPage\":{\"@id\":\"https:\\\/\\\/blackholediscos.com\\\/product\\\/curumin-boca\\\/#primaryimage\"},\"image\":{\"@id\":\"https:\\\/\\\/blackholediscos.com\\\/product\\\/curumin-boca\\\/#primaryimage\"},\"thumbnailUrl\":\"https:\\\/\\\/blackholediscos.com\\\/wp-content\\\/uploads\\\/2024\\\/06\\\/IMG_5461-scaled.jpg\",\"datePublished\":\"2024-06-25T00:04:01+00:00\",\"dateModified\":\"2024-06-29T13:23:58+00:00\",\"breadcrumb\":{\"@id\":\"https:\\\/\\\/blackholediscos.com\\\/product\\\/curumin-boca\\\/#breadcrumb\"},\"inLanguage\":\"en-US\",\"potentialAction\":[{\"@type\":\"ReadAction\",\"target\":[\"https:\\\/\\\/blackholediscos.com\\\/product\\\/curumin-boca\\\/\"]}]},{\"@type\":\"ImageObject\",\"inLanguage\":\"en-US\",\"@id\":\"https:\\\/\\\/blackholediscos.com\\\/product\\\/curumin-boca\\\/#primaryimage\",\"url\":\"https:\\\/\\\/blackholediscos.com\\\/wp-content\\\/uploads\\\/2024\\\/06\\\/IMG_5461-scaled.jpg\",\"contentUrl\":\"https:\\\/\\\/blackholediscos.com\\\/wp-content\\\/uploads\\\/2024\\\/06\\\/IMG_5461-scaled.jpg\",\"width\":2560,\"height\":2560},{\"@type\":\"BreadcrumbList\",\"@id\":\"https:\\\/\\\/blackholediscos.com\\\/product\\\/curumin-boca\\\/#breadcrumb\",\"itemListElement\":[{\"@type\":\"ListItem\",\"position\":1,\"name\":\"In\u00edcio\",\"item\":\"https:\\\/\\\/blackholediscos.com\\\/\"},{\"@type\":\"ListItem\",\"position\":2,\"name\":\"Shop\",\"item\":\"https:\\\/\\\/blackholediscos.com\\\/shop\\\/\"},{\"@type\":\"ListItem\",\"position\":3,\"name\":\"Curumin \u2013 Boca\"}]},{\"@type\":\"WebSite\",\"@id\":\"https:\\\/\\\/blackholediscos.com\\\/#website\",\"url\":\"https:\\\/\\\/blackholediscos.com\\\/\",\"name\":\"Black Hole Discos\",\"description\":\"Brazilian music LPs\",\"publisher\":{\"@id\":\"https:\\\/\\\/blackholediscos.com\\\/#organization\"},\"potentialAction\":[{\"@type\":\"SearchAction\",\"target\":{\"@type\":\"EntryPoint\",\"urlTemplate\":\"https:\\\/\\\/blackholediscos.com\\\/?s={search_term_string}\"},\"query-input\":{\"@type\":\"PropertyValueSpecification\",\"valueRequired\":true,\"valueName\":\"search_term_string\"}}],\"inLanguage\":\"en-US\"},{\"@type\":\"Organization\",\"@id\":\"https:\\\/\\\/blackholediscos.com\\\/#organization\",\"name\":\"Black Hole Discos\",\"url\":\"https:\\\/\\\/blackholediscos.com\\\/\",\"logo\":{\"@type\":\"ImageObject\",\"inLanguage\":\"en-US\",\"@id\":\"https:\\\/\\\/blackholediscos.com\\\/#\\\/schema\\\/logo\\\/image\\\/\",\"url\":\"https:\\\/\\\/blackholediscos.com\\\/wp-content\\\/uploads\\\/2024\\\/06\\\/black-hole-discos-vinis-logo.png\",\"contentUrl\":\"https:\\\/\\\/blackholediscos.com\\\/wp-content\\\/uploads\\\/2024\\\/06\\\/black-hole-discos-vinis-logo.png\",\"width\":70,\"height\":66,\"caption\":\"Black Hole Discos\"},\"image\":{\"@id\":\"https:\\\/\\\/blackholediscos.com\\\/#\\\/schema\\\/logo\\\/image\\\/\"},\"sameAs\":[\"https:\\\/\\\/www.instagram.com\\\/blackholediscos\\\/\"]}]}<\/script>\n<!-- \/ Yoast SEO plugin. -->","yoast_head_json":{"title":"Curumin \u2013 Boca - Black Hole Discos","robots":{"index":"index","follow":"follow","max-snippet":"max-snippet:-1","max-image-preview":"max-image-preview:large","max-video-preview":"max-video-preview:-1"},"canonical":"https:\/\/blackholediscos.com\/en\/product\/curumin-boca\/","og_locale":"en_US","og_type":"article","og_title":"Curumin \u2013 Boca - Black Hole Discos","og_description":"LP aberto em perfeitas condi\u00e7\u00f5es. A1 Bora Passear Written-By \u2013 Curumin 3:50 A2 Trecho de &#8220;O Burgu\u00eas Que Deu Errado&#8221; 0:41 A3 Boca Pequena Parte 1 Written-By \u2013 Curumin 3:25 A4 Boca Pequena Parte 2 Written-By \u2013 Russo Passapusso 1:41 A5 Prata, Ferro, Barro Written-By \u2013 Curumin 3:48 A6 Terr\u00edvel Written-By \u2013 Curumin, Russo Passapusso [&hellip;]","og_url":"https:\/\/blackholediscos.com\/en\/product\/curumin-boca\/","og_site_name":"Black Hole Discos","article_publisher":"https:\/\/www.instagram.com\/blackholediscos\/","article_modified_time":"2024-06-29T13:23:58+00:00","og_image":[{"width":2560,"height":2560,"url":"https:\/\/blackholediscos.com\/wp-content\/uploads\/2024\/06\/IMG_5461-scaled.jpg","type":"image\/jpeg"}],"twitter_card":"summary_large_image","twitter_misc":{"Est. reading time":"1 minute"},"schema":{"@context":"https:\/\/schema.org","@graph":[{"@type":"WebPage","@id":"https:\/\/blackholediscos.com\/product\/curumin-boca\/","url":"https:\/\/blackholediscos.com\/product\/curumin-boca\/","name":"Curumin \u2013 Boca - Black Hole Discos","isPartOf":{"@id":"https:\/\/blackholediscos.com\/#website"},"primaryImageOfPage":{"@id":"https:\/\/blackholediscos.com\/product\/curumin-boca\/#primaryimage"},"image":{"@id":"https:\/\/blackholediscos.com\/product\/curumin-boca\/#primaryimage"},"thumbnailUrl":"https:\/\/blackholediscos.com\/wp-content\/uploads\/2024\/06\/IMG_5461-scaled.jpg","datePublished":"2024-06-25T00:04:01+00:00","dateModified":"2024-06-29T13:23:58+00:00","breadcrumb":{"@id":"https:\/\/blackholediscos.com\/product\/curumin-boca\/#breadcrumb"},"inLanguage":"en-US","potentialAction":[{"@type":"ReadAction","target":["https:\/\/blackholediscos.com\/product\/curumin-boca\/"]}]},{"@type":"ImageObject","inLanguage":"en-US","@id":"https:\/\/blackholediscos.com\/product\/curumin-boca\/#primaryimage","url":"https:\/\/blackholediscos.com\/wp-content\/uploads\/2024\/06\/IMG_5461-scaled.jpg","contentUrl":"https:\/\/blackholediscos.com\/wp-content\/uploads\/2024\/06\/IMG_5461-scaled.jpg","width":2560,"height":2560},{"@type":"BreadcrumbList","@id":"https:\/\/blackholediscos.com\/product\/curumin-boca\/#breadcrumb","itemListElement":[{"@type":"ListItem","position":1,"name":"In\u00edcio","item":"https:\/\/blackholediscos.com\/"},{"@type":"ListItem","position":2,"name":"Shop","item":"https:\/\/blackholediscos.com\/shop\/"},{"@type":"ListItem","position":3,"name":"Curumin \u2013 Boca"}]},{"@type":"WebSite","@id":"https:\/\/blackholediscos.com\/#website","url":"https:\/\/blackholediscos.com\/","name":"Black Hole Discos","description":"Brazilian music LPs","publisher":{"@id":"https:\/\/blackholediscos.com\/#organization"},"potentialAction":[{"@type":"SearchAction","target":{"@type":"EntryPoint","urlTemplate":"https:\/\/blackholediscos.com\/?s={search_term_string}"},"query-input":{"@type":"PropertyValueSpecification","valueRequired":true,"valueName":"search_term_string"}}],"inLanguage":"en-US"},{"@type":"Organization","@id":"https:\/\/blackholediscos.com\/#organization","name":"Black Hole Discos","url":"https:\/\/blackholediscos.com\/","logo":{"@type":"ImageObject","inLanguage":"en-US","@id":"https:\/\/blackholediscos.com\/#\/schema\/logo\/image\/","url":"https:\/\/blackholediscos.com\/wp-content\/uploads\/2024\/06\/black-hole-discos-vinis-logo.png","contentUrl":"https:\/\/blackholediscos.com\/wp-content\/uploads\/2024\/06\/black-hole-discos-vinis-logo.png","width":70,"height":66,"caption":"Black Hole Discos"},"image":{"@id":"https:\/\/blackholediscos.com\/#\/schema\/logo\/image\/"},"sameAs":["https:\/\/www.instagram.com\/blackholediscos\/"]}]}},"_links":{"self":[{"href":"https:\/\/blackholediscos.com\/en\/wp-json\/wp\/v2\/product\/2708","targetHints":{"allow":["GET"]}}],"collection":[{"href":"https:\/\/blackholediscos.com\/en\/wp-json\/wp\/v2\/product"}],"about":[{"href":"https:\/\/blackholediscos.com\/en\/wp-json\/wp\/v2\/types\/product"}],"replies":[{"embeddable":true,"href":"https:\/\/blackholediscos.com\/en\/wp-json\/wp\/v2\/comments?post=2708"}],"wp:featuredmedia":[{"embeddable":true,"href":"https:\/\/blackholediscos.com\/en\/wp-json\/wp\/v2\/media\/2709"}],"wp:attachment":[{"href":"https:\/\/blackholediscos.com\/en\/wp-json\/wp\/v2\/media?parent=2708"}],"wp:term":[{"taxonomy":"product_brand","embeddable":true,"href":"https:\/\/blackholediscos.com\/en\/wp-json\/wp\/v2\/product_brand?post=2708"},{"taxonomy":"product_cat","embeddable":true,"href":"https:\/\/blackholediscos.com\/en\/wp-json\/wp\/v2\/product_cat?post=2708"},{"taxonomy":"product_tag","embeddable":true,"href":"https:\/\/blackholediscos.com\/en\/wp-json\/wp\/v2\/product_tag?post=2708"},{"taxonomy":"artista","embeddable":true,"href":"https:\/\/blackholediscos.com\/en\/wp-json\/wp\/v2\/artista?post=2708"},{"taxonomy":"produtora","embeddable":true,"href":"https:\/\/blackholediscos.com\/en\/wp-json\/wp\/v2\/produtora?post=2708"},{"taxonomy":"ano","embeddable":true,"href":"https:\/\/blackholediscos.com\/en\/wp-json\/wp\/v2\/ano?post=2708"}],"curies":[{"name":"wp","href":"https:\/\/api.w.org\/{rel}","templated":true}]}}