{"id":2700,"date":"2024-06-24T22:05:19","date_gmt":"2024-06-24T22:05:19","guid":{"rendered":"https:\/\/blackholediscos.com\/?post_type=product&#038;p=2700"},"modified":"2025-03-22T11:47:05","modified_gmt":"2025-03-22T11:47:05","slug":"cicero-cancoes-de-apartamento","status":"publish","type":"product","link":"https:\/\/blackholediscos.com\/en\/product\/cicero-cancoes-de-apartamento\/","title":{"rendered":"C\u00edcero \u2013 Can\u00e7\u00f5es De Apartamento"},"content":{"rendered":"<p>LP Lacrado de f\u00e1brica. <\/p>\n<p>Polysom \u2013 33143-1<\/p>\n<p>A1\t\tTempo De Pipa<br \/>\nAccordion \u2013 Bruno Schulz (3)<br \/>\nAcoustic Guitar, Guitar, Bass, Piano \u2013 C\u00edcero<br \/>\nDrums \u2013 Paulo Marinho (2)<br \/>\nMusic By, Lyrics By \u2013 C\u00edcero<br \/>\nVocals \u2013 C\u00edcero<br \/>\nA2\t\tVagalumes Cegos<br \/>\nAccordion \u2013 Bruno Schulz (3)<br \/>\nAcoustic Guitar, Guitar, Bass \u2013 C\u00edcero<br \/>\nDrums \u2013 Paulo Marinho (2)<br \/>\nMusic By, Lyrics By \u2013 C\u00edcero<br \/>\nVocals \u2013 C\u00edcero<br \/>\nA3\t\tCec\u00edlia &#038; Os Bal\u00f5es<br \/>\nAccordion, Piano \u2013 Bruno Schulz (3)<br \/>\nAcoustic Guitar, Guitar, Bass \u2013 C\u00edcero<br \/>\nDrums \u2013 Paulo Marinho (2)<br \/>\nMusic By, Lyrics By \u2013 C\u00edcero<br \/>\nVocals \u2013 C\u00edcero<br \/>\nA4\t\tJo\u00e3o E O P\u00e9 De Feij\u00e3o<br \/>\nAcoustic Guitar, Guitar, Bass, Tamborim \u2013 C\u00edcero<br \/>\nDrums \u2013 Paulo Marinho (2)<br \/>\nMusic By, Lyrics By \u2013 C\u00edcero<br \/>\nVocals, Backing Vocals \u2013 C\u00edcero<br \/>\nA5\t\tEnsaio Sobre Ela<br \/>\nAccordion \u2013 Bruno Schulz (3)<br \/>\nAcoustic Guitar, Guitar, Bass \u2013 C\u00edcero<br \/>\nDrums \u2013 Paulo Marinho (2)<br \/>\nMusic By, Lyrics By \u2013 C\u00edcero<br \/>\nVocals \u2013 C\u00edcero<br \/>\nB1\t\tA\u00e7\u00facar Ou Ado\u00e7ante<br \/>\nAcoustic Guitar, Guitar, Bass, Piano \u2013 C\u00edcero<br \/>\nDrums \u2013 Paulo Marinho (2)<br \/>\nMusic By, Lyrics By \u2013 C\u00edcero<br \/>\nVocals \u2013 C\u00edcero<br \/>\nB2\t\tEu N\u00e3o Tenho Um Barco, Disse A \u00c1rvore<br \/>\nAcoustic Guitar, Guitar, Bass \u2013 C\u00edcero<br \/>\nDrums \u2013 Paulo Marinho (2)<br \/>\nLyrics By \u2013 C\u00edcero<br \/>\nMusic By \u2013 C\u00edcero, Jorge Junior<br \/>\nPiano \u2013 Bruno Schulz (3)<br \/>\nVocals \u2013 C\u00edcero<br \/>\nB3\t\tLai\u00e1 Lai\u00e1<br \/>\nAcoustic Guitar, Guitar, Bass, Piano \u2013 C\u00edcero<br \/>\nBacking Vocals \u2013 Bruno Schulz (3), C\u00edcero<br \/>\nDrums \u2013 Paulo Marinho (2)<br \/>\nMusic By, Lyrics By \u2013 C\u00edcero<br \/>\nVocals \u2013 C\u00edcero<br \/>\nB4\t\tPelo Interfone<br \/>\nAcoustic Guitar, Guitar, Piano \u2013 C\u00edcero<br \/>\nDrums \u2013 Paulo Marinho (2)<br \/>\nMusic By, Lyrics By \u2013 C\u00edcero<br \/>\nVocals \u2013 C\u00edcero<br \/>\nB5\t\tPonto Cego<br \/>\nAccordion \u2013 Bruno Schulz (3)<br \/>\nAcoustic Guitar, Guitar, Percussion \u2013 C\u00edcero<br \/>\nBacking Vocals \u2013 Bruno Schulz (3), C\u00edcero<br \/>\nHandclaps \u2013 Bruno Schulz (3), C\u00edcero<br \/>\nMusic By, Lyrics By \u2013 C\u00edcero<br \/>\nVocals \u2013 C\u00edcero<\/p>","protected":false},"excerpt":{"rendered":"<p>LP Lacrado de f\u00e1brica. Polysom \u2013 33143-1 A1 Tempo De Pipa Accordion \u2013 Bruno Schulz (3) Acoustic Guitar, Guitar, Bass, Piano \u2013 C\u00edcero Drums \u2013 Paulo Marinho (2) Music By, Lyrics By \u2013 C\u00edcero Vocals \u2013 C\u00edcero A2 Vagalumes Cegos Accordion \u2013 Bruno Schulz (3) Acoustic Guitar, Guitar, Bass \u2013 C\u00edcero Drums \u2013 Paulo Marinho [&hellip;]<\/p>\n","protected":false},"featured_media":2703,"comment_status":"open","ping_status":"closed","template":"","meta":{"_acf_changed":false},"product_brand":[],"product_cat":[332,78,508,39,173,310],"product_tag":[],"artista":[655],"produtora":[144],"ano":[246],"class_list":{"0":"post-2700","1":"product","2":"type-product","3":"status-publish","4":"has-post-thumbnail","6":"product_cat-selos-independentes","7":"product_cat-contemporaneos","8":"product_cat-folk-rock","9":"product_cat-mpb","10":"product_cat-rock-alternativo","11":"product_cat-tropicalia","12":"artista-cicero","13":"produtora-polysom","14":"ano-246","16":"first","17":"outofstock","18":"shipping-taxable","19":"purchasable","20":"product-type-simple"},"acf":[],"yoast_head":"<!-- This site is optimized with the Yoast SEO plugin v27.4 - https:\/\/yoast.com\/product\/yoast-seo-wordpress\/ -->\n<title>C\u00edcero \u2013 Can\u00e7\u00f5es De Apartamento - Black Hole Discos<\/title>\n<meta name=\"robots\" content=\"index, follow, max-snippet:-1, max-image-preview:large, max-video-preview:-1\" \/>\n<link rel=\"canonical\" href=\"https:\/\/blackholediscos.com\/en\/product\/cicero-cancoes-de-apartamento\/\" \/>\n<meta property=\"og:locale\" content=\"en_US\" \/>\n<meta property=\"og:type\" content=\"article\" \/>\n<meta property=\"og:title\" content=\"C\u00edcero \u2013 Can\u00e7\u00f5es De Apartamento - Black Hole Discos\" \/>\n<meta property=\"og:description\" content=\"LP Lacrado de f\u00e1brica. Polysom \u2013 33143-1 A1 Tempo De Pipa Accordion \u2013 Bruno Schulz (3) Acoustic Guitar, Guitar, Bass, Piano \u2013 C\u00edcero Drums \u2013 Paulo Marinho (2) Music By, Lyrics By \u2013 C\u00edcero Vocals \u2013 C\u00edcero A2 Vagalumes Cegos Accordion \u2013 Bruno Schulz (3) Acoustic Guitar, Guitar, Bass \u2013 C\u00edcero Drums \u2013 Paulo Marinho [&hellip;]\" \/>\n<meta property=\"og:url\" content=\"https:\/\/blackholediscos.com\/en\/product\/cicero-cancoes-de-apartamento\/\" \/>\n<meta property=\"og:site_name\" content=\"Black Hole Discos\" \/>\n<meta property=\"article:publisher\" content=\"https:\/\/www.instagram.com\/blackholediscos\/\" \/>\n<meta property=\"article:modified_time\" content=\"2025-03-22T11:47:05+00:00\" \/>\n<meta property=\"og:image\" content=\"https:\/\/blackholediscos.com\/wp-content\/uploads\/2024\/06\/IMG_5469-scaled.jpg\" \/>\n\t<meta property=\"og:image:width\" content=\"2560\" \/>\n\t<meta property=\"og:image:height\" content=\"2560\" \/>\n\t<meta property=\"og:image:type\" content=\"image\/jpeg\" \/>\n<meta name=\"twitter:card\" content=\"summary_large_image\" \/>\n<meta name=\"twitter:label1\" content=\"Est. reading time\" \/>\n\t<meta name=\"twitter:data1\" content=\"2 minutes\" \/>\n<script type=\"application\/ld+json\" class=\"yoast-schema-graph\">{\"@context\":\"https:\\\/\\\/schema.org\",\"@graph\":[{\"@type\":\"WebPage\",\"@id\":\"https:\\\/\\\/blackholediscos.com\\\/product\\\/cicero-cancoes-de-apartamento\\\/\",\"url\":\"https:\\\/\\\/blackholediscos.com\\\/product\\\/cicero-cancoes-de-apartamento\\\/\",\"name\":\"C\u00edcero \u2013 Can\u00e7\u00f5es De Apartamento - Black Hole Discos\",\"isPartOf\":{\"@id\":\"https:\\\/\\\/blackholediscos.com\\\/#website\"},\"primaryImageOfPage\":{\"@id\":\"https:\\\/\\\/blackholediscos.com\\\/product\\\/cicero-cancoes-de-apartamento\\\/#primaryimage\"},\"image\":{\"@id\":\"https:\\\/\\\/blackholediscos.com\\\/product\\\/cicero-cancoes-de-apartamento\\\/#primaryimage\"},\"thumbnailUrl\":\"https:\\\/\\\/blackholediscos.com\\\/wp-content\\\/uploads\\\/2024\\\/06\\\/IMG_5469-scaled.jpg\",\"datePublished\":\"2024-06-24T22:05:19+00:00\",\"dateModified\":\"2025-03-22T11:47:05+00:00\",\"breadcrumb\":{\"@id\":\"https:\\\/\\\/blackholediscos.com\\\/product\\\/cicero-cancoes-de-apartamento\\\/#breadcrumb\"},\"inLanguage\":\"en-US\",\"potentialAction\":[{\"@type\":\"ReadAction\",\"target\":[\"https:\\\/\\\/blackholediscos.com\\\/product\\\/cicero-cancoes-de-apartamento\\\/\"]}]},{\"@type\":\"ImageObject\",\"inLanguage\":\"en-US\",\"@id\":\"https:\\\/\\\/blackholediscos.com\\\/product\\\/cicero-cancoes-de-apartamento\\\/#primaryimage\",\"url\":\"https:\\\/\\\/blackholediscos.com\\\/wp-content\\\/uploads\\\/2024\\\/06\\\/IMG_5469-scaled.jpg\",\"contentUrl\":\"https:\\\/\\\/blackholediscos.com\\\/wp-content\\\/uploads\\\/2024\\\/06\\\/IMG_5469-scaled.jpg\",\"width\":2560,\"height\":2560},{\"@type\":\"BreadcrumbList\",\"@id\":\"https:\\\/\\\/blackholediscos.com\\\/product\\\/cicero-cancoes-de-apartamento\\\/#breadcrumb\",\"itemListElement\":[{\"@type\":\"ListItem\",\"position\":1,\"name\":\"In\u00edcio\",\"item\":\"https:\\\/\\\/blackholediscos.com\\\/\"},{\"@type\":\"ListItem\",\"position\":2,\"name\":\"Shop\",\"item\":\"https:\\\/\\\/blackholediscos.com\\\/shop\\\/\"},{\"@type\":\"ListItem\",\"position\":3,\"name\":\"C\u00edcero \u2013 Can\u00e7\u00f5es De Apartamento\"}]},{\"@type\":\"WebSite\",\"@id\":\"https:\\\/\\\/blackholediscos.com\\\/#website\",\"url\":\"https:\\\/\\\/blackholediscos.com\\\/\",\"name\":\"Black Hole Discos\",\"description\":\"Brazilian music LPs\",\"publisher\":{\"@id\":\"https:\\\/\\\/blackholediscos.com\\\/#organization\"},\"potentialAction\":[{\"@type\":\"SearchAction\",\"target\":{\"@type\":\"EntryPoint\",\"urlTemplate\":\"https:\\\/\\\/blackholediscos.com\\\/?s={search_term_string}\"},\"query-input\":{\"@type\":\"PropertyValueSpecification\",\"valueRequired\":true,\"valueName\":\"search_term_string\"}}],\"inLanguage\":\"en-US\"},{\"@type\":\"Organization\",\"@id\":\"https:\\\/\\\/blackholediscos.com\\\/#organization\",\"name\":\"Black Hole Discos\",\"url\":\"https:\\\/\\\/blackholediscos.com\\\/\",\"logo\":{\"@type\":\"ImageObject\",\"inLanguage\":\"en-US\",\"@id\":\"https:\\\/\\\/blackholediscos.com\\\/#\\\/schema\\\/logo\\\/image\\\/\",\"url\":\"https:\\\/\\\/blackholediscos.com\\\/wp-content\\\/uploads\\\/2024\\\/06\\\/black-hole-discos-vinis-logo.png\",\"contentUrl\":\"https:\\\/\\\/blackholediscos.com\\\/wp-content\\\/uploads\\\/2024\\\/06\\\/black-hole-discos-vinis-logo.png\",\"width\":70,\"height\":66,\"caption\":\"Black Hole Discos\"},\"image\":{\"@id\":\"https:\\\/\\\/blackholediscos.com\\\/#\\\/schema\\\/logo\\\/image\\\/\"},\"sameAs\":[\"https:\\\/\\\/www.instagram.com\\\/blackholediscos\\\/\"]}]}<\/script>\n<!-- \/ Yoast SEO plugin. -->","yoast_head_json":{"title":"C\u00edcero \u2013 Can\u00e7\u00f5es De Apartamento - Black Hole Discos","robots":{"index":"index","follow":"follow","max-snippet":"max-snippet:-1","max-image-preview":"max-image-preview:large","max-video-preview":"max-video-preview:-1"},"canonical":"https:\/\/blackholediscos.com\/en\/product\/cicero-cancoes-de-apartamento\/","og_locale":"en_US","og_type":"article","og_title":"C\u00edcero \u2013 Can\u00e7\u00f5es De Apartamento - Black Hole Discos","og_description":"LP Lacrado de f\u00e1brica. Polysom \u2013 33143-1 A1 Tempo De Pipa Accordion \u2013 Bruno Schulz (3) Acoustic Guitar, Guitar, Bass, Piano \u2013 C\u00edcero Drums \u2013 Paulo Marinho (2) Music By, Lyrics By \u2013 C\u00edcero Vocals \u2013 C\u00edcero A2 Vagalumes Cegos Accordion \u2013 Bruno Schulz (3) Acoustic Guitar, Guitar, Bass \u2013 C\u00edcero Drums \u2013 Paulo Marinho [&hellip;]","og_url":"https:\/\/blackholediscos.com\/en\/product\/cicero-cancoes-de-apartamento\/","og_site_name":"Black Hole Discos","article_publisher":"https:\/\/www.instagram.com\/blackholediscos\/","article_modified_time":"2025-03-22T11:47:05+00:00","og_image":[{"width":2560,"height":2560,"url":"https:\/\/blackholediscos.com\/wp-content\/uploads\/2024\/06\/IMG_5469-scaled.jpg","type":"image\/jpeg"}],"twitter_card":"summary_large_image","twitter_misc":{"Est. reading time":"2 minutes"},"schema":{"@context":"https:\/\/schema.org","@graph":[{"@type":"WebPage","@id":"https:\/\/blackholediscos.com\/product\/cicero-cancoes-de-apartamento\/","url":"https:\/\/blackholediscos.com\/product\/cicero-cancoes-de-apartamento\/","name":"C\u00edcero \u2013 Can\u00e7\u00f5es De Apartamento - Black Hole Discos","isPartOf":{"@id":"https:\/\/blackholediscos.com\/#website"},"primaryImageOfPage":{"@id":"https:\/\/blackholediscos.com\/product\/cicero-cancoes-de-apartamento\/#primaryimage"},"image":{"@id":"https:\/\/blackholediscos.com\/product\/cicero-cancoes-de-apartamento\/#primaryimage"},"thumbnailUrl":"https:\/\/blackholediscos.com\/wp-content\/uploads\/2024\/06\/IMG_5469-scaled.jpg","datePublished":"2024-06-24T22:05:19+00:00","dateModified":"2025-03-22T11:47:05+00:00","breadcrumb":{"@id":"https:\/\/blackholediscos.com\/product\/cicero-cancoes-de-apartamento\/#breadcrumb"},"inLanguage":"en-US","potentialAction":[{"@type":"ReadAction","target":["https:\/\/blackholediscos.com\/product\/cicero-cancoes-de-apartamento\/"]}]},{"@type":"ImageObject","inLanguage":"en-US","@id":"https:\/\/blackholediscos.com\/product\/cicero-cancoes-de-apartamento\/#primaryimage","url":"https:\/\/blackholediscos.com\/wp-content\/uploads\/2024\/06\/IMG_5469-scaled.jpg","contentUrl":"https:\/\/blackholediscos.com\/wp-content\/uploads\/2024\/06\/IMG_5469-scaled.jpg","width":2560,"height":2560},{"@type":"BreadcrumbList","@id":"https:\/\/blackholediscos.com\/product\/cicero-cancoes-de-apartamento\/#breadcrumb","itemListElement":[{"@type":"ListItem","position":1,"name":"In\u00edcio","item":"https:\/\/blackholediscos.com\/"},{"@type":"ListItem","position":2,"name":"Shop","item":"https:\/\/blackholediscos.com\/shop\/"},{"@type":"ListItem","position":3,"name":"C\u00edcero \u2013 Can\u00e7\u00f5es De Apartamento"}]},{"@type":"WebSite","@id":"https:\/\/blackholediscos.com\/#website","url":"https:\/\/blackholediscos.com\/","name":"Black Hole Discos","description":"Brazilian music LPs","publisher":{"@id":"https:\/\/blackholediscos.com\/#organization"},"potentialAction":[{"@type":"SearchAction","target":{"@type":"EntryPoint","urlTemplate":"https:\/\/blackholediscos.com\/?s={search_term_string}"},"query-input":{"@type":"PropertyValueSpecification","valueRequired":true,"valueName":"search_term_string"}}],"inLanguage":"en-US"},{"@type":"Organization","@id":"https:\/\/blackholediscos.com\/#organization","name":"Black Hole Discos","url":"https:\/\/blackholediscos.com\/","logo":{"@type":"ImageObject","inLanguage":"en-US","@id":"https:\/\/blackholediscos.com\/#\/schema\/logo\/image\/","url":"https:\/\/blackholediscos.com\/wp-content\/uploads\/2024\/06\/black-hole-discos-vinis-logo.png","contentUrl":"https:\/\/blackholediscos.com\/wp-content\/uploads\/2024\/06\/black-hole-discos-vinis-logo.png","width":70,"height":66,"caption":"Black Hole Discos"},"image":{"@id":"https:\/\/blackholediscos.com\/#\/schema\/logo\/image\/"},"sameAs":["https:\/\/www.instagram.com\/blackholediscos\/"]}]}},"_links":{"self":[{"href":"https:\/\/blackholediscos.com\/en\/wp-json\/wp\/v2\/product\/2700","targetHints":{"allow":["GET"]}}],"collection":[{"href":"https:\/\/blackholediscos.com\/en\/wp-json\/wp\/v2\/product"}],"about":[{"href":"https:\/\/blackholediscos.com\/en\/wp-json\/wp\/v2\/types\/product"}],"replies":[{"embeddable":true,"href":"https:\/\/blackholediscos.com\/en\/wp-json\/wp\/v2\/comments?post=2700"}],"wp:featuredmedia":[{"embeddable":true,"href":"https:\/\/blackholediscos.com\/en\/wp-json\/wp\/v2\/media\/2703"}],"wp:attachment":[{"href":"https:\/\/blackholediscos.com\/en\/wp-json\/wp\/v2\/media?parent=2700"}],"wp:term":[{"taxonomy":"product_brand","embeddable":true,"href":"https:\/\/blackholediscos.com\/en\/wp-json\/wp\/v2\/product_brand?post=2700"},{"taxonomy":"product_cat","embeddable":true,"href":"https:\/\/blackholediscos.com\/en\/wp-json\/wp\/v2\/product_cat?post=2700"},{"taxonomy":"product_tag","embeddable":true,"href":"https:\/\/blackholediscos.com\/en\/wp-json\/wp\/v2\/product_tag?post=2700"},{"taxonomy":"artista","embeddable":true,"href":"https:\/\/blackholediscos.com\/en\/wp-json\/wp\/v2\/artista?post=2700"},{"taxonomy":"produtora","embeddable":true,"href":"https:\/\/blackholediscos.com\/en\/wp-json\/wp\/v2\/produtora?post=2700"},{"taxonomy":"ano","embeddable":true,"href":"https:\/\/blackholediscos.com\/en\/wp-json\/wp\/v2\/ano?post=2700"}],"curies":[{"name":"wp","href":"https:\/\/api.w.org\/{rel}","templated":true}]}}