{"id":2629,"date":"2024-06-24T21:51:49","date_gmt":"2024-06-24T21:51:49","guid":{"rendered":"https:\/\/blackholediscos.com\/?post_type=product&#038;p=2629"},"modified":"2024-06-29T14:03:11","modified_gmt":"2024-06-29T14:03:11","slug":"toninho-horta-terra-dos-passaros","status":"publish","type":"product","link":"https:\/\/blackholediscos.com\/en\/product\/toninho-horta-terra-dos-passaros\/","title":{"rendered":"Toninho Horta &#8211; Terra dos P\u00e1ssaros"},"content":{"rendered":"<p>LP Original de \u00e9poca em perfeitas condi\u00e7\u00f5es de capa e m\u00eddia, acompanha raro encarte original.<\/p>\n<p>Label:<br \/>\nEMI \u2013 31C 064 422855<\/p>\n<p>A1\t\tC\u00e9u De Bras\u00edlia\t6:50<br \/>\nA2\t\tDiana\t3:40<br \/>\nA3\t\tDona Ol\u00edmpia\t4:18<br \/>\nA4\t\tViver De Amor\t4:07<br \/>\nA5\t\tPedra Da Lua\t2:41<\/p>\n<p>B1\t\tSerenade\t3:40<br \/>\nB2\t\tAquelas Coisas Todas (Sanguessuga)\t5:38<br \/>\nB3\t\tFalso Ingl\u00eas (Wonder Woman)\t3:42<br \/>\nB4.a\t\tTerra Dos P\u00e1ssaros\t5:53<br \/>\nB4.b\t\tBeijo Partido<br \/>\nB5\t\tNo Carnaval<\/p>","protected":false},"excerpt":{"rendered":"<p>LP Original de \u00e9poca em perfeitas condi\u00e7\u00f5es de capa e m\u00eddia, acompanha raro encarte original. Label: EMI \u2013 31C 064 422855 A1 C\u00e9u De Bras\u00edlia 6:50 A2 Diana 3:40 A3 Dona Ol\u00edmpia 4:18 A4 Viver De Amor 4:07 A5 Pedra Da Lua 2:41 B1 Serenade 3:40 B2 Aquelas Coisas Todas (Sanguessuga) 5:38 B3 Falso Ingl\u00eas [&hellip;]<\/p>\n","protected":false},"featured_media":2701,"comment_status":"open","ping_status":"closed","template":"","meta":{"_acf_changed":false},"product_brand":[],"product_cat":[515,39,37],"product_tag":[652],"artista":[651],"produtora":[232],"ano":[],"class_list":{"0":"post-2629","1":"product","2":"type-product","3":"status-publish","4":"has-post-thumbnail","6":"product_cat-jazz-latin","7":"product_cat-mpb","8":"product_cat-soul","9":"product_tag-652","10":"artista-toninho-horta","11":"produtora-emi","13":"first","14":"instock","15":"shipping-taxable","16":"purchasable","17":"product-type-simple"},"acf":[],"yoast_head":"<!-- This site is optimized with the Yoast SEO plugin v27.3 - https:\/\/yoast.com\/product\/yoast-seo-wordpress\/ -->\n<title>Toninho Horta - Terra dos P\u00e1ssaros - Black Hole Discos<\/title>\n<meta name=\"robots\" content=\"index, follow, max-snippet:-1, max-image-preview:large, max-video-preview:-1\" \/>\n<link rel=\"canonical\" href=\"https:\/\/blackholediscos.com\/en\/product\/toninho-horta-terra-dos-passaros\/\" \/>\n<meta property=\"og:locale\" content=\"en_US\" \/>\n<meta property=\"og:type\" content=\"article\" \/>\n<meta property=\"og:title\" content=\"Toninho Horta - Terra dos P\u00e1ssaros - Black Hole Discos\" \/>\n<meta property=\"og:description\" content=\"LP Original de \u00e9poca em perfeitas condi\u00e7\u00f5es de capa e m\u00eddia, acompanha raro encarte original. Label: EMI \u2013 31C 064 422855 A1 C\u00e9u De Bras\u00edlia 6:50 A2 Diana 3:40 A3 Dona Ol\u00edmpia 4:18 A4 Viver De Amor 4:07 A5 Pedra Da Lua 2:41 B1 Serenade 3:40 B2 Aquelas Coisas Todas (Sanguessuga) 5:38 B3 Falso Ingl\u00eas [&hellip;]\" \/>\n<meta property=\"og:url\" content=\"https:\/\/blackholediscos.com\/en\/product\/toninho-horta-terra-dos-passaros\/\" \/>\n<meta property=\"og:site_name\" content=\"Black Hole Discos\" \/>\n<meta property=\"article:publisher\" content=\"https:\/\/www.instagram.com\/blackholediscos\/\" \/>\n<meta property=\"article:modified_time\" content=\"2024-06-29T14:03:11+00:00\" \/>\n<meta property=\"og:image\" content=\"https:\/\/blackholediscos.com\/wp-content\/uploads\/2024\/06\/IMG_6833-1-scaled.jpeg\" \/>\n\t<meta property=\"og:image:width\" content=\"2560\" \/>\n\t<meta property=\"og:image:height\" content=\"2560\" \/>\n\t<meta property=\"og:image:type\" content=\"image\/jpeg\" \/>\n<meta name=\"twitter:card\" content=\"summary_large_image\" \/>\n<meta name=\"twitter:label1\" content=\"Est. reading time\" \/>\n\t<meta name=\"twitter:data1\" content=\"1 minute\" \/>\n<script type=\"application\/ld+json\" class=\"yoast-schema-graph\">{\"@context\":\"https:\\\/\\\/schema.org\",\"@graph\":[{\"@type\":\"WebPage\",\"@id\":\"https:\\\/\\\/blackholediscos.com\\\/product\\\/toninho-horta-terra-dos-passaros\\\/\",\"url\":\"https:\\\/\\\/blackholediscos.com\\\/product\\\/toninho-horta-terra-dos-passaros\\\/\",\"name\":\"Toninho Horta - Terra dos P\u00e1ssaros - Black Hole Discos\",\"isPartOf\":{\"@id\":\"https:\\\/\\\/blackholediscos.com\\\/#website\"},\"primaryImageOfPage\":{\"@id\":\"https:\\\/\\\/blackholediscos.com\\\/product\\\/toninho-horta-terra-dos-passaros\\\/#primaryimage\"},\"image\":{\"@id\":\"https:\\\/\\\/blackholediscos.com\\\/product\\\/toninho-horta-terra-dos-passaros\\\/#primaryimage\"},\"thumbnailUrl\":\"https:\\\/\\\/blackholediscos.com\\\/wp-content\\\/uploads\\\/2024\\\/06\\\/IMG_6833-1-scaled.jpeg\",\"datePublished\":\"2024-06-24T21:51:49+00:00\",\"dateModified\":\"2024-06-29T14:03:11+00:00\",\"breadcrumb\":{\"@id\":\"https:\\\/\\\/blackholediscos.com\\\/product\\\/toninho-horta-terra-dos-passaros\\\/#breadcrumb\"},\"inLanguage\":\"en-US\",\"potentialAction\":[{\"@type\":\"ReadAction\",\"target\":[\"https:\\\/\\\/blackholediscos.com\\\/product\\\/toninho-horta-terra-dos-passaros\\\/\"]}]},{\"@type\":\"ImageObject\",\"inLanguage\":\"en-US\",\"@id\":\"https:\\\/\\\/blackholediscos.com\\\/product\\\/toninho-horta-terra-dos-passaros\\\/#primaryimage\",\"url\":\"https:\\\/\\\/blackholediscos.com\\\/wp-content\\\/uploads\\\/2024\\\/06\\\/IMG_6833-1-scaled.jpeg\",\"contentUrl\":\"https:\\\/\\\/blackholediscos.com\\\/wp-content\\\/uploads\\\/2024\\\/06\\\/IMG_6833-1-scaled.jpeg\",\"width\":2560,\"height\":2560},{\"@type\":\"BreadcrumbList\",\"@id\":\"https:\\\/\\\/blackholediscos.com\\\/product\\\/toninho-horta-terra-dos-passaros\\\/#breadcrumb\",\"itemListElement\":[{\"@type\":\"ListItem\",\"position\":1,\"name\":\"In\u00edcio\",\"item\":\"https:\\\/\\\/blackholediscos.com\\\/\"},{\"@type\":\"ListItem\",\"position\":2,\"name\":\"Shop\",\"item\":\"https:\\\/\\\/blackholediscos.com\\\/shop\\\/\"},{\"@type\":\"ListItem\",\"position\":3,\"name\":\"Toninho Horta &#8211; Terra dos P\u00e1ssaros\"}]},{\"@type\":\"WebSite\",\"@id\":\"https:\\\/\\\/blackholediscos.com\\\/#website\",\"url\":\"https:\\\/\\\/blackholediscos.com\\\/\",\"name\":\"Black Hole Discos\",\"description\":\"Brazilian music LPs\",\"publisher\":{\"@id\":\"https:\\\/\\\/blackholediscos.com\\\/#organization\"},\"potentialAction\":[{\"@type\":\"SearchAction\",\"target\":{\"@type\":\"EntryPoint\",\"urlTemplate\":\"https:\\\/\\\/blackholediscos.com\\\/?s={search_term_string}\"},\"query-input\":{\"@type\":\"PropertyValueSpecification\",\"valueRequired\":true,\"valueName\":\"search_term_string\"}}],\"inLanguage\":\"en-US\"},{\"@type\":\"Organization\",\"@id\":\"https:\\\/\\\/blackholediscos.com\\\/#organization\",\"name\":\"Black Hole Discos\",\"url\":\"https:\\\/\\\/blackholediscos.com\\\/\",\"logo\":{\"@type\":\"ImageObject\",\"inLanguage\":\"en-US\",\"@id\":\"https:\\\/\\\/blackholediscos.com\\\/#\\\/schema\\\/logo\\\/image\\\/\",\"url\":\"https:\\\/\\\/blackholediscos.com\\\/wp-content\\\/uploads\\\/2024\\\/06\\\/black-hole-discos-vinis-logo.png\",\"contentUrl\":\"https:\\\/\\\/blackholediscos.com\\\/wp-content\\\/uploads\\\/2024\\\/06\\\/black-hole-discos-vinis-logo.png\",\"width\":70,\"height\":66,\"caption\":\"Black Hole Discos\"},\"image\":{\"@id\":\"https:\\\/\\\/blackholediscos.com\\\/#\\\/schema\\\/logo\\\/image\\\/\"},\"sameAs\":[\"https:\\\/\\\/www.instagram.com\\\/blackholediscos\\\/\"]}]}<\/script>\n<!-- \/ Yoast SEO plugin. -->","yoast_head_json":{"title":"Toninho Horta - Terra dos P\u00e1ssaros - Black Hole Discos","robots":{"index":"index","follow":"follow","max-snippet":"max-snippet:-1","max-image-preview":"max-image-preview:large","max-video-preview":"max-video-preview:-1"},"canonical":"https:\/\/blackholediscos.com\/en\/product\/toninho-horta-terra-dos-passaros\/","og_locale":"en_US","og_type":"article","og_title":"Toninho Horta - Terra dos P\u00e1ssaros - Black Hole Discos","og_description":"LP Original de \u00e9poca em perfeitas condi\u00e7\u00f5es de capa e m\u00eddia, acompanha raro encarte original. Label: EMI \u2013 31C 064 422855 A1 C\u00e9u De Bras\u00edlia 6:50 A2 Diana 3:40 A3 Dona Ol\u00edmpia 4:18 A4 Viver De Amor 4:07 A5 Pedra Da Lua 2:41 B1 Serenade 3:40 B2 Aquelas Coisas Todas (Sanguessuga) 5:38 B3 Falso Ingl\u00eas [&hellip;]","og_url":"https:\/\/blackholediscos.com\/en\/product\/toninho-horta-terra-dos-passaros\/","og_site_name":"Black Hole Discos","article_publisher":"https:\/\/www.instagram.com\/blackholediscos\/","article_modified_time":"2024-06-29T14:03:11+00:00","og_image":[{"width":2560,"height":2560,"url":"https:\/\/blackholediscos.com\/wp-content\/uploads\/2024\/06\/IMG_6833-1-scaled.jpeg","type":"image\/jpeg"}],"twitter_card":"summary_large_image","twitter_misc":{"Est. reading time":"1 minute"},"schema":{"@context":"https:\/\/schema.org","@graph":[{"@type":"WebPage","@id":"https:\/\/blackholediscos.com\/product\/toninho-horta-terra-dos-passaros\/","url":"https:\/\/blackholediscos.com\/product\/toninho-horta-terra-dos-passaros\/","name":"Toninho Horta - Terra dos P\u00e1ssaros - Black Hole Discos","isPartOf":{"@id":"https:\/\/blackholediscos.com\/#website"},"primaryImageOfPage":{"@id":"https:\/\/blackholediscos.com\/product\/toninho-horta-terra-dos-passaros\/#primaryimage"},"image":{"@id":"https:\/\/blackholediscos.com\/product\/toninho-horta-terra-dos-passaros\/#primaryimage"},"thumbnailUrl":"https:\/\/blackholediscos.com\/wp-content\/uploads\/2024\/06\/IMG_6833-1-scaled.jpeg","datePublished":"2024-06-24T21:51:49+00:00","dateModified":"2024-06-29T14:03:11+00:00","breadcrumb":{"@id":"https:\/\/blackholediscos.com\/product\/toninho-horta-terra-dos-passaros\/#breadcrumb"},"inLanguage":"en-US","potentialAction":[{"@type":"ReadAction","target":["https:\/\/blackholediscos.com\/product\/toninho-horta-terra-dos-passaros\/"]}]},{"@type":"ImageObject","inLanguage":"en-US","@id":"https:\/\/blackholediscos.com\/product\/toninho-horta-terra-dos-passaros\/#primaryimage","url":"https:\/\/blackholediscos.com\/wp-content\/uploads\/2024\/06\/IMG_6833-1-scaled.jpeg","contentUrl":"https:\/\/blackholediscos.com\/wp-content\/uploads\/2024\/06\/IMG_6833-1-scaled.jpeg","width":2560,"height":2560},{"@type":"BreadcrumbList","@id":"https:\/\/blackholediscos.com\/product\/toninho-horta-terra-dos-passaros\/#breadcrumb","itemListElement":[{"@type":"ListItem","position":1,"name":"In\u00edcio","item":"https:\/\/blackholediscos.com\/"},{"@type":"ListItem","position":2,"name":"Shop","item":"https:\/\/blackholediscos.com\/shop\/"},{"@type":"ListItem","position":3,"name":"Toninho Horta &#8211; Terra dos P\u00e1ssaros"}]},{"@type":"WebSite","@id":"https:\/\/blackholediscos.com\/#website","url":"https:\/\/blackholediscos.com\/","name":"Black Hole Discos","description":"Brazilian music LPs","publisher":{"@id":"https:\/\/blackholediscos.com\/#organization"},"potentialAction":[{"@type":"SearchAction","target":{"@type":"EntryPoint","urlTemplate":"https:\/\/blackholediscos.com\/?s={search_term_string}"},"query-input":{"@type":"PropertyValueSpecification","valueRequired":true,"valueName":"search_term_string"}}],"inLanguage":"en-US"},{"@type":"Organization","@id":"https:\/\/blackholediscos.com\/#organization","name":"Black Hole Discos","url":"https:\/\/blackholediscos.com\/","logo":{"@type":"ImageObject","inLanguage":"en-US","@id":"https:\/\/blackholediscos.com\/#\/schema\/logo\/image\/","url":"https:\/\/blackholediscos.com\/wp-content\/uploads\/2024\/06\/black-hole-discos-vinis-logo.png","contentUrl":"https:\/\/blackholediscos.com\/wp-content\/uploads\/2024\/06\/black-hole-discos-vinis-logo.png","width":70,"height":66,"caption":"Black Hole Discos"},"image":{"@id":"https:\/\/blackholediscos.com\/#\/schema\/logo\/image\/"},"sameAs":["https:\/\/www.instagram.com\/blackholediscos\/"]}]}},"_links":{"self":[{"href":"https:\/\/blackholediscos.com\/en\/wp-json\/wp\/v2\/product\/2629","targetHints":{"allow":["GET"]}}],"collection":[{"href":"https:\/\/blackholediscos.com\/en\/wp-json\/wp\/v2\/product"}],"about":[{"href":"https:\/\/blackholediscos.com\/en\/wp-json\/wp\/v2\/types\/product"}],"replies":[{"embeddable":true,"href":"https:\/\/blackholediscos.com\/en\/wp-json\/wp\/v2\/comments?post=2629"}],"wp:featuredmedia":[{"embeddable":true,"href":"https:\/\/blackholediscos.com\/en\/wp-json\/wp\/v2\/media\/2701"}],"wp:attachment":[{"href":"https:\/\/blackholediscos.com\/en\/wp-json\/wp\/v2\/media?parent=2629"}],"wp:term":[{"taxonomy":"product_brand","embeddable":true,"href":"https:\/\/blackholediscos.com\/en\/wp-json\/wp\/v2\/product_brand?post=2629"},{"taxonomy":"product_cat","embeddable":true,"href":"https:\/\/blackholediscos.com\/en\/wp-json\/wp\/v2\/product_cat?post=2629"},{"taxonomy":"product_tag","embeddable":true,"href":"https:\/\/blackholediscos.com\/en\/wp-json\/wp\/v2\/product_tag?post=2629"},{"taxonomy":"artista","embeddable":true,"href":"https:\/\/blackholediscos.com\/en\/wp-json\/wp\/v2\/artista?post=2629"},{"taxonomy":"produtora","embeddable":true,"href":"https:\/\/blackholediscos.com\/en\/wp-json\/wp\/v2\/produtora?post=2629"},{"taxonomy":"ano","embeddable":true,"href":"https:\/\/blackholediscos.com\/en\/wp-json\/wp\/v2\/ano?post=2629"}],"curies":[{"name":"wp","href":"https:\/\/api.w.org\/{rel}","templated":true}]}}