{"id":2621,"date":"2024-06-24T21:17:46","date_gmt":"2024-06-24T21:17:46","guid":{"rendered":"https:\/\/blackholediscos.com\/?post_type=product&#038;p=2621"},"modified":"2024-06-29T13:51:38","modified_gmt":"2024-06-29T13:51:38","slug":"gilsons-varias-queixas","status":"publish","type":"product","link":"https:\/\/blackholediscos.com\/en\/product\/gilsons-varias-queixas\/","title":{"rendered":"Gilsons \u2013 V\u00e1rias Queixas"},"content":{"rendered":"<p>LP lacrado de f\u00e1brica.<\/p>\n<p>Romaria Discos \u2013 RMR-022, Amigues Do Vinil \u2013 RMR-022, Xir\u00ea \u2013 RMR-022<\/p>\n<p>A1\t\tV\u00e1rias Queixas<br \/>\nAcoustic Guitar \u2013 Francisco Gil (5)<br \/>\nBass \u2013 Jo\u00e3o Gil (3)<br \/>\nEngineer, Recorded By [Engenheiro De Grava\u00e7\u00e3o] \u2013 Sergio Santos (3)<br \/>\nMixed By [Mixagem], Mastered By [Masteriza\u00e7\u00e3o] \u2013 Sergio Santos (3)<br \/>\nPercussion \u2013 Jos\u00e9 Gil (3)<br \/>\nProducer [Produ\u00e7\u00e3o Musical] \u2013 Jos\u00e9 Gil (3), Sergio Santos (3)<br \/>\nTrumpet, Flugelhorn \u2013 Diogo Gomes (2)<br \/>\nVocals [Gilsons] \u2013 Francisco*, Jos\u00e9*, Jo\u00e3o Gil (3)<br \/>\nWritten-By \u2013 Afro Jhow, Germano Meneghel, Narcizinho Santos<br \/>\nA2\t\tVento Alecrim<br \/>\nAcoustic Guitar \u2013 Francisco Gil (5), Jos\u00e9 Gil (3)<br \/>\nBass \u2013 Jo\u00e3o Gil (3)<br \/>\nEngineer, Recorded By [Engenheiro De Grava\u00e7\u00e3o] \u2013 Arthur Luna<br \/>\nKeyboards \u2013 Rodrigo Tavares<br \/>\nMixed By [Mixagem], Mastered By [Masteriza\u00e7\u00e3o] \u2013 Arthur Luna<br \/>\nPercussion \u2013 Jos\u00e9 Gil (3)<br \/>\nProducer [Produ\u00e7\u00e3o Musical] \u2013 Jos\u00e9 Gil (3), Pep Starling<br \/>\nProgrammed By \u2013 Jos\u00e9 Gil (3), Pep Starling<br \/>\nVocals [Gilsons] \u2013 Francisco*, Jos\u00e9 Gil (3), Jo\u00e3o Gil (3)<br \/>\nWritten-By \u2013 Jos\u00e9 Gil (3), Luthuli Ayodele<br \/>\nA3\t\tLove Love<br \/>\nAcoustic Guitar \u2013 Francisco Gil (5)<br \/>\nBass \u2013 Jos\u00e9 Gil (3), Jo\u00e3o Gil (3)<br \/>\nEngineer, Recorded By [Engenheiro De Grava\u00e7\u00e3o] \u2013 Sergio Santos (3)<br \/>\nGuitar \u2013 Jo\u00e3o Gil (3)<br \/>\nMixed By [Mixagem], Mastered By [Masteriza\u00e7\u00e3o] \u2013 Sergio Santos (3)<br \/>\nProducer [Produ\u00e7\u00e3o Musical] \u2013 Jos\u00e9 Gil (3), Sergio Santos (3)<br \/>\nProgrammed By, Percussion \u2013 Jos\u00e9 Gil (3)<br \/>\nTrumpet, Flugelhorn \u2013 Diogo Gomes (2)<br \/>\nVocals [Gilsons] \u2013 Francisco*, Jos\u00e9*, Jo\u00e3o Gil (3)<br \/>\nWritten-By \u2013 Jos\u00e9*, Jo\u00e3o Gil (3), Julia Mestre<br \/>\nA4\t\tCores E Nomes<br \/>\nAcoustic Guitar \u2013 Jo\u00e3o Gil (3)<br \/>\nBass \u2013 Francisco Gil (5)<br \/>\nEngineer, Recorded By [Engenheiro De Grava\u00e7\u00e3o] \u2013 Arthur Luna<br \/>\nKeyboards \u2013 Rodrigo Tavares<br \/>\nMixed By [Mixagem], Mastered By [Masteriza\u00e7\u00e3o] \u2013 Arthur Luna<br \/>\nProducer [Produ\u00e7\u00e3o Musical] \u2013 Jos\u00e9 Gil (3), Pep Starling<br \/>\nProgrammed By \u2013 Jos\u00e9 Gil (3), Pep Starling<br \/>\nVocals [Gilsons] \u2013 Francisco*, Jos\u00e9*, Jo\u00e3o Gil (3)<br \/>\nWritten-By \u2013 Jo\u00e3o Gil (3), Julia Mestre<br \/>\nA5\t\tA Voz<br \/>\nAcoustic Guitar \u2013 Francisco Gil (5)<br \/>\nBass \u2013 Jos\u00e9 Gil (3)<br \/>\nEngineer, Recorded By [Engenheiro De Grava\u00e7\u00e3o] \u2013 Arthur Luna<br \/>\nMixed By [Mixagem], Mastered By [Masteriza\u00e7\u00e3o] \u2013 Arthur Luna<br \/>\nPercussion \u2013 Jos\u00e9 Gil (3), Kain\u00e3 Do J\u00eaje, Ricardo Guerra<br \/>\nProducer [Produ\u00e7\u00e3o Musical] \u2013 Jos\u00e9 Gil (3), Pep Starling<br \/>\nProgrammed By \u2013 Jos\u00e9 Gil (3)<br \/>\nTrumpet, Flugelhorn \u2013 Diogo Gomes (2)<br \/>\nVocals [Gilsons] \u2013 Francisco*, Jos\u00e9*, Jo\u00e3o Gil (3)<br \/>\nWritten-By \u2013 Francisco Gil (5)<br \/>\nB1\t\tDevagarinho<br \/>\nAcoustic Guitar \u2013 Francisco Gil (5), Jo\u00e3o Gil (3)<br \/>\nEngineer, Recorded By [Engenheiro De Grava\u00e7\u00e3o] \u2013 Pep Starling, Thiago Braga<br \/>\nKeyboards \u2013 Rodrigo Tavares<br \/>\nMixed By [Mixagem], Mastered By [Masteriza\u00e7\u00e3o] \u2013 Arthur Luna<br \/>\nPercussion \u2013 Tiago Nunes (2)<br \/>\nProducer [Produ\u00e7\u00e3o Musical] \u2013 Jos\u00e9 Gil (3)<br \/>\nVocals \u2013 Mariana Volker<br \/>\nVocals [Gilsons] \u2013 Francisco Gil (5), Jos\u00e9 Gil (3), Jo\u00e3o Gil (3)<br \/>\nWritten-By \u2013 Gilsons, Mariana Volker<br \/>\nB2\t\t\u00cdndia<br \/>\nAcoustic Guitar \u2013 Francisco Gil (5), Jos\u00e9 Gil (3)<br \/>\nAcoustic Guitar [Viol\u00e3o De A\u00e7o], Bass \u2013 Jo\u00e3o Gil (3)<br \/>\nEngineer, Recorded By [Engenheiro De Grava\u00e7\u00e3o] \u2013 Elton Bozza, Pep Starling<br \/>\nKeyboards, Synthesizer \u2013 Rodrigo Tavares<br \/>\nMixed By [Mixagem], Mastered By [Masteriza\u00e7\u00e3o] \u2013 Arthur Luna<br \/>\nPercussion, Programmed By \u2013 Jos\u00e9 Gil (3), Pep Starling<br \/>\nProducer [Produ\u00e7\u00e3o Musical] \u2013 Jos\u00e9 Gil (3), Pep Starling<br \/>\nTrumpet, Flugelhorn \u2013 Diogo Gomes (2)<br \/>\nVocals \u2013 J\u00falia Mestre*<br \/>\nVocals [Gilsons] \u2013 Francisco*, Jos\u00e9*, Jo\u00e3o Gil (3)<br \/>\nWritten-By \u2013 Jos\u00e9 Gil (3), Julia Mestre<br \/>\nB3\t\tAlgum Ritmo<br \/>\nAcoustic Guitar \u2013 Francisco Gil (5), Jo\u00e3o Gil (3), Rafael Mendes (3)<br \/>\nBass \u2013 Gustavo Karam<br \/>\nKeyboards \u2013 Bernardo Hey, Rodrigo Tavares<br \/>\nMixed By [Mixagem], Mastered By [Masteriza\u00e7\u00e3o] \u2013 Arthur Luna<br \/>\nPercussion \u2013 Gabriel Mendes<br \/>\nProducer [Produ\u00e7\u00e3o Musical] \u2013 Jos\u00e9 Gil (3), Jovem Dionisio, Lucas Suckow*<br \/>\nTrumpet \u2013 Diogo Gomes (2)<br \/>\nVocals \u2013 Bernardo Pasquali<br \/>\nVocals [Gilsons] \u2013 Francisco*, Jos\u00e9*, Jo\u00e3o Gil (3)<br \/>\nWritten-By \u2013 Gabriel Mendes, Gilsons<br \/>\nB4\t\tBateu<br \/>\nAcoustic Guitar \u2013 Francisco Gil (5)<br \/>\nBass, Guitar \u2013 Jo\u00e3o Gil (3)<br \/>\nEngineer, Recorded By [Engenheiro De Grava\u00e7\u00e3o] \u2013 Elton Bozza<br \/>\nKeyboards \u2013 Pedro Malcher<br \/>\nMixed By [Mixagem], Mastered By [Masteriza\u00e7\u00e3o] \u2013 Sergio Santos (3)<br \/>\nPercussion \u2013 Jos\u00e9 Gil (3), Luizinho Do J\u00eaje, Ricardo Guerra<br \/>\nProducer [Produ\u00e7\u00e3o Musical] \u2013 Jos\u00e9 Gil (3), Mul\u00fa<br \/>\nProgrammed By \u2013 Jos\u00e9 Gil (3), Mul\u00fa<br \/>\nVocals \u2013 Rachel Reis<br \/>\nVocals [Gilsons] \u2013 Francisco*, Jos\u00e9*, Jo\u00e3o*<br \/>\nWritten-By \u2013 Gilsons, Mul\u00fa, Rachel Reis<br \/>\nB5\t\tC\u00e9u Ros\u00e9<br \/>\nAcoustic Guitar \u2013 Francisco Gil (5), Jo\u00e3o Gil (3)<br \/>\nContrabass \u2013 Francisco (51)<br \/>\nEdited By [Edi\u00e7\u00f5es] \u2013 Jos\u00e9 Gil (3)<br \/>\nGuitar \u2013 Jorge (107), Zani (5)<br \/>\nKeyboards, Synth \u2013 Rodrigo Tavares<br \/>\nMixed By [Mixagem], Mastered By [Masteriza\u00e7\u00e3o] \u2013 Arthur Luna<br \/>\nPercussion \u2013 Luizinho Do J\u00eaje<br \/>\nProducer [Produ\u00e7\u00e3o Musical] \u2013 Jos\u00e9 Gil (3)<br \/>\nProgrammed By \u2013 Jos\u00e9 Gil (3)<br \/>\nRecorded By [Grava\u00e7\u00e3o\/Capta\u00e7\u00e3o] \u2013 Elton Bozza, Victor Amaral<br \/>\nVocals \u2013 Jos\u00e9 Gil (3), Jo\u00e3o Gil (3)<br \/>\nVoice \u2013 Francisco Gil (5), Pedro Calais<br \/>\nWritten-By \u2013 Gilsons, Lagum<\/p>\n","protected":false},"excerpt":{"rendered":"<p>LP lacrado de f\u00e1brica. Romaria Discos \u2013 RMR-022, Amigues Do Vinil \u2013 RMR-022, Xir\u00ea \u2013 RMR-022 A1 V\u00e1rias Queixas Acoustic Guitar \u2013 Francisco Gil (5) Bass \u2013 Jo\u00e3o Gil (3) Engineer, Recorded By [Engenheiro De Grava\u00e7\u00e3o] \u2013 Sergio Santos (3) Mixed By [Mixagem], Mastered By [Masteriza\u00e7\u00e3o] \u2013 Sergio Santos (3) Percussion \u2013 Jos\u00e9 Gil (3) [&hellip;]<\/p>\n","protected":false},"featured_media":2558,"comment_status":"open","ping_status":"closed","template":"","meta":{"_acf_changed":false},"product_brand":[],"product_cat":[131,78,34,506,39,37,310],"product_tag":[],"artista":[647],"produtora":[],"ano":[237],"class_list":{"0":"post-2621","1":"product","2":"type-product","3":"status-publish","4":"has-post-thumbnail","6":"product_cat-afrobrasilidade","7":"product_cat-contemporaneos","8":"product_cat-funk","9":"product_cat-hip-hop","10":"product_cat-mpb","11":"product_cat-soul","12":"product_cat-tropicalia","13":"artista-gilsons","14":"ano-237","16":"first","17":"instock","18":"shipping-taxable","19":"purchasable","20":"product-type-simple"},"acf":[],"yoast_head":"<!-- This site is optimized with the Yoast SEO plugin v27.3 - https:\/\/yoast.com\/product\/yoast-seo-wordpress\/ -->\n<title>Gilsons \u2013 V\u00e1rias Queixas - Black Hole Discos<\/title>\n<meta name=\"robots\" content=\"index, follow, max-snippet:-1, max-image-preview:large, max-video-preview:-1\" \/>\n<link rel=\"canonical\" href=\"https:\/\/blackholediscos.com\/en\/product\/gilsons-varias-queixas\/\" \/>\n<meta property=\"og:locale\" content=\"en_US\" \/>\n<meta property=\"og:type\" content=\"article\" \/>\n<meta property=\"og:title\" content=\"Gilsons \u2013 V\u00e1rias Queixas - Black Hole Discos\" \/>\n<meta property=\"og:description\" content=\"LP lacrado de f\u00e1brica. Romaria Discos \u2013 RMR-022, Amigues Do Vinil \u2013 RMR-022, Xir\u00ea \u2013 RMR-022 A1 V\u00e1rias Queixas Acoustic Guitar \u2013 Francisco Gil (5) Bass \u2013 Jo\u00e3o Gil (3) Engineer, Recorded By [Engenheiro De Grava\u00e7\u00e3o] \u2013 Sergio Santos (3) Mixed By [Mixagem], Mastered By [Masteriza\u00e7\u00e3o] \u2013 Sergio Santos (3) Percussion \u2013 Jos\u00e9 Gil (3) [&hellip;]\" \/>\n<meta property=\"og:url\" content=\"https:\/\/blackholediscos.com\/en\/product\/gilsons-varias-queixas\/\" \/>\n<meta property=\"og:site_name\" content=\"Black Hole Discos\" \/>\n<meta property=\"article:publisher\" content=\"https:\/\/www.instagram.com\/blackholediscos\/\" \/>\n<meta property=\"article:modified_time\" content=\"2024-06-29T13:51:38+00:00\" \/>\n<meta property=\"og:image\" content=\"https:\/\/blackholediscos.com\/wp-content\/uploads\/2024\/06\/IMG_5434-scaled.jpeg\" \/>\n\t<meta property=\"og:image:width\" content=\"2560\" \/>\n\t<meta property=\"og:image:height\" content=\"2560\" \/>\n\t<meta property=\"og:image:type\" content=\"image\/jpeg\" \/>\n<meta name=\"twitter:card\" content=\"summary_large_image\" \/>\n<meta name=\"twitter:label1\" content=\"Est. reading time\" \/>\n\t<meta name=\"twitter:data1\" content=\"4 minutes\" \/>\n<script type=\"application\/ld+json\" class=\"yoast-schema-graph\">{\"@context\":\"https:\\\/\\\/schema.org\",\"@graph\":[{\"@type\":\"WebPage\",\"@id\":\"https:\\\/\\\/blackholediscos.com\\\/product\\\/gilsons-varias-queixas\\\/\",\"url\":\"https:\\\/\\\/blackholediscos.com\\\/product\\\/gilsons-varias-queixas\\\/\",\"name\":\"Gilsons \u2013 V\u00e1rias Queixas - Black Hole Discos\",\"isPartOf\":{\"@id\":\"https:\\\/\\\/blackholediscos.com\\\/#website\"},\"primaryImageOfPage\":{\"@id\":\"https:\\\/\\\/blackholediscos.com\\\/product\\\/gilsons-varias-queixas\\\/#primaryimage\"},\"image\":{\"@id\":\"https:\\\/\\\/blackholediscos.com\\\/product\\\/gilsons-varias-queixas\\\/#primaryimage\"},\"thumbnailUrl\":\"https:\\\/\\\/blackholediscos.com\\\/wp-content\\\/uploads\\\/2024\\\/06\\\/IMG_5434-scaled.jpeg\",\"datePublished\":\"2024-06-24T21:17:46+00:00\",\"dateModified\":\"2024-06-29T13:51:38+00:00\",\"breadcrumb\":{\"@id\":\"https:\\\/\\\/blackholediscos.com\\\/product\\\/gilsons-varias-queixas\\\/#breadcrumb\"},\"inLanguage\":\"en-US\",\"potentialAction\":[{\"@type\":\"ReadAction\",\"target\":[\"https:\\\/\\\/blackholediscos.com\\\/product\\\/gilsons-varias-queixas\\\/\"]}]},{\"@type\":\"ImageObject\",\"inLanguage\":\"en-US\",\"@id\":\"https:\\\/\\\/blackholediscos.com\\\/product\\\/gilsons-varias-queixas\\\/#primaryimage\",\"url\":\"https:\\\/\\\/blackholediscos.com\\\/wp-content\\\/uploads\\\/2024\\\/06\\\/IMG_5434-scaled.jpeg\",\"contentUrl\":\"https:\\\/\\\/blackholediscos.com\\\/wp-content\\\/uploads\\\/2024\\\/06\\\/IMG_5434-scaled.jpeg\",\"width\":2560,\"height\":2560},{\"@type\":\"BreadcrumbList\",\"@id\":\"https:\\\/\\\/blackholediscos.com\\\/product\\\/gilsons-varias-queixas\\\/#breadcrumb\",\"itemListElement\":[{\"@type\":\"ListItem\",\"position\":1,\"name\":\"In\u00edcio\",\"item\":\"https:\\\/\\\/blackholediscos.com\\\/\"},{\"@type\":\"ListItem\",\"position\":2,\"name\":\"Shop\",\"item\":\"https:\\\/\\\/blackholediscos.com\\\/shop\\\/\"},{\"@type\":\"ListItem\",\"position\":3,\"name\":\"Gilsons \u2013 V\u00e1rias Queixas\"}]},{\"@type\":\"WebSite\",\"@id\":\"https:\\\/\\\/blackholediscos.com\\\/#website\",\"url\":\"https:\\\/\\\/blackholediscos.com\\\/\",\"name\":\"Black Hole Discos\",\"description\":\"Brazilian music LPs\",\"publisher\":{\"@id\":\"https:\\\/\\\/blackholediscos.com\\\/#organization\"},\"potentialAction\":[{\"@type\":\"SearchAction\",\"target\":{\"@type\":\"EntryPoint\",\"urlTemplate\":\"https:\\\/\\\/blackholediscos.com\\\/?s={search_term_string}\"},\"query-input\":{\"@type\":\"PropertyValueSpecification\",\"valueRequired\":true,\"valueName\":\"search_term_string\"}}],\"inLanguage\":\"en-US\"},{\"@type\":\"Organization\",\"@id\":\"https:\\\/\\\/blackholediscos.com\\\/#organization\",\"name\":\"Black Hole Discos\",\"url\":\"https:\\\/\\\/blackholediscos.com\\\/\",\"logo\":{\"@type\":\"ImageObject\",\"inLanguage\":\"en-US\",\"@id\":\"https:\\\/\\\/blackholediscos.com\\\/#\\\/schema\\\/logo\\\/image\\\/\",\"url\":\"https:\\\/\\\/blackholediscos.com\\\/wp-content\\\/uploads\\\/2024\\\/06\\\/black-hole-discos-vinis-logo.png\",\"contentUrl\":\"https:\\\/\\\/blackholediscos.com\\\/wp-content\\\/uploads\\\/2024\\\/06\\\/black-hole-discos-vinis-logo.png\",\"width\":70,\"height\":66,\"caption\":\"Black Hole Discos\"},\"image\":{\"@id\":\"https:\\\/\\\/blackholediscos.com\\\/#\\\/schema\\\/logo\\\/image\\\/\"},\"sameAs\":[\"https:\\\/\\\/www.instagram.com\\\/blackholediscos\\\/\"]}]}<\/script>\n<!-- \/ Yoast SEO plugin. -->","yoast_head_json":{"title":"Gilsons \u2013 V\u00e1rias Queixas - Black Hole Discos","robots":{"index":"index","follow":"follow","max-snippet":"max-snippet:-1","max-image-preview":"max-image-preview:large","max-video-preview":"max-video-preview:-1"},"canonical":"https:\/\/blackholediscos.com\/en\/product\/gilsons-varias-queixas\/","og_locale":"en_US","og_type":"article","og_title":"Gilsons \u2013 V\u00e1rias Queixas - Black Hole Discos","og_description":"LP lacrado de f\u00e1brica. Romaria Discos \u2013 RMR-022, Amigues Do Vinil \u2013 RMR-022, Xir\u00ea \u2013 RMR-022 A1 V\u00e1rias Queixas Acoustic Guitar \u2013 Francisco Gil (5) Bass \u2013 Jo\u00e3o Gil (3) Engineer, Recorded By [Engenheiro De Grava\u00e7\u00e3o] \u2013 Sergio Santos (3) Mixed By [Mixagem], Mastered By [Masteriza\u00e7\u00e3o] \u2013 Sergio Santos (3) Percussion \u2013 Jos\u00e9 Gil (3) [&hellip;]","og_url":"https:\/\/blackholediscos.com\/en\/product\/gilsons-varias-queixas\/","og_site_name":"Black Hole Discos","article_publisher":"https:\/\/www.instagram.com\/blackholediscos\/","article_modified_time":"2024-06-29T13:51:38+00:00","og_image":[{"width":2560,"height":2560,"url":"https:\/\/blackholediscos.com\/wp-content\/uploads\/2024\/06\/IMG_5434-scaled.jpeg","type":"image\/jpeg"}],"twitter_card":"summary_large_image","twitter_misc":{"Est. reading time":"4 minutes"},"schema":{"@context":"https:\/\/schema.org","@graph":[{"@type":"WebPage","@id":"https:\/\/blackholediscos.com\/product\/gilsons-varias-queixas\/","url":"https:\/\/blackholediscos.com\/product\/gilsons-varias-queixas\/","name":"Gilsons \u2013 V\u00e1rias Queixas - Black Hole Discos","isPartOf":{"@id":"https:\/\/blackholediscos.com\/#website"},"primaryImageOfPage":{"@id":"https:\/\/blackholediscos.com\/product\/gilsons-varias-queixas\/#primaryimage"},"image":{"@id":"https:\/\/blackholediscos.com\/product\/gilsons-varias-queixas\/#primaryimage"},"thumbnailUrl":"https:\/\/blackholediscos.com\/wp-content\/uploads\/2024\/06\/IMG_5434-scaled.jpeg","datePublished":"2024-06-24T21:17:46+00:00","dateModified":"2024-06-29T13:51:38+00:00","breadcrumb":{"@id":"https:\/\/blackholediscos.com\/product\/gilsons-varias-queixas\/#breadcrumb"},"inLanguage":"en-US","potentialAction":[{"@type":"ReadAction","target":["https:\/\/blackholediscos.com\/product\/gilsons-varias-queixas\/"]}]},{"@type":"ImageObject","inLanguage":"en-US","@id":"https:\/\/blackholediscos.com\/product\/gilsons-varias-queixas\/#primaryimage","url":"https:\/\/blackholediscos.com\/wp-content\/uploads\/2024\/06\/IMG_5434-scaled.jpeg","contentUrl":"https:\/\/blackholediscos.com\/wp-content\/uploads\/2024\/06\/IMG_5434-scaled.jpeg","width":2560,"height":2560},{"@type":"BreadcrumbList","@id":"https:\/\/blackholediscos.com\/product\/gilsons-varias-queixas\/#breadcrumb","itemListElement":[{"@type":"ListItem","position":1,"name":"In\u00edcio","item":"https:\/\/blackholediscos.com\/"},{"@type":"ListItem","position":2,"name":"Shop","item":"https:\/\/blackholediscos.com\/shop\/"},{"@type":"ListItem","position":3,"name":"Gilsons \u2013 V\u00e1rias Queixas"}]},{"@type":"WebSite","@id":"https:\/\/blackholediscos.com\/#website","url":"https:\/\/blackholediscos.com\/","name":"Black Hole Discos","description":"Brazilian music LPs","publisher":{"@id":"https:\/\/blackholediscos.com\/#organization"},"potentialAction":[{"@type":"SearchAction","target":{"@type":"EntryPoint","urlTemplate":"https:\/\/blackholediscos.com\/?s={search_term_string}"},"query-input":{"@type":"PropertyValueSpecification","valueRequired":true,"valueName":"search_term_string"}}],"inLanguage":"en-US"},{"@type":"Organization","@id":"https:\/\/blackholediscos.com\/#organization","name":"Black Hole Discos","url":"https:\/\/blackholediscos.com\/","logo":{"@type":"ImageObject","inLanguage":"en-US","@id":"https:\/\/blackholediscos.com\/#\/schema\/logo\/image\/","url":"https:\/\/blackholediscos.com\/wp-content\/uploads\/2024\/06\/black-hole-discos-vinis-logo.png","contentUrl":"https:\/\/blackholediscos.com\/wp-content\/uploads\/2024\/06\/black-hole-discos-vinis-logo.png","width":70,"height":66,"caption":"Black Hole Discos"},"image":{"@id":"https:\/\/blackholediscos.com\/#\/schema\/logo\/image\/"},"sameAs":["https:\/\/www.instagram.com\/blackholediscos\/"]}]}},"_links":{"self":[{"href":"https:\/\/blackholediscos.com\/en\/wp-json\/wp\/v2\/product\/2621","targetHints":{"allow":["GET"]}}],"collection":[{"href":"https:\/\/blackholediscos.com\/en\/wp-json\/wp\/v2\/product"}],"about":[{"href":"https:\/\/blackholediscos.com\/en\/wp-json\/wp\/v2\/types\/product"}],"replies":[{"embeddable":true,"href":"https:\/\/blackholediscos.com\/en\/wp-json\/wp\/v2\/comments?post=2621"}],"wp:featuredmedia":[{"embeddable":true,"href":"https:\/\/blackholediscos.com\/en\/wp-json\/wp\/v2\/media\/2558"}],"wp:attachment":[{"href":"https:\/\/blackholediscos.com\/en\/wp-json\/wp\/v2\/media?parent=2621"}],"wp:term":[{"taxonomy":"product_brand","embeddable":true,"href":"https:\/\/blackholediscos.com\/en\/wp-json\/wp\/v2\/product_brand?post=2621"},{"taxonomy":"product_cat","embeddable":true,"href":"https:\/\/blackholediscos.com\/en\/wp-json\/wp\/v2\/product_cat?post=2621"},{"taxonomy":"product_tag","embeddable":true,"href":"https:\/\/blackholediscos.com\/en\/wp-json\/wp\/v2\/product_tag?post=2621"},{"taxonomy":"artista","embeddable":true,"href":"https:\/\/blackholediscos.com\/en\/wp-json\/wp\/v2\/artista?post=2621"},{"taxonomy":"produtora","embeddable":true,"href":"https:\/\/blackholediscos.com\/en\/wp-json\/wp\/v2\/produtora?post=2621"},{"taxonomy":"ano","embeddable":true,"href":"https:\/\/blackholediscos.com\/en\/wp-json\/wp\/v2\/ano?post=2621"}],"curies":[{"name":"wp","href":"https:\/\/api.w.org\/{rel}","templated":true}]}}