{"id":2597,"date":"2024-06-24T20:56:07","date_gmt":"2024-06-24T20:56:07","guid":{"rendered":"https:\/\/blackholediscos.com\/?post_type=product&#038;p=2597"},"modified":"2024-06-29T19:14:12","modified_gmt":"2024-06-29T19:14:12","slug":"carlinhos-santos-todas-as-aguas","status":"publish","type":"product","link":"https:\/\/blackholediscos.com\/en\/product\/carlinhos-santos-todas-as-aguas\/","title":{"rendered":"Carlinhos Santos &#8211; Todas as \u00e1guas"},"content":{"rendered":"<p>LP Original de \u00e9poca em perfeitas condi\u00e7\u00f5es de capa e m\u00eddia, acompanha raro encarte original.<\/p>\n<p>Lista de Faixas : <\/p>\n<p>A1\tTodas As \u00c1guas<br \/>\nAcoustic Guitar \u2013 Carlinhos Santos<br \/>\nArranged By \u2013 Carlinhos Santos<br \/>\nBass Guitar \u2013 Tenison Ramos<br \/>\nDrums \u2013 Amauri Copeti<br \/>\nKeyboards, Effects \u2013 Francisco Ferreti*<br \/>\nWritten-By \u2013 Carlinhos Santos, Ciro Da Silva Vaz<\/p>\n<p>A2\tGiramundo<br \/>\nArranged By \u2013 Francisco Ferretti*<br \/>\nBacking Vocals \u2013 Carlinhos Santos, Ney Santos<br \/>\nBass Guitar \u2013 Tenison Ramos<br \/>\nDrums \u2013 Amauri Copeti<br \/>\nKeyboards \u2013 Francisco Ferreti*<br \/>\nPercussion \u2013 Walter Rosa<br \/>\nWritten-By \u2013 Francisco Ferreti*<\/p>\n<p>A3\tAntes Que Aconte\u00e7a<br \/>\nAcoustic Guitar \u2013 Carlinhos Santos<br \/>\nAfox\u00e9 \u2013 Carlinhos Santos<br \/>\nArranged By \u2013 Carlinhos Santos, Francisco Ferreti*<br \/>\nBacking Vocals \u2013 Francisco Ferreti*, L\u00facia Helena*, Susane Santos<br \/>\nBass Guitar \u2013 Tenison Ramos<br \/>\nDrums \u2013 Amauri Copeti<br \/>\nKeyboards \u2013 Francisco Ferreti*<br \/>\nWritten-By \u2013 Carlinhos Santos<\/p>\n<p>A4\tLouco Mist\u00e9rio<br \/>\nAcoustic Bass \u2013 Carlinhos Santos<br \/>\nArranged By \u2013 Francisco Ferreti*<br \/>\nBacking Vocals \u2013 Carlinhos Santos, L\u00facia Helena*, Luciano Baldauf, Ney Santos, Susane Santos<br \/>\nBass Guitar \u2013 Tenison Ramos<br \/>\nDrums \u2013 Amauri Copeti<br \/>\nElectric Guitar \u2013 Amarildo*<br \/>\nKeyboards \u2013 Francisco Ferreti*<br \/>\nTwelve-String Guitar \u2013 Carlinhos Santos<br \/>\nWritten-By \u2013 Carlinhos Santos<\/p>\n<p>A5\tAmor Moreno<br \/>\nArranged By \u2013 Carlinhos Santos<br \/>\nBacking Vocals \u2013 Carlinhos Santos, Ney Santos<br \/>\nBass Guitar \u2013 Tenison Ramos<br \/>\nDrums \u2013 Amauri Copeti<br \/>\nKeyboards \u2013 Francisco Ferreti*<br \/>\nSurdo \u2013 Walter Rosa<br \/>\nTamborim \u2013 Ney Santos<br \/>\nWritten-By \u2013 Carlinhos Santos<\/p>\n<p>B1\tSopra, Vento E P\u00f3<br \/>\nArranged By \u2013 Francisco Ferreti*<br \/>\nBacking Vocals \u2013 Carlinhos Santos, L\u00facia Helena*, Luciano Baldauf, Ney Santos, Susane Santos<br \/>\nBass Guitar \u2013 Tenison Ramos<br \/>\nCongas \u2013 Walter Rosa<br \/>\nDrums \u2013 Amauri Copeti<br \/>\nElectric Guitar \u2013 Amarildo*<br \/>\nKeyboards \u2013 Francisco Ferreti*<br \/>\nPercussion \u2013 Ney Santos<br \/>\nWritten-By \u2013 Carlinhos Santos<\/p>\n<p>B2\tBatuqueiros<br \/>\nAcoustic Guitar \u2013 Carlinhos Santos<br \/>\nBacking Vocals \u2013 Carlinhos Santos, Ney Santos<br \/>\nDrums \u2013 Amauri Copeti<br \/>\nKeyboards \u2013 Francisco Ferreti*<br \/>\nSurdo \u2013 Walter Rosa<br \/>\nTamborim \u2013 Ney Santos<br \/>\nWritten-By \u2013 Carlinhos Santos, Ney Santos<\/p>\n<p>B3\tClima E Tempero<br \/>\nAcoustic Guitar \u2013 Carlinhos Santos<br \/>\nArranged By \u2013 Carlinhos Santos, Francisco Ferreti*<br \/>\nBacking Vocals \u2013 Carlinhos Santos, Ney Santos<br \/>\nBass Guitar \u2013 Tenison Ramos<br \/>\nCongas \u2013 Ney Santos<br \/>\nDrums \u2013 Amauri Copeti<br \/>\nKeyboards \u2013 Francisco Ferreti*<br \/>\nSurdo \u2013 Walter Rosa<br \/>\nWritten-By \u2013 Carlinhos Santos, Ney Santos<\/p>\n<p>B4\tAl\u00e9m Do Mar<br \/>\nAcoustic Guitar \u2013 Carlinhos Santos<br \/>\nBass Guitar \u2013 Tenison Ramos<br \/>\nDrums \u2013 Amauri Copeti<br \/>\nElectric Guitar \u2013 Amarildo*<br \/>\nKeyboards \u2013 Francisco Ferreti*<br \/>\nWritten-By \u2013 Carlinhos Santos<\/p>\n<p>B5\tModa De Sangue<br \/>\nArranged By \u2013 Francisco Ferreti*, Tenison Ramos<br \/>\nBass Guitar \u2013 Tenison Ramos<br \/>\nDrums \u2013 Amauri Copeti<br \/>\nEffects \u2013 Francisco Ferreti*, Walter Rosa<br \/>\nElectric Guitar \u2013 Amarildo*<br \/>\nKeyboards \u2013 Francisco Ferreti*<br \/>\nWritten-By \u2013 Jer\u00f4nimo Jardim<\/p>","protected":false},"excerpt":{"rendered":"<p>LP Original de \u00e9poca em perfeitas condi\u00e7\u00f5es de capa e m\u00eddia, acompanha raro encarte original. Lista de Faixas : A1 Todas As \u00c1guas Acoustic Guitar \u2013 Carlinhos Santos Arranged By \u2013 Carlinhos Santos Bass Guitar \u2013 Tenison Ramos Drums \u2013 Amauri Copeti Keyboards, Effects \u2013 Francisco Ferreti* Written-By \u2013 Carlinhos Santos, Ciro Da Silva Vaz [&hellip;]<\/p>\n","protected":false},"featured_media":2498,"comment_status":"open","ping_status":"closed","template":"","meta":{"_acf_changed":false},"product_brand":[],"product_cat":[513,34,39,48],"product_tag":[],"artista":[641],"produtora":[642],"ano":[154],"class_list":{"0":"post-2597","1":"product","2":"type-product","3":"status-publish","4":"has-post-thumbnail","6":"product_cat-experimental","7":"product_cat-funk","8":"product_cat-mpb","9":"product_cat-psicodelia","10":"artista-carlinhos-santos","11":"produtora-selo-do-artista","12":"ano-154","14":"first","15":"instock","16":"shipping-taxable","17":"purchasable","18":"product-type-simple"},"acf":[],"yoast_head":"<!-- This site is optimized with the Yoast SEO plugin v27.4 - https:\/\/yoast.com\/product\/yoast-seo-wordpress\/ -->\n<title>Carlinhos Santos - Todas as \u00e1guas - Black Hole Discos<\/title>\n<meta name=\"robots\" content=\"index, follow, max-snippet:-1, max-image-preview:large, max-video-preview:-1\" \/>\n<link rel=\"canonical\" href=\"https:\/\/blackholediscos.com\/en\/product\/carlinhos-santos-todas-as-aguas\/\" \/>\n<meta property=\"og:locale\" content=\"en_US\" \/>\n<meta property=\"og:type\" content=\"article\" \/>\n<meta property=\"og:title\" content=\"Carlinhos Santos - Todas as \u00e1guas - Black Hole Discos\" \/>\n<meta property=\"og:description\" content=\"LP Original de \u00e9poca em perfeitas condi\u00e7\u00f5es de capa e m\u00eddia, acompanha raro encarte original. Lista de Faixas : A1 Todas As \u00c1guas Acoustic Guitar \u2013 Carlinhos Santos Arranged By \u2013 Carlinhos Santos Bass Guitar \u2013 Tenison Ramos Drums \u2013 Amauri Copeti Keyboards, Effects \u2013 Francisco Ferreti* Written-By \u2013 Carlinhos Santos, Ciro Da Silva Vaz [&hellip;]\" \/>\n<meta property=\"og:url\" content=\"https:\/\/blackholediscos.com\/en\/product\/carlinhos-santos-todas-as-aguas\/\" \/>\n<meta property=\"og:site_name\" content=\"Black Hole Discos\" \/>\n<meta property=\"article:publisher\" content=\"https:\/\/www.instagram.com\/blackholediscos\/\" \/>\n<meta property=\"article:modified_time\" content=\"2024-06-29T19:14:12+00:00\" \/>\n<meta property=\"og:image\" content=\"https:\/\/blackholediscos.com\/wp-content\/uploads\/2024\/06\/IMG_6827-scaled.jpeg\" \/>\n\t<meta property=\"og:image:width\" content=\"2560\" \/>\n\t<meta property=\"og:image:height\" content=\"2560\" \/>\n\t<meta property=\"og:image:type\" content=\"image\/jpeg\" \/>\n<meta name=\"twitter:card\" content=\"summary_large_image\" \/>\n<meta name=\"twitter:label1\" content=\"Est. reading time\" \/>\n\t<meta name=\"twitter:data1\" content=\"3 minutes\" \/>\n<script type=\"application\/ld+json\" class=\"yoast-schema-graph\">{\"@context\":\"https:\\\/\\\/schema.org\",\"@graph\":[{\"@type\":\"WebPage\",\"@id\":\"https:\\\/\\\/blackholediscos.com\\\/product\\\/carlinhos-santos-todas-as-aguas\\\/\",\"url\":\"https:\\\/\\\/blackholediscos.com\\\/product\\\/carlinhos-santos-todas-as-aguas\\\/\",\"name\":\"Carlinhos Santos - Todas as \u00e1guas - Black Hole Discos\",\"isPartOf\":{\"@id\":\"https:\\\/\\\/blackholediscos.com\\\/#website\"},\"primaryImageOfPage\":{\"@id\":\"https:\\\/\\\/blackholediscos.com\\\/product\\\/carlinhos-santos-todas-as-aguas\\\/#primaryimage\"},\"image\":{\"@id\":\"https:\\\/\\\/blackholediscos.com\\\/product\\\/carlinhos-santos-todas-as-aguas\\\/#primaryimage\"},\"thumbnailUrl\":\"https:\\\/\\\/blackholediscos.com\\\/wp-content\\\/uploads\\\/2024\\\/06\\\/IMG_6827-scaled.jpeg\",\"datePublished\":\"2024-06-24T20:56:07+00:00\",\"dateModified\":\"2024-06-29T19:14:12+00:00\",\"breadcrumb\":{\"@id\":\"https:\\\/\\\/blackholediscos.com\\\/product\\\/carlinhos-santos-todas-as-aguas\\\/#breadcrumb\"},\"inLanguage\":\"en-US\",\"potentialAction\":[{\"@type\":\"ReadAction\",\"target\":[\"https:\\\/\\\/blackholediscos.com\\\/product\\\/carlinhos-santos-todas-as-aguas\\\/\"]}]},{\"@type\":\"ImageObject\",\"inLanguage\":\"en-US\",\"@id\":\"https:\\\/\\\/blackholediscos.com\\\/product\\\/carlinhos-santos-todas-as-aguas\\\/#primaryimage\",\"url\":\"https:\\\/\\\/blackholediscos.com\\\/wp-content\\\/uploads\\\/2024\\\/06\\\/IMG_6827-scaled.jpeg\",\"contentUrl\":\"https:\\\/\\\/blackholediscos.com\\\/wp-content\\\/uploads\\\/2024\\\/06\\\/IMG_6827-scaled.jpeg\",\"width\":2560,\"height\":2560},{\"@type\":\"BreadcrumbList\",\"@id\":\"https:\\\/\\\/blackholediscos.com\\\/product\\\/carlinhos-santos-todas-as-aguas\\\/#breadcrumb\",\"itemListElement\":[{\"@type\":\"ListItem\",\"position\":1,\"name\":\"In\u00edcio\",\"item\":\"https:\\\/\\\/blackholediscos.com\\\/\"},{\"@type\":\"ListItem\",\"position\":2,\"name\":\"Shop\",\"item\":\"https:\\\/\\\/blackholediscos.com\\\/shop\\\/\"},{\"@type\":\"ListItem\",\"position\":3,\"name\":\"Carlinhos Santos &#8211; Todas as \u00e1guas\"}]},{\"@type\":\"WebSite\",\"@id\":\"https:\\\/\\\/blackholediscos.com\\\/#website\",\"url\":\"https:\\\/\\\/blackholediscos.com\\\/\",\"name\":\"Black Hole Discos\",\"description\":\"Brazilian music LPs\",\"publisher\":{\"@id\":\"https:\\\/\\\/blackholediscos.com\\\/#organization\"},\"potentialAction\":[{\"@type\":\"SearchAction\",\"target\":{\"@type\":\"EntryPoint\",\"urlTemplate\":\"https:\\\/\\\/blackholediscos.com\\\/?s={search_term_string}\"},\"query-input\":{\"@type\":\"PropertyValueSpecification\",\"valueRequired\":true,\"valueName\":\"search_term_string\"}}],\"inLanguage\":\"en-US\"},{\"@type\":\"Organization\",\"@id\":\"https:\\\/\\\/blackholediscos.com\\\/#organization\",\"name\":\"Black Hole Discos\",\"url\":\"https:\\\/\\\/blackholediscos.com\\\/\",\"logo\":{\"@type\":\"ImageObject\",\"inLanguage\":\"en-US\",\"@id\":\"https:\\\/\\\/blackholediscos.com\\\/#\\\/schema\\\/logo\\\/image\\\/\",\"url\":\"https:\\\/\\\/blackholediscos.com\\\/wp-content\\\/uploads\\\/2024\\\/06\\\/black-hole-discos-vinis-logo.png\",\"contentUrl\":\"https:\\\/\\\/blackholediscos.com\\\/wp-content\\\/uploads\\\/2024\\\/06\\\/black-hole-discos-vinis-logo.png\",\"width\":70,\"height\":66,\"caption\":\"Black Hole Discos\"},\"image\":{\"@id\":\"https:\\\/\\\/blackholediscos.com\\\/#\\\/schema\\\/logo\\\/image\\\/\"},\"sameAs\":[\"https:\\\/\\\/www.instagram.com\\\/blackholediscos\\\/\"]}]}<\/script>\n<!-- \/ Yoast SEO plugin. -->","yoast_head_json":{"title":"Carlinhos Santos - Todas as \u00e1guas - Black Hole Discos","robots":{"index":"index","follow":"follow","max-snippet":"max-snippet:-1","max-image-preview":"max-image-preview:large","max-video-preview":"max-video-preview:-1"},"canonical":"https:\/\/blackholediscos.com\/en\/product\/carlinhos-santos-todas-as-aguas\/","og_locale":"en_US","og_type":"article","og_title":"Carlinhos Santos - Todas as \u00e1guas - Black Hole Discos","og_description":"LP Original de \u00e9poca em perfeitas condi\u00e7\u00f5es de capa e m\u00eddia, acompanha raro encarte original. Lista de Faixas : A1 Todas As \u00c1guas Acoustic Guitar \u2013 Carlinhos Santos Arranged By \u2013 Carlinhos Santos Bass Guitar \u2013 Tenison Ramos Drums \u2013 Amauri Copeti Keyboards, Effects \u2013 Francisco Ferreti* Written-By \u2013 Carlinhos Santos, Ciro Da Silva Vaz [&hellip;]","og_url":"https:\/\/blackholediscos.com\/en\/product\/carlinhos-santos-todas-as-aguas\/","og_site_name":"Black Hole Discos","article_publisher":"https:\/\/www.instagram.com\/blackholediscos\/","article_modified_time":"2024-06-29T19:14:12+00:00","og_image":[{"width":2560,"height":2560,"url":"https:\/\/blackholediscos.com\/wp-content\/uploads\/2024\/06\/IMG_6827-scaled.jpeg","type":"image\/jpeg"}],"twitter_card":"summary_large_image","twitter_misc":{"Est. reading time":"3 minutes"},"schema":{"@context":"https:\/\/schema.org","@graph":[{"@type":"WebPage","@id":"https:\/\/blackholediscos.com\/product\/carlinhos-santos-todas-as-aguas\/","url":"https:\/\/blackholediscos.com\/product\/carlinhos-santos-todas-as-aguas\/","name":"Carlinhos Santos - Todas as \u00e1guas - Black Hole Discos","isPartOf":{"@id":"https:\/\/blackholediscos.com\/#website"},"primaryImageOfPage":{"@id":"https:\/\/blackholediscos.com\/product\/carlinhos-santos-todas-as-aguas\/#primaryimage"},"image":{"@id":"https:\/\/blackholediscos.com\/product\/carlinhos-santos-todas-as-aguas\/#primaryimage"},"thumbnailUrl":"https:\/\/blackholediscos.com\/wp-content\/uploads\/2024\/06\/IMG_6827-scaled.jpeg","datePublished":"2024-06-24T20:56:07+00:00","dateModified":"2024-06-29T19:14:12+00:00","breadcrumb":{"@id":"https:\/\/blackholediscos.com\/product\/carlinhos-santos-todas-as-aguas\/#breadcrumb"},"inLanguage":"en-US","potentialAction":[{"@type":"ReadAction","target":["https:\/\/blackholediscos.com\/product\/carlinhos-santos-todas-as-aguas\/"]}]},{"@type":"ImageObject","inLanguage":"en-US","@id":"https:\/\/blackholediscos.com\/product\/carlinhos-santos-todas-as-aguas\/#primaryimage","url":"https:\/\/blackholediscos.com\/wp-content\/uploads\/2024\/06\/IMG_6827-scaled.jpeg","contentUrl":"https:\/\/blackholediscos.com\/wp-content\/uploads\/2024\/06\/IMG_6827-scaled.jpeg","width":2560,"height":2560},{"@type":"BreadcrumbList","@id":"https:\/\/blackholediscos.com\/product\/carlinhos-santos-todas-as-aguas\/#breadcrumb","itemListElement":[{"@type":"ListItem","position":1,"name":"In\u00edcio","item":"https:\/\/blackholediscos.com\/"},{"@type":"ListItem","position":2,"name":"Shop","item":"https:\/\/blackholediscos.com\/shop\/"},{"@type":"ListItem","position":3,"name":"Carlinhos Santos &#8211; Todas as \u00e1guas"}]},{"@type":"WebSite","@id":"https:\/\/blackholediscos.com\/#website","url":"https:\/\/blackholediscos.com\/","name":"Black Hole Discos","description":"Brazilian music LPs","publisher":{"@id":"https:\/\/blackholediscos.com\/#organization"},"potentialAction":[{"@type":"SearchAction","target":{"@type":"EntryPoint","urlTemplate":"https:\/\/blackholediscos.com\/?s={search_term_string}"},"query-input":{"@type":"PropertyValueSpecification","valueRequired":true,"valueName":"search_term_string"}}],"inLanguage":"en-US"},{"@type":"Organization","@id":"https:\/\/blackholediscos.com\/#organization","name":"Black Hole Discos","url":"https:\/\/blackholediscos.com\/","logo":{"@type":"ImageObject","inLanguage":"en-US","@id":"https:\/\/blackholediscos.com\/#\/schema\/logo\/image\/","url":"https:\/\/blackholediscos.com\/wp-content\/uploads\/2024\/06\/black-hole-discos-vinis-logo.png","contentUrl":"https:\/\/blackholediscos.com\/wp-content\/uploads\/2024\/06\/black-hole-discos-vinis-logo.png","width":70,"height":66,"caption":"Black Hole Discos"},"image":{"@id":"https:\/\/blackholediscos.com\/#\/schema\/logo\/image\/"},"sameAs":["https:\/\/www.instagram.com\/blackholediscos\/"]}]}},"_links":{"self":[{"href":"https:\/\/blackholediscos.com\/en\/wp-json\/wp\/v2\/product\/2597","targetHints":{"allow":["GET"]}}],"collection":[{"href":"https:\/\/blackholediscos.com\/en\/wp-json\/wp\/v2\/product"}],"about":[{"href":"https:\/\/blackholediscos.com\/en\/wp-json\/wp\/v2\/types\/product"}],"replies":[{"embeddable":true,"href":"https:\/\/blackholediscos.com\/en\/wp-json\/wp\/v2\/comments?post=2597"}],"wp:featuredmedia":[{"embeddable":true,"href":"https:\/\/blackholediscos.com\/en\/wp-json\/wp\/v2\/media\/2498"}],"wp:attachment":[{"href":"https:\/\/blackholediscos.com\/en\/wp-json\/wp\/v2\/media?parent=2597"}],"wp:term":[{"taxonomy":"product_brand","embeddable":true,"href":"https:\/\/blackholediscos.com\/en\/wp-json\/wp\/v2\/product_brand?post=2597"},{"taxonomy":"product_cat","embeddable":true,"href":"https:\/\/blackholediscos.com\/en\/wp-json\/wp\/v2\/product_cat?post=2597"},{"taxonomy":"product_tag","embeddable":true,"href":"https:\/\/blackholediscos.com\/en\/wp-json\/wp\/v2\/product_tag?post=2597"},{"taxonomy":"artista","embeddable":true,"href":"https:\/\/blackholediscos.com\/en\/wp-json\/wp\/v2\/artista?post=2597"},{"taxonomy":"produtora","embeddable":true,"href":"https:\/\/blackholediscos.com\/en\/wp-json\/wp\/v2\/produtora?post=2597"},{"taxonomy":"ano","embeddable":true,"href":"https:\/\/blackholediscos.com\/en\/wp-json\/wp\/v2\/ano?post=2597"}],"curies":[{"name":"wp","href":"https:\/\/api.w.org\/{rel}","templated":true}]}}