{"id":2595,"date":"2024-06-24T20:50:18","date_gmt":"2024-06-24T20:50:18","guid":{"rendered":"https:\/\/blackholediscos.com\/?post_type=product&#038;p=2595"},"modified":"2024-06-29T19:14:58","modified_gmt":"2024-06-29T19:14:58","slug":"tony-e-frankye-tony-e-frankye-1971","status":"publish","type":"product","link":"https:\/\/blackholediscos.com\/en\/product\/tony-e-frankye-tony-e-frankye-1971\/","title":{"rendered":"Tony e Frankye &#8211; Tony e Frankye 1971"},"content":{"rendered":"<p>LP Original de \u00e9poca em excelentes condi\u00e7\u00f5es de capa e m\u00eddia. <\/p>\n<p>Lista de faixas<\/p>\n<p>A1\tVou Procurar O Meu Lugar<br \/>\nA2\tDepois Da Chuva No P\u00f4sto 4<br \/>\nA3\tQue Eu Acabei Com Nosso Amor<br \/>\nA4\tVamos L\u00e1 Pra Ver<br \/>\nA5\tHoje \u00c9 Quarta Feira<br \/>\nA6\tAlma Brasileira<br \/>\nB1\tEstou Perdido No Meio Da Rua<br \/>\nB2\tTrifocal<br \/>\nB3\tPatat\u00ed Patat\u00e1<br \/>\nB4\tO Uirapur\u00fa<br \/>\nB5\tBroken Heart<br \/>\nB6\tCan\u00e7\u00e3o De Esperar<\/p>","protected":false},"excerpt":{"rendered":"<p>LP Original de \u00e9poca em excelentes condi\u00e7\u00f5es de capa e m\u00eddia. Lista de faixas A1 Vou Procurar O Meu Lugar A2 Depois Da Chuva No P\u00f4sto 4 A3 Que Eu Acabei Com Nosso Amor A4 Vamos L\u00e1 Pra Ver A5 Hoje \u00c9 Quarta Feira A6 Alma Brasileira B1 Estou Perdido No Meio Da Rua B2 [&hellip;]<\/p>\n","protected":false},"featured_media":2494,"comment_status":"open","ping_status":"closed","template":"","meta":{"_acf_changed":false},"product_brand":[],"product_cat":[39,35,173],"product_tag":[],"artista":[636,637],"produtora":[],"ano":[94],"class_list":{"0":"post-2595","1":"product","2":"type-product","3":"status-publish","4":"has-post-thumbnail","6":"product_cat-mpb","7":"product_cat-rock","8":"product_cat-rock-alternativo","9":"artista-tony","10":"artista-tony-e-frankye","11":"ano-94","13":"first","14":"instock","15":"shipping-taxable","16":"purchasable","17":"product-type-simple"},"acf":[],"yoast_head":"<!-- This site is optimized with the Yoast SEO plugin v27.6 - https:\/\/yoast.com\/product\/yoast-seo-wordpress\/ -->\n<title>Tony e Frankye - Tony e Frankye 1971 - Black Hole Discos<\/title>\n<meta name=\"robots\" content=\"index, follow, max-snippet:-1, max-image-preview:large, max-video-preview:-1\" \/>\n<link rel=\"canonical\" href=\"https:\/\/blackholediscos.com\/en\/product\/tony-e-frankye-tony-e-frankye-1971\/\" \/>\n<meta property=\"og:locale\" content=\"en_US\" \/>\n<meta property=\"og:type\" content=\"article\" \/>\n<meta property=\"og:title\" content=\"Tony e Frankye - Tony e Frankye 1971 - Black Hole Discos\" \/>\n<meta property=\"og:description\" content=\"LP Original de \u00e9poca em excelentes condi\u00e7\u00f5es de capa e m\u00eddia. Lista de faixas A1 Vou Procurar O Meu Lugar A2 Depois Da Chuva No P\u00f4sto 4 A3 Que Eu Acabei Com Nosso Amor A4 Vamos L\u00e1 Pra Ver A5 Hoje \u00c9 Quarta Feira A6 Alma Brasileira B1 Estou Perdido No Meio Da Rua B2 [&hellip;]\" \/>\n<meta property=\"og:url\" content=\"https:\/\/blackholediscos.com\/en\/product\/tony-e-frankye-tony-e-frankye-1971\/\" \/>\n<meta property=\"og:site_name\" content=\"Black Hole Discos\" \/>\n<meta property=\"article:publisher\" content=\"https:\/\/www.instagram.com\/blackholediscos\/\" \/>\n<meta property=\"article:modified_time\" content=\"2024-06-29T19:14:58+00:00\" \/>\n<meta property=\"og:image\" content=\"https:\/\/blackholediscos.com\/wp-content\/uploads\/2024\/06\/IMG_6823-scaled.jpeg\" \/>\n\t<meta property=\"og:image:width\" content=\"2560\" \/>\n\t<meta property=\"og:image:height\" content=\"2560\" \/>\n\t<meta property=\"og:image:type\" content=\"image\/jpeg\" \/>\n<meta name=\"twitter:card\" content=\"summary_large_image\" \/>\n<meta name=\"twitter:label1\" content=\"Est. reading time\" \/>\n\t<meta name=\"twitter:data1\" content=\"1 minute\" \/>\n<script type=\"application\/ld+json\" class=\"yoast-schema-graph\">{\"@context\":\"https:\\\/\\\/schema.org\",\"@graph\":[{\"@type\":\"WebPage\",\"@id\":\"https:\\\/\\\/blackholediscos.com\\\/product\\\/tony-e-frankye-tony-e-frankye-1971\\\/\",\"url\":\"https:\\\/\\\/blackholediscos.com\\\/product\\\/tony-e-frankye-tony-e-frankye-1971\\\/\",\"name\":\"Tony e Frankye - Tony e Frankye 1971 - Black Hole Discos\",\"isPartOf\":{\"@id\":\"https:\\\/\\\/blackholediscos.com\\\/#website\"},\"primaryImageOfPage\":{\"@id\":\"https:\\\/\\\/blackholediscos.com\\\/product\\\/tony-e-frankye-tony-e-frankye-1971\\\/#primaryimage\"},\"image\":{\"@id\":\"https:\\\/\\\/blackholediscos.com\\\/product\\\/tony-e-frankye-tony-e-frankye-1971\\\/#primaryimage\"},\"thumbnailUrl\":\"https:\\\/\\\/blackholediscos.com\\\/wp-content\\\/uploads\\\/2024\\\/06\\\/IMG_6823-scaled.jpeg\",\"datePublished\":\"2024-06-24T20:50:18+00:00\",\"dateModified\":\"2024-06-29T19:14:58+00:00\",\"breadcrumb\":{\"@id\":\"https:\\\/\\\/blackholediscos.com\\\/product\\\/tony-e-frankye-tony-e-frankye-1971\\\/#breadcrumb\"},\"inLanguage\":\"en-US\",\"potentialAction\":[{\"@type\":\"ReadAction\",\"target\":[\"https:\\\/\\\/blackholediscos.com\\\/product\\\/tony-e-frankye-tony-e-frankye-1971\\\/\"]}]},{\"@type\":\"ImageObject\",\"inLanguage\":\"en-US\",\"@id\":\"https:\\\/\\\/blackholediscos.com\\\/product\\\/tony-e-frankye-tony-e-frankye-1971\\\/#primaryimage\",\"url\":\"https:\\\/\\\/blackholediscos.com\\\/wp-content\\\/uploads\\\/2024\\\/06\\\/IMG_6823-scaled.jpeg\",\"contentUrl\":\"https:\\\/\\\/blackholediscos.com\\\/wp-content\\\/uploads\\\/2024\\\/06\\\/IMG_6823-scaled.jpeg\",\"width\":2560,\"height\":2560},{\"@type\":\"BreadcrumbList\",\"@id\":\"https:\\\/\\\/blackholediscos.com\\\/product\\\/tony-e-frankye-tony-e-frankye-1971\\\/#breadcrumb\",\"itemListElement\":[{\"@type\":\"ListItem\",\"position\":1,\"name\":\"In\u00edcio\",\"item\":\"https:\\\/\\\/blackholediscos.com\\\/\"},{\"@type\":\"ListItem\",\"position\":2,\"name\":\"Shop\",\"item\":\"https:\\\/\\\/blackholediscos.com\\\/shop\\\/\"},{\"@type\":\"ListItem\",\"position\":3,\"name\":\"Tony e Frankye &#8211; Tony e Frankye 1971\"}]},{\"@type\":\"WebSite\",\"@id\":\"https:\\\/\\\/blackholediscos.com\\\/#website\",\"url\":\"https:\\\/\\\/blackholediscos.com\\\/\",\"name\":\"Black Hole Discos\",\"description\":\"Brazilian music LPs\",\"publisher\":{\"@id\":\"https:\\\/\\\/blackholediscos.com\\\/#organization\"},\"potentialAction\":[{\"@type\":\"SearchAction\",\"target\":{\"@type\":\"EntryPoint\",\"urlTemplate\":\"https:\\\/\\\/blackholediscos.com\\\/?s={search_term_string}\"},\"query-input\":{\"@type\":\"PropertyValueSpecification\",\"valueRequired\":true,\"valueName\":\"search_term_string\"}}],\"inLanguage\":\"en-US\"},{\"@type\":\"Organization\",\"@id\":\"https:\\\/\\\/blackholediscos.com\\\/#organization\",\"name\":\"Black Hole Discos\",\"url\":\"https:\\\/\\\/blackholediscos.com\\\/\",\"logo\":{\"@type\":\"ImageObject\",\"inLanguage\":\"en-US\",\"@id\":\"https:\\\/\\\/blackholediscos.com\\\/#\\\/schema\\\/logo\\\/image\\\/\",\"url\":\"https:\\\/\\\/blackholediscos.com\\\/wp-content\\\/uploads\\\/2024\\\/06\\\/black-hole-discos-vinis-logo.png\",\"contentUrl\":\"https:\\\/\\\/blackholediscos.com\\\/wp-content\\\/uploads\\\/2024\\\/06\\\/black-hole-discos-vinis-logo.png\",\"width\":70,\"height\":66,\"caption\":\"Black Hole Discos\"},\"image\":{\"@id\":\"https:\\\/\\\/blackholediscos.com\\\/#\\\/schema\\\/logo\\\/image\\\/\"},\"sameAs\":[\"https:\\\/\\\/www.instagram.com\\\/blackholediscos\\\/\"]}]}<\/script>\n<!-- \/ Yoast SEO plugin. -->","yoast_head_json":{"title":"Tony e Frankye - Tony e Frankye 1971 - Black Hole Discos","robots":{"index":"index","follow":"follow","max-snippet":"max-snippet:-1","max-image-preview":"max-image-preview:large","max-video-preview":"max-video-preview:-1"},"canonical":"https:\/\/blackholediscos.com\/en\/product\/tony-e-frankye-tony-e-frankye-1971\/","og_locale":"en_US","og_type":"article","og_title":"Tony e Frankye - Tony e Frankye 1971 - Black Hole Discos","og_description":"LP Original de \u00e9poca em excelentes condi\u00e7\u00f5es de capa e m\u00eddia. Lista de faixas A1 Vou Procurar O Meu Lugar A2 Depois Da Chuva No P\u00f4sto 4 A3 Que Eu Acabei Com Nosso Amor A4 Vamos L\u00e1 Pra Ver A5 Hoje \u00c9 Quarta Feira A6 Alma Brasileira B1 Estou Perdido No Meio Da Rua B2 [&hellip;]","og_url":"https:\/\/blackholediscos.com\/en\/product\/tony-e-frankye-tony-e-frankye-1971\/","og_site_name":"Black Hole Discos","article_publisher":"https:\/\/www.instagram.com\/blackholediscos\/","article_modified_time":"2024-06-29T19:14:58+00:00","og_image":[{"width":2560,"height":2560,"url":"https:\/\/blackholediscos.com\/wp-content\/uploads\/2024\/06\/IMG_6823-scaled.jpeg","type":"image\/jpeg"}],"twitter_card":"summary_large_image","twitter_misc":{"Est. reading time":"1 minute"},"schema":{"@context":"https:\/\/schema.org","@graph":[{"@type":"WebPage","@id":"https:\/\/blackholediscos.com\/product\/tony-e-frankye-tony-e-frankye-1971\/","url":"https:\/\/blackholediscos.com\/product\/tony-e-frankye-tony-e-frankye-1971\/","name":"Tony e Frankye - Tony e Frankye 1971 - Black Hole Discos","isPartOf":{"@id":"https:\/\/blackholediscos.com\/#website"},"primaryImageOfPage":{"@id":"https:\/\/blackholediscos.com\/product\/tony-e-frankye-tony-e-frankye-1971\/#primaryimage"},"image":{"@id":"https:\/\/blackholediscos.com\/product\/tony-e-frankye-tony-e-frankye-1971\/#primaryimage"},"thumbnailUrl":"https:\/\/blackholediscos.com\/wp-content\/uploads\/2024\/06\/IMG_6823-scaled.jpeg","datePublished":"2024-06-24T20:50:18+00:00","dateModified":"2024-06-29T19:14:58+00:00","breadcrumb":{"@id":"https:\/\/blackholediscos.com\/product\/tony-e-frankye-tony-e-frankye-1971\/#breadcrumb"},"inLanguage":"en-US","potentialAction":[{"@type":"ReadAction","target":["https:\/\/blackholediscos.com\/product\/tony-e-frankye-tony-e-frankye-1971\/"]}]},{"@type":"ImageObject","inLanguage":"en-US","@id":"https:\/\/blackholediscos.com\/product\/tony-e-frankye-tony-e-frankye-1971\/#primaryimage","url":"https:\/\/blackholediscos.com\/wp-content\/uploads\/2024\/06\/IMG_6823-scaled.jpeg","contentUrl":"https:\/\/blackholediscos.com\/wp-content\/uploads\/2024\/06\/IMG_6823-scaled.jpeg","width":2560,"height":2560},{"@type":"BreadcrumbList","@id":"https:\/\/blackholediscos.com\/product\/tony-e-frankye-tony-e-frankye-1971\/#breadcrumb","itemListElement":[{"@type":"ListItem","position":1,"name":"In\u00edcio","item":"https:\/\/blackholediscos.com\/"},{"@type":"ListItem","position":2,"name":"Shop","item":"https:\/\/blackholediscos.com\/shop\/"},{"@type":"ListItem","position":3,"name":"Tony e Frankye &#8211; Tony e Frankye 1971"}]},{"@type":"WebSite","@id":"https:\/\/blackholediscos.com\/#website","url":"https:\/\/blackholediscos.com\/","name":"Black Hole Discos","description":"Brazilian music LPs","publisher":{"@id":"https:\/\/blackholediscos.com\/#organization"},"potentialAction":[{"@type":"SearchAction","target":{"@type":"EntryPoint","urlTemplate":"https:\/\/blackholediscos.com\/?s={search_term_string}"},"query-input":{"@type":"PropertyValueSpecification","valueRequired":true,"valueName":"search_term_string"}}],"inLanguage":"en-US"},{"@type":"Organization","@id":"https:\/\/blackholediscos.com\/#organization","name":"Black Hole Discos","url":"https:\/\/blackholediscos.com\/","logo":{"@type":"ImageObject","inLanguage":"en-US","@id":"https:\/\/blackholediscos.com\/#\/schema\/logo\/image\/","url":"https:\/\/blackholediscos.com\/wp-content\/uploads\/2024\/06\/black-hole-discos-vinis-logo.png","contentUrl":"https:\/\/blackholediscos.com\/wp-content\/uploads\/2024\/06\/black-hole-discos-vinis-logo.png","width":70,"height":66,"caption":"Black Hole Discos"},"image":{"@id":"https:\/\/blackholediscos.com\/#\/schema\/logo\/image\/"},"sameAs":["https:\/\/www.instagram.com\/blackholediscos\/"]}]}},"_links":{"self":[{"href":"https:\/\/blackholediscos.com\/en\/wp-json\/wp\/v2\/product\/2595","targetHints":{"allow":["GET"]}}],"collection":[{"href":"https:\/\/blackholediscos.com\/en\/wp-json\/wp\/v2\/product"}],"about":[{"href":"https:\/\/blackholediscos.com\/en\/wp-json\/wp\/v2\/types\/product"}],"replies":[{"embeddable":true,"href":"https:\/\/blackholediscos.com\/en\/wp-json\/wp\/v2\/comments?post=2595"}],"wp:featuredmedia":[{"embeddable":true,"href":"https:\/\/blackholediscos.com\/en\/wp-json\/wp\/v2\/media\/2494"}],"wp:attachment":[{"href":"https:\/\/blackholediscos.com\/en\/wp-json\/wp\/v2\/media?parent=2595"}],"wp:term":[{"taxonomy":"product_brand","embeddable":true,"href":"https:\/\/blackholediscos.com\/en\/wp-json\/wp\/v2\/product_brand?post=2595"},{"taxonomy":"product_cat","embeddable":true,"href":"https:\/\/blackholediscos.com\/en\/wp-json\/wp\/v2\/product_cat?post=2595"},{"taxonomy":"product_tag","embeddable":true,"href":"https:\/\/blackholediscos.com\/en\/wp-json\/wp\/v2\/product_tag?post=2595"},{"taxonomy":"artista","embeddable":true,"href":"https:\/\/blackholediscos.com\/en\/wp-json\/wp\/v2\/artista?post=2595"},{"taxonomy":"produtora","embeddable":true,"href":"https:\/\/blackholediscos.com\/en\/wp-json\/wp\/v2\/produtora?post=2595"},{"taxonomy":"ano","embeddable":true,"href":"https:\/\/blackholediscos.com\/en\/wp-json\/wp\/v2\/ano?post=2595"}],"curies":[{"name":"wp","href":"https:\/\/api.w.org\/{rel}","templated":true}]}}