{"id":2593,"date":"2024-06-24T20:42:13","date_gmt":"2024-06-24T20:42:13","guid":{"rendered":"https:\/\/blackholediscos.com\/?post_type=product&#038;p=2593"},"modified":"2024-06-29T19:15:16","modified_gmt":"2024-06-29T19:15:16","slug":"letuce-estilhaca","status":"publish","type":"product","link":"https:\/\/blackholediscos.com\/en\/product\/letuce-estilhaca\/","title":{"rendered":"Letuce &#8211; Estilha\u00e7a"},"content":{"rendered":"<p>LP lacrado de f\u00e1brica. Com autografo da Let\u00edcia (Letrux).<\/p>\n<p>Romaria Discos \u200e\u2013 RMR-004<\/p>\n<p>Position\tTitle\/Credits\tDuration<br \/>\nA1\tQuero Trabalhar Com Vidro<br \/>\nWritten-By \u2013 Let\u00edcia Novaes, Lucas Vasconcellos<br \/>\nA2\tLugar Para Dois<br \/>\nWritten-By \u2013 Arthur Braganti, Let\u00edcia Novaes, Lucas Vasconcellos<br \/>\nA3\tLove Is Magick<br \/>\nWritten-By \u2013 Raul Seixas, Spacey Glow<br \/>\nA4\tTodos os Lugares do Mundo<br \/>\nWritten-By \u2013 Let\u00edcia Novaes, Lucas Vasconcellos<br \/>\nA5\tMuita Cara<br \/>\nWritten-By \u2013 F\u00e1bio Lima (4), Let\u00edcia Novaes, Lucas Vasconcellos, Thomas Harres<br \/>\nB1\tMuralha da China<br \/>\nWritten-By \u2013 Fred Coelho, Let\u00edcia Novaes, Lucas Vasconcellos<br \/>\nB2\tArist\u00f3teles Laughs<br \/>\nWritten-By \u2013 F\u00e1bio Lima (4), Let\u00edcia Novaes, Lucas Vasconcellos, Thomas Harres<br \/>\nB3\tAnimadina<br \/>\nWritten-By \u2013 F\u00e1bio Lima (4), Let\u00edcia Novaes, Lucas Vasconcellos, Thomas Harres<br \/>\nB4\tArca de No\u00e9<br \/>\nWritten-By \u2013 Let\u00edcia Novaes, Lucas Vasconcellos<br \/>\nB5\tMergulhei De M\u00e1scara<br \/>\nWritten-By \u2013 Arthur Braganti, Let\u00edcia Novaes, Lucas Vasconcellos<br \/>\nB6\tTodos Querem Amar<br \/>\nWritten-By \u2013 F\u00e1bio Lima (4), Let\u00edcia Novaes, Lucas Vasconcellos, Thomas Harres<\/p>","protected":false},"excerpt":{"rendered":"<p>LP lacrado de f\u00e1brica. Com autografo da Let\u00edcia (Letrux). Romaria Discos \u200e\u2013 RMR-004 Position Title\/Credits Duration A1 Quero Trabalhar Com Vidro Written-By \u2013 Let\u00edcia Novaes, Lucas Vasconcellos A2 Lugar Para Dois Written-By \u2013 Arthur Braganti, Let\u00edcia Novaes, Lucas Vasconcellos A3 Love Is Magick Written-By \u2013 Raul Seixas, Spacey Glow A4 Todos os Lugares do Mundo [&hellip;]<\/p>\n","protected":false},"featured_media":2523,"comment_status":"open","ping_status":"closed","template":"","meta":{"_acf_changed":false},"product_brand":[],"product_cat":[332,78,48,173],"product_tag":[],"artista":[633],"produtora":[634],"ano":[282],"class_list":{"0":"post-2593","1":"product","2":"type-product","3":"status-publish","4":"has-post-thumbnail","6":"product_cat-selos-independentes","7":"product_cat-contemporaneos","8":"product_cat-psicodelia","9":"product_cat-rock-alternativo","10":"artista-letuce","11":"produtora-romaria-discos","12":"ano-282","14":"first","15":"instock","16":"shipping-taxable","17":"purchasable","18":"product-type-simple"},"acf":[],"yoast_head":"<!-- This site is optimized with the Yoast SEO plugin v27.3 - https:\/\/yoast.com\/product\/yoast-seo-wordpress\/ -->\n<title>Letuce - Estilha\u00e7a - Black Hole Discos<\/title>\n<meta name=\"robots\" content=\"index, follow, max-snippet:-1, max-image-preview:large, max-video-preview:-1\" \/>\n<link rel=\"canonical\" href=\"https:\/\/blackholediscos.com\/en\/product\/letuce-estilhaca\/\" \/>\n<meta property=\"og:locale\" content=\"en_US\" \/>\n<meta property=\"og:type\" content=\"article\" \/>\n<meta property=\"og:title\" content=\"Letuce - Estilha\u00e7a - Black Hole Discos\" \/>\n<meta property=\"og:description\" content=\"LP lacrado de f\u00e1brica. Com autografo da Let\u00edcia (Letrux). Romaria Discos \u200e\u2013 RMR-004 Position Title\/Credits Duration A1 Quero Trabalhar Com Vidro Written-By \u2013 Let\u00edcia Novaes, Lucas Vasconcellos A2 Lugar Para Dois Written-By \u2013 Arthur Braganti, Let\u00edcia Novaes, Lucas Vasconcellos A3 Love Is Magick Written-By \u2013 Raul Seixas, Spacey Glow A4 Todos os Lugares do Mundo [&hellip;]\" \/>\n<meta property=\"og:url\" content=\"https:\/\/blackholediscos.com\/en\/product\/letuce-estilhaca\/\" \/>\n<meta property=\"og:site_name\" content=\"Black Hole Discos\" \/>\n<meta property=\"article:publisher\" content=\"https:\/\/www.instagram.com\/blackholediscos\/\" \/>\n<meta property=\"article:modified_time\" content=\"2024-06-29T19:15:16+00:00\" \/>\n<meta property=\"og:image\" content=\"https:\/\/blackholediscos.com\/wp-content\/uploads\/2024\/06\/IMG_5404-scaled.jpeg\" \/>\n\t<meta property=\"og:image:width\" content=\"2560\" \/>\n\t<meta property=\"og:image:height\" content=\"2560\" \/>\n\t<meta property=\"og:image:type\" content=\"image\/jpeg\" \/>\n<meta name=\"twitter:card\" content=\"summary_large_image\" \/>\n<meta name=\"twitter:label1\" content=\"Est. reading time\" \/>\n\t<meta name=\"twitter:data1\" content=\"1 minute\" \/>\n<script type=\"application\/ld+json\" class=\"yoast-schema-graph\">{\"@context\":\"https:\\\/\\\/schema.org\",\"@graph\":[{\"@type\":\"WebPage\",\"@id\":\"https:\\\/\\\/blackholediscos.com\\\/product\\\/letuce-estilhaca\\\/\",\"url\":\"https:\\\/\\\/blackholediscos.com\\\/product\\\/letuce-estilhaca\\\/\",\"name\":\"Letuce - Estilha\u00e7a - Black Hole Discos\",\"isPartOf\":{\"@id\":\"https:\\\/\\\/blackholediscos.com\\\/#website\"},\"primaryImageOfPage\":{\"@id\":\"https:\\\/\\\/blackholediscos.com\\\/product\\\/letuce-estilhaca\\\/#primaryimage\"},\"image\":{\"@id\":\"https:\\\/\\\/blackholediscos.com\\\/product\\\/letuce-estilhaca\\\/#primaryimage\"},\"thumbnailUrl\":\"https:\\\/\\\/blackholediscos.com\\\/wp-content\\\/uploads\\\/2024\\\/06\\\/IMG_5404-scaled.jpeg\",\"datePublished\":\"2024-06-24T20:42:13+00:00\",\"dateModified\":\"2024-06-29T19:15:16+00:00\",\"breadcrumb\":{\"@id\":\"https:\\\/\\\/blackholediscos.com\\\/product\\\/letuce-estilhaca\\\/#breadcrumb\"},\"inLanguage\":\"en-US\",\"potentialAction\":[{\"@type\":\"ReadAction\",\"target\":[\"https:\\\/\\\/blackholediscos.com\\\/product\\\/letuce-estilhaca\\\/\"]}]},{\"@type\":\"ImageObject\",\"inLanguage\":\"en-US\",\"@id\":\"https:\\\/\\\/blackholediscos.com\\\/product\\\/letuce-estilhaca\\\/#primaryimage\",\"url\":\"https:\\\/\\\/blackholediscos.com\\\/wp-content\\\/uploads\\\/2024\\\/06\\\/IMG_5404-scaled.jpeg\",\"contentUrl\":\"https:\\\/\\\/blackholediscos.com\\\/wp-content\\\/uploads\\\/2024\\\/06\\\/IMG_5404-scaled.jpeg\",\"width\":2560,\"height\":2560},{\"@type\":\"BreadcrumbList\",\"@id\":\"https:\\\/\\\/blackholediscos.com\\\/product\\\/letuce-estilhaca\\\/#breadcrumb\",\"itemListElement\":[{\"@type\":\"ListItem\",\"position\":1,\"name\":\"In\u00edcio\",\"item\":\"https:\\\/\\\/blackholediscos.com\\\/\"},{\"@type\":\"ListItem\",\"position\":2,\"name\":\"Shop\",\"item\":\"https:\\\/\\\/blackholediscos.com\\\/shop\\\/\"},{\"@type\":\"ListItem\",\"position\":3,\"name\":\"Letuce &#8211; Estilha\u00e7a\"}]},{\"@type\":\"WebSite\",\"@id\":\"https:\\\/\\\/blackholediscos.com\\\/#website\",\"url\":\"https:\\\/\\\/blackholediscos.com\\\/\",\"name\":\"Black Hole Discos\",\"description\":\"Brazilian music LPs\",\"publisher\":{\"@id\":\"https:\\\/\\\/blackholediscos.com\\\/#organization\"},\"potentialAction\":[{\"@type\":\"SearchAction\",\"target\":{\"@type\":\"EntryPoint\",\"urlTemplate\":\"https:\\\/\\\/blackholediscos.com\\\/?s={search_term_string}\"},\"query-input\":{\"@type\":\"PropertyValueSpecification\",\"valueRequired\":true,\"valueName\":\"search_term_string\"}}],\"inLanguage\":\"en-US\"},{\"@type\":\"Organization\",\"@id\":\"https:\\\/\\\/blackholediscos.com\\\/#organization\",\"name\":\"Black Hole Discos\",\"url\":\"https:\\\/\\\/blackholediscos.com\\\/\",\"logo\":{\"@type\":\"ImageObject\",\"inLanguage\":\"en-US\",\"@id\":\"https:\\\/\\\/blackholediscos.com\\\/#\\\/schema\\\/logo\\\/image\\\/\",\"url\":\"https:\\\/\\\/blackholediscos.com\\\/wp-content\\\/uploads\\\/2024\\\/06\\\/black-hole-discos-vinis-logo.png\",\"contentUrl\":\"https:\\\/\\\/blackholediscos.com\\\/wp-content\\\/uploads\\\/2024\\\/06\\\/black-hole-discos-vinis-logo.png\",\"width\":70,\"height\":66,\"caption\":\"Black Hole Discos\"},\"image\":{\"@id\":\"https:\\\/\\\/blackholediscos.com\\\/#\\\/schema\\\/logo\\\/image\\\/\"},\"sameAs\":[\"https:\\\/\\\/www.instagram.com\\\/blackholediscos\\\/\"]}]}<\/script>\n<!-- \/ Yoast SEO plugin. -->","yoast_head_json":{"title":"Letuce - Estilha\u00e7a - Black Hole Discos","robots":{"index":"index","follow":"follow","max-snippet":"max-snippet:-1","max-image-preview":"max-image-preview:large","max-video-preview":"max-video-preview:-1"},"canonical":"https:\/\/blackholediscos.com\/en\/product\/letuce-estilhaca\/","og_locale":"en_US","og_type":"article","og_title":"Letuce - Estilha\u00e7a - Black Hole Discos","og_description":"LP lacrado de f\u00e1brica. Com autografo da Let\u00edcia (Letrux). Romaria Discos \u200e\u2013 RMR-004 Position Title\/Credits Duration A1 Quero Trabalhar Com Vidro Written-By \u2013 Let\u00edcia Novaes, Lucas Vasconcellos A2 Lugar Para Dois Written-By \u2013 Arthur Braganti, Let\u00edcia Novaes, Lucas Vasconcellos A3 Love Is Magick Written-By \u2013 Raul Seixas, Spacey Glow A4 Todos os Lugares do Mundo [&hellip;]","og_url":"https:\/\/blackholediscos.com\/en\/product\/letuce-estilhaca\/","og_site_name":"Black Hole Discos","article_publisher":"https:\/\/www.instagram.com\/blackholediscos\/","article_modified_time":"2024-06-29T19:15:16+00:00","og_image":[{"width":2560,"height":2560,"url":"https:\/\/blackholediscos.com\/wp-content\/uploads\/2024\/06\/IMG_5404-scaled.jpeg","type":"image\/jpeg"}],"twitter_card":"summary_large_image","twitter_misc":{"Est. reading time":"1 minute"},"schema":{"@context":"https:\/\/schema.org","@graph":[{"@type":"WebPage","@id":"https:\/\/blackholediscos.com\/product\/letuce-estilhaca\/","url":"https:\/\/blackholediscos.com\/product\/letuce-estilhaca\/","name":"Letuce - Estilha\u00e7a - Black Hole Discos","isPartOf":{"@id":"https:\/\/blackholediscos.com\/#website"},"primaryImageOfPage":{"@id":"https:\/\/blackholediscos.com\/product\/letuce-estilhaca\/#primaryimage"},"image":{"@id":"https:\/\/blackholediscos.com\/product\/letuce-estilhaca\/#primaryimage"},"thumbnailUrl":"https:\/\/blackholediscos.com\/wp-content\/uploads\/2024\/06\/IMG_5404-scaled.jpeg","datePublished":"2024-06-24T20:42:13+00:00","dateModified":"2024-06-29T19:15:16+00:00","breadcrumb":{"@id":"https:\/\/blackholediscos.com\/product\/letuce-estilhaca\/#breadcrumb"},"inLanguage":"en-US","potentialAction":[{"@type":"ReadAction","target":["https:\/\/blackholediscos.com\/product\/letuce-estilhaca\/"]}]},{"@type":"ImageObject","inLanguage":"en-US","@id":"https:\/\/blackholediscos.com\/product\/letuce-estilhaca\/#primaryimage","url":"https:\/\/blackholediscos.com\/wp-content\/uploads\/2024\/06\/IMG_5404-scaled.jpeg","contentUrl":"https:\/\/blackholediscos.com\/wp-content\/uploads\/2024\/06\/IMG_5404-scaled.jpeg","width":2560,"height":2560},{"@type":"BreadcrumbList","@id":"https:\/\/blackholediscos.com\/product\/letuce-estilhaca\/#breadcrumb","itemListElement":[{"@type":"ListItem","position":1,"name":"In\u00edcio","item":"https:\/\/blackholediscos.com\/"},{"@type":"ListItem","position":2,"name":"Shop","item":"https:\/\/blackholediscos.com\/shop\/"},{"@type":"ListItem","position":3,"name":"Letuce &#8211; Estilha\u00e7a"}]},{"@type":"WebSite","@id":"https:\/\/blackholediscos.com\/#website","url":"https:\/\/blackholediscos.com\/","name":"Black Hole Discos","description":"Brazilian music LPs","publisher":{"@id":"https:\/\/blackholediscos.com\/#organization"},"potentialAction":[{"@type":"SearchAction","target":{"@type":"EntryPoint","urlTemplate":"https:\/\/blackholediscos.com\/?s={search_term_string}"},"query-input":{"@type":"PropertyValueSpecification","valueRequired":true,"valueName":"search_term_string"}}],"inLanguage":"en-US"},{"@type":"Organization","@id":"https:\/\/blackholediscos.com\/#organization","name":"Black Hole Discos","url":"https:\/\/blackholediscos.com\/","logo":{"@type":"ImageObject","inLanguage":"en-US","@id":"https:\/\/blackholediscos.com\/#\/schema\/logo\/image\/","url":"https:\/\/blackholediscos.com\/wp-content\/uploads\/2024\/06\/black-hole-discos-vinis-logo.png","contentUrl":"https:\/\/blackholediscos.com\/wp-content\/uploads\/2024\/06\/black-hole-discos-vinis-logo.png","width":70,"height":66,"caption":"Black Hole Discos"},"image":{"@id":"https:\/\/blackholediscos.com\/#\/schema\/logo\/image\/"},"sameAs":["https:\/\/www.instagram.com\/blackholediscos\/"]}]}},"_links":{"self":[{"href":"https:\/\/blackholediscos.com\/en\/wp-json\/wp\/v2\/product\/2593","targetHints":{"allow":["GET"]}}],"collection":[{"href":"https:\/\/blackholediscos.com\/en\/wp-json\/wp\/v2\/product"}],"about":[{"href":"https:\/\/blackholediscos.com\/en\/wp-json\/wp\/v2\/types\/product"}],"replies":[{"embeddable":true,"href":"https:\/\/blackholediscos.com\/en\/wp-json\/wp\/v2\/comments?post=2593"}],"wp:featuredmedia":[{"embeddable":true,"href":"https:\/\/blackholediscos.com\/en\/wp-json\/wp\/v2\/media\/2523"}],"wp:attachment":[{"href":"https:\/\/blackholediscos.com\/en\/wp-json\/wp\/v2\/media?parent=2593"}],"wp:term":[{"taxonomy":"product_brand","embeddable":true,"href":"https:\/\/blackholediscos.com\/en\/wp-json\/wp\/v2\/product_brand?post=2593"},{"taxonomy":"product_cat","embeddable":true,"href":"https:\/\/blackholediscos.com\/en\/wp-json\/wp\/v2\/product_cat?post=2593"},{"taxonomy":"product_tag","embeddable":true,"href":"https:\/\/blackholediscos.com\/en\/wp-json\/wp\/v2\/product_tag?post=2593"},{"taxonomy":"artista","embeddable":true,"href":"https:\/\/blackholediscos.com\/en\/wp-json\/wp\/v2\/artista?post=2593"},{"taxonomy":"produtora","embeddable":true,"href":"https:\/\/blackholediscos.com\/en\/wp-json\/wp\/v2\/produtora?post=2593"},{"taxonomy":"ano","embeddable":true,"href":"https:\/\/blackholediscos.com\/en\/wp-json\/wp\/v2\/ano?post=2593"}],"curies":[{"name":"wp","href":"https:\/\/api.w.org\/{rel}","templated":true}]}}