{"id":2543,"date":"2024-06-24T18:33:04","date_gmt":"2024-06-24T18:33:04","guid":{"rendered":"https:\/\/blackholediscos.com\/?post_type=product&#038;p=2543"},"modified":"2024-06-30T19:51:56","modified_gmt":"2024-06-30T19:51:56","slug":"luiza-maria-eu-queria-ser-um-anjo","status":"publish","type":"product","link":"https:\/\/blackholediscos.com\/en\/product\/luiza-maria-eu-queria-ser-um-anjo\/","title":{"rendered":"Luiza Maria &#8211; Eu queria ser um Anjo"},"content":{"rendered":"<p>LP Original de \u00e9poca em excelentes condi\u00e7\u00f5es de m\u00eddia. Capa : VG<\/p>\n<p>Label:<br \/>\nPhilips \u2013 6349.140<\/p>\n<p>A1\tNa Casca Do Ovo\t2:25<br \/>\nA2\tMaya\t4:05<br \/>\nA3\tT\u00e3o Quente\t4:10<br \/>\nA4\tO Pr\u00edncipe Valente\t3:10<br \/>\nA5\tNo Fundo Do Po\u00e7o\t3:30<\/p>\n<p>B1\t\tN\u00e3o Corra Atr\u00e1s Do Sol\t2:50<br \/>\nB2\t\tO Anjo\t3:05<br \/>\nB3\t\tMiro Giro\t2:20<br \/>\nB4\t\tEu Sou Voc\u00ea\t4:00<br \/>\nB5\t\tUniverso E Fantasia<\/p>","protected":false},"excerpt":{"rendered":"<p>LP Original de \u00e9poca em excelentes condi\u00e7\u00f5es de m\u00eddia. Capa : VG Label: Philips \u2013 6349.140 A1 Na Casca Do Ovo 2:25 A2 Maya 4:05 A3 T\u00e3o Quente 4:10 A4 O Pr\u00edncipe Valente 3:10 A5 No Fundo Do Po\u00e7o 3:30 B1 N\u00e3o Corra Atr\u00e1s Do Sol 2:50 B2 O Anjo 3:05 B3 Miro Giro 2:20 [&hellip;]<\/p>\n","protected":false},"featured_media":2490,"comment_status":"open","ping_status":"closed","template":"","meta":{"_acf_changed":false},"product_brand":[],"product_cat":[508,39,48],"product_tag":[],"artista":[630],"produtora":[119],"ano":[63],"class_list":{"0":"post-2543","1":"product","2":"type-product","3":"status-publish","4":"has-post-thumbnail","6":"product_cat-folk-rock","7":"product_cat-mpb","8":"product_cat-psicodelia","9":"artista-luiza-maria","10":"produtora-philips","11":"ano-63","13":"first","14":"instock","15":"shipping-taxable","16":"purchasable","17":"product-type-simple"},"acf":[],"yoast_head":"<!-- This site is optimized with the Yoast SEO plugin v27.6 - https:\/\/yoast.com\/product\/yoast-seo-wordpress\/ -->\n<title>Luiza Maria - Eu queria ser um Anjo - Black Hole Discos<\/title>\n<meta name=\"robots\" content=\"index, follow, max-snippet:-1, max-image-preview:large, max-video-preview:-1\" \/>\n<link rel=\"canonical\" href=\"https:\/\/blackholediscos.com\/en\/product\/luiza-maria-eu-queria-ser-um-anjo\/\" \/>\n<meta property=\"og:locale\" content=\"en_US\" \/>\n<meta property=\"og:type\" content=\"article\" \/>\n<meta property=\"og:title\" content=\"Luiza Maria - Eu queria ser um Anjo - Black Hole Discos\" \/>\n<meta property=\"og:description\" content=\"LP Original de \u00e9poca em excelentes condi\u00e7\u00f5es de m\u00eddia. Capa : VG Label: Philips \u2013 6349.140 A1 Na Casca Do Ovo 2:25 A2 Maya 4:05 A3 T\u00e3o Quente 4:10 A4 O Pr\u00edncipe Valente 3:10 A5 No Fundo Do Po\u00e7o 3:30 B1 N\u00e3o Corra Atr\u00e1s Do Sol 2:50 B2 O Anjo 3:05 B3 Miro Giro 2:20 [&hellip;]\" \/>\n<meta property=\"og:url\" content=\"https:\/\/blackholediscos.com\/en\/product\/luiza-maria-eu-queria-ser-um-anjo\/\" \/>\n<meta property=\"og:site_name\" content=\"Black Hole Discos\" \/>\n<meta property=\"article:publisher\" content=\"https:\/\/www.instagram.com\/blackholediscos\/\" \/>\n<meta property=\"article:modified_time\" content=\"2024-06-30T19:51:56+00:00\" \/>\n<meta property=\"og:image\" content=\"https:\/\/blackholediscos.com\/wp-content\/uploads\/2024\/06\/IMG_6819-scaled.jpeg\" \/>\n\t<meta property=\"og:image:width\" content=\"2560\" \/>\n\t<meta property=\"og:image:height\" content=\"2560\" \/>\n\t<meta property=\"og:image:type\" content=\"image\/jpeg\" \/>\n<meta name=\"twitter:card\" content=\"summary_large_image\" \/>\n<meta name=\"twitter:label1\" content=\"Est. reading time\" \/>\n\t<meta name=\"twitter:data1\" content=\"1 minute\" \/>\n<script type=\"application\/ld+json\" class=\"yoast-schema-graph\">{\"@context\":\"https:\\\/\\\/schema.org\",\"@graph\":[{\"@type\":\"WebPage\",\"@id\":\"https:\\\/\\\/blackholediscos.com\\\/product\\\/luiza-maria-eu-queria-ser-um-anjo\\\/\",\"url\":\"https:\\\/\\\/blackholediscos.com\\\/product\\\/luiza-maria-eu-queria-ser-um-anjo\\\/\",\"name\":\"Luiza Maria - Eu queria ser um Anjo - Black Hole Discos\",\"isPartOf\":{\"@id\":\"https:\\\/\\\/blackholediscos.com\\\/#website\"},\"primaryImageOfPage\":{\"@id\":\"https:\\\/\\\/blackholediscos.com\\\/product\\\/luiza-maria-eu-queria-ser-um-anjo\\\/#primaryimage\"},\"image\":{\"@id\":\"https:\\\/\\\/blackholediscos.com\\\/product\\\/luiza-maria-eu-queria-ser-um-anjo\\\/#primaryimage\"},\"thumbnailUrl\":\"https:\\\/\\\/blackholediscos.com\\\/wp-content\\\/uploads\\\/2024\\\/06\\\/IMG_6819-scaled.jpeg\",\"datePublished\":\"2024-06-24T18:33:04+00:00\",\"dateModified\":\"2024-06-30T19:51:56+00:00\",\"breadcrumb\":{\"@id\":\"https:\\\/\\\/blackholediscos.com\\\/product\\\/luiza-maria-eu-queria-ser-um-anjo\\\/#breadcrumb\"},\"inLanguage\":\"en-US\",\"potentialAction\":[{\"@type\":\"ReadAction\",\"target\":[\"https:\\\/\\\/blackholediscos.com\\\/product\\\/luiza-maria-eu-queria-ser-um-anjo\\\/\"]}]},{\"@type\":\"ImageObject\",\"inLanguage\":\"en-US\",\"@id\":\"https:\\\/\\\/blackholediscos.com\\\/product\\\/luiza-maria-eu-queria-ser-um-anjo\\\/#primaryimage\",\"url\":\"https:\\\/\\\/blackholediscos.com\\\/wp-content\\\/uploads\\\/2024\\\/06\\\/IMG_6819-scaled.jpeg\",\"contentUrl\":\"https:\\\/\\\/blackholediscos.com\\\/wp-content\\\/uploads\\\/2024\\\/06\\\/IMG_6819-scaled.jpeg\",\"width\":2560,\"height\":2560},{\"@type\":\"BreadcrumbList\",\"@id\":\"https:\\\/\\\/blackholediscos.com\\\/product\\\/luiza-maria-eu-queria-ser-um-anjo\\\/#breadcrumb\",\"itemListElement\":[{\"@type\":\"ListItem\",\"position\":1,\"name\":\"In\u00edcio\",\"item\":\"https:\\\/\\\/blackholediscos.com\\\/\"},{\"@type\":\"ListItem\",\"position\":2,\"name\":\"Shop\",\"item\":\"https:\\\/\\\/blackholediscos.com\\\/shop\\\/\"},{\"@type\":\"ListItem\",\"position\":3,\"name\":\"Luiza Maria &#8211; Eu queria ser um Anjo\"}]},{\"@type\":\"WebSite\",\"@id\":\"https:\\\/\\\/blackholediscos.com\\\/#website\",\"url\":\"https:\\\/\\\/blackholediscos.com\\\/\",\"name\":\"Black Hole Discos\",\"description\":\"Brazilian music LPs\",\"publisher\":{\"@id\":\"https:\\\/\\\/blackholediscos.com\\\/#organization\"},\"potentialAction\":[{\"@type\":\"SearchAction\",\"target\":{\"@type\":\"EntryPoint\",\"urlTemplate\":\"https:\\\/\\\/blackholediscos.com\\\/?s={search_term_string}\"},\"query-input\":{\"@type\":\"PropertyValueSpecification\",\"valueRequired\":true,\"valueName\":\"search_term_string\"}}],\"inLanguage\":\"en-US\"},{\"@type\":\"Organization\",\"@id\":\"https:\\\/\\\/blackholediscos.com\\\/#organization\",\"name\":\"Black Hole Discos\",\"url\":\"https:\\\/\\\/blackholediscos.com\\\/\",\"logo\":{\"@type\":\"ImageObject\",\"inLanguage\":\"en-US\",\"@id\":\"https:\\\/\\\/blackholediscos.com\\\/#\\\/schema\\\/logo\\\/image\\\/\",\"url\":\"https:\\\/\\\/blackholediscos.com\\\/wp-content\\\/uploads\\\/2024\\\/06\\\/black-hole-discos-vinis-logo.png\",\"contentUrl\":\"https:\\\/\\\/blackholediscos.com\\\/wp-content\\\/uploads\\\/2024\\\/06\\\/black-hole-discos-vinis-logo.png\",\"width\":70,\"height\":66,\"caption\":\"Black Hole Discos\"},\"image\":{\"@id\":\"https:\\\/\\\/blackholediscos.com\\\/#\\\/schema\\\/logo\\\/image\\\/\"},\"sameAs\":[\"https:\\\/\\\/www.instagram.com\\\/blackholediscos\\\/\"]}]}<\/script>\n<!-- \/ Yoast SEO plugin. -->","yoast_head_json":{"title":"Luiza Maria - Eu queria ser um Anjo - Black Hole Discos","robots":{"index":"index","follow":"follow","max-snippet":"max-snippet:-1","max-image-preview":"max-image-preview:large","max-video-preview":"max-video-preview:-1"},"canonical":"https:\/\/blackholediscos.com\/en\/product\/luiza-maria-eu-queria-ser-um-anjo\/","og_locale":"en_US","og_type":"article","og_title":"Luiza Maria - Eu queria ser um Anjo - Black Hole Discos","og_description":"LP Original de \u00e9poca em excelentes condi\u00e7\u00f5es de m\u00eddia. Capa : VG Label: Philips \u2013 6349.140 A1 Na Casca Do Ovo 2:25 A2 Maya 4:05 A3 T\u00e3o Quente 4:10 A4 O Pr\u00edncipe Valente 3:10 A5 No Fundo Do Po\u00e7o 3:30 B1 N\u00e3o Corra Atr\u00e1s Do Sol 2:50 B2 O Anjo 3:05 B3 Miro Giro 2:20 [&hellip;]","og_url":"https:\/\/blackholediscos.com\/en\/product\/luiza-maria-eu-queria-ser-um-anjo\/","og_site_name":"Black Hole Discos","article_publisher":"https:\/\/www.instagram.com\/blackholediscos\/","article_modified_time":"2024-06-30T19:51:56+00:00","og_image":[{"width":2560,"height":2560,"url":"https:\/\/blackholediscos.com\/wp-content\/uploads\/2024\/06\/IMG_6819-scaled.jpeg","type":"image\/jpeg"}],"twitter_card":"summary_large_image","twitter_misc":{"Est. reading time":"1 minute"},"schema":{"@context":"https:\/\/schema.org","@graph":[{"@type":"WebPage","@id":"https:\/\/blackholediscos.com\/product\/luiza-maria-eu-queria-ser-um-anjo\/","url":"https:\/\/blackholediscos.com\/product\/luiza-maria-eu-queria-ser-um-anjo\/","name":"Luiza Maria - Eu queria ser um Anjo - Black Hole Discos","isPartOf":{"@id":"https:\/\/blackholediscos.com\/#website"},"primaryImageOfPage":{"@id":"https:\/\/blackholediscos.com\/product\/luiza-maria-eu-queria-ser-um-anjo\/#primaryimage"},"image":{"@id":"https:\/\/blackholediscos.com\/product\/luiza-maria-eu-queria-ser-um-anjo\/#primaryimage"},"thumbnailUrl":"https:\/\/blackholediscos.com\/wp-content\/uploads\/2024\/06\/IMG_6819-scaled.jpeg","datePublished":"2024-06-24T18:33:04+00:00","dateModified":"2024-06-30T19:51:56+00:00","breadcrumb":{"@id":"https:\/\/blackholediscos.com\/product\/luiza-maria-eu-queria-ser-um-anjo\/#breadcrumb"},"inLanguage":"en-US","potentialAction":[{"@type":"ReadAction","target":["https:\/\/blackholediscos.com\/product\/luiza-maria-eu-queria-ser-um-anjo\/"]}]},{"@type":"ImageObject","inLanguage":"en-US","@id":"https:\/\/blackholediscos.com\/product\/luiza-maria-eu-queria-ser-um-anjo\/#primaryimage","url":"https:\/\/blackholediscos.com\/wp-content\/uploads\/2024\/06\/IMG_6819-scaled.jpeg","contentUrl":"https:\/\/blackholediscos.com\/wp-content\/uploads\/2024\/06\/IMG_6819-scaled.jpeg","width":2560,"height":2560},{"@type":"BreadcrumbList","@id":"https:\/\/blackholediscos.com\/product\/luiza-maria-eu-queria-ser-um-anjo\/#breadcrumb","itemListElement":[{"@type":"ListItem","position":1,"name":"In\u00edcio","item":"https:\/\/blackholediscos.com\/"},{"@type":"ListItem","position":2,"name":"Shop","item":"https:\/\/blackholediscos.com\/shop\/"},{"@type":"ListItem","position":3,"name":"Luiza Maria &#8211; Eu queria ser um Anjo"}]},{"@type":"WebSite","@id":"https:\/\/blackholediscos.com\/#website","url":"https:\/\/blackholediscos.com\/","name":"Black Hole Discos","description":"Brazilian music LPs","publisher":{"@id":"https:\/\/blackholediscos.com\/#organization"},"potentialAction":[{"@type":"SearchAction","target":{"@type":"EntryPoint","urlTemplate":"https:\/\/blackholediscos.com\/?s={search_term_string}"},"query-input":{"@type":"PropertyValueSpecification","valueRequired":true,"valueName":"search_term_string"}}],"inLanguage":"en-US"},{"@type":"Organization","@id":"https:\/\/blackholediscos.com\/#organization","name":"Black Hole Discos","url":"https:\/\/blackholediscos.com\/","logo":{"@type":"ImageObject","inLanguage":"en-US","@id":"https:\/\/blackholediscos.com\/#\/schema\/logo\/image\/","url":"https:\/\/blackholediscos.com\/wp-content\/uploads\/2024\/06\/black-hole-discos-vinis-logo.png","contentUrl":"https:\/\/blackholediscos.com\/wp-content\/uploads\/2024\/06\/black-hole-discos-vinis-logo.png","width":70,"height":66,"caption":"Black Hole Discos"},"image":{"@id":"https:\/\/blackholediscos.com\/#\/schema\/logo\/image\/"},"sameAs":["https:\/\/www.instagram.com\/blackholediscos\/"]}]}},"_links":{"self":[{"href":"https:\/\/blackholediscos.com\/en\/wp-json\/wp\/v2\/product\/2543","targetHints":{"allow":["GET"]}}],"collection":[{"href":"https:\/\/blackholediscos.com\/en\/wp-json\/wp\/v2\/product"}],"about":[{"href":"https:\/\/blackholediscos.com\/en\/wp-json\/wp\/v2\/types\/product"}],"replies":[{"embeddable":true,"href":"https:\/\/blackholediscos.com\/en\/wp-json\/wp\/v2\/comments?post=2543"}],"wp:featuredmedia":[{"embeddable":true,"href":"https:\/\/blackholediscos.com\/en\/wp-json\/wp\/v2\/media\/2490"}],"wp:attachment":[{"href":"https:\/\/blackholediscos.com\/en\/wp-json\/wp\/v2\/media?parent=2543"}],"wp:term":[{"taxonomy":"product_brand","embeddable":true,"href":"https:\/\/blackholediscos.com\/en\/wp-json\/wp\/v2\/product_brand?post=2543"},{"taxonomy":"product_cat","embeddable":true,"href":"https:\/\/blackholediscos.com\/en\/wp-json\/wp\/v2\/product_cat?post=2543"},{"taxonomy":"product_tag","embeddable":true,"href":"https:\/\/blackholediscos.com\/en\/wp-json\/wp\/v2\/product_tag?post=2543"},{"taxonomy":"artista","embeddable":true,"href":"https:\/\/blackholediscos.com\/en\/wp-json\/wp\/v2\/artista?post=2543"},{"taxonomy":"produtora","embeddable":true,"href":"https:\/\/blackholediscos.com\/en\/wp-json\/wp\/v2\/produtora?post=2543"},{"taxonomy":"ano","embeddable":true,"href":"https:\/\/blackholediscos.com\/en\/wp-json\/wp\/v2\/ano?post=2543"}],"curies":[{"name":"wp","href":"https:\/\/api.w.org\/{rel}","templated":true}]}}