{"id":2535,"date":"2024-06-24T18:19:17","date_gmt":"2024-06-24T18:19:17","guid":{"rendered":"https:\/\/blackholediscos.com\/?post_type=product&#038;p=2535"},"modified":"2024-06-30T18:03:06","modified_gmt":"2024-06-30T18:03:06","slug":"marinho-castellar-e-banda-disrritmia","status":"publish","type":"product","link":"https:\/\/blackholediscos.com\/en\/product\/marinho-castellar-e-banda-disrritmia\/","title":{"rendered":"Marinho Castellar e Banda Disrritmia"},"content":{"rendered":"<p>LP Original de \u00e9poca em perfeitas condi\u00e7\u00f5es de capa e m\u00eddia. <\/p>\n<p>Label:<br \/>\nNovo Mundo \u2013 526404027<\/p>\n<p>A1\t\tBeira Rio\t2:58<br \/>\nA2\t\tPedra\t3:11<br \/>\nA3\t\tPoronduba\t2:26<br \/>\nA4\t\tArco \u00cdris\t0:52<br \/>\nA5\t\tTerra de Ningu\u00e9m\t2:55<br \/>\nA6\t\tVerde Clara\t4:39<br \/>\nA7\t\tPa\u00ednha\t1:37<\/p>\n<p>B1\tPelo Amor Meu Amor\t3:04<br \/>\nB2\tAten\u00e7\u00e3o \/ Luando\t5:16<br \/>\nB3\tChora Nen\u00e9m\t3:16<br \/>\nB4\tPapagaio e Holofote<\/p>","protected":false},"excerpt":{"rendered":"<p>LP Original de \u00e9poca em perfeitas condi\u00e7\u00f5es de capa e m\u00eddia. Label: Novo Mundo \u2013 526404027 A1 Beira Rio 2:58 A2 Pedra 3:11 A3 Poronduba 2:26 A4 Arco \u00cdris 0:52 A5 Terra de Ningu\u00e9m 2:55 A6 Verde Clara 4:39 A7 Pa\u00ednha 1:37 B1 Pelo Amor Meu Amor 3:04 B2 Aten\u00e7\u00e3o \/ Luando 5:16 B3 Chora [&hellip;]<\/p>\n","protected":false},"featured_media":2482,"comment_status":"open","ping_status":"closed","template":"","meta":{"_acf_changed":false},"product_brand":[],"product_cat":[509,48,35],"product_tag":[],"artista":[628],"produtora":[629],"ano":[154],"class_list":{"0":"post-2535","1":"product","2":"type-product","3":"status-publish","4":"has-post-thumbnail","6":"product_cat-prog-rock","7":"product_cat-psicodelia","8":"product_cat-rock","9":"artista-marinho-castellar-e-banda-disrritimia","10":"produtora-novo-mundo","11":"ano-154","13":"first","14":"instock","15":"shipping-taxable","16":"purchasable","17":"product-type-simple"},"acf":[],"yoast_head":"<!-- This site is optimized with the Yoast SEO plugin v27.4 - https:\/\/yoast.com\/product\/yoast-seo-wordpress\/ -->\n<title>Marinho Castellar e Banda Disrritmia - Black Hole Discos<\/title>\n<meta name=\"robots\" content=\"index, follow, max-snippet:-1, max-image-preview:large, max-video-preview:-1\" \/>\n<link rel=\"canonical\" href=\"https:\/\/blackholediscos.com\/en\/product\/marinho-castellar-e-banda-disrritmia\/\" \/>\n<meta property=\"og:locale\" content=\"en_US\" \/>\n<meta property=\"og:type\" content=\"article\" \/>\n<meta property=\"og:title\" content=\"Marinho Castellar e Banda Disrritmia - Black Hole Discos\" \/>\n<meta property=\"og:description\" content=\"LP Original de \u00e9poca em perfeitas condi\u00e7\u00f5es de capa e m\u00eddia. Label: Novo Mundo \u2013 526404027 A1 Beira Rio 2:58 A2 Pedra 3:11 A3 Poronduba 2:26 A4 Arco \u00cdris 0:52 A5 Terra de Ningu\u00e9m 2:55 A6 Verde Clara 4:39 A7 Pa\u00ednha 1:37 B1 Pelo Amor Meu Amor 3:04 B2 Aten\u00e7\u00e3o \/ Luando 5:16 B3 Chora [&hellip;]\" \/>\n<meta property=\"og:url\" content=\"https:\/\/blackholediscos.com\/en\/product\/marinho-castellar-e-banda-disrritmia\/\" \/>\n<meta property=\"og:site_name\" content=\"Black Hole Discos\" \/>\n<meta property=\"article:publisher\" content=\"https:\/\/www.instagram.com\/blackholediscos\/\" \/>\n<meta property=\"article:modified_time\" content=\"2024-06-30T18:03:06+00:00\" \/>\n<meta property=\"og:image\" content=\"https:\/\/blackholediscos.com\/wp-content\/uploads\/2024\/06\/IMG_6812-scaled.jpeg\" \/>\n\t<meta property=\"og:image:width\" content=\"2560\" \/>\n\t<meta property=\"og:image:height\" content=\"2560\" \/>\n\t<meta property=\"og:image:type\" content=\"image\/jpeg\" \/>\n<meta name=\"twitter:card\" content=\"summary_large_image\" \/>\n<meta name=\"twitter:label1\" content=\"Est. reading time\" \/>\n\t<meta name=\"twitter:data1\" content=\"1 minute\" \/>\n<script type=\"application\/ld+json\" class=\"yoast-schema-graph\">{\"@context\":\"https:\\\/\\\/schema.org\",\"@graph\":[{\"@type\":\"WebPage\",\"@id\":\"https:\\\/\\\/blackholediscos.com\\\/product\\\/marinho-castellar-e-banda-disrritmia\\\/\",\"url\":\"https:\\\/\\\/blackholediscos.com\\\/product\\\/marinho-castellar-e-banda-disrritmia\\\/\",\"name\":\"Marinho Castellar e Banda Disrritmia - Black Hole Discos\",\"isPartOf\":{\"@id\":\"https:\\\/\\\/blackholediscos.com\\\/#website\"},\"primaryImageOfPage\":{\"@id\":\"https:\\\/\\\/blackholediscos.com\\\/product\\\/marinho-castellar-e-banda-disrritmia\\\/#primaryimage\"},\"image\":{\"@id\":\"https:\\\/\\\/blackholediscos.com\\\/product\\\/marinho-castellar-e-banda-disrritmia\\\/#primaryimage\"},\"thumbnailUrl\":\"https:\\\/\\\/blackholediscos.com\\\/wp-content\\\/uploads\\\/2024\\\/06\\\/IMG_6812-scaled.jpeg\",\"datePublished\":\"2024-06-24T18:19:17+00:00\",\"dateModified\":\"2024-06-30T18:03:06+00:00\",\"breadcrumb\":{\"@id\":\"https:\\\/\\\/blackholediscos.com\\\/product\\\/marinho-castellar-e-banda-disrritmia\\\/#breadcrumb\"},\"inLanguage\":\"en-US\",\"potentialAction\":[{\"@type\":\"ReadAction\",\"target\":[\"https:\\\/\\\/blackholediscos.com\\\/product\\\/marinho-castellar-e-banda-disrritmia\\\/\"]}]},{\"@type\":\"ImageObject\",\"inLanguage\":\"en-US\",\"@id\":\"https:\\\/\\\/blackholediscos.com\\\/product\\\/marinho-castellar-e-banda-disrritmia\\\/#primaryimage\",\"url\":\"https:\\\/\\\/blackholediscos.com\\\/wp-content\\\/uploads\\\/2024\\\/06\\\/IMG_6812-scaled.jpeg\",\"contentUrl\":\"https:\\\/\\\/blackholediscos.com\\\/wp-content\\\/uploads\\\/2024\\\/06\\\/IMG_6812-scaled.jpeg\",\"width\":2560,\"height\":2560},{\"@type\":\"BreadcrumbList\",\"@id\":\"https:\\\/\\\/blackholediscos.com\\\/product\\\/marinho-castellar-e-banda-disrritmia\\\/#breadcrumb\",\"itemListElement\":[{\"@type\":\"ListItem\",\"position\":1,\"name\":\"In\u00edcio\",\"item\":\"https:\\\/\\\/blackholediscos.com\\\/\"},{\"@type\":\"ListItem\",\"position\":2,\"name\":\"Shop\",\"item\":\"https:\\\/\\\/blackholediscos.com\\\/shop\\\/\"},{\"@type\":\"ListItem\",\"position\":3,\"name\":\"Marinho Castellar e Banda Disrritmia\"}]},{\"@type\":\"WebSite\",\"@id\":\"https:\\\/\\\/blackholediscos.com\\\/#website\",\"url\":\"https:\\\/\\\/blackholediscos.com\\\/\",\"name\":\"Black Hole Discos\",\"description\":\"Brazilian music LPs\",\"publisher\":{\"@id\":\"https:\\\/\\\/blackholediscos.com\\\/#organization\"},\"potentialAction\":[{\"@type\":\"SearchAction\",\"target\":{\"@type\":\"EntryPoint\",\"urlTemplate\":\"https:\\\/\\\/blackholediscos.com\\\/?s={search_term_string}\"},\"query-input\":{\"@type\":\"PropertyValueSpecification\",\"valueRequired\":true,\"valueName\":\"search_term_string\"}}],\"inLanguage\":\"en-US\"},{\"@type\":\"Organization\",\"@id\":\"https:\\\/\\\/blackholediscos.com\\\/#organization\",\"name\":\"Black Hole Discos\",\"url\":\"https:\\\/\\\/blackholediscos.com\\\/\",\"logo\":{\"@type\":\"ImageObject\",\"inLanguage\":\"en-US\",\"@id\":\"https:\\\/\\\/blackholediscos.com\\\/#\\\/schema\\\/logo\\\/image\\\/\",\"url\":\"https:\\\/\\\/blackholediscos.com\\\/wp-content\\\/uploads\\\/2024\\\/06\\\/black-hole-discos-vinis-logo.png\",\"contentUrl\":\"https:\\\/\\\/blackholediscos.com\\\/wp-content\\\/uploads\\\/2024\\\/06\\\/black-hole-discos-vinis-logo.png\",\"width\":70,\"height\":66,\"caption\":\"Black Hole Discos\"},\"image\":{\"@id\":\"https:\\\/\\\/blackholediscos.com\\\/#\\\/schema\\\/logo\\\/image\\\/\"},\"sameAs\":[\"https:\\\/\\\/www.instagram.com\\\/blackholediscos\\\/\"]}]}<\/script>\n<!-- \/ Yoast SEO plugin. -->","yoast_head_json":{"title":"Marinho Castellar e Banda Disrritmia - Black Hole Discos","robots":{"index":"index","follow":"follow","max-snippet":"max-snippet:-1","max-image-preview":"max-image-preview:large","max-video-preview":"max-video-preview:-1"},"canonical":"https:\/\/blackholediscos.com\/en\/product\/marinho-castellar-e-banda-disrritmia\/","og_locale":"en_US","og_type":"article","og_title":"Marinho Castellar e Banda Disrritmia - Black Hole Discos","og_description":"LP Original de \u00e9poca em perfeitas condi\u00e7\u00f5es de capa e m\u00eddia. Label: Novo Mundo \u2013 526404027 A1 Beira Rio 2:58 A2 Pedra 3:11 A3 Poronduba 2:26 A4 Arco \u00cdris 0:52 A5 Terra de Ningu\u00e9m 2:55 A6 Verde Clara 4:39 A7 Pa\u00ednha 1:37 B1 Pelo Amor Meu Amor 3:04 B2 Aten\u00e7\u00e3o \/ Luando 5:16 B3 Chora [&hellip;]","og_url":"https:\/\/blackholediscos.com\/en\/product\/marinho-castellar-e-banda-disrritmia\/","og_site_name":"Black Hole Discos","article_publisher":"https:\/\/www.instagram.com\/blackholediscos\/","article_modified_time":"2024-06-30T18:03:06+00:00","og_image":[{"width":2560,"height":2560,"url":"https:\/\/blackholediscos.com\/wp-content\/uploads\/2024\/06\/IMG_6812-scaled.jpeg","type":"image\/jpeg"}],"twitter_card":"summary_large_image","twitter_misc":{"Est. reading time":"1 minute"},"schema":{"@context":"https:\/\/schema.org","@graph":[{"@type":"WebPage","@id":"https:\/\/blackholediscos.com\/product\/marinho-castellar-e-banda-disrritmia\/","url":"https:\/\/blackholediscos.com\/product\/marinho-castellar-e-banda-disrritmia\/","name":"Marinho Castellar e Banda Disrritmia - Black Hole Discos","isPartOf":{"@id":"https:\/\/blackholediscos.com\/#website"},"primaryImageOfPage":{"@id":"https:\/\/blackholediscos.com\/product\/marinho-castellar-e-banda-disrritmia\/#primaryimage"},"image":{"@id":"https:\/\/blackholediscos.com\/product\/marinho-castellar-e-banda-disrritmia\/#primaryimage"},"thumbnailUrl":"https:\/\/blackholediscos.com\/wp-content\/uploads\/2024\/06\/IMG_6812-scaled.jpeg","datePublished":"2024-06-24T18:19:17+00:00","dateModified":"2024-06-30T18:03:06+00:00","breadcrumb":{"@id":"https:\/\/blackholediscos.com\/product\/marinho-castellar-e-banda-disrritmia\/#breadcrumb"},"inLanguage":"en-US","potentialAction":[{"@type":"ReadAction","target":["https:\/\/blackholediscos.com\/product\/marinho-castellar-e-banda-disrritmia\/"]}]},{"@type":"ImageObject","inLanguage":"en-US","@id":"https:\/\/blackholediscos.com\/product\/marinho-castellar-e-banda-disrritmia\/#primaryimage","url":"https:\/\/blackholediscos.com\/wp-content\/uploads\/2024\/06\/IMG_6812-scaled.jpeg","contentUrl":"https:\/\/blackholediscos.com\/wp-content\/uploads\/2024\/06\/IMG_6812-scaled.jpeg","width":2560,"height":2560},{"@type":"BreadcrumbList","@id":"https:\/\/blackholediscos.com\/product\/marinho-castellar-e-banda-disrritmia\/#breadcrumb","itemListElement":[{"@type":"ListItem","position":1,"name":"In\u00edcio","item":"https:\/\/blackholediscos.com\/"},{"@type":"ListItem","position":2,"name":"Shop","item":"https:\/\/blackholediscos.com\/shop\/"},{"@type":"ListItem","position":3,"name":"Marinho Castellar e Banda Disrritmia"}]},{"@type":"WebSite","@id":"https:\/\/blackholediscos.com\/#website","url":"https:\/\/blackholediscos.com\/","name":"Black Hole Discos","description":"Brazilian music LPs","publisher":{"@id":"https:\/\/blackholediscos.com\/#organization"},"potentialAction":[{"@type":"SearchAction","target":{"@type":"EntryPoint","urlTemplate":"https:\/\/blackholediscos.com\/?s={search_term_string}"},"query-input":{"@type":"PropertyValueSpecification","valueRequired":true,"valueName":"search_term_string"}}],"inLanguage":"en-US"},{"@type":"Organization","@id":"https:\/\/blackholediscos.com\/#organization","name":"Black Hole Discos","url":"https:\/\/blackholediscos.com\/","logo":{"@type":"ImageObject","inLanguage":"en-US","@id":"https:\/\/blackholediscos.com\/#\/schema\/logo\/image\/","url":"https:\/\/blackholediscos.com\/wp-content\/uploads\/2024\/06\/black-hole-discos-vinis-logo.png","contentUrl":"https:\/\/blackholediscos.com\/wp-content\/uploads\/2024\/06\/black-hole-discos-vinis-logo.png","width":70,"height":66,"caption":"Black Hole Discos"},"image":{"@id":"https:\/\/blackholediscos.com\/#\/schema\/logo\/image\/"},"sameAs":["https:\/\/www.instagram.com\/blackholediscos\/"]}]}},"_links":{"self":[{"href":"https:\/\/blackholediscos.com\/en\/wp-json\/wp\/v2\/product\/2535","targetHints":{"allow":["GET"]}}],"collection":[{"href":"https:\/\/blackholediscos.com\/en\/wp-json\/wp\/v2\/product"}],"about":[{"href":"https:\/\/blackholediscos.com\/en\/wp-json\/wp\/v2\/types\/product"}],"replies":[{"embeddable":true,"href":"https:\/\/blackholediscos.com\/en\/wp-json\/wp\/v2\/comments?post=2535"}],"wp:featuredmedia":[{"embeddable":true,"href":"https:\/\/blackholediscos.com\/en\/wp-json\/wp\/v2\/media\/2482"}],"wp:attachment":[{"href":"https:\/\/blackholediscos.com\/en\/wp-json\/wp\/v2\/media?parent=2535"}],"wp:term":[{"taxonomy":"product_brand","embeddable":true,"href":"https:\/\/blackholediscos.com\/en\/wp-json\/wp\/v2\/product_brand?post=2535"},{"taxonomy":"product_cat","embeddable":true,"href":"https:\/\/blackholediscos.com\/en\/wp-json\/wp\/v2\/product_cat?post=2535"},{"taxonomy":"product_tag","embeddable":true,"href":"https:\/\/blackholediscos.com\/en\/wp-json\/wp\/v2\/product_tag?post=2535"},{"taxonomy":"artista","embeddable":true,"href":"https:\/\/blackholediscos.com\/en\/wp-json\/wp\/v2\/artista?post=2535"},{"taxonomy":"produtora","embeddable":true,"href":"https:\/\/blackholediscos.com\/en\/wp-json\/wp\/v2\/produtora?post=2535"},{"taxonomy":"ano","embeddable":true,"href":"https:\/\/blackholediscos.com\/en\/wp-json\/wp\/v2\/ano?post=2535"}],"curies":[{"name":"wp","href":"https:\/\/api.w.org\/{rel}","templated":true}]}}