{"id":2414,"date":"2024-06-24T16:59:45","date_gmt":"2024-06-24T16:59:45","guid":{"rendered":"https:\/\/blackholediscos.com\/?post_type=product&#038;p=2414"},"modified":"2024-06-30T16:58:08","modified_gmt":"2024-06-30T16:58:08","slug":"gilberto-gil-nightingale","status":"publish","type":"product","link":"https:\/\/blackholediscos.com\/en\/product\/gilberto-gil-nightingale\/","title":{"rendered":"Gilberto Gil \u2013 Nightingale"},"content":{"rendered":"<p>LP Lacrado de f\u00e1brica edi\u00e7\u00e3o Noize acompanha revista original e encarte.<\/p>\n<p>\tNoize Record Club \u2013 NRC072, Gege Produ\u00e7\u00f5es Art\u00edsticas \u2013 NRC072<\/p>\n<p>A1\t\tSarar\u00e1 Miolo<br \/>\nBacking Vocals \u2013 Carol Rogers, Gracinha Leporace, Marietta Waters<br \/>\nBass \u2013 Abraham Laboriel<br \/>\nElectric Guitar \u2013 Michael Sembello<br \/>\nElectric Piano [Fender Rhodes], Electric Piano [Yamaha CP-30] \u2013 Don Grusin<br \/>\nGuitar \u2013 Gilberto Gil<br \/>\nSynthesizer \u2013 S\u00e9rgio Mendes<br \/>\nVocals \u2013 Gilberto Gil<br \/>\nWritten-By \u2013 Gilberto Gil<br \/>\n4:48<br \/>\nA2\t\tGoodbye My Girl<br \/>\nBacking Vocals \u2013 Carol Rogers, Gracinha Leporace, Marietta Waters<br \/>\nBass \u2013 Rubens Sabino Da Silva*<br \/>\nDrums \u2013 Roberto Da Silva<br \/>\nElectric Guitar \u2013 Lee Ritenour, Michael Sembello<br \/>\nGuitar \u2013 Gilberto Gil<br \/>\nLyrics By \u2013 Gilberto Gil<br \/>\nMusic By \u2013 Gilberto Gil, Moacyr Albuquerque, P\u00e9ricles Santana*<br \/>\nPercussion \u2013 Roberto Da Silva, S\u00e9rgio Mendes<br \/>\nPiano, Electric Piano [Yamaha CP-30] \u2013 Don Grusin<br \/>\nTimbales, Percussion \u2013 Alex Acu\u00f1a<br \/>\nVocals \u2013 Gilberto Gil<br \/>\n4:06<br \/>\nA3\t\tElla<br \/>\nBacking Vocals \u2013 Carol Rogers, Gracinha Leporace, Marietta Waters<br \/>\nBass \u2013 Nathan Watts<br \/>\nDrums \u2013 Alex Acu\u00f1a<br \/>\nElectric Guitar \u2013 Lee Ritenour, Michael Sembello<br \/>\nElectric Piano [Fender Rhodes] \u2013 Don Grusin<br \/>\nGuitar \u2013 Gilberto Gil<br \/>\nLyrics By [English Version] \u2013 Carol Rogers<br \/>\nPercussion \u2013 Gilberto Gil, Laudir de Oliveira, Roberto Da Silva, Steve Forman, S\u00e9rgio Mendes<br \/>\nSynthesizer \u2013 S\u00e9rgio Mendes<br \/>\nVocals \u2013 Gilberto Gil<br \/>\nWritten-By \u2013 Gilberto Gil<br \/>\n3:47<br \/>\nA4\t\tHere And Now<br \/>\nBass \u2013 Abraham Laboriel<br \/>\nDrums \u2013 Alex Acu\u00f1a<br \/>\nElectric Guitar \u2013 Michael Sembello<br \/>\nElectric Piano [Fender Rhodes] \u2013 Don Grusin<br \/>\nGuitar \u2013 Gilberto Gil<br \/>\nPercussion \u2013 Steve Forman<br \/>\nVocals \u2013 Gilberto Gil<br \/>\nWritten-By \u2013 Gilberto Gil<br \/>\n4:25<br \/>\nA5\t\tBalafon<br \/>\nBacking Vocals \u2013 Gracinha Leporace<br \/>\nBass \u2013 Abraham Laboriel<br \/>\nCongas \u2013 Laudir de Oliveira<br \/>\nDrums \u2013 Alex Acu\u00f1a<br \/>\nElectric Guitar \u2013 Michael Sembello<br \/>\nElectric Piano [Fender Rhodes] \u2013 Don Grusin<br \/>\nGuitar \u2013 Gilberto Gil<br \/>\nPercussion \u2013 Roberto Da Silva<br \/>\nSynthesizer \u2013 S\u00e9rgio Mendes<br \/>\nVocals \u2013 Gilberto Gil<br \/>\nWritten-By \u2013 Gilberto Gil<br \/>\n2:47<br \/>\nB1\t\tAlapal\u00e1 &#8211; The Myth Of Shango<br \/>\nBacking Vocals \u2013 Carol Rogers, Gracinha Leporace, Marietta Waters<br \/>\nBass \u2013 Abraham Laboriel<br \/>\nCongas \u2013 Laudir de Oliveira<br \/>\nDrums \u2013 Alex Acu\u00f1a<br \/>\nElectric Guitar \u2013 Michael Sembello<br \/>\nGuitar \u2013 Gilberto Gil<br \/>\nLyrics By \u2013 Carol Rogers, Gilberto Gil<br \/>\nPercussion \u2013 Gilberto Gil, Laudir de Oliveira, Roberto Da Silva, S\u00e9rgio Mendes<br \/>\nPiano, Electric Piano [Fender Rhodes] \u2013 Don Grusin<br \/>\nVocals \u2013 Gilberto Gil<br \/>\nWritten-By \u2013 Gilberto Gil<br \/>\n3:45<br \/>\nB2\t\tMaracatu At\u00f4mico<br \/>\nBacking Vocals \u2013 Carol Rogers, Gracinha Leporace, Marietta Waters<br \/>\nBass \u2013 Nathan Watts<br \/>\nDrums, Congas \u2013 Alex Acu\u00f1a<br \/>\nElectric Guitar \u2013 Lee Ritenour<br \/>\nGuitar \u2013 Gilberto Gil<br \/>\nLyrics By \u2013 Jorge Mautner<br \/>\nMusic By \u2013 Nelson Jacobina<br \/>\nPercussion \u2013 Alex Acu\u00f1a, Gilberto Gil, Roberto Da Silva, Steve Forman, S\u00e9rgio Mendes<br \/>\nPiano, Electric Piano [Fender Rhodes] \u2013 Don Grusin<br \/>\nVocals \u2013 Gilberto Gil<br \/>\n4:21<br \/>\nB3\t\tMove Along With Me<br \/>\nBass \u2013 Abraham Laboriel<br \/>\nDrums, Percussion \u2013 Alex Acu\u00f1a<br \/>\nElectric Guitar \u2013 Michael Sembello<br \/>\nElectric Piano [Fender Rhodes], Electric Piano [Yamaha CP-30] \u2013 Don Grusin<br \/>\nPercussion \u2013 Steve Forman<br \/>\nSynthesizer, Percussion \u2013 S\u00e9rgio Mendes<br \/>\nWritten-By, Vocals, Guitar \u2013 Gilberto Gil<br \/>\n3:07<br \/>\nB4\t\tNightingale<br \/>\nBass \u2013 Abraham Laboriel<br \/>\nDrums \u2013 Alex Acu\u00f1a<br \/>\nElectric Guitar \u2013 Lee Ritenour, Michael Sembello<br \/>\nElectric Piano [Yamaha Electric Grand CP-709], Piano \u2013 Don Grusin<br \/>\nGuitar \u2013 Gilberto Gil<br \/>\nPercussion \u2013 Steve Forman<br \/>\nSynthesizer \u2013 S\u00e9rgio Mendes<br \/>\nVocals \u2013 Gilberto Gil<br \/>\nWritten-By \u2013 Gilberto Gil, Jorge Mautner<br \/>\n3:51<br \/>\nB5\t\tSamba De Los Angeles<br \/>\nBass \u2013 Abraham Laboriel<br \/>\nCavaquinho \u2013 Oscar Castro Neves*<br \/>\nDrums \u2013 Alex Acu\u00f1a<br \/>\nElectric Piano [Yamaha Grand CP-70] \u2013 Don Grusin<br \/>\nGuitar \u2013 Gilberto Gil<br \/>\nPercussion \u2013 Roberto Da Silva, Rubens Sabino Da Silva*, S\u00e9rgio Mendes<br \/>\nSynthesizer \u2013 S\u00e9rgio Mendes<br \/>\nVocals \u2013 Gilberto Gil<br \/>\nWritten-By \u2013 Gilberto Gil<\/p>\n","protected":false},"excerpt":{"rendered":"<p>LP Lacrado de f\u00e1brica edi\u00e7\u00e3o Noize acompanha revista original e encarte. Noize Record Club \u2013 NRC072, Gege Produ\u00e7\u00f5es Art\u00edsticas \u2013 NRC072 A1 Sarar\u00e1 Miolo Backing Vocals \u2013 Carol Rogers, Gracinha Leporace, Marietta Waters Bass \u2013 Abraham Laboriel Electric Guitar \u2013 Michael Sembello Electric Piano [Fender Rhodes], Electric Piano [Yamaha CP-30] \u2013 Don Grusin Guitar \u2013 [&hellip;]<\/p>\n","protected":false},"featured_media":2404,"comment_status":"open","ping_status":"closed","template":"","meta":{"_acf_changed":false},"product_brand":[],"product_cat":[131,234,39],"product_tag":[255,610],"artista":[],"produtora":[236],"ano":[199],"class_list":{"0":"post-2414","1":"product","2":"type-product","3":"status-publish","4":"has-post-thumbnail","6":"product_cat-afrobrasilidade","7":"product_cat-clube-noize","8":"product_cat-mpb","9":"product_tag-gilberto-gil","10":"product_tag-noize-record","11":"produtora-noize","12":"ano-199","14":"first","15":"instock","16":"shipping-taxable","17":"purchasable","18":"product-type-simple"},"acf":[],"yoast_head":"<!-- This site is optimized with the Yoast SEO plugin v27.6 - https:\/\/yoast.com\/product\/yoast-seo-wordpress\/ -->\n<title>Gilberto Gil \u2013 Nightingale - Black Hole Discos<\/title>\n<meta name=\"robots\" content=\"index, follow, max-snippet:-1, max-image-preview:large, max-video-preview:-1\" \/>\n<link rel=\"canonical\" href=\"https:\/\/blackholediscos.com\/en\/product\/gilberto-gil-nightingale\/\" \/>\n<meta property=\"og:locale\" content=\"en_US\" \/>\n<meta property=\"og:type\" content=\"article\" \/>\n<meta property=\"og:title\" content=\"Gilberto Gil \u2013 Nightingale - Black Hole Discos\" \/>\n<meta property=\"og:description\" content=\"LP Lacrado de f\u00e1brica edi\u00e7\u00e3o Noize acompanha revista original e encarte. Noize Record Club \u2013 NRC072, Gege Produ\u00e7\u00f5es Art\u00edsticas \u2013 NRC072 A1 Sarar\u00e1 Miolo Backing Vocals \u2013 Carol Rogers, Gracinha Leporace, Marietta Waters Bass \u2013 Abraham Laboriel Electric Guitar \u2013 Michael Sembello Electric Piano [Fender Rhodes], Electric Piano [Yamaha CP-30] \u2013 Don Grusin Guitar \u2013 [&hellip;]\" \/>\n<meta property=\"og:url\" content=\"https:\/\/blackholediscos.com\/en\/product\/gilberto-gil-nightingale\/\" \/>\n<meta property=\"og:site_name\" content=\"Black Hole Discos\" \/>\n<meta property=\"article:publisher\" content=\"https:\/\/www.instagram.com\/blackholediscos\/\" \/>\n<meta property=\"article:modified_time\" content=\"2024-06-30T16:58:08+00:00\" \/>\n<meta property=\"og:image\" content=\"https:\/\/blackholediscos.com\/wp-content\/uploads\/2024\/06\/IMG_5359-scaled.jpeg\" \/>\n\t<meta property=\"og:image:width\" content=\"2560\" \/>\n\t<meta property=\"og:image:height\" content=\"2560\" \/>\n\t<meta property=\"og:image:type\" content=\"image\/jpeg\" \/>\n<meta name=\"twitter:card\" content=\"summary_large_image\" \/>\n<meta name=\"twitter:label1\" content=\"Est. reading time\" \/>\n\t<meta name=\"twitter:data1\" content=\"3 minutes\" \/>\n<script type=\"application\/ld+json\" class=\"yoast-schema-graph\">{\"@context\":\"https:\\\/\\\/schema.org\",\"@graph\":[{\"@type\":\"WebPage\",\"@id\":\"https:\\\/\\\/blackholediscos.com\\\/product\\\/gilberto-gil-nightingale\\\/\",\"url\":\"https:\\\/\\\/blackholediscos.com\\\/product\\\/gilberto-gil-nightingale\\\/\",\"name\":\"Gilberto Gil \u2013 Nightingale - Black Hole Discos\",\"isPartOf\":{\"@id\":\"https:\\\/\\\/blackholediscos.com\\\/#website\"},\"primaryImageOfPage\":{\"@id\":\"https:\\\/\\\/blackholediscos.com\\\/product\\\/gilberto-gil-nightingale\\\/#primaryimage\"},\"image\":{\"@id\":\"https:\\\/\\\/blackholediscos.com\\\/product\\\/gilberto-gil-nightingale\\\/#primaryimage\"},\"thumbnailUrl\":\"https:\\\/\\\/blackholediscos.com\\\/wp-content\\\/uploads\\\/2024\\\/06\\\/IMG_5359-scaled.jpeg\",\"datePublished\":\"2024-06-24T16:59:45+00:00\",\"dateModified\":\"2024-06-30T16:58:08+00:00\",\"breadcrumb\":{\"@id\":\"https:\\\/\\\/blackholediscos.com\\\/product\\\/gilberto-gil-nightingale\\\/#breadcrumb\"},\"inLanguage\":\"en-US\",\"potentialAction\":[{\"@type\":\"ReadAction\",\"target\":[\"https:\\\/\\\/blackholediscos.com\\\/product\\\/gilberto-gil-nightingale\\\/\"]}]},{\"@type\":\"ImageObject\",\"inLanguage\":\"en-US\",\"@id\":\"https:\\\/\\\/blackholediscos.com\\\/product\\\/gilberto-gil-nightingale\\\/#primaryimage\",\"url\":\"https:\\\/\\\/blackholediscos.com\\\/wp-content\\\/uploads\\\/2024\\\/06\\\/IMG_5359-scaled.jpeg\",\"contentUrl\":\"https:\\\/\\\/blackholediscos.com\\\/wp-content\\\/uploads\\\/2024\\\/06\\\/IMG_5359-scaled.jpeg\",\"width\":2560,\"height\":2560},{\"@type\":\"BreadcrumbList\",\"@id\":\"https:\\\/\\\/blackholediscos.com\\\/product\\\/gilberto-gil-nightingale\\\/#breadcrumb\",\"itemListElement\":[{\"@type\":\"ListItem\",\"position\":1,\"name\":\"In\u00edcio\",\"item\":\"https:\\\/\\\/blackholediscos.com\\\/\"},{\"@type\":\"ListItem\",\"position\":2,\"name\":\"Shop\",\"item\":\"https:\\\/\\\/blackholediscos.com\\\/shop\\\/\"},{\"@type\":\"ListItem\",\"position\":3,\"name\":\"Gilberto Gil \u2013 Nightingale\"}]},{\"@type\":\"WebSite\",\"@id\":\"https:\\\/\\\/blackholediscos.com\\\/#website\",\"url\":\"https:\\\/\\\/blackholediscos.com\\\/\",\"name\":\"Black Hole Discos\",\"description\":\"Brazilian music LPs\",\"publisher\":{\"@id\":\"https:\\\/\\\/blackholediscos.com\\\/#organization\"},\"potentialAction\":[{\"@type\":\"SearchAction\",\"target\":{\"@type\":\"EntryPoint\",\"urlTemplate\":\"https:\\\/\\\/blackholediscos.com\\\/?s={search_term_string}\"},\"query-input\":{\"@type\":\"PropertyValueSpecification\",\"valueRequired\":true,\"valueName\":\"search_term_string\"}}],\"inLanguage\":\"en-US\"},{\"@type\":\"Organization\",\"@id\":\"https:\\\/\\\/blackholediscos.com\\\/#organization\",\"name\":\"Black Hole Discos\",\"url\":\"https:\\\/\\\/blackholediscos.com\\\/\",\"logo\":{\"@type\":\"ImageObject\",\"inLanguage\":\"en-US\",\"@id\":\"https:\\\/\\\/blackholediscos.com\\\/#\\\/schema\\\/logo\\\/image\\\/\",\"url\":\"https:\\\/\\\/blackholediscos.com\\\/wp-content\\\/uploads\\\/2024\\\/06\\\/black-hole-discos-vinis-logo.png\",\"contentUrl\":\"https:\\\/\\\/blackholediscos.com\\\/wp-content\\\/uploads\\\/2024\\\/06\\\/black-hole-discos-vinis-logo.png\",\"width\":70,\"height\":66,\"caption\":\"Black Hole Discos\"},\"image\":{\"@id\":\"https:\\\/\\\/blackholediscos.com\\\/#\\\/schema\\\/logo\\\/image\\\/\"},\"sameAs\":[\"https:\\\/\\\/www.instagram.com\\\/blackholediscos\\\/\"]}]}<\/script>\n<!-- \/ Yoast SEO plugin. -->","yoast_head_json":{"title":"Gilberto Gil \u2013 Nightingale - Black Hole Discos","robots":{"index":"index","follow":"follow","max-snippet":"max-snippet:-1","max-image-preview":"max-image-preview:large","max-video-preview":"max-video-preview:-1"},"canonical":"https:\/\/blackholediscos.com\/en\/product\/gilberto-gil-nightingale\/","og_locale":"en_US","og_type":"article","og_title":"Gilberto Gil \u2013 Nightingale - Black Hole Discos","og_description":"LP Lacrado de f\u00e1brica edi\u00e7\u00e3o Noize acompanha revista original e encarte. Noize Record Club \u2013 NRC072, Gege Produ\u00e7\u00f5es Art\u00edsticas \u2013 NRC072 A1 Sarar\u00e1 Miolo Backing Vocals \u2013 Carol Rogers, Gracinha Leporace, Marietta Waters Bass \u2013 Abraham Laboriel Electric Guitar \u2013 Michael Sembello Electric Piano [Fender Rhodes], Electric Piano [Yamaha CP-30] \u2013 Don Grusin Guitar \u2013 [&hellip;]","og_url":"https:\/\/blackholediscos.com\/en\/product\/gilberto-gil-nightingale\/","og_site_name":"Black Hole Discos","article_publisher":"https:\/\/www.instagram.com\/blackholediscos\/","article_modified_time":"2024-06-30T16:58:08+00:00","og_image":[{"width":2560,"height":2560,"url":"https:\/\/blackholediscos.com\/wp-content\/uploads\/2024\/06\/IMG_5359-scaled.jpeg","type":"image\/jpeg"}],"twitter_card":"summary_large_image","twitter_misc":{"Est. reading time":"3 minutes"},"schema":{"@context":"https:\/\/schema.org","@graph":[{"@type":"WebPage","@id":"https:\/\/blackholediscos.com\/product\/gilberto-gil-nightingale\/","url":"https:\/\/blackholediscos.com\/product\/gilberto-gil-nightingale\/","name":"Gilberto Gil \u2013 Nightingale - Black Hole Discos","isPartOf":{"@id":"https:\/\/blackholediscos.com\/#website"},"primaryImageOfPage":{"@id":"https:\/\/blackholediscos.com\/product\/gilberto-gil-nightingale\/#primaryimage"},"image":{"@id":"https:\/\/blackholediscos.com\/product\/gilberto-gil-nightingale\/#primaryimage"},"thumbnailUrl":"https:\/\/blackholediscos.com\/wp-content\/uploads\/2024\/06\/IMG_5359-scaled.jpeg","datePublished":"2024-06-24T16:59:45+00:00","dateModified":"2024-06-30T16:58:08+00:00","breadcrumb":{"@id":"https:\/\/blackholediscos.com\/product\/gilberto-gil-nightingale\/#breadcrumb"},"inLanguage":"en-US","potentialAction":[{"@type":"ReadAction","target":["https:\/\/blackholediscos.com\/product\/gilberto-gil-nightingale\/"]}]},{"@type":"ImageObject","inLanguage":"en-US","@id":"https:\/\/blackholediscos.com\/product\/gilberto-gil-nightingale\/#primaryimage","url":"https:\/\/blackholediscos.com\/wp-content\/uploads\/2024\/06\/IMG_5359-scaled.jpeg","contentUrl":"https:\/\/blackholediscos.com\/wp-content\/uploads\/2024\/06\/IMG_5359-scaled.jpeg","width":2560,"height":2560},{"@type":"BreadcrumbList","@id":"https:\/\/blackholediscos.com\/product\/gilberto-gil-nightingale\/#breadcrumb","itemListElement":[{"@type":"ListItem","position":1,"name":"In\u00edcio","item":"https:\/\/blackholediscos.com\/"},{"@type":"ListItem","position":2,"name":"Shop","item":"https:\/\/blackholediscos.com\/shop\/"},{"@type":"ListItem","position":3,"name":"Gilberto Gil \u2013 Nightingale"}]},{"@type":"WebSite","@id":"https:\/\/blackholediscos.com\/#website","url":"https:\/\/blackholediscos.com\/","name":"Black Hole Discos","description":"Brazilian music LPs","publisher":{"@id":"https:\/\/blackholediscos.com\/#organization"},"potentialAction":[{"@type":"SearchAction","target":{"@type":"EntryPoint","urlTemplate":"https:\/\/blackholediscos.com\/?s={search_term_string}"},"query-input":{"@type":"PropertyValueSpecification","valueRequired":true,"valueName":"search_term_string"}}],"inLanguage":"en-US"},{"@type":"Organization","@id":"https:\/\/blackholediscos.com\/#organization","name":"Black Hole Discos","url":"https:\/\/blackholediscos.com\/","logo":{"@type":"ImageObject","inLanguage":"en-US","@id":"https:\/\/blackholediscos.com\/#\/schema\/logo\/image\/","url":"https:\/\/blackholediscos.com\/wp-content\/uploads\/2024\/06\/black-hole-discos-vinis-logo.png","contentUrl":"https:\/\/blackholediscos.com\/wp-content\/uploads\/2024\/06\/black-hole-discos-vinis-logo.png","width":70,"height":66,"caption":"Black Hole Discos"},"image":{"@id":"https:\/\/blackholediscos.com\/#\/schema\/logo\/image\/"},"sameAs":["https:\/\/www.instagram.com\/blackholediscos\/"]}]}},"_links":{"self":[{"href":"https:\/\/blackholediscos.com\/en\/wp-json\/wp\/v2\/product\/2414","targetHints":{"allow":["GET"]}}],"collection":[{"href":"https:\/\/blackholediscos.com\/en\/wp-json\/wp\/v2\/product"}],"about":[{"href":"https:\/\/blackholediscos.com\/en\/wp-json\/wp\/v2\/types\/product"}],"replies":[{"embeddable":true,"href":"https:\/\/blackholediscos.com\/en\/wp-json\/wp\/v2\/comments?post=2414"}],"wp:featuredmedia":[{"embeddable":true,"href":"https:\/\/blackholediscos.com\/en\/wp-json\/wp\/v2\/media\/2404"}],"wp:attachment":[{"href":"https:\/\/blackholediscos.com\/en\/wp-json\/wp\/v2\/media?parent=2414"}],"wp:term":[{"taxonomy":"product_brand","embeddable":true,"href":"https:\/\/blackholediscos.com\/en\/wp-json\/wp\/v2\/product_brand?post=2414"},{"taxonomy":"product_cat","embeddable":true,"href":"https:\/\/blackholediscos.com\/en\/wp-json\/wp\/v2\/product_cat?post=2414"},{"taxonomy":"product_tag","embeddable":true,"href":"https:\/\/blackholediscos.com\/en\/wp-json\/wp\/v2\/product_tag?post=2414"},{"taxonomy":"artista","embeddable":true,"href":"https:\/\/blackholediscos.com\/en\/wp-json\/wp\/v2\/artista?post=2414"},{"taxonomy":"produtora","embeddable":true,"href":"https:\/\/blackholediscos.com\/en\/wp-json\/wp\/v2\/produtora?post=2414"},{"taxonomy":"ano","embeddable":true,"href":"https:\/\/blackholediscos.com\/en\/wp-json\/wp\/v2\/ano?post=2414"}],"curies":[{"name":"wp","href":"https:\/\/api.w.org\/{rel}","templated":true}]}}