{"id":2406,"date":"2024-06-24T16:55:00","date_gmt":"2024-06-24T16:55:00","guid":{"rendered":"https:\/\/blackholediscos.com\/?post_type=product&#038;p=2406"},"modified":"2024-06-30T16:56:57","modified_gmt":"2024-06-30T16:56:57","slug":"brasil-anos-2000","status":"publish","type":"product","link":"https:\/\/blackholediscos.com\/en\/product\/brasil-anos-2000\/","title":{"rendered":"Rog\u00e9rio Duprat &#8211; Brasil anos 2000"},"content":{"rendered":"<p>LP Original de \u00e9poca . Capa:VG . M\u00eddia em excelentes condi\u00e7\u00f5es .<\/p>\n<p>Label:<br \/>\nForma (2) \u2013 VDL 112<\/p>\n<p>A1\tIntrodu\u00e7\u00e3o\t0:30<br \/>\nA2\tCan\u00e7\u00e3o Da M\u00f4\u00e7a\t1:05<br \/>\nA3\tA Fam\u00edlia No Caminh\u00e3o\t0:40<br \/>\nA4\tA Transforma\u00e7\u00e3o Em \u00cdndio\t1:30<br \/>\nA5\tHomem De Neandertal\t3:55<br \/>\nA6\t\u00caxtase\t0:25<br \/>\nA7\tretreta\t4:10<br \/>\nA8\tCasamento E Sedu\u00e7\u00e3o\t0:57<br \/>\nA9\tCena De Amor Na Praia\t0:30<br \/>\nA10\tA Fuga\t1:05<br \/>\nA11\tOrgia Subterr\u00e2nea\t1:25<br \/>\nA12\tFlexas Ao Alvo\t0:10<br \/>\nB1\tShow De Me Esqueci\t5:15<br \/>\nB2\tCora\u00e7\u00e3o\t3:10<br \/>\nB3\tAn\u00fancio De Luta\t0:15<br \/>\nB4\tDuelo De Garfo E Faca\t1:45<br \/>\nB5\tRel\u00f3gio Do Tempo\t1:10<br \/>\nB6\tNo Quartel\t0:40<br \/>\nB7\tEscolha Da Liberdade\t1:10<br \/>\nB8\tN\u00e3o Identificado\t3:00<\/p>","protected":false},"excerpt":{"rendered":"<p>LP Original de \u00e9poca . Capa:VG . M\u00eddia em excelentes condi\u00e7\u00f5es . Label: Forma (2) \u2013 VDL 112 A1 Introdu\u00e7\u00e3o 0:30 A2 Can\u00e7\u00e3o Da M\u00f4\u00e7a 1:05 A3 A Fam\u00edlia No Caminh\u00e3o 0:40 A4 A Transforma\u00e7\u00e3o Em \u00cdndio 1:30 A5 Homem De Neandertal 3:55 A6 \u00caxtase 0:25 A7 retreta 4:10 A8 Casamento E Sedu\u00e7\u00e3o 0:57 A9 [&hellip;]<\/p>\n","protected":false},"featured_media":2335,"comment_status":"open","ping_status":"closed","template":"","meta":{"_acf_changed":false},"product_brand":[],"product_cat":[39,509,48,35],"product_tag":[],"artista":[608,609],"produtora":[],"ano":[491],"class_list":{"0":"post-2406","1":"product","2":"type-product","3":"status-publish","4":"has-post-thumbnail","6":"product_cat-mpb","7":"product_cat-prog-rock","8":"product_cat-psicodelia","9":"product_cat-rock","10":"artista-brasil-anos-2000","11":"artista-rogerio-duprat","12":"ano-491","14":"first","15":"instock","16":"shipping-taxable","17":"purchasable","18":"product-type-simple"},"acf":[],"yoast_head":"<!-- This site is optimized with the Yoast SEO plugin v27.3 - https:\/\/yoast.com\/product\/yoast-seo-wordpress\/ -->\n<title>Rog\u00e9rio Duprat - Brasil anos 2000 - Black Hole Discos<\/title>\n<meta name=\"robots\" content=\"index, follow, max-snippet:-1, max-image-preview:large, max-video-preview:-1\" \/>\n<link rel=\"canonical\" href=\"https:\/\/blackholediscos.com\/en\/product\/brasil-anos-2000\/\" \/>\n<meta property=\"og:locale\" content=\"en_US\" \/>\n<meta property=\"og:type\" content=\"article\" \/>\n<meta property=\"og:title\" content=\"Rog\u00e9rio Duprat - Brasil anos 2000 - Black Hole Discos\" \/>\n<meta property=\"og:description\" content=\"LP Original de \u00e9poca . Capa:VG . M\u00eddia em excelentes condi\u00e7\u00f5es . Label: Forma (2) \u2013 VDL 112 A1 Introdu\u00e7\u00e3o 0:30 A2 Can\u00e7\u00e3o Da M\u00f4\u00e7a 1:05 A3 A Fam\u00edlia No Caminh\u00e3o 0:40 A4 A Transforma\u00e7\u00e3o Em \u00cdndio 1:30 A5 Homem De Neandertal 3:55 A6 \u00caxtase 0:25 A7 retreta 4:10 A8 Casamento E Sedu\u00e7\u00e3o 0:57 A9 [&hellip;]\" \/>\n<meta property=\"og:url\" content=\"https:\/\/blackholediscos.com\/en\/product\/brasil-anos-2000\/\" \/>\n<meta property=\"og:site_name\" content=\"Black Hole Discos\" \/>\n<meta property=\"article:publisher\" content=\"https:\/\/www.instagram.com\/blackholediscos\/\" \/>\n<meta property=\"article:modified_time\" content=\"2024-06-30T16:56:57+00:00\" \/>\n<meta property=\"og:image\" content=\"https:\/\/blackholediscos.com\/wp-content\/uploads\/2024\/06\/IMG_4885-scaled.jpeg\" \/>\n\t<meta property=\"og:image:width\" content=\"2560\" \/>\n\t<meta property=\"og:image:height\" content=\"2560\" \/>\n\t<meta property=\"og:image:type\" content=\"image\/jpeg\" \/>\n<meta name=\"twitter:card\" content=\"summary_large_image\" \/>\n<meta name=\"twitter:label1\" content=\"Est. reading time\" \/>\n\t<meta name=\"twitter:data1\" content=\"1 minute\" \/>\n<script type=\"application\/ld+json\" class=\"yoast-schema-graph\">{\"@context\":\"https:\\\/\\\/schema.org\",\"@graph\":[{\"@type\":\"WebPage\",\"@id\":\"https:\\\/\\\/blackholediscos.com\\\/product\\\/brasil-anos-2000\\\/\",\"url\":\"https:\\\/\\\/blackholediscos.com\\\/product\\\/brasil-anos-2000\\\/\",\"name\":\"Rog\u00e9rio Duprat - Brasil anos 2000 - Black Hole Discos\",\"isPartOf\":{\"@id\":\"https:\\\/\\\/blackholediscos.com\\\/#website\"},\"primaryImageOfPage\":{\"@id\":\"https:\\\/\\\/blackholediscos.com\\\/product\\\/brasil-anos-2000\\\/#primaryimage\"},\"image\":{\"@id\":\"https:\\\/\\\/blackholediscos.com\\\/product\\\/brasil-anos-2000\\\/#primaryimage\"},\"thumbnailUrl\":\"https:\\\/\\\/blackholediscos.com\\\/wp-content\\\/uploads\\\/2024\\\/06\\\/IMG_4885-scaled.jpeg\",\"datePublished\":\"2024-06-24T16:55:00+00:00\",\"dateModified\":\"2024-06-30T16:56:57+00:00\",\"breadcrumb\":{\"@id\":\"https:\\\/\\\/blackholediscos.com\\\/product\\\/brasil-anos-2000\\\/#breadcrumb\"},\"inLanguage\":\"en-US\",\"potentialAction\":[{\"@type\":\"ReadAction\",\"target\":[\"https:\\\/\\\/blackholediscos.com\\\/product\\\/brasil-anos-2000\\\/\"]}]},{\"@type\":\"ImageObject\",\"inLanguage\":\"en-US\",\"@id\":\"https:\\\/\\\/blackholediscos.com\\\/product\\\/brasil-anos-2000\\\/#primaryimage\",\"url\":\"https:\\\/\\\/blackholediscos.com\\\/wp-content\\\/uploads\\\/2024\\\/06\\\/IMG_4885-scaled.jpeg\",\"contentUrl\":\"https:\\\/\\\/blackholediscos.com\\\/wp-content\\\/uploads\\\/2024\\\/06\\\/IMG_4885-scaled.jpeg\",\"width\":2560,\"height\":2560},{\"@type\":\"BreadcrumbList\",\"@id\":\"https:\\\/\\\/blackholediscos.com\\\/product\\\/brasil-anos-2000\\\/#breadcrumb\",\"itemListElement\":[{\"@type\":\"ListItem\",\"position\":1,\"name\":\"In\u00edcio\",\"item\":\"https:\\\/\\\/blackholediscos.com\\\/\"},{\"@type\":\"ListItem\",\"position\":2,\"name\":\"Shop\",\"item\":\"https:\\\/\\\/blackholediscos.com\\\/shop\\\/\"},{\"@type\":\"ListItem\",\"position\":3,\"name\":\"Rog\u00e9rio Duprat &#8211; Brasil anos 2000\"}]},{\"@type\":\"WebSite\",\"@id\":\"https:\\\/\\\/blackholediscos.com\\\/#website\",\"url\":\"https:\\\/\\\/blackholediscos.com\\\/\",\"name\":\"Black Hole Discos\",\"description\":\"Brazilian music LPs\",\"publisher\":{\"@id\":\"https:\\\/\\\/blackholediscos.com\\\/#organization\"},\"potentialAction\":[{\"@type\":\"SearchAction\",\"target\":{\"@type\":\"EntryPoint\",\"urlTemplate\":\"https:\\\/\\\/blackholediscos.com\\\/?s={search_term_string}\"},\"query-input\":{\"@type\":\"PropertyValueSpecification\",\"valueRequired\":true,\"valueName\":\"search_term_string\"}}],\"inLanguage\":\"en-US\"},{\"@type\":\"Organization\",\"@id\":\"https:\\\/\\\/blackholediscos.com\\\/#organization\",\"name\":\"Black Hole Discos\",\"url\":\"https:\\\/\\\/blackholediscos.com\\\/\",\"logo\":{\"@type\":\"ImageObject\",\"inLanguage\":\"en-US\",\"@id\":\"https:\\\/\\\/blackholediscos.com\\\/#\\\/schema\\\/logo\\\/image\\\/\",\"url\":\"https:\\\/\\\/blackholediscos.com\\\/wp-content\\\/uploads\\\/2024\\\/06\\\/black-hole-discos-vinis-logo.png\",\"contentUrl\":\"https:\\\/\\\/blackholediscos.com\\\/wp-content\\\/uploads\\\/2024\\\/06\\\/black-hole-discos-vinis-logo.png\",\"width\":70,\"height\":66,\"caption\":\"Black Hole Discos\"},\"image\":{\"@id\":\"https:\\\/\\\/blackholediscos.com\\\/#\\\/schema\\\/logo\\\/image\\\/\"},\"sameAs\":[\"https:\\\/\\\/www.instagram.com\\\/blackholediscos\\\/\"]}]}<\/script>\n<!-- \/ Yoast SEO plugin. -->","yoast_head_json":{"title":"Rog\u00e9rio Duprat - Brasil anos 2000 - Black Hole Discos","robots":{"index":"index","follow":"follow","max-snippet":"max-snippet:-1","max-image-preview":"max-image-preview:large","max-video-preview":"max-video-preview:-1"},"canonical":"https:\/\/blackholediscos.com\/en\/product\/brasil-anos-2000\/","og_locale":"en_US","og_type":"article","og_title":"Rog\u00e9rio Duprat - Brasil anos 2000 - Black Hole Discos","og_description":"LP Original de \u00e9poca . Capa:VG . M\u00eddia em excelentes condi\u00e7\u00f5es . Label: Forma (2) \u2013 VDL 112 A1 Introdu\u00e7\u00e3o 0:30 A2 Can\u00e7\u00e3o Da M\u00f4\u00e7a 1:05 A3 A Fam\u00edlia No Caminh\u00e3o 0:40 A4 A Transforma\u00e7\u00e3o Em \u00cdndio 1:30 A5 Homem De Neandertal 3:55 A6 \u00caxtase 0:25 A7 retreta 4:10 A8 Casamento E Sedu\u00e7\u00e3o 0:57 A9 [&hellip;]","og_url":"https:\/\/blackholediscos.com\/en\/product\/brasil-anos-2000\/","og_site_name":"Black Hole Discos","article_publisher":"https:\/\/www.instagram.com\/blackholediscos\/","article_modified_time":"2024-06-30T16:56:57+00:00","og_image":[{"width":2560,"height":2560,"url":"https:\/\/blackholediscos.com\/wp-content\/uploads\/2024\/06\/IMG_4885-scaled.jpeg","type":"image\/jpeg"}],"twitter_card":"summary_large_image","twitter_misc":{"Est. reading time":"1 minute"},"schema":{"@context":"https:\/\/schema.org","@graph":[{"@type":"WebPage","@id":"https:\/\/blackholediscos.com\/product\/brasil-anos-2000\/","url":"https:\/\/blackholediscos.com\/product\/brasil-anos-2000\/","name":"Rog\u00e9rio Duprat - Brasil anos 2000 - Black Hole Discos","isPartOf":{"@id":"https:\/\/blackholediscos.com\/#website"},"primaryImageOfPage":{"@id":"https:\/\/blackholediscos.com\/product\/brasil-anos-2000\/#primaryimage"},"image":{"@id":"https:\/\/blackholediscos.com\/product\/brasil-anos-2000\/#primaryimage"},"thumbnailUrl":"https:\/\/blackholediscos.com\/wp-content\/uploads\/2024\/06\/IMG_4885-scaled.jpeg","datePublished":"2024-06-24T16:55:00+00:00","dateModified":"2024-06-30T16:56:57+00:00","breadcrumb":{"@id":"https:\/\/blackholediscos.com\/product\/brasil-anos-2000\/#breadcrumb"},"inLanguage":"en-US","potentialAction":[{"@type":"ReadAction","target":["https:\/\/blackholediscos.com\/product\/brasil-anos-2000\/"]}]},{"@type":"ImageObject","inLanguage":"en-US","@id":"https:\/\/blackholediscos.com\/product\/brasil-anos-2000\/#primaryimage","url":"https:\/\/blackholediscos.com\/wp-content\/uploads\/2024\/06\/IMG_4885-scaled.jpeg","contentUrl":"https:\/\/blackholediscos.com\/wp-content\/uploads\/2024\/06\/IMG_4885-scaled.jpeg","width":2560,"height":2560},{"@type":"BreadcrumbList","@id":"https:\/\/blackholediscos.com\/product\/brasil-anos-2000\/#breadcrumb","itemListElement":[{"@type":"ListItem","position":1,"name":"In\u00edcio","item":"https:\/\/blackholediscos.com\/"},{"@type":"ListItem","position":2,"name":"Shop","item":"https:\/\/blackholediscos.com\/shop\/"},{"@type":"ListItem","position":3,"name":"Rog\u00e9rio Duprat &#8211; Brasil anos 2000"}]},{"@type":"WebSite","@id":"https:\/\/blackholediscos.com\/#website","url":"https:\/\/blackholediscos.com\/","name":"Black Hole Discos","description":"Brazilian music LPs","publisher":{"@id":"https:\/\/blackholediscos.com\/#organization"},"potentialAction":[{"@type":"SearchAction","target":{"@type":"EntryPoint","urlTemplate":"https:\/\/blackholediscos.com\/?s={search_term_string}"},"query-input":{"@type":"PropertyValueSpecification","valueRequired":true,"valueName":"search_term_string"}}],"inLanguage":"en-US"},{"@type":"Organization","@id":"https:\/\/blackholediscos.com\/#organization","name":"Black Hole Discos","url":"https:\/\/blackholediscos.com\/","logo":{"@type":"ImageObject","inLanguage":"en-US","@id":"https:\/\/blackholediscos.com\/#\/schema\/logo\/image\/","url":"https:\/\/blackholediscos.com\/wp-content\/uploads\/2024\/06\/black-hole-discos-vinis-logo.png","contentUrl":"https:\/\/blackholediscos.com\/wp-content\/uploads\/2024\/06\/black-hole-discos-vinis-logo.png","width":70,"height":66,"caption":"Black Hole Discos"},"image":{"@id":"https:\/\/blackholediscos.com\/#\/schema\/logo\/image\/"},"sameAs":["https:\/\/www.instagram.com\/blackholediscos\/"]}]}},"_links":{"self":[{"href":"https:\/\/blackholediscos.com\/en\/wp-json\/wp\/v2\/product\/2406","targetHints":{"allow":["GET"]}}],"collection":[{"href":"https:\/\/blackholediscos.com\/en\/wp-json\/wp\/v2\/product"}],"about":[{"href":"https:\/\/blackholediscos.com\/en\/wp-json\/wp\/v2\/types\/product"}],"replies":[{"embeddable":true,"href":"https:\/\/blackholediscos.com\/en\/wp-json\/wp\/v2\/comments?post=2406"}],"wp:featuredmedia":[{"embeddable":true,"href":"https:\/\/blackholediscos.com\/en\/wp-json\/wp\/v2\/media\/2335"}],"wp:attachment":[{"href":"https:\/\/blackholediscos.com\/en\/wp-json\/wp\/v2\/media?parent=2406"}],"wp:term":[{"taxonomy":"product_brand","embeddable":true,"href":"https:\/\/blackholediscos.com\/en\/wp-json\/wp\/v2\/product_brand?post=2406"},{"taxonomy":"product_cat","embeddable":true,"href":"https:\/\/blackholediscos.com\/en\/wp-json\/wp\/v2\/product_cat?post=2406"},{"taxonomy":"product_tag","embeddable":true,"href":"https:\/\/blackholediscos.com\/en\/wp-json\/wp\/v2\/product_tag?post=2406"},{"taxonomy":"artista","embeddable":true,"href":"https:\/\/blackholediscos.com\/en\/wp-json\/wp\/v2\/artista?post=2406"},{"taxonomy":"produtora","embeddable":true,"href":"https:\/\/blackholediscos.com\/en\/wp-json\/wp\/v2\/produtora?post=2406"},{"taxonomy":"ano","embeddable":true,"href":"https:\/\/blackholediscos.com\/en\/wp-json\/wp\/v2\/ano?post=2406"}],"curies":[{"name":"wp","href":"https:\/\/api.w.org\/{rel}","templated":true}]}}