{"id":2400,"date":"2024-06-24T16:35:20","date_gmt":"2024-06-24T16:35:20","guid":{"rendered":"https:\/\/blackholediscos.com\/?post_type=product&#038;p=2400"},"modified":"2024-06-30T16:51:54","modified_gmt":"2024-06-30T16:51:54","slug":"aecio-flavio-quartezanato-caminho-da-barra","status":"publish","type":"product","link":"https:\/\/blackholediscos.com\/en\/product\/aecio-flavio-quartezanato-caminho-da-barra\/","title":{"rendered":"A\u00e9cio Fl\u00e1vio &#038; Quartezanato \u2013 Caminho Da Barra MPBC"},"content":{"rendered":"<p>LP Original de \u00e9poca em perfeitas condi\u00e7\u00f5es de m\u00eddia e de capa.<\/p>\n<p>Philips \u2013 6349 448<\/p>\n<p>A1\t\tO Menino Azul<br \/>\nWritten-By \u2013 A\u00e9cio Fl\u00e1vio<br \/>\n2:35<br \/>\nA2\t\tCaminho Da Ro\u00e7a<br \/>\nWritten-By \u2013 Angela Suarez, A\u00e9cio Fl\u00e1vio<br \/>\n3:26<br \/>\nA3\t\tEncontro Das \u00c1guas<br \/>\nWritten-By \u2013 A\u00e9cio Fl\u00e1vio<br \/>\n2:43<br \/>\nA4\t\tFolia<br \/>\nWritten-By \u2013 A\u00e9cio Fl\u00e1vio<br \/>\n3:13<br \/>\nA5\t\tMar De Espanha<br \/>\nWritten-By \u2013 A\u00e9cio Fl\u00e1vio<br \/>\n4:24<br \/>\nA6\t\tZero Grau<br \/>\nWritten-By \u2013 J. Carlos Ramos*, L\u00e9o Gandelman*<br \/>\n3:32<br \/>\nB1\t\tRastro De Outono<br \/>\nWritten-By \u2013 A\u00e9cio Fl\u00e1vio<br \/>\n4:39<br \/>\nB2\t\tV\u00f4o Livre<br \/>\nWritten-By \u2013 A\u00e9cio Fl\u00e1vio<br \/>\n4:40<br \/>\nB3\t\tMenino<br \/>\nWritten-By \u2013 A\u00e9cio Fl\u00e1vio, Elaine Stoducto<br \/>\n1:55<br \/>\nB4\t\tNigritim<br \/>\nWritten-By \u2013 Toninho Costa<br \/>\n2:16<br \/>\nB5\t\tCaminho Da Barra<br \/>\nWritten-By \u2013 A\u00e9cio Fl\u00e1vio<\/p>\n<p>Backing Vocals \u2013 Jane Duboc<br \/>\nDrums, Percussion \u2013 Nando Pereira*<br \/>\nElectric Bass, Acoustic Bass \u2013 S\u00e9rgio Brand\u00e3o*<br \/>\nGuitar, Acoustic Guitar, Cavaquinho \u2013 Toninho Costa<br \/>\nPiano, Flute, Acoustic Guitar, Vocals \u2013 A\u00e9cio Fl\u00e1vio<br \/>\nProducer \u2013 Paulo Deb\u00e9tio<br \/>\nSoprano Saxophone, Tenor Saxophone, Flute \u2013 L\u00e9o Gandelman*<\/p>","protected":false},"excerpt":{"rendered":"<p>LP Original de \u00e9poca em perfeitas condi\u00e7\u00f5es de m\u00eddia e de capa. Philips \u2013 6349 448 A1 O Menino Azul Written-By \u2013 A\u00e9cio Fl\u00e1vio 2:35 A2 Caminho Da Ro\u00e7a Written-By \u2013 Angela Suarez, A\u00e9cio Fl\u00e1vio 3:26 A3 Encontro Das \u00c1guas Written-By \u2013 A\u00e9cio Fl\u00e1vio 2:43 A4 Folia Written-By \u2013 A\u00e9cio Fl\u00e1vio 3:13 A5 Mar De [&hellip;]<\/p>\n","protected":false},"featured_media":2390,"comment_status":"open","ping_status":"closed","template":"","meta":{"_acf_changed":false},"product_brand":[],"product_cat":[515,525],"product_tag":[],"artista":[606],"produtora":[528],"ano":[284],"class_list":{"0":"post-2400","1":"product","2":"type-product","3":"status-publish","4":"has-post-thumbnail","6":"product_cat-jazz-latin","7":"product_cat-mpbc-musica-popular-brasileira-contemporanea","8":"artista-aecio-flavio-quartezanato","9":"produtora-mpbc","10":"ano-284","12":"first","13":"instock","14":"shipping-taxable","15":"purchasable","16":"product-type-simple"},"acf":[],"yoast_head":"<!-- This site is optimized with the Yoast SEO plugin v27.3 - https:\/\/yoast.com\/product\/yoast-seo-wordpress\/ -->\n<title>A\u00e9cio Fl\u00e1vio &amp; Quartezanato \u2013 Caminho Da Barra MPBC - Black Hole Discos<\/title>\n<meta name=\"robots\" content=\"index, follow, max-snippet:-1, max-image-preview:large, max-video-preview:-1\" \/>\n<link rel=\"canonical\" href=\"https:\/\/blackholediscos.com\/en\/product\/aecio-flavio-quartezanato-caminho-da-barra\/\" \/>\n<meta property=\"og:locale\" content=\"en_US\" \/>\n<meta property=\"og:type\" content=\"article\" \/>\n<meta property=\"og:title\" content=\"A\u00e9cio Fl\u00e1vio &amp; Quartezanato \u2013 Caminho Da Barra MPBC - Black Hole Discos\" \/>\n<meta property=\"og:description\" content=\"LP Original de \u00e9poca em perfeitas condi\u00e7\u00f5es de m\u00eddia e de capa. Philips \u2013 6349 448 A1 O Menino Azul Written-By \u2013 A\u00e9cio Fl\u00e1vio 2:35 A2 Caminho Da Ro\u00e7a Written-By \u2013 Angela Suarez, A\u00e9cio Fl\u00e1vio 3:26 A3 Encontro Das \u00c1guas Written-By \u2013 A\u00e9cio Fl\u00e1vio 2:43 A4 Folia Written-By \u2013 A\u00e9cio Fl\u00e1vio 3:13 A5 Mar De [&hellip;]\" \/>\n<meta property=\"og:url\" content=\"https:\/\/blackholediscos.com\/en\/product\/aecio-flavio-quartezanato-caminho-da-barra\/\" \/>\n<meta property=\"og:site_name\" content=\"Black Hole Discos\" \/>\n<meta property=\"article:publisher\" content=\"https:\/\/www.instagram.com\/blackholediscos\/\" \/>\n<meta property=\"article:modified_time\" content=\"2024-06-30T16:51:54+00:00\" \/>\n<meta property=\"og:image\" content=\"https:\/\/blackholediscos.com\/wp-content\/uploads\/2024\/06\/IMG_5355-scaled.jpeg\" \/>\n\t<meta property=\"og:image:width\" content=\"2560\" \/>\n\t<meta property=\"og:image:height\" content=\"2560\" \/>\n\t<meta property=\"og:image:type\" content=\"image\/jpeg\" \/>\n<meta name=\"twitter:card\" content=\"summary_large_image\" \/>\n<meta name=\"twitter:label1\" content=\"Est. reading time\" \/>\n\t<meta name=\"twitter:data1\" content=\"1 minute\" \/>\n<script type=\"application\/ld+json\" class=\"yoast-schema-graph\">{\"@context\":\"https:\\\/\\\/schema.org\",\"@graph\":[{\"@type\":\"WebPage\",\"@id\":\"https:\\\/\\\/blackholediscos.com\\\/product\\\/aecio-flavio-quartezanato-caminho-da-barra\\\/\",\"url\":\"https:\\\/\\\/blackholediscos.com\\\/product\\\/aecio-flavio-quartezanato-caminho-da-barra\\\/\",\"name\":\"A\u00e9cio Fl\u00e1vio & Quartezanato \u2013 Caminho Da Barra MPBC - Black Hole Discos\",\"isPartOf\":{\"@id\":\"https:\\\/\\\/blackholediscos.com\\\/#website\"},\"primaryImageOfPage\":{\"@id\":\"https:\\\/\\\/blackholediscos.com\\\/product\\\/aecio-flavio-quartezanato-caminho-da-barra\\\/#primaryimage\"},\"image\":{\"@id\":\"https:\\\/\\\/blackholediscos.com\\\/product\\\/aecio-flavio-quartezanato-caminho-da-barra\\\/#primaryimage\"},\"thumbnailUrl\":\"https:\\\/\\\/blackholediscos.com\\\/wp-content\\\/uploads\\\/2024\\\/06\\\/IMG_5355-scaled.jpeg\",\"datePublished\":\"2024-06-24T16:35:20+00:00\",\"dateModified\":\"2024-06-30T16:51:54+00:00\",\"breadcrumb\":{\"@id\":\"https:\\\/\\\/blackholediscos.com\\\/product\\\/aecio-flavio-quartezanato-caminho-da-barra\\\/#breadcrumb\"},\"inLanguage\":\"en-US\",\"potentialAction\":[{\"@type\":\"ReadAction\",\"target\":[\"https:\\\/\\\/blackholediscos.com\\\/product\\\/aecio-flavio-quartezanato-caminho-da-barra\\\/\"]}]},{\"@type\":\"ImageObject\",\"inLanguage\":\"en-US\",\"@id\":\"https:\\\/\\\/blackholediscos.com\\\/product\\\/aecio-flavio-quartezanato-caminho-da-barra\\\/#primaryimage\",\"url\":\"https:\\\/\\\/blackholediscos.com\\\/wp-content\\\/uploads\\\/2024\\\/06\\\/IMG_5355-scaled.jpeg\",\"contentUrl\":\"https:\\\/\\\/blackholediscos.com\\\/wp-content\\\/uploads\\\/2024\\\/06\\\/IMG_5355-scaled.jpeg\",\"width\":2560,\"height\":2560},{\"@type\":\"BreadcrumbList\",\"@id\":\"https:\\\/\\\/blackholediscos.com\\\/product\\\/aecio-flavio-quartezanato-caminho-da-barra\\\/#breadcrumb\",\"itemListElement\":[{\"@type\":\"ListItem\",\"position\":1,\"name\":\"In\u00edcio\",\"item\":\"https:\\\/\\\/blackholediscos.com\\\/\"},{\"@type\":\"ListItem\",\"position\":2,\"name\":\"Shop\",\"item\":\"https:\\\/\\\/blackholediscos.com\\\/shop\\\/\"},{\"@type\":\"ListItem\",\"position\":3,\"name\":\"A\u00e9cio Fl\u00e1vio &#038; Quartezanato \u2013 Caminho Da Barra MPBC\"}]},{\"@type\":\"WebSite\",\"@id\":\"https:\\\/\\\/blackholediscos.com\\\/#website\",\"url\":\"https:\\\/\\\/blackholediscos.com\\\/\",\"name\":\"Black Hole Discos\",\"description\":\"Brazilian music LPs\",\"publisher\":{\"@id\":\"https:\\\/\\\/blackholediscos.com\\\/#organization\"},\"potentialAction\":[{\"@type\":\"SearchAction\",\"target\":{\"@type\":\"EntryPoint\",\"urlTemplate\":\"https:\\\/\\\/blackholediscos.com\\\/?s={search_term_string}\"},\"query-input\":{\"@type\":\"PropertyValueSpecification\",\"valueRequired\":true,\"valueName\":\"search_term_string\"}}],\"inLanguage\":\"en-US\"},{\"@type\":\"Organization\",\"@id\":\"https:\\\/\\\/blackholediscos.com\\\/#organization\",\"name\":\"Black Hole Discos\",\"url\":\"https:\\\/\\\/blackholediscos.com\\\/\",\"logo\":{\"@type\":\"ImageObject\",\"inLanguage\":\"en-US\",\"@id\":\"https:\\\/\\\/blackholediscos.com\\\/#\\\/schema\\\/logo\\\/image\\\/\",\"url\":\"https:\\\/\\\/blackholediscos.com\\\/wp-content\\\/uploads\\\/2024\\\/06\\\/black-hole-discos-vinis-logo.png\",\"contentUrl\":\"https:\\\/\\\/blackholediscos.com\\\/wp-content\\\/uploads\\\/2024\\\/06\\\/black-hole-discos-vinis-logo.png\",\"width\":70,\"height\":66,\"caption\":\"Black Hole Discos\"},\"image\":{\"@id\":\"https:\\\/\\\/blackholediscos.com\\\/#\\\/schema\\\/logo\\\/image\\\/\"},\"sameAs\":[\"https:\\\/\\\/www.instagram.com\\\/blackholediscos\\\/\"]}]}<\/script>\n<!-- \/ Yoast SEO plugin. -->","yoast_head_json":{"title":"A\u00e9cio Fl\u00e1vio & Quartezanato \u2013 Caminho Da Barra MPBC - Black Hole Discos","robots":{"index":"index","follow":"follow","max-snippet":"max-snippet:-1","max-image-preview":"max-image-preview:large","max-video-preview":"max-video-preview:-1"},"canonical":"https:\/\/blackholediscos.com\/en\/product\/aecio-flavio-quartezanato-caminho-da-barra\/","og_locale":"en_US","og_type":"article","og_title":"A\u00e9cio Fl\u00e1vio & Quartezanato \u2013 Caminho Da Barra MPBC - Black Hole Discos","og_description":"LP Original de \u00e9poca em perfeitas condi\u00e7\u00f5es de m\u00eddia e de capa. Philips \u2013 6349 448 A1 O Menino Azul Written-By \u2013 A\u00e9cio Fl\u00e1vio 2:35 A2 Caminho Da Ro\u00e7a Written-By \u2013 Angela Suarez, A\u00e9cio Fl\u00e1vio 3:26 A3 Encontro Das \u00c1guas Written-By \u2013 A\u00e9cio Fl\u00e1vio 2:43 A4 Folia Written-By \u2013 A\u00e9cio Fl\u00e1vio 3:13 A5 Mar De [&hellip;]","og_url":"https:\/\/blackholediscos.com\/en\/product\/aecio-flavio-quartezanato-caminho-da-barra\/","og_site_name":"Black Hole Discos","article_publisher":"https:\/\/www.instagram.com\/blackholediscos\/","article_modified_time":"2024-06-30T16:51:54+00:00","og_image":[{"width":2560,"height":2560,"url":"https:\/\/blackholediscos.com\/wp-content\/uploads\/2024\/06\/IMG_5355-scaled.jpeg","type":"image\/jpeg"}],"twitter_card":"summary_large_image","twitter_misc":{"Est. reading time":"1 minute"},"schema":{"@context":"https:\/\/schema.org","@graph":[{"@type":"WebPage","@id":"https:\/\/blackholediscos.com\/product\/aecio-flavio-quartezanato-caminho-da-barra\/","url":"https:\/\/blackholediscos.com\/product\/aecio-flavio-quartezanato-caminho-da-barra\/","name":"A\u00e9cio Fl\u00e1vio & Quartezanato \u2013 Caminho Da Barra MPBC - Black Hole Discos","isPartOf":{"@id":"https:\/\/blackholediscos.com\/#website"},"primaryImageOfPage":{"@id":"https:\/\/blackholediscos.com\/product\/aecio-flavio-quartezanato-caminho-da-barra\/#primaryimage"},"image":{"@id":"https:\/\/blackholediscos.com\/product\/aecio-flavio-quartezanato-caminho-da-barra\/#primaryimage"},"thumbnailUrl":"https:\/\/blackholediscos.com\/wp-content\/uploads\/2024\/06\/IMG_5355-scaled.jpeg","datePublished":"2024-06-24T16:35:20+00:00","dateModified":"2024-06-30T16:51:54+00:00","breadcrumb":{"@id":"https:\/\/blackholediscos.com\/product\/aecio-flavio-quartezanato-caminho-da-barra\/#breadcrumb"},"inLanguage":"en-US","potentialAction":[{"@type":"ReadAction","target":["https:\/\/blackholediscos.com\/product\/aecio-flavio-quartezanato-caminho-da-barra\/"]}]},{"@type":"ImageObject","inLanguage":"en-US","@id":"https:\/\/blackholediscos.com\/product\/aecio-flavio-quartezanato-caminho-da-barra\/#primaryimage","url":"https:\/\/blackholediscos.com\/wp-content\/uploads\/2024\/06\/IMG_5355-scaled.jpeg","contentUrl":"https:\/\/blackholediscos.com\/wp-content\/uploads\/2024\/06\/IMG_5355-scaled.jpeg","width":2560,"height":2560},{"@type":"BreadcrumbList","@id":"https:\/\/blackholediscos.com\/product\/aecio-flavio-quartezanato-caminho-da-barra\/#breadcrumb","itemListElement":[{"@type":"ListItem","position":1,"name":"In\u00edcio","item":"https:\/\/blackholediscos.com\/"},{"@type":"ListItem","position":2,"name":"Shop","item":"https:\/\/blackholediscos.com\/shop\/"},{"@type":"ListItem","position":3,"name":"A\u00e9cio Fl\u00e1vio &#038; Quartezanato \u2013 Caminho Da Barra MPBC"}]},{"@type":"WebSite","@id":"https:\/\/blackholediscos.com\/#website","url":"https:\/\/blackholediscos.com\/","name":"Black Hole Discos","description":"Brazilian music LPs","publisher":{"@id":"https:\/\/blackholediscos.com\/#organization"},"potentialAction":[{"@type":"SearchAction","target":{"@type":"EntryPoint","urlTemplate":"https:\/\/blackholediscos.com\/?s={search_term_string}"},"query-input":{"@type":"PropertyValueSpecification","valueRequired":true,"valueName":"search_term_string"}}],"inLanguage":"en-US"},{"@type":"Organization","@id":"https:\/\/blackholediscos.com\/#organization","name":"Black Hole Discos","url":"https:\/\/blackholediscos.com\/","logo":{"@type":"ImageObject","inLanguage":"en-US","@id":"https:\/\/blackholediscos.com\/#\/schema\/logo\/image\/","url":"https:\/\/blackholediscos.com\/wp-content\/uploads\/2024\/06\/black-hole-discos-vinis-logo.png","contentUrl":"https:\/\/blackholediscos.com\/wp-content\/uploads\/2024\/06\/black-hole-discos-vinis-logo.png","width":70,"height":66,"caption":"Black Hole Discos"},"image":{"@id":"https:\/\/blackholediscos.com\/#\/schema\/logo\/image\/"},"sameAs":["https:\/\/www.instagram.com\/blackholediscos\/"]}]}},"_links":{"self":[{"href":"https:\/\/blackholediscos.com\/en\/wp-json\/wp\/v2\/product\/2400","targetHints":{"allow":["GET"]}}],"collection":[{"href":"https:\/\/blackholediscos.com\/en\/wp-json\/wp\/v2\/product"}],"about":[{"href":"https:\/\/blackholediscos.com\/en\/wp-json\/wp\/v2\/types\/product"}],"replies":[{"embeddable":true,"href":"https:\/\/blackholediscos.com\/en\/wp-json\/wp\/v2\/comments?post=2400"}],"wp:featuredmedia":[{"embeddable":true,"href":"https:\/\/blackholediscos.com\/en\/wp-json\/wp\/v2\/media\/2390"}],"wp:attachment":[{"href":"https:\/\/blackholediscos.com\/en\/wp-json\/wp\/v2\/media?parent=2400"}],"wp:term":[{"taxonomy":"product_brand","embeddable":true,"href":"https:\/\/blackholediscos.com\/en\/wp-json\/wp\/v2\/product_brand?post=2400"},{"taxonomy":"product_cat","embeddable":true,"href":"https:\/\/blackholediscos.com\/en\/wp-json\/wp\/v2\/product_cat?post=2400"},{"taxonomy":"product_tag","embeddable":true,"href":"https:\/\/blackholediscos.com\/en\/wp-json\/wp\/v2\/product_tag?post=2400"},{"taxonomy":"artista","embeddable":true,"href":"https:\/\/blackholediscos.com\/en\/wp-json\/wp\/v2\/artista?post=2400"},{"taxonomy":"produtora","embeddable":true,"href":"https:\/\/blackholediscos.com\/en\/wp-json\/wp\/v2\/produtora?post=2400"},{"taxonomy":"ano","embeddable":true,"href":"https:\/\/blackholediscos.com\/en\/wp-json\/wp\/v2\/ano?post=2400"}],"curies":[{"name":"wp","href":"https:\/\/api.w.org\/{rel}","templated":true}]}}