{"id":2394,"date":"2024-06-24T16:19:02","date_gmt":"2024-06-24T16:19:02","guid":{"rendered":"https:\/\/blackholediscos.com\/?post_type=product&#038;p=2394"},"modified":"2024-06-30T19:41:21","modified_gmt":"2024-06-30T19:41:21","slug":"tulio-mourao-trilhos-mpbc","status":"publish","type":"product","link":"https:\/\/blackholediscos.com\/en\/product\/tulio-mourao-trilhos-mpbc\/","title":{"rendered":"T\u00falio Mour\u00e3o \u2013 Trilhos MPBC"},"content":{"rendered":"<p>LP Original de \u00e9poca em perfeitas condi\u00e7\u00f5es de m\u00eddia e de capa.<\/p>\n<p>\tPhilips \u2013 6349.447<\/p>\n<p>A1\t\tOs Trilhos\t6:45<br \/>\nA2\t\tDestino Das \u00c1guas\t3:22<br \/>\nA3\t\tNenhum Ver\u00e3o\t4:20<br \/>\nA4\t\tFrevo No Circo\t2:03<\/p>\n<p>B1\t\tPedra E Paix\u00e3o (Para Aleijadinho)\t2:57<br \/>\nB2\t\tO Trem Da Selva (Madeira-Mamor\u00e9)\t4:45<br \/>\nB3\t\tBarro Doce\t2:36<br \/>\nB4\t\tDancinha\t2:46<br \/>\nB5\t\tPifarada<\/p>\n<p>Acoustic Bass \u2013 Luiz Alves<br \/>\nArranged By, Keyboards, Producer \u2013 T\u00falio Mour\u00e3o<br \/>\nCello \u2013 Jorge Kundert Ranevsky<br \/>\nDrums \u2013 Elber Bedaque, Robertinho Silva<br \/>\nElectric Bass \u2013 Luiz\u00e3o<br \/>\nFlute \u2013 Mauro Senise<br \/>\nFlute, Acoustic Guitar \u2013 Jairo Lara<br \/>\nPercussion \u2013 Aleuda, Sidinho Moreira<br \/>\nSoprano Saxophone, Flute \u2013 Nivaldo Ornelas<br \/>\nViolin \u2013 Walter Hack<\/p>","protected":false},"excerpt":{"rendered":"<p>LP Original de \u00e9poca em perfeitas condi\u00e7\u00f5es de m\u00eddia e de capa. Philips \u2013 6349.447 A1 Os Trilhos 6:45 A2 Destino Das \u00c1guas 3:22 A3 Nenhum Ver\u00e3o 4:20 A4 Frevo No Circo 2:03 B1 Pedra E Paix\u00e3o (Para Aleijadinho) 2:57 B2 O Trem Da Selva (Madeira-Mamor\u00e9) 4:45 B3 Barro Doce 2:36 B4 Dancinha 2:46 B5 [&hellip;]<\/p>\n","protected":false},"featured_media":2369,"comment_status":"open","ping_status":"closed","template":"","meta":{"_acf_changed":false},"product_brand":[],"product_cat":[39,525],"product_tag":[],"artista":[603],"produtora":[528],"ano":[284],"class_list":{"0":"post-2394","1":"product","2":"type-product","3":"status-publish","4":"has-post-thumbnail","6":"product_cat-mpb","7":"product_cat-mpbc-musica-popular-brasileira-contemporanea","8":"artista-tulio-mourao","9":"produtora-mpbc","10":"ano-284","12":"first","13":"instock","14":"shipping-taxable","15":"purchasable","16":"product-type-simple"},"acf":[],"yoast_head":"<!-- This site is optimized with the Yoast SEO plugin v27.3 - https:\/\/yoast.com\/product\/yoast-seo-wordpress\/ -->\n<title>T\u00falio Mour\u00e3o \u2013 Trilhos MPBC - Black Hole Discos<\/title>\n<meta name=\"robots\" content=\"index, follow, max-snippet:-1, max-image-preview:large, max-video-preview:-1\" \/>\n<link rel=\"canonical\" href=\"https:\/\/blackholediscos.com\/en\/product\/tulio-mourao-trilhos-mpbc\/\" \/>\n<meta property=\"og:locale\" content=\"en_US\" \/>\n<meta property=\"og:type\" content=\"article\" \/>\n<meta property=\"og:title\" content=\"T\u00falio Mour\u00e3o \u2013 Trilhos MPBC - Black Hole Discos\" \/>\n<meta property=\"og:description\" content=\"LP Original de \u00e9poca em perfeitas condi\u00e7\u00f5es de m\u00eddia e de capa. Philips \u2013 6349.447 A1 Os Trilhos 6:45 A2 Destino Das \u00c1guas 3:22 A3 Nenhum Ver\u00e3o 4:20 A4 Frevo No Circo 2:03 B1 Pedra E Paix\u00e3o (Para Aleijadinho) 2:57 B2 O Trem Da Selva (Madeira-Mamor\u00e9) 4:45 B3 Barro Doce 2:36 B4 Dancinha 2:46 B5 [&hellip;]\" \/>\n<meta property=\"og:url\" content=\"https:\/\/blackholediscos.com\/en\/product\/tulio-mourao-trilhos-mpbc\/\" \/>\n<meta property=\"og:site_name\" content=\"Black Hole Discos\" \/>\n<meta property=\"article:publisher\" content=\"https:\/\/www.instagram.com\/blackholediscos\/\" \/>\n<meta property=\"article:modified_time\" content=\"2024-06-30T19:41:21+00:00\" \/>\n<meta property=\"og:image\" content=\"https:\/\/blackholediscos.com\/wp-content\/uploads\/2024\/06\/IMG_5347-scaled.jpeg\" \/>\n\t<meta property=\"og:image:width\" content=\"2560\" \/>\n\t<meta property=\"og:image:height\" content=\"2560\" \/>\n\t<meta property=\"og:image:type\" content=\"image\/jpeg\" \/>\n<meta name=\"twitter:card\" content=\"summary_large_image\" \/>\n<meta name=\"twitter:label1\" content=\"Est. reading time\" \/>\n\t<meta name=\"twitter:data1\" content=\"1 minute\" \/>\n<script type=\"application\/ld+json\" class=\"yoast-schema-graph\">{\"@context\":\"https:\\\/\\\/schema.org\",\"@graph\":[{\"@type\":\"WebPage\",\"@id\":\"https:\\\/\\\/blackholediscos.com\\\/product\\\/tulio-mourao-trilhos-mpbc\\\/\",\"url\":\"https:\\\/\\\/blackholediscos.com\\\/product\\\/tulio-mourao-trilhos-mpbc\\\/\",\"name\":\"T\u00falio Mour\u00e3o \u2013 Trilhos MPBC - Black Hole Discos\",\"isPartOf\":{\"@id\":\"https:\\\/\\\/blackholediscos.com\\\/#website\"},\"primaryImageOfPage\":{\"@id\":\"https:\\\/\\\/blackholediscos.com\\\/product\\\/tulio-mourao-trilhos-mpbc\\\/#primaryimage\"},\"image\":{\"@id\":\"https:\\\/\\\/blackholediscos.com\\\/product\\\/tulio-mourao-trilhos-mpbc\\\/#primaryimage\"},\"thumbnailUrl\":\"https:\\\/\\\/blackholediscos.com\\\/wp-content\\\/uploads\\\/2024\\\/06\\\/IMG_5347-scaled.jpeg\",\"datePublished\":\"2024-06-24T16:19:02+00:00\",\"dateModified\":\"2024-06-30T19:41:21+00:00\",\"breadcrumb\":{\"@id\":\"https:\\\/\\\/blackholediscos.com\\\/product\\\/tulio-mourao-trilhos-mpbc\\\/#breadcrumb\"},\"inLanguage\":\"en-US\",\"potentialAction\":[{\"@type\":\"ReadAction\",\"target\":[\"https:\\\/\\\/blackholediscos.com\\\/product\\\/tulio-mourao-trilhos-mpbc\\\/\"]}]},{\"@type\":\"ImageObject\",\"inLanguage\":\"en-US\",\"@id\":\"https:\\\/\\\/blackholediscos.com\\\/product\\\/tulio-mourao-trilhos-mpbc\\\/#primaryimage\",\"url\":\"https:\\\/\\\/blackholediscos.com\\\/wp-content\\\/uploads\\\/2024\\\/06\\\/IMG_5347-scaled.jpeg\",\"contentUrl\":\"https:\\\/\\\/blackholediscos.com\\\/wp-content\\\/uploads\\\/2024\\\/06\\\/IMG_5347-scaled.jpeg\",\"width\":2560,\"height\":2560},{\"@type\":\"BreadcrumbList\",\"@id\":\"https:\\\/\\\/blackholediscos.com\\\/product\\\/tulio-mourao-trilhos-mpbc\\\/#breadcrumb\",\"itemListElement\":[{\"@type\":\"ListItem\",\"position\":1,\"name\":\"In\u00edcio\",\"item\":\"https:\\\/\\\/blackholediscos.com\\\/\"},{\"@type\":\"ListItem\",\"position\":2,\"name\":\"Shop\",\"item\":\"https:\\\/\\\/blackholediscos.com\\\/shop\\\/\"},{\"@type\":\"ListItem\",\"position\":3,\"name\":\"T\u00falio Mour\u00e3o \u2013 Trilhos MPBC\"}]},{\"@type\":\"WebSite\",\"@id\":\"https:\\\/\\\/blackholediscos.com\\\/#website\",\"url\":\"https:\\\/\\\/blackholediscos.com\\\/\",\"name\":\"Black Hole Discos\",\"description\":\"Brazilian music LPs\",\"publisher\":{\"@id\":\"https:\\\/\\\/blackholediscos.com\\\/#organization\"},\"potentialAction\":[{\"@type\":\"SearchAction\",\"target\":{\"@type\":\"EntryPoint\",\"urlTemplate\":\"https:\\\/\\\/blackholediscos.com\\\/?s={search_term_string}\"},\"query-input\":{\"@type\":\"PropertyValueSpecification\",\"valueRequired\":true,\"valueName\":\"search_term_string\"}}],\"inLanguage\":\"en-US\"},{\"@type\":\"Organization\",\"@id\":\"https:\\\/\\\/blackholediscos.com\\\/#organization\",\"name\":\"Black Hole Discos\",\"url\":\"https:\\\/\\\/blackholediscos.com\\\/\",\"logo\":{\"@type\":\"ImageObject\",\"inLanguage\":\"en-US\",\"@id\":\"https:\\\/\\\/blackholediscos.com\\\/#\\\/schema\\\/logo\\\/image\\\/\",\"url\":\"https:\\\/\\\/blackholediscos.com\\\/wp-content\\\/uploads\\\/2024\\\/06\\\/black-hole-discos-vinis-logo.png\",\"contentUrl\":\"https:\\\/\\\/blackholediscos.com\\\/wp-content\\\/uploads\\\/2024\\\/06\\\/black-hole-discos-vinis-logo.png\",\"width\":70,\"height\":66,\"caption\":\"Black Hole Discos\"},\"image\":{\"@id\":\"https:\\\/\\\/blackholediscos.com\\\/#\\\/schema\\\/logo\\\/image\\\/\"},\"sameAs\":[\"https:\\\/\\\/www.instagram.com\\\/blackholediscos\\\/\"]}]}<\/script>\n<!-- \/ Yoast SEO plugin. -->","yoast_head_json":{"title":"T\u00falio Mour\u00e3o \u2013 Trilhos MPBC - Black Hole Discos","robots":{"index":"index","follow":"follow","max-snippet":"max-snippet:-1","max-image-preview":"max-image-preview:large","max-video-preview":"max-video-preview:-1"},"canonical":"https:\/\/blackholediscos.com\/en\/product\/tulio-mourao-trilhos-mpbc\/","og_locale":"en_US","og_type":"article","og_title":"T\u00falio Mour\u00e3o \u2013 Trilhos MPBC - Black Hole Discos","og_description":"LP Original de \u00e9poca em perfeitas condi\u00e7\u00f5es de m\u00eddia e de capa. Philips \u2013 6349.447 A1 Os Trilhos 6:45 A2 Destino Das \u00c1guas 3:22 A3 Nenhum Ver\u00e3o 4:20 A4 Frevo No Circo 2:03 B1 Pedra E Paix\u00e3o (Para Aleijadinho) 2:57 B2 O Trem Da Selva (Madeira-Mamor\u00e9) 4:45 B3 Barro Doce 2:36 B4 Dancinha 2:46 B5 [&hellip;]","og_url":"https:\/\/blackholediscos.com\/en\/product\/tulio-mourao-trilhos-mpbc\/","og_site_name":"Black Hole Discos","article_publisher":"https:\/\/www.instagram.com\/blackholediscos\/","article_modified_time":"2024-06-30T19:41:21+00:00","og_image":[{"width":2560,"height":2560,"url":"https:\/\/blackholediscos.com\/wp-content\/uploads\/2024\/06\/IMG_5347-scaled.jpeg","type":"image\/jpeg"}],"twitter_card":"summary_large_image","twitter_misc":{"Est. reading time":"1 minute"},"schema":{"@context":"https:\/\/schema.org","@graph":[{"@type":"WebPage","@id":"https:\/\/blackholediscos.com\/product\/tulio-mourao-trilhos-mpbc\/","url":"https:\/\/blackholediscos.com\/product\/tulio-mourao-trilhos-mpbc\/","name":"T\u00falio Mour\u00e3o \u2013 Trilhos MPBC - Black Hole Discos","isPartOf":{"@id":"https:\/\/blackholediscos.com\/#website"},"primaryImageOfPage":{"@id":"https:\/\/blackholediscos.com\/product\/tulio-mourao-trilhos-mpbc\/#primaryimage"},"image":{"@id":"https:\/\/blackholediscos.com\/product\/tulio-mourao-trilhos-mpbc\/#primaryimage"},"thumbnailUrl":"https:\/\/blackholediscos.com\/wp-content\/uploads\/2024\/06\/IMG_5347-scaled.jpeg","datePublished":"2024-06-24T16:19:02+00:00","dateModified":"2024-06-30T19:41:21+00:00","breadcrumb":{"@id":"https:\/\/blackholediscos.com\/product\/tulio-mourao-trilhos-mpbc\/#breadcrumb"},"inLanguage":"en-US","potentialAction":[{"@type":"ReadAction","target":["https:\/\/blackholediscos.com\/product\/tulio-mourao-trilhos-mpbc\/"]}]},{"@type":"ImageObject","inLanguage":"en-US","@id":"https:\/\/blackholediscos.com\/product\/tulio-mourao-trilhos-mpbc\/#primaryimage","url":"https:\/\/blackholediscos.com\/wp-content\/uploads\/2024\/06\/IMG_5347-scaled.jpeg","contentUrl":"https:\/\/blackholediscos.com\/wp-content\/uploads\/2024\/06\/IMG_5347-scaled.jpeg","width":2560,"height":2560},{"@type":"BreadcrumbList","@id":"https:\/\/blackholediscos.com\/product\/tulio-mourao-trilhos-mpbc\/#breadcrumb","itemListElement":[{"@type":"ListItem","position":1,"name":"In\u00edcio","item":"https:\/\/blackholediscos.com\/"},{"@type":"ListItem","position":2,"name":"Shop","item":"https:\/\/blackholediscos.com\/shop\/"},{"@type":"ListItem","position":3,"name":"T\u00falio Mour\u00e3o \u2013 Trilhos MPBC"}]},{"@type":"WebSite","@id":"https:\/\/blackholediscos.com\/#website","url":"https:\/\/blackholediscos.com\/","name":"Black Hole Discos","description":"Brazilian music LPs","publisher":{"@id":"https:\/\/blackholediscos.com\/#organization"},"potentialAction":[{"@type":"SearchAction","target":{"@type":"EntryPoint","urlTemplate":"https:\/\/blackholediscos.com\/?s={search_term_string}"},"query-input":{"@type":"PropertyValueSpecification","valueRequired":true,"valueName":"search_term_string"}}],"inLanguage":"en-US"},{"@type":"Organization","@id":"https:\/\/blackholediscos.com\/#organization","name":"Black Hole Discos","url":"https:\/\/blackholediscos.com\/","logo":{"@type":"ImageObject","inLanguage":"en-US","@id":"https:\/\/blackholediscos.com\/#\/schema\/logo\/image\/","url":"https:\/\/blackholediscos.com\/wp-content\/uploads\/2024\/06\/black-hole-discos-vinis-logo.png","contentUrl":"https:\/\/blackholediscos.com\/wp-content\/uploads\/2024\/06\/black-hole-discos-vinis-logo.png","width":70,"height":66,"caption":"Black Hole Discos"},"image":{"@id":"https:\/\/blackholediscos.com\/#\/schema\/logo\/image\/"},"sameAs":["https:\/\/www.instagram.com\/blackholediscos\/"]}]}},"_links":{"self":[{"href":"https:\/\/blackholediscos.com\/en\/wp-json\/wp\/v2\/product\/2394","targetHints":{"allow":["GET"]}}],"collection":[{"href":"https:\/\/blackholediscos.com\/en\/wp-json\/wp\/v2\/product"}],"about":[{"href":"https:\/\/blackholediscos.com\/en\/wp-json\/wp\/v2\/types\/product"}],"replies":[{"embeddable":true,"href":"https:\/\/blackholediscos.com\/en\/wp-json\/wp\/v2\/comments?post=2394"}],"wp:featuredmedia":[{"embeddable":true,"href":"https:\/\/blackholediscos.com\/en\/wp-json\/wp\/v2\/media\/2369"}],"wp:attachment":[{"href":"https:\/\/blackholediscos.com\/en\/wp-json\/wp\/v2\/media?parent=2394"}],"wp:term":[{"taxonomy":"product_brand","embeddable":true,"href":"https:\/\/blackholediscos.com\/en\/wp-json\/wp\/v2\/product_brand?post=2394"},{"taxonomy":"product_cat","embeddable":true,"href":"https:\/\/blackholediscos.com\/en\/wp-json\/wp\/v2\/product_cat?post=2394"},{"taxonomy":"product_tag","embeddable":true,"href":"https:\/\/blackholediscos.com\/en\/wp-json\/wp\/v2\/product_tag?post=2394"},{"taxonomy":"artista","embeddable":true,"href":"https:\/\/blackholediscos.com\/en\/wp-json\/wp\/v2\/artista?post=2394"},{"taxonomy":"produtora","embeddable":true,"href":"https:\/\/blackholediscos.com\/en\/wp-json\/wp\/v2\/produtora?post=2394"},{"taxonomy":"ano","embeddable":true,"href":"https:\/\/blackholediscos.com\/en\/wp-json\/wp\/v2\/ano?post=2394"}],"curies":[{"name":"wp","href":"https:\/\/api.w.org\/{rel}","templated":true}]}}