{"id":2229,"date":"2024-06-24T13:38:37","date_gmt":"2024-06-24T13:38:37","guid":{"rendered":"https:\/\/blackholediscos.com\/?post_type=product&#038;p=2229"},"modified":"2024-06-30T20:40:00","modified_gmt":"2024-06-30T20:40:00","slug":"ronald-mesquita-bresil-72","status":"publish","type":"product","link":"https:\/\/blackholediscos.com\/en\/product\/ronald-mesquita-bresil-72\/","title":{"rendered":"Ronald mesquita &#8211; Bresil 72"},"content":{"rendered":"<p>Primeira edi\u00e7\u00e3o nacional . Capa com leve desgaste (VG). M\u00eddia em excelente estado de conserva\u00e7\u00e3o.<\/p>\n<p>Label:<br \/>\nEbrau \u2013 404.0029<\/p>\n<p>A1\tBalan\u00e7a Pema\t2:46<br \/>\nA2\tDabadeia\t3:58<br \/>\nA3\t\u00c1guas De Marco\t2:27<br \/>\nA4\tCan\u00e7\u00e2o Do Sal-Tema De Tost\u00e2o\t5:25<br \/>\nA5\tFechado Pr\u00e1 Balan\u00e7o\t3:48<\/p>\n<p>B1\tO Gato\t3:00<br \/>\nB2\tTarde Em Itap\u00f4a\t3:05<br \/>\nB3\tCasa De Campo\t5:26<br \/>\nB4\tQuatro De Dezembro\t2:20<br \/>\nB5\t\tPapagayo\t1:45<br \/>\nB6\t\tZanzibar<\/p>","protected":false},"excerpt":{"rendered":"<p>Primeira edi\u00e7\u00e3o nacional . Capa com leve desgaste (VG). M\u00eddia em excelente estado de conserva\u00e7\u00e3o. Label: Ebrau \u2013 404.0029 A1 Balan\u00e7a Pema 2:46 A2 Dabadeia 3:58 A3 \u00c1guas De Marco 2:27 A4 Can\u00e7\u00e2o Do Sal-Tema De Tost\u00e2o 5:25 A5 Fechado Pr\u00e1 Balan\u00e7o 3:48 B1 O Gato 3:00 B2 Tarde Em Itap\u00f4a 3:05 B3 Casa De [&hellip;]<\/p>\n","protected":false},"featured_media":2126,"comment_status":"open","ping_status":"closed","template":"","meta":{"_acf_changed":false},"product_brand":[],"product_cat":[34,515,39],"product_tag":[],"artista":[587],"produtora":[588],"ano":[22],"class_list":{"0":"post-2229","1":"product","2":"type-product","3":"status-publish","4":"has-post-thumbnail","6":"product_cat-funk","7":"product_cat-jazz-latin","8":"product_cat-mpb","9":"artista-ronald-mesquita","10":"produtora-ebrau","11":"ano-22","13":"first","14":"instock","15":"shipping-taxable","16":"purchasable","17":"product-type-simple"},"acf":[],"yoast_head":"<!-- This site is optimized with the Yoast SEO plugin v27.4 - https:\/\/yoast.com\/product\/yoast-seo-wordpress\/ -->\n<title>Ronald mesquita - Bresil 72 - Black Hole Discos<\/title>\n<meta name=\"robots\" content=\"index, follow, max-snippet:-1, max-image-preview:large, max-video-preview:-1\" \/>\n<link rel=\"canonical\" href=\"https:\/\/blackholediscos.com\/en\/product\/ronald-mesquita-bresil-72\/\" \/>\n<meta property=\"og:locale\" content=\"en_US\" \/>\n<meta property=\"og:type\" content=\"article\" \/>\n<meta property=\"og:title\" content=\"Ronald mesquita - Bresil 72 - Black Hole Discos\" \/>\n<meta property=\"og:description\" content=\"Primeira edi\u00e7\u00e3o nacional . Capa com leve desgaste (VG). M\u00eddia em excelente estado de conserva\u00e7\u00e3o. Label: Ebrau \u2013 404.0029 A1 Balan\u00e7a Pema 2:46 A2 Dabadeia 3:58 A3 \u00c1guas De Marco 2:27 A4 Can\u00e7\u00e2o Do Sal-Tema De Tost\u00e2o 5:25 A5 Fechado Pr\u00e1 Balan\u00e7o 3:48 B1 O Gato 3:00 B2 Tarde Em Itap\u00f4a 3:05 B3 Casa De [&hellip;]\" \/>\n<meta property=\"og:url\" content=\"https:\/\/blackholediscos.com\/en\/product\/ronald-mesquita-bresil-72\/\" \/>\n<meta property=\"og:site_name\" content=\"Black Hole Discos\" \/>\n<meta property=\"article:publisher\" content=\"https:\/\/www.instagram.com\/blackholediscos\/\" \/>\n<meta property=\"article:modified_time\" content=\"2024-06-30T20:40:00+00:00\" \/>\n<meta property=\"og:image\" content=\"https:\/\/blackholediscos.com\/wp-content\/uploads\/2024\/06\/IMG_6754-scaled.jpeg\" \/>\n\t<meta property=\"og:image:width\" content=\"2560\" \/>\n\t<meta property=\"og:image:height\" content=\"2560\" \/>\n\t<meta property=\"og:image:type\" content=\"image\/jpeg\" \/>\n<meta name=\"twitter:card\" content=\"summary_large_image\" \/>\n<meta name=\"twitter:label1\" content=\"Est. reading time\" \/>\n\t<meta name=\"twitter:data1\" content=\"1 minute\" \/>\n<script type=\"application\/ld+json\" class=\"yoast-schema-graph\">{\"@context\":\"https:\\\/\\\/schema.org\",\"@graph\":[{\"@type\":\"WebPage\",\"@id\":\"https:\\\/\\\/blackholediscos.com\\\/product\\\/ronald-mesquita-bresil-72\\\/\",\"url\":\"https:\\\/\\\/blackholediscos.com\\\/product\\\/ronald-mesquita-bresil-72\\\/\",\"name\":\"Ronald mesquita - Bresil 72 - Black Hole Discos\",\"isPartOf\":{\"@id\":\"https:\\\/\\\/blackholediscos.com\\\/#website\"},\"primaryImageOfPage\":{\"@id\":\"https:\\\/\\\/blackholediscos.com\\\/product\\\/ronald-mesquita-bresil-72\\\/#primaryimage\"},\"image\":{\"@id\":\"https:\\\/\\\/blackholediscos.com\\\/product\\\/ronald-mesquita-bresil-72\\\/#primaryimage\"},\"thumbnailUrl\":\"https:\\\/\\\/blackholediscos.com\\\/wp-content\\\/uploads\\\/2024\\\/06\\\/IMG_6754-scaled.jpeg\",\"datePublished\":\"2024-06-24T13:38:37+00:00\",\"dateModified\":\"2024-06-30T20:40:00+00:00\",\"breadcrumb\":{\"@id\":\"https:\\\/\\\/blackholediscos.com\\\/product\\\/ronald-mesquita-bresil-72\\\/#breadcrumb\"},\"inLanguage\":\"en-US\",\"potentialAction\":[{\"@type\":\"ReadAction\",\"target\":[\"https:\\\/\\\/blackholediscos.com\\\/product\\\/ronald-mesquita-bresil-72\\\/\"]}]},{\"@type\":\"ImageObject\",\"inLanguage\":\"en-US\",\"@id\":\"https:\\\/\\\/blackholediscos.com\\\/product\\\/ronald-mesquita-bresil-72\\\/#primaryimage\",\"url\":\"https:\\\/\\\/blackholediscos.com\\\/wp-content\\\/uploads\\\/2024\\\/06\\\/IMG_6754-scaled.jpeg\",\"contentUrl\":\"https:\\\/\\\/blackholediscos.com\\\/wp-content\\\/uploads\\\/2024\\\/06\\\/IMG_6754-scaled.jpeg\",\"width\":2560,\"height\":2560},{\"@type\":\"BreadcrumbList\",\"@id\":\"https:\\\/\\\/blackholediscos.com\\\/product\\\/ronald-mesquita-bresil-72\\\/#breadcrumb\",\"itemListElement\":[{\"@type\":\"ListItem\",\"position\":1,\"name\":\"In\u00edcio\",\"item\":\"https:\\\/\\\/blackholediscos.com\\\/\"},{\"@type\":\"ListItem\",\"position\":2,\"name\":\"Shop\",\"item\":\"https:\\\/\\\/blackholediscos.com\\\/shop\\\/\"},{\"@type\":\"ListItem\",\"position\":3,\"name\":\"Ronald mesquita &#8211; Bresil 72\"}]},{\"@type\":\"WebSite\",\"@id\":\"https:\\\/\\\/blackholediscos.com\\\/#website\",\"url\":\"https:\\\/\\\/blackholediscos.com\\\/\",\"name\":\"Black Hole Discos\",\"description\":\"Brazilian music LPs\",\"publisher\":{\"@id\":\"https:\\\/\\\/blackholediscos.com\\\/#organization\"},\"potentialAction\":[{\"@type\":\"SearchAction\",\"target\":{\"@type\":\"EntryPoint\",\"urlTemplate\":\"https:\\\/\\\/blackholediscos.com\\\/?s={search_term_string}\"},\"query-input\":{\"@type\":\"PropertyValueSpecification\",\"valueRequired\":true,\"valueName\":\"search_term_string\"}}],\"inLanguage\":\"en-US\"},{\"@type\":\"Organization\",\"@id\":\"https:\\\/\\\/blackholediscos.com\\\/#organization\",\"name\":\"Black Hole Discos\",\"url\":\"https:\\\/\\\/blackholediscos.com\\\/\",\"logo\":{\"@type\":\"ImageObject\",\"inLanguage\":\"en-US\",\"@id\":\"https:\\\/\\\/blackholediscos.com\\\/#\\\/schema\\\/logo\\\/image\\\/\",\"url\":\"https:\\\/\\\/blackholediscos.com\\\/wp-content\\\/uploads\\\/2024\\\/06\\\/black-hole-discos-vinis-logo.png\",\"contentUrl\":\"https:\\\/\\\/blackholediscos.com\\\/wp-content\\\/uploads\\\/2024\\\/06\\\/black-hole-discos-vinis-logo.png\",\"width\":70,\"height\":66,\"caption\":\"Black Hole Discos\"},\"image\":{\"@id\":\"https:\\\/\\\/blackholediscos.com\\\/#\\\/schema\\\/logo\\\/image\\\/\"},\"sameAs\":[\"https:\\\/\\\/www.instagram.com\\\/blackholediscos\\\/\"]}]}<\/script>\n<!-- \/ Yoast SEO plugin. -->","yoast_head_json":{"title":"Ronald mesquita - Bresil 72 - Black Hole Discos","robots":{"index":"index","follow":"follow","max-snippet":"max-snippet:-1","max-image-preview":"max-image-preview:large","max-video-preview":"max-video-preview:-1"},"canonical":"https:\/\/blackholediscos.com\/en\/product\/ronald-mesquita-bresil-72\/","og_locale":"en_US","og_type":"article","og_title":"Ronald mesquita - Bresil 72 - Black Hole Discos","og_description":"Primeira edi\u00e7\u00e3o nacional . Capa com leve desgaste (VG). M\u00eddia em excelente estado de conserva\u00e7\u00e3o. Label: Ebrau \u2013 404.0029 A1 Balan\u00e7a Pema 2:46 A2 Dabadeia 3:58 A3 \u00c1guas De Marco 2:27 A4 Can\u00e7\u00e2o Do Sal-Tema De Tost\u00e2o 5:25 A5 Fechado Pr\u00e1 Balan\u00e7o 3:48 B1 O Gato 3:00 B2 Tarde Em Itap\u00f4a 3:05 B3 Casa De [&hellip;]","og_url":"https:\/\/blackholediscos.com\/en\/product\/ronald-mesquita-bresil-72\/","og_site_name":"Black Hole Discos","article_publisher":"https:\/\/www.instagram.com\/blackholediscos\/","article_modified_time":"2024-06-30T20:40:00+00:00","og_image":[{"width":2560,"height":2560,"url":"https:\/\/blackholediscos.com\/wp-content\/uploads\/2024\/06\/IMG_6754-scaled.jpeg","type":"image\/jpeg"}],"twitter_card":"summary_large_image","twitter_misc":{"Est. reading time":"1 minute"},"schema":{"@context":"https:\/\/schema.org","@graph":[{"@type":"WebPage","@id":"https:\/\/blackholediscos.com\/product\/ronald-mesquita-bresil-72\/","url":"https:\/\/blackholediscos.com\/product\/ronald-mesquita-bresil-72\/","name":"Ronald mesquita - Bresil 72 - Black Hole Discos","isPartOf":{"@id":"https:\/\/blackholediscos.com\/#website"},"primaryImageOfPage":{"@id":"https:\/\/blackholediscos.com\/product\/ronald-mesquita-bresil-72\/#primaryimage"},"image":{"@id":"https:\/\/blackholediscos.com\/product\/ronald-mesquita-bresil-72\/#primaryimage"},"thumbnailUrl":"https:\/\/blackholediscos.com\/wp-content\/uploads\/2024\/06\/IMG_6754-scaled.jpeg","datePublished":"2024-06-24T13:38:37+00:00","dateModified":"2024-06-30T20:40:00+00:00","breadcrumb":{"@id":"https:\/\/blackholediscos.com\/product\/ronald-mesquita-bresil-72\/#breadcrumb"},"inLanguage":"en-US","potentialAction":[{"@type":"ReadAction","target":["https:\/\/blackholediscos.com\/product\/ronald-mesquita-bresil-72\/"]}]},{"@type":"ImageObject","inLanguage":"en-US","@id":"https:\/\/blackholediscos.com\/product\/ronald-mesquita-bresil-72\/#primaryimage","url":"https:\/\/blackholediscos.com\/wp-content\/uploads\/2024\/06\/IMG_6754-scaled.jpeg","contentUrl":"https:\/\/blackholediscos.com\/wp-content\/uploads\/2024\/06\/IMG_6754-scaled.jpeg","width":2560,"height":2560},{"@type":"BreadcrumbList","@id":"https:\/\/blackholediscos.com\/product\/ronald-mesquita-bresil-72\/#breadcrumb","itemListElement":[{"@type":"ListItem","position":1,"name":"In\u00edcio","item":"https:\/\/blackholediscos.com\/"},{"@type":"ListItem","position":2,"name":"Shop","item":"https:\/\/blackholediscos.com\/shop\/"},{"@type":"ListItem","position":3,"name":"Ronald mesquita &#8211; Bresil 72"}]},{"@type":"WebSite","@id":"https:\/\/blackholediscos.com\/#website","url":"https:\/\/blackholediscos.com\/","name":"Black Hole Discos","description":"Brazilian music LPs","publisher":{"@id":"https:\/\/blackholediscos.com\/#organization"},"potentialAction":[{"@type":"SearchAction","target":{"@type":"EntryPoint","urlTemplate":"https:\/\/blackholediscos.com\/?s={search_term_string}"},"query-input":{"@type":"PropertyValueSpecification","valueRequired":true,"valueName":"search_term_string"}}],"inLanguage":"en-US"},{"@type":"Organization","@id":"https:\/\/blackholediscos.com\/#organization","name":"Black Hole Discos","url":"https:\/\/blackholediscos.com\/","logo":{"@type":"ImageObject","inLanguage":"en-US","@id":"https:\/\/blackholediscos.com\/#\/schema\/logo\/image\/","url":"https:\/\/blackholediscos.com\/wp-content\/uploads\/2024\/06\/black-hole-discos-vinis-logo.png","contentUrl":"https:\/\/blackholediscos.com\/wp-content\/uploads\/2024\/06\/black-hole-discos-vinis-logo.png","width":70,"height":66,"caption":"Black Hole Discos"},"image":{"@id":"https:\/\/blackholediscos.com\/#\/schema\/logo\/image\/"},"sameAs":["https:\/\/www.instagram.com\/blackholediscos\/"]}]}},"_links":{"self":[{"href":"https:\/\/blackholediscos.com\/en\/wp-json\/wp\/v2\/product\/2229","targetHints":{"allow":["GET"]}}],"collection":[{"href":"https:\/\/blackholediscos.com\/en\/wp-json\/wp\/v2\/product"}],"about":[{"href":"https:\/\/blackholediscos.com\/en\/wp-json\/wp\/v2\/types\/product"}],"replies":[{"embeddable":true,"href":"https:\/\/blackholediscos.com\/en\/wp-json\/wp\/v2\/comments?post=2229"}],"wp:featuredmedia":[{"embeddable":true,"href":"https:\/\/blackholediscos.com\/en\/wp-json\/wp\/v2\/media\/2126"}],"wp:attachment":[{"href":"https:\/\/blackholediscos.com\/en\/wp-json\/wp\/v2\/media?parent=2229"}],"wp:term":[{"taxonomy":"product_brand","embeddable":true,"href":"https:\/\/blackholediscos.com\/en\/wp-json\/wp\/v2\/product_brand?post=2229"},{"taxonomy":"product_cat","embeddable":true,"href":"https:\/\/blackholediscos.com\/en\/wp-json\/wp\/v2\/product_cat?post=2229"},{"taxonomy":"product_tag","embeddable":true,"href":"https:\/\/blackholediscos.com\/en\/wp-json\/wp\/v2\/product_tag?post=2229"},{"taxonomy":"artista","embeddable":true,"href":"https:\/\/blackholediscos.com\/en\/wp-json\/wp\/v2\/artista?post=2229"},{"taxonomy":"produtora","embeddable":true,"href":"https:\/\/blackholediscos.com\/en\/wp-json\/wp\/v2\/produtora?post=2229"},{"taxonomy":"ano","embeddable":true,"href":"https:\/\/blackholediscos.com\/en\/wp-json\/wp\/v2\/ano?post=2229"}],"curies":[{"name":"wp","href":"https:\/\/api.w.org\/{rel}","templated":true}]}}