{"id":2228,"date":"2024-06-24T13:29:26","date_gmt":"2024-06-24T13:29:26","guid":{"rendered":"https:\/\/blackholediscos.com\/?post_type=product&#038;p=2228"},"modified":"2024-09-18T06:50:28","modified_gmt":"2024-09-18T06:50:28","slug":"clube-da-esquina-1","status":"publish","type":"product","link":"https:\/\/blackholediscos.com\/en\/product\/clube-da-esquina-1\/","title":{"rendered":"Milton Nascimento &#038; L\u00f4 Borges \u2013 Clube Da Esquina"},"content":{"rendered":"<p>Lp original de \u00e9poca em perfeito estado de conserva\u00e7\u00e3o.<\/p>\n<p>Label:<br \/>\nOdeon \u2013 MOAB 6005\/6, Odeon \u2013 SMOAB 6005, Odeon \u2013 SMOAB 6006<\/p>\n<p>A1\tTudo Que Voc\u00ea Podia Ser\t2:57<br \/>\nA2\tCais\t2:45<br \/>\nA3\tO Trem Azul\t4:05<br \/>\nA4\tSa\u00eddas E Bandeiras N\u1d52 1\t0:45<br \/>\nA5\tNuvem Cigana\t2:59<br \/>\nA6\tCravo E Canela\t2:31<br \/>\nB1\tDos Cruces\t5:22<br \/>\nB2\tUm Girassol Da Cor De Seu Cabelo\t4:12<br \/>\nB3\tSan Vicente\t2:46<br \/>\nB4\tEstrelas\t0:28<br \/>\nB5\tClube Da Esquina N\u00ba 2\t3:38<br \/>\nC1\tPaisagem Da Janela\t2:58<br \/>\nC2\tMe Deixa Em Paz\t3:05<br \/>\nC3\tOs Povos\t4:30<br \/>\nC4\tSa\u00eddas E Bandeiras N\u1d52 2\t1:30<br \/>\nC5\tUm Gosto De Sol\t4:20<br \/>\nD1\tPelo Amor De Deus\t2:06<br \/>\nD2\tLilia\t2:33<br \/>\nD3\tTrem De Doido\t3:58<br \/>\nD4\tNada Ser\u00e1 Como Antes\t3:23<br \/>\nD5\tAo Que Vai Nascer\t3:20<\/p>","protected":false},"excerpt":{"rendered":"<p>Lp original de \u00e9poca em perfeito estado de conserva\u00e7\u00e3o. Label: Odeon \u2013 MOAB 6005\/6, Odeon \u2013 SMOAB 6005, Odeon \u2013 SMOAB 6006 A1 Tudo Que Voc\u00ea Podia Ser 2:57 A2 Cais 2:45 A3 O Trem Azul 4:05 A4 Sa\u00eddas E Bandeiras N\u1d52 1 0:45 A5 Nuvem Cigana 2:59 A6 Cravo E Canela 2:31 B1 Dos [&hellip;]<\/p>\n","protected":false},"featured_media":2109,"comment_status":"open","ping_status":"closed","template":"","meta":{"_acf_changed":false},"product_brand":[],"product_cat":[39,35,173],"product_tag":[],"artista":[586,52,77],"produtora":[53],"ano":[22],"class_list":{"0":"post-2228","1":"product","2":"type-product","3":"status-publish","4":"has-post-thumbnail","6":"product_cat-mpb","7":"product_cat-rock","8":"product_cat-rock-alternativo","9":"artista-clube-da-esquina","10":"artista-lo-borges","11":"artista-milton-nascimento","12":"produtora-odeon","13":"ano-22","15":"first","16":"outofstock","17":"shipping-taxable","18":"purchasable","19":"product-type-simple"},"acf":[],"yoast_head":"<!-- This site is optimized with the Yoast SEO plugin v27.4 - https:\/\/yoast.com\/product\/yoast-seo-wordpress\/ -->\n<title>Milton Nascimento &amp; L\u00f4 Borges \u2013 Clube Da Esquina - Black Hole Discos<\/title>\n<meta name=\"robots\" content=\"index, follow, max-snippet:-1, max-image-preview:large, max-video-preview:-1\" \/>\n<link rel=\"canonical\" href=\"https:\/\/blackholediscos.com\/en\/produto\/clube-da-esquina-1\/\" \/>\n<meta property=\"og:locale\" content=\"en_US\" \/>\n<meta property=\"og:type\" content=\"article\" \/>\n<meta property=\"og:title\" content=\"Milton Nascimento &amp; L\u00f4 Borges \u2013 Clube Da Esquina - Black Hole Discos\" \/>\n<meta property=\"og:description\" content=\"Lp original de \u00e9poca em perfeito estado de conserva\u00e7\u00e3o. Label: Odeon \u2013 MOAB 6005\/6, Odeon \u2013 SMOAB 6005, Odeon \u2013 SMOAB 6006 A1 Tudo Que Voc\u00ea Podia Ser 2:57 A2 Cais 2:45 A3 O Trem Azul 4:05 A4 Sa\u00eddas E Bandeiras N\u1d52 1 0:45 A5 Nuvem Cigana 2:59 A6 Cravo E Canela 2:31 B1 Dos [&hellip;]\" \/>\n<meta property=\"og:url\" content=\"https:\/\/blackholediscos.com\/en\/produto\/clube-da-esquina-1\/\" \/>\n<meta property=\"og:site_name\" content=\"Black Hole Discos\" \/>\n<meta property=\"article:publisher\" content=\"https:\/\/www.instagram.com\/blackholediscos\/\" \/>\n<meta property=\"article:modified_time\" content=\"2024-09-18T06:50:28+00:00\" \/>\n<meta property=\"og:image\" content=\"https:\/\/blackholediscos.com\/wp-content\/uploads\/2024\/06\/IMG_6738-scaled.jpeg\" \/>\n\t<meta property=\"og:image:width\" content=\"2560\" \/>\n\t<meta property=\"og:image:height\" content=\"2560\" \/>\n\t<meta property=\"og:image:type\" content=\"image\/jpeg\" \/>\n<meta name=\"twitter:card\" content=\"summary_large_image\" \/>\n<meta name=\"twitter:label1\" content=\"Est. reading time\" \/>\n\t<meta name=\"twitter:data1\" content=\"1 minute\" \/>\n<script type=\"application\/ld+json\" class=\"yoast-schema-graph\">{\"@context\":\"https:\\\/\\\/schema.org\",\"@graph\":[{\"@type\":\"WebPage\",\"@id\":\"https:\\\/\\\/blackholediscos.com\\\/produto\\\/clube-da-esquina-1\\\/\",\"url\":\"https:\\\/\\\/blackholediscos.com\\\/produto\\\/clube-da-esquina-1\\\/\",\"name\":\"Milton Nascimento & L\u00f4 Borges \u2013 Clube Da Esquina - Black Hole Discos\",\"isPartOf\":{\"@id\":\"https:\\\/\\\/blackholediscos.com\\\/#website\"},\"primaryImageOfPage\":{\"@id\":\"https:\\\/\\\/blackholediscos.com\\\/produto\\\/clube-da-esquina-1\\\/#primaryimage\"},\"image\":{\"@id\":\"https:\\\/\\\/blackholediscos.com\\\/produto\\\/clube-da-esquina-1\\\/#primaryimage\"},\"thumbnailUrl\":\"https:\\\/\\\/blackholediscos.com\\\/wp-content\\\/uploads\\\/2024\\\/06\\\/IMG_6738-scaled.jpeg\",\"datePublished\":\"2024-06-24T13:29:26+00:00\",\"dateModified\":\"2024-09-18T06:50:28+00:00\",\"breadcrumb\":{\"@id\":\"https:\\\/\\\/blackholediscos.com\\\/produto\\\/clube-da-esquina-1\\\/#breadcrumb\"},\"inLanguage\":\"en-US\",\"potentialAction\":[{\"@type\":\"ReadAction\",\"target\":[\"https:\\\/\\\/blackholediscos.com\\\/produto\\\/clube-da-esquina-1\\\/\"]}]},{\"@type\":\"ImageObject\",\"inLanguage\":\"en-US\",\"@id\":\"https:\\\/\\\/blackholediscos.com\\\/produto\\\/clube-da-esquina-1\\\/#primaryimage\",\"url\":\"https:\\\/\\\/blackholediscos.com\\\/wp-content\\\/uploads\\\/2024\\\/06\\\/IMG_6738-scaled.jpeg\",\"contentUrl\":\"https:\\\/\\\/blackholediscos.com\\\/wp-content\\\/uploads\\\/2024\\\/06\\\/IMG_6738-scaled.jpeg\",\"width\":2560,\"height\":2560},{\"@type\":\"BreadcrumbList\",\"@id\":\"https:\\\/\\\/blackholediscos.com\\\/produto\\\/clube-da-esquina-1\\\/#breadcrumb\",\"itemListElement\":[{\"@type\":\"ListItem\",\"position\":1,\"name\":\"In\u00edcio\",\"item\":\"https:\\\/\\\/blackholediscos.com\\\/\"},{\"@type\":\"ListItem\",\"position\":2,\"name\":\"Shop\",\"item\":\"https:\\\/\\\/blackholediscos.com\\\/shop\\\/\"},{\"@type\":\"ListItem\",\"position\":3,\"name\":\"Milton Nascimento &#038; L\u00f4 Borges \u2013 Clube Da Esquina\"}]},{\"@type\":\"WebSite\",\"@id\":\"https:\\\/\\\/blackholediscos.com\\\/#website\",\"url\":\"https:\\\/\\\/blackholediscos.com\\\/\",\"name\":\"Black Hole Discos\",\"description\":\"Brazilian music LPs\",\"publisher\":{\"@id\":\"https:\\\/\\\/blackholediscos.com\\\/#organization\"},\"potentialAction\":[{\"@type\":\"SearchAction\",\"target\":{\"@type\":\"EntryPoint\",\"urlTemplate\":\"https:\\\/\\\/blackholediscos.com\\\/?s={search_term_string}\"},\"query-input\":{\"@type\":\"PropertyValueSpecification\",\"valueRequired\":true,\"valueName\":\"search_term_string\"}}],\"inLanguage\":\"en-US\"},{\"@type\":\"Organization\",\"@id\":\"https:\\\/\\\/blackholediscos.com\\\/#organization\",\"name\":\"Black Hole Discos\",\"url\":\"https:\\\/\\\/blackholediscos.com\\\/\",\"logo\":{\"@type\":\"ImageObject\",\"inLanguage\":\"en-US\",\"@id\":\"https:\\\/\\\/blackholediscos.com\\\/#\\\/schema\\\/logo\\\/image\\\/\",\"url\":\"https:\\\/\\\/blackholediscos.com\\\/wp-content\\\/uploads\\\/2024\\\/06\\\/black-hole-discos-vinis-logo.png\",\"contentUrl\":\"https:\\\/\\\/blackholediscos.com\\\/wp-content\\\/uploads\\\/2024\\\/06\\\/black-hole-discos-vinis-logo.png\",\"width\":70,\"height\":66,\"caption\":\"Black Hole Discos\"},\"image\":{\"@id\":\"https:\\\/\\\/blackholediscos.com\\\/#\\\/schema\\\/logo\\\/image\\\/\"},\"sameAs\":[\"https:\\\/\\\/www.instagram.com\\\/blackholediscos\\\/\"]}]}<\/script>\n<!-- \/ Yoast SEO plugin. -->","yoast_head_json":{"title":"Milton Nascimento & L\u00f4 Borges \u2013 Clube Da Esquina - Black Hole Discos","robots":{"index":"index","follow":"follow","max-snippet":"max-snippet:-1","max-image-preview":"max-image-preview:large","max-video-preview":"max-video-preview:-1"},"canonical":"https:\/\/blackholediscos.com\/en\/produto\/clube-da-esquina-1\/","og_locale":"en_US","og_type":"article","og_title":"Milton Nascimento & L\u00f4 Borges \u2013 Clube Da Esquina - Black Hole Discos","og_description":"Lp original de \u00e9poca em perfeito estado de conserva\u00e7\u00e3o. Label: Odeon \u2013 MOAB 6005\/6, Odeon \u2013 SMOAB 6005, Odeon \u2013 SMOAB 6006 A1 Tudo Que Voc\u00ea Podia Ser 2:57 A2 Cais 2:45 A3 O Trem Azul 4:05 A4 Sa\u00eddas E Bandeiras N\u1d52 1 0:45 A5 Nuvem Cigana 2:59 A6 Cravo E Canela 2:31 B1 Dos [&hellip;]","og_url":"https:\/\/blackholediscos.com\/en\/produto\/clube-da-esquina-1\/","og_site_name":"Black Hole Discos","article_publisher":"https:\/\/www.instagram.com\/blackholediscos\/","article_modified_time":"2024-09-18T06:50:28+00:00","og_image":[{"width":2560,"height":2560,"url":"https:\/\/blackholediscos.com\/wp-content\/uploads\/2024\/06\/IMG_6738-scaled.jpeg","type":"image\/jpeg"}],"twitter_card":"summary_large_image","twitter_misc":{"Est. reading time":"1 minute"},"schema":{"@context":"https:\/\/schema.org","@graph":[{"@type":"WebPage","@id":"https:\/\/blackholediscos.com\/produto\/clube-da-esquina-1\/","url":"https:\/\/blackholediscos.com\/produto\/clube-da-esquina-1\/","name":"Milton Nascimento & L\u00f4 Borges \u2013 Clube Da Esquina - Black Hole Discos","isPartOf":{"@id":"https:\/\/blackholediscos.com\/#website"},"primaryImageOfPage":{"@id":"https:\/\/blackholediscos.com\/produto\/clube-da-esquina-1\/#primaryimage"},"image":{"@id":"https:\/\/blackholediscos.com\/produto\/clube-da-esquina-1\/#primaryimage"},"thumbnailUrl":"https:\/\/blackholediscos.com\/wp-content\/uploads\/2024\/06\/IMG_6738-scaled.jpeg","datePublished":"2024-06-24T13:29:26+00:00","dateModified":"2024-09-18T06:50:28+00:00","breadcrumb":{"@id":"https:\/\/blackholediscos.com\/produto\/clube-da-esquina-1\/#breadcrumb"},"inLanguage":"en-US","potentialAction":[{"@type":"ReadAction","target":["https:\/\/blackholediscos.com\/produto\/clube-da-esquina-1\/"]}]},{"@type":"ImageObject","inLanguage":"en-US","@id":"https:\/\/blackholediscos.com\/produto\/clube-da-esquina-1\/#primaryimage","url":"https:\/\/blackholediscos.com\/wp-content\/uploads\/2024\/06\/IMG_6738-scaled.jpeg","contentUrl":"https:\/\/blackholediscos.com\/wp-content\/uploads\/2024\/06\/IMG_6738-scaled.jpeg","width":2560,"height":2560},{"@type":"BreadcrumbList","@id":"https:\/\/blackholediscos.com\/produto\/clube-da-esquina-1\/#breadcrumb","itemListElement":[{"@type":"ListItem","position":1,"name":"In\u00edcio","item":"https:\/\/blackholediscos.com\/"},{"@type":"ListItem","position":2,"name":"Shop","item":"https:\/\/blackholediscos.com\/shop\/"},{"@type":"ListItem","position":3,"name":"Milton Nascimento &#038; L\u00f4 Borges \u2013 Clube Da Esquina"}]},{"@type":"WebSite","@id":"https:\/\/blackholediscos.com\/#website","url":"https:\/\/blackholediscos.com\/","name":"Black Hole Discos","description":"Brazilian music LPs","publisher":{"@id":"https:\/\/blackholediscos.com\/#organization"},"potentialAction":[{"@type":"SearchAction","target":{"@type":"EntryPoint","urlTemplate":"https:\/\/blackholediscos.com\/?s={search_term_string}"},"query-input":{"@type":"PropertyValueSpecification","valueRequired":true,"valueName":"search_term_string"}}],"inLanguage":"en-US"},{"@type":"Organization","@id":"https:\/\/blackholediscos.com\/#organization","name":"Black Hole Discos","url":"https:\/\/blackholediscos.com\/","logo":{"@type":"ImageObject","inLanguage":"en-US","@id":"https:\/\/blackholediscos.com\/#\/schema\/logo\/image\/","url":"https:\/\/blackholediscos.com\/wp-content\/uploads\/2024\/06\/black-hole-discos-vinis-logo.png","contentUrl":"https:\/\/blackholediscos.com\/wp-content\/uploads\/2024\/06\/black-hole-discos-vinis-logo.png","width":70,"height":66,"caption":"Black Hole Discos"},"image":{"@id":"https:\/\/blackholediscos.com\/#\/schema\/logo\/image\/"},"sameAs":["https:\/\/www.instagram.com\/blackholediscos\/"]}]}},"_links":{"self":[{"href":"https:\/\/blackholediscos.com\/en\/wp-json\/wp\/v2\/product\/2228","targetHints":{"allow":["GET"]}}],"collection":[{"href":"https:\/\/blackholediscos.com\/en\/wp-json\/wp\/v2\/product"}],"about":[{"href":"https:\/\/blackholediscos.com\/en\/wp-json\/wp\/v2\/types\/product"}],"replies":[{"embeddable":true,"href":"https:\/\/blackholediscos.com\/en\/wp-json\/wp\/v2\/comments?post=2228"}],"wp:featuredmedia":[{"embeddable":true,"href":"https:\/\/blackholediscos.com\/en\/wp-json\/wp\/v2\/media\/2109"}],"wp:attachment":[{"href":"https:\/\/blackholediscos.com\/en\/wp-json\/wp\/v2\/media?parent=2228"}],"wp:term":[{"taxonomy":"product_brand","embeddable":true,"href":"https:\/\/blackholediscos.com\/en\/wp-json\/wp\/v2\/product_brand?post=2228"},{"taxonomy":"product_cat","embeddable":true,"href":"https:\/\/blackholediscos.com\/en\/wp-json\/wp\/v2\/product_cat?post=2228"},{"taxonomy":"product_tag","embeddable":true,"href":"https:\/\/blackholediscos.com\/en\/wp-json\/wp\/v2\/product_tag?post=2228"},{"taxonomy":"artista","embeddable":true,"href":"https:\/\/blackholediscos.com\/en\/wp-json\/wp\/v2\/artista?post=2228"},{"taxonomy":"produtora","embeddable":true,"href":"https:\/\/blackholediscos.com\/en\/wp-json\/wp\/v2\/produtora?post=2228"},{"taxonomy":"ano","embeddable":true,"href":"https:\/\/blackholediscos.com\/en\/wp-json\/wp\/v2\/ano?post=2228"}],"curies":[{"name":"wp","href":"https:\/\/api.w.org\/{rel}","templated":true}]}}