{"id":2213,"date":"2024-06-24T12:35:25","date_gmt":"2024-06-24T12:35:25","guid":{"rendered":"https:\/\/blackholediscos.com\/?post_type=product&#038;p=2213"},"modified":"2024-06-30T20:43:54","modified_gmt":"2024-06-30T20:43:54","slug":"fuzi-9-fuzi-9","status":"publish","type":"product","link":"https:\/\/blackholediscos.com\/en\/product\/fuzi-9-fuzi-9\/","title":{"rendered":"Fuzi 9 &#8211; Fuzi 9"},"content":{"rendered":"<p>Lp vinil primeira prensagem nacional em perfeito estado de conserva\u00e7\u00e3o.<\/p>\n<p>Label:<br \/>\nTodam\u00e9rica \u2013 80.005<\/p>\n<p>A1\t\tJ\u00e1 Era Tempo De Voc\u00ea<br \/>\nA2\t\tPoeira<br \/>\nA3\t\tTrilha<br \/>\nA4\t\tDe Conversa Em Conversa<br \/>\nA5\t\tP&#8217;ra Onde Tu Vai Bai\u00e3o?<br \/>\nA6\t\tTributo A Muezim<\/p>\n<p>B1\t\tHaiakaiam<br \/>\nB2\t\tBahia De Todos Os Deuses<br \/>\nB3\t\tS\u00f4nia<br \/>\nB4\t\tFim<br \/>\nB5\t\tFuz\u00e3o 79<br \/>\nB6\t\tIsto \u00c9 Samba<\/p>","protected":false},"excerpt":{"rendered":"<p>Lp vinil primeira prensagem nacional em perfeito estado de conserva\u00e7\u00e3o. Label: Todam\u00e9rica \u2013 80.005 A1 J\u00e1 Era Tempo De Voc\u00ea A2 Poeira A3 Trilha A4 De Conversa Em Conversa A5 P&#8217;ra Onde Tu Vai Bai\u00e3o? A6 Tributo A Muezim B1 Haiakaiam B2 Bahia De Todos Os Deuses B3 S\u00f4nia B4 Fim B5 Fuz\u00e3o 79 B6 [&hellip;]<\/p>\n","protected":false},"featured_media":2059,"comment_status":"open","ping_status":"closed","template":"","meta":{"_acf_changed":false},"product_brand":[],"product_cat":[515,39,15],"product_tag":[],"artista":[580],"produtora":[581],"ano":[69],"class_list":{"0":"post-2213","1":"product","2":"type-product","3":"status-publish","4":"has-post-thumbnail","6":"product_cat-jazz-latin","7":"product_cat-mpb","8":"product_cat-outros","9":"artista-fuzi-9","10":"produtora-todamerica","11":"ano-69","13":"first","14":"instock","15":"shipping-taxable","16":"purchasable","17":"product-type-simple"},"acf":[],"yoast_head":"<!-- This site is optimized with the Yoast SEO plugin v27.3 - https:\/\/yoast.com\/product\/yoast-seo-wordpress\/ -->\n<title>Fuzi 9 - Fuzi 9 - Black Hole Discos<\/title>\n<meta name=\"robots\" content=\"index, follow, max-snippet:-1, max-image-preview:large, max-video-preview:-1\" \/>\n<link rel=\"canonical\" href=\"https:\/\/blackholediscos.com\/en\/product\/fuzi-9-fuzi-9\/\" \/>\n<meta property=\"og:locale\" content=\"en_US\" \/>\n<meta property=\"og:type\" content=\"article\" \/>\n<meta property=\"og:title\" content=\"Fuzi 9 - Fuzi 9 - Black Hole Discos\" \/>\n<meta property=\"og:description\" content=\"Lp vinil primeira prensagem nacional em perfeito estado de conserva\u00e7\u00e3o. Label: Todam\u00e9rica \u2013 80.005 A1 J\u00e1 Era Tempo De Voc\u00ea A2 Poeira A3 Trilha A4 De Conversa Em Conversa A5 P&#8217;ra Onde Tu Vai Bai\u00e3o? A6 Tributo A Muezim B1 Haiakaiam B2 Bahia De Todos Os Deuses B3 S\u00f4nia B4 Fim B5 Fuz\u00e3o 79 B6 [&hellip;]\" \/>\n<meta property=\"og:url\" content=\"https:\/\/blackholediscos.com\/en\/product\/fuzi-9-fuzi-9\/\" \/>\n<meta property=\"og:site_name\" content=\"Black Hole Discos\" \/>\n<meta property=\"article:publisher\" content=\"https:\/\/www.instagram.com\/blackholediscos\/\" \/>\n<meta property=\"article:modified_time\" content=\"2024-06-30T20:43:54+00:00\" \/>\n<meta property=\"og:image\" content=\"https:\/\/blackholediscos.com\/wp-content\/uploads\/2024\/06\/IMG_6688-scaled.jpeg\" \/>\n\t<meta property=\"og:image:width\" content=\"2560\" \/>\n\t<meta property=\"og:image:height\" content=\"2560\" \/>\n\t<meta property=\"og:image:type\" content=\"image\/jpeg\" \/>\n<meta name=\"twitter:card\" content=\"summary_large_image\" \/>\n<meta name=\"twitter:label1\" content=\"Est. reading time\" \/>\n\t<meta name=\"twitter:data1\" content=\"1 minute\" \/>\n<script type=\"application\/ld+json\" class=\"yoast-schema-graph\">{\"@context\":\"https:\\\/\\\/schema.org\",\"@graph\":[{\"@type\":\"WebPage\",\"@id\":\"https:\\\/\\\/blackholediscos.com\\\/product\\\/fuzi-9-fuzi-9\\\/\",\"url\":\"https:\\\/\\\/blackholediscos.com\\\/product\\\/fuzi-9-fuzi-9\\\/\",\"name\":\"Fuzi 9 - Fuzi 9 - Black Hole Discos\",\"isPartOf\":{\"@id\":\"https:\\\/\\\/blackholediscos.com\\\/#website\"},\"primaryImageOfPage\":{\"@id\":\"https:\\\/\\\/blackholediscos.com\\\/product\\\/fuzi-9-fuzi-9\\\/#primaryimage\"},\"image\":{\"@id\":\"https:\\\/\\\/blackholediscos.com\\\/product\\\/fuzi-9-fuzi-9\\\/#primaryimage\"},\"thumbnailUrl\":\"https:\\\/\\\/blackholediscos.com\\\/wp-content\\\/uploads\\\/2024\\\/06\\\/IMG_6688-scaled.jpeg\",\"datePublished\":\"2024-06-24T12:35:25+00:00\",\"dateModified\":\"2024-06-30T20:43:54+00:00\",\"breadcrumb\":{\"@id\":\"https:\\\/\\\/blackholediscos.com\\\/product\\\/fuzi-9-fuzi-9\\\/#breadcrumb\"},\"inLanguage\":\"en-US\",\"potentialAction\":[{\"@type\":\"ReadAction\",\"target\":[\"https:\\\/\\\/blackholediscos.com\\\/product\\\/fuzi-9-fuzi-9\\\/\"]}]},{\"@type\":\"ImageObject\",\"inLanguage\":\"en-US\",\"@id\":\"https:\\\/\\\/blackholediscos.com\\\/product\\\/fuzi-9-fuzi-9\\\/#primaryimage\",\"url\":\"https:\\\/\\\/blackholediscos.com\\\/wp-content\\\/uploads\\\/2024\\\/06\\\/IMG_6688-scaled.jpeg\",\"contentUrl\":\"https:\\\/\\\/blackholediscos.com\\\/wp-content\\\/uploads\\\/2024\\\/06\\\/IMG_6688-scaled.jpeg\",\"width\":2560,\"height\":2560},{\"@type\":\"BreadcrumbList\",\"@id\":\"https:\\\/\\\/blackholediscos.com\\\/product\\\/fuzi-9-fuzi-9\\\/#breadcrumb\",\"itemListElement\":[{\"@type\":\"ListItem\",\"position\":1,\"name\":\"In\u00edcio\",\"item\":\"https:\\\/\\\/blackholediscos.com\\\/\"},{\"@type\":\"ListItem\",\"position\":2,\"name\":\"Shop\",\"item\":\"https:\\\/\\\/blackholediscos.com\\\/shop\\\/\"},{\"@type\":\"ListItem\",\"position\":3,\"name\":\"Fuzi 9 &#8211; Fuzi 9\"}]},{\"@type\":\"WebSite\",\"@id\":\"https:\\\/\\\/blackholediscos.com\\\/#website\",\"url\":\"https:\\\/\\\/blackholediscos.com\\\/\",\"name\":\"Black Hole Discos\",\"description\":\"Brazilian music LPs\",\"publisher\":{\"@id\":\"https:\\\/\\\/blackholediscos.com\\\/#organization\"},\"potentialAction\":[{\"@type\":\"SearchAction\",\"target\":{\"@type\":\"EntryPoint\",\"urlTemplate\":\"https:\\\/\\\/blackholediscos.com\\\/?s={search_term_string}\"},\"query-input\":{\"@type\":\"PropertyValueSpecification\",\"valueRequired\":true,\"valueName\":\"search_term_string\"}}],\"inLanguage\":\"en-US\"},{\"@type\":\"Organization\",\"@id\":\"https:\\\/\\\/blackholediscos.com\\\/#organization\",\"name\":\"Black Hole Discos\",\"url\":\"https:\\\/\\\/blackholediscos.com\\\/\",\"logo\":{\"@type\":\"ImageObject\",\"inLanguage\":\"en-US\",\"@id\":\"https:\\\/\\\/blackholediscos.com\\\/#\\\/schema\\\/logo\\\/image\\\/\",\"url\":\"https:\\\/\\\/blackholediscos.com\\\/wp-content\\\/uploads\\\/2024\\\/06\\\/black-hole-discos-vinis-logo.png\",\"contentUrl\":\"https:\\\/\\\/blackholediscos.com\\\/wp-content\\\/uploads\\\/2024\\\/06\\\/black-hole-discos-vinis-logo.png\",\"width\":70,\"height\":66,\"caption\":\"Black Hole Discos\"},\"image\":{\"@id\":\"https:\\\/\\\/blackholediscos.com\\\/#\\\/schema\\\/logo\\\/image\\\/\"},\"sameAs\":[\"https:\\\/\\\/www.instagram.com\\\/blackholediscos\\\/\"]}]}<\/script>\n<!-- \/ Yoast SEO plugin. -->","yoast_head_json":{"title":"Fuzi 9 - Fuzi 9 - Black Hole Discos","robots":{"index":"index","follow":"follow","max-snippet":"max-snippet:-1","max-image-preview":"max-image-preview:large","max-video-preview":"max-video-preview:-1"},"canonical":"https:\/\/blackholediscos.com\/en\/product\/fuzi-9-fuzi-9\/","og_locale":"en_US","og_type":"article","og_title":"Fuzi 9 - Fuzi 9 - Black Hole Discos","og_description":"Lp vinil primeira prensagem nacional em perfeito estado de conserva\u00e7\u00e3o. Label: Todam\u00e9rica \u2013 80.005 A1 J\u00e1 Era Tempo De Voc\u00ea A2 Poeira A3 Trilha A4 De Conversa Em Conversa A5 P&#8217;ra Onde Tu Vai Bai\u00e3o? A6 Tributo A Muezim B1 Haiakaiam B2 Bahia De Todos Os Deuses B3 S\u00f4nia B4 Fim B5 Fuz\u00e3o 79 B6 [&hellip;]","og_url":"https:\/\/blackholediscos.com\/en\/product\/fuzi-9-fuzi-9\/","og_site_name":"Black Hole Discos","article_publisher":"https:\/\/www.instagram.com\/blackholediscos\/","article_modified_time":"2024-06-30T20:43:54+00:00","og_image":[{"width":2560,"height":2560,"url":"https:\/\/blackholediscos.com\/wp-content\/uploads\/2024\/06\/IMG_6688-scaled.jpeg","type":"image\/jpeg"}],"twitter_card":"summary_large_image","twitter_misc":{"Est. reading time":"1 minute"},"schema":{"@context":"https:\/\/schema.org","@graph":[{"@type":"WebPage","@id":"https:\/\/blackholediscos.com\/product\/fuzi-9-fuzi-9\/","url":"https:\/\/blackholediscos.com\/product\/fuzi-9-fuzi-9\/","name":"Fuzi 9 - Fuzi 9 - Black Hole Discos","isPartOf":{"@id":"https:\/\/blackholediscos.com\/#website"},"primaryImageOfPage":{"@id":"https:\/\/blackholediscos.com\/product\/fuzi-9-fuzi-9\/#primaryimage"},"image":{"@id":"https:\/\/blackholediscos.com\/product\/fuzi-9-fuzi-9\/#primaryimage"},"thumbnailUrl":"https:\/\/blackholediscos.com\/wp-content\/uploads\/2024\/06\/IMG_6688-scaled.jpeg","datePublished":"2024-06-24T12:35:25+00:00","dateModified":"2024-06-30T20:43:54+00:00","breadcrumb":{"@id":"https:\/\/blackholediscos.com\/product\/fuzi-9-fuzi-9\/#breadcrumb"},"inLanguage":"en-US","potentialAction":[{"@type":"ReadAction","target":["https:\/\/blackholediscos.com\/product\/fuzi-9-fuzi-9\/"]}]},{"@type":"ImageObject","inLanguage":"en-US","@id":"https:\/\/blackholediscos.com\/product\/fuzi-9-fuzi-9\/#primaryimage","url":"https:\/\/blackholediscos.com\/wp-content\/uploads\/2024\/06\/IMG_6688-scaled.jpeg","contentUrl":"https:\/\/blackholediscos.com\/wp-content\/uploads\/2024\/06\/IMG_6688-scaled.jpeg","width":2560,"height":2560},{"@type":"BreadcrumbList","@id":"https:\/\/blackholediscos.com\/product\/fuzi-9-fuzi-9\/#breadcrumb","itemListElement":[{"@type":"ListItem","position":1,"name":"In\u00edcio","item":"https:\/\/blackholediscos.com\/"},{"@type":"ListItem","position":2,"name":"Shop","item":"https:\/\/blackholediscos.com\/shop\/"},{"@type":"ListItem","position":3,"name":"Fuzi 9 &#8211; Fuzi 9"}]},{"@type":"WebSite","@id":"https:\/\/blackholediscos.com\/#website","url":"https:\/\/blackholediscos.com\/","name":"Black Hole Discos","description":"Brazilian music LPs","publisher":{"@id":"https:\/\/blackholediscos.com\/#organization"},"potentialAction":[{"@type":"SearchAction","target":{"@type":"EntryPoint","urlTemplate":"https:\/\/blackholediscos.com\/?s={search_term_string}"},"query-input":{"@type":"PropertyValueSpecification","valueRequired":true,"valueName":"search_term_string"}}],"inLanguage":"en-US"},{"@type":"Organization","@id":"https:\/\/blackholediscos.com\/#organization","name":"Black Hole Discos","url":"https:\/\/blackholediscos.com\/","logo":{"@type":"ImageObject","inLanguage":"en-US","@id":"https:\/\/blackholediscos.com\/#\/schema\/logo\/image\/","url":"https:\/\/blackholediscos.com\/wp-content\/uploads\/2024\/06\/black-hole-discos-vinis-logo.png","contentUrl":"https:\/\/blackholediscos.com\/wp-content\/uploads\/2024\/06\/black-hole-discos-vinis-logo.png","width":70,"height":66,"caption":"Black Hole Discos"},"image":{"@id":"https:\/\/blackholediscos.com\/#\/schema\/logo\/image\/"},"sameAs":["https:\/\/www.instagram.com\/blackholediscos\/"]}]}},"_links":{"self":[{"href":"https:\/\/blackholediscos.com\/en\/wp-json\/wp\/v2\/product\/2213","targetHints":{"allow":["GET"]}}],"collection":[{"href":"https:\/\/blackholediscos.com\/en\/wp-json\/wp\/v2\/product"}],"about":[{"href":"https:\/\/blackholediscos.com\/en\/wp-json\/wp\/v2\/types\/product"}],"replies":[{"embeddable":true,"href":"https:\/\/blackholediscos.com\/en\/wp-json\/wp\/v2\/comments?post=2213"}],"wp:featuredmedia":[{"embeddable":true,"href":"https:\/\/blackholediscos.com\/en\/wp-json\/wp\/v2\/media\/2059"}],"wp:attachment":[{"href":"https:\/\/blackholediscos.com\/en\/wp-json\/wp\/v2\/media?parent=2213"}],"wp:term":[{"taxonomy":"product_brand","embeddable":true,"href":"https:\/\/blackholediscos.com\/en\/wp-json\/wp\/v2\/product_brand?post=2213"},{"taxonomy":"product_cat","embeddable":true,"href":"https:\/\/blackholediscos.com\/en\/wp-json\/wp\/v2\/product_cat?post=2213"},{"taxonomy":"product_tag","embeddable":true,"href":"https:\/\/blackholediscos.com\/en\/wp-json\/wp\/v2\/product_tag?post=2213"},{"taxonomy":"artista","embeddable":true,"href":"https:\/\/blackholediscos.com\/en\/wp-json\/wp\/v2\/artista?post=2213"},{"taxonomy":"produtora","embeddable":true,"href":"https:\/\/blackholediscos.com\/en\/wp-json\/wp\/v2\/produtora?post=2213"},{"taxonomy":"ano","embeddable":true,"href":"https:\/\/blackholediscos.com\/en\/wp-json\/wp\/v2\/ano?post=2213"}],"curies":[{"name":"wp","href":"https:\/\/api.w.org\/{rel}","templated":true}]}}