{"id":2212,"date":"2024-06-24T12:31:59","date_gmt":"2024-06-24T12:31:59","guid":{"rendered":"https:\/\/blackholediscos.com\/?post_type=product&#038;p=2212"},"modified":"2024-06-30T20:42:21","modified_gmt":"2024-06-30T20:42:21","slug":"assim-assado-assim-assado-2","status":"publish","type":"product","link":"https:\/\/blackholediscos.com\/en\/product\/assim-assado-assim-assado-2\/","title":{"rendered":"Assim assado &#8211; Assim Assado"},"content":{"rendered":"<p>Lp vinil primeira edi\u00e7\u00e3o nacional em excelente estado de conserva\u00e7\u00e3o. Capa com leves desgastes do tempo.<\/p>\n<p>Label:<br \/>\nCID \u2013 CID 8003<\/p>\n<p>A1\t\tViva Crioula<br \/>\nA2\t\tNa Boca Da Estrada<br \/>\nA3\t\tAt\u00e9<br \/>\nA4\t\tSombras<br \/>\nA5\t\tMorena<\/p>\n<p>B1\t\tPeda\u00e7os<br \/>\nB2\t\tSol Amarelocinza<br \/>\nB3\t\tRock Blue<br \/>\nB4\t\tSol, Sal, Sol Tropical<br \/>\nB5\t\tLunatica Marciana<\/p>","protected":false},"excerpt":{"rendered":"<p>Lp vinil primeira edi\u00e7\u00e3o nacional em excelente estado de conserva\u00e7\u00e3o. Capa com leves desgastes do tempo. Label: CID \u2013 CID 8003 A1 Viva Crioula A2 Na Boca Da Estrada A3 At\u00e9 A4 Sombras A5 Morena B1 Peda\u00e7os B2 Sol Amarelocinza B3 Rock Blue B4 Sol, Sal, Sol Tropical B5 Lunatica Marciana<\/p>","protected":false},"featured_media":2053,"comment_status":"open","ping_status":"closed","template":"","meta":{"_acf_changed":false},"product_brand":[],"product_cat":[39,48,35],"product_tag":[],"artista":[73],"produtora":[74],"ano":[137],"class_list":{"0":"post-2212","1":"product","2":"type-product","3":"status-publish","4":"has-post-thumbnail","6":"product_cat-mpb","7":"product_cat-psicodelia","8":"product_cat-rock","9":"artista-assim-assado","10":"produtora-cid","11":"ano-137","13":"first","14":"instock","15":"shipping-taxable","16":"purchasable","17":"product-type-simple"},"acf":[],"yoast_head":"<!-- This site is optimized with the Yoast SEO plugin v27.3 - https:\/\/yoast.com\/product\/yoast-seo-wordpress\/ -->\n<title>Assim assado - Assim Assado - Black Hole Discos<\/title>\n<meta name=\"robots\" content=\"index, follow, max-snippet:-1, max-image-preview:large, max-video-preview:-1\" \/>\n<link rel=\"canonical\" href=\"https:\/\/blackholediscos.com\/en\/product\/assim-assado-assim-assado-2\/\" \/>\n<meta property=\"og:locale\" content=\"en_US\" \/>\n<meta property=\"og:type\" content=\"article\" \/>\n<meta property=\"og:title\" content=\"Assim assado - Assim Assado - Black Hole Discos\" \/>\n<meta property=\"og:description\" content=\"Lp vinil primeira edi\u00e7\u00e3o nacional em excelente estado de conserva\u00e7\u00e3o. Capa com leves desgastes do tempo. Label: CID \u2013 CID 8003 A1 Viva Crioula A2 Na Boca Da Estrada A3 At\u00e9 A4 Sombras A5 Morena B1 Peda\u00e7os B2 Sol Amarelocinza B3 Rock Blue B4 Sol, Sal, Sol Tropical B5 Lunatica Marciana\" \/>\n<meta property=\"og:url\" content=\"https:\/\/blackholediscos.com\/en\/product\/assim-assado-assim-assado-2\/\" \/>\n<meta property=\"og:site_name\" content=\"Black Hole Discos\" \/>\n<meta property=\"article:publisher\" content=\"https:\/\/www.instagram.com\/blackholediscos\/\" \/>\n<meta property=\"article:modified_time\" content=\"2024-06-30T20:42:21+00:00\" \/>\n<meta property=\"og:image\" content=\"https:\/\/blackholediscos.com\/wp-content\/uploads\/2024\/06\/IMG_6684-scaled.jpeg\" \/>\n\t<meta property=\"og:image:width\" content=\"2560\" \/>\n\t<meta property=\"og:image:height\" content=\"2560\" \/>\n\t<meta property=\"og:image:type\" content=\"image\/jpeg\" \/>\n<meta name=\"twitter:card\" content=\"summary_large_image\" \/>\n<meta name=\"twitter:label1\" content=\"Est. reading time\" \/>\n\t<meta name=\"twitter:data1\" content=\"1 minute\" \/>\n<script type=\"application\/ld+json\" class=\"yoast-schema-graph\">{\"@context\":\"https:\\\/\\\/schema.org\",\"@graph\":[{\"@type\":\"WebPage\",\"@id\":\"https:\\\/\\\/blackholediscos.com\\\/product\\\/assim-assado-assim-assado-2\\\/\",\"url\":\"https:\\\/\\\/blackholediscos.com\\\/product\\\/assim-assado-assim-assado-2\\\/\",\"name\":\"Assim assado - Assim Assado - Black Hole Discos\",\"isPartOf\":{\"@id\":\"https:\\\/\\\/blackholediscos.com\\\/#website\"},\"primaryImageOfPage\":{\"@id\":\"https:\\\/\\\/blackholediscos.com\\\/product\\\/assim-assado-assim-assado-2\\\/#primaryimage\"},\"image\":{\"@id\":\"https:\\\/\\\/blackholediscos.com\\\/product\\\/assim-assado-assim-assado-2\\\/#primaryimage\"},\"thumbnailUrl\":\"https:\\\/\\\/blackholediscos.com\\\/wp-content\\\/uploads\\\/2024\\\/06\\\/IMG_6684-scaled.jpeg\",\"datePublished\":\"2024-06-24T12:31:59+00:00\",\"dateModified\":\"2024-06-30T20:42:21+00:00\",\"breadcrumb\":{\"@id\":\"https:\\\/\\\/blackholediscos.com\\\/product\\\/assim-assado-assim-assado-2\\\/#breadcrumb\"},\"inLanguage\":\"en-US\",\"potentialAction\":[{\"@type\":\"ReadAction\",\"target\":[\"https:\\\/\\\/blackholediscos.com\\\/product\\\/assim-assado-assim-assado-2\\\/\"]}]},{\"@type\":\"ImageObject\",\"inLanguage\":\"en-US\",\"@id\":\"https:\\\/\\\/blackholediscos.com\\\/product\\\/assim-assado-assim-assado-2\\\/#primaryimage\",\"url\":\"https:\\\/\\\/blackholediscos.com\\\/wp-content\\\/uploads\\\/2024\\\/06\\\/IMG_6684-scaled.jpeg\",\"contentUrl\":\"https:\\\/\\\/blackholediscos.com\\\/wp-content\\\/uploads\\\/2024\\\/06\\\/IMG_6684-scaled.jpeg\",\"width\":2560,\"height\":2560},{\"@type\":\"BreadcrumbList\",\"@id\":\"https:\\\/\\\/blackholediscos.com\\\/product\\\/assim-assado-assim-assado-2\\\/#breadcrumb\",\"itemListElement\":[{\"@type\":\"ListItem\",\"position\":1,\"name\":\"In\u00edcio\",\"item\":\"https:\\\/\\\/blackholediscos.com\\\/\"},{\"@type\":\"ListItem\",\"position\":2,\"name\":\"Shop\",\"item\":\"https:\\\/\\\/blackholediscos.com\\\/shop\\\/\"},{\"@type\":\"ListItem\",\"position\":3,\"name\":\"Assim assado &#8211; Assim Assado\"}]},{\"@type\":\"WebSite\",\"@id\":\"https:\\\/\\\/blackholediscos.com\\\/#website\",\"url\":\"https:\\\/\\\/blackholediscos.com\\\/\",\"name\":\"Black Hole Discos\",\"description\":\"Brazilian music LPs\",\"publisher\":{\"@id\":\"https:\\\/\\\/blackholediscos.com\\\/#organization\"},\"potentialAction\":[{\"@type\":\"SearchAction\",\"target\":{\"@type\":\"EntryPoint\",\"urlTemplate\":\"https:\\\/\\\/blackholediscos.com\\\/?s={search_term_string}\"},\"query-input\":{\"@type\":\"PropertyValueSpecification\",\"valueRequired\":true,\"valueName\":\"search_term_string\"}}],\"inLanguage\":\"en-US\"},{\"@type\":\"Organization\",\"@id\":\"https:\\\/\\\/blackholediscos.com\\\/#organization\",\"name\":\"Black Hole Discos\",\"url\":\"https:\\\/\\\/blackholediscos.com\\\/\",\"logo\":{\"@type\":\"ImageObject\",\"inLanguage\":\"en-US\",\"@id\":\"https:\\\/\\\/blackholediscos.com\\\/#\\\/schema\\\/logo\\\/image\\\/\",\"url\":\"https:\\\/\\\/blackholediscos.com\\\/wp-content\\\/uploads\\\/2024\\\/06\\\/black-hole-discos-vinis-logo.png\",\"contentUrl\":\"https:\\\/\\\/blackholediscos.com\\\/wp-content\\\/uploads\\\/2024\\\/06\\\/black-hole-discos-vinis-logo.png\",\"width\":70,\"height\":66,\"caption\":\"Black Hole Discos\"},\"image\":{\"@id\":\"https:\\\/\\\/blackholediscos.com\\\/#\\\/schema\\\/logo\\\/image\\\/\"},\"sameAs\":[\"https:\\\/\\\/www.instagram.com\\\/blackholediscos\\\/\"]}]}<\/script>\n<!-- \/ Yoast SEO plugin. -->","yoast_head_json":{"title":"Assim assado - Assim Assado - Black Hole Discos","robots":{"index":"index","follow":"follow","max-snippet":"max-snippet:-1","max-image-preview":"max-image-preview:large","max-video-preview":"max-video-preview:-1"},"canonical":"https:\/\/blackholediscos.com\/en\/product\/assim-assado-assim-assado-2\/","og_locale":"en_US","og_type":"article","og_title":"Assim assado - Assim Assado - Black Hole Discos","og_description":"Lp vinil primeira edi\u00e7\u00e3o nacional em excelente estado de conserva\u00e7\u00e3o. Capa com leves desgastes do tempo. Label: CID \u2013 CID 8003 A1 Viva Crioula A2 Na Boca Da Estrada A3 At\u00e9 A4 Sombras A5 Morena B1 Peda\u00e7os B2 Sol Amarelocinza B3 Rock Blue B4 Sol, Sal, Sol Tropical B5 Lunatica Marciana","og_url":"https:\/\/blackholediscos.com\/en\/product\/assim-assado-assim-assado-2\/","og_site_name":"Black Hole Discos","article_publisher":"https:\/\/www.instagram.com\/blackholediscos\/","article_modified_time":"2024-06-30T20:42:21+00:00","og_image":[{"width":2560,"height":2560,"url":"https:\/\/blackholediscos.com\/wp-content\/uploads\/2024\/06\/IMG_6684-scaled.jpeg","type":"image\/jpeg"}],"twitter_card":"summary_large_image","twitter_misc":{"Est. reading time":"1 minute"},"schema":{"@context":"https:\/\/schema.org","@graph":[{"@type":"WebPage","@id":"https:\/\/blackholediscos.com\/product\/assim-assado-assim-assado-2\/","url":"https:\/\/blackholediscos.com\/product\/assim-assado-assim-assado-2\/","name":"Assim assado - Assim Assado - Black Hole Discos","isPartOf":{"@id":"https:\/\/blackholediscos.com\/#website"},"primaryImageOfPage":{"@id":"https:\/\/blackholediscos.com\/product\/assim-assado-assim-assado-2\/#primaryimage"},"image":{"@id":"https:\/\/blackholediscos.com\/product\/assim-assado-assim-assado-2\/#primaryimage"},"thumbnailUrl":"https:\/\/blackholediscos.com\/wp-content\/uploads\/2024\/06\/IMG_6684-scaled.jpeg","datePublished":"2024-06-24T12:31:59+00:00","dateModified":"2024-06-30T20:42:21+00:00","breadcrumb":{"@id":"https:\/\/blackholediscos.com\/product\/assim-assado-assim-assado-2\/#breadcrumb"},"inLanguage":"en-US","potentialAction":[{"@type":"ReadAction","target":["https:\/\/blackholediscos.com\/product\/assim-assado-assim-assado-2\/"]}]},{"@type":"ImageObject","inLanguage":"en-US","@id":"https:\/\/blackholediscos.com\/product\/assim-assado-assim-assado-2\/#primaryimage","url":"https:\/\/blackholediscos.com\/wp-content\/uploads\/2024\/06\/IMG_6684-scaled.jpeg","contentUrl":"https:\/\/blackholediscos.com\/wp-content\/uploads\/2024\/06\/IMG_6684-scaled.jpeg","width":2560,"height":2560},{"@type":"BreadcrumbList","@id":"https:\/\/blackholediscos.com\/product\/assim-assado-assim-assado-2\/#breadcrumb","itemListElement":[{"@type":"ListItem","position":1,"name":"In\u00edcio","item":"https:\/\/blackholediscos.com\/"},{"@type":"ListItem","position":2,"name":"Shop","item":"https:\/\/blackholediscos.com\/shop\/"},{"@type":"ListItem","position":3,"name":"Assim assado &#8211; Assim Assado"}]},{"@type":"WebSite","@id":"https:\/\/blackholediscos.com\/#website","url":"https:\/\/blackholediscos.com\/","name":"Black Hole Discos","description":"Brazilian music LPs","publisher":{"@id":"https:\/\/blackholediscos.com\/#organization"},"potentialAction":[{"@type":"SearchAction","target":{"@type":"EntryPoint","urlTemplate":"https:\/\/blackholediscos.com\/?s={search_term_string}"},"query-input":{"@type":"PropertyValueSpecification","valueRequired":true,"valueName":"search_term_string"}}],"inLanguage":"en-US"},{"@type":"Organization","@id":"https:\/\/blackholediscos.com\/#organization","name":"Black Hole Discos","url":"https:\/\/blackholediscos.com\/","logo":{"@type":"ImageObject","inLanguage":"en-US","@id":"https:\/\/blackholediscos.com\/#\/schema\/logo\/image\/","url":"https:\/\/blackholediscos.com\/wp-content\/uploads\/2024\/06\/black-hole-discos-vinis-logo.png","contentUrl":"https:\/\/blackholediscos.com\/wp-content\/uploads\/2024\/06\/black-hole-discos-vinis-logo.png","width":70,"height":66,"caption":"Black Hole Discos"},"image":{"@id":"https:\/\/blackholediscos.com\/#\/schema\/logo\/image\/"},"sameAs":["https:\/\/www.instagram.com\/blackholediscos\/"]}]}},"_links":{"self":[{"href":"https:\/\/blackholediscos.com\/en\/wp-json\/wp\/v2\/product\/2212","targetHints":{"allow":["GET"]}}],"collection":[{"href":"https:\/\/blackholediscos.com\/en\/wp-json\/wp\/v2\/product"}],"about":[{"href":"https:\/\/blackholediscos.com\/en\/wp-json\/wp\/v2\/types\/product"}],"replies":[{"embeddable":true,"href":"https:\/\/blackholediscos.com\/en\/wp-json\/wp\/v2\/comments?post=2212"}],"wp:featuredmedia":[{"embeddable":true,"href":"https:\/\/blackholediscos.com\/en\/wp-json\/wp\/v2\/media\/2053"}],"wp:attachment":[{"href":"https:\/\/blackholediscos.com\/en\/wp-json\/wp\/v2\/media?parent=2212"}],"wp:term":[{"taxonomy":"product_brand","embeddable":true,"href":"https:\/\/blackholediscos.com\/en\/wp-json\/wp\/v2\/product_brand?post=2212"},{"taxonomy":"product_cat","embeddable":true,"href":"https:\/\/blackholediscos.com\/en\/wp-json\/wp\/v2\/product_cat?post=2212"},{"taxonomy":"product_tag","embeddable":true,"href":"https:\/\/blackholediscos.com\/en\/wp-json\/wp\/v2\/product_tag?post=2212"},{"taxonomy":"artista","embeddable":true,"href":"https:\/\/blackholediscos.com\/en\/wp-json\/wp\/v2\/artista?post=2212"},{"taxonomy":"produtora","embeddable":true,"href":"https:\/\/blackholediscos.com\/en\/wp-json\/wp\/v2\/produtora?post=2212"},{"taxonomy":"ano","embeddable":true,"href":"https:\/\/blackholediscos.com\/en\/wp-json\/wp\/v2\/ano?post=2212"}],"curies":[{"name":"wp","href":"https:\/\/api.w.org\/{rel}","templated":true}]}}