{"id":2194,"date":"2024-06-24T11:34:02","date_gmt":"2024-06-24T11:34:02","guid":{"rendered":"https:\/\/blackholediscos.com\/?post_type=product&#038;p=2194"},"modified":"2024-06-29T21:53:20","modified_gmt":"2024-06-29T21:53:20","slug":"maestro-gaya-esse-mundo-e-meu","status":"publish","type":"product","link":"https:\/\/blackholediscos.com\/en\/product\/maestro-gaya-esse-mundo-e-meu\/","title":{"rendered":"Maestro Gaya &#8211; Esse mundo \u00e9 meu"},"content":{"rendered":"<p>Lp vinil primeira prensagem capa gatefold e m\u00eddia em excelente estado de conserva\u00e7\u00e3o.<\/p>\n<p>Label:<br \/>\nForma (2) \u2013 FM-5, Forma (2) \u2013 FM 5<\/p>\n<p>Tracklist <\/p>\n<p>A1\t\tCabocla Jandira<br \/>\nA2\t\tSonho<br \/>\nA3\t\tChorinho Da Barbearia<br \/>\nA4\t\tNem Fome Nem Eito<br \/>\nA5\t\tTempestade<br \/>\nB1\t\tPrez\u00e3o<br \/>\nB2\t\tOxal\u00e1 Meu Pai<br \/>\nB3\t\tEsse Mundo \u00c9 Meu<br \/>\nB4\t\tTempestade II<br \/>\nB5\t\tCabocla Jandira<\/p>","protected":false},"excerpt":{"rendered":"<p>Lp vinil primeira prensagem capa gatefold e m\u00eddia em excelente estado de conserva\u00e7\u00e3o. Label: Forma (2) \u2013 FM-5, Forma (2) \u2013 FM 5 Tracklist A1 Cabocla Jandira A2 Sonho A3 Chorinho Da Barbearia A4 Nem Fome Nem Eito A5 Tempestade B1 Prez\u00e3o B2 Oxal\u00e1 Meu Pai B3 Esse Mundo \u00c9 Meu B4 Tempestade II B5 [&hellip;]<\/p>\n","protected":false},"featured_media":2002,"comment_status":"open","ping_status":"closed","template":"","meta":{"_acf_changed":false},"product_brand":[],"product_cat":[39,15],"product_tag":[],"artista":[569],"produtora":[68],"ano":[209],"class_list":{"0":"post-2194","1":"product","2":"type-product","3":"status-publish","4":"has-post-thumbnail","6":"product_cat-mpb","7":"product_cat-outros","8":"artista-gaya","9":"produtora-forma","10":"ano-209","12":"first","13":"instock","14":"shipping-taxable","15":"purchasable","16":"product-type-simple"},"acf":[],"yoast_head":"<!-- This site is optimized with the Yoast SEO plugin v27.3 - https:\/\/yoast.com\/product\/yoast-seo-wordpress\/ -->\n<title>Maestro Gaya - Esse mundo \u00e9 meu - Black Hole Discos<\/title>\n<meta name=\"robots\" content=\"index, follow, max-snippet:-1, max-image-preview:large, max-video-preview:-1\" \/>\n<link rel=\"canonical\" href=\"https:\/\/blackholediscos.com\/en\/product\/maestro-gaya-esse-mundo-e-meu\/\" \/>\n<meta property=\"og:locale\" content=\"en_US\" \/>\n<meta property=\"og:type\" content=\"article\" \/>\n<meta property=\"og:title\" content=\"Maestro Gaya - Esse mundo \u00e9 meu - Black Hole Discos\" \/>\n<meta property=\"og:description\" content=\"Lp vinil primeira prensagem capa gatefold e m\u00eddia em excelente estado de conserva\u00e7\u00e3o. Label: Forma (2) \u2013 FM-5, Forma (2) \u2013 FM 5 Tracklist A1 Cabocla Jandira A2 Sonho A3 Chorinho Da Barbearia A4 Nem Fome Nem Eito A5 Tempestade B1 Prez\u00e3o B2 Oxal\u00e1 Meu Pai B3 Esse Mundo \u00c9 Meu B4 Tempestade II B5 [&hellip;]\" \/>\n<meta property=\"og:url\" content=\"https:\/\/blackholediscos.com\/en\/product\/maestro-gaya-esse-mundo-e-meu\/\" \/>\n<meta property=\"og:site_name\" content=\"Black Hole Discos\" \/>\n<meta property=\"article:publisher\" content=\"https:\/\/www.instagram.com\/blackholediscos\/\" \/>\n<meta property=\"article:modified_time\" content=\"2024-06-29T21:53:20+00:00\" \/>\n<meta property=\"og:image\" content=\"https:\/\/blackholediscos.com\/wp-content\/uploads\/2024\/06\/IMG_6636-scaled.jpeg\" \/>\n\t<meta property=\"og:image:width\" content=\"2560\" \/>\n\t<meta property=\"og:image:height\" content=\"2560\" \/>\n\t<meta property=\"og:image:type\" content=\"image\/jpeg\" \/>\n<meta name=\"twitter:card\" content=\"summary_large_image\" \/>\n<meta name=\"twitter:label1\" content=\"Est. reading time\" \/>\n\t<meta name=\"twitter:data1\" content=\"1 minute\" \/>\n<script type=\"application\/ld+json\" class=\"yoast-schema-graph\">{\"@context\":\"https:\\\/\\\/schema.org\",\"@graph\":[{\"@type\":\"WebPage\",\"@id\":\"https:\\\/\\\/blackholediscos.com\\\/product\\\/maestro-gaya-esse-mundo-e-meu\\\/\",\"url\":\"https:\\\/\\\/blackholediscos.com\\\/product\\\/maestro-gaya-esse-mundo-e-meu\\\/\",\"name\":\"Maestro Gaya - Esse mundo \u00e9 meu - Black Hole Discos\",\"isPartOf\":{\"@id\":\"https:\\\/\\\/blackholediscos.com\\\/#website\"},\"primaryImageOfPage\":{\"@id\":\"https:\\\/\\\/blackholediscos.com\\\/product\\\/maestro-gaya-esse-mundo-e-meu\\\/#primaryimage\"},\"image\":{\"@id\":\"https:\\\/\\\/blackholediscos.com\\\/product\\\/maestro-gaya-esse-mundo-e-meu\\\/#primaryimage\"},\"thumbnailUrl\":\"https:\\\/\\\/blackholediscos.com\\\/wp-content\\\/uploads\\\/2024\\\/06\\\/IMG_6636-scaled.jpeg\",\"datePublished\":\"2024-06-24T11:34:02+00:00\",\"dateModified\":\"2024-06-29T21:53:20+00:00\",\"breadcrumb\":{\"@id\":\"https:\\\/\\\/blackholediscos.com\\\/product\\\/maestro-gaya-esse-mundo-e-meu\\\/#breadcrumb\"},\"inLanguage\":\"en-US\",\"potentialAction\":[{\"@type\":\"ReadAction\",\"target\":[\"https:\\\/\\\/blackholediscos.com\\\/product\\\/maestro-gaya-esse-mundo-e-meu\\\/\"]}]},{\"@type\":\"ImageObject\",\"inLanguage\":\"en-US\",\"@id\":\"https:\\\/\\\/blackholediscos.com\\\/product\\\/maestro-gaya-esse-mundo-e-meu\\\/#primaryimage\",\"url\":\"https:\\\/\\\/blackholediscos.com\\\/wp-content\\\/uploads\\\/2024\\\/06\\\/IMG_6636-scaled.jpeg\",\"contentUrl\":\"https:\\\/\\\/blackholediscos.com\\\/wp-content\\\/uploads\\\/2024\\\/06\\\/IMG_6636-scaled.jpeg\",\"width\":2560,\"height\":2560},{\"@type\":\"BreadcrumbList\",\"@id\":\"https:\\\/\\\/blackholediscos.com\\\/product\\\/maestro-gaya-esse-mundo-e-meu\\\/#breadcrumb\",\"itemListElement\":[{\"@type\":\"ListItem\",\"position\":1,\"name\":\"In\u00edcio\",\"item\":\"https:\\\/\\\/blackholediscos.com\\\/\"},{\"@type\":\"ListItem\",\"position\":2,\"name\":\"Shop\",\"item\":\"https:\\\/\\\/blackholediscos.com\\\/shop\\\/\"},{\"@type\":\"ListItem\",\"position\":3,\"name\":\"Maestro Gaya &#8211; Esse mundo \u00e9 meu\"}]},{\"@type\":\"WebSite\",\"@id\":\"https:\\\/\\\/blackholediscos.com\\\/#website\",\"url\":\"https:\\\/\\\/blackholediscos.com\\\/\",\"name\":\"Black Hole Discos\",\"description\":\"Brazilian music LPs\",\"publisher\":{\"@id\":\"https:\\\/\\\/blackholediscos.com\\\/#organization\"},\"potentialAction\":[{\"@type\":\"SearchAction\",\"target\":{\"@type\":\"EntryPoint\",\"urlTemplate\":\"https:\\\/\\\/blackholediscos.com\\\/?s={search_term_string}\"},\"query-input\":{\"@type\":\"PropertyValueSpecification\",\"valueRequired\":true,\"valueName\":\"search_term_string\"}}],\"inLanguage\":\"en-US\"},{\"@type\":\"Organization\",\"@id\":\"https:\\\/\\\/blackholediscos.com\\\/#organization\",\"name\":\"Black Hole Discos\",\"url\":\"https:\\\/\\\/blackholediscos.com\\\/\",\"logo\":{\"@type\":\"ImageObject\",\"inLanguage\":\"en-US\",\"@id\":\"https:\\\/\\\/blackholediscos.com\\\/#\\\/schema\\\/logo\\\/image\\\/\",\"url\":\"https:\\\/\\\/blackholediscos.com\\\/wp-content\\\/uploads\\\/2024\\\/06\\\/black-hole-discos-vinis-logo.png\",\"contentUrl\":\"https:\\\/\\\/blackholediscos.com\\\/wp-content\\\/uploads\\\/2024\\\/06\\\/black-hole-discos-vinis-logo.png\",\"width\":70,\"height\":66,\"caption\":\"Black Hole Discos\"},\"image\":{\"@id\":\"https:\\\/\\\/blackholediscos.com\\\/#\\\/schema\\\/logo\\\/image\\\/\"},\"sameAs\":[\"https:\\\/\\\/www.instagram.com\\\/blackholediscos\\\/\"]}]}<\/script>\n<!-- \/ Yoast SEO plugin. -->","yoast_head_json":{"title":"Maestro Gaya - Esse mundo \u00e9 meu - Black Hole Discos","robots":{"index":"index","follow":"follow","max-snippet":"max-snippet:-1","max-image-preview":"max-image-preview:large","max-video-preview":"max-video-preview:-1"},"canonical":"https:\/\/blackholediscos.com\/en\/product\/maestro-gaya-esse-mundo-e-meu\/","og_locale":"en_US","og_type":"article","og_title":"Maestro Gaya - Esse mundo \u00e9 meu - Black Hole Discos","og_description":"Lp vinil primeira prensagem capa gatefold e m\u00eddia em excelente estado de conserva\u00e7\u00e3o. Label: Forma (2) \u2013 FM-5, Forma (2) \u2013 FM 5 Tracklist A1 Cabocla Jandira A2 Sonho A3 Chorinho Da Barbearia A4 Nem Fome Nem Eito A5 Tempestade B1 Prez\u00e3o B2 Oxal\u00e1 Meu Pai B3 Esse Mundo \u00c9 Meu B4 Tempestade II B5 [&hellip;]","og_url":"https:\/\/blackholediscos.com\/en\/product\/maestro-gaya-esse-mundo-e-meu\/","og_site_name":"Black Hole Discos","article_publisher":"https:\/\/www.instagram.com\/blackholediscos\/","article_modified_time":"2024-06-29T21:53:20+00:00","og_image":[{"width":2560,"height":2560,"url":"https:\/\/blackholediscos.com\/wp-content\/uploads\/2024\/06\/IMG_6636-scaled.jpeg","type":"image\/jpeg"}],"twitter_card":"summary_large_image","twitter_misc":{"Est. reading time":"1 minute"},"schema":{"@context":"https:\/\/schema.org","@graph":[{"@type":"WebPage","@id":"https:\/\/blackholediscos.com\/product\/maestro-gaya-esse-mundo-e-meu\/","url":"https:\/\/blackholediscos.com\/product\/maestro-gaya-esse-mundo-e-meu\/","name":"Maestro Gaya - Esse mundo \u00e9 meu - Black Hole Discos","isPartOf":{"@id":"https:\/\/blackholediscos.com\/#website"},"primaryImageOfPage":{"@id":"https:\/\/blackholediscos.com\/product\/maestro-gaya-esse-mundo-e-meu\/#primaryimage"},"image":{"@id":"https:\/\/blackholediscos.com\/product\/maestro-gaya-esse-mundo-e-meu\/#primaryimage"},"thumbnailUrl":"https:\/\/blackholediscos.com\/wp-content\/uploads\/2024\/06\/IMG_6636-scaled.jpeg","datePublished":"2024-06-24T11:34:02+00:00","dateModified":"2024-06-29T21:53:20+00:00","breadcrumb":{"@id":"https:\/\/blackholediscos.com\/product\/maestro-gaya-esse-mundo-e-meu\/#breadcrumb"},"inLanguage":"en-US","potentialAction":[{"@type":"ReadAction","target":["https:\/\/blackholediscos.com\/product\/maestro-gaya-esse-mundo-e-meu\/"]}]},{"@type":"ImageObject","inLanguage":"en-US","@id":"https:\/\/blackholediscos.com\/product\/maestro-gaya-esse-mundo-e-meu\/#primaryimage","url":"https:\/\/blackholediscos.com\/wp-content\/uploads\/2024\/06\/IMG_6636-scaled.jpeg","contentUrl":"https:\/\/blackholediscos.com\/wp-content\/uploads\/2024\/06\/IMG_6636-scaled.jpeg","width":2560,"height":2560},{"@type":"BreadcrumbList","@id":"https:\/\/blackholediscos.com\/product\/maestro-gaya-esse-mundo-e-meu\/#breadcrumb","itemListElement":[{"@type":"ListItem","position":1,"name":"In\u00edcio","item":"https:\/\/blackholediscos.com\/"},{"@type":"ListItem","position":2,"name":"Shop","item":"https:\/\/blackholediscos.com\/shop\/"},{"@type":"ListItem","position":3,"name":"Maestro Gaya &#8211; Esse mundo \u00e9 meu"}]},{"@type":"WebSite","@id":"https:\/\/blackholediscos.com\/#website","url":"https:\/\/blackholediscos.com\/","name":"Black Hole Discos","description":"Brazilian music LPs","publisher":{"@id":"https:\/\/blackholediscos.com\/#organization"},"potentialAction":[{"@type":"SearchAction","target":{"@type":"EntryPoint","urlTemplate":"https:\/\/blackholediscos.com\/?s={search_term_string}"},"query-input":{"@type":"PropertyValueSpecification","valueRequired":true,"valueName":"search_term_string"}}],"inLanguage":"en-US"},{"@type":"Organization","@id":"https:\/\/blackholediscos.com\/#organization","name":"Black Hole Discos","url":"https:\/\/blackholediscos.com\/","logo":{"@type":"ImageObject","inLanguage":"en-US","@id":"https:\/\/blackholediscos.com\/#\/schema\/logo\/image\/","url":"https:\/\/blackholediscos.com\/wp-content\/uploads\/2024\/06\/black-hole-discos-vinis-logo.png","contentUrl":"https:\/\/blackholediscos.com\/wp-content\/uploads\/2024\/06\/black-hole-discos-vinis-logo.png","width":70,"height":66,"caption":"Black Hole Discos"},"image":{"@id":"https:\/\/blackholediscos.com\/#\/schema\/logo\/image\/"},"sameAs":["https:\/\/www.instagram.com\/blackholediscos\/"]}]}},"_links":{"self":[{"href":"https:\/\/blackholediscos.com\/en\/wp-json\/wp\/v2\/product\/2194","targetHints":{"allow":["GET"]}}],"collection":[{"href":"https:\/\/blackholediscos.com\/en\/wp-json\/wp\/v2\/product"}],"about":[{"href":"https:\/\/blackholediscos.com\/en\/wp-json\/wp\/v2\/types\/product"}],"replies":[{"embeddable":true,"href":"https:\/\/blackholediscos.com\/en\/wp-json\/wp\/v2\/comments?post=2194"}],"wp:featuredmedia":[{"embeddable":true,"href":"https:\/\/blackholediscos.com\/en\/wp-json\/wp\/v2\/media\/2002"}],"wp:attachment":[{"href":"https:\/\/blackholediscos.com\/en\/wp-json\/wp\/v2\/media?parent=2194"}],"wp:term":[{"taxonomy":"product_brand","embeddable":true,"href":"https:\/\/blackholediscos.com\/en\/wp-json\/wp\/v2\/product_brand?post=2194"},{"taxonomy":"product_cat","embeddable":true,"href":"https:\/\/blackholediscos.com\/en\/wp-json\/wp\/v2\/product_cat?post=2194"},{"taxonomy":"product_tag","embeddable":true,"href":"https:\/\/blackholediscos.com\/en\/wp-json\/wp\/v2\/product_tag?post=2194"},{"taxonomy":"artista","embeddable":true,"href":"https:\/\/blackholediscos.com\/en\/wp-json\/wp\/v2\/artista?post=2194"},{"taxonomy":"produtora","embeddable":true,"href":"https:\/\/blackholediscos.com\/en\/wp-json\/wp\/v2\/produtora?post=2194"},{"taxonomy":"ano","embeddable":true,"href":"https:\/\/blackholediscos.com\/en\/wp-json\/wp\/v2\/ano?post=2194"}],"curies":[{"name":"wp","href":"https:\/\/api.w.org\/{rel}","templated":true}]}}