{"id":2188,"date":"2024-06-24T11:18:30","date_gmt":"2024-06-24T11:18:30","guid":{"rendered":"https:\/\/blackholediscos.com\/?post_type=product&#038;p=2188"},"modified":"2024-08-19T13:12:47","modified_gmt":"2024-08-19T13:12:47","slug":"jorge-ben-jor-e-gilberto-gil-ogum-xango","status":"publish","type":"product","link":"https:\/\/blackholediscos.com\/en\/product\/jorge-ben-jor-e-gilberto-gil-ogum-xango\/","title":{"rendered":"Jorge ben Jor e Gilberto Gil &#8211; Ogum Xang\u00f4"},"content":{"rendered":"<p>Primeira prensagem nacional em excelente estado de conserva\u00e7\u00e3o. <\/p>\n<p>Label:<br \/>\nPhilips \u2013 9299 453\/4<\/p>\n<p>A1 Meu Glorioso S\u00e3o Cristov\u00e3o\t8:16<br \/>\nA2 Nega\t10:34<br \/>\nB1 Jurubeba\t11:37<br \/>\nB2 Quem Mandou (P\u00e9 Na Estrada)\t6:51<br \/>\nC1 Taj Mahal\t14:42<br \/>\nC2 Morre O Burro, Fica O Homem\t6:03<br \/>\nD1 Essa \u00c9 Pra Tocar No Radio\t6:19<br \/>\nD2 Filhos De Gandhi\t13:03<br \/>\nD3 Sarro<\/p>","protected":false},"excerpt":{"rendered":"<p>Primeira prensagem nacional em excelente estado de conserva\u00e7\u00e3o. Label: Philips \u2013 9299 453\/4 A1 Meu Glorioso S\u00e3o Cristov\u00e3o 8:16 A2 Nega 10:34 B1 Jurubeba 11:37 B2 Quem Mandou (P\u00e9 Na Estrada) 6:51 C1 Taj Mahal 14:42 C2 Morre O Burro, Fica O Homem 6:03 D1 Essa \u00c9 Pra Tocar No Radio 6:19 D2 Filhos De [&hellip;]<\/p>\n","protected":false},"featured_media":1976,"comment_status":"open","ping_status":"closed","template":"","meta":{"_acf_changed":false},"product_brand":[],"product_cat":[39],"product_tag":[],"artista":[238,289],"produtora":[119],"ano":[63],"class_list":{"0":"post-2188","1":"product","2":"type-product","3":"status-publish","4":"has-post-thumbnail","6":"product_cat-mpb","7":"artista-gilberto-gil","8":"artista-jorge-ben","9":"produtora-philips","10":"ano-63","12":"first","13":"outofstock","14":"sold-individually","15":"shipping-taxable","16":"purchasable","17":"product-type-simple"},"acf":[],"yoast_head":"<!-- This site is optimized with the Yoast SEO plugin v27.5 - https:\/\/yoast.com\/product\/yoast-seo-wordpress\/ -->\n<title>Jorge ben Jor e Gilberto Gil - Ogum Xang\u00f4 - Black Hole Discos<\/title>\n<meta name=\"robots\" content=\"index, follow, max-snippet:-1, max-image-preview:large, max-video-preview:-1\" \/>\n<link rel=\"canonical\" href=\"https:\/\/blackholediscos.com\/en\/product\/jorge-ben-jor-e-gilberto-gil-ogum-xango\/\" \/>\n<meta property=\"og:locale\" content=\"en_US\" \/>\n<meta property=\"og:type\" content=\"article\" \/>\n<meta property=\"og:title\" content=\"Jorge ben Jor e Gilberto Gil - Ogum Xang\u00f4 - Black Hole Discos\" \/>\n<meta property=\"og:description\" content=\"Primeira prensagem nacional em excelente estado de conserva\u00e7\u00e3o. Label: Philips \u2013 9299 453\/4 A1 Meu Glorioso S\u00e3o Cristov\u00e3o 8:16 A2 Nega 10:34 B1 Jurubeba 11:37 B2 Quem Mandou (P\u00e9 Na Estrada) 6:51 C1 Taj Mahal 14:42 C2 Morre O Burro, Fica O Homem 6:03 D1 Essa \u00c9 Pra Tocar No Radio 6:19 D2 Filhos De [&hellip;]\" \/>\n<meta property=\"og:url\" content=\"https:\/\/blackholediscos.com\/en\/product\/jorge-ben-jor-e-gilberto-gil-ogum-xango\/\" \/>\n<meta property=\"og:site_name\" content=\"Black Hole Discos\" \/>\n<meta property=\"article:publisher\" content=\"https:\/\/www.instagram.com\/blackholediscos\/\" \/>\n<meta property=\"article:modified_time\" content=\"2024-08-19T13:12:47+00:00\" \/>\n<meta property=\"og:image\" content=\"https:\/\/blackholediscos.com\/wp-content\/uploads\/2024\/06\/IMG_6613-scaled.jpeg\" \/>\n\t<meta property=\"og:image:width\" content=\"2560\" \/>\n\t<meta property=\"og:image:height\" content=\"2560\" \/>\n\t<meta property=\"og:image:type\" content=\"image\/jpeg\" \/>\n<meta name=\"twitter:card\" content=\"summary_large_image\" \/>\n<meta name=\"twitter:label1\" content=\"Est. reading time\" \/>\n\t<meta name=\"twitter:data1\" content=\"1 minute\" \/>\n<script type=\"application\/ld+json\" class=\"yoast-schema-graph\">{\"@context\":\"https:\\\/\\\/schema.org\",\"@graph\":[{\"@type\":\"WebPage\",\"@id\":\"https:\\\/\\\/blackholediscos.com\\\/product\\\/jorge-ben-jor-e-gilberto-gil-ogum-xango\\\/\",\"url\":\"https:\\\/\\\/blackholediscos.com\\\/product\\\/jorge-ben-jor-e-gilberto-gil-ogum-xango\\\/\",\"name\":\"Jorge ben Jor e Gilberto Gil - Ogum Xang\u00f4 - Black Hole Discos\",\"isPartOf\":{\"@id\":\"https:\\\/\\\/blackholediscos.com\\\/#website\"},\"primaryImageOfPage\":{\"@id\":\"https:\\\/\\\/blackholediscos.com\\\/product\\\/jorge-ben-jor-e-gilberto-gil-ogum-xango\\\/#primaryimage\"},\"image\":{\"@id\":\"https:\\\/\\\/blackholediscos.com\\\/product\\\/jorge-ben-jor-e-gilberto-gil-ogum-xango\\\/#primaryimage\"},\"thumbnailUrl\":\"https:\\\/\\\/blackholediscos.com\\\/wp-content\\\/uploads\\\/2024\\\/06\\\/IMG_6613-scaled.jpeg\",\"datePublished\":\"2024-06-24T11:18:30+00:00\",\"dateModified\":\"2024-08-19T13:12:47+00:00\",\"breadcrumb\":{\"@id\":\"https:\\\/\\\/blackholediscos.com\\\/product\\\/jorge-ben-jor-e-gilberto-gil-ogum-xango\\\/#breadcrumb\"},\"inLanguage\":\"en-US\",\"potentialAction\":[{\"@type\":\"ReadAction\",\"target\":[\"https:\\\/\\\/blackholediscos.com\\\/product\\\/jorge-ben-jor-e-gilberto-gil-ogum-xango\\\/\"]}]},{\"@type\":\"ImageObject\",\"inLanguage\":\"en-US\",\"@id\":\"https:\\\/\\\/blackholediscos.com\\\/product\\\/jorge-ben-jor-e-gilberto-gil-ogum-xango\\\/#primaryimage\",\"url\":\"https:\\\/\\\/blackholediscos.com\\\/wp-content\\\/uploads\\\/2024\\\/06\\\/IMG_6613-scaled.jpeg\",\"contentUrl\":\"https:\\\/\\\/blackholediscos.com\\\/wp-content\\\/uploads\\\/2024\\\/06\\\/IMG_6613-scaled.jpeg\",\"width\":2560,\"height\":2560},{\"@type\":\"BreadcrumbList\",\"@id\":\"https:\\\/\\\/blackholediscos.com\\\/product\\\/jorge-ben-jor-e-gilberto-gil-ogum-xango\\\/#breadcrumb\",\"itemListElement\":[{\"@type\":\"ListItem\",\"position\":1,\"name\":\"In\u00edcio\",\"item\":\"https:\\\/\\\/blackholediscos.com\\\/\"},{\"@type\":\"ListItem\",\"position\":2,\"name\":\"Shop\",\"item\":\"https:\\\/\\\/blackholediscos.com\\\/shop\\\/\"},{\"@type\":\"ListItem\",\"position\":3,\"name\":\"Jorge ben Jor e Gilberto Gil &#8211; Ogum Xang\u00f4\"}]},{\"@type\":\"WebSite\",\"@id\":\"https:\\\/\\\/blackholediscos.com\\\/#website\",\"url\":\"https:\\\/\\\/blackholediscos.com\\\/\",\"name\":\"Black Hole Discos\",\"description\":\"Brazilian music LPs\",\"publisher\":{\"@id\":\"https:\\\/\\\/blackholediscos.com\\\/#organization\"},\"potentialAction\":[{\"@type\":\"SearchAction\",\"target\":{\"@type\":\"EntryPoint\",\"urlTemplate\":\"https:\\\/\\\/blackholediscos.com\\\/?s={search_term_string}\"},\"query-input\":{\"@type\":\"PropertyValueSpecification\",\"valueRequired\":true,\"valueName\":\"search_term_string\"}}],\"inLanguage\":\"en-US\"},{\"@type\":\"Organization\",\"@id\":\"https:\\\/\\\/blackholediscos.com\\\/#organization\",\"name\":\"Black Hole Discos\",\"url\":\"https:\\\/\\\/blackholediscos.com\\\/\",\"logo\":{\"@type\":\"ImageObject\",\"inLanguage\":\"en-US\",\"@id\":\"https:\\\/\\\/blackholediscos.com\\\/#\\\/schema\\\/logo\\\/image\\\/\",\"url\":\"https:\\\/\\\/blackholediscos.com\\\/wp-content\\\/uploads\\\/2024\\\/06\\\/black-hole-discos-vinis-logo.png\",\"contentUrl\":\"https:\\\/\\\/blackholediscos.com\\\/wp-content\\\/uploads\\\/2024\\\/06\\\/black-hole-discos-vinis-logo.png\",\"width\":70,\"height\":66,\"caption\":\"Black Hole Discos\"},\"image\":{\"@id\":\"https:\\\/\\\/blackholediscos.com\\\/#\\\/schema\\\/logo\\\/image\\\/\"},\"sameAs\":[\"https:\\\/\\\/www.instagram.com\\\/blackholediscos\\\/\"]}]}<\/script>\n<!-- \/ Yoast SEO plugin. -->","yoast_head_json":{"title":"Jorge ben Jor e Gilberto Gil - Ogum Xang\u00f4 - Black Hole Discos","robots":{"index":"index","follow":"follow","max-snippet":"max-snippet:-1","max-image-preview":"max-image-preview:large","max-video-preview":"max-video-preview:-1"},"canonical":"https:\/\/blackholediscos.com\/en\/product\/jorge-ben-jor-e-gilberto-gil-ogum-xango\/","og_locale":"en_US","og_type":"article","og_title":"Jorge ben Jor e Gilberto Gil - Ogum Xang\u00f4 - Black Hole Discos","og_description":"Primeira prensagem nacional em excelente estado de conserva\u00e7\u00e3o. Label: Philips \u2013 9299 453\/4 A1 Meu Glorioso S\u00e3o Cristov\u00e3o 8:16 A2 Nega 10:34 B1 Jurubeba 11:37 B2 Quem Mandou (P\u00e9 Na Estrada) 6:51 C1 Taj Mahal 14:42 C2 Morre O Burro, Fica O Homem 6:03 D1 Essa \u00c9 Pra Tocar No Radio 6:19 D2 Filhos De [&hellip;]","og_url":"https:\/\/blackholediscos.com\/en\/product\/jorge-ben-jor-e-gilberto-gil-ogum-xango\/","og_site_name":"Black Hole Discos","article_publisher":"https:\/\/www.instagram.com\/blackholediscos\/","article_modified_time":"2024-08-19T13:12:47+00:00","og_image":[{"width":2560,"height":2560,"url":"https:\/\/blackholediscos.com\/wp-content\/uploads\/2024\/06\/IMG_6613-scaled.jpeg","type":"image\/jpeg"}],"twitter_card":"summary_large_image","twitter_misc":{"Est. reading time":"1 minute"},"schema":{"@context":"https:\/\/schema.org","@graph":[{"@type":"WebPage","@id":"https:\/\/blackholediscos.com\/product\/jorge-ben-jor-e-gilberto-gil-ogum-xango\/","url":"https:\/\/blackholediscos.com\/product\/jorge-ben-jor-e-gilberto-gil-ogum-xango\/","name":"Jorge ben Jor e Gilberto Gil - Ogum Xang\u00f4 - Black Hole Discos","isPartOf":{"@id":"https:\/\/blackholediscos.com\/#website"},"primaryImageOfPage":{"@id":"https:\/\/blackholediscos.com\/product\/jorge-ben-jor-e-gilberto-gil-ogum-xango\/#primaryimage"},"image":{"@id":"https:\/\/blackholediscos.com\/product\/jorge-ben-jor-e-gilberto-gil-ogum-xango\/#primaryimage"},"thumbnailUrl":"https:\/\/blackholediscos.com\/wp-content\/uploads\/2024\/06\/IMG_6613-scaled.jpeg","datePublished":"2024-06-24T11:18:30+00:00","dateModified":"2024-08-19T13:12:47+00:00","breadcrumb":{"@id":"https:\/\/blackholediscos.com\/product\/jorge-ben-jor-e-gilberto-gil-ogum-xango\/#breadcrumb"},"inLanguage":"en-US","potentialAction":[{"@type":"ReadAction","target":["https:\/\/blackholediscos.com\/product\/jorge-ben-jor-e-gilberto-gil-ogum-xango\/"]}]},{"@type":"ImageObject","inLanguage":"en-US","@id":"https:\/\/blackholediscos.com\/product\/jorge-ben-jor-e-gilberto-gil-ogum-xango\/#primaryimage","url":"https:\/\/blackholediscos.com\/wp-content\/uploads\/2024\/06\/IMG_6613-scaled.jpeg","contentUrl":"https:\/\/blackholediscos.com\/wp-content\/uploads\/2024\/06\/IMG_6613-scaled.jpeg","width":2560,"height":2560},{"@type":"BreadcrumbList","@id":"https:\/\/blackholediscos.com\/product\/jorge-ben-jor-e-gilberto-gil-ogum-xango\/#breadcrumb","itemListElement":[{"@type":"ListItem","position":1,"name":"In\u00edcio","item":"https:\/\/blackholediscos.com\/"},{"@type":"ListItem","position":2,"name":"Shop","item":"https:\/\/blackholediscos.com\/shop\/"},{"@type":"ListItem","position":3,"name":"Jorge ben Jor e Gilberto Gil &#8211; Ogum Xang\u00f4"}]},{"@type":"WebSite","@id":"https:\/\/blackholediscos.com\/#website","url":"https:\/\/blackholediscos.com\/","name":"Black Hole Discos","description":"Brazilian music LPs","publisher":{"@id":"https:\/\/blackholediscos.com\/#organization"},"potentialAction":[{"@type":"SearchAction","target":{"@type":"EntryPoint","urlTemplate":"https:\/\/blackholediscos.com\/?s={search_term_string}"},"query-input":{"@type":"PropertyValueSpecification","valueRequired":true,"valueName":"search_term_string"}}],"inLanguage":"en-US"},{"@type":"Organization","@id":"https:\/\/blackholediscos.com\/#organization","name":"Black Hole Discos","url":"https:\/\/blackholediscos.com\/","logo":{"@type":"ImageObject","inLanguage":"en-US","@id":"https:\/\/blackholediscos.com\/#\/schema\/logo\/image\/","url":"https:\/\/blackholediscos.com\/wp-content\/uploads\/2024\/06\/black-hole-discos-vinis-logo.png","contentUrl":"https:\/\/blackholediscos.com\/wp-content\/uploads\/2024\/06\/black-hole-discos-vinis-logo.png","width":70,"height":66,"caption":"Black Hole Discos"},"image":{"@id":"https:\/\/blackholediscos.com\/#\/schema\/logo\/image\/"},"sameAs":["https:\/\/www.instagram.com\/blackholediscos\/"]}]}},"_links":{"self":[{"href":"https:\/\/blackholediscos.com\/en\/wp-json\/wp\/v2\/product\/2188","targetHints":{"allow":["GET"]}}],"collection":[{"href":"https:\/\/blackholediscos.com\/en\/wp-json\/wp\/v2\/product"}],"about":[{"href":"https:\/\/blackholediscos.com\/en\/wp-json\/wp\/v2\/types\/product"}],"replies":[{"embeddable":true,"href":"https:\/\/blackholediscos.com\/en\/wp-json\/wp\/v2\/comments?post=2188"}],"wp:featuredmedia":[{"embeddable":true,"href":"https:\/\/blackholediscos.com\/en\/wp-json\/wp\/v2\/media\/1976"}],"wp:attachment":[{"href":"https:\/\/blackholediscos.com\/en\/wp-json\/wp\/v2\/media?parent=2188"}],"wp:term":[{"taxonomy":"product_brand","embeddable":true,"href":"https:\/\/blackholediscos.com\/en\/wp-json\/wp\/v2\/product_brand?post=2188"},{"taxonomy":"product_cat","embeddable":true,"href":"https:\/\/blackholediscos.com\/en\/wp-json\/wp\/v2\/product_cat?post=2188"},{"taxonomy":"product_tag","embeddable":true,"href":"https:\/\/blackholediscos.com\/en\/wp-json\/wp\/v2\/product_tag?post=2188"},{"taxonomy":"artista","embeddable":true,"href":"https:\/\/blackholediscos.com\/en\/wp-json\/wp\/v2\/artista?post=2188"},{"taxonomy":"produtora","embeddable":true,"href":"https:\/\/blackholediscos.com\/en\/wp-json\/wp\/v2\/produtora?post=2188"},{"taxonomy":"ano","embeddable":true,"href":"https:\/\/blackholediscos.com\/en\/wp-json\/wp\/v2\/ano?post=2188"}],"curies":[{"name":"wp","href":"https:\/\/api.w.org\/{rel}","templated":true}]}}