{"id":2187,"date":"2024-06-24T11:26:41","date_gmt":"2024-06-24T11:26:41","guid":{"rendered":"https:\/\/blackholediscos.com\/?post_type=product&#038;p=2187"},"modified":"2024-06-30T00:13:53","modified_gmt":"2024-06-30T00:13:53","slug":"robertinho-silva-robertinho-silva","status":"publish","type":"product","link":"https:\/\/blackholediscos.com\/en\/product\/robertinho-silva-robertinho-silva\/","title":{"rendered":"Robertinho Silva \u200e\u2013 Robertinho Silva MPBC"},"content":{"rendered":"<p>LP original de \u00e9poca com capa e m\u00eddia em perfeitas condi\u00e7\u00f5es. Acompanha raro convite para o lan\u00e7amento do disco e autografo do Robertinho Silva.<\/p>\n<p> Philips \u2013 6328 299<\/p>\n<p>A1\t\tA Chamada<br \/>\nComposed By \u2013 Milton Nascimento<br \/>\n3:26<br \/>\nA2\t\tO V\u00e9io No Sol<br \/>\nComposed By \u2013 Egberto Gismonti<br \/>\n4:58<br \/>\nA3\t\tBalafon<br \/>\nComposed By \u2013 Gilberto Gil<br \/>\n3:34<br \/>\nA4\t\tSonata De Batera<br \/>\nComposed By \u2013 Nivaldo Ornelas<br \/>\n6:47<br \/>\nB1\t\tBi\u00f4nico<br \/>\nWritten-By \u2013 Jota*<br \/>\n5:24<br \/>\nB2\t\tCora\u00e7\u00e3o<br \/>\nComposed By \u2013 Wagner Tiso<br \/>\n4:46<br \/>\nB3\t\tFalange Dos Tambores<br \/>\nComposed By \u2013 Nelson \u00c2ngelo*, Robertinho Silva<br \/>\n2:46<br \/>\nB4\t\tS\u00e3o Jos\u00e9, 887 (Dedicada A Moacir Santos)<br \/>\nComposed By \u2013 Fil\u00f3, Robertinho Silva<\/p>","protected":false},"excerpt":{"rendered":"<p>LP original de \u00e9poca com capa e m\u00eddia em perfeitas condi\u00e7\u00f5es. Acompanha raro convite para o lan\u00e7amento do disco e autografo do Robertinho Silva. Philips \u2013 6328 299 A1 A Chamada Composed By \u2013 Milton Nascimento 3:26 A2 O V\u00e9io No Sol Composed By \u2013 Egberto Gismonti 4:58 A3 Balafon Composed By \u2013 Gilberto Gil [&hellip;]<\/p>\n","protected":false},"featured_media":1730,"comment_status":"open","ping_status":"closed","template":"","meta":{"_acf_changed":false},"product_brand":[],"product_cat":[131,530,39,525],"product_tag":[],"artista":[568],"produtora":[528],"ano":[154],"class_list":{"0":"post-2187","1":"product","2":"type-product","3":"status-publish","4":"has-post-thumbnail","6":"product_cat-afrobrasilidade","7":"product_cat-batucada","8":"product_cat-mpb","9":"product_cat-mpbc-musica-popular-brasileira-contemporanea","10":"artista-robertinho-silva","11":"produtora-mpbc","12":"ano-154","14":"first","15":"instock","16":"shipping-taxable","17":"purchasable","18":"product-type-simple"},"acf":[],"yoast_head":"<!-- This site is optimized with the Yoast SEO plugin v27.3 - https:\/\/yoast.com\/product\/yoast-seo-wordpress\/ -->\n<title>Robertinho Silva \u200e\u2013 Robertinho Silva MPBC - Black Hole Discos<\/title>\n<meta name=\"robots\" content=\"index, follow, max-snippet:-1, max-image-preview:large, max-video-preview:-1\" \/>\n<link rel=\"canonical\" href=\"https:\/\/blackholediscos.com\/en\/product\/robertinho-silva-robertinho-silva\/\" \/>\n<meta property=\"og:locale\" content=\"en_US\" \/>\n<meta property=\"og:type\" content=\"article\" \/>\n<meta property=\"og:title\" content=\"Robertinho Silva \u200e\u2013 Robertinho Silva MPBC - Black Hole Discos\" \/>\n<meta property=\"og:description\" content=\"LP original de \u00e9poca com capa e m\u00eddia em perfeitas condi\u00e7\u00f5es. Acompanha raro convite para o lan\u00e7amento do disco e autografo do Robertinho Silva. Philips \u2013 6328 299 A1 A Chamada Composed By \u2013 Milton Nascimento 3:26 A2 O V\u00e9io No Sol Composed By \u2013 Egberto Gismonti 4:58 A3 Balafon Composed By \u2013 Gilberto Gil [&hellip;]\" \/>\n<meta property=\"og:url\" content=\"https:\/\/blackholediscos.com\/en\/product\/robertinho-silva-robertinho-silva\/\" \/>\n<meta property=\"og:site_name\" content=\"Black Hole Discos\" \/>\n<meta property=\"article:publisher\" content=\"https:\/\/www.instagram.com\/blackholediscos\/\" \/>\n<meta property=\"article:modified_time\" content=\"2024-06-30T00:13:53+00:00\" \/>\n<meta property=\"og:image\" content=\"https:\/\/blackholediscos.com\/wp-content\/uploads\/2024\/06\/WhatsApp-Image-2024-06-23-at-17.03.12-scaled.jpeg\" \/>\n\t<meta property=\"og:image:width\" content=\"2560\" \/>\n\t<meta property=\"og:image:height\" content=\"2560\" \/>\n\t<meta property=\"og:image:type\" content=\"image\/jpeg\" \/>\n<meta name=\"twitter:card\" content=\"summary_large_image\" \/>\n<meta name=\"twitter:label1\" content=\"Est. reading time\" \/>\n\t<meta name=\"twitter:data1\" content=\"1 minute\" \/>\n<script type=\"application\/ld+json\" class=\"yoast-schema-graph\">{\"@context\":\"https:\\\/\\\/schema.org\",\"@graph\":[{\"@type\":\"WebPage\",\"@id\":\"https:\\\/\\\/blackholediscos.com\\\/product\\\/robertinho-silva-robertinho-silva\\\/\",\"url\":\"https:\\\/\\\/blackholediscos.com\\\/product\\\/robertinho-silva-robertinho-silva\\\/\",\"name\":\"Robertinho Silva \u200e\u2013 Robertinho Silva MPBC - Black Hole Discos\",\"isPartOf\":{\"@id\":\"https:\\\/\\\/blackholediscos.com\\\/#website\"},\"primaryImageOfPage\":{\"@id\":\"https:\\\/\\\/blackholediscos.com\\\/product\\\/robertinho-silva-robertinho-silva\\\/#primaryimage\"},\"image\":{\"@id\":\"https:\\\/\\\/blackholediscos.com\\\/product\\\/robertinho-silva-robertinho-silva\\\/#primaryimage\"},\"thumbnailUrl\":\"https:\\\/\\\/blackholediscos.com\\\/wp-content\\\/uploads\\\/2024\\\/06\\\/WhatsApp-Image-2024-06-23-at-17.03.12-scaled.jpeg\",\"datePublished\":\"2024-06-24T11:26:41+00:00\",\"dateModified\":\"2024-06-30T00:13:53+00:00\",\"breadcrumb\":{\"@id\":\"https:\\\/\\\/blackholediscos.com\\\/product\\\/robertinho-silva-robertinho-silva\\\/#breadcrumb\"},\"inLanguage\":\"en-US\",\"potentialAction\":[{\"@type\":\"ReadAction\",\"target\":[\"https:\\\/\\\/blackholediscos.com\\\/product\\\/robertinho-silva-robertinho-silva\\\/\"]}]},{\"@type\":\"ImageObject\",\"inLanguage\":\"en-US\",\"@id\":\"https:\\\/\\\/blackholediscos.com\\\/product\\\/robertinho-silva-robertinho-silva\\\/#primaryimage\",\"url\":\"https:\\\/\\\/blackholediscos.com\\\/wp-content\\\/uploads\\\/2024\\\/06\\\/WhatsApp-Image-2024-06-23-at-17.03.12-scaled.jpeg\",\"contentUrl\":\"https:\\\/\\\/blackholediscos.com\\\/wp-content\\\/uploads\\\/2024\\\/06\\\/WhatsApp-Image-2024-06-23-at-17.03.12-scaled.jpeg\",\"width\":2560,\"height\":2560},{\"@type\":\"BreadcrumbList\",\"@id\":\"https:\\\/\\\/blackholediscos.com\\\/product\\\/robertinho-silva-robertinho-silva\\\/#breadcrumb\",\"itemListElement\":[{\"@type\":\"ListItem\",\"position\":1,\"name\":\"In\u00edcio\",\"item\":\"https:\\\/\\\/blackholediscos.com\\\/\"},{\"@type\":\"ListItem\",\"position\":2,\"name\":\"Shop\",\"item\":\"https:\\\/\\\/blackholediscos.com\\\/shop\\\/\"},{\"@type\":\"ListItem\",\"position\":3,\"name\":\"Robertinho Silva \u200e\u2013 Robertinho Silva MPBC\"}]},{\"@type\":\"WebSite\",\"@id\":\"https:\\\/\\\/blackholediscos.com\\\/#website\",\"url\":\"https:\\\/\\\/blackholediscos.com\\\/\",\"name\":\"Black Hole Discos\",\"description\":\"Brazilian music LPs\",\"publisher\":{\"@id\":\"https:\\\/\\\/blackholediscos.com\\\/#organization\"},\"potentialAction\":[{\"@type\":\"SearchAction\",\"target\":{\"@type\":\"EntryPoint\",\"urlTemplate\":\"https:\\\/\\\/blackholediscos.com\\\/?s={search_term_string}\"},\"query-input\":{\"@type\":\"PropertyValueSpecification\",\"valueRequired\":true,\"valueName\":\"search_term_string\"}}],\"inLanguage\":\"en-US\"},{\"@type\":\"Organization\",\"@id\":\"https:\\\/\\\/blackholediscos.com\\\/#organization\",\"name\":\"Black Hole Discos\",\"url\":\"https:\\\/\\\/blackholediscos.com\\\/\",\"logo\":{\"@type\":\"ImageObject\",\"inLanguage\":\"en-US\",\"@id\":\"https:\\\/\\\/blackholediscos.com\\\/#\\\/schema\\\/logo\\\/image\\\/\",\"url\":\"https:\\\/\\\/blackholediscos.com\\\/wp-content\\\/uploads\\\/2024\\\/06\\\/black-hole-discos-vinis-logo.png\",\"contentUrl\":\"https:\\\/\\\/blackholediscos.com\\\/wp-content\\\/uploads\\\/2024\\\/06\\\/black-hole-discos-vinis-logo.png\",\"width\":70,\"height\":66,\"caption\":\"Black Hole Discos\"},\"image\":{\"@id\":\"https:\\\/\\\/blackholediscos.com\\\/#\\\/schema\\\/logo\\\/image\\\/\"},\"sameAs\":[\"https:\\\/\\\/www.instagram.com\\\/blackholediscos\\\/\"]}]}<\/script>\n<!-- \/ Yoast SEO plugin. -->","yoast_head_json":{"title":"Robertinho Silva \u200e\u2013 Robertinho Silva MPBC - Black Hole Discos","robots":{"index":"index","follow":"follow","max-snippet":"max-snippet:-1","max-image-preview":"max-image-preview:large","max-video-preview":"max-video-preview:-1"},"canonical":"https:\/\/blackholediscos.com\/en\/product\/robertinho-silva-robertinho-silva\/","og_locale":"en_US","og_type":"article","og_title":"Robertinho Silva \u200e\u2013 Robertinho Silva MPBC - Black Hole Discos","og_description":"LP original de \u00e9poca com capa e m\u00eddia em perfeitas condi\u00e7\u00f5es. Acompanha raro convite para o lan\u00e7amento do disco e autografo do Robertinho Silva. Philips \u2013 6328 299 A1 A Chamada Composed By \u2013 Milton Nascimento 3:26 A2 O V\u00e9io No Sol Composed By \u2013 Egberto Gismonti 4:58 A3 Balafon Composed By \u2013 Gilberto Gil [&hellip;]","og_url":"https:\/\/blackholediscos.com\/en\/product\/robertinho-silva-robertinho-silva\/","og_site_name":"Black Hole Discos","article_publisher":"https:\/\/www.instagram.com\/blackholediscos\/","article_modified_time":"2024-06-30T00:13:53+00:00","og_image":[{"width":2560,"height":2560,"url":"https:\/\/blackholediscos.com\/wp-content\/uploads\/2024\/06\/WhatsApp-Image-2024-06-23-at-17.03.12-scaled.jpeg","type":"image\/jpeg"}],"twitter_card":"summary_large_image","twitter_misc":{"Est. reading time":"1 minute"},"schema":{"@context":"https:\/\/schema.org","@graph":[{"@type":"WebPage","@id":"https:\/\/blackholediscos.com\/product\/robertinho-silva-robertinho-silva\/","url":"https:\/\/blackholediscos.com\/product\/robertinho-silva-robertinho-silva\/","name":"Robertinho Silva \u200e\u2013 Robertinho Silva MPBC - Black Hole Discos","isPartOf":{"@id":"https:\/\/blackholediscos.com\/#website"},"primaryImageOfPage":{"@id":"https:\/\/blackholediscos.com\/product\/robertinho-silva-robertinho-silva\/#primaryimage"},"image":{"@id":"https:\/\/blackholediscos.com\/product\/robertinho-silva-robertinho-silva\/#primaryimage"},"thumbnailUrl":"https:\/\/blackholediscos.com\/wp-content\/uploads\/2024\/06\/WhatsApp-Image-2024-06-23-at-17.03.12-scaled.jpeg","datePublished":"2024-06-24T11:26:41+00:00","dateModified":"2024-06-30T00:13:53+00:00","breadcrumb":{"@id":"https:\/\/blackholediscos.com\/product\/robertinho-silva-robertinho-silva\/#breadcrumb"},"inLanguage":"en-US","potentialAction":[{"@type":"ReadAction","target":["https:\/\/blackholediscos.com\/product\/robertinho-silva-robertinho-silva\/"]}]},{"@type":"ImageObject","inLanguage":"en-US","@id":"https:\/\/blackholediscos.com\/product\/robertinho-silva-robertinho-silva\/#primaryimage","url":"https:\/\/blackholediscos.com\/wp-content\/uploads\/2024\/06\/WhatsApp-Image-2024-06-23-at-17.03.12-scaled.jpeg","contentUrl":"https:\/\/blackholediscos.com\/wp-content\/uploads\/2024\/06\/WhatsApp-Image-2024-06-23-at-17.03.12-scaled.jpeg","width":2560,"height":2560},{"@type":"BreadcrumbList","@id":"https:\/\/blackholediscos.com\/product\/robertinho-silva-robertinho-silva\/#breadcrumb","itemListElement":[{"@type":"ListItem","position":1,"name":"In\u00edcio","item":"https:\/\/blackholediscos.com\/"},{"@type":"ListItem","position":2,"name":"Shop","item":"https:\/\/blackholediscos.com\/shop\/"},{"@type":"ListItem","position":3,"name":"Robertinho Silva \u200e\u2013 Robertinho Silva MPBC"}]},{"@type":"WebSite","@id":"https:\/\/blackholediscos.com\/#website","url":"https:\/\/blackholediscos.com\/","name":"Black Hole Discos","description":"Brazilian music LPs","publisher":{"@id":"https:\/\/blackholediscos.com\/#organization"},"potentialAction":[{"@type":"SearchAction","target":{"@type":"EntryPoint","urlTemplate":"https:\/\/blackholediscos.com\/?s={search_term_string}"},"query-input":{"@type":"PropertyValueSpecification","valueRequired":true,"valueName":"search_term_string"}}],"inLanguage":"en-US"},{"@type":"Organization","@id":"https:\/\/blackholediscos.com\/#organization","name":"Black Hole Discos","url":"https:\/\/blackholediscos.com\/","logo":{"@type":"ImageObject","inLanguage":"en-US","@id":"https:\/\/blackholediscos.com\/#\/schema\/logo\/image\/","url":"https:\/\/blackholediscos.com\/wp-content\/uploads\/2024\/06\/black-hole-discos-vinis-logo.png","contentUrl":"https:\/\/blackholediscos.com\/wp-content\/uploads\/2024\/06\/black-hole-discos-vinis-logo.png","width":70,"height":66,"caption":"Black Hole Discos"},"image":{"@id":"https:\/\/blackholediscos.com\/#\/schema\/logo\/image\/"},"sameAs":["https:\/\/www.instagram.com\/blackholediscos\/"]}]}},"_links":{"self":[{"href":"https:\/\/blackholediscos.com\/en\/wp-json\/wp\/v2\/product\/2187","targetHints":{"allow":["GET"]}}],"collection":[{"href":"https:\/\/blackholediscos.com\/en\/wp-json\/wp\/v2\/product"}],"about":[{"href":"https:\/\/blackholediscos.com\/en\/wp-json\/wp\/v2\/types\/product"}],"replies":[{"embeddable":true,"href":"https:\/\/blackholediscos.com\/en\/wp-json\/wp\/v2\/comments?post=2187"}],"wp:featuredmedia":[{"embeddable":true,"href":"https:\/\/blackholediscos.com\/en\/wp-json\/wp\/v2\/media\/1730"}],"wp:attachment":[{"href":"https:\/\/blackholediscos.com\/en\/wp-json\/wp\/v2\/media?parent=2187"}],"wp:term":[{"taxonomy":"product_brand","embeddable":true,"href":"https:\/\/blackholediscos.com\/en\/wp-json\/wp\/v2\/product_brand?post=2187"},{"taxonomy":"product_cat","embeddable":true,"href":"https:\/\/blackholediscos.com\/en\/wp-json\/wp\/v2\/product_cat?post=2187"},{"taxonomy":"product_tag","embeddable":true,"href":"https:\/\/blackholediscos.com\/en\/wp-json\/wp\/v2\/product_tag?post=2187"},{"taxonomy":"artista","embeddable":true,"href":"https:\/\/blackholediscos.com\/en\/wp-json\/wp\/v2\/artista?post=2187"},{"taxonomy":"produtora","embeddable":true,"href":"https:\/\/blackholediscos.com\/en\/wp-json\/wp\/v2\/produtora?post=2187"},{"taxonomy":"ano","embeddable":true,"href":"https:\/\/blackholediscos.com\/en\/wp-json\/wp\/v2\/ano?post=2187"}],"curies":[{"name":"wp","href":"https:\/\/api.w.org\/{rel}","templated":true}]}}