{"id":2183,"date":"2024-06-24T11:09:23","date_gmt":"2024-06-24T11:09:23","guid":{"rendered":"https:\/\/blackholediscos.com\/?post_type=product&#038;p=2183"},"modified":"2024-06-30T16:21:37","modified_gmt":"2024-06-30T16:21:37","slug":"anamaria-e-mauricio-no-no-no-estamos-na-nossa","status":"publish","type":"product","link":"https:\/\/blackholediscos.com\/en\/product\/anamaria-e-mauricio-no-no-no-estamos-na-nossa\/","title":{"rendered":"AnaMaria e Maur\u00edcio &#8211; No No No \u2026 Estamos na nossa"},"content":{"rendered":"<p>Lp vinil primeira prensagem em<br \/>\nPerfeito estado de conserva\u00e7\u00e3o <\/p>\n<p>Label:<br \/>\nChantecler \u2013 MAP\/S-3712, MCA Records \u2013 3712<\/p>\n<p>A1 Freio Aerodin\u00e2mico\t2:07<br \/>\nA2 L\u00ea L\u00ea L\u00ea\t2:06<br \/>\nA3 Marina, Eu Vou\t2:36<br \/>\nA4 Escrito Na Parede Da Varanda\t3:17<br \/>\nA5 No, No, No, Estamos Na Nossa\t3:38<br \/>\nA6 Madalena\t2:24<\/p>\n<p>B1 Quem Vem De L\u00e1\t2:27<br \/>\nB2 Pelo Teletipo\t2:16<br \/>\nB3 Am\u00e9m, Am\u00e9rica\t2:42<br \/>\nB4 Ele E Ela\t2:27<br \/>\nB5 Minie\t4:38<br \/>\nB6 Fotograma &#8220;Click&#8221;<\/p>","protected":false},"excerpt":{"rendered":"<p>Lp vinil primeira prensagem em Perfeito estado de conserva\u00e7\u00e3o Label: Chantecler \u2013 MAP\/S-3712, MCA Records \u2013 3712 A1 Freio Aerodin\u00e2mico 2:07 A2 L\u00ea L\u00ea L\u00ea 2:06 A3 Marina, Eu Vou 2:36 A4 Escrito Na Parede Da Varanda 3:17 A5 No, No, No, Estamos Na Nossa 3:38 A6 Madalena 2:24 B1 Quem Vem De L\u00e1 2:27 [&hellip;]<\/p>\n","protected":false},"featured_media":1968,"comment_status":"open","ping_status":"closed","template":"","meta":{"_acf_changed":false},"product_brand":[],"product_cat":[34,39],"product_tag":[],"artista":[561,562],"produtora":[108,563],"ano":[69],"class_list":{"0":"post-2183","1":"product","2":"type-product","3":"status-publish","4":"has-post-thumbnail","6":"product_cat-funk","7":"product_cat-mpb","8":"artista-ana-maria","9":"artista-mauricio","10":"produtora-chantecler","11":"produtora-mca-records","12":"ano-69","14":"first","15":"instock","16":"shipping-taxable","17":"purchasable","18":"product-type-simple"},"acf":[],"yoast_head":"<!-- This site is optimized with the Yoast SEO plugin v27.3 - https:\/\/yoast.com\/product\/yoast-seo-wordpress\/ -->\n<title>AnaMaria e Maur\u00edcio - No No No \u2026 Estamos na nossa - Black Hole Discos<\/title>\n<meta name=\"robots\" content=\"index, follow, max-snippet:-1, max-image-preview:large, max-video-preview:-1\" \/>\n<link rel=\"canonical\" href=\"https:\/\/blackholediscos.com\/en\/product\/anamaria-e-mauricio-no-no-no-estamos-na-nossa\/\" \/>\n<meta property=\"og:locale\" content=\"en_US\" \/>\n<meta property=\"og:type\" content=\"article\" \/>\n<meta property=\"og:title\" content=\"AnaMaria e Maur\u00edcio - No No No \u2026 Estamos na nossa - Black Hole Discos\" \/>\n<meta property=\"og:description\" content=\"Lp vinil primeira prensagem em Perfeito estado de conserva\u00e7\u00e3o Label: Chantecler \u2013 MAP\/S-3712, MCA Records \u2013 3712 A1 Freio Aerodin\u00e2mico 2:07 A2 L\u00ea L\u00ea L\u00ea 2:06 A3 Marina, Eu Vou 2:36 A4 Escrito Na Parede Da Varanda 3:17 A5 No, No, No, Estamos Na Nossa 3:38 A6 Madalena 2:24 B1 Quem Vem De L\u00e1 2:27 [&hellip;]\" \/>\n<meta property=\"og:url\" content=\"https:\/\/blackholediscos.com\/en\/product\/anamaria-e-mauricio-no-no-no-estamos-na-nossa\/\" \/>\n<meta property=\"og:site_name\" content=\"Black Hole Discos\" \/>\n<meta property=\"article:publisher\" content=\"https:\/\/www.instagram.com\/blackholediscos\/\" \/>\n<meta property=\"article:modified_time\" content=\"2024-06-30T16:21:37+00:00\" \/>\n<meta property=\"og:image\" content=\"https:\/\/blackholediscos.com\/wp-content\/uploads\/2024\/06\/IMG_6605-scaled.jpeg\" \/>\n\t<meta property=\"og:image:width\" content=\"2560\" \/>\n\t<meta property=\"og:image:height\" content=\"2560\" \/>\n\t<meta property=\"og:image:type\" content=\"image\/jpeg\" \/>\n<meta name=\"twitter:card\" content=\"summary_large_image\" \/>\n<meta name=\"twitter:label1\" content=\"Est. reading time\" \/>\n\t<meta name=\"twitter:data1\" content=\"1 minute\" \/>\n<script type=\"application\/ld+json\" class=\"yoast-schema-graph\">{\"@context\":\"https:\\\/\\\/schema.org\",\"@graph\":[{\"@type\":\"WebPage\",\"@id\":\"https:\\\/\\\/blackholediscos.com\\\/product\\\/anamaria-e-mauricio-no-no-no-estamos-na-nossa\\\/\",\"url\":\"https:\\\/\\\/blackholediscos.com\\\/product\\\/anamaria-e-mauricio-no-no-no-estamos-na-nossa\\\/\",\"name\":\"AnaMaria e Maur\u00edcio - No No No \u2026 Estamos na nossa - Black Hole Discos\",\"isPartOf\":{\"@id\":\"https:\\\/\\\/blackholediscos.com\\\/#website\"},\"primaryImageOfPage\":{\"@id\":\"https:\\\/\\\/blackholediscos.com\\\/product\\\/anamaria-e-mauricio-no-no-no-estamos-na-nossa\\\/#primaryimage\"},\"image\":{\"@id\":\"https:\\\/\\\/blackholediscos.com\\\/product\\\/anamaria-e-mauricio-no-no-no-estamos-na-nossa\\\/#primaryimage\"},\"thumbnailUrl\":\"https:\\\/\\\/blackholediscos.com\\\/wp-content\\\/uploads\\\/2024\\\/06\\\/IMG_6605-scaled.jpeg\",\"datePublished\":\"2024-06-24T11:09:23+00:00\",\"dateModified\":\"2024-06-30T16:21:37+00:00\",\"breadcrumb\":{\"@id\":\"https:\\\/\\\/blackholediscos.com\\\/product\\\/anamaria-e-mauricio-no-no-no-estamos-na-nossa\\\/#breadcrumb\"},\"inLanguage\":\"en-US\",\"potentialAction\":[{\"@type\":\"ReadAction\",\"target\":[\"https:\\\/\\\/blackholediscos.com\\\/product\\\/anamaria-e-mauricio-no-no-no-estamos-na-nossa\\\/\"]}]},{\"@type\":\"ImageObject\",\"inLanguage\":\"en-US\",\"@id\":\"https:\\\/\\\/blackholediscos.com\\\/product\\\/anamaria-e-mauricio-no-no-no-estamos-na-nossa\\\/#primaryimage\",\"url\":\"https:\\\/\\\/blackholediscos.com\\\/wp-content\\\/uploads\\\/2024\\\/06\\\/IMG_6605-scaled.jpeg\",\"contentUrl\":\"https:\\\/\\\/blackholediscos.com\\\/wp-content\\\/uploads\\\/2024\\\/06\\\/IMG_6605-scaled.jpeg\",\"width\":2560,\"height\":2560},{\"@type\":\"BreadcrumbList\",\"@id\":\"https:\\\/\\\/blackholediscos.com\\\/product\\\/anamaria-e-mauricio-no-no-no-estamos-na-nossa\\\/#breadcrumb\",\"itemListElement\":[{\"@type\":\"ListItem\",\"position\":1,\"name\":\"In\u00edcio\",\"item\":\"https:\\\/\\\/blackholediscos.com\\\/\"},{\"@type\":\"ListItem\",\"position\":2,\"name\":\"Shop\",\"item\":\"https:\\\/\\\/blackholediscos.com\\\/shop\\\/\"},{\"@type\":\"ListItem\",\"position\":3,\"name\":\"AnaMaria e Maur\u00edcio &#8211; No No No \u2026 Estamos na nossa\"}]},{\"@type\":\"WebSite\",\"@id\":\"https:\\\/\\\/blackholediscos.com\\\/#website\",\"url\":\"https:\\\/\\\/blackholediscos.com\\\/\",\"name\":\"Black Hole Discos\",\"description\":\"Brazilian music LPs\",\"publisher\":{\"@id\":\"https:\\\/\\\/blackholediscos.com\\\/#organization\"},\"potentialAction\":[{\"@type\":\"SearchAction\",\"target\":{\"@type\":\"EntryPoint\",\"urlTemplate\":\"https:\\\/\\\/blackholediscos.com\\\/?s={search_term_string}\"},\"query-input\":{\"@type\":\"PropertyValueSpecification\",\"valueRequired\":true,\"valueName\":\"search_term_string\"}}],\"inLanguage\":\"en-US\"},{\"@type\":\"Organization\",\"@id\":\"https:\\\/\\\/blackholediscos.com\\\/#organization\",\"name\":\"Black Hole Discos\",\"url\":\"https:\\\/\\\/blackholediscos.com\\\/\",\"logo\":{\"@type\":\"ImageObject\",\"inLanguage\":\"en-US\",\"@id\":\"https:\\\/\\\/blackholediscos.com\\\/#\\\/schema\\\/logo\\\/image\\\/\",\"url\":\"https:\\\/\\\/blackholediscos.com\\\/wp-content\\\/uploads\\\/2024\\\/06\\\/black-hole-discos-vinis-logo.png\",\"contentUrl\":\"https:\\\/\\\/blackholediscos.com\\\/wp-content\\\/uploads\\\/2024\\\/06\\\/black-hole-discos-vinis-logo.png\",\"width\":70,\"height\":66,\"caption\":\"Black Hole Discos\"},\"image\":{\"@id\":\"https:\\\/\\\/blackholediscos.com\\\/#\\\/schema\\\/logo\\\/image\\\/\"},\"sameAs\":[\"https:\\\/\\\/www.instagram.com\\\/blackholediscos\\\/\"]}]}<\/script>\n<!-- \/ Yoast SEO plugin. -->","yoast_head_json":{"title":"AnaMaria e Maur\u00edcio - No No No \u2026 Estamos na nossa - Black Hole Discos","robots":{"index":"index","follow":"follow","max-snippet":"max-snippet:-1","max-image-preview":"max-image-preview:large","max-video-preview":"max-video-preview:-1"},"canonical":"https:\/\/blackholediscos.com\/en\/product\/anamaria-e-mauricio-no-no-no-estamos-na-nossa\/","og_locale":"en_US","og_type":"article","og_title":"AnaMaria e Maur\u00edcio - No No No \u2026 Estamos na nossa - Black Hole Discos","og_description":"Lp vinil primeira prensagem em Perfeito estado de conserva\u00e7\u00e3o Label: Chantecler \u2013 MAP\/S-3712, MCA Records \u2013 3712 A1 Freio Aerodin\u00e2mico 2:07 A2 L\u00ea L\u00ea L\u00ea 2:06 A3 Marina, Eu Vou 2:36 A4 Escrito Na Parede Da Varanda 3:17 A5 No, No, No, Estamos Na Nossa 3:38 A6 Madalena 2:24 B1 Quem Vem De L\u00e1 2:27 [&hellip;]","og_url":"https:\/\/blackholediscos.com\/en\/product\/anamaria-e-mauricio-no-no-no-estamos-na-nossa\/","og_site_name":"Black Hole Discos","article_publisher":"https:\/\/www.instagram.com\/blackholediscos\/","article_modified_time":"2024-06-30T16:21:37+00:00","og_image":[{"width":2560,"height":2560,"url":"https:\/\/blackholediscos.com\/wp-content\/uploads\/2024\/06\/IMG_6605-scaled.jpeg","type":"image\/jpeg"}],"twitter_card":"summary_large_image","twitter_misc":{"Est. reading time":"1 minute"},"schema":{"@context":"https:\/\/schema.org","@graph":[{"@type":"WebPage","@id":"https:\/\/blackholediscos.com\/product\/anamaria-e-mauricio-no-no-no-estamos-na-nossa\/","url":"https:\/\/blackholediscos.com\/product\/anamaria-e-mauricio-no-no-no-estamos-na-nossa\/","name":"AnaMaria e Maur\u00edcio - No No No \u2026 Estamos na nossa - Black Hole Discos","isPartOf":{"@id":"https:\/\/blackholediscos.com\/#website"},"primaryImageOfPage":{"@id":"https:\/\/blackholediscos.com\/product\/anamaria-e-mauricio-no-no-no-estamos-na-nossa\/#primaryimage"},"image":{"@id":"https:\/\/blackholediscos.com\/product\/anamaria-e-mauricio-no-no-no-estamos-na-nossa\/#primaryimage"},"thumbnailUrl":"https:\/\/blackholediscos.com\/wp-content\/uploads\/2024\/06\/IMG_6605-scaled.jpeg","datePublished":"2024-06-24T11:09:23+00:00","dateModified":"2024-06-30T16:21:37+00:00","breadcrumb":{"@id":"https:\/\/blackholediscos.com\/product\/anamaria-e-mauricio-no-no-no-estamos-na-nossa\/#breadcrumb"},"inLanguage":"en-US","potentialAction":[{"@type":"ReadAction","target":["https:\/\/blackholediscos.com\/product\/anamaria-e-mauricio-no-no-no-estamos-na-nossa\/"]}]},{"@type":"ImageObject","inLanguage":"en-US","@id":"https:\/\/blackholediscos.com\/product\/anamaria-e-mauricio-no-no-no-estamos-na-nossa\/#primaryimage","url":"https:\/\/blackholediscos.com\/wp-content\/uploads\/2024\/06\/IMG_6605-scaled.jpeg","contentUrl":"https:\/\/blackholediscos.com\/wp-content\/uploads\/2024\/06\/IMG_6605-scaled.jpeg","width":2560,"height":2560},{"@type":"BreadcrumbList","@id":"https:\/\/blackholediscos.com\/product\/anamaria-e-mauricio-no-no-no-estamos-na-nossa\/#breadcrumb","itemListElement":[{"@type":"ListItem","position":1,"name":"In\u00edcio","item":"https:\/\/blackholediscos.com\/"},{"@type":"ListItem","position":2,"name":"Shop","item":"https:\/\/blackholediscos.com\/shop\/"},{"@type":"ListItem","position":3,"name":"AnaMaria e Maur\u00edcio &#8211; No No No \u2026 Estamos na nossa"}]},{"@type":"WebSite","@id":"https:\/\/blackholediscos.com\/#website","url":"https:\/\/blackholediscos.com\/","name":"Black Hole Discos","description":"Brazilian music LPs","publisher":{"@id":"https:\/\/blackholediscos.com\/#organization"},"potentialAction":[{"@type":"SearchAction","target":{"@type":"EntryPoint","urlTemplate":"https:\/\/blackholediscos.com\/?s={search_term_string}"},"query-input":{"@type":"PropertyValueSpecification","valueRequired":true,"valueName":"search_term_string"}}],"inLanguage":"en-US"},{"@type":"Organization","@id":"https:\/\/blackholediscos.com\/#organization","name":"Black Hole Discos","url":"https:\/\/blackholediscos.com\/","logo":{"@type":"ImageObject","inLanguage":"en-US","@id":"https:\/\/blackholediscos.com\/#\/schema\/logo\/image\/","url":"https:\/\/blackholediscos.com\/wp-content\/uploads\/2024\/06\/black-hole-discos-vinis-logo.png","contentUrl":"https:\/\/blackholediscos.com\/wp-content\/uploads\/2024\/06\/black-hole-discos-vinis-logo.png","width":70,"height":66,"caption":"Black Hole Discos"},"image":{"@id":"https:\/\/blackholediscos.com\/#\/schema\/logo\/image\/"},"sameAs":["https:\/\/www.instagram.com\/blackholediscos\/"]}]}},"_links":{"self":[{"href":"https:\/\/blackholediscos.com\/en\/wp-json\/wp\/v2\/product\/2183","targetHints":{"allow":["GET"]}}],"collection":[{"href":"https:\/\/blackholediscos.com\/en\/wp-json\/wp\/v2\/product"}],"about":[{"href":"https:\/\/blackholediscos.com\/en\/wp-json\/wp\/v2\/types\/product"}],"replies":[{"embeddable":true,"href":"https:\/\/blackholediscos.com\/en\/wp-json\/wp\/v2\/comments?post=2183"}],"wp:featuredmedia":[{"embeddable":true,"href":"https:\/\/blackholediscos.com\/en\/wp-json\/wp\/v2\/media\/1968"}],"wp:attachment":[{"href":"https:\/\/blackholediscos.com\/en\/wp-json\/wp\/v2\/media?parent=2183"}],"wp:term":[{"taxonomy":"product_brand","embeddable":true,"href":"https:\/\/blackholediscos.com\/en\/wp-json\/wp\/v2\/product_brand?post=2183"},{"taxonomy":"product_cat","embeddable":true,"href":"https:\/\/blackholediscos.com\/en\/wp-json\/wp\/v2\/product_cat?post=2183"},{"taxonomy":"product_tag","embeddable":true,"href":"https:\/\/blackholediscos.com\/en\/wp-json\/wp\/v2\/product_tag?post=2183"},{"taxonomy":"artista","embeddable":true,"href":"https:\/\/blackholediscos.com\/en\/wp-json\/wp\/v2\/artista?post=2183"},{"taxonomy":"produtora","embeddable":true,"href":"https:\/\/blackholediscos.com\/en\/wp-json\/wp\/v2\/produtora?post=2183"},{"taxonomy":"ano","embeddable":true,"href":"https:\/\/blackholediscos.com\/en\/wp-json\/wp\/v2\/ano?post=2183"}],"curies":[{"name":"wp","href":"https:\/\/api.w.org\/{rel}","templated":true}]}}