{"id":2181,"date":"2024-06-24T11:08:22","date_gmt":"2024-06-24T11:08:22","guid":{"rendered":"https:\/\/blackholediscos.com\/?post_type=product&#038;p=2181"},"modified":"2024-06-30T16:30:12","modified_gmt":"2024-06-30T16:30:12","slug":"sebastiao-tapajos-o-violao-e-tapajos","status":"publish","type":"product","link":"https:\/\/blackholediscos.com\/en\/product\/sebastiao-tapajos-o-violao-e-tapajos\/","title":{"rendered":"Sebasti\u00e3o Tapaj\u00f3s \u2013 O Viol\u00e3o \u00c9&#8230; Tapaj\u00f3s"},"content":{"rendered":"<p>LP original de \u00e9poca com capa e m\u00eddia em perfeitas condi\u00e7\u00f5es. <\/p>\n<p>Forma (2) \u2013 FEL 10.000<\/p>\n<p>A1 Doubl\u00e9\t2:34<br \/>\nA2 Can\u00e7\u00e3o do fogo-f\u00e1tuo\t2:20<br \/>\nA3 Cad\u00eancia\t3:36<br \/>\nA4 La Cathedral\t2:47<br \/>\nA5 Cantiga\t1:57<br \/>\nA6 \t3:25<\/p>\n<p>B1\t\tVento Vadio\t2:25<br \/>\nB2\t\tCarimb\u00f3\t2:10<br \/>\nB3\t\tCrep\u00fasculo\t1:39<br \/>\nB4\t\tValsa De Um Sonho\t3:40<br \/>\nB5\t\tMarambir\u00e9\t1:55<br \/>\nB6\t\tBenzinho\t1:34<br \/>\nB7\t\tAve-Maria<\/p>","protected":false},"excerpt":{"rendered":"<p>LP original de \u00e9poca com capa e m\u00eddia em perfeitas condi\u00e7\u00f5es. Forma (2) \u2013 FEL 10.000 A1 Doubl\u00e9 2:34 A2 Can\u00e7\u00e3o do fogo-f\u00e1tuo 2:20 A3 Cad\u00eancia 3:36 A4 La Cathedral 2:47 A5 Cantiga 1:57 A6 3:25 B1 Vento Vadio 2:25 B2 Carimb\u00f3 2:10 B3 Crep\u00fasculo 1:39 B4 Valsa De Um Sonho 3:40 B5 Marambir\u00e9 1:55 [&hellip;]<\/p>\n","protected":false},"featured_media":1738,"comment_status":"open","ping_status":"closed","template":"","meta":{"_acf_changed":false},"product_brand":[],"product_cat":[39,24],"product_tag":[],"artista":[555],"produtora":[68],"ano":[109],"class_list":{"0":"post-2181","1":"product","2":"type-product","3":"status-publish","4":"has-post-thumbnail","6":"product_cat-mpb","7":"product_cat-samba","8":"artista-sebastiao-tapajos","9":"produtora-forma","10":"ano-109","12":"first","13":"instock","14":"shipping-taxable","15":"purchasable","16":"product-type-simple"},"acf":[],"yoast_head":"<!-- This site is optimized with the Yoast SEO plugin v27.4 - https:\/\/yoast.com\/product\/yoast-seo-wordpress\/ -->\n<title>Sebasti\u00e3o Tapaj\u00f3s \u2013 O Viol\u00e3o \u00c9... Tapaj\u00f3s - Black Hole Discos<\/title>\n<meta name=\"robots\" content=\"index, follow, max-snippet:-1, max-image-preview:large, max-video-preview:-1\" \/>\n<link rel=\"canonical\" href=\"https:\/\/blackholediscos.com\/en\/product\/sebastiao-tapajos-o-violao-e-tapajos\/\" \/>\n<meta property=\"og:locale\" content=\"en_US\" \/>\n<meta property=\"og:type\" content=\"article\" \/>\n<meta property=\"og:title\" content=\"Sebasti\u00e3o Tapaj\u00f3s \u2013 O Viol\u00e3o \u00c9... Tapaj\u00f3s - Black Hole Discos\" \/>\n<meta property=\"og:description\" content=\"LP original de \u00e9poca com capa e m\u00eddia em perfeitas condi\u00e7\u00f5es. Forma (2) \u2013 FEL 10.000 A1 Doubl\u00e9 2:34 A2 Can\u00e7\u00e3o do fogo-f\u00e1tuo 2:20 A3 Cad\u00eancia 3:36 A4 La Cathedral 2:47 A5 Cantiga 1:57 A6 3:25 B1 Vento Vadio 2:25 B2 Carimb\u00f3 2:10 B3 Crep\u00fasculo 1:39 B4 Valsa De Um Sonho 3:40 B5 Marambir\u00e9 1:55 [&hellip;]\" \/>\n<meta property=\"og:url\" content=\"https:\/\/blackholediscos.com\/en\/product\/sebastiao-tapajos-o-violao-e-tapajos\/\" \/>\n<meta property=\"og:site_name\" content=\"Black Hole Discos\" \/>\n<meta property=\"article:publisher\" content=\"https:\/\/www.instagram.com\/blackholediscos\/\" \/>\n<meta property=\"article:modified_time\" content=\"2024-06-30T16:30:12+00:00\" \/>\n<meta property=\"og:image\" content=\"https:\/\/blackholediscos.com\/wp-content\/uploads\/2024\/06\/WhatsApp-Image-2024-06-23-at-17.11.17-scaled.jpeg\" \/>\n\t<meta property=\"og:image:width\" content=\"2560\" \/>\n\t<meta property=\"og:image:height\" content=\"2560\" \/>\n\t<meta property=\"og:image:type\" content=\"image\/jpeg\" \/>\n<meta name=\"twitter:card\" content=\"summary_large_image\" \/>\n<meta name=\"twitter:label1\" content=\"Est. reading time\" \/>\n\t<meta name=\"twitter:data1\" content=\"1 minute\" \/>\n<script type=\"application\/ld+json\" class=\"yoast-schema-graph\">{\"@context\":\"https:\\\/\\\/schema.org\",\"@graph\":[{\"@type\":\"WebPage\",\"@id\":\"https:\\\/\\\/blackholediscos.com\\\/product\\\/sebastiao-tapajos-o-violao-e-tapajos\\\/\",\"url\":\"https:\\\/\\\/blackholediscos.com\\\/product\\\/sebastiao-tapajos-o-violao-e-tapajos\\\/\",\"name\":\"Sebasti\u00e3o Tapaj\u00f3s \u2013 O Viol\u00e3o \u00c9... Tapaj\u00f3s - Black Hole Discos\",\"isPartOf\":{\"@id\":\"https:\\\/\\\/blackholediscos.com\\\/#website\"},\"primaryImageOfPage\":{\"@id\":\"https:\\\/\\\/blackholediscos.com\\\/product\\\/sebastiao-tapajos-o-violao-e-tapajos\\\/#primaryimage\"},\"image\":{\"@id\":\"https:\\\/\\\/blackholediscos.com\\\/product\\\/sebastiao-tapajos-o-violao-e-tapajos\\\/#primaryimage\"},\"thumbnailUrl\":\"https:\\\/\\\/blackholediscos.com\\\/wp-content\\\/uploads\\\/2024\\\/06\\\/WhatsApp-Image-2024-06-23-at-17.11.17-scaled.jpeg\",\"datePublished\":\"2024-06-24T11:08:22+00:00\",\"dateModified\":\"2024-06-30T16:30:12+00:00\",\"breadcrumb\":{\"@id\":\"https:\\\/\\\/blackholediscos.com\\\/product\\\/sebastiao-tapajos-o-violao-e-tapajos\\\/#breadcrumb\"},\"inLanguage\":\"en-US\",\"potentialAction\":[{\"@type\":\"ReadAction\",\"target\":[\"https:\\\/\\\/blackholediscos.com\\\/product\\\/sebastiao-tapajos-o-violao-e-tapajos\\\/\"]}]},{\"@type\":\"ImageObject\",\"inLanguage\":\"en-US\",\"@id\":\"https:\\\/\\\/blackholediscos.com\\\/product\\\/sebastiao-tapajos-o-violao-e-tapajos\\\/#primaryimage\",\"url\":\"https:\\\/\\\/blackholediscos.com\\\/wp-content\\\/uploads\\\/2024\\\/06\\\/WhatsApp-Image-2024-06-23-at-17.11.17-scaled.jpeg\",\"contentUrl\":\"https:\\\/\\\/blackholediscos.com\\\/wp-content\\\/uploads\\\/2024\\\/06\\\/WhatsApp-Image-2024-06-23-at-17.11.17-scaled.jpeg\",\"width\":2560,\"height\":2560},{\"@type\":\"BreadcrumbList\",\"@id\":\"https:\\\/\\\/blackholediscos.com\\\/product\\\/sebastiao-tapajos-o-violao-e-tapajos\\\/#breadcrumb\",\"itemListElement\":[{\"@type\":\"ListItem\",\"position\":1,\"name\":\"In\u00edcio\",\"item\":\"https:\\\/\\\/blackholediscos.com\\\/\"},{\"@type\":\"ListItem\",\"position\":2,\"name\":\"Shop\",\"item\":\"https:\\\/\\\/blackholediscos.com\\\/shop\\\/\"},{\"@type\":\"ListItem\",\"position\":3,\"name\":\"Sebasti\u00e3o Tapaj\u00f3s \u2013 O Viol\u00e3o \u00c9&#8230; Tapaj\u00f3s\"}]},{\"@type\":\"WebSite\",\"@id\":\"https:\\\/\\\/blackholediscos.com\\\/#website\",\"url\":\"https:\\\/\\\/blackholediscos.com\\\/\",\"name\":\"Black Hole Discos\",\"description\":\"Brazilian music LPs\",\"publisher\":{\"@id\":\"https:\\\/\\\/blackholediscos.com\\\/#organization\"},\"potentialAction\":[{\"@type\":\"SearchAction\",\"target\":{\"@type\":\"EntryPoint\",\"urlTemplate\":\"https:\\\/\\\/blackholediscos.com\\\/?s={search_term_string}\"},\"query-input\":{\"@type\":\"PropertyValueSpecification\",\"valueRequired\":true,\"valueName\":\"search_term_string\"}}],\"inLanguage\":\"en-US\"},{\"@type\":\"Organization\",\"@id\":\"https:\\\/\\\/blackholediscos.com\\\/#organization\",\"name\":\"Black Hole Discos\",\"url\":\"https:\\\/\\\/blackholediscos.com\\\/\",\"logo\":{\"@type\":\"ImageObject\",\"inLanguage\":\"en-US\",\"@id\":\"https:\\\/\\\/blackholediscos.com\\\/#\\\/schema\\\/logo\\\/image\\\/\",\"url\":\"https:\\\/\\\/blackholediscos.com\\\/wp-content\\\/uploads\\\/2024\\\/06\\\/black-hole-discos-vinis-logo.png\",\"contentUrl\":\"https:\\\/\\\/blackholediscos.com\\\/wp-content\\\/uploads\\\/2024\\\/06\\\/black-hole-discos-vinis-logo.png\",\"width\":70,\"height\":66,\"caption\":\"Black Hole Discos\"},\"image\":{\"@id\":\"https:\\\/\\\/blackholediscos.com\\\/#\\\/schema\\\/logo\\\/image\\\/\"},\"sameAs\":[\"https:\\\/\\\/www.instagram.com\\\/blackholediscos\\\/\"]}]}<\/script>\n<!-- \/ Yoast SEO plugin. -->","yoast_head_json":{"title":"Sebasti\u00e3o Tapaj\u00f3s \u2013 O Viol\u00e3o \u00c9... Tapaj\u00f3s - Black Hole Discos","robots":{"index":"index","follow":"follow","max-snippet":"max-snippet:-1","max-image-preview":"max-image-preview:large","max-video-preview":"max-video-preview:-1"},"canonical":"https:\/\/blackholediscos.com\/en\/product\/sebastiao-tapajos-o-violao-e-tapajos\/","og_locale":"en_US","og_type":"article","og_title":"Sebasti\u00e3o Tapaj\u00f3s \u2013 O Viol\u00e3o \u00c9... Tapaj\u00f3s - Black Hole Discos","og_description":"LP original de \u00e9poca com capa e m\u00eddia em perfeitas condi\u00e7\u00f5es. Forma (2) \u2013 FEL 10.000 A1 Doubl\u00e9 2:34 A2 Can\u00e7\u00e3o do fogo-f\u00e1tuo 2:20 A3 Cad\u00eancia 3:36 A4 La Cathedral 2:47 A5 Cantiga 1:57 A6 3:25 B1 Vento Vadio 2:25 B2 Carimb\u00f3 2:10 B3 Crep\u00fasculo 1:39 B4 Valsa De Um Sonho 3:40 B5 Marambir\u00e9 1:55 [&hellip;]","og_url":"https:\/\/blackholediscos.com\/en\/product\/sebastiao-tapajos-o-violao-e-tapajos\/","og_site_name":"Black Hole Discos","article_publisher":"https:\/\/www.instagram.com\/blackholediscos\/","article_modified_time":"2024-06-30T16:30:12+00:00","og_image":[{"width":2560,"height":2560,"url":"https:\/\/blackholediscos.com\/wp-content\/uploads\/2024\/06\/WhatsApp-Image-2024-06-23-at-17.11.17-scaled.jpeg","type":"image\/jpeg"}],"twitter_card":"summary_large_image","twitter_misc":{"Est. reading time":"1 minute"},"schema":{"@context":"https:\/\/schema.org","@graph":[{"@type":"WebPage","@id":"https:\/\/blackholediscos.com\/product\/sebastiao-tapajos-o-violao-e-tapajos\/","url":"https:\/\/blackholediscos.com\/product\/sebastiao-tapajos-o-violao-e-tapajos\/","name":"Sebasti\u00e3o Tapaj\u00f3s \u2013 O Viol\u00e3o \u00c9... Tapaj\u00f3s - Black Hole Discos","isPartOf":{"@id":"https:\/\/blackholediscos.com\/#website"},"primaryImageOfPage":{"@id":"https:\/\/blackholediscos.com\/product\/sebastiao-tapajos-o-violao-e-tapajos\/#primaryimage"},"image":{"@id":"https:\/\/blackholediscos.com\/product\/sebastiao-tapajos-o-violao-e-tapajos\/#primaryimage"},"thumbnailUrl":"https:\/\/blackholediscos.com\/wp-content\/uploads\/2024\/06\/WhatsApp-Image-2024-06-23-at-17.11.17-scaled.jpeg","datePublished":"2024-06-24T11:08:22+00:00","dateModified":"2024-06-30T16:30:12+00:00","breadcrumb":{"@id":"https:\/\/blackholediscos.com\/product\/sebastiao-tapajos-o-violao-e-tapajos\/#breadcrumb"},"inLanguage":"en-US","potentialAction":[{"@type":"ReadAction","target":["https:\/\/blackholediscos.com\/product\/sebastiao-tapajos-o-violao-e-tapajos\/"]}]},{"@type":"ImageObject","inLanguage":"en-US","@id":"https:\/\/blackholediscos.com\/product\/sebastiao-tapajos-o-violao-e-tapajos\/#primaryimage","url":"https:\/\/blackholediscos.com\/wp-content\/uploads\/2024\/06\/WhatsApp-Image-2024-06-23-at-17.11.17-scaled.jpeg","contentUrl":"https:\/\/blackholediscos.com\/wp-content\/uploads\/2024\/06\/WhatsApp-Image-2024-06-23-at-17.11.17-scaled.jpeg","width":2560,"height":2560},{"@type":"BreadcrumbList","@id":"https:\/\/blackholediscos.com\/product\/sebastiao-tapajos-o-violao-e-tapajos\/#breadcrumb","itemListElement":[{"@type":"ListItem","position":1,"name":"In\u00edcio","item":"https:\/\/blackholediscos.com\/"},{"@type":"ListItem","position":2,"name":"Shop","item":"https:\/\/blackholediscos.com\/shop\/"},{"@type":"ListItem","position":3,"name":"Sebasti\u00e3o Tapaj\u00f3s \u2013 O Viol\u00e3o \u00c9&#8230; Tapaj\u00f3s"}]},{"@type":"WebSite","@id":"https:\/\/blackholediscos.com\/#website","url":"https:\/\/blackholediscos.com\/","name":"Black Hole Discos","description":"Brazilian music LPs","publisher":{"@id":"https:\/\/blackholediscos.com\/#organization"},"potentialAction":[{"@type":"SearchAction","target":{"@type":"EntryPoint","urlTemplate":"https:\/\/blackholediscos.com\/?s={search_term_string}"},"query-input":{"@type":"PropertyValueSpecification","valueRequired":true,"valueName":"search_term_string"}}],"inLanguage":"en-US"},{"@type":"Organization","@id":"https:\/\/blackholediscos.com\/#organization","name":"Black Hole Discos","url":"https:\/\/blackholediscos.com\/","logo":{"@type":"ImageObject","inLanguage":"en-US","@id":"https:\/\/blackholediscos.com\/#\/schema\/logo\/image\/","url":"https:\/\/blackholediscos.com\/wp-content\/uploads\/2024\/06\/black-hole-discos-vinis-logo.png","contentUrl":"https:\/\/blackholediscos.com\/wp-content\/uploads\/2024\/06\/black-hole-discos-vinis-logo.png","width":70,"height":66,"caption":"Black Hole Discos"},"image":{"@id":"https:\/\/blackholediscos.com\/#\/schema\/logo\/image\/"},"sameAs":["https:\/\/www.instagram.com\/blackholediscos\/"]}]}},"_links":{"self":[{"href":"https:\/\/blackholediscos.com\/en\/wp-json\/wp\/v2\/product\/2181","targetHints":{"allow":["GET"]}}],"collection":[{"href":"https:\/\/blackholediscos.com\/en\/wp-json\/wp\/v2\/product"}],"about":[{"href":"https:\/\/blackholediscos.com\/en\/wp-json\/wp\/v2\/types\/product"}],"replies":[{"embeddable":true,"href":"https:\/\/blackholediscos.com\/en\/wp-json\/wp\/v2\/comments?post=2181"}],"wp:featuredmedia":[{"embeddable":true,"href":"https:\/\/blackholediscos.com\/en\/wp-json\/wp\/v2\/media\/1738"}],"wp:attachment":[{"href":"https:\/\/blackholediscos.com\/en\/wp-json\/wp\/v2\/media?parent=2181"}],"wp:term":[{"taxonomy":"product_brand","embeddable":true,"href":"https:\/\/blackholediscos.com\/en\/wp-json\/wp\/v2\/product_brand?post=2181"},{"taxonomy":"product_cat","embeddable":true,"href":"https:\/\/blackholediscos.com\/en\/wp-json\/wp\/v2\/product_cat?post=2181"},{"taxonomy":"product_tag","embeddable":true,"href":"https:\/\/blackholediscos.com\/en\/wp-json\/wp\/v2\/product_tag?post=2181"},{"taxonomy":"artista","embeddable":true,"href":"https:\/\/blackholediscos.com\/en\/wp-json\/wp\/v2\/artista?post=2181"},{"taxonomy":"produtora","embeddable":true,"href":"https:\/\/blackholediscos.com\/en\/wp-json\/wp\/v2\/produtora?post=2181"},{"taxonomy":"ano","embeddable":true,"href":"https:\/\/blackholediscos.com\/en\/wp-json\/wp\/v2\/ano?post=2181"}],"curies":[{"name":"wp","href":"https:\/\/api.w.org\/{rel}","templated":true}]}}