{"id":2177,"date":"2024-06-24T10:50:23","date_gmt":"2024-06-24T10:50:23","guid":{"rendered":"https:\/\/blackholediscos.com\/?post_type=product&#038;p=2177"},"modified":"2024-06-29T21:54:04","modified_gmt":"2024-06-29T21:54:04","slug":"lo-borges-via-lactea","status":"publish","type":"product","link":"https:\/\/blackholediscos.com\/en\/product\/lo-borges-via-lactea\/","title":{"rendered":"L\u00f4 Borges &#8211; Via-L\u00e1ctea"},"content":{"rendered":"<p>LP original de \u00e9poca com capa em muito boa condi\u00e7\u00e3o e m\u00eddia em perfeitas condi\u00e7\u00f5es.<\/p>\n<p>\tEMI \u2013 31C 064422851<\/p>\n<p>A1\t\tSempre-Viva<br \/>\nAcoustic Guitar [Viola De 12] \u2013 Fernando Oly<br \/>\nAcoustic Guitar [Viol\u00e3o], Piano \u2013 Telo Borges<br \/>\nBacking Vocals \u2013 Fernando*, L\u00f4*, Paulinho*, Telo*<br \/>\nBass \u2013 Paulinho Carvalho<br \/>\nDrums \u2013 Hely*<br \/>\nPercussion \u2013 Aleuda, Robertinho*<br \/>\nVocals, Acoustic Guitar [Viol\u00e3o] \u2013 L\u00f4 Borges*<br \/>\nWritten-By \u2013 L\u00f4 Borges*, Marcio Borges<br \/>\n3:35<\/p>\n<p>A2\t\tEla<br \/>\nAcoustic Guitar [Viola De 12] \u2013 Fernando Oly<br \/>\nBass \u2013 Paulinho Carvalho<br \/>\nDrums \u2013 Hely*<br \/>\nElectric Guitar [Guitarras Solo] \u2013 Cl\u00e1udio Venturini, Paulinho*<br \/>\nElectric Piano \u2013 Telo Borges<br \/>\nPercussion \u2013 Aleuda, Robertinho*, Toninho Horta<br \/>\nSynthesizer [Arp Omni] \u2013 Wagner Tiso<br \/>\nVocals, Electric Guitar \u2013 L\u00f4 Borges*<br \/>\nWritten-By \u2013 L\u00f4 Borges*, Marcio Borges<br \/>\n3:30<\/p>\n<p>A3\t\tA Via-L\u00e1ctea<br \/>\nAcoustic Bass \u2013 Luiz Alves<br \/>\nArranged By, Conductor \u2013 Toninho Horta<br \/>\nBass \u2013 Paulinho Carvalho<br \/>\nDrums \u2013 Robertinho Da Silva*<br \/>\nFlute \u2013 Celso*, Copinha, Jaime (11), Jorginho*<br \/>\nPiano \u2013 Toninho Horta<br \/>\nVocals \u2013 L\u00f4 Borges*<br \/>\nWritten-By \u2013 L\u00f4 Borges*, Ronaldo Bastos<br \/>\n3:00<\/p>\n<p>A4\t\tClube Da Esquina N\u00ba 2<br \/>\nAcoustic Bass \u2013 Luiz Alves<br \/>\nAcoustic Guitar [Viola De 12] \u2013 L\u00f4 Borges*<br \/>\nArranged By, Conductor \u2013 Wagner Tiso<br \/>\nBass \u2013 Paulinho Carvalho<br \/>\nDrums \u2013 Roberto Da Silva*<br \/>\nElectric Guitar \u2013 Toninho Horta<br \/>\nFlute \u2013 Celso*, Copinha, Jaime (11), Jorginho*<br \/>\nPiano \u2013 Wagner Tiso<br \/>\nVocals \u2013 L\u00f4 Borges*, Solange Borges<br \/>\nWritten-By \u2013 L\u00f4 Borges*, Marcio Borges, Milton Nascimento<br \/>\n4:00<\/p>\n<p>A5\t\tA Olho Nu<br \/>\nAcoustic Bass \u2013 Luiz Alves<br \/>\nArranged By, Conductor \u2013 Wagner Tiso<br \/>\nBass \u2013 Paulinho Carvalho<br \/>\nDrums \u2013 Robertinho Da Silva*<br \/>\nFlute \u2013 Celso*, Copinha, Jaime (11), Jorginho*<br \/>\nPercussion \u2013 Aleuda, Robertinho*, Toninho Horta<br \/>\nSynthesizer \u2013 Wagner Tiso<br \/>\nVocals, Piano \u2013 L\u00f4 Borges*<br \/>\nWritten-By \u2013 L\u00f4 Borges*, Marcio Borges<br \/>\n3:10<\/p>\n<p>B1\t\tEquatorial<br \/>\nBass \u2013 Paulinho Carvalho<br \/>\nDrums \u2013 Hely*<br \/>\nOrgan, Synthesizer \u2013 Vermelho<br \/>\nSynthesizer, Piano \u2013 Fl\u00e1vio Venturini<br \/>\nVocals \u2013 L\u00f4 Borges*<br \/>\nWritten-By \u2013 Beto Guedes, L\u00f4 Borges*, Marcio Borges<br \/>\n3:15<\/p>\n<p>B2\t\tVento De Maio<br \/>\nAcoustic Guitar [Viola De 12] \u2013 Fernando Oly<br \/>\nAcoustic Guitar [Viol\u00e3o] \u2013 L\u00f4 Borges*<br \/>\nBass \u2013 Paulinho Carvalho<br \/>\nDrums \u2013 Hely*<br \/>\nElectric Guitar \u2013 Toninho Horta<br \/>\nOrgan \u2013 Wagner Tiso<br \/>\nPercussion \u2013 Aleuda, Robertinho*, Toninho Horta<br \/>\nPiano \u2013 Telo Borges<br \/>\nVocals \u2013 L\u00f4 Borges*, Solange Borges<br \/>\nWritten-By \u2013 L\u00f4 Borges*, Marcio Borges<br \/>\n4:26<\/p>\n<p>B3\t\tChuva Na Montanha<br \/>\nAcoustic Guitar [Viola De 12] \u2013 Fernando Oly<br \/>\nBacking Vocals \u2013 Fernando*, Fl\u00e1vio*, Paulinho*<br \/>\nBass \u2013 Paulinho Carvalho<br \/>\nDrums \u2013 Hely*<br \/>\nElectric Piano \u2013 Telo Borges<br \/>\nOrgan \u2013 Fl\u00e1vio Venturini<br \/>\nVocals, Electric Guitar \u2013 L\u00f4 Borges*<br \/>\nWritten-By \u2013 Fernando Oly<br \/>\n2:48<\/p>\n<p>B4\t\tTudo Que Voc\u00ea Podia Ser<br \/>\nAccordion, Electric Piano \u2013 Wagner Tiso<br \/>\nAcoustic Bass \u2013 Luiz Alves<br \/>\nArranged By, Conductor \u2013 Wagner Tiso<br \/>\nBass \u2013 Paulinho Carvalho<br \/>\nDrums \u2013 Robertinho*<br \/>\nElectric Guitar \u2013 Fernando Oly<br \/>\nPercussion \u2013 Aleuda, Robertinho*, Toninho Horta<br \/>\nVocals, Electric Guitar \u2013 L\u00f4 Borges*<br \/>\nWritten-By \u2013 L\u00f4 Borges*, Marcio Borges<br \/>\n3:48<\/p>\n<p>B5\t\tOlha O Bicho Livre<br \/>\nBass, Acoustic Guitar [Viol\u00e3o], Voice [Voz Falada] \u2013 Paulinho Carvalho<br \/>\nDrums \u2013 Robertinho*<br \/>\nElectric Guitar \u2013 Toninho Horta<br \/>\nElectric Guitar [Guitarra Solo] \u2013 Cl\u00e1udio Venturini<br \/>\nPercussion \u2013 Aleuda, Robertinho*<br \/>\nPiano, Accordion \u2013 Wagner Tiso<br \/>\nVocals \u2013 L\u00f4 Borges*<br \/>\nWritten-By \u2013 Paulinho Carvalho, Rodrigo Leste<br \/>\n2:40<\/p>\n<p>B6\t\tNau Sem Rumo<br \/>\nAcoustic Guitar [Viola De 12] \u2013 Fernando Oly<br \/>\nBass \u2013 Paulinho Carvalho<br \/>\nDrums \u2013 Hely*<br \/>\nPercussion \u2013 Aleuda, Robertinh*, Toninho Horta<br \/>\nPiano \u2013 Telo Borges<br \/>\nVocals, Electric Guitar \u2013 L\u00f4 Borges*<br \/>\nWritten-By \u2013 L\u00f4 Borges*, Marcio Borges<\/p>\n","protected":false},"excerpt":{"rendered":"<p>LP original de \u00e9poca com capa em muito boa condi\u00e7\u00e3o e m\u00eddia em perfeitas condi\u00e7\u00f5es. EMI \u2013 31C 064422851 A1 Sempre-Viva Acoustic Guitar [Viola De 12] \u2013 Fernando Oly Acoustic Guitar [Viol\u00e3o], Piano \u2013 Telo Borges Backing Vocals \u2013 Fernando*, L\u00f4*, Paulinho*, Telo* Bass \u2013 Paulinho Carvalho Drums \u2013 Hely* Percussion \u2013 Aleuda, Robertinho* Vocals, [&hellip;]<\/p>\n","protected":false},"featured_media":1666,"comment_status":"open","ping_status":"closed","template":"","meta":{"_acf_changed":false},"product_brand":[],"product_cat":[48,35],"product_tag":[],"artista":[52],"produtora":[232],"ano":[436],"class_list":{"0":"post-2177","1":"product","2":"type-product","3":"status-publish","4":"has-post-thumbnail","6":"product_cat-psicodelia","7":"product_cat-rock","8":"artista-lo-borges","9":"produtora-emi","10":"ano-436","12":"first","13":"instock","14":"shipping-taxable","15":"purchasable","16":"product-type-simple"},"acf":[],"yoast_head":"<!-- This site is optimized with the Yoast SEO plugin v27.4 - https:\/\/yoast.com\/product\/yoast-seo-wordpress\/ -->\n<title>L\u00f4 Borges - Via-L\u00e1ctea - Black Hole Discos<\/title>\n<meta name=\"robots\" content=\"index, follow, max-snippet:-1, max-image-preview:large, max-video-preview:-1\" \/>\n<link rel=\"canonical\" href=\"https:\/\/blackholediscos.com\/en\/product\/lo-borges-via-lactea\/\" \/>\n<meta property=\"og:locale\" content=\"en_US\" \/>\n<meta property=\"og:type\" content=\"article\" \/>\n<meta property=\"og:title\" content=\"L\u00f4 Borges - Via-L\u00e1ctea - Black Hole Discos\" \/>\n<meta property=\"og:description\" content=\"LP original de \u00e9poca com capa em muito boa condi\u00e7\u00e3o e m\u00eddia em perfeitas condi\u00e7\u00f5es. EMI \u2013 31C 064422851 A1 Sempre-Viva Acoustic Guitar [Viola De 12] \u2013 Fernando Oly Acoustic Guitar [Viol\u00e3o], Piano \u2013 Telo Borges Backing Vocals \u2013 Fernando*, L\u00f4*, Paulinho*, Telo* Bass \u2013 Paulinho Carvalho Drums \u2013 Hely* Percussion \u2013 Aleuda, Robertinho* Vocals, [&hellip;]\" \/>\n<meta property=\"og:url\" content=\"https:\/\/blackholediscos.com\/en\/product\/lo-borges-via-lactea\/\" \/>\n<meta property=\"og:site_name\" content=\"Black Hole Discos\" \/>\n<meta property=\"article:publisher\" content=\"https:\/\/www.instagram.com\/blackholediscos\/\" \/>\n<meta property=\"article:modified_time\" content=\"2024-06-29T21:54:04+00:00\" \/>\n<meta property=\"og:image\" content=\"https:\/\/blackholediscos.com\/wp-content\/uploads\/2024\/06\/WhatsApp-Image-2024-06-23-at-16.43.39-1-scaled.jpeg\" \/>\n\t<meta property=\"og:image:width\" content=\"2560\" \/>\n\t<meta property=\"og:image:height\" content=\"2560\" \/>\n\t<meta property=\"og:image:type\" content=\"image\/jpeg\" \/>\n<meta name=\"twitter:card\" content=\"summary_large_image\" \/>\n<meta name=\"twitter:label1\" content=\"Est. reading time\" \/>\n\t<meta name=\"twitter:data1\" content=\"3 minutes\" \/>\n<script type=\"application\/ld+json\" class=\"yoast-schema-graph\">{\"@context\":\"https:\\\/\\\/schema.org\",\"@graph\":[{\"@type\":\"WebPage\",\"@id\":\"https:\\\/\\\/blackholediscos.com\\\/product\\\/lo-borges-via-lactea\\\/\",\"url\":\"https:\\\/\\\/blackholediscos.com\\\/product\\\/lo-borges-via-lactea\\\/\",\"name\":\"L\u00f4 Borges - Via-L\u00e1ctea - Black Hole Discos\",\"isPartOf\":{\"@id\":\"https:\\\/\\\/blackholediscos.com\\\/#website\"},\"primaryImageOfPage\":{\"@id\":\"https:\\\/\\\/blackholediscos.com\\\/product\\\/lo-borges-via-lactea\\\/#primaryimage\"},\"image\":{\"@id\":\"https:\\\/\\\/blackholediscos.com\\\/product\\\/lo-borges-via-lactea\\\/#primaryimage\"},\"thumbnailUrl\":\"https:\\\/\\\/blackholediscos.com\\\/wp-content\\\/uploads\\\/2024\\\/06\\\/WhatsApp-Image-2024-06-23-at-16.43.39-1-scaled.jpeg\",\"datePublished\":\"2024-06-24T10:50:23+00:00\",\"dateModified\":\"2024-06-29T21:54:04+00:00\",\"breadcrumb\":{\"@id\":\"https:\\\/\\\/blackholediscos.com\\\/product\\\/lo-borges-via-lactea\\\/#breadcrumb\"},\"inLanguage\":\"en-US\",\"potentialAction\":[{\"@type\":\"ReadAction\",\"target\":[\"https:\\\/\\\/blackholediscos.com\\\/product\\\/lo-borges-via-lactea\\\/\"]}]},{\"@type\":\"ImageObject\",\"inLanguage\":\"en-US\",\"@id\":\"https:\\\/\\\/blackholediscos.com\\\/product\\\/lo-borges-via-lactea\\\/#primaryimage\",\"url\":\"https:\\\/\\\/blackholediscos.com\\\/wp-content\\\/uploads\\\/2024\\\/06\\\/WhatsApp-Image-2024-06-23-at-16.43.39-1-scaled.jpeg\",\"contentUrl\":\"https:\\\/\\\/blackholediscos.com\\\/wp-content\\\/uploads\\\/2024\\\/06\\\/WhatsApp-Image-2024-06-23-at-16.43.39-1-scaled.jpeg\",\"width\":2560,\"height\":2560},{\"@type\":\"BreadcrumbList\",\"@id\":\"https:\\\/\\\/blackholediscos.com\\\/product\\\/lo-borges-via-lactea\\\/#breadcrumb\",\"itemListElement\":[{\"@type\":\"ListItem\",\"position\":1,\"name\":\"In\u00edcio\",\"item\":\"https:\\\/\\\/blackholediscos.com\\\/\"},{\"@type\":\"ListItem\",\"position\":2,\"name\":\"Shop\",\"item\":\"https:\\\/\\\/blackholediscos.com\\\/shop\\\/\"},{\"@type\":\"ListItem\",\"position\":3,\"name\":\"L\u00f4 Borges &#8211; Via-L\u00e1ctea\"}]},{\"@type\":\"WebSite\",\"@id\":\"https:\\\/\\\/blackholediscos.com\\\/#website\",\"url\":\"https:\\\/\\\/blackholediscos.com\\\/\",\"name\":\"Black Hole Discos\",\"description\":\"Brazilian music LPs\",\"publisher\":{\"@id\":\"https:\\\/\\\/blackholediscos.com\\\/#organization\"},\"potentialAction\":[{\"@type\":\"SearchAction\",\"target\":{\"@type\":\"EntryPoint\",\"urlTemplate\":\"https:\\\/\\\/blackholediscos.com\\\/?s={search_term_string}\"},\"query-input\":{\"@type\":\"PropertyValueSpecification\",\"valueRequired\":true,\"valueName\":\"search_term_string\"}}],\"inLanguage\":\"en-US\"},{\"@type\":\"Organization\",\"@id\":\"https:\\\/\\\/blackholediscos.com\\\/#organization\",\"name\":\"Black Hole Discos\",\"url\":\"https:\\\/\\\/blackholediscos.com\\\/\",\"logo\":{\"@type\":\"ImageObject\",\"inLanguage\":\"en-US\",\"@id\":\"https:\\\/\\\/blackholediscos.com\\\/#\\\/schema\\\/logo\\\/image\\\/\",\"url\":\"https:\\\/\\\/blackholediscos.com\\\/wp-content\\\/uploads\\\/2024\\\/06\\\/black-hole-discos-vinis-logo.png\",\"contentUrl\":\"https:\\\/\\\/blackholediscos.com\\\/wp-content\\\/uploads\\\/2024\\\/06\\\/black-hole-discos-vinis-logo.png\",\"width\":70,\"height\":66,\"caption\":\"Black Hole Discos\"},\"image\":{\"@id\":\"https:\\\/\\\/blackholediscos.com\\\/#\\\/schema\\\/logo\\\/image\\\/\"},\"sameAs\":[\"https:\\\/\\\/www.instagram.com\\\/blackholediscos\\\/\"]}]}<\/script>\n<!-- \/ Yoast SEO plugin. -->","yoast_head_json":{"title":"L\u00f4 Borges - Via-L\u00e1ctea - Black Hole Discos","robots":{"index":"index","follow":"follow","max-snippet":"max-snippet:-1","max-image-preview":"max-image-preview:large","max-video-preview":"max-video-preview:-1"},"canonical":"https:\/\/blackholediscos.com\/en\/product\/lo-borges-via-lactea\/","og_locale":"en_US","og_type":"article","og_title":"L\u00f4 Borges - Via-L\u00e1ctea - Black Hole Discos","og_description":"LP original de \u00e9poca com capa em muito boa condi\u00e7\u00e3o e m\u00eddia em perfeitas condi\u00e7\u00f5es. EMI \u2013 31C 064422851 A1 Sempre-Viva Acoustic Guitar [Viola De 12] \u2013 Fernando Oly Acoustic Guitar [Viol\u00e3o], Piano \u2013 Telo Borges Backing Vocals \u2013 Fernando*, L\u00f4*, Paulinho*, Telo* Bass \u2013 Paulinho Carvalho Drums \u2013 Hely* Percussion \u2013 Aleuda, Robertinho* Vocals, [&hellip;]","og_url":"https:\/\/blackholediscos.com\/en\/product\/lo-borges-via-lactea\/","og_site_name":"Black Hole Discos","article_publisher":"https:\/\/www.instagram.com\/blackholediscos\/","article_modified_time":"2024-06-29T21:54:04+00:00","og_image":[{"width":2560,"height":2560,"url":"https:\/\/blackholediscos.com\/wp-content\/uploads\/2024\/06\/WhatsApp-Image-2024-06-23-at-16.43.39-1-scaled.jpeg","type":"image\/jpeg"}],"twitter_card":"summary_large_image","twitter_misc":{"Est. reading time":"3 minutes"},"schema":{"@context":"https:\/\/schema.org","@graph":[{"@type":"WebPage","@id":"https:\/\/blackholediscos.com\/product\/lo-borges-via-lactea\/","url":"https:\/\/blackholediscos.com\/product\/lo-borges-via-lactea\/","name":"L\u00f4 Borges - Via-L\u00e1ctea - Black Hole Discos","isPartOf":{"@id":"https:\/\/blackholediscos.com\/#website"},"primaryImageOfPage":{"@id":"https:\/\/blackholediscos.com\/product\/lo-borges-via-lactea\/#primaryimage"},"image":{"@id":"https:\/\/blackholediscos.com\/product\/lo-borges-via-lactea\/#primaryimage"},"thumbnailUrl":"https:\/\/blackholediscos.com\/wp-content\/uploads\/2024\/06\/WhatsApp-Image-2024-06-23-at-16.43.39-1-scaled.jpeg","datePublished":"2024-06-24T10:50:23+00:00","dateModified":"2024-06-29T21:54:04+00:00","breadcrumb":{"@id":"https:\/\/blackholediscos.com\/product\/lo-borges-via-lactea\/#breadcrumb"},"inLanguage":"en-US","potentialAction":[{"@type":"ReadAction","target":["https:\/\/blackholediscos.com\/product\/lo-borges-via-lactea\/"]}]},{"@type":"ImageObject","inLanguage":"en-US","@id":"https:\/\/blackholediscos.com\/product\/lo-borges-via-lactea\/#primaryimage","url":"https:\/\/blackholediscos.com\/wp-content\/uploads\/2024\/06\/WhatsApp-Image-2024-06-23-at-16.43.39-1-scaled.jpeg","contentUrl":"https:\/\/blackholediscos.com\/wp-content\/uploads\/2024\/06\/WhatsApp-Image-2024-06-23-at-16.43.39-1-scaled.jpeg","width":2560,"height":2560},{"@type":"BreadcrumbList","@id":"https:\/\/blackholediscos.com\/product\/lo-borges-via-lactea\/#breadcrumb","itemListElement":[{"@type":"ListItem","position":1,"name":"In\u00edcio","item":"https:\/\/blackholediscos.com\/"},{"@type":"ListItem","position":2,"name":"Shop","item":"https:\/\/blackholediscos.com\/shop\/"},{"@type":"ListItem","position":3,"name":"L\u00f4 Borges &#8211; Via-L\u00e1ctea"}]},{"@type":"WebSite","@id":"https:\/\/blackholediscos.com\/#website","url":"https:\/\/blackholediscos.com\/","name":"Black Hole Discos","description":"Brazilian music LPs","publisher":{"@id":"https:\/\/blackholediscos.com\/#organization"},"potentialAction":[{"@type":"SearchAction","target":{"@type":"EntryPoint","urlTemplate":"https:\/\/blackholediscos.com\/?s={search_term_string}"},"query-input":{"@type":"PropertyValueSpecification","valueRequired":true,"valueName":"search_term_string"}}],"inLanguage":"en-US"},{"@type":"Organization","@id":"https:\/\/blackholediscos.com\/#organization","name":"Black Hole Discos","url":"https:\/\/blackholediscos.com\/","logo":{"@type":"ImageObject","inLanguage":"en-US","@id":"https:\/\/blackholediscos.com\/#\/schema\/logo\/image\/","url":"https:\/\/blackholediscos.com\/wp-content\/uploads\/2024\/06\/black-hole-discos-vinis-logo.png","contentUrl":"https:\/\/blackholediscos.com\/wp-content\/uploads\/2024\/06\/black-hole-discos-vinis-logo.png","width":70,"height":66,"caption":"Black Hole Discos"},"image":{"@id":"https:\/\/blackholediscos.com\/#\/schema\/logo\/image\/"},"sameAs":["https:\/\/www.instagram.com\/blackholediscos\/"]}]}},"_links":{"self":[{"href":"https:\/\/blackholediscos.com\/en\/wp-json\/wp\/v2\/product\/2177","targetHints":{"allow":["GET"]}}],"collection":[{"href":"https:\/\/blackholediscos.com\/en\/wp-json\/wp\/v2\/product"}],"about":[{"href":"https:\/\/blackholediscos.com\/en\/wp-json\/wp\/v2\/types\/product"}],"replies":[{"embeddable":true,"href":"https:\/\/blackholediscos.com\/en\/wp-json\/wp\/v2\/comments?post=2177"}],"wp:featuredmedia":[{"embeddable":true,"href":"https:\/\/blackholediscos.com\/en\/wp-json\/wp\/v2\/media\/1666"}],"wp:attachment":[{"href":"https:\/\/blackholediscos.com\/en\/wp-json\/wp\/v2\/media?parent=2177"}],"wp:term":[{"taxonomy":"product_brand","embeddable":true,"href":"https:\/\/blackholediscos.com\/en\/wp-json\/wp\/v2\/product_brand?post=2177"},{"taxonomy":"product_cat","embeddable":true,"href":"https:\/\/blackholediscos.com\/en\/wp-json\/wp\/v2\/product_cat?post=2177"},{"taxonomy":"product_tag","embeddable":true,"href":"https:\/\/blackholediscos.com\/en\/wp-json\/wp\/v2\/product_tag?post=2177"},{"taxonomy":"artista","embeddable":true,"href":"https:\/\/blackholediscos.com\/en\/wp-json\/wp\/v2\/artista?post=2177"},{"taxonomy":"produtora","embeddable":true,"href":"https:\/\/blackholediscos.com\/en\/wp-json\/wp\/v2\/produtora?post=2177"},{"taxonomy":"ano","embeddable":true,"href":"https:\/\/blackholediscos.com\/en\/wp-json\/wp\/v2\/ano?post=2177"}],"curies":[{"name":"wp","href":"https:\/\/api.w.org\/{rel}","templated":true}]}}