{"id":2174,"date":"2024-06-24T10:25:34","date_gmt":"2024-06-24T10:25:34","guid":{"rendered":"https:\/\/blackholediscos.com\/?post_type=product&#038;p=2174"},"modified":"2024-06-29T20:40:26","modified_gmt":"2024-06-29T20:40:26","slug":"joao-gilberto-chega-de-saudade","status":"publish","type":"product","link":"https:\/\/blackholediscos.com\/en\/product\/joao-gilberto-chega-de-saudade\/","title":{"rendered":"Jo\u00e3o Gilberto \u2013 Chega De Saudade"},"content":{"rendered":"<p>LP original da d\u00e9cada de 70 com capa e m\u00eddia em perfeitas condi\u00e7\u00f5es<\/p>\n<p>Odeon \u2013 MOFB 3073<\/p>\n<p>A1\t\tChega De Saudade<br \/>\nA2\t\tLobo Bobo<br \/>\nA3\t\tBrigas, Nunca Mais<br \/>\nA4\t\tH\u00f3-B\u00e1-L\u00e1-L\u00e1<br \/>\nA5\t\tSaudade F\u00eaz Um Samba<br \/>\nA6\t\tMaria Ningu\u00e9m<br \/>\nB1\t\tDesafinado<br \/>\nB2\t\tRosa Morena<br \/>\nB3\t\tMorena Boca De Ouro<br \/>\nB4\t\tBim Bom<br \/>\nB5\t\tAos P\u00e9s Da Cruz<br \/>\nB6\t\tE Luxo S\u00f3 <\/p>","protected":false},"excerpt":{"rendered":"<p>LP original da d\u00e9cada de 70 com capa e m\u00eddia em perfeitas condi\u00e7\u00f5es Odeon \u2013 MOFB 3073 A1 Chega De Saudade A2 Lobo Bobo A3 Brigas, Nunca Mais A4 H\u00f3-B\u00e1-L\u00e1-L\u00e1 A5 Saudade F\u00eaz Um Samba A6 Maria Ningu\u00e9m B1 Desafinado B2 Rosa Morena B3 Morena Boca De Ouro B4 Bim Bom B5 Aos P\u00e9s Da [&hellip;]<\/p>\n","protected":false},"featured_media":1750,"comment_status":"open","ping_status":"closed","template":"","meta":{"_acf_changed":false},"product_brand":[],"product_cat":[130],"product_tag":[54,558],"artista":[492],"produtora":[53],"ano":[69],"class_list":{"0":"post-2174","1":"product","2":"type-product","3":"status-publish","4":"has-post-thumbnail","6":"product_cat-bossa-nova","7":"product_tag-bossa-nova","8":"product_tag-joao-gilberto","9":"artista-joao-gilberto","10":"produtora-odeon","11":"ano-69","13":"first","14":"instock","15":"shipping-taxable","16":"purchasable","17":"product-type-simple"},"acf":[],"yoast_head":"<!-- This site is optimized with the Yoast SEO plugin v27.3 - https:\/\/yoast.com\/product\/yoast-seo-wordpress\/ -->\n<title>Jo\u00e3o Gilberto \u2013 Chega De Saudade - Black Hole Discos<\/title>\n<meta name=\"robots\" content=\"index, follow, max-snippet:-1, max-image-preview:large, max-video-preview:-1\" \/>\n<link rel=\"canonical\" href=\"https:\/\/blackholediscos.com\/en\/product\/joao-gilberto-chega-de-saudade\/\" \/>\n<meta property=\"og:locale\" content=\"en_US\" \/>\n<meta property=\"og:type\" content=\"article\" \/>\n<meta property=\"og:title\" content=\"Jo\u00e3o Gilberto \u2013 Chega De Saudade - Black Hole Discos\" \/>\n<meta property=\"og:description\" content=\"LP original da d\u00e9cada de 70 com capa e m\u00eddia em perfeitas condi\u00e7\u00f5es Odeon \u2013 MOFB 3073 A1 Chega De Saudade A2 Lobo Bobo A3 Brigas, Nunca Mais A4 H\u00f3-B\u00e1-L\u00e1-L\u00e1 A5 Saudade F\u00eaz Um Samba A6 Maria Ningu\u00e9m B1 Desafinado B2 Rosa Morena B3 Morena Boca De Ouro B4 Bim Bom B5 Aos P\u00e9s Da [&hellip;]\" \/>\n<meta property=\"og:url\" content=\"https:\/\/blackholediscos.com\/en\/product\/joao-gilberto-chega-de-saudade\/\" \/>\n<meta property=\"og:site_name\" content=\"Black Hole Discos\" \/>\n<meta property=\"article:publisher\" content=\"https:\/\/www.instagram.com\/blackholediscos\/\" \/>\n<meta property=\"article:modified_time\" content=\"2024-06-29T20:40:26+00:00\" \/>\n<meta property=\"og:image\" content=\"https:\/\/blackholediscos.com\/wp-content\/uploads\/2024\/06\/WhatsApp-Image-2024-06-23-at-17.11.24-1-scaled.jpeg\" \/>\n\t<meta property=\"og:image:width\" content=\"2560\" \/>\n\t<meta property=\"og:image:height\" content=\"2560\" \/>\n\t<meta property=\"og:image:type\" content=\"image\/jpeg\" \/>\n<meta name=\"twitter:card\" content=\"summary_large_image\" \/>\n<meta name=\"twitter:label1\" content=\"Est. reading time\" \/>\n\t<meta name=\"twitter:data1\" content=\"1 minute\" \/>\n<script type=\"application\/ld+json\" class=\"yoast-schema-graph\">{\"@context\":\"https:\\\/\\\/schema.org\",\"@graph\":[{\"@type\":\"WebPage\",\"@id\":\"https:\\\/\\\/blackholediscos.com\\\/product\\\/joao-gilberto-chega-de-saudade\\\/\",\"url\":\"https:\\\/\\\/blackholediscos.com\\\/product\\\/joao-gilberto-chega-de-saudade\\\/\",\"name\":\"Jo\u00e3o Gilberto \u2013 Chega De Saudade - Black Hole Discos\",\"isPartOf\":{\"@id\":\"https:\\\/\\\/blackholediscos.com\\\/#website\"},\"primaryImageOfPage\":{\"@id\":\"https:\\\/\\\/blackholediscos.com\\\/product\\\/joao-gilberto-chega-de-saudade\\\/#primaryimage\"},\"image\":{\"@id\":\"https:\\\/\\\/blackholediscos.com\\\/product\\\/joao-gilberto-chega-de-saudade\\\/#primaryimage\"},\"thumbnailUrl\":\"https:\\\/\\\/blackholediscos.com\\\/wp-content\\\/uploads\\\/2024\\\/06\\\/WhatsApp-Image-2024-06-23-at-17.11.24-1-scaled.jpeg\",\"datePublished\":\"2024-06-24T10:25:34+00:00\",\"dateModified\":\"2024-06-29T20:40:26+00:00\",\"breadcrumb\":{\"@id\":\"https:\\\/\\\/blackholediscos.com\\\/product\\\/joao-gilberto-chega-de-saudade\\\/#breadcrumb\"},\"inLanguage\":\"en-US\",\"potentialAction\":[{\"@type\":\"ReadAction\",\"target\":[\"https:\\\/\\\/blackholediscos.com\\\/product\\\/joao-gilberto-chega-de-saudade\\\/\"]}]},{\"@type\":\"ImageObject\",\"inLanguage\":\"en-US\",\"@id\":\"https:\\\/\\\/blackholediscos.com\\\/product\\\/joao-gilberto-chega-de-saudade\\\/#primaryimage\",\"url\":\"https:\\\/\\\/blackholediscos.com\\\/wp-content\\\/uploads\\\/2024\\\/06\\\/WhatsApp-Image-2024-06-23-at-17.11.24-1-scaled.jpeg\",\"contentUrl\":\"https:\\\/\\\/blackholediscos.com\\\/wp-content\\\/uploads\\\/2024\\\/06\\\/WhatsApp-Image-2024-06-23-at-17.11.24-1-scaled.jpeg\",\"width\":2560,\"height\":2560},{\"@type\":\"BreadcrumbList\",\"@id\":\"https:\\\/\\\/blackholediscos.com\\\/product\\\/joao-gilberto-chega-de-saudade\\\/#breadcrumb\",\"itemListElement\":[{\"@type\":\"ListItem\",\"position\":1,\"name\":\"In\u00edcio\",\"item\":\"https:\\\/\\\/blackholediscos.com\\\/\"},{\"@type\":\"ListItem\",\"position\":2,\"name\":\"Shop\",\"item\":\"https:\\\/\\\/blackholediscos.com\\\/shop\\\/\"},{\"@type\":\"ListItem\",\"position\":3,\"name\":\"Jo\u00e3o Gilberto \u2013 Chega De Saudade\"}]},{\"@type\":\"WebSite\",\"@id\":\"https:\\\/\\\/blackholediscos.com\\\/#website\",\"url\":\"https:\\\/\\\/blackholediscos.com\\\/\",\"name\":\"Black Hole Discos\",\"description\":\"Brazilian music LPs\",\"publisher\":{\"@id\":\"https:\\\/\\\/blackholediscos.com\\\/#organization\"},\"potentialAction\":[{\"@type\":\"SearchAction\",\"target\":{\"@type\":\"EntryPoint\",\"urlTemplate\":\"https:\\\/\\\/blackholediscos.com\\\/?s={search_term_string}\"},\"query-input\":{\"@type\":\"PropertyValueSpecification\",\"valueRequired\":true,\"valueName\":\"search_term_string\"}}],\"inLanguage\":\"en-US\"},{\"@type\":\"Organization\",\"@id\":\"https:\\\/\\\/blackholediscos.com\\\/#organization\",\"name\":\"Black Hole Discos\",\"url\":\"https:\\\/\\\/blackholediscos.com\\\/\",\"logo\":{\"@type\":\"ImageObject\",\"inLanguage\":\"en-US\",\"@id\":\"https:\\\/\\\/blackholediscos.com\\\/#\\\/schema\\\/logo\\\/image\\\/\",\"url\":\"https:\\\/\\\/blackholediscos.com\\\/wp-content\\\/uploads\\\/2024\\\/06\\\/black-hole-discos-vinis-logo.png\",\"contentUrl\":\"https:\\\/\\\/blackholediscos.com\\\/wp-content\\\/uploads\\\/2024\\\/06\\\/black-hole-discos-vinis-logo.png\",\"width\":70,\"height\":66,\"caption\":\"Black Hole Discos\"},\"image\":{\"@id\":\"https:\\\/\\\/blackholediscos.com\\\/#\\\/schema\\\/logo\\\/image\\\/\"},\"sameAs\":[\"https:\\\/\\\/www.instagram.com\\\/blackholediscos\\\/\"]}]}<\/script>\n<!-- \/ Yoast SEO plugin. -->","yoast_head_json":{"title":"Jo\u00e3o Gilberto \u2013 Chega De Saudade - Black Hole Discos","robots":{"index":"index","follow":"follow","max-snippet":"max-snippet:-1","max-image-preview":"max-image-preview:large","max-video-preview":"max-video-preview:-1"},"canonical":"https:\/\/blackholediscos.com\/en\/product\/joao-gilberto-chega-de-saudade\/","og_locale":"en_US","og_type":"article","og_title":"Jo\u00e3o Gilberto \u2013 Chega De Saudade - Black Hole Discos","og_description":"LP original da d\u00e9cada de 70 com capa e m\u00eddia em perfeitas condi\u00e7\u00f5es Odeon \u2013 MOFB 3073 A1 Chega De Saudade A2 Lobo Bobo A3 Brigas, Nunca Mais A4 H\u00f3-B\u00e1-L\u00e1-L\u00e1 A5 Saudade F\u00eaz Um Samba A6 Maria Ningu\u00e9m B1 Desafinado B2 Rosa Morena B3 Morena Boca De Ouro B4 Bim Bom B5 Aos P\u00e9s Da [&hellip;]","og_url":"https:\/\/blackholediscos.com\/en\/product\/joao-gilberto-chega-de-saudade\/","og_site_name":"Black Hole Discos","article_publisher":"https:\/\/www.instagram.com\/blackholediscos\/","article_modified_time":"2024-06-29T20:40:26+00:00","og_image":[{"width":2560,"height":2560,"url":"https:\/\/blackholediscos.com\/wp-content\/uploads\/2024\/06\/WhatsApp-Image-2024-06-23-at-17.11.24-1-scaled.jpeg","type":"image\/jpeg"}],"twitter_card":"summary_large_image","twitter_misc":{"Est. reading time":"1 minute"},"schema":{"@context":"https:\/\/schema.org","@graph":[{"@type":"WebPage","@id":"https:\/\/blackholediscos.com\/product\/joao-gilberto-chega-de-saudade\/","url":"https:\/\/blackholediscos.com\/product\/joao-gilberto-chega-de-saudade\/","name":"Jo\u00e3o Gilberto \u2013 Chega De Saudade - Black Hole Discos","isPartOf":{"@id":"https:\/\/blackholediscos.com\/#website"},"primaryImageOfPage":{"@id":"https:\/\/blackholediscos.com\/product\/joao-gilberto-chega-de-saudade\/#primaryimage"},"image":{"@id":"https:\/\/blackholediscos.com\/product\/joao-gilberto-chega-de-saudade\/#primaryimage"},"thumbnailUrl":"https:\/\/blackholediscos.com\/wp-content\/uploads\/2024\/06\/WhatsApp-Image-2024-06-23-at-17.11.24-1-scaled.jpeg","datePublished":"2024-06-24T10:25:34+00:00","dateModified":"2024-06-29T20:40:26+00:00","breadcrumb":{"@id":"https:\/\/blackholediscos.com\/product\/joao-gilberto-chega-de-saudade\/#breadcrumb"},"inLanguage":"en-US","potentialAction":[{"@type":"ReadAction","target":["https:\/\/blackholediscos.com\/product\/joao-gilberto-chega-de-saudade\/"]}]},{"@type":"ImageObject","inLanguage":"en-US","@id":"https:\/\/blackholediscos.com\/product\/joao-gilberto-chega-de-saudade\/#primaryimage","url":"https:\/\/blackholediscos.com\/wp-content\/uploads\/2024\/06\/WhatsApp-Image-2024-06-23-at-17.11.24-1-scaled.jpeg","contentUrl":"https:\/\/blackholediscos.com\/wp-content\/uploads\/2024\/06\/WhatsApp-Image-2024-06-23-at-17.11.24-1-scaled.jpeg","width":2560,"height":2560},{"@type":"BreadcrumbList","@id":"https:\/\/blackholediscos.com\/product\/joao-gilberto-chega-de-saudade\/#breadcrumb","itemListElement":[{"@type":"ListItem","position":1,"name":"In\u00edcio","item":"https:\/\/blackholediscos.com\/"},{"@type":"ListItem","position":2,"name":"Shop","item":"https:\/\/blackholediscos.com\/shop\/"},{"@type":"ListItem","position":3,"name":"Jo\u00e3o Gilberto \u2013 Chega De Saudade"}]},{"@type":"WebSite","@id":"https:\/\/blackholediscos.com\/#website","url":"https:\/\/blackholediscos.com\/","name":"Black Hole Discos","description":"Brazilian music LPs","publisher":{"@id":"https:\/\/blackholediscos.com\/#organization"},"potentialAction":[{"@type":"SearchAction","target":{"@type":"EntryPoint","urlTemplate":"https:\/\/blackholediscos.com\/?s={search_term_string}"},"query-input":{"@type":"PropertyValueSpecification","valueRequired":true,"valueName":"search_term_string"}}],"inLanguage":"en-US"},{"@type":"Organization","@id":"https:\/\/blackholediscos.com\/#organization","name":"Black Hole Discos","url":"https:\/\/blackholediscos.com\/","logo":{"@type":"ImageObject","inLanguage":"en-US","@id":"https:\/\/blackholediscos.com\/#\/schema\/logo\/image\/","url":"https:\/\/blackholediscos.com\/wp-content\/uploads\/2024\/06\/black-hole-discos-vinis-logo.png","contentUrl":"https:\/\/blackholediscos.com\/wp-content\/uploads\/2024\/06\/black-hole-discos-vinis-logo.png","width":70,"height":66,"caption":"Black Hole Discos"},"image":{"@id":"https:\/\/blackholediscos.com\/#\/schema\/logo\/image\/"},"sameAs":["https:\/\/www.instagram.com\/blackholediscos\/"]}]}},"_links":{"self":[{"href":"https:\/\/blackholediscos.com\/en\/wp-json\/wp\/v2\/product\/2174","targetHints":{"allow":["GET"]}}],"collection":[{"href":"https:\/\/blackholediscos.com\/en\/wp-json\/wp\/v2\/product"}],"about":[{"href":"https:\/\/blackholediscos.com\/en\/wp-json\/wp\/v2\/types\/product"}],"replies":[{"embeddable":true,"href":"https:\/\/blackholediscos.com\/en\/wp-json\/wp\/v2\/comments?post=2174"}],"wp:featuredmedia":[{"embeddable":true,"href":"https:\/\/blackholediscos.com\/en\/wp-json\/wp\/v2\/media\/1750"}],"wp:attachment":[{"href":"https:\/\/blackholediscos.com\/en\/wp-json\/wp\/v2\/media?parent=2174"}],"wp:term":[{"taxonomy":"product_brand","embeddable":true,"href":"https:\/\/blackholediscos.com\/en\/wp-json\/wp\/v2\/product_brand?post=2174"},{"taxonomy":"product_cat","embeddable":true,"href":"https:\/\/blackholediscos.com\/en\/wp-json\/wp\/v2\/product_cat?post=2174"},{"taxonomy":"product_tag","embeddable":true,"href":"https:\/\/blackholediscos.com\/en\/wp-json\/wp\/v2\/product_tag?post=2174"},{"taxonomy":"artista","embeddable":true,"href":"https:\/\/blackholediscos.com\/en\/wp-json\/wp\/v2\/artista?post=2174"},{"taxonomy":"produtora","embeddable":true,"href":"https:\/\/blackholediscos.com\/en\/wp-json\/wp\/v2\/produtora?post=2174"},{"taxonomy":"ano","embeddable":true,"href":"https:\/\/blackholediscos.com\/en\/wp-json\/wp\/v2\/ano?post=2174"}],"curies":[{"name":"wp","href":"https:\/\/api.w.org\/{rel}","templated":true}]}}