{"id":2163,"date":"2024-06-24T03:31:28","date_gmt":"2024-06-24T03:31:28","guid":{"rendered":"https:\/\/blackholediscos.com\/?post_type=product&#038;p=2163"},"modified":"2024-06-29T20:52:13","modified_gmt":"2024-06-29T20:52:13","slug":"paulo-moura-hepteto-fibra","status":"publish","type":"product","link":"https:\/\/blackholediscos.com\/en\/product\/paulo-moura-hepteto-fibra\/","title":{"rendered":"Paulo moura hepteto &#8211; Fibra"},"content":{"rendered":"<p>Lp Vinil primeira edi\u00e7\u00e3o em perfeito estado de conserva\u00e7\u00e3o <\/p>\n<p>Label:<br \/>\nEquipe \u2013 EQC-800.003<\/p>\n<p>A1\t\tFibra\t2:35<br \/>\nA2\t\tAna Lia&#8217;s Blues\t3:26<br \/>\nA3\t\tFilgueiras\t2:58<br \/>\nA4\t\tSamba De Orfeu\t3:33<br \/>\nA5\t\tTema Dos Deuses\t3:04<br \/>\nB1\t\tVera Cruz\t3:30<br \/>\nB2\t\tAquarela Do Brasil\t3:20<br \/>\nB3\t\tCravo E Canela\t2:47<br \/>\nB4\t\tGeneral Da Banda\t2:50<br \/>\nB5\t\tBitucudas N.2<\/p>","protected":false},"excerpt":{"rendered":"<p>Lp Vinil primeira edi\u00e7\u00e3o em perfeito estado de conserva\u00e7\u00e3o Label: Equipe \u2013 EQC-800.003 A1 Fibra 2:35 A2 Ana Lia&#8217;s Blues 3:26 A3 Filgueiras 2:58 A4 Samba De Orfeu 3:33 A5 Tema Dos Deuses 3:04 B1 Vera Cruz 3:30 B2 Aquarela Do Brasil 3:20 B3 Cravo E Canela 2:47 B4 General Da Banda 2:50 B5 Bitucudas [&hellip;]<\/p>\n","protected":false},"featured_media":1932,"comment_status":"open","ping_status":"closed","template":"","meta":{"_acf_changed":false},"product_brand":[],"product_cat":[34,39],"product_tag":[],"artista":[551],"produtora":[155],"ano":[94],"class_list":{"0":"post-2163","1":"product","2":"type-product","3":"status-publish","4":"has-post-thumbnail","6":"product_cat-funk","7":"product_cat-mpb","8":"artista-paulo-moura","9":"produtora-equipe","10":"ano-94","12":"first","13":"instock","14":"shipping-taxable","15":"purchasable","16":"product-type-simple"},"acf":[],"yoast_head":"<!-- This site is optimized with the Yoast SEO plugin v27.6 - https:\/\/yoast.com\/product\/yoast-seo-wordpress\/ -->\n<title>Paulo moura hepteto - Fibra - Black Hole Discos<\/title>\n<meta name=\"robots\" content=\"index, follow, max-snippet:-1, max-image-preview:large, max-video-preview:-1\" \/>\n<link rel=\"canonical\" href=\"https:\/\/blackholediscos.com\/en\/product\/paulo-moura-hepteto-fibra\/\" \/>\n<meta property=\"og:locale\" content=\"en_US\" \/>\n<meta property=\"og:type\" content=\"article\" \/>\n<meta property=\"og:title\" content=\"Paulo moura hepteto - Fibra - Black Hole Discos\" \/>\n<meta property=\"og:description\" content=\"Lp Vinil primeira edi\u00e7\u00e3o em perfeito estado de conserva\u00e7\u00e3o Label: Equipe \u2013 EQC-800.003 A1 Fibra 2:35 A2 Ana Lia&#8217;s Blues 3:26 A3 Filgueiras 2:58 A4 Samba De Orfeu 3:33 A5 Tema Dos Deuses 3:04 B1 Vera Cruz 3:30 B2 Aquarela Do Brasil 3:20 B3 Cravo E Canela 2:47 B4 General Da Banda 2:50 B5 Bitucudas [&hellip;]\" \/>\n<meta property=\"og:url\" content=\"https:\/\/blackholediscos.com\/en\/product\/paulo-moura-hepteto-fibra\/\" \/>\n<meta property=\"og:site_name\" content=\"Black Hole Discos\" \/>\n<meta property=\"article:publisher\" content=\"https:\/\/www.instagram.com\/blackholediscos\/\" \/>\n<meta property=\"article:modified_time\" content=\"2024-06-29T20:52:13+00:00\" \/>\n<meta property=\"og:image\" content=\"https:\/\/blackholediscos.com\/wp-content\/uploads\/2024\/06\/IMG_6573-scaled.jpeg\" \/>\n\t<meta property=\"og:image:width\" content=\"2560\" \/>\n\t<meta property=\"og:image:height\" content=\"2560\" \/>\n\t<meta property=\"og:image:type\" content=\"image\/jpeg\" \/>\n<meta name=\"twitter:card\" content=\"summary_large_image\" \/>\n<meta name=\"twitter:label1\" content=\"Est. reading time\" \/>\n\t<meta name=\"twitter:data1\" content=\"1 minute\" \/>\n<script type=\"application\/ld+json\" class=\"yoast-schema-graph\">{\"@context\":\"https:\\\/\\\/schema.org\",\"@graph\":[{\"@type\":\"WebPage\",\"@id\":\"https:\\\/\\\/blackholediscos.com\\\/product\\\/paulo-moura-hepteto-fibra\\\/\",\"url\":\"https:\\\/\\\/blackholediscos.com\\\/product\\\/paulo-moura-hepteto-fibra\\\/\",\"name\":\"Paulo moura hepteto - Fibra - Black Hole Discos\",\"isPartOf\":{\"@id\":\"https:\\\/\\\/blackholediscos.com\\\/#website\"},\"primaryImageOfPage\":{\"@id\":\"https:\\\/\\\/blackholediscos.com\\\/product\\\/paulo-moura-hepteto-fibra\\\/#primaryimage\"},\"image\":{\"@id\":\"https:\\\/\\\/blackholediscos.com\\\/product\\\/paulo-moura-hepteto-fibra\\\/#primaryimage\"},\"thumbnailUrl\":\"https:\\\/\\\/blackholediscos.com\\\/wp-content\\\/uploads\\\/2024\\\/06\\\/IMG_6573-scaled.jpeg\",\"datePublished\":\"2024-06-24T03:31:28+00:00\",\"dateModified\":\"2024-06-29T20:52:13+00:00\",\"breadcrumb\":{\"@id\":\"https:\\\/\\\/blackholediscos.com\\\/product\\\/paulo-moura-hepteto-fibra\\\/#breadcrumb\"},\"inLanguage\":\"en-US\",\"potentialAction\":[{\"@type\":\"ReadAction\",\"target\":[\"https:\\\/\\\/blackholediscos.com\\\/product\\\/paulo-moura-hepteto-fibra\\\/\"]}]},{\"@type\":\"ImageObject\",\"inLanguage\":\"en-US\",\"@id\":\"https:\\\/\\\/blackholediscos.com\\\/product\\\/paulo-moura-hepteto-fibra\\\/#primaryimage\",\"url\":\"https:\\\/\\\/blackholediscos.com\\\/wp-content\\\/uploads\\\/2024\\\/06\\\/IMG_6573-scaled.jpeg\",\"contentUrl\":\"https:\\\/\\\/blackholediscos.com\\\/wp-content\\\/uploads\\\/2024\\\/06\\\/IMG_6573-scaled.jpeg\",\"width\":2560,\"height\":2560},{\"@type\":\"BreadcrumbList\",\"@id\":\"https:\\\/\\\/blackholediscos.com\\\/product\\\/paulo-moura-hepteto-fibra\\\/#breadcrumb\",\"itemListElement\":[{\"@type\":\"ListItem\",\"position\":1,\"name\":\"In\u00edcio\",\"item\":\"https:\\\/\\\/blackholediscos.com\\\/\"},{\"@type\":\"ListItem\",\"position\":2,\"name\":\"Shop\",\"item\":\"https:\\\/\\\/blackholediscos.com\\\/shop\\\/\"},{\"@type\":\"ListItem\",\"position\":3,\"name\":\"Paulo moura hepteto &#8211; Fibra\"}]},{\"@type\":\"WebSite\",\"@id\":\"https:\\\/\\\/blackholediscos.com\\\/#website\",\"url\":\"https:\\\/\\\/blackholediscos.com\\\/\",\"name\":\"Black Hole Discos\",\"description\":\"Brazilian music LPs\",\"publisher\":{\"@id\":\"https:\\\/\\\/blackholediscos.com\\\/#organization\"},\"potentialAction\":[{\"@type\":\"SearchAction\",\"target\":{\"@type\":\"EntryPoint\",\"urlTemplate\":\"https:\\\/\\\/blackholediscos.com\\\/?s={search_term_string}\"},\"query-input\":{\"@type\":\"PropertyValueSpecification\",\"valueRequired\":true,\"valueName\":\"search_term_string\"}}],\"inLanguage\":\"en-US\"},{\"@type\":\"Organization\",\"@id\":\"https:\\\/\\\/blackholediscos.com\\\/#organization\",\"name\":\"Black Hole Discos\",\"url\":\"https:\\\/\\\/blackholediscos.com\\\/\",\"logo\":{\"@type\":\"ImageObject\",\"inLanguage\":\"en-US\",\"@id\":\"https:\\\/\\\/blackholediscos.com\\\/#\\\/schema\\\/logo\\\/image\\\/\",\"url\":\"https:\\\/\\\/blackholediscos.com\\\/wp-content\\\/uploads\\\/2024\\\/06\\\/black-hole-discos-vinis-logo.png\",\"contentUrl\":\"https:\\\/\\\/blackholediscos.com\\\/wp-content\\\/uploads\\\/2024\\\/06\\\/black-hole-discos-vinis-logo.png\",\"width\":70,\"height\":66,\"caption\":\"Black Hole Discos\"},\"image\":{\"@id\":\"https:\\\/\\\/blackholediscos.com\\\/#\\\/schema\\\/logo\\\/image\\\/\"},\"sameAs\":[\"https:\\\/\\\/www.instagram.com\\\/blackholediscos\\\/\"]}]}<\/script>\n<!-- \/ Yoast SEO plugin. -->","yoast_head_json":{"title":"Paulo moura hepteto - Fibra - Black Hole Discos","robots":{"index":"index","follow":"follow","max-snippet":"max-snippet:-1","max-image-preview":"max-image-preview:large","max-video-preview":"max-video-preview:-1"},"canonical":"https:\/\/blackholediscos.com\/en\/product\/paulo-moura-hepteto-fibra\/","og_locale":"en_US","og_type":"article","og_title":"Paulo moura hepteto - Fibra - Black Hole Discos","og_description":"Lp Vinil primeira edi\u00e7\u00e3o em perfeito estado de conserva\u00e7\u00e3o Label: Equipe \u2013 EQC-800.003 A1 Fibra 2:35 A2 Ana Lia&#8217;s Blues 3:26 A3 Filgueiras 2:58 A4 Samba De Orfeu 3:33 A5 Tema Dos Deuses 3:04 B1 Vera Cruz 3:30 B2 Aquarela Do Brasil 3:20 B3 Cravo E Canela 2:47 B4 General Da Banda 2:50 B5 Bitucudas [&hellip;]","og_url":"https:\/\/blackholediscos.com\/en\/product\/paulo-moura-hepteto-fibra\/","og_site_name":"Black Hole Discos","article_publisher":"https:\/\/www.instagram.com\/blackholediscos\/","article_modified_time":"2024-06-29T20:52:13+00:00","og_image":[{"width":2560,"height":2560,"url":"https:\/\/blackholediscos.com\/wp-content\/uploads\/2024\/06\/IMG_6573-scaled.jpeg","type":"image\/jpeg"}],"twitter_card":"summary_large_image","twitter_misc":{"Est. reading time":"1 minute"},"schema":{"@context":"https:\/\/schema.org","@graph":[{"@type":"WebPage","@id":"https:\/\/blackholediscos.com\/product\/paulo-moura-hepteto-fibra\/","url":"https:\/\/blackholediscos.com\/product\/paulo-moura-hepteto-fibra\/","name":"Paulo moura hepteto - Fibra - Black Hole Discos","isPartOf":{"@id":"https:\/\/blackholediscos.com\/#website"},"primaryImageOfPage":{"@id":"https:\/\/blackholediscos.com\/product\/paulo-moura-hepteto-fibra\/#primaryimage"},"image":{"@id":"https:\/\/blackholediscos.com\/product\/paulo-moura-hepteto-fibra\/#primaryimage"},"thumbnailUrl":"https:\/\/blackholediscos.com\/wp-content\/uploads\/2024\/06\/IMG_6573-scaled.jpeg","datePublished":"2024-06-24T03:31:28+00:00","dateModified":"2024-06-29T20:52:13+00:00","breadcrumb":{"@id":"https:\/\/blackholediscos.com\/product\/paulo-moura-hepteto-fibra\/#breadcrumb"},"inLanguage":"en-US","potentialAction":[{"@type":"ReadAction","target":["https:\/\/blackholediscos.com\/product\/paulo-moura-hepteto-fibra\/"]}]},{"@type":"ImageObject","inLanguage":"en-US","@id":"https:\/\/blackholediscos.com\/product\/paulo-moura-hepteto-fibra\/#primaryimage","url":"https:\/\/blackholediscos.com\/wp-content\/uploads\/2024\/06\/IMG_6573-scaled.jpeg","contentUrl":"https:\/\/blackholediscos.com\/wp-content\/uploads\/2024\/06\/IMG_6573-scaled.jpeg","width":2560,"height":2560},{"@type":"BreadcrumbList","@id":"https:\/\/blackholediscos.com\/product\/paulo-moura-hepteto-fibra\/#breadcrumb","itemListElement":[{"@type":"ListItem","position":1,"name":"In\u00edcio","item":"https:\/\/blackholediscos.com\/"},{"@type":"ListItem","position":2,"name":"Shop","item":"https:\/\/blackholediscos.com\/shop\/"},{"@type":"ListItem","position":3,"name":"Paulo moura hepteto &#8211; Fibra"}]},{"@type":"WebSite","@id":"https:\/\/blackholediscos.com\/#website","url":"https:\/\/blackholediscos.com\/","name":"Black Hole Discos","description":"Brazilian music LPs","publisher":{"@id":"https:\/\/blackholediscos.com\/#organization"},"potentialAction":[{"@type":"SearchAction","target":{"@type":"EntryPoint","urlTemplate":"https:\/\/blackholediscos.com\/?s={search_term_string}"},"query-input":{"@type":"PropertyValueSpecification","valueRequired":true,"valueName":"search_term_string"}}],"inLanguage":"en-US"},{"@type":"Organization","@id":"https:\/\/blackholediscos.com\/#organization","name":"Black Hole Discos","url":"https:\/\/blackholediscos.com\/","logo":{"@type":"ImageObject","inLanguage":"en-US","@id":"https:\/\/blackholediscos.com\/#\/schema\/logo\/image\/","url":"https:\/\/blackholediscos.com\/wp-content\/uploads\/2024\/06\/black-hole-discos-vinis-logo.png","contentUrl":"https:\/\/blackholediscos.com\/wp-content\/uploads\/2024\/06\/black-hole-discos-vinis-logo.png","width":70,"height":66,"caption":"Black Hole Discos"},"image":{"@id":"https:\/\/blackholediscos.com\/#\/schema\/logo\/image\/"},"sameAs":["https:\/\/www.instagram.com\/blackholediscos\/"]}]}},"_links":{"self":[{"href":"https:\/\/blackholediscos.com\/en\/wp-json\/wp\/v2\/product\/2163","targetHints":{"allow":["GET"]}}],"collection":[{"href":"https:\/\/blackholediscos.com\/en\/wp-json\/wp\/v2\/product"}],"about":[{"href":"https:\/\/blackholediscos.com\/en\/wp-json\/wp\/v2\/types\/product"}],"replies":[{"embeddable":true,"href":"https:\/\/blackholediscos.com\/en\/wp-json\/wp\/v2\/comments?post=2163"}],"wp:featuredmedia":[{"embeddable":true,"href":"https:\/\/blackholediscos.com\/en\/wp-json\/wp\/v2\/media\/1932"}],"wp:attachment":[{"href":"https:\/\/blackholediscos.com\/en\/wp-json\/wp\/v2\/media?parent=2163"}],"wp:term":[{"taxonomy":"product_brand","embeddable":true,"href":"https:\/\/blackholediscos.com\/en\/wp-json\/wp\/v2\/product_brand?post=2163"},{"taxonomy":"product_cat","embeddable":true,"href":"https:\/\/blackholediscos.com\/en\/wp-json\/wp\/v2\/product_cat?post=2163"},{"taxonomy":"product_tag","embeddable":true,"href":"https:\/\/blackholediscos.com\/en\/wp-json\/wp\/v2\/product_tag?post=2163"},{"taxonomy":"artista","embeddable":true,"href":"https:\/\/blackholediscos.com\/en\/wp-json\/wp\/v2\/artista?post=2163"},{"taxonomy":"produtora","embeddable":true,"href":"https:\/\/blackholediscos.com\/en\/wp-json\/wp\/v2\/produtora?post=2163"},{"taxonomy":"ano","embeddable":true,"href":"https:\/\/blackholediscos.com\/en\/wp-json\/wp\/v2\/ano?post=2163"}],"curies":[{"name":"wp","href":"https:\/\/api.w.org\/{rel}","templated":true}]}}