{"id":2148,"date":"2024-06-24T10:18:25","date_gmt":"2024-06-24T10:18:25","guid":{"rendered":"https:\/\/blackholediscos.com\/?post_type=product&#038;p=2148"},"modified":"2024-06-29T20:40:49","modified_gmt":"2024-06-29T20:40:49","slug":"eduardo-wagner-eduardo-wagner","status":"publish","type":"product","link":"https:\/\/blackholediscos.com\/en\/product\/eduardo-wagner-eduardo-wagner\/","title":{"rendered":"Eduardo &#038; Wagner \u2013 Eduardo &#038; Wagner"},"content":{"rendered":"<p>LP original de \u00e9poca em perfeitas condi\u00e7\u00f5es de m\u00eddia e capa.<\/p>\n<p>Gal\u00e1xia Discos \u2013 EWGD 001\/83<\/p>\n<p>A1\t\tGosto de Ti com Desgosto<br \/>\nWritten By \u2013 Carlos Drummond de Andrade, Eduardo &#038; Wagner<br \/>\n3:03<br \/>\nA2\t\tCasa Suspeita<br \/>\nWritten By \u2013 Eduardo &#038; Wagner<br \/>\n3:33<br \/>\nA3\t\tTango-Choro<br \/>\nWritten By \u2013 Wagner Campos (3)<br \/>\n2:30<br \/>\nA4\t\tAcorda Donzela<br \/>\nWritten By \u2013 Eduardo &#038; Wagner<br \/>\n3:52<br \/>\nA5\t\tA Silhueta<br \/>\nWritten By \u2013 Eduardo &#038; Wagner, Manuel Bandeira<br \/>\n4:06<br \/>\nB1\t\tSolau de desamado<br \/>\nWritten By \u2013 Eduardo &#038; Wagner, Manuel Bandeira<br \/>\n3:45<br \/>\nB2\t\tModinha Antiga<br \/>\nWritten By \u2013 Eduardo &#038; Wagner<br \/>\n3:55<br \/>\nB3\t\tChoro n 2<br \/>\nWritten By \u2013 Eduardo Camenietzki<br \/>\n2:20<br \/>\nB4\t\tCena Curta<br \/>\nWritten By \u2013 Eduardo &#038; Wagner<br \/>\n4:20<br \/>\nB5\t\tValsa Rom\u00e2ntica<br \/>\nWritten By \u2013 Eduardo &#038; Wagner, Manuel Bandeira<\/p>\n<p>Artwork \u2013 Oscar Niemeyer<br \/>\nCover \u2013 Jo\u00e3o Carlos Guedes<br \/>\nEngineer \u2013 Franck Justo Acker<br \/>\nFlute \u2013 Carlos Eduardo Schroeter (tracks: A2, A3, B4), Virginia Van Der Linden (tracks: A2, B4)<br \/>\nMastered By \u2013 Toninho Barbosa<br \/>\nPhotography \u2013 Jo\u00e3o Carlos Guedes, Katia Jaimovich<\/p>","protected":false},"excerpt":{"rendered":"<p>LP original de \u00e9poca em perfeitas condi\u00e7\u00f5es de m\u00eddia e capa. Gal\u00e1xia Discos \u2013 EWGD 001\/83 A1 Gosto de Ti com Desgosto Written By \u2013 Carlos Drummond de Andrade, Eduardo &#038; Wagner 3:03 A2 Casa Suspeita Written By \u2013 Eduardo &#038; Wagner 3:33 A3 Tango-Choro Written By \u2013 Wagner Campos (3) 2:30 A4 Acorda Donzela [&hellip;]<\/p>\n","protected":false},"featured_media":1657,"comment_status":"open","ping_status":"closed","template":"","meta":{"_acf_changed":false},"product_brand":[],"product_cat":[332,508,173],"product_tag":[],"artista":[556],"produtora":[557],"ano":[249],"class_list":{"0":"post-2148","1":"product","2":"type-product","3":"status-publish","4":"has-post-thumbnail","6":"product_cat-selos-independentes","7":"product_cat-folk-rock","8":"product_cat-rock-alternativo","9":"artista-eduardo-wagner","10":"produtora-galaxia-discos","11":"ano-249","13":"first","14":"instock","15":"shipping-taxable","16":"purchasable","17":"product-type-simple"},"acf":[],"yoast_head":"<!-- This site is optimized with the Yoast SEO plugin v27.5 - https:\/\/yoast.com\/product\/yoast-seo-wordpress\/ -->\n<title>Eduardo &amp; Wagner \u2013 Eduardo &amp; Wagner - Black Hole Discos<\/title>\n<meta name=\"robots\" content=\"index, follow, max-snippet:-1, max-image-preview:large, max-video-preview:-1\" \/>\n<link rel=\"canonical\" href=\"https:\/\/blackholediscos.com\/en\/product\/eduardo-wagner-eduardo-wagner\/\" \/>\n<meta property=\"og:locale\" content=\"en_US\" \/>\n<meta property=\"og:type\" content=\"article\" \/>\n<meta property=\"og:title\" content=\"Eduardo &amp; Wagner \u2013 Eduardo &amp; Wagner - Black Hole Discos\" \/>\n<meta property=\"og:description\" content=\"LP original de \u00e9poca em perfeitas condi\u00e7\u00f5es de m\u00eddia e capa. Gal\u00e1xia Discos \u2013 EWGD 001\/83 A1 Gosto de Ti com Desgosto Written By \u2013 Carlos Drummond de Andrade, Eduardo &#038; Wagner 3:03 A2 Casa Suspeita Written By \u2013 Eduardo &#038; Wagner 3:33 A3 Tango-Choro Written By \u2013 Wagner Campos (3) 2:30 A4 Acorda Donzela [&hellip;]\" \/>\n<meta property=\"og:url\" content=\"https:\/\/blackholediscos.com\/en\/product\/eduardo-wagner-eduardo-wagner\/\" \/>\n<meta property=\"og:site_name\" content=\"Black Hole Discos\" \/>\n<meta property=\"article:publisher\" content=\"https:\/\/www.instagram.com\/blackholediscos\/\" \/>\n<meta property=\"article:modified_time\" content=\"2024-06-29T20:40:49+00:00\" \/>\n<meta property=\"og:image\" content=\"https:\/\/blackholediscos.com\/wp-content\/uploads\/2024\/06\/WhatsApp-Image-2024-06-23-at-16.39.17-scaled.jpeg\" \/>\n\t<meta property=\"og:image:width\" content=\"2560\" \/>\n\t<meta property=\"og:image:height\" content=\"2560\" \/>\n\t<meta property=\"og:image:type\" content=\"image\/jpeg\" \/>\n<meta name=\"twitter:card\" content=\"summary_large_image\" \/>\n<meta name=\"twitter:label1\" content=\"Est. reading time\" \/>\n\t<meta name=\"twitter:data1\" content=\"2 minutes\" \/>\n<script type=\"application\/ld+json\" class=\"yoast-schema-graph\">{\"@context\":\"https:\\\/\\\/schema.org\",\"@graph\":[{\"@type\":\"WebPage\",\"@id\":\"https:\\\/\\\/blackholediscos.com\\\/product\\\/eduardo-wagner-eduardo-wagner\\\/\",\"url\":\"https:\\\/\\\/blackholediscos.com\\\/product\\\/eduardo-wagner-eduardo-wagner\\\/\",\"name\":\"Eduardo & Wagner \u2013 Eduardo & Wagner - Black Hole Discos\",\"isPartOf\":{\"@id\":\"https:\\\/\\\/blackholediscos.com\\\/#website\"},\"primaryImageOfPage\":{\"@id\":\"https:\\\/\\\/blackholediscos.com\\\/product\\\/eduardo-wagner-eduardo-wagner\\\/#primaryimage\"},\"image\":{\"@id\":\"https:\\\/\\\/blackholediscos.com\\\/product\\\/eduardo-wagner-eduardo-wagner\\\/#primaryimage\"},\"thumbnailUrl\":\"https:\\\/\\\/blackholediscos.com\\\/wp-content\\\/uploads\\\/2024\\\/06\\\/WhatsApp-Image-2024-06-23-at-16.39.17-scaled.jpeg\",\"datePublished\":\"2024-06-24T10:18:25+00:00\",\"dateModified\":\"2024-06-29T20:40:49+00:00\",\"breadcrumb\":{\"@id\":\"https:\\\/\\\/blackholediscos.com\\\/product\\\/eduardo-wagner-eduardo-wagner\\\/#breadcrumb\"},\"inLanguage\":\"en-US\",\"potentialAction\":[{\"@type\":\"ReadAction\",\"target\":[\"https:\\\/\\\/blackholediscos.com\\\/product\\\/eduardo-wagner-eduardo-wagner\\\/\"]}]},{\"@type\":\"ImageObject\",\"inLanguage\":\"en-US\",\"@id\":\"https:\\\/\\\/blackholediscos.com\\\/product\\\/eduardo-wagner-eduardo-wagner\\\/#primaryimage\",\"url\":\"https:\\\/\\\/blackholediscos.com\\\/wp-content\\\/uploads\\\/2024\\\/06\\\/WhatsApp-Image-2024-06-23-at-16.39.17-scaled.jpeg\",\"contentUrl\":\"https:\\\/\\\/blackholediscos.com\\\/wp-content\\\/uploads\\\/2024\\\/06\\\/WhatsApp-Image-2024-06-23-at-16.39.17-scaled.jpeg\",\"width\":2560,\"height\":2560},{\"@type\":\"BreadcrumbList\",\"@id\":\"https:\\\/\\\/blackholediscos.com\\\/product\\\/eduardo-wagner-eduardo-wagner\\\/#breadcrumb\",\"itemListElement\":[{\"@type\":\"ListItem\",\"position\":1,\"name\":\"In\u00edcio\",\"item\":\"https:\\\/\\\/blackholediscos.com\\\/\"},{\"@type\":\"ListItem\",\"position\":2,\"name\":\"Shop\",\"item\":\"https:\\\/\\\/blackholediscos.com\\\/shop\\\/\"},{\"@type\":\"ListItem\",\"position\":3,\"name\":\"Eduardo &#038; Wagner \u2013 Eduardo &#038; Wagner\"}]},{\"@type\":\"WebSite\",\"@id\":\"https:\\\/\\\/blackholediscos.com\\\/#website\",\"url\":\"https:\\\/\\\/blackholediscos.com\\\/\",\"name\":\"Black Hole Discos\",\"description\":\"Brazilian music LPs\",\"publisher\":{\"@id\":\"https:\\\/\\\/blackholediscos.com\\\/#organization\"},\"potentialAction\":[{\"@type\":\"SearchAction\",\"target\":{\"@type\":\"EntryPoint\",\"urlTemplate\":\"https:\\\/\\\/blackholediscos.com\\\/?s={search_term_string}\"},\"query-input\":{\"@type\":\"PropertyValueSpecification\",\"valueRequired\":true,\"valueName\":\"search_term_string\"}}],\"inLanguage\":\"en-US\"},{\"@type\":\"Organization\",\"@id\":\"https:\\\/\\\/blackholediscos.com\\\/#organization\",\"name\":\"Black Hole Discos\",\"url\":\"https:\\\/\\\/blackholediscos.com\\\/\",\"logo\":{\"@type\":\"ImageObject\",\"inLanguage\":\"en-US\",\"@id\":\"https:\\\/\\\/blackholediscos.com\\\/#\\\/schema\\\/logo\\\/image\\\/\",\"url\":\"https:\\\/\\\/blackholediscos.com\\\/wp-content\\\/uploads\\\/2024\\\/06\\\/black-hole-discos-vinis-logo.png\",\"contentUrl\":\"https:\\\/\\\/blackholediscos.com\\\/wp-content\\\/uploads\\\/2024\\\/06\\\/black-hole-discos-vinis-logo.png\",\"width\":70,\"height\":66,\"caption\":\"Black Hole Discos\"},\"image\":{\"@id\":\"https:\\\/\\\/blackholediscos.com\\\/#\\\/schema\\\/logo\\\/image\\\/\"},\"sameAs\":[\"https:\\\/\\\/www.instagram.com\\\/blackholediscos\\\/\"]}]}<\/script>\n<!-- \/ Yoast SEO plugin. -->","yoast_head_json":{"title":"Eduardo & Wagner \u2013 Eduardo & Wagner - Black Hole Discos","robots":{"index":"index","follow":"follow","max-snippet":"max-snippet:-1","max-image-preview":"max-image-preview:large","max-video-preview":"max-video-preview:-1"},"canonical":"https:\/\/blackholediscos.com\/en\/product\/eduardo-wagner-eduardo-wagner\/","og_locale":"en_US","og_type":"article","og_title":"Eduardo & Wagner \u2013 Eduardo & Wagner - Black Hole Discos","og_description":"LP original de \u00e9poca em perfeitas condi\u00e7\u00f5es de m\u00eddia e capa. Gal\u00e1xia Discos \u2013 EWGD 001\/83 A1 Gosto de Ti com Desgosto Written By \u2013 Carlos Drummond de Andrade, Eduardo &#038; Wagner 3:03 A2 Casa Suspeita Written By \u2013 Eduardo &#038; Wagner 3:33 A3 Tango-Choro Written By \u2013 Wagner Campos (3) 2:30 A4 Acorda Donzela [&hellip;]","og_url":"https:\/\/blackholediscos.com\/en\/product\/eduardo-wagner-eduardo-wagner\/","og_site_name":"Black Hole Discos","article_publisher":"https:\/\/www.instagram.com\/blackholediscos\/","article_modified_time":"2024-06-29T20:40:49+00:00","og_image":[{"width":2560,"height":2560,"url":"https:\/\/blackholediscos.com\/wp-content\/uploads\/2024\/06\/WhatsApp-Image-2024-06-23-at-16.39.17-scaled.jpeg","type":"image\/jpeg"}],"twitter_card":"summary_large_image","twitter_misc":{"Est. reading time":"2 minutes"},"schema":{"@context":"https:\/\/schema.org","@graph":[{"@type":"WebPage","@id":"https:\/\/blackholediscos.com\/product\/eduardo-wagner-eduardo-wagner\/","url":"https:\/\/blackholediscos.com\/product\/eduardo-wagner-eduardo-wagner\/","name":"Eduardo & Wagner \u2013 Eduardo & Wagner - Black Hole Discos","isPartOf":{"@id":"https:\/\/blackholediscos.com\/#website"},"primaryImageOfPage":{"@id":"https:\/\/blackholediscos.com\/product\/eduardo-wagner-eduardo-wagner\/#primaryimage"},"image":{"@id":"https:\/\/blackholediscos.com\/product\/eduardo-wagner-eduardo-wagner\/#primaryimage"},"thumbnailUrl":"https:\/\/blackholediscos.com\/wp-content\/uploads\/2024\/06\/WhatsApp-Image-2024-06-23-at-16.39.17-scaled.jpeg","datePublished":"2024-06-24T10:18:25+00:00","dateModified":"2024-06-29T20:40:49+00:00","breadcrumb":{"@id":"https:\/\/blackholediscos.com\/product\/eduardo-wagner-eduardo-wagner\/#breadcrumb"},"inLanguage":"en-US","potentialAction":[{"@type":"ReadAction","target":["https:\/\/blackholediscos.com\/product\/eduardo-wagner-eduardo-wagner\/"]}]},{"@type":"ImageObject","inLanguage":"en-US","@id":"https:\/\/blackholediscos.com\/product\/eduardo-wagner-eduardo-wagner\/#primaryimage","url":"https:\/\/blackholediscos.com\/wp-content\/uploads\/2024\/06\/WhatsApp-Image-2024-06-23-at-16.39.17-scaled.jpeg","contentUrl":"https:\/\/blackholediscos.com\/wp-content\/uploads\/2024\/06\/WhatsApp-Image-2024-06-23-at-16.39.17-scaled.jpeg","width":2560,"height":2560},{"@type":"BreadcrumbList","@id":"https:\/\/blackholediscos.com\/product\/eduardo-wagner-eduardo-wagner\/#breadcrumb","itemListElement":[{"@type":"ListItem","position":1,"name":"In\u00edcio","item":"https:\/\/blackholediscos.com\/"},{"@type":"ListItem","position":2,"name":"Shop","item":"https:\/\/blackholediscos.com\/shop\/"},{"@type":"ListItem","position":3,"name":"Eduardo &#038; Wagner \u2013 Eduardo &#038; Wagner"}]},{"@type":"WebSite","@id":"https:\/\/blackholediscos.com\/#website","url":"https:\/\/blackholediscos.com\/","name":"Black Hole Discos","description":"Brazilian music LPs","publisher":{"@id":"https:\/\/blackholediscos.com\/#organization"},"potentialAction":[{"@type":"SearchAction","target":{"@type":"EntryPoint","urlTemplate":"https:\/\/blackholediscos.com\/?s={search_term_string}"},"query-input":{"@type":"PropertyValueSpecification","valueRequired":true,"valueName":"search_term_string"}}],"inLanguage":"en-US"},{"@type":"Organization","@id":"https:\/\/blackholediscos.com\/#organization","name":"Black Hole Discos","url":"https:\/\/blackholediscos.com\/","logo":{"@type":"ImageObject","inLanguage":"en-US","@id":"https:\/\/blackholediscos.com\/#\/schema\/logo\/image\/","url":"https:\/\/blackholediscos.com\/wp-content\/uploads\/2024\/06\/black-hole-discos-vinis-logo.png","contentUrl":"https:\/\/blackholediscos.com\/wp-content\/uploads\/2024\/06\/black-hole-discos-vinis-logo.png","width":70,"height":66,"caption":"Black Hole Discos"},"image":{"@id":"https:\/\/blackholediscos.com\/#\/schema\/logo\/image\/"},"sameAs":["https:\/\/www.instagram.com\/blackholediscos\/"]}]}},"_links":{"self":[{"href":"https:\/\/blackholediscos.com\/en\/wp-json\/wp\/v2\/product\/2148","targetHints":{"allow":["GET"]}}],"collection":[{"href":"https:\/\/blackholediscos.com\/en\/wp-json\/wp\/v2\/product"}],"about":[{"href":"https:\/\/blackholediscos.com\/en\/wp-json\/wp\/v2\/types\/product"}],"replies":[{"embeddable":true,"href":"https:\/\/blackholediscos.com\/en\/wp-json\/wp\/v2\/comments?post=2148"}],"wp:featuredmedia":[{"embeddable":true,"href":"https:\/\/blackholediscos.com\/en\/wp-json\/wp\/v2\/media\/1657"}],"wp:attachment":[{"href":"https:\/\/blackholediscos.com\/en\/wp-json\/wp\/v2\/media?parent=2148"}],"wp:term":[{"taxonomy":"product_brand","embeddable":true,"href":"https:\/\/blackholediscos.com\/en\/wp-json\/wp\/v2\/product_brand?post=2148"},{"taxonomy":"product_cat","embeddable":true,"href":"https:\/\/blackholediscos.com\/en\/wp-json\/wp\/v2\/product_cat?post=2148"},{"taxonomy":"product_tag","embeddable":true,"href":"https:\/\/blackholediscos.com\/en\/wp-json\/wp\/v2\/product_tag?post=2148"},{"taxonomy":"artista","embeddable":true,"href":"https:\/\/blackholediscos.com\/en\/wp-json\/wp\/v2\/artista?post=2148"},{"taxonomy":"produtora","embeddable":true,"href":"https:\/\/blackholediscos.com\/en\/wp-json\/wp\/v2\/produtora?post=2148"},{"taxonomy":"ano","embeddable":true,"href":"https:\/\/blackholediscos.com\/en\/wp-json\/wp\/v2\/ano?post=2148"}],"curies":[{"name":"wp","href":"https:\/\/api.w.org\/{rel}","templated":true}]}}