{"id":2130,"date":"2024-06-24T00:00:06","date_gmt":"2024-06-24T00:00:06","guid":{"rendered":"https:\/\/blackholediscos.com\/?post_type=product&#038;p=2130"},"modified":"2024-06-29T20:14:52","modified_gmt":"2024-06-29T20:14:52","slug":"nivaldo-ornelas-nivaldo-ornelas-mpbc","status":"publish","type":"product","link":"https:\/\/blackholediscos.com\/en\/product\/nivaldo-ornelas-nivaldo-ornelas-mpbc\/","title":{"rendered":"Nivaldo Ornelas &#8211; Nivaldo Ornelas MPBC"},"content":{"rendered":"<p>LP Original de \u00e9poca em perfeita condi\u00e7\u00f5es de m\u00eddia e muito boa condi\u00e7\u00f5es de capa.<\/p>\n<p>Philips \u2013 6349 375<\/p>\n<p>A1\t\tAs Minas De Morro Velho<br \/>\nComposed By \u2013 Cid Ornelas, Nivaldo Ornelas<br \/>\nA2\t\tPortal Dos Anjos<br \/>\nComposed By \u2013 Nivaldo Ornelas, Roberto Fabel<br \/>\nA3\t\tArqueiro Do Rei<br \/>\nComposed By \u2013 Nivaldo Ornelas<br \/>\nA4\t\tNinfas<br \/>\nComposed By \u2013 Nivaldo Ornelas<br \/>\nB1\t\tQuerubins E Serafins<br \/>\nComposed By \u2013 Nivaldo Ornelas<br \/>\nB2\t\tSorrisos De Uma Crian\u00e7a<br \/>\nComposed By \u2013 Nivaldo Ornelas<br \/>\nB3\t\tCidadela<br \/>\nComposed By \u2013 Jairo Lara, Nivaldo Ornelas<br \/>\nB4\t\tO Que H\u00e1 De Mais Sagrado<br \/>\nComposed By \u2013 Nivaldo Ornelas<\/p>","protected":false},"excerpt":{"rendered":"<p>LP Original de \u00e9poca em perfeita condi\u00e7\u00f5es de m\u00eddia e muito boa condi\u00e7\u00f5es de capa. Philips \u2013 6349 375 A1 As Minas De Morro Velho Composed By \u2013 Cid Ornelas, Nivaldo Ornelas A2 Portal Dos Anjos Composed By \u2013 Nivaldo Ornelas, Roberto Fabel A3 Arqueiro Do Rei Composed By \u2013 Nivaldo Ornelas A4 Ninfas Composed [&hellip;]<\/p>\n","protected":false},"featured_media":1774,"comment_status":"open","ping_status":"closed","template":"","meta":{"_acf_changed":false},"product_brand":[],"product_cat":[525,48],"product_tag":[],"artista":[529],"produtora":[],"ano":[18],"class_list":{"0":"post-2130","1":"product","2":"type-product","3":"status-publish","4":"has-post-thumbnail","6":"product_cat-mpbc-musica-popular-brasileira-contemporanea","7":"product_cat-psicodelia","8":"artista-nivaldo-ornelas","9":"ano-18","11":"first","12":"instock","13":"shipping-taxable","14":"purchasable","15":"product-type-simple"},"acf":[],"yoast_head":"<!-- This site is optimized with the Yoast SEO plugin v27.3 - https:\/\/yoast.com\/product\/yoast-seo-wordpress\/ -->\n<title>Nivaldo Ornelas - Nivaldo Ornelas MPBC - Black Hole Discos<\/title>\n<meta name=\"robots\" content=\"index, follow, max-snippet:-1, max-image-preview:large, max-video-preview:-1\" \/>\n<link rel=\"canonical\" href=\"https:\/\/blackholediscos.com\/en\/product\/nivaldo-ornelas-nivaldo-ornelas-mpbc\/\" \/>\n<meta property=\"og:locale\" content=\"en_US\" \/>\n<meta property=\"og:type\" content=\"article\" \/>\n<meta property=\"og:title\" content=\"Nivaldo Ornelas - Nivaldo Ornelas MPBC - Black Hole Discos\" \/>\n<meta property=\"og:description\" content=\"LP Original de \u00e9poca em perfeita condi\u00e7\u00f5es de m\u00eddia e muito boa condi\u00e7\u00f5es de capa. Philips \u2013 6349 375 A1 As Minas De Morro Velho Composed By \u2013 Cid Ornelas, Nivaldo Ornelas A2 Portal Dos Anjos Composed By \u2013 Nivaldo Ornelas, Roberto Fabel A3 Arqueiro Do Rei Composed By \u2013 Nivaldo Ornelas A4 Ninfas Composed [&hellip;]\" \/>\n<meta property=\"og:url\" content=\"https:\/\/blackholediscos.com\/en\/product\/nivaldo-ornelas-nivaldo-ornelas-mpbc\/\" \/>\n<meta property=\"og:site_name\" content=\"Black Hole Discos\" \/>\n<meta property=\"article:publisher\" content=\"https:\/\/www.instagram.com\/blackholediscos\/\" \/>\n<meta property=\"article:modified_time\" content=\"2024-06-29T20:14:52+00:00\" \/>\n<meta property=\"og:image\" content=\"https:\/\/blackholediscos.com\/wp-content\/uploads\/2024\/06\/WhatsApp-Image-2024-06-23-at-17.27.28-8-scaled.jpeg\" \/>\n\t<meta property=\"og:image:width\" content=\"2560\" \/>\n\t<meta property=\"og:image:height\" content=\"2560\" \/>\n\t<meta property=\"og:image:type\" content=\"image\/jpeg\" \/>\n<meta name=\"twitter:card\" content=\"summary_large_image\" \/>\n<meta name=\"twitter:label1\" content=\"Est. reading time\" \/>\n\t<meta name=\"twitter:data1\" content=\"1 minute\" \/>\n<script type=\"application\/ld+json\" class=\"yoast-schema-graph\">{\"@context\":\"https:\\\/\\\/schema.org\",\"@graph\":[{\"@type\":\"WebPage\",\"@id\":\"https:\\\/\\\/blackholediscos.com\\\/product\\\/nivaldo-ornelas-nivaldo-ornelas-mpbc\\\/\",\"url\":\"https:\\\/\\\/blackholediscos.com\\\/product\\\/nivaldo-ornelas-nivaldo-ornelas-mpbc\\\/\",\"name\":\"Nivaldo Ornelas - Nivaldo Ornelas MPBC - Black Hole Discos\",\"isPartOf\":{\"@id\":\"https:\\\/\\\/blackholediscos.com\\\/#website\"},\"primaryImageOfPage\":{\"@id\":\"https:\\\/\\\/blackholediscos.com\\\/product\\\/nivaldo-ornelas-nivaldo-ornelas-mpbc\\\/#primaryimage\"},\"image\":{\"@id\":\"https:\\\/\\\/blackholediscos.com\\\/product\\\/nivaldo-ornelas-nivaldo-ornelas-mpbc\\\/#primaryimage\"},\"thumbnailUrl\":\"https:\\\/\\\/blackholediscos.com\\\/wp-content\\\/uploads\\\/2024\\\/06\\\/WhatsApp-Image-2024-06-23-at-17.27.28-8-scaled.jpeg\",\"datePublished\":\"2024-06-24T00:00:06+00:00\",\"dateModified\":\"2024-06-29T20:14:52+00:00\",\"breadcrumb\":{\"@id\":\"https:\\\/\\\/blackholediscos.com\\\/product\\\/nivaldo-ornelas-nivaldo-ornelas-mpbc\\\/#breadcrumb\"},\"inLanguage\":\"en-US\",\"potentialAction\":[{\"@type\":\"ReadAction\",\"target\":[\"https:\\\/\\\/blackholediscos.com\\\/product\\\/nivaldo-ornelas-nivaldo-ornelas-mpbc\\\/\"]}]},{\"@type\":\"ImageObject\",\"inLanguage\":\"en-US\",\"@id\":\"https:\\\/\\\/blackholediscos.com\\\/product\\\/nivaldo-ornelas-nivaldo-ornelas-mpbc\\\/#primaryimage\",\"url\":\"https:\\\/\\\/blackholediscos.com\\\/wp-content\\\/uploads\\\/2024\\\/06\\\/WhatsApp-Image-2024-06-23-at-17.27.28-8-scaled.jpeg\",\"contentUrl\":\"https:\\\/\\\/blackholediscos.com\\\/wp-content\\\/uploads\\\/2024\\\/06\\\/WhatsApp-Image-2024-06-23-at-17.27.28-8-scaled.jpeg\",\"width\":2560,\"height\":2560},{\"@type\":\"BreadcrumbList\",\"@id\":\"https:\\\/\\\/blackholediscos.com\\\/product\\\/nivaldo-ornelas-nivaldo-ornelas-mpbc\\\/#breadcrumb\",\"itemListElement\":[{\"@type\":\"ListItem\",\"position\":1,\"name\":\"In\u00edcio\",\"item\":\"https:\\\/\\\/blackholediscos.com\\\/\"},{\"@type\":\"ListItem\",\"position\":2,\"name\":\"Shop\",\"item\":\"https:\\\/\\\/blackholediscos.com\\\/shop\\\/\"},{\"@type\":\"ListItem\",\"position\":3,\"name\":\"Nivaldo Ornelas &#8211; Nivaldo Ornelas MPBC\"}]},{\"@type\":\"WebSite\",\"@id\":\"https:\\\/\\\/blackholediscos.com\\\/#website\",\"url\":\"https:\\\/\\\/blackholediscos.com\\\/\",\"name\":\"Black Hole Discos\",\"description\":\"Brazilian music LPs\",\"publisher\":{\"@id\":\"https:\\\/\\\/blackholediscos.com\\\/#organization\"},\"potentialAction\":[{\"@type\":\"SearchAction\",\"target\":{\"@type\":\"EntryPoint\",\"urlTemplate\":\"https:\\\/\\\/blackholediscos.com\\\/?s={search_term_string}\"},\"query-input\":{\"@type\":\"PropertyValueSpecification\",\"valueRequired\":true,\"valueName\":\"search_term_string\"}}],\"inLanguage\":\"en-US\"},{\"@type\":\"Organization\",\"@id\":\"https:\\\/\\\/blackholediscos.com\\\/#organization\",\"name\":\"Black Hole Discos\",\"url\":\"https:\\\/\\\/blackholediscos.com\\\/\",\"logo\":{\"@type\":\"ImageObject\",\"inLanguage\":\"en-US\",\"@id\":\"https:\\\/\\\/blackholediscos.com\\\/#\\\/schema\\\/logo\\\/image\\\/\",\"url\":\"https:\\\/\\\/blackholediscos.com\\\/wp-content\\\/uploads\\\/2024\\\/06\\\/black-hole-discos-vinis-logo.png\",\"contentUrl\":\"https:\\\/\\\/blackholediscos.com\\\/wp-content\\\/uploads\\\/2024\\\/06\\\/black-hole-discos-vinis-logo.png\",\"width\":70,\"height\":66,\"caption\":\"Black Hole Discos\"},\"image\":{\"@id\":\"https:\\\/\\\/blackholediscos.com\\\/#\\\/schema\\\/logo\\\/image\\\/\"},\"sameAs\":[\"https:\\\/\\\/www.instagram.com\\\/blackholediscos\\\/\"]}]}<\/script>\n<!-- \/ Yoast SEO plugin. -->","yoast_head_json":{"title":"Nivaldo Ornelas - Nivaldo Ornelas MPBC - Black Hole Discos","robots":{"index":"index","follow":"follow","max-snippet":"max-snippet:-1","max-image-preview":"max-image-preview:large","max-video-preview":"max-video-preview:-1"},"canonical":"https:\/\/blackholediscos.com\/en\/product\/nivaldo-ornelas-nivaldo-ornelas-mpbc\/","og_locale":"en_US","og_type":"article","og_title":"Nivaldo Ornelas - Nivaldo Ornelas MPBC - Black Hole Discos","og_description":"LP Original de \u00e9poca em perfeita condi\u00e7\u00f5es de m\u00eddia e muito boa condi\u00e7\u00f5es de capa. Philips \u2013 6349 375 A1 As Minas De Morro Velho Composed By \u2013 Cid Ornelas, Nivaldo Ornelas A2 Portal Dos Anjos Composed By \u2013 Nivaldo Ornelas, Roberto Fabel A3 Arqueiro Do Rei Composed By \u2013 Nivaldo Ornelas A4 Ninfas Composed [&hellip;]","og_url":"https:\/\/blackholediscos.com\/en\/product\/nivaldo-ornelas-nivaldo-ornelas-mpbc\/","og_site_name":"Black Hole Discos","article_publisher":"https:\/\/www.instagram.com\/blackholediscos\/","article_modified_time":"2024-06-29T20:14:52+00:00","og_image":[{"width":2560,"height":2560,"url":"https:\/\/blackholediscos.com\/wp-content\/uploads\/2024\/06\/WhatsApp-Image-2024-06-23-at-17.27.28-8-scaled.jpeg","type":"image\/jpeg"}],"twitter_card":"summary_large_image","twitter_misc":{"Est. reading time":"1 minute"},"schema":{"@context":"https:\/\/schema.org","@graph":[{"@type":"WebPage","@id":"https:\/\/blackholediscos.com\/product\/nivaldo-ornelas-nivaldo-ornelas-mpbc\/","url":"https:\/\/blackholediscos.com\/product\/nivaldo-ornelas-nivaldo-ornelas-mpbc\/","name":"Nivaldo Ornelas - Nivaldo Ornelas MPBC - Black Hole Discos","isPartOf":{"@id":"https:\/\/blackholediscos.com\/#website"},"primaryImageOfPage":{"@id":"https:\/\/blackholediscos.com\/product\/nivaldo-ornelas-nivaldo-ornelas-mpbc\/#primaryimage"},"image":{"@id":"https:\/\/blackholediscos.com\/product\/nivaldo-ornelas-nivaldo-ornelas-mpbc\/#primaryimage"},"thumbnailUrl":"https:\/\/blackholediscos.com\/wp-content\/uploads\/2024\/06\/WhatsApp-Image-2024-06-23-at-17.27.28-8-scaled.jpeg","datePublished":"2024-06-24T00:00:06+00:00","dateModified":"2024-06-29T20:14:52+00:00","breadcrumb":{"@id":"https:\/\/blackholediscos.com\/product\/nivaldo-ornelas-nivaldo-ornelas-mpbc\/#breadcrumb"},"inLanguage":"en-US","potentialAction":[{"@type":"ReadAction","target":["https:\/\/blackholediscos.com\/product\/nivaldo-ornelas-nivaldo-ornelas-mpbc\/"]}]},{"@type":"ImageObject","inLanguage":"en-US","@id":"https:\/\/blackholediscos.com\/product\/nivaldo-ornelas-nivaldo-ornelas-mpbc\/#primaryimage","url":"https:\/\/blackholediscos.com\/wp-content\/uploads\/2024\/06\/WhatsApp-Image-2024-06-23-at-17.27.28-8-scaled.jpeg","contentUrl":"https:\/\/blackholediscos.com\/wp-content\/uploads\/2024\/06\/WhatsApp-Image-2024-06-23-at-17.27.28-8-scaled.jpeg","width":2560,"height":2560},{"@type":"BreadcrumbList","@id":"https:\/\/blackholediscos.com\/product\/nivaldo-ornelas-nivaldo-ornelas-mpbc\/#breadcrumb","itemListElement":[{"@type":"ListItem","position":1,"name":"In\u00edcio","item":"https:\/\/blackholediscos.com\/"},{"@type":"ListItem","position":2,"name":"Shop","item":"https:\/\/blackholediscos.com\/shop\/"},{"@type":"ListItem","position":3,"name":"Nivaldo Ornelas &#8211; Nivaldo Ornelas MPBC"}]},{"@type":"WebSite","@id":"https:\/\/blackholediscos.com\/#website","url":"https:\/\/blackholediscos.com\/","name":"Black Hole Discos","description":"Brazilian music LPs","publisher":{"@id":"https:\/\/blackholediscos.com\/#organization"},"potentialAction":[{"@type":"SearchAction","target":{"@type":"EntryPoint","urlTemplate":"https:\/\/blackholediscos.com\/?s={search_term_string}"},"query-input":{"@type":"PropertyValueSpecification","valueRequired":true,"valueName":"search_term_string"}}],"inLanguage":"en-US"},{"@type":"Organization","@id":"https:\/\/blackholediscos.com\/#organization","name":"Black Hole Discos","url":"https:\/\/blackholediscos.com\/","logo":{"@type":"ImageObject","inLanguage":"en-US","@id":"https:\/\/blackholediscos.com\/#\/schema\/logo\/image\/","url":"https:\/\/blackholediscos.com\/wp-content\/uploads\/2024\/06\/black-hole-discos-vinis-logo.png","contentUrl":"https:\/\/blackholediscos.com\/wp-content\/uploads\/2024\/06\/black-hole-discos-vinis-logo.png","width":70,"height":66,"caption":"Black Hole Discos"},"image":{"@id":"https:\/\/blackholediscos.com\/#\/schema\/logo\/image\/"},"sameAs":["https:\/\/www.instagram.com\/blackholediscos\/"]}]}},"_links":{"self":[{"href":"https:\/\/blackholediscos.com\/en\/wp-json\/wp\/v2\/product\/2130","targetHints":{"allow":["GET"]}}],"collection":[{"href":"https:\/\/blackholediscos.com\/en\/wp-json\/wp\/v2\/product"}],"about":[{"href":"https:\/\/blackholediscos.com\/en\/wp-json\/wp\/v2\/types\/product"}],"replies":[{"embeddable":true,"href":"https:\/\/blackholediscos.com\/en\/wp-json\/wp\/v2\/comments?post=2130"}],"wp:featuredmedia":[{"embeddable":true,"href":"https:\/\/blackholediscos.com\/en\/wp-json\/wp\/v2\/media\/1774"}],"wp:attachment":[{"href":"https:\/\/blackholediscos.com\/en\/wp-json\/wp\/v2\/media?parent=2130"}],"wp:term":[{"taxonomy":"product_brand","embeddable":true,"href":"https:\/\/blackholediscos.com\/en\/wp-json\/wp\/v2\/product_brand?post=2130"},{"taxonomy":"product_cat","embeddable":true,"href":"https:\/\/blackholediscos.com\/en\/wp-json\/wp\/v2\/product_cat?post=2130"},{"taxonomy":"product_tag","embeddable":true,"href":"https:\/\/blackholediscos.com\/en\/wp-json\/wp\/v2\/product_tag?post=2130"},{"taxonomy":"artista","embeddable":true,"href":"https:\/\/blackholediscos.com\/en\/wp-json\/wp\/v2\/artista?post=2130"},{"taxonomy":"produtora","embeddable":true,"href":"https:\/\/blackholediscos.com\/en\/wp-json\/wp\/v2\/produtora?post=2130"},{"taxonomy":"ano","embeddable":true,"href":"https:\/\/blackholediscos.com\/en\/wp-json\/wp\/v2\/ano?post=2130"}],"curies":[{"name":"wp","href":"https:\/\/api.w.org\/{rel}","templated":true}]}}