{"id":2077,"date":"2024-06-23T23:29:41","date_gmt":"2024-06-23T23:29:41","guid":{"rendered":"https:\/\/blackholediscos.com\/?post_type=product&#038;p=2077"},"modified":"2024-06-29T20:22:52","modified_gmt":"2024-06-29T20:22:52","slug":"dercio-marques-segredos-vegetais","status":"publish","type":"product","link":"https:\/\/blackholediscos.com\/en\/product\/dercio-marques-segredos-vegetais\/","title":{"rendered":"D\u00e9rcio Marques \u2013 Segredos Vegetais"},"content":{"rendered":"<p>LP Original de \u00e9poca, gatefold e duplo. M\u00eddia em excelente condi\u00e7\u00f5es e capa em muito boa condi\u00e7\u00e3o. Acompanha os 2 raros encartes originais.<\/p>\n<p>Not On Label \u2013 803.640<\/p>\n<p>A\t\tAbertura &#8211; Tema De Flor Da Noite, Segredos, Tema De Canind\u00e9, Tema Do Milho, Palha Do Milho, Avat\u00ed, Deus Do Milho E Das Flores, Amarela Flor Do Dia, Tema Dos Segredos, Tema Da Tatarena\\Campo Branco, Natureza Oculta<br \/>\nB\t\tBela Pessoa, Musica Incidental: V\u00f4o Noturno, Segredos Vegetais, Umbela De Umbelas I, Umbela De Umbelas II, Tema Das Ervas<br \/>\nC\t\tCanto Dos Ip\u00eas Amarelos, C\u00edtara Medieval, Dand\u00f4 II, Tirana, Marianinha, Segredos Vegetais II<br \/>\nD\t\tV\u00f4o Noturno, Meninos De Volta Ao Mar, Cantiga De Ninar Ar\u00edcia, Tema Dos Meninos De Volta Ao Mar, Cancerto De Arames E P\u00e1ssaros, Tema De Jurema, Peleja Do Cisal, Tema Da Jurema II<\/p>","protected":false},"excerpt":{"rendered":"<p>LP Original de \u00e9poca, gatefold e duplo. M\u00eddia em excelente condi\u00e7\u00f5es e capa em muito boa condi\u00e7\u00e3o. Acompanha os 2 raros encartes originais. Not On Label \u2013 803.640 A Abertura &#8211; Tema De Flor Da Noite, Segredos, Tema De Canind\u00e9, Tema Do Milho, Palha Do Milho, Avat\u00ed, Deus Do Milho E Das Flores, Amarela Flor [&hellip;]<\/p>\n","protected":false},"featured_media":1788,"comment_status":"open","ping_status":"closed","template":"","meta":{"_acf_changed":false},"product_brand":[],"product_cat":[513,508],"product_tag":[],"artista":[505],"produtora":[],"ano":[383],"class_list":{"0":"post-2077","1":"product","2":"type-product","3":"status-publish","4":"has-post-thumbnail","6":"product_cat-experimental","7":"product_cat-folk-rock","8":"artista-dercio-marques","9":"ano-383","11":"first","12":"instock","13":"shipping-taxable","14":"purchasable","15":"product-type-simple"},"acf":[],"yoast_head":"<!-- This site is optimized with the Yoast SEO plugin v27.3 - https:\/\/yoast.com\/product\/yoast-seo-wordpress\/ -->\n<title>D\u00e9rcio Marques \u2013 Segredos Vegetais - Black Hole Discos<\/title>\n<meta name=\"robots\" content=\"index, follow, max-snippet:-1, max-image-preview:large, max-video-preview:-1\" \/>\n<link rel=\"canonical\" href=\"https:\/\/blackholediscos.com\/en\/product\/dercio-marques-segredos-vegetais\/\" \/>\n<meta property=\"og:locale\" content=\"en_US\" \/>\n<meta property=\"og:type\" content=\"article\" \/>\n<meta property=\"og:title\" content=\"D\u00e9rcio Marques \u2013 Segredos Vegetais - Black Hole Discos\" \/>\n<meta property=\"og:description\" content=\"LP Original de \u00e9poca, gatefold e duplo. M\u00eddia em excelente condi\u00e7\u00f5es e capa em muito boa condi\u00e7\u00e3o. Acompanha os 2 raros encartes originais. Not On Label \u2013 803.640 A Abertura &#8211; Tema De Flor Da Noite, Segredos, Tema De Canind\u00e9, Tema Do Milho, Palha Do Milho, Avat\u00ed, Deus Do Milho E Das Flores, Amarela Flor [&hellip;]\" \/>\n<meta property=\"og:url\" content=\"https:\/\/blackholediscos.com\/en\/product\/dercio-marques-segredos-vegetais\/\" \/>\n<meta property=\"og:site_name\" content=\"Black Hole Discos\" \/>\n<meta property=\"article:publisher\" content=\"https:\/\/www.instagram.com\/blackholediscos\/\" \/>\n<meta property=\"article:modified_time\" content=\"2024-06-29T20:22:52+00:00\" \/>\n<meta property=\"og:image\" content=\"https:\/\/blackholediscos.com\/wp-content\/uploads\/2024\/06\/WhatsApp-Image-2024-06-23-at-17.40.38-scaled.jpeg\" \/>\n\t<meta property=\"og:image:width\" content=\"2560\" \/>\n\t<meta property=\"og:image:height\" content=\"2560\" \/>\n\t<meta property=\"og:image:type\" content=\"image\/jpeg\" \/>\n<meta name=\"twitter:card\" content=\"summary_large_image\" \/>\n<meta name=\"twitter:label1\" content=\"Est. reading time\" \/>\n\t<meta name=\"twitter:data1\" content=\"1 minute\" \/>\n<script type=\"application\/ld+json\" class=\"yoast-schema-graph\">{\"@context\":\"https:\\\/\\\/schema.org\",\"@graph\":[{\"@type\":\"WebPage\",\"@id\":\"https:\\\/\\\/blackholediscos.com\\\/product\\\/dercio-marques-segredos-vegetais\\\/\",\"url\":\"https:\\\/\\\/blackholediscos.com\\\/product\\\/dercio-marques-segredos-vegetais\\\/\",\"name\":\"D\u00e9rcio Marques \u2013 Segredos Vegetais - Black Hole Discos\",\"isPartOf\":{\"@id\":\"https:\\\/\\\/blackholediscos.com\\\/#website\"},\"primaryImageOfPage\":{\"@id\":\"https:\\\/\\\/blackholediscos.com\\\/product\\\/dercio-marques-segredos-vegetais\\\/#primaryimage\"},\"image\":{\"@id\":\"https:\\\/\\\/blackholediscos.com\\\/product\\\/dercio-marques-segredos-vegetais\\\/#primaryimage\"},\"thumbnailUrl\":\"https:\\\/\\\/blackholediscos.com\\\/wp-content\\\/uploads\\\/2024\\\/06\\\/WhatsApp-Image-2024-06-23-at-17.40.38-scaled.jpeg\",\"datePublished\":\"2024-06-23T23:29:41+00:00\",\"dateModified\":\"2024-06-29T20:22:52+00:00\",\"breadcrumb\":{\"@id\":\"https:\\\/\\\/blackholediscos.com\\\/product\\\/dercio-marques-segredos-vegetais\\\/#breadcrumb\"},\"inLanguage\":\"en-US\",\"potentialAction\":[{\"@type\":\"ReadAction\",\"target\":[\"https:\\\/\\\/blackholediscos.com\\\/product\\\/dercio-marques-segredos-vegetais\\\/\"]}]},{\"@type\":\"ImageObject\",\"inLanguage\":\"en-US\",\"@id\":\"https:\\\/\\\/blackholediscos.com\\\/product\\\/dercio-marques-segredos-vegetais\\\/#primaryimage\",\"url\":\"https:\\\/\\\/blackholediscos.com\\\/wp-content\\\/uploads\\\/2024\\\/06\\\/WhatsApp-Image-2024-06-23-at-17.40.38-scaled.jpeg\",\"contentUrl\":\"https:\\\/\\\/blackholediscos.com\\\/wp-content\\\/uploads\\\/2024\\\/06\\\/WhatsApp-Image-2024-06-23-at-17.40.38-scaled.jpeg\",\"width\":2560,\"height\":2560},{\"@type\":\"BreadcrumbList\",\"@id\":\"https:\\\/\\\/blackholediscos.com\\\/product\\\/dercio-marques-segredos-vegetais\\\/#breadcrumb\",\"itemListElement\":[{\"@type\":\"ListItem\",\"position\":1,\"name\":\"In\u00edcio\",\"item\":\"https:\\\/\\\/blackholediscos.com\\\/\"},{\"@type\":\"ListItem\",\"position\":2,\"name\":\"Shop\",\"item\":\"https:\\\/\\\/blackholediscos.com\\\/shop\\\/\"},{\"@type\":\"ListItem\",\"position\":3,\"name\":\"D\u00e9rcio Marques \u2013 Segredos Vegetais\"}]},{\"@type\":\"WebSite\",\"@id\":\"https:\\\/\\\/blackholediscos.com\\\/#website\",\"url\":\"https:\\\/\\\/blackholediscos.com\\\/\",\"name\":\"Black Hole Discos\",\"description\":\"Brazilian music LPs\",\"publisher\":{\"@id\":\"https:\\\/\\\/blackholediscos.com\\\/#organization\"},\"potentialAction\":[{\"@type\":\"SearchAction\",\"target\":{\"@type\":\"EntryPoint\",\"urlTemplate\":\"https:\\\/\\\/blackholediscos.com\\\/?s={search_term_string}\"},\"query-input\":{\"@type\":\"PropertyValueSpecification\",\"valueRequired\":true,\"valueName\":\"search_term_string\"}}],\"inLanguage\":\"en-US\"},{\"@type\":\"Organization\",\"@id\":\"https:\\\/\\\/blackholediscos.com\\\/#organization\",\"name\":\"Black Hole Discos\",\"url\":\"https:\\\/\\\/blackholediscos.com\\\/\",\"logo\":{\"@type\":\"ImageObject\",\"inLanguage\":\"en-US\",\"@id\":\"https:\\\/\\\/blackholediscos.com\\\/#\\\/schema\\\/logo\\\/image\\\/\",\"url\":\"https:\\\/\\\/blackholediscos.com\\\/wp-content\\\/uploads\\\/2024\\\/06\\\/black-hole-discos-vinis-logo.png\",\"contentUrl\":\"https:\\\/\\\/blackholediscos.com\\\/wp-content\\\/uploads\\\/2024\\\/06\\\/black-hole-discos-vinis-logo.png\",\"width\":70,\"height\":66,\"caption\":\"Black Hole Discos\"},\"image\":{\"@id\":\"https:\\\/\\\/blackholediscos.com\\\/#\\\/schema\\\/logo\\\/image\\\/\"},\"sameAs\":[\"https:\\\/\\\/www.instagram.com\\\/blackholediscos\\\/\"]}]}<\/script>\n<!-- \/ Yoast SEO plugin. -->","yoast_head_json":{"title":"D\u00e9rcio Marques \u2013 Segredos Vegetais - Black Hole Discos","robots":{"index":"index","follow":"follow","max-snippet":"max-snippet:-1","max-image-preview":"max-image-preview:large","max-video-preview":"max-video-preview:-1"},"canonical":"https:\/\/blackholediscos.com\/en\/product\/dercio-marques-segredos-vegetais\/","og_locale":"en_US","og_type":"article","og_title":"D\u00e9rcio Marques \u2013 Segredos Vegetais - Black Hole Discos","og_description":"LP Original de \u00e9poca, gatefold e duplo. M\u00eddia em excelente condi\u00e7\u00f5es e capa em muito boa condi\u00e7\u00e3o. Acompanha os 2 raros encartes originais. Not On Label \u2013 803.640 A Abertura &#8211; Tema De Flor Da Noite, Segredos, Tema De Canind\u00e9, Tema Do Milho, Palha Do Milho, Avat\u00ed, Deus Do Milho E Das Flores, Amarela Flor [&hellip;]","og_url":"https:\/\/blackholediscos.com\/en\/product\/dercio-marques-segredos-vegetais\/","og_site_name":"Black Hole Discos","article_publisher":"https:\/\/www.instagram.com\/blackholediscos\/","article_modified_time":"2024-06-29T20:22:52+00:00","og_image":[{"width":2560,"height":2560,"url":"https:\/\/blackholediscos.com\/wp-content\/uploads\/2024\/06\/WhatsApp-Image-2024-06-23-at-17.40.38-scaled.jpeg","type":"image\/jpeg"}],"twitter_card":"summary_large_image","twitter_misc":{"Est. reading time":"1 minute"},"schema":{"@context":"https:\/\/schema.org","@graph":[{"@type":"WebPage","@id":"https:\/\/blackholediscos.com\/product\/dercio-marques-segredos-vegetais\/","url":"https:\/\/blackholediscos.com\/product\/dercio-marques-segredos-vegetais\/","name":"D\u00e9rcio Marques \u2013 Segredos Vegetais - Black Hole Discos","isPartOf":{"@id":"https:\/\/blackholediscos.com\/#website"},"primaryImageOfPage":{"@id":"https:\/\/blackholediscos.com\/product\/dercio-marques-segredos-vegetais\/#primaryimage"},"image":{"@id":"https:\/\/blackholediscos.com\/product\/dercio-marques-segredos-vegetais\/#primaryimage"},"thumbnailUrl":"https:\/\/blackholediscos.com\/wp-content\/uploads\/2024\/06\/WhatsApp-Image-2024-06-23-at-17.40.38-scaled.jpeg","datePublished":"2024-06-23T23:29:41+00:00","dateModified":"2024-06-29T20:22:52+00:00","breadcrumb":{"@id":"https:\/\/blackholediscos.com\/product\/dercio-marques-segredos-vegetais\/#breadcrumb"},"inLanguage":"en-US","potentialAction":[{"@type":"ReadAction","target":["https:\/\/blackholediscos.com\/product\/dercio-marques-segredos-vegetais\/"]}]},{"@type":"ImageObject","inLanguage":"en-US","@id":"https:\/\/blackholediscos.com\/product\/dercio-marques-segredos-vegetais\/#primaryimage","url":"https:\/\/blackholediscos.com\/wp-content\/uploads\/2024\/06\/WhatsApp-Image-2024-06-23-at-17.40.38-scaled.jpeg","contentUrl":"https:\/\/blackholediscos.com\/wp-content\/uploads\/2024\/06\/WhatsApp-Image-2024-06-23-at-17.40.38-scaled.jpeg","width":2560,"height":2560},{"@type":"BreadcrumbList","@id":"https:\/\/blackholediscos.com\/product\/dercio-marques-segredos-vegetais\/#breadcrumb","itemListElement":[{"@type":"ListItem","position":1,"name":"In\u00edcio","item":"https:\/\/blackholediscos.com\/"},{"@type":"ListItem","position":2,"name":"Shop","item":"https:\/\/blackholediscos.com\/shop\/"},{"@type":"ListItem","position":3,"name":"D\u00e9rcio Marques \u2013 Segredos Vegetais"}]},{"@type":"WebSite","@id":"https:\/\/blackholediscos.com\/#website","url":"https:\/\/blackholediscos.com\/","name":"Black Hole Discos","description":"Brazilian music LPs","publisher":{"@id":"https:\/\/blackholediscos.com\/#organization"},"potentialAction":[{"@type":"SearchAction","target":{"@type":"EntryPoint","urlTemplate":"https:\/\/blackholediscos.com\/?s={search_term_string}"},"query-input":{"@type":"PropertyValueSpecification","valueRequired":true,"valueName":"search_term_string"}}],"inLanguage":"en-US"},{"@type":"Organization","@id":"https:\/\/blackholediscos.com\/#organization","name":"Black Hole Discos","url":"https:\/\/blackholediscos.com\/","logo":{"@type":"ImageObject","inLanguage":"en-US","@id":"https:\/\/blackholediscos.com\/#\/schema\/logo\/image\/","url":"https:\/\/blackholediscos.com\/wp-content\/uploads\/2024\/06\/black-hole-discos-vinis-logo.png","contentUrl":"https:\/\/blackholediscos.com\/wp-content\/uploads\/2024\/06\/black-hole-discos-vinis-logo.png","width":70,"height":66,"caption":"Black Hole Discos"},"image":{"@id":"https:\/\/blackholediscos.com\/#\/schema\/logo\/image\/"},"sameAs":["https:\/\/www.instagram.com\/blackholediscos\/"]}]}},"_links":{"self":[{"href":"https:\/\/blackholediscos.com\/en\/wp-json\/wp\/v2\/product\/2077","targetHints":{"allow":["GET"]}}],"collection":[{"href":"https:\/\/blackholediscos.com\/en\/wp-json\/wp\/v2\/product"}],"about":[{"href":"https:\/\/blackholediscos.com\/en\/wp-json\/wp\/v2\/types\/product"}],"replies":[{"embeddable":true,"href":"https:\/\/blackholediscos.com\/en\/wp-json\/wp\/v2\/comments?post=2077"}],"wp:featuredmedia":[{"embeddable":true,"href":"https:\/\/blackholediscos.com\/en\/wp-json\/wp\/v2\/media\/1788"}],"wp:attachment":[{"href":"https:\/\/blackholediscos.com\/en\/wp-json\/wp\/v2\/media?parent=2077"}],"wp:term":[{"taxonomy":"product_brand","embeddable":true,"href":"https:\/\/blackholediscos.com\/en\/wp-json\/wp\/v2\/product_brand?post=2077"},{"taxonomy":"product_cat","embeddable":true,"href":"https:\/\/blackholediscos.com\/en\/wp-json\/wp\/v2\/product_cat?post=2077"},{"taxonomy":"product_tag","embeddable":true,"href":"https:\/\/blackholediscos.com\/en\/wp-json\/wp\/v2\/product_tag?post=2077"},{"taxonomy":"artista","embeddable":true,"href":"https:\/\/blackholediscos.com\/en\/wp-json\/wp\/v2\/artista?post=2077"},{"taxonomy":"produtora","embeddable":true,"href":"https:\/\/blackholediscos.com\/en\/wp-json\/wp\/v2\/produtora?post=2077"},{"taxonomy":"ano","embeddable":true,"href":"https:\/\/blackholediscos.com\/en\/wp-json\/wp\/v2\/ano?post=2077"}],"curies":[{"name":"wp","href":"https:\/\/api.w.org\/{rel}","templated":true}]}}