{"id":1943,"date":"2024-06-23T22:31:29","date_gmt":"2024-06-23T22:31:29","guid":{"rendered":"https:\/\/blackholediscos.com\/?post_type=product&#038;p=1943"},"modified":"2024-06-29T20:28:10","modified_gmt":"2024-06-29T20:28:10","slug":"dercio-marques-anjos-da-terra","status":"publish","type":"product","link":"https:\/\/blackholediscos.com\/en\/product\/dercio-marques-anjos-da-terra\/","title":{"rendered":"Dercio Marques \u2013 Anjos Da Terra"},"content":{"rendered":"<p>LP Original de \u00e9poca, duplo com autografo do artista. M\u00eddia e capa em perfeitas condi\u00e7\u00f5es. Acompanha encarte original.<\/p>\n<p>\tNot On Label \u2013 #803771<\/p>\n<p>A1\t\tBrisa<br \/>\nA2\t\tOs Carneirinhos<br \/>\nSolo Vocal \u2013 Xangai<br \/>\nA3\t\tO Circo Da Greve<br \/>\nA4\t\tO Menino E O Mar (Instrumental)<br \/>\nA5\t\tO Menino E O Mar<br \/>\nA6\t\tCan\u00e7\u00e3o De Ninar<br \/>\nA7\t\tColar de Carolina<br \/>\nA8\t\tMaravilha, Maravilha<br \/>\nA9\t\tCan\u00e7\u00e3o de Ninar<br \/>\nA10\t\tSinal de SOS Amaz\u00f4nia<br \/>\nB1\t\tVinheta Do &#8220;Circo&#8221;<br \/>\nB2\t\tCantiga Pra Te Levar<br \/>\nB3\t\tVinheta Do Leil\u00e3o De Jardim&#8221;<br \/>\nB4\t\tSer Crian\u00e7a<br \/>\nB5\t\tNamoro \/ Canto Da Feiticeira M\u00e1<br \/>\nB6\t\tL\u00edngua Do Nhem<br \/>\nB7\t\tEra Uma Vez<br \/>\nB8\t\tLagartixa<br \/>\nB9\t\tSer Crian\u00e7a \u00c9 Maravilha<br \/>\nB10\t\tLeil\u00e3o De Jardim<br \/>\nB11\t\tGirabelhinhas<br \/>\nB12\t\tR\u00e3nzinha Blues<br \/>\nB13\t\tCantiga Pra Te Levar<\/p>","protected":false},"excerpt":{"rendered":"<p>LP Original de \u00e9poca, duplo com autografo do artista. M\u00eddia e capa em perfeitas condi\u00e7\u00f5es. Acompanha encarte original. Not On Label \u2013 #803771 A1 Brisa A2 Os Carneirinhos Solo Vocal \u2013 Xangai A3 O Circo Da Greve A4 O Menino E O Mar (Instrumental) A5 O Menino E O Mar A6 Can\u00e7\u00e3o De Ninar A7 [&hellip;]<\/p>\n","protected":false},"featured_media":1616,"comment_status":"open","ping_status":"closed","template":"","meta":{"_acf_changed":false},"product_brand":[],"product_cat":[332,48,35],"product_tag":[],"artista":[505],"produtora":[84],"ano":[374],"class_list":{"0":"post-1943","1":"product","2":"type-product","3":"status-publish","4":"has-post-thumbnail","6":"product_cat-selos-independentes","7":"product_cat-psicodelia","8":"product_cat-rock","9":"artista-dercio-marques","10":"produtora-not-on-label","11":"ano-374","13":"first","14":"instock","15":"shipping-taxable","16":"purchasable","17":"product-type-simple"},"acf":[],"yoast_head":"<!-- This site is optimized with the Yoast SEO plugin v27.3 - https:\/\/yoast.com\/product\/yoast-seo-wordpress\/ -->\n<title>Dercio Marques \u2013 Anjos Da Terra - Black Hole Discos<\/title>\n<meta name=\"robots\" content=\"index, follow, max-snippet:-1, max-image-preview:large, max-video-preview:-1\" \/>\n<link rel=\"canonical\" href=\"https:\/\/blackholediscos.com\/en\/product\/dercio-marques-anjos-da-terra\/\" \/>\n<meta property=\"og:locale\" content=\"en_US\" \/>\n<meta property=\"og:type\" content=\"article\" \/>\n<meta property=\"og:title\" content=\"Dercio Marques \u2013 Anjos Da Terra - Black Hole Discos\" \/>\n<meta property=\"og:description\" content=\"LP Original de \u00e9poca, duplo com autografo do artista. M\u00eddia e capa em perfeitas condi\u00e7\u00f5es. Acompanha encarte original. Not On Label \u2013 #803771 A1 Brisa A2 Os Carneirinhos Solo Vocal \u2013 Xangai A3 O Circo Da Greve A4 O Menino E O Mar (Instrumental) A5 O Menino E O Mar A6 Can\u00e7\u00e3o De Ninar A7 [&hellip;]\" \/>\n<meta property=\"og:url\" content=\"https:\/\/blackholediscos.com\/en\/product\/dercio-marques-anjos-da-terra\/\" \/>\n<meta property=\"og:site_name\" content=\"Black Hole Discos\" \/>\n<meta property=\"article:publisher\" content=\"https:\/\/www.instagram.com\/blackholediscos\/\" \/>\n<meta property=\"article:modified_time\" content=\"2024-06-29T20:28:10+00:00\" \/>\n<meta property=\"og:image\" content=\"https:\/\/blackholediscos.com\/wp-content\/uploads\/2024\/06\/WhatsApp-Image-2024-06-23-at-16.12.11-scaled.jpeg\" \/>\n\t<meta property=\"og:image:width\" content=\"2560\" \/>\n\t<meta property=\"og:image:height\" content=\"2560\" \/>\n\t<meta property=\"og:image:type\" content=\"image\/jpeg\" \/>\n<meta name=\"twitter:card\" content=\"summary_large_image\" \/>\n<meta name=\"twitter:label1\" content=\"Est. reading time\" \/>\n\t<meta name=\"twitter:data1\" content=\"1 minute\" \/>\n<script type=\"application\/ld+json\" class=\"yoast-schema-graph\">{\"@context\":\"https:\\\/\\\/schema.org\",\"@graph\":[{\"@type\":\"WebPage\",\"@id\":\"https:\\\/\\\/blackholediscos.com\\\/product\\\/dercio-marques-anjos-da-terra\\\/\",\"url\":\"https:\\\/\\\/blackholediscos.com\\\/product\\\/dercio-marques-anjos-da-terra\\\/\",\"name\":\"Dercio Marques \u2013 Anjos Da Terra - Black Hole Discos\",\"isPartOf\":{\"@id\":\"https:\\\/\\\/blackholediscos.com\\\/#website\"},\"primaryImageOfPage\":{\"@id\":\"https:\\\/\\\/blackholediscos.com\\\/product\\\/dercio-marques-anjos-da-terra\\\/#primaryimage\"},\"image\":{\"@id\":\"https:\\\/\\\/blackholediscos.com\\\/product\\\/dercio-marques-anjos-da-terra\\\/#primaryimage\"},\"thumbnailUrl\":\"https:\\\/\\\/blackholediscos.com\\\/wp-content\\\/uploads\\\/2024\\\/06\\\/WhatsApp-Image-2024-06-23-at-16.12.11-scaled.jpeg\",\"datePublished\":\"2024-06-23T22:31:29+00:00\",\"dateModified\":\"2024-06-29T20:28:10+00:00\",\"breadcrumb\":{\"@id\":\"https:\\\/\\\/blackholediscos.com\\\/product\\\/dercio-marques-anjos-da-terra\\\/#breadcrumb\"},\"inLanguage\":\"en-US\",\"potentialAction\":[{\"@type\":\"ReadAction\",\"target\":[\"https:\\\/\\\/blackholediscos.com\\\/product\\\/dercio-marques-anjos-da-terra\\\/\"]}]},{\"@type\":\"ImageObject\",\"inLanguage\":\"en-US\",\"@id\":\"https:\\\/\\\/blackholediscos.com\\\/product\\\/dercio-marques-anjos-da-terra\\\/#primaryimage\",\"url\":\"https:\\\/\\\/blackholediscos.com\\\/wp-content\\\/uploads\\\/2024\\\/06\\\/WhatsApp-Image-2024-06-23-at-16.12.11-scaled.jpeg\",\"contentUrl\":\"https:\\\/\\\/blackholediscos.com\\\/wp-content\\\/uploads\\\/2024\\\/06\\\/WhatsApp-Image-2024-06-23-at-16.12.11-scaled.jpeg\",\"width\":2560,\"height\":2560},{\"@type\":\"BreadcrumbList\",\"@id\":\"https:\\\/\\\/blackholediscos.com\\\/product\\\/dercio-marques-anjos-da-terra\\\/#breadcrumb\",\"itemListElement\":[{\"@type\":\"ListItem\",\"position\":1,\"name\":\"In\u00edcio\",\"item\":\"https:\\\/\\\/blackholediscos.com\\\/\"},{\"@type\":\"ListItem\",\"position\":2,\"name\":\"Shop\",\"item\":\"https:\\\/\\\/blackholediscos.com\\\/shop\\\/\"},{\"@type\":\"ListItem\",\"position\":3,\"name\":\"Dercio Marques \u2013 Anjos Da Terra\"}]},{\"@type\":\"WebSite\",\"@id\":\"https:\\\/\\\/blackholediscos.com\\\/#website\",\"url\":\"https:\\\/\\\/blackholediscos.com\\\/\",\"name\":\"Black Hole Discos\",\"description\":\"Brazilian music LPs\",\"publisher\":{\"@id\":\"https:\\\/\\\/blackholediscos.com\\\/#organization\"},\"potentialAction\":[{\"@type\":\"SearchAction\",\"target\":{\"@type\":\"EntryPoint\",\"urlTemplate\":\"https:\\\/\\\/blackholediscos.com\\\/?s={search_term_string}\"},\"query-input\":{\"@type\":\"PropertyValueSpecification\",\"valueRequired\":true,\"valueName\":\"search_term_string\"}}],\"inLanguage\":\"en-US\"},{\"@type\":\"Organization\",\"@id\":\"https:\\\/\\\/blackholediscos.com\\\/#organization\",\"name\":\"Black Hole Discos\",\"url\":\"https:\\\/\\\/blackholediscos.com\\\/\",\"logo\":{\"@type\":\"ImageObject\",\"inLanguage\":\"en-US\",\"@id\":\"https:\\\/\\\/blackholediscos.com\\\/#\\\/schema\\\/logo\\\/image\\\/\",\"url\":\"https:\\\/\\\/blackholediscos.com\\\/wp-content\\\/uploads\\\/2024\\\/06\\\/black-hole-discos-vinis-logo.png\",\"contentUrl\":\"https:\\\/\\\/blackholediscos.com\\\/wp-content\\\/uploads\\\/2024\\\/06\\\/black-hole-discos-vinis-logo.png\",\"width\":70,\"height\":66,\"caption\":\"Black Hole Discos\"},\"image\":{\"@id\":\"https:\\\/\\\/blackholediscos.com\\\/#\\\/schema\\\/logo\\\/image\\\/\"},\"sameAs\":[\"https:\\\/\\\/www.instagram.com\\\/blackholediscos\\\/\"]}]}<\/script>\n<!-- \/ Yoast SEO plugin. -->","yoast_head_json":{"title":"Dercio Marques \u2013 Anjos Da Terra - Black Hole Discos","robots":{"index":"index","follow":"follow","max-snippet":"max-snippet:-1","max-image-preview":"max-image-preview:large","max-video-preview":"max-video-preview:-1"},"canonical":"https:\/\/blackholediscos.com\/en\/product\/dercio-marques-anjos-da-terra\/","og_locale":"en_US","og_type":"article","og_title":"Dercio Marques \u2013 Anjos Da Terra - Black Hole Discos","og_description":"LP Original de \u00e9poca, duplo com autografo do artista. M\u00eddia e capa em perfeitas condi\u00e7\u00f5es. Acompanha encarte original. Not On Label \u2013 #803771 A1 Brisa A2 Os Carneirinhos Solo Vocal \u2013 Xangai A3 O Circo Da Greve A4 O Menino E O Mar (Instrumental) A5 O Menino E O Mar A6 Can\u00e7\u00e3o De Ninar A7 [&hellip;]","og_url":"https:\/\/blackholediscos.com\/en\/product\/dercio-marques-anjos-da-terra\/","og_site_name":"Black Hole Discos","article_publisher":"https:\/\/www.instagram.com\/blackholediscos\/","article_modified_time":"2024-06-29T20:28:10+00:00","og_image":[{"width":2560,"height":2560,"url":"https:\/\/blackholediscos.com\/wp-content\/uploads\/2024\/06\/WhatsApp-Image-2024-06-23-at-16.12.11-scaled.jpeg","type":"image\/jpeg"}],"twitter_card":"summary_large_image","twitter_misc":{"Est. reading time":"1 minute"},"schema":{"@context":"https:\/\/schema.org","@graph":[{"@type":"WebPage","@id":"https:\/\/blackholediscos.com\/product\/dercio-marques-anjos-da-terra\/","url":"https:\/\/blackholediscos.com\/product\/dercio-marques-anjos-da-terra\/","name":"Dercio Marques \u2013 Anjos Da Terra - Black Hole Discos","isPartOf":{"@id":"https:\/\/blackholediscos.com\/#website"},"primaryImageOfPage":{"@id":"https:\/\/blackholediscos.com\/product\/dercio-marques-anjos-da-terra\/#primaryimage"},"image":{"@id":"https:\/\/blackholediscos.com\/product\/dercio-marques-anjos-da-terra\/#primaryimage"},"thumbnailUrl":"https:\/\/blackholediscos.com\/wp-content\/uploads\/2024\/06\/WhatsApp-Image-2024-06-23-at-16.12.11-scaled.jpeg","datePublished":"2024-06-23T22:31:29+00:00","dateModified":"2024-06-29T20:28:10+00:00","breadcrumb":{"@id":"https:\/\/blackholediscos.com\/product\/dercio-marques-anjos-da-terra\/#breadcrumb"},"inLanguage":"en-US","potentialAction":[{"@type":"ReadAction","target":["https:\/\/blackholediscos.com\/product\/dercio-marques-anjos-da-terra\/"]}]},{"@type":"ImageObject","inLanguage":"en-US","@id":"https:\/\/blackholediscos.com\/product\/dercio-marques-anjos-da-terra\/#primaryimage","url":"https:\/\/blackholediscos.com\/wp-content\/uploads\/2024\/06\/WhatsApp-Image-2024-06-23-at-16.12.11-scaled.jpeg","contentUrl":"https:\/\/blackholediscos.com\/wp-content\/uploads\/2024\/06\/WhatsApp-Image-2024-06-23-at-16.12.11-scaled.jpeg","width":2560,"height":2560},{"@type":"BreadcrumbList","@id":"https:\/\/blackholediscos.com\/product\/dercio-marques-anjos-da-terra\/#breadcrumb","itemListElement":[{"@type":"ListItem","position":1,"name":"In\u00edcio","item":"https:\/\/blackholediscos.com\/"},{"@type":"ListItem","position":2,"name":"Shop","item":"https:\/\/blackholediscos.com\/shop\/"},{"@type":"ListItem","position":3,"name":"Dercio Marques \u2013 Anjos Da Terra"}]},{"@type":"WebSite","@id":"https:\/\/blackholediscos.com\/#website","url":"https:\/\/blackholediscos.com\/","name":"Black Hole Discos","description":"Brazilian music LPs","publisher":{"@id":"https:\/\/blackholediscos.com\/#organization"},"potentialAction":[{"@type":"SearchAction","target":{"@type":"EntryPoint","urlTemplate":"https:\/\/blackholediscos.com\/?s={search_term_string}"},"query-input":{"@type":"PropertyValueSpecification","valueRequired":true,"valueName":"search_term_string"}}],"inLanguage":"en-US"},{"@type":"Organization","@id":"https:\/\/blackholediscos.com\/#organization","name":"Black Hole Discos","url":"https:\/\/blackholediscos.com\/","logo":{"@type":"ImageObject","inLanguage":"en-US","@id":"https:\/\/blackholediscos.com\/#\/schema\/logo\/image\/","url":"https:\/\/blackholediscos.com\/wp-content\/uploads\/2024\/06\/black-hole-discos-vinis-logo.png","contentUrl":"https:\/\/blackholediscos.com\/wp-content\/uploads\/2024\/06\/black-hole-discos-vinis-logo.png","width":70,"height":66,"caption":"Black Hole Discos"},"image":{"@id":"https:\/\/blackholediscos.com\/#\/schema\/logo\/image\/"},"sameAs":["https:\/\/www.instagram.com\/blackholediscos\/"]}]}},"_links":{"self":[{"href":"https:\/\/blackholediscos.com\/en\/wp-json\/wp\/v2\/product\/1943","targetHints":{"allow":["GET"]}}],"collection":[{"href":"https:\/\/blackholediscos.com\/en\/wp-json\/wp\/v2\/product"}],"about":[{"href":"https:\/\/blackholediscos.com\/en\/wp-json\/wp\/v2\/types\/product"}],"replies":[{"embeddable":true,"href":"https:\/\/blackholediscos.com\/en\/wp-json\/wp\/v2\/comments?post=1943"}],"wp:featuredmedia":[{"embeddable":true,"href":"https:\/\/blackholediscos.com\/en\/wp-json\/wp\/v2\/media\/1616"}],"wp:attachment":[{"href":"https:\/\/blackholediscos.com\/en\/wp-json\/wp\/v2\/media?parent=1943"}],"wp:term":[{"taxonomy":"product_brand","embeddable":true,"href":"https:\/\/blackholediscos.com\/en\/wp-json\/wp\/v2\/product_brand?post=1943"},{"taxonomy":"product_cat","embeddable":true,"href":"https:\/\/blackholediscos.com\/en\/wp-json\/wp\/v2\/product_cat?post=1943"},{"taxonomy":"product_tag","embeddable":true,"href":"https:\/\/blackholediscos.com\/en\/wp-json\/wp\/v2\/product_tag?post=1943"},{"taxonomy":"artista","embeddable":true,"href":"https:\/\/blackholediscos.com\/en\/wp-json\/wp\/v2\/artista?post=1943"},{"taxonomy":"produtora","embeddable":true,"href":"https:\/\/blackholediscos.com\/en\/wp-json\/wp\/v2\/produtora?post=1943"},{"taxonomy":"ano","embeddable":true,"href":"https:\/\/blackholediscos.com\/en\/wp-json\/wp\/v2\/ano?post=1943"}],"curies":[{"name":"wp","href":"https:\/\/api.w.org\/{rel}","templated":true}]}}