{"id":1931,"date":"2024-06-23T22:24:15","date_gmt":"2024-06-23T22:24:15","guid":{"rendered":"https:\/\/blackholediscos.com\/?post_type=product&#038;p=1931"},"modified":"2024-06-28T19:13:51","modified_gmt":"2024-06-28T19:13:51","slug":"the-youngsters-the-youngsters","status":"publish","type":"product","link":"https:\/\/blackholediscos.com\/en\/product\/the-youngsters-the-youngsters\/","title":{"rendered":"The Youngsters \u2013 The Youngsters"},"content":{"rendered":"<p>Edi\u00e7\u00e3o original de \u00e9poca, rara c\u00f3pia promocional com selo branco. LP e capa em excelente condi\u00e7\u00f5es.<br \/>\n|<br \/>\nPolydor \u2013 LPNG 44.035<\/p>\n<p>A1\t\tRoute 66<br \/>\nWritten-By \u2013 B. Troup*<br \/>\nA2\t\tGimme Gimme Good Lovin&#8217;<br \/>\nWritten-By \u2013 J. Levine*, R. Cordell*<br \/>\nA3\t\tNeurast\u00eanico<br \/>\nWritten-By \u2013 Betinho (6), N. Brito*<br \/>\nA4\t\tOur Day Will Come<br \/>\nWritten-By \u2013 B. Hilliard*, M. Garson*<br \/>\nA5\t\tHello Stranger<br \/>\nWritten-By \u2013 Lewis*<br \/>\nA6\t\tHawaii Five-O<br \/>\nWritten-By \u2013 M. Stevens*<br \/>\nB1\t\tMickey&#8217;s Monkey<br \/>\nWritten-By \u2013 Holland-Dozier-Holland<br \/>\nB2\t\tSoulful Strut<br \/>\nWritten-By \u2013 E. Record*, S. Sanders*<br \/>\nB3\t\tTime Is Tight<br \/>\nWritten-By \u2013 A. Jackson Jr.*, B. T. Jones*, D. Dunn*, S. Cropper*<br \/>\nB4\t\tDizzy<br \/>\nWritten-By \u2013 F. Weller*, T. Roe*<br \/>\nB5\t\tAwake<br \/>\nWritten-By \u2013 Luiz Carlos Siqueira<br \/>\nB6\t\tI Wanna Be Your Man<br \/>\nWritten-By \u2013 Lennon-McCartney<\/p>","protected":false},"excerpt":{"rendered":"<p>Edi\u00e7\u00e3o original de \u00e9poca, rara c\u00f3pia promocional com selo branco. LP e capa em excelente condi\u00e7\u00f5es. | Polydor \u2013 LPNG 44.035 A1 Route 66 Written-By \u2013 B. Troup* A2 Gimme Gimme Good Lovin&#8217; Written-By \u2013 J. Levine*, R. Cordell* A3 Neurast\u00eanico Written-By \u2013 Betinho (6), N. Brito* A4 Our Day Will Come Written-By \u2013 B. [&hellip;]<\/p>\n","protected":false},"featured_media":1816,"comment_status":"open","ping_status":"closed","template":"","meta":{"_acf_changed":false},"product_brand":[],"product_cat":[35],"product_tag":[],"artista":[504],"produtora":[161],"ano":[491],"class_list":{"0":"post-1931","1":"product","2":"type-product","3":"status-publish","4":"has-post-thumbnail","6":"product_cat-rock","7":"artista-the-youngsters","8":"produtora-polydor","9":"ano-491","11":"first","12":"instock","13":"shipping-taxable","14":"purchasable","15":"product-type-simple"},"acf":[],"yoast_head":"<!-- This site is optimized with the Yoast SEO plugin v27.3 - https:\/\/yoast.com\/product\/yoast-seo-wordpress\/ -->\n<title>The Youngsters \u2013 The Youngsters - Black Hole Discos<\/title>\n<meta name=\"robots\" content=\"index, follow, max-snippet:-1, max-image-preview:large, max-video-preview:-1\" \/>\n<link rel=\"canonical\" href=\"https:\/\/blackholediscos.com\/en\/product\/the-youngsters-the-youngsters\/\" \/>\n<meta property=\"og:locale\" content=\"en_US\" \/>\n<meta property=\"og:type\" content=\"article\" \/>\n<meta property=\"og:title\" content=\"The Youngsters \u2013 The Youngsters - Black Hole Discos\" \/>\n<meta property=\"og:description\" content=\"Edi\u00e7\u00e3o original de \u00e9poca, rara c\u00f3pia promocional com selo branco. LP e capa em excelente condi\u00e7\u00f5es. | Polydor \u2013 LPNG 44.035 A1 Route 66 Written-By \u2013 B. Troup* A2 Gimme Gimme Good Lovin&#8217; Written-By \u2013 J. Levine*, R. Cordell* A3 Neurast\u00eanico Written-By \u2013 Betinho (6), N. Brito* A4 Our Day Will Come Written-By \u2013 B. [&hellip;]\" \/>\n<meta property=\"og:url\" content=\"https:\/\/blackholediscos.com\/en\/product\/the-youngsters-the-youngsters\/\" \/>\n<meta property=\"og:site_name\" content=\"Black Hole Discos\" \/>\n<meta property=\"article:publisher\" content=\"https:\/\/www.instagram.com\/blackholediscos\/\" \/>\n<meta property=\"article:modified_time\" content=\"2024-06-28T19:13:51+00:00\" \/>\n<meta property=\"og:image\" content=\"https:\/\/blackholediscos.com\/wp-content\/uploads\/2024\/06\/WhatsApp-Image-2024-06-23-at-17.40.52-2-scaled.jpeg\" \/>\n\t<meta property=\"og:image:width\" content=\"2560\" \/>\n\t<meta property=\"og:image:height\" content=\"2560\" \/>\n\t<meta property=\"og:image:type\" content=\"image\/jpeg\" \/>\n<meta name=\"twitter:card\" content=\"summary_large_image\" \/>\n<meta name=\"twitter:label1\" content=\"Est. reading time\" \/>\n\t<meta name=\"twitter:data1\" content=\"1 minute\" \/>\n<script type=\"application\/ld+json\" class=\"yoast-schema-graph\">{\"@context\":\"https:\\\/\\\/schema.org\",\"@graph\":[{\"@type\":\"WebPage\",\"@id\":\"https:\\\/\\\/blackholediscos.com\\\/product\\\/the-youngsters-the-youngsters\\\/\",\"url\":\"https:\\\/\\\/blackholediscos.com\\\/product\\\/the-youngsters-the-youngsters\\\/\",\"name\":\"The Youngsters \u2013 The Youngsters - Black Hole Discos\",\"isPartOf\":{\"@id\":\"https:\\\/\\\/blackholediscos.com\\\/#website\"},\"primaryImageOfPage\":{\"@id\":\"https:\\\/\\\/blackholediscos.com\\\/product\\\/the-youngsters-the-youngsters\\\/#primaryimage\"},\"image\":{\"@id\":\"https:\\\/\\\/blackholediscos.com\\\/product\\\/the-youngsters-the-youngsters\\\/#primaryimage\"},\"thumbnailUrl\":\"https:\\\/\\\/blackholediscos.com\\\/wp-content\\\/uploads\\\/2024\\\/06\\\/WhatsApp-Image-2024-06-23-at-17.40.52-2-scaled.jpeg\",\"datePublished\":\"2024-06-23T22:24:15+00:00\",\"dateModified\":\"2024-06-28T19:13:51+00:00\",\"breadcrumb\":{\"@id\":\"https:\\\/\\\/blackholediscos.com\\\/product\\\/the-youngsters-the-youngsters\\\/#breadcrumb\"},\"inLanguage\":\"en-US\",\"potentialAction\":[{\"@type\":\"ReadAction\",\"target\":[\"https:\\\/\\\/blackholediscos.com\\\/product\\\/the-youngsters-the-youngsters\\\/\"]}]},{\"@type\":\"ImageObject\",\"inLanguage\":\"en-US\",\"@id\":\"https:\\\/\\\/blackholediscos.com\\\/product\\\/the-youngsters-the-youngsters\\\/#primaryimage\",\"url\":\"https:\\\/\\\/blackholediscos.com\\\/wp-content\\\/uploads\\\/2024\\\/06\\\/WhatsApp-Image-2024-06-23-at-17.40.52-2-scaled.jpeg\",\"contentUrl\":\"https:\\\/\\\/blackholediscos.com\\\/wp-content\\\/uploads\\\/2024\\\/06\\\/WhatsApp-Image-2024-06-23-at-17.40.52-2-scaled.jpeg\",\"width\":2560,\"height\":2560},{\"@type\":\"BreadcrumbList\",\"@id\":\"https:\\\/\\\/blackholediscos.com\\\/product\\\/the-youngsters-the-youngsters\\\/#breadcrumb\",\"itemListElement\":[{\"@type\":\"ListItem\",\"position\":1,\"name\":\"In\u00edcio\",\"item\":\"https:\\\/\\\/blackholediscos.com\\\/\"},{\"@type\":\"ListItem\",\"position\":2,\"name\":\"Shop\",\"item\":\"https:\\\/\\\/blackholediscos.com\\\/shop\\\/\"},{\"@type\":\"ListItem\",\"position\":3,\"name\":\"The Youngsters \u2013 The Youngsters\"}]},{\"@type\":\"WebSite\",\"@id\":\"https:\\\/\\\/blackholediscos.com\\\/#website\",\"url\":\"https:\\\/\\\/blackholediscos.com\\\/\",\"name\":\"Black Hole Discos\",\"description\":\"Brazilian music LPs\",\"publisher\":{\"@id\":\"https:\\\/\\\/blackholediscos.com\\\/#organization\"},\"potentialAction\":[{\"@type\":\"SearchAction\",\"target\":{\"@type\":\"EntryPoint\",\"urlTemplate\":\"https:\\\/\\\/blackholediscos.com\\\/?s={search_term_string}\"},\"query-input\":{\"@type\":\"PropertyValueSpecification\",\"valueRequired\":true,\"valueName\":\"search_term_string\"}}],\"inLanguage\":\"en-US\"},{\"@type\":\"Organization\",\"@id\":\"https:\\\/\\\/blackholediscos.com\\\/#organization\",\"name\":\"Black Hole Discos\",\"url\":\"https:\\\/\\\/blackholediscos.com\\\/\",\"logo\":{\"@type\":\"ImageObject\",\"inLanguage\":\"en-US\",\"@id\":\"https:\\\/\\\/blackholediscos.com\\\/#\\\/schema\\\/logo\\\/image\\\/\",\"url\":\"https:\\\/\\\/blackholediscos.com\\\/wp-content\\\/uploads\\\/2024\\\/06\\\/black-hole-discos-vinis-logo.png\",\"contentUrl\":\"https:\\\/\\\/blackholediscos.com\\\/wp-content\\\/uploads\\\/2024\\\/06\\\/black-hole-discos-vinis-logo.png\",\"width\":70,\"height\":66,\"caption\":\"Black Hole Discos\"},\"image\":{\"@id\":\"https:\\\/\\\/blackholediscos.com\\\/#\\\/schema\\\/logo\\\/image\\\/\"},\"sameAs\":[\"https:\\\/\\\/www.instagram.com\\\/blackholediscos\\\/\"]}]}<\/script>\n<!-- \/ Yoast SEO plugin. -->","yoast_head_json":{"title":"The Youngsters \u2013 The Youngsters - Black Hole Discos","robots":{"index":"index","follow":"follow","max-snippet":"max-snippet:-1","max-image-preview":"max-image-preview:large","max-video-preview":"max-video-preview:-1"},"canonical":"https:\/\/blackholediscos.com\/en\/product\/the-youngsters-the-youngsters\/","og_locale":"en_US","og_type":"article","og_title":"The Youngsters \u2013 The Youngsters - Black Hole Discos","og_description":"Edi\u00e7\u00e3o original de \u00e9poca, rara c\u00f3pia promocional com selo branco. LP e capa em excelente condi\u00e7\u00f5es. | Polydor \u2013 LPNG 44.035 A1 Route 66 Written-By \u2013 B. Troup* A2 Gimme Gimme Good Lovin&#8217; Written-By \u2013 J. Levine*, R. Cordell* A3 Neurast\u00eanico Written-By \u2013 Betinho (6), N. Brito* A4 Our Day Will Come Written-By \u2013 B. [&hellip;]","og_url":"https:\/\/blackholediscos.com\/en\/product\/the-youngsters-the-youngsters\/","og_site_name":"Black Hole Discos","article_publisher":"https:\/\/www.instagram.com\/blackholediscos\/","article_modified_time":"2024-06-28T19:13:51+00:00","og_image":[{"width":2560,"height":2560,"url":"https:\/\/blackholediscos.com\/wp-content\/uploads\/2024\/06\/WhatsApp-Image-2024-06-23-at-17.40.52-2-scaled.jpeg","type":"image\/jpeg"}],"twitter_card":"summary_large_image","twitter_misc":{"Est. reading time":"1 minute"},"schema":{"@context":"https:\/\/schema.org","@graph":[{"@type":"WebPage","@id":"https:\/\/blackholediscos.com\/product\/the-youngsters-the-youngsters\/","url":"https:\/\/blackholediscos.com\/product\/the-youngsters-the-youngsters\/","name":"The Youngsters \u2013 The Youngsters - Black Hole Discos","isPartOf":{"@id":"https:\/\/blackholediscos.com\/#website"},"primaryImageOfPage":{"@id":"https:\/\/blackholediscos.com\/product\/the-youngsters-the-youngsters\/#primaryimage"},"image":{"@id":"https:\/\/blackholediscos.com\/product\/the-youngsters-the-youngsters\/#primaryimage"},"thumbnailUrl":"https:\/\/blackholediscos.com\/wp-content\/uploads\/2024\/06\/WhatsApp-Image-2024-06-23-at-17.40.52-2-scaled.jpeg","datePublished":"2024-06-23T22:24:15+00:00","dateModified":"2024-06-28T19:13:51+00:00","breadcrumb":{"@id":"https:\/\/blackholediscos.com\/product\/the-youngsters-the-youngsters\/#breadcrumb"},"inLanguage":"en-US","potentialAction":[{"@type":"ReadAction","target":["https:\/\/blackholediscos.com\/product\/the-youngsters-the-youngsters\/"]}]},{"@type":"ImageObject","inLanguage":"en-US","@id":"https:\/\/blackholediscos.com\/product\/the-youngsters-the-youngsters\/#primaryimage","url":"https:\/\/blackholediscos.com\/wp-content\/uploads\/2024\/06\/WhatsApp-Image-2024-06-23-at-17.40.52-2-scaled.jpeg","contentUrl":"https:\/\/blackholediscos.com\/wp-content\/uploads\/2024\/06\/WhatsApp-Image-2024-06-23-at-17.40.52-2-scaled.jpeg","width":2560,"height":2560},{"@type":"BreadcrumbList","@id":"https:\/\/blackholediscos.com\/product\/the-youngsters-the-youngsters\/#breadcrumb","itemListElement":[{"@type":"ListItem","position":1,"name":"In\u00edcio","item":"https:\/\/blackholediscos.com\/"},{"@type":"ListItem","position":2,"name":"Shop","item":"https:\/\/blackholediscos.com\/shop\/"},{"@type":"ListItem","position":3,"name":"The Youngsters \u2013 The Youngsters"}]},{"@type":"WebSite","@id":"https:\/\/blackholediscos.com\/#website","url":"https:\/\/blackholediscos.com\/","name":"Black Hole Discos","description":"Brazilian music LPs","publisher":{"@id":"https:\/\/blackholediscos.com\/#organization"},"potentialAction":[{"@type":"SearchAction","target":{"@type":"EntryPoint","urlTemplate":"https:\/\/blackholediscos.com\/?s={search_term_string}"},"query-input":{"@type":"PropertyValueSpecification","valueRequired":true,"valueName":"search_term_string"}}],"inLanguage":"en-US"},{"@type":"Organization","@id":"https:\/\/blackholediscos.com\/#organization","name":"Black Hole Discos","url":"https:\/\/blackholediscos.com\/","logo":{"@type":"ImageObject","inLanguage":"en-US","@id":"https:\/\/blackholediscos.com\/#\/schema\/logo\/image\/","url":"https:\/\/blackholediscos.com\/wp-content\/uploads\/2024\/06\/black-hole-discos-vinis-logo.png","contentUrl":"https:\/\/blackholediscos.com\/wp-content\/uploads\/2024\/06\/black-hole-discos-vinis-logo.png","width":70,"height":66,"caption":"Black Hole Discos"},"image":{"@id":"https:\/\/blackholediscos.com\/#\/schema\/logo\/image\/"},"sameAs":["https:\/\/www.instagram.com\/blackholediscos\/"]}]}},"_links":{"self":[{"href":"https:\/\/blackholediscos.com\/en\/wp-json\/wp\/v2\/product\/1931","targetHints":{"allow":["GET"]}}],"collection":[{"href":"https:\/\/blackholediscos.com\/en\/wp-json\/wp\/v2\/product"}],"about":[{"href":"https:\/\/blackholediscos.com\/en\/wp-json\/wp\/v2\/types\/product"}],"replies":[{"embeddable":true,"href":"https:\/\/blackholediscos.com\/en\/wp-json\/wp\/v2\/comments?post=1931"}],"wp:featuredmedia":[{"embeddable":true,"href":"https:\/\/blackholediscos.com\/en\/wp-json\/wp\/v2\/media\/1816"}],"wp:attachment":[{"href":"https:\/\/blackholediscos.com\/en\/wp-json\/wp\/v2\/media?parent=1931"}],"wp:term":[{"taxonomy":"product_brand","embeddable":true,"href":"https:\/\/blackholediscos.com\/en\/wp-json\/wp\/v2\/product_brand?post=1931"},{"taxonomy":"product_cat","embeddable":true,"href":"https:\/\/blackholediscos.com\/en\/wp-json\/wp\/v2\/product_cat?post=1931"},{"taxonomy":"product_tag","embeddable":true,"href":"https:\/\/blackholediscos.com\/en\/wp-json\/wp\/v2\/product_tag?post=1931"},{"taxonomy":"artista","embeddable":true,"href":"https:\/\/blackholediscos.com\/en\/wp-json\/wp\/v2\/artista?post=1931"},{"taxonomy":"produtora","embeddable":true,"href":"https:\/\/blackholediscos.com\/en\/wp-json\/wp\/v2\/produtora?post=1931"},{"taxonomy":"ano","embeddable":true,"href":"https:\/\/blackholediscos.com\/en\/wp-json\/wp\/v2\/ano?post=1931"}],"curies":[{"name":"wp","href":"https:\/\/api.w.org\/{rel}","templated":true}]}}