{"id":1866,"date":"2024-06-23T21:44:34","date_gmt":"2024-06-23T21:44:34","guid":{"rendered":"https:\/\/blackholediscos.com\/?post_type=product&#038;p=1866"},"modified":"2024-06-28T19:55:05","modified_gmt":"2024-06-28T19:55:05","slug":"herminio-bello-de-carvalho-sei-la","status":"publish","type":"product","link":"https:\/\/blackholediscos.com\/en\/product\/herminio-bello-de-carvalho-sei-la\/","title":{"rendered":"Herm\u00ednio Bello De Carvalho &#8211;  Sei L\u00e1"},"content":{"rendered":"<p>LP original de \u00e9poca em perfeitas condi\u00e7\u00f5es com raro encarte .<\/p>\n<p>EMI \u2013 EMCB-7004<\/p>\n<p>A1\t\tN\u00e3o D\u00e1 Pr\u00e1 Entender\t2:10<br \/>\nA2a\t\tSei L\u00e1, Mangueira\t2:38<br \/>\nA2b\t\tMundando De Conversa\t2:05<br \/>\nA3\t\tO Cora\u00e7\u00e3o N\u00e3o Errou\t2:04<br \/>\nA4\t\tIsso N\u00e3o Se Faz\t2:12<br \/>\nA5a\t\tFolhas No Ar\t1:23<br \/>\nA5b\t\tA Pessoa No. 3\t0:52<br \/>\nA5c\t\tFora De Hora\t2:41<br \/>\nB1\t\tMalengolentemente\t2:30<br \/>\nB2a\t\tA Pessoa No. 5\t1:16<br \/>\nB2b\t\tA Pessoa No. 2\t3:42<br \/>\nB2c\t\tA Pessoa No. 1\t1:19<br \/>\nB2d\t\tA Pessoa No. 4\t2:43<br \/>\nB2e\t\tSalamargo\t3:33<br \/>\nB3\t\tPressentimento<\/p>","protected":false},"excerpt":{"rendered":"<p>LP original de \u00e9poca em perfeitas condi\u00e7\u00f5es com raro encarte . EMI \u2013 EMCB-7004 A1 N\u00e3o D\u00e1 Pr\u00e1 Entender 2:10 A2a Sei L\u00e1, Mangueira 2:38 A2b Mundando De Conversa 2:05 A3 O Cora\u00e7\u00e3o N\u00e3o Errou 2:04 A4 Isso N\u00e3o Se Faz 2:12 A5a Folhas No Ar 1:23 A5b A Pessoa No. 3 0:52 A5c Fora [&hellip;]<\/p>\n","protected":false},"featured_media":1842,"comment_status":"open","ping_status":"closed","template":"","meta":{"_acf_changed":false},"product_brand":[],"product_cat":[130,39],"product_tag":[],"artista":[495],"produtora":[232],"ano":[137],"class_list":{"0":"post-1866","1":"product","2":"type-product","3":"status-publish","4":"has-post-thumbnail","6":"product_cat-bossa-nova","7":"product_cat-mpb","8":"artista-herminio-bello-de-carvalho","9":"produtora-emi","10":"ano-137","12":"first","13":"instock","14":"shipping-taxable","15":"purchasable","16":"product-type-simple"},"acf":[],"yoast_head":"<!-- This site is optimized with the Yoast SEO plugin v27.3 - https:\/\/yoast.com\/product\/yoast-seo-wordpress\/ -->\n<title>Herm\u00ednio Bello De Carvalho - Sei L\u00e1 - Black Hole Discos<\/title>\n<meta name=\"robots\" content=\"index, follow, max-snippet:-1, max-image-preview:large, max-video-preview:-1\" \/>\n<link rel=\"canonical\" href=\"https:\/\/blackholediscos.com\/en\/product\/herminio-bello-de-carvalho-sei-la\/\" \/>\n<meta property=\"og:locale\" content=\"en_US\" \/>\n<meta property=\"og:type\" content=\"article\" \/>\n<meta property=\"og:title\" content=\"Herm\u00ednio Bello De Carvalho - Sei L\u00e1 - Black Hole Discos\" \/>\n<meta property=\"og:description\" content=\"LP original de \u00e9poca em perfeitas condi\u00e7\u00f5es com raro encarte . EMI \u2013 EMCB-7004 A1 N\u00e3o D\u00e1 Pr\u00e1 Entender 2:10 A2a Sei L\u00e1, Mangueira 2:38 A2b Mundando De Conversa 2:05 A3 O Cora\u00e7\u00e3o N\u00e3o Errou 2:04 A4 Isso N\u00e3o Se Faz 2:12 A5a Folhas No Ar 1:23 A5b A Pessoa No. 3 0:52 A5c Fora [&hellip;]\" \/>\n<meta property=\"og:url\" content=\"https:\/\/blackholediscos.com\/en\/product\/herminio-bello-de-carvalho-sei-la\/\" \/>\n<meta property=\"og:site_name\" content=\"Black Hole Discos\" \/>\n<meta property=\"article:publisher\" content=\"https:\/\/www.instagram.com\/blackholediscos\/\" \/>\n<meta property=\"article:modified_time\" content=\"2024-06-28T19:55:05+00:00\" \/>\n<meta property=\"og:image\" content=\"https:\/\/blackholediscos.com\/wp-content\/uploads\/2024\/06\/WhatsApp-Image-2024-06-23-at-17.53.31-11-scaled.jpeg\" \/>\n\t<meta property=\"og:image:width\" content=\"2560\" \/>\n\t<meta property=\"og:image:height\" content=\"2560\" \/>\n\t<meta property=\"og:image:type\" content=\"image\/jpeg\" \/>\n<meta name=\"twitter:card\" content=\"summary_large_image\" \/>\n<meta name=\"twitter:label1\" content=\"Est. reading time\" \/>\n\t<meta name=\"twitter:data1\" content=\"1 minute\" \/>\n<script type=\"application\/ld+json\" class=\"yoast-schema-graph\">{\"@context\":\"https:\\\/\\\/schema.org\",\"@graph\":[{\"@type\":\"WebPage\",\"@id\":\"https:\\\/\\\/blackholediscos.com\\\/product\\\/herminio-bello-de-carvalho-sei-la\\\/\",\"url\":\"https:\\\/\\\/blackholediscos.com\\\/product\\\/herminio-bello-de-carvalho-sei-la\\\/\",\"name\":\"Herm\u00ednio Bello De Carvalho - Sei L\u00e1 - Black Hole Discos\",\"isPartOf\":{\"@id\":\"https:\\\/\\\/blackholediscos.com\\\/#website\"},\"primaryImageOfPage\":{\"@id\":\"https:\\\/\\\/blackholediscos.com\\\/product\\\/herminio-bello-de-carvalho-sei-la\\\/#primaryimage\"},\"image\":{\"@id\":\"https:\\\/\\\/blackholediscos.com\\\/product\\\/herminio-bello-de-carvalho-sei-la\\\/#primaryimage\"},\"thumbnailUrl\":\"https:\\\/\\\/blackholediscos.com\\\/wp-content\\\/uploads\\\/2024\\\/06\\\/WhatsApp-Image-2024-06-23-at-17.53.31-11-scaled.jpeg\",\"datePublished\":\"2024-06-23T21:44:34+00:00\",\"dateModified\":\"2024-06-28T19:55:05+00:00\",\"breadcrumb\":{\"@id\":\"https:\\\/\\\/blackholediscos.com\\\/product\\\/herminio-bello-de-carvalho-sei-la\\\/#breadcrumb\"},\"inLanguage\":\"en-US\",\"potentialAction\":[{\"@type\":\"ReadAction\",\"target\":[\"https:\\\/\\\/blackholediscos.com\\\/product\\\/herminio-bello-de-carvalho-sei-la\\\/\"]}]},{\"@type\":\"ImageObject\",\"inLanguage\":\"en-US\",\"@id\":\"https:\\\/\\\/blackholediscos.com\\\/product\\\/herminio-bello-de-carvalho-sei-la\\\/#primaryimage\",\"url\":\"https:\\\/\\\/blackholediscos.com\\\/wp-content\\\/uploads\\\/2024\\\/06\\\/WhatsApp-Image-2024-06-23-at-17.53.31-11-scaled.jpeg\",\"contentUrl\":\"https:\\\/\\\/blackholediscos.com\\\/wp-content\\\/uploads\\\/2024\\\/06\\\/WhatsApp-Image-2024-06-23-at-17.53.31-11-scaled.jpeg\",\"width\":2560,\"height\":2560},{\"@type\":\"BreadcrumbList\",\"@id\":\"https:\\\/\\\/blackholediscos.com\\\/product\\\/herminio-bello-de-carvalho-sei-la\\\/#breadcrumb\",\"itemListElement\":[{\"@type\":\"ListItem\",\"position\":1,\"name\":\"In\u00edcio\",\"item\":\"https:\\\/\\\/blackholediscos.com\\\/\"},{\"@type\":\"ListItem\",\"position\":2,\"name\":\"Shop\",\"item\":\"https:\\\/\\\/blackholediscos.com\\\/shop\\\/\"},{\"@type\":\"ListItem\",\"position\":3,\"name\":\"Herm\u00ednio Bello De Carvalho &#8211; Sei L\u00e1\"}]},{\"@type\":\"WebSite\",\"@id\":\"https:\\\/\\\/blackholediscos.com\\\/#website\",\"url\":\"https:\\\/\\\/blackholediscos.com\\\/\",\"name\":\"Black Hole Discos\",\"description\":\"Brazilian music LPs\",\"publisher\":{\"@id\":\"https:\\\/\\\/blackholediscos.com\\\/#organization\"},\"potentialAction\":[{\"@type\":\"SearchAction\",\"target\":{\"@type\":\"EntryPoint\",\"urlTemplate\":\"https:\\\/\\\/blackholediscos.com\\\/?s={search_term_string}\"},\"query-input\":{\"@type\":\"PropertyValueSpecification\",\"valueRequired\":true,\"valueName\":\"search_term_string\"}}],\"inLanguage\":\"en-US\"},{\"@type\":\"Organization\",\"@id\":\"https:\\\/\\\/blackholediscos.com\\\/#organization\",\"name\":\"Black Hole Discos\",\"url\":\"https:\\\/\\\/blackholediscos.com\\\/\",\"logo\":{\"@type\":\"ImageObject\",\"inLanguage\":\"en-US\",\"@id\":\"https:\\\/\\\/blackholediscos.com\\\/#\\\/schema\\\/logo\\\/image\\\/\",\"url\":\"https:\\\/\\\/blackholediscos.com\\\/wp-content\\\/uploads\\\/2024\\\/06\\\/black-hole-discos-vinis-logo.png\",\"contentUrl\":\"https:\\\/\\\/blackholediscos.com\\\/wp-content\\\/uploads\\\/2024\\\/06\\\/black-hole-discos-vinis-logo.png\",\"width\":70,\"height\":66,\"caption\":\"Black Hole Discos\"},\"image\":{\"@id\":\"https:\\\/\\\/blackholediscos.com\\\/#\\\/schema\\\/logo\\\/image\\\/\"},\"sameAs\":[\"https:\\\/\\\/www.instagram.com\\\/blackholediscos\\\/\"]}]}<\/script>\n<!-- \/ Yoast SEO plugin. -->","yoast_head_json":{"title":"Herm\u00ednio Bello De Carvalho - Sei L\u00e1 - Black Hole Discos","robots":{"index":"index","follow":"follow","max-snippet":"max-snippet:-1","max-image-preview":"max-image-preview:large","max-video-preview":"max-video-preview:-1"},"canonical":"https:\/\/blackholediscos.com\/en\/product\/herminio-bello-de-carvalho-sei-la\/","og_locale":"en_US","og_type":"article","og_title":"Herm\u00ednio Bello De Carvalho - Sei L\u00e1 - Black Hole Discos","og_description":"LP original de \u00e9poca em perfeitas condi\u00e7\u00f5es com raro encarte . EMI \u2013 EMCB-7004 A1 N\u00e3o D\u00e1 Pr\u00e1 Entender 2:10 A2a Sei L\u00e1, Mangueira 2:38 A2b Mundando De Conversa 2:05 A3 O Cora\u00e7\u00e3o N\u00e3o Errou 2:04 A4 Isso N\u00e3o Se Faz 2:12 A5a Folhas No Ar 1:23 A5b A Pessoa No. 3 0:52 A5c Fora [&hellip;]","og_url":"https:\/\/blackholediscos.com\/en\/product\/herminio-bello-de-carvalho-sei-la\/","og_site_name":"Black Hole Discos","article_publisher":"https:\/\/www.instagram.com\/blackholediscos\/","article_modified_time":"2024-06-28T19:55:05+00:00","og_image":[{"width":2560,"height":2560,"url":"https:\/\/blackholediscos.com\/wp-content\/uploads\/2024\/06\/WhatsApp-Image-2024-06-23-at-17.53.31-11-scaled.jpeg","type":"image\/jpeg"}],"twitter_card":"summary_large_image","twitter_misc":{"Est. reading time":"1 minute"},"schema":{"@context":"https:\/\/schema.org","@graph":[{"@type":"WebPage","@id":"https:\/\/blackholediscos.com\/product\/herminio-bello-de-carvalho-sei-la\/","url":"https:\/\/blackholediscos.com\/product\/herminio-bello-de-carvalho-sei-la\/","name":"Herm\u00ednio Bello De Carvalho - Sei L\u00e1 - Black Hole Discos","isPartOf":{"@id":"https:\/\/blackholediscos.com\/#website"},"primaryImageOfPage":{"@id":"https:\/\/blackholediscos.com\/product\/herminio-bello-de-carvalho-sei-la\/#primaryimage"},"image":{"@id":"https:\/\/blackholediscos.com\/product\/herminio-bello-de-carvalho-sei-la\/#primaryimage"},"thumbnailUrl":"https:\/\/blackholediscos.com\/wp-content\/uploads\/2024\/06\/WhatsApp-Image-2024-06-23-at-17.53.31-11-scaled.jpeg","datePublished":"2024-06-23T21:44:34+00:00","dateModified":"2024-06-28T19:55:05+00:00","breadcrumb":{"@id":"https:\/\/blackholediscos.com\/product\/herminio-bello-de-carvalho-sei-la\/#breadcrumb"},"inLanguage":"en-US","potentialAction":[{"@type":"ReadAction","target":["https:\/\/blackholediscos.com\/product\/herminio-bello-de-carvalho-sei-la\/"]}]},{"@type":"ImageObject","inLanguage":"en-US","@id":"https:\/\/blackholediscos.com\/product\/herminio-bello-de-carvalho-sei-la\/#primaryimage","url":"https:\/\/blackholediscos.com\/wp-content\/uploads\/2024\/06\/WhatsApp-Image-2024-06-23-at-17.53.31-11-scaled.jpeg","contentUrl":"https:\/\/blackholediscos.com\/wp-content\/uploads\/2024\/06\/WhatsApp-Image-2024-06-23-at-17.53.31-11-scaled.jpeg","width":2560,"height":2560},{"@type":"BreadcrumbList","@id":"https:\/\/blackholediscos.com\/product\/herminio-bello-de-carvalho-sei-la\/#breadcrumb","itemListElement":[{"@type":"ListItem","position":1,"name":"In\u00edcio","item":"https:\/\/blackholediscos.com\/"},{"@type":"ListItem","position":2,"name":"Shop","item":"https:\/\/blackholediscos.com\/shop\/"},{"@type":"ListItem","position":3,"name":"Herm\u00ednio Bello De Carvalho &#8211; Sei L\u00e1"}]},{"@type":"WebSite","@id":"https:\/\/blackholediscos.com\/#website","url":"https:\/\/blackholediscos.com\/","name":"Black Hole Discos","description":"Brazilian music LPs","publisher":{"@id":"https:\/\/blackholediscos.com\/#organization"},"potentialAction":[{"@type":"SearchAction","target":{"@type":"EntryPoint","urlTemplate":"https:\/\/blackholediscos.com\/?s={search_term_string}"},"query-input":{"@type":"PropertyValueSpecification","valueRequired":true,"valueName":"search_term_string"}}],"inLanguage":"en-US"},{"@type":"Organization","@id":"https:\/\/blackholediscos.com\/#organization","name":"Black Hole Discos","url":"https:\/\/blackholediscos.com\/","logo":{"@type":"ImageObject","inLanguage":"en-US","@id":"https:\/\/blackholediscos.com\/#\/schema\/logo\/image\/","url":"https:\/\/blackholediscos.com\/wp-content\/uploads\/2024\/06\/black-hole-discos-vinis-logo.png","contentUrl":"https:\/\/blackholediscos.com\/wp-content\/uploads\/2024\/06\/black-hole-discos-vinis-logo.png","width":70,"height":66,"caption":"Black Hole Discos"},"image":{"@id":"https:\/\/blackholediscos.com\/#\/schema\/logo\/image\/"},"sameAs":["https:\/\/www.instagram.com\/blackholediscos\/"]}]}},"_links":{"self":[{"href":"https:\/\/blackholediscos.com\/en\/wp-json\/wp\/v2\/product\/1866","targetHints":{"allow":["GET"]}}],"collection":[{"href":"https:\/\/blackholediscos.com\/en\/wp-json\/wp\/v2\/product"}],"about":[{"href":"https:\/\/blackholediscos.com\/en\/wp-json\/wp\/v2\/types\/product"}],"replies":[{"embeddable":true,"href":"https:\/\/blackholediscos.com\/en\/wp-json\/wp\/v2\/comments?post=1866"}],"wp:featuredmedia":[{"embeddable":true,"href":"https:\/\/blackholediscos.com\/en\/wp-json\/wp\/v2\/media\/1842"}],"wp:attachment":[{"href":"https:\/\/blackholediscos.com\/en\/wp-json\/wp\/v2\/media?parent=1866"}],"wp:term":[{"taxonomy":"product_brand","embeddable":true,"href":"https:\/\/blackholediscos.com\/en\/wp-json\/wp\/v2\/product_brand?post=1866"},{"taxonomy":"product_cat","embeddable":true,"href":"https:\/\/blackholediscos.com\/en\/wp-json\/wp\/v2\/product_cat?post=1866"},{"taxonomy":"product_tag","embeddable":true,"href":"https:\/\/blackholediscos.com\/en\/wp-json\/wp\/v2\/product_tag?post=1866"},{"taxonomy":"artista","embeddable":true,"href":"https:\/\/blackholediscos.com\/en\/wp-json\/wp\/v2\/artista?post=1866"},{"taxonomy":"produtora","embeddable":true,"href":"https:\/\/blackholediscos.com\/en\/wp-json\/wp\/v2\/produtora?post=1866"},{"taxonomy":"ano","embeddable":true,"href":"https:\/\/blackholediscos.com\/en\/wp-json\/wp\/v2\/ano?post=1866"}],"curies":[{"name":"wp","href":"https:\/\/api.w.org\/{rel}","templated":true}]}}