{"id":1850,"date":"2024-06-23T21:35:56","date_gmt":"2024-06-23T21:35:56","guid":{"rendered":"https:\/\/blackholediscos.com\/?post_type=product&#038;p=1850"},"modified":"2025-01-13T15:08:51","modified_gmt":"2025-01-13T15:08:51","slug":"gilberto-gil-gilberto-gil-cerebro-eletronico","status":"publish","type":"product","link":"https:\/\/blackholediscos.com\/en\/product\/gilberto-gil-gilberto-gil-cerebro-eletronico\/","title":{"rendered":"Gilberto Gil \u2013 Gilberto Gil C\u00e9rebro Eletr\u00f4nico"},"content":{"rendered":"<p>LP original de \u00e9poca em sua primeira edi\u00e7ao. M\u00eddia em excelente estado e capa em bom estado<\/p>\n<p>Selo:<br \/>\nPhilips \u200e\u2013 R 765.087 L<\/p>\n<p>A1 C\u00e9rebro Eletr\u00f4nico\t3:34<br \/>\nA2 Volks-Volkswagen Blue\t3:40<br \/>\nA3 Aquele Abra\u00e7o\t5:23<br \/>\nA4 17 L\u00e9guas E Meia\t4:14<br \/>\nA5 A Voz Do Vivo\t3:46<\/p>\n<p>B1 Vitrines\t3:35<br \/>\nB2 2001\t4:33<br \/>\nB3 Futur\u00edvel\t5:46<br \/>\nB4 Objeto Semi-identificado<\/p>","protected":false},"excerpt":{"rendered":"<p>LP original de \u00e9poca em sua primeira edi\u00e7ao. M\u00eddia em excelente estado e capa em bom estado Selo: Philips \u200e\u2013 R 765.087 L A1 C\u00e9rebro Eletr\u00f4nico 3:34 A2 Volks-Volkswagen Blue 3:40 A3 Aquele Abra\u00e7o 5:23 A4 17 L\u00e9guas E Meia 4:14 A5 A Voz Do Vivo 3:46 B1 Vitrines 3:35 B2 2001 4:33 B3 Futur\u00edvel [&hellip;]<\/p>\n","protected":false},"featured_media":1831,"comment_status":"open","ping_status":"closed","template":"","meta":{"_acf_changed":false},"product_brand":[],"product_cat":[15],"product_tag":[255,105],"artista":[238],"produtora":[119],"ano":[491],"class_list":{"0":"post-1850","1":"product","2":"type-product","3":"status-publish","4":"has-post-thumbnail","6":"product_cat-outros","7":"product_tag-gilberto-gil","8":"product_tag-tropicalia","9":"artista-gilberto-gil","10":"produtora-philips","11":"ano-491","13":"first","14":"outofstock","15":"shipping-taxable","16":"purchasable","17":"product-type-simple"},"acf":[],"yoast_head":"<!-- This site is optimized with the Yoast SEO plugin v27.3 - https:\/\/yoast.com\/product\/yoast-seo-wordpress\/ -->\n<title>Gilberto Gil \u2013 Gilberto Gil C\u00e9rebro Eletr\u00f4nico - Black Hole Discos<\/title>\n<meta name=\"robots\" content=\"index, follow, max-snippet:-1, max-image-preview:large, max-video-preview:-1\" \/>\n<link rel=\"canonical\" href=\"https:\/\/blackholediscos.com\/en\/product\/gilberto-gil-gilberto-gil-cerebro-eletronico\/\" \/>\n<meta property=\"og:locale\" content=\"en_US\" \/>\n<meta property=\"og:type\" content=\"article\" \/>\n<meta property=\"og:title\" content=\"Gilberto Gil \u2013 Gilberto Gil C\u00e9rebro Eletr\u00f4nico - Black Hole Discos\" \/>\n<meta property=\"og:description\" content=\"LP original de \u00e9poca em sua primeira edi\u00e7ao. M\u00eddia em excelente estado e capa em bom estado Selo: Philips \u200e\u2013 R 765.087 L A1 C\u00e9rebro Eletr\u00f4nico 3:34 A2 Volks-Volkswagen Blue 3:40 A3 Aquele Abra\u00e7o 5:23 A4 17 L\u00e9guas E Meia 4:14 A5 A Voz Do Vivo 3:46 B1 Vitrines 3:35 B2 2001 4:33 B3 Futur\u00edvel [&hellip;]\" \/>\n<meta property=\"og:url\" content=\"https:\/\/blackholediscos.com\/en\/product\/gilberto-gil-gilberto-gil-cerebro-eletronico\/\" \/>\n<meta property=\"og:site_name\" content=\"Black Hole Discos\" \/>\n<meta property=\"article:publisher\" content=\"https:\/\/www.instagram.com\/blackholediscos\/\" \/>\n<meta property=\"article:modified_time\" content=\"2025-01-13T15:08:51+00:00\" \/>\n<meta property=\"og:image\" content=\"https:\/\/blackholediscos.com\/wp-content\/uploads\/2024\/06\/WhatsApp-Image-2024-06-23-at-17.53.31-3-scaled.jpeg\" \/>\n\t<meta property=\"og:image:width\" content=\"2560\" \/>\n\t<meta property=\"og:image:height\" content=\"2560\" \/>\n\t<meta property=\"og:image:type\" content=\"image\/jpeg\" \/>\n<meta name=\"twitter:card\" content=\"summary_large_image\" \/>\n<meta name=\"twitter:label1\" content=\"Est. reading time\" \/>\n\t<meta name=\"twitter:data1\" content=\"1 minute\" \/>\n<script type=\"application\/ld+json\" class=\"yoast-schema-graph\">{\"@context\":\"https:\\\/\\\/schema.org\",\"@graph\":[{\"@type\":\"WebPage\",\"@id\":\"https:\\\/\\\/blackholediscos.com\\\/product\\\/gilberto-gil-gilberto-gil-cerebro-eletronico\\\/\",\"url\":\"https:\\\/\\\/blackholediscos.com\\\/product\\\/gilberto-gil-gilberto-gil-cerebro-eletronico\\\/\",\"name\":\"Gilberto Gil \u2013 Gilberto Gil C\u00e9rebro Eletr\u00f4nico - Black Hole Discos\",\"isPartOf\":{\"@id\":\"https:\\\/\\\/blackholediscos.com\\\/#website\"},\"primaryImageOfPage\":{\"@id\":\"https:\\\/\\\/blackholediscos.com\\\/product\\\/gilberto-gil-gilberto-gil-cerebro-eletronico\\\/#primaryimage\"},\"image\":{\"@id\":\"https:\\\/\\\/blackholediscos.com\\\/product\\\/gilberto-gil-gilberto-gil-cerebro-eletronico\\\/#primaryimage\"},\"thumbnailUrl\":\"https:\\\/\\\/blackholediscos.com\\\/wp-content\\\/uploads\\\/2024\\\/06\\\/WhatsApp-Image-2024-06-23-at-17.53.31-3-scaled.jpeg\",\"datePublished\":\"2024-06-23T21:35:56+00:00\",\"dateModified\":\"2025-01-13T15:08:51+00:00\",\"breadcrumb\":{\"@id\":\"https:\\\/\\\/blackholediscos.com\\\/product\\\/gilberto-gil-gilberto-gil-cerebro-eletronico\\\/#breadcrumb\"},\"inLanguage\":\"en-US\",\"potentialAction\":[{\"@type\":\"ReadAction\",\"target\":[\"https:\\\/\\\/blackholediscos.com\\\/product\\\/gilberto-gil-gilberto-gil-cerebro-eletronico\\\/\"]}]},{\"@type\":\"ImageObject\",\"inLanguage\":\"en-US\",\"@id\":\"https:\\\/\\\/blackholediscos.com\\\/product\\\/gilberto-gil-gilberto-gil-cerebro-eletronico\\\/#primaryimage\",\"url\":\"https:\\\/\\\/blackholediscos.com\\\/wp-content\\\/uploads\\\/2024\\\/06\\\/WhatsApp-Image-2024-06-23-at-17.53.31-3-scaled.jpeg\",\"contentUrl\":\"https:\\\/\\\/blackholediscos.com\\\/wp-content\\\/uploads\\\/2024\\\/06\\\/WhatsApp-Image-2024-06-23-at-17.53.31-3-scaled.jpeg\",\"width\":2560,\"height\":2560},{\"@type\":\"BreadcrumbList\",\"@id\":\"https:\\\/\\\/blackholediscos.com\\\/product\\\/gilberto-gil-gilberto-gil-cerebro-eletronico\\\/#breadcrumb\",\"itemListElement\":[{\"@type\":\"ListItem\",\"position\":1,\"name\":\"In\u00edcio\",\"item\":\"https:\\\/\\\/blackholediscos.com\\\/\"},{\"@type\":\"ListItem\",\"position\":2,\"name\":\"Shop\",\"item\":\"https:\\\/\\\/blackholediscos.com\\\/shop\\\/\"},{\"@type\":\"ListItem\",\"position\":3,\"name\":\"Gilberto Gil \u2013 Gilberto Gil C\u00e9rebro Eletr\u00f4nico\"}]},{\"@type\":\"WebSite\",\"@id\":\"https:\\\/\\\/blackholediscos.com\\\/#website\",\"url\":\"https:\\\/\\\/blackholediscos.com\\\/\",\"name\":\"Black Hole Discos\",\"description\":\"Brazilian music LPs\",\"publisher\":{\"@id\":\"https:\\\/\\\/blackholediscos.com\\\/#organization\"},\"potentialAction\":[{\"@type\":\"SearchAction\",\"target\":{\"@type\":\"EntryPoint\",\"urlTemplate\":\"https:\\\/\\\/blackholediscos.com\\\/?s={search_term_string}\"},\"query-input\":{\"@type\":\"PropertyValueSpecification\",\"valueRequired\":true,\"valueName\":\"search_term_string\"}}],\"inLanguage\":\"en-US\"},{\"@type\":\"Organization\",\"@id\":\"https:\\\/\\\/blackholediscos.com\\\/#organization\",\"name\":\"Black Hole Discos\",\"url\":\"https:\\\/\\\/blackholediscos.com\\\/\",\"logo\":{\"@type\":\"ImageObject\",\"inLanguage\":\"en-US\",\"@id\":\"https:\\\/\\\/blackholediscos.com\\\/#\\\/schema\\\/logo\\\/image\\\/\",\"url\":\"https:\\\/\\\/blackholediscos.com\\\/wp-content\\\/uploads\\\/2024\\\/06\\\/black-hole-discos-vinis-logo.png\",\"contentUrl\":\"https:\\\/\\\/blackholediscos.com\\\/wp-content\\\/uploads\\\/2024\\\/06\\\/black-hole-discos-vinis-logo.png\",\"width\":70,\"height\":66,\"caption\":\"Black Hole Discos\"},\"image\":{\"@id\":\"https:\\\/\\\/blackholediscos.com\\\/#\\\/schema\\\/logo\\\/image\\\/\"},\"sameAs\":[\"https:\\\/\\\/www.instagram.com\\\/blackholediscos\\\/\"]}]}<\/script>\n<!-- \/ Yoast SEO plugin. -->","yoast_head_json":{"title":"Gilberto Gil \u2013 Gilberto Gil C\u00e9rebro Eletr\u00f4nico - Black Hole Discos","robots":{"index":"index","follow":"follow","max-snippet":"max-snippet:-1","max-image-preview":"max-image-preview:large","max-video-preview":"max-video-preview:-1"},"canonical":"https:\/\/blackholediscos.com\/en\/product\/gilberto-gil-gilberto-gil-cerebro-eletronico\/","og_locale":"en_US","og_type":"article","og_title":"Gilberto Gil \u2013 Gilberto Gil C\u00e9rebro Eletr\u00f4nico - Black Hole Discos","og_description":"LP original de \u00e9poca em sua primeira edi\u00e7ao. M\u00eddia em excelente estado e capa em bom estado Selo: Philips \u200e\u2013 R 765.087 L A1 C\u00e9rebro Eletr\u00f4nico 3:34 A2 Volks-Volkswagen Blue 3:40 A3 Aquele Abra\u00e7o 5:23 A4 17 L\u00e9guas E Meia 4:14 A5 A Voz Do Vivo 3:46 B1 Vitrines 3:35 B2 2001 4:33 B3 Futur\u00edvel [&hellip;]","og_url":"https:\/\/blackholediscos.com\/en\/product\/gilberto-gil-gilberto-gil-cerebro-eletronico\/","og_site_name":"Black Hole Discos","article_publisher":"https:\/\/www.instagram.com\/blackholediscos\/","article_modified_time":"2025-01-13T15:08:51+00:00","og_image":[{"width":2560,"height":2560,"url":"https:\/\/blackholediscos.com\/wp-content\/uploads\/2024\/06\/WhatsApp-Image-2024-06-23-at-17.53.31-3-scaled.jpeg","type":"image\/jpeg"}],"twitter_card":"summary_large_image","twitter_misc":{"Est. reading time":"1 minute"},"schema":{"@context":"https:\/\/schema.org","@graph":[{"@type":"WebPage","@id":"https:\/\/blackholediscos.com\/product\/gilberto-gil-gilberto-gil-cerebro-eletronico\/","url":"https:\/\/blackholediscos.com\/product\/gilberto-gil-gilberto-gil-cerebro-eletronico\/","name":"Gilberto Gil \u2013 Gilberto Gil C\u00e9rebro Eletr\u00f4nico - Black Hole Discos","isPartOf":{"@id":"https:\/\/blackholediscos.com\/#website"},"primaryImageOfPage":{"@id":"https:\/\/blackholediscos.com\/product\/gilberto-gil-gilberto-gil-cerebro-eletronico\/#primaryimage"},"image":{"@id":"https:\/\/blackholediscos.com\/product\/gilberto-gil-gilberto-gil-cerebro-eletronico\/#primaryimage"},"thumbnailUrl":"https:\/\/blackholediscos.com\/wp-content\/uploads\/2024\/06\/WhatsApp-Image-2024-06-23-at-17.53.31-3-scaled.jpeg","datePublished":"2024-06-23T21:35:56+00:00","dateModified":"2025-01-13T15:08:51+00:00","breadcrumb":{"@id":"https:\/\/blackholediscos.com\/product\/gilberto-gil-gilberto-gil-cerebro-eletronico\/#breadcrumb"},"inLanguage":"en-US","potentialAction":[{"@type":"ReadAction","target":["https:\/\/blackholediscos.com\/product\/gilberto-gil-gilberto-gil-cerebro-eletronico\/"]}]},{"@type":"ImageObject","inLanguage":"en-US","@id":"https:\/\/blackholediscos.com\/product\/gilberto-gil-gilberto-gil-cerebro-eletronico\/#primaryimage","url":"https:\/\/blackholediscos.com\/wp-content\/uploads\/2024\/06\/WhatsApp-Image-2024-06-23-at-17.53.31-3-scaled.jpeg","contentUrl":"https:\/\/blackholediscos.com\/wp-content\/uploads\/2024\/06\/WhatsApp-Image-2024-06-23-at-17.53.31-3-scaled.jpeg","width":2560,"height":2560},{"@type":"BreadcrumbList","@id":"https:\/\/blackholediscos.com\/product\/gilberto-gil-gilberto-gil-cerebro-eletronico\/#breadcrumb","itemListElement":[{"@type":"ListItem","position":1,"name":"In\u00edcio","item":"https:\/\/blackholediscos.com\/"},{"@type":"ListItem","position":2,"name":"Shop","item":"https:\/\/blackholediscos.com\/shop\/"},{"@type":"ListItem","position":3,"name":"Gilberto Gil \u2013 Gilberto Gil C\u00e9rebro Eletr\u00f4nico"}]},{"@type":"WebSite","@id":"https:\/\/blackholediscos.com\/#website","url":"https:\/\/blackholediscos.com\/","name":"Black Hole Discos","description":"Brazilian music LPs","publisher":{"@id":"https:\/\/blackholediscos.com\/#organization"},"potentialAction":[{"@type":"SearchAction","target":{"@type":"EntryPoint","urlTemplate":"https:\/\/blackholediscos.com\/?s={search_term_string}"},"query-input":{"@type":"PropertyValueSpecification","valueRequired":true,"valueName":"search_term_string"}}],"inLanguage":"en-US"},{"@type":"Organization","@id":"https:\/\/blackholediscos.com\/#organization","name":"Black Hole Discos","url":"https:\/\/blackholediscos.com\/","logo":{"@type":"ImageObject","inLanguage":"en-US","@id":"https:\/\/blackholediscos.com\/#\/schema\/logo\/image\/","url":"https:\/\/blackholediscos.com\/wp-content\/uploads\/2024\/06\/black-hole-discos-vinis-logo.png","contentUrl":"https:\/\/blackholediscos.com\/wp-content\/uploads\/2024\/06\/black-hole-discos-vinis-logo.png","width":70,"height":66,"caption":"Black Hole Discos"},"image":{"@id":"https:\/\/blackholediscos.com\/#\/schema\/logo\/image\/"},"sameAs":["https:\/\/www.instagram.com\/blackholediscos\/"]}]}},"_links":{"self":[{"href":"https:\/\/blackholediscos.com\/en\/wp-json\/wp\/v2\/product\/1850","targetHints":{"allow":["GET"]}}],"collection":[{"href":"https:\/\/blackholediscos.com\/en\/wp-json\/wp\/v2\/product"}],"about":[{"href":"https:\/\/blackholediscos.com\/en\/wp-json\/wp\/v2\/types\/product"}],"replies":[{"embeddable":true,"href":"https:\/\/blackholediscos.com\/en\/wp-json\/wp\/v2\/comments?post=1850"}],"wp:featuredmedia":[{"embeddable":true,"href":"https:\/\/blackholediscos.com\/en\/wp-json\/wp\/v2\/media\/1831"}],"wp:attachment":[{"href":"https:\/\/blackholediscos.com\/en\/wp-json\/wp\/v2\/media?parent=1850"}],"wp:term":[{"taxonomy":"product_brand","embeddable":true,"href":"https:\/\/blackholediscos.com\/en\/wp-json\/wp\/v2\/product_brand?post=1850"},{"taxonomy":"product_cat","embeddable":true,"href":"https:\/\/blackholediscos.com\/en\/wp-json\/wp\/v2\/product_cat?post=1850"},{"taxonomy":"product_tag","embeddable":true,"href":"https:\/\/blackholediscos.com\/en\/wp-json\/wp\/v2\/product_tag?post=1850"},{"taxonomy":"artista","embeddable":true,"href":"https:\/\/blackholediscos.com\/en\/wp-json\/wp\/v2\/artista?post=1850"},{"taxonomy":"produtora","embeddable":true,"href":"https:\/\/blackholediscos.com\/en\/wp-json\/wp\/v2\/produtora?post=1850"},{"taxonomy":"ano","embeddable":true,"href":"https:\/\/blackholediscos.com\/en\/wp-json\/wp\/v2\/ano?post=1850"}],"curies":[{"name":"wp","href":"https:\/\/api.w.org\/{rel}","templated":true}]}}