{"id":1829,"date":"2024-06-23T21:26:06","date_gmt":"2024-06-23T21:26:06","guid":{"rendered":"https:\/\/blackholediscos.com\/?post_type=product&#038;p=1829"},"modified":"2024-06-28T21:08:48","modified_gmt":"2024-06-28T21:08:48","slug":"marku-ribas-mente-coracao","status":"publish","type":"product","link":"https:\/\/blackholediscos.com\/en\/product\/marku-ribas-mente-coracao\/","title":{"rendered":"Mark\u00fa Ribas \u2013 Mente &#038; Cora\u00e7\u00e3o"},"content":{"rendered":"<p>LP original de \u00e9poca em perfeitas condi\u00e7\u00f5es <\/p>\n<p>Philips \u2013 6485 214<\/p>\n<p>A1 Mente &#038; Cora\u00e7\u00e3o\t4:34<br \/>\nA2 Ch\u00f4ro Verde\t2:29<br \/>\nA3 Ser\u00e1 Bem Melhor\t4:32<br \/>\nA4 Quem Pede, Pede\t4:45<br \/>\nA5 As Vozes N\u00e3o Mentem\t4:05<\/p>\n<p>B1 Nunca Vi!!!\t3:57<br \/>\nB2 S\u00f3 Voc\u00ea (La Pluie Tomb\u00e9e)\t3:38<br \/>\nB3 Olha A Brecha\t3:27<br \/>\nB4 Novo Dia\t4:14<br \/>\nB5 Limites Naturais<\/p>","protected":false},"excerpt":{"rendered":"<p>LP original de \u00e9poca em perfeitas condi\u00e7\u00f5es Philips \u2013 6485 214 A1 Mente &#038; Cora\u00e7\u00e3o 4:34 A2 Ch\u00f4ro Verde 2:29 A3 Ser\u00e1 Bem Melhor 4:32 A4 Quem Pede, Pede 4:45 A5 As Vozes N\u00e3o Mentem 4:05 B1 Nunca Vi!!! 3:57 B2 S\u00f3 Voc\u00ea (La Pluie Tomb\u00e9e) 3:38 B3 Olha A Brecha 3:27 B4 Novo Dia [&hellip;]<\/p>\n","protected":false},"featured_media":1822,"comment_status":"open","ping_status":"closed","template":"","meta":{"_acf_changed":false},"product_brand":[],"product_cat":[15],"product_tag":[],"artista":[485],"produtora":[119],"ano":[284],"class_list":{"0":"post-1829","1":"product","2":"type-product","3":"status-publish","4":"has-post-thumbnail","6":"product_cat-outros","7":"artista-marku-ribas","8":"produtora-philips","9":"ano-284","11":"first","12":"instock","13":"shipping-taxable","14":"purchasable","15":"product-type-simple"},"acf":[],"yoast_head":"<!-- This site is optimized with the Yoast SEO plugin v27.5 - https:\/\/yoast.com\/product\/yoast-seo-wordpress\/ -->\n<title>Mark\u00fa Ribas \u2013 Mente &amp; Cora\u00e7\u00e3o - Black Hole Discos<\/title>\n<meta name=\"robots\" content=\"index, follow, max-snippet:-1, max-image-preview:large, max-video-preview:-1\" \/>\n<link rel=\"canonical\" href=\"https:\/\/blackholediscos.com\/en\/product\/marku-ribas-mente-coracao\/\" \/>\n<meta property=\"og:locale\" content=\"en_US\" \/>\n<meta property=\"og:type\" content=\"article\" \/>\n<meta property=\"og:title\" content=\"Mark\u00fa Ribas \u2013 Mente &amp; Cora\u00e7\u00e3o - Black Hole Discos\" \/>\n<meta property=\"og:description\" content=\"LP original de \u00e9poca em perfeitas condi\u00e7\u00f5es Philips \u2013 6485 214 A1 Mente &#038; Cora\u00e7\u00e3o 4:34 A2 Ch\u00f4ro Verde 2:29 A3 Ser\u00e1 Bem Melhor 4:32 A4 Quem Pede, Pede 4:45 A5 As Vozes N\u00e3o Mentem 4:05 B1 Nunca Vi!!! 3:57 B2 S\u00f3 Voc\u00ea (La Pluie Tomb\u00e9e) 3:38 B3 Olha A Brecha 3:27 B4 Novo Dia [&hellip;]\" \/>\n<meta property=\"og:url\" content=\"https:\/\/blackholediscos.com\/en\/product\/marku-ribas-mente-coracao\/\" \/>\n<meta property=\"og:site_name\" content=\"Black Hole Discos\" \/>\n<meta property=\"article:publisher\" content=\"https:\/\/www.instagram.com\/blackholediscos\/\" \/>\n<meta property=\"article:modified_time\" content=\"2024-06-28T21:08:48+00:00\" \/>\n<meta property=\"og:image\" content=\"https:\/\/blackholediscos.com\/wp-content\/uploads\/2024\/06\/WhatsApp-Image-2024-06-23-at-17.53.30-scaled.jpeg\" \/>\n\t<meta property=\"og:image:width\" content=\"2560\" \/>\n\t<meta property=\"og:image:height\" content=\"2560\" \/>\n\t<meta property=\"og:image:type\" content=\"image\/jpeg\" \/>\n<meta name=\"twitter:card\" content=\"summary_large_image\" \/>\n<meta name=\"twitter:label1\" content=\"Est. reading time\" \/>\n\t<meta name=\"twitter:data1\" content=\"1 minute\" \/>\n<script type=\"application\/ld+json\" class=\"yoast-schema-graph\">{\"@context\":\"https:\\\/\\\/schema.org\",\"@graph\":[{\"@type\":\"WebPage\",\"@id\":\"https:\\\/\\\/blackholediscos.com\\\/product\\\/marku-ribas-mente-coracao\\\/\",\"url\":\"https:\\\/\\\/blackholediscos.com\\\/product\\\/marku-ribas-mente-coracao\\\/\",\"name\":\"Mark\u00fa Ribas \u2013 Mente & Cora\u00e7\u00e3o - Black Hole Discos\",\"isPartOf\":{\"@id\":\"https:\\\/\\\/blackholediscos.com\\\/#website\"},\"primaryImageOfPage\":{\"@id\":\"https:\\\/\\\/blackholediscos.com\\\/product\\\/marku-ribas-mente-coracao\\\/#primaryimage\"},\"image\":{\"@id\":\"https:\\\/\\\/blackholediscos.com\\\/product\\\/marku-ribas-mente-coracao\\\/#primaryimage\"},\"thumbnailUrl\":\"https:\\\/\\\/blackholediscos.com\\\/wp-content\\\/uploads\\\/2024\\\/06\\\/WhatsApp-Image-2024-06-23-at-17.53.30-scaled.jpeg\",\"datePublished\":\"2024-06-23T21:26:06+00:00\",\"dateModified\":\"2024-06-28T21:08:48+00:00\",\"breadcrumb\":{\"@id\":\"https:\\\/\\\/blackholediscos.com\\\/product\\\/marku-ribas-mente-coracao\\\/#breadcrumb\"},\"inLanguage\":\"en-US\",\"potentialAction\":[{\"@type\":\"ReadAction\",\"target\":[\"https:\\\/\\\/blackholediscos.com\\\/product\\\/marku-ribas-mente-coracao\\\/\"]}]},{\"@type\":\"ImageObject\",\"inLanguage\":\"en-US\",\"@id\":\"https:\\\/\\\/blackholediscos.com\\\/product\\\/marku-ribas-mente-coracao\\\/#primaryimage\",\"url\":\"https:\\\/\\\/blackholediscos.com\\\/wp-content\\\/uploads\\\/2024\\\/06\\\/WhatsApp-Image-2024-06-23-at-17.53.30-scaled.jpeg\",\"contentUrl\":\"https:\\\/\\\/blackholediscos.com\\\/wp-content\\\/uploads\\\/2024\\\/06\\\/WhatsApp-Image-2024-06-23-at-17.53.30-scaled.jpeg\",\"width\":2560,\"height\":2560},{\"@type\":\"BreadcrumbList\",\"@id\":\"https:\\\/\\\/blackholediscos.com\\\/product\\\/marku-ribas-mente-coracao\\\/#breadcrumb\",\"itemListElement\":[{\"@type\":\"ListItem\",\"position\":1,\"name\":\"In\u00edcio\",\"item\":\"https:\\\/\\\/blackholediscos.com\\\/\"},{\"@type\":\"ListItem\",\"position\":2,\"name\":\"Shop\",\"item\":\"https:\\\/\\\/blackholediscos.com\\\/shop\\\/\"},{\"@type\":\"ListItem\",\"position\":3,\"name\":\"Mark\u00fa Ribas \u2013 Mente &#038; Cora\u00e7\u00e3o\"}]},{\"@type\":\"WebSite\",\"@id\":\"https:\\\/\\\/blackholediscos.com\\\/#website\",\"url\":\"https:\\\/\\\/blackholediscos.com\\\/\",\"name\":\"Black Hole Discos\",\"description\":\"Brazilian music LPs\",\"publisher\":{\"@id\":\"https:\\\/\\\/blackholediscos.com\\\/#organization\"},\"potentialAction\":[{\"@type\":\"SearchAction\",\"target\":{\"@type\":\"EntryPoint\",\"urlTemplate\":\"https:\\\/\\\/blackholediscos.com\\\/?s={search_term_string}\"},\"query-input\":{\"@type\":\"PropertyValueSpecification\",\"valueRequired\":true,\"valueName\":\"search_term_string\"}}],\"inLanguage\":\"en-US\"},{\"@type\":\"Organization\",\"@id\":\"https:\\\/\\\/blackholediscos.com\\\/#organization\",\"name\":\"Black Hole Discos\",\"url\":\"https:\\\/\\\/blackholediscos.com\\\/\",\"logo\":{\"@type\":\"ImageObject\",\"inLanguage\":\"en-US\",\"@id\":\"https:\\\/\\\/blackholediscos.com\\\/#\\\/schema\\\/logo\\\/image\\\/\",\"url\":\"https:\\\/\\\/blackholediscos.com\\\/wp-content\\\/uploads\\\/2024\\\/06\\\/black-hole-discos-vinis-logo.png\",\"contentUrl\":\"https:\\\/\\\/blackholediscos.com\\\/wp-content\\\/uploads\\\/2024\\\/06\\\/black-hole-discos-vinis-logo.png\",\"width\":70,\"height\":66,\"caption\":\"Black Hole Discos\"},\"image\":{\"@id\":\"https:\\\/\\\/blackholediscos.com\\\/#\\\/schema\\\/logo\\\/image\\\/\"},\"sameAs\":[\"https:\\\/\\\/www.instagram.com\\\/blackholediscos\\\/\"]}]}<\/script>\n<!-- \/ Yoast SEO plugin. -->","yoast_head_json":{"title":"Mark\u00fa Ribas \u2013 Mente & Cora\u00e7\u00e3o - Black Hole Discos","robots":{"index":"index","follow":"follow","max-snippet":"max-snippet:-1","max-image-preview":"max-image-preview:large","max-video-preview":"max-video-preview:-1"},"canonical":"https:\/\/blackholediscos.com\/en\/product\/marku-ribas-mente-coracao\/","og_locale":"en_US","og_type":"article","og_title":"Mark\u00fa Ribas \u2013 Mente & Cora\u00e7\u00e3o - Black Hole Discos","og_description":"LP original de \u00e9poca em perfeitas condi\u00e7\u00f5es Philips \u2013 6485 214 A1 Mente &#038; Cora\u00e7\u00e3o 4:34 A2 Ch\u00f4ro Verde 2:29 A3 Ser\u00e1 Bem Melhor 4:32 A4 Quem Pede, Pede 4:45 A5 As Vozes N\u00e3o Mentem 4:05 B1 Nunca Vi!!! 3:57 B2 S\u00f3 Voc\u00ea (La Pluie Tomb\u00e9e) 3:38 B3 Olha A Brecha 3:27 B4 Novo Dia [&hellip;]","og_url":"https:\/\/blackholediscos.com\/en\/product\/marku-ribas-mente-coracao\/","og_site_name":"Black Hole Discos","article_publisher":"https:\/\/www.instagram.com\/blackholediscos\/","article_modified_time":"2024-06-28T21:08:48+00:00","og_image":[{"width":2560,"height":2560,"url":"https:\/\/blackholediscos.com\/wp-content\/uploads\/2024\/06\/WhatsApp-Image-2024-06-23-at-17.53.30-scaled.jpeg","type":"image\/jpeg"}],"twitter_card":"summary_large_image","twitter_misc":{"Est. reading time":"1 minute"},"schema":{"@context":"https:\/\/schema.org","@graph":[{"@type":"WebPage","@id":"https:\/\/blackholediscos.com\/product\/marku-ribas-mente-coracao\/","url":"https:\/\/blackholediscos.com\/product\/marku-ribas-mente-coracao\/","name":"Mark\u00fa Ribas \u2013 Mente & Cora\u00e7\u00e3o - Black Hole Discos","isPartOf":{"@id":"https:\/\/blackholediscos.com\/#website"},"primaryImageOfPage":{"@id":"https:\/\/blackholediscos.com\/product\/marku-ribas-mente-coracao\/#primaryimage"},"image":{"@id":"https:\/\/blackholediscos.com\/product\/marku-ribas-mente-coracao\/#primaryimage"},"thumbnailUrl":"https:\/\/blackholediscos.com\/wp-content\/uploads\/2024\/06\/WhatsApp-Image-2024-06-23-at-17.53.30-scaled.jpeg","datePublished":"2024-06-23T21:26:06+00:00","dateModified":"2024-06-28T21:08:48+00:00","breadcrumb":{"@id":"https:\/\/blackholediscos.com\/product\/marku-ribas-mente-coracao\/#breadcrumb"},"inLanguage":"en-US","potentialAction":[{"@type":"ReadAction","target":["https:\/\/blackholediscos.com\/product\/marku-ribas-mente-coracao\/"]}]},{"@type":"ImageObject","inLanguage":"en-US","@id":"https:\/\/blackholediscos.com\/product\/marku-ribas-mente-coracao\/#primaryimage","url":"https:\/\/blackholediscos.com\/wp-content\/uploads\/2024\/06\/WhatsApp-Image-2024-06-23-at-17.53.30-scaled.jpeg","contentUrl":"https:\/\/blackholediscos.com\/wp-content\/uploads\/2024\/06\/WhatsApp-Image-2024-06-23-at-17.53.30-scaled.jpeg","width":2560,"height":2560},{"@type":"BreadcrumbList","@id":"https:\/\/blackholediscos.com\/product\/marku-ribas-mente-coracao\/#breadcrumb","itemListElement":[{"@type":"ListItem","position":1,"name":"In\u00edcio","item":"https:\/\/blackholediscos.com\/"},{"@type":"ListItem","position":2,"name":"Shop","item":"https:\/\/blackholediscos.com\/shop\/"},{"@type":"ListItem","position":3,"name":"Mark\u00fa Ribas \u2013 Mente &#038; Cora\u00e7\u00e3o"}]},{"@type":"WebSite","@id":"https:\/\/blackholediscos.com\/#website","url":"https:\/\/blackholediscos.com\/","name":"Black Hole Discos","description":"Brazilian music LPs","publisher":{"@id":"https:\/\/blackholediscos.com\/#organization"},"potentialAction":[{"@type":"SearchAction","target":{"@type":"EntryPoint","urlTemplate":"https:\/\/blackholediscos.com\/?s={search_term_string}"},"query-input":{"@type":"PropertyValueSpecification","valueRequired":true,"valueName":"search_term_string"}}],"inLanguage":"en-US"},{"@type":"Organization","@id":"https:\/\/blackholediscos.com\/#organization","name":"Black Hole Discos","url":"https:\/\/blackholediscos.com\/","logo":{"@type":"ImageObject","inLanguage":"en-US","@id":"https:\/\/blackholediscos.com\/#\/schema\/logo\/image\/","url":"https:\/\/blackholediscos.com\/wp-content\/uploads\/2024\/06\/black-hole-discos-vinis-logo.png","contentUrl":"https:\/\/blackholediscos.com\/wp-content\/uploads\/2024\/06\/black-hole-discos-vinis-logo.png","width":70,"height":66,"caption":"Black Hole Discos"},"image":{"@id":"https:\/\/blackholediscos.com\/#\/schema\/logo\/image\/"},"sameAs":["https:\/\/www.instagram.com\/blackholediscos\/"]}]}},"_links":{"self":[{"href":"https:\/\/blackholediscos.com\/en\/wp-json\/wp\/v2\/product\/1829","targetHints":{"allow":["GET"]}}],"collection":[{"href":"https:\/\/blackholediscos.com\/en\/wp-json\/wp\/v2\/product"}],"about":[{"href":"https:\/\/blackholediscos.com\/en\/wp-json\/wp\/v2\/types\/product"}],"replies":[{"embeddable":true,"href":"https:\/\/blackholediscos.com\/en\/wp-json\/wp\/v2\/comments?post=1829"}],"wp:featuredmedia":[{"embeddable":true,"href":"https:\/\/blackholediscos.com\/en\/wp-json\/wp\/v2\/media\/1822"}],"wp:attachment":[{"href":"https:\/\/blackholediscos.com\/en\/wp-json\/wp\/v2\/media?parent=1829"}],"wp:term":[{"taxonomy":"product_brand","embeddable":true,"href":"https:\/\/blackholediscos.com\/en\/wp-json\/wp\/v2\/product_brand?post=1829"},{"taxonomy":"product_cat","embeddable":true,"href":"https:\/\/blackholediscos.com\/en\/wp-json\/wp\/v2\/product_cat?post=1829"},{"taxonomy":"product_tag","embeddable":true,"href":"https:\/\/blackholediscos.com\/en\/wp-json\/wp\/v2\/product_tag?post=1829"},{"taxonomy":"artista","embeddable":true,"href":"https:\/\/blackholediscos.com\/en\/wp-json\/wp\/v2\/artista?post=1829"},{"taxonomy":"produtora","embeddable":true,"href":"https:\/\/blackholediscos.com\/en\/wp-json\/wp\/v2\/produtora?post=1829"},{"taxonomy":"ano","embeddable":true,"href":"https:\/\/blackholediscos.com\/en\/wp-json\/wp\/v2\/ano?post=1829"}],"curies":[{"name":"wp","href":"https:\/\/api.w.org\/{rel}","templated":true}]}}