{"id":1566,"date":"2024-06-23T18:45:58","date_gmt":"2024-06-23T18:45:58","guid":{"rendered":"https:\/\/blackholediscos.com\/?post_type=product&#038;p=1566"},"modified":"2024-06-28T18:30:02","modified_gmt":"2024-06-28T18:30:02","slug":"milton-nascimento-o-milagre-dos-peixes","status":"publish","type":"product","link":"https:\/\/blackholediscos.com\/en\/product\/milton-nascimento-o-milagre-dos-peixes\/","title":{"rendered":"Milton Nascimento &#8211; O Milagre dos Peixes"},"content":{"rendered":"<p>Vinil original de \u00e9poca em excelente condi\u00e7\u00f5es <\/p>\n<p>Formato:<br \/>\nVinyl, LP, Album, Reissue, Quadraphonic, Poster Sleeve<\/p>\n<p>A1 Os Escravos De J\u00f3\t3:12<br \/>\nA2 Carlos, L\u00facia, Chico E Tiago (Eu Sou Uma Preta Velha Aqui Sentada Ao Sol)\t6:03<br \/>\nA3 Milagre Dos Peixes\t2:51<br \/>\nA4 A Chamada\t4:18<br \/>\nB1 Pablo N\u00ba 2\t3:13<br \/>\nB2 Tema Dos Deuses\t3:23<br \/>\nB3 Hoje \u00c9 Dia De El-Rey\t6:55<br \/>\nB4 A \u00daltima Sess\u00e3o De M\u00fasica\t2:18<br \/>\nC1 Cad\u00ea\t3:58<br \/>\nD1 Sacramento\t1:52<br \/>\nD2 Pablo<\/p>","protected":false},"excerpt":{"rendered":"<p>Vinil original de \u00e9poca em excelente condi\u00e7\u00f5es Formato: Vinyl, LP, Album, Reissue, Quadraphonic, Poster Sleeve A1 Os Escravos De J\u00f3 3:12 A2 Carlos, L\u00facia, Chico E Tiago (Eu Sou Uma Preta Velha Aqui Sentada Ao Sol) 6:03 A3 Milagre Dos Peixes 2:51 A4 A Chamada 4:18 B1 Pablo N\u00ba 2 3:13 B2 Tema Dos Deuses [&hellip;]<\/p>\n","protected":false},"featured_media":1567,"comment_status":"open","ping_status":"closed","template":"","meta":{"_acf_changed":false},"product_brand":[],"product_cat":[39],"product_tag":[75],"artista":[77],"produtora":[53],"ano":[58],"class_list":{"0":"post-1566","1":"product","2":"type-product","3":"status-publish","4":"has-post-thumbnail","6":"product_cat-mpb","7":"product_tag-milton-nascimento","8":"artista-milton-nascimento","9":"produtora-odeon","10":"ano-58","12":"first","13":"instock","14":"shipping-taxable","15":"purchasable","16":"product-type-simple"},"acf":[],"yoast_head":"<!-- This site is optimized with the Yoast SEO plugin v27.5 - https:\/\/yoast.com\/product\/yoast-seo-wordpress\/ -->\n<title>Milton Nascimento - O Milagre dos Peixes - Black Hole Discos<\/title>\n<meta name=\"robots\" content=\"index, follow, max-snippet:-1, max-image-preview:large, max-video-preview:-1\" \/>\n<link rel=\"canonical\" href=\"https:\/\/blackholediscos.com\/en\/product\/milton-nascimento-o-milagre-dos-peixes\/\" \/>\n<meta property=\"og:locale\" content=\"en_US\" \/>\n<meta property=\"og:type\" content=\"article\" \/>\n<meta property=\"og:title\" content=\"Milton Nascimento - O Milagre dos Peixes - Black Hole Discos\" \/>\n<meta property=\"og:description\" content=\"Vinil original de \u00e9poca em excelente condi\u00e7\u00f5es Formato: Vinyl, LP, Album, Reissue, Quadraphonic, Poster Sleeve A1 Os Escravos De J\u00f3 3:12 A2 Carlos, L\u00facia, Chico E Tiago (Eu Sou Uma Preta Velha Aqui Sentada Ao Sol) 6:03 A3 Milagre Dos Peixes 2:51 A4 A Chamada 4:18 B1 Pablo N\u00ba 2 3:13 B2 Tema Dos Deuses [&hellip;]\" \/>\n<meta property=\"og:url\" content=\"https:\/\/blackholediscos.com\/en\/product\/milton-nascimento-o-milagre-dos-peixes\/\" \/>\n<meta property=\"og:site_name\" content=\"Black Hole Discos\" \/>\n<meta property=\"article:publisher\" content=\"https:\/\/www.instagram.com\/blackholediscos\/\" \/>\n<meta property=\"article:modified_time\" content=\"2024-06-28T18:30:02+00:00\" \/>\n<meta property=\"og:image\" content=\"https:\/\/blackholediscos.com\/wp-content\/uploads\/2024\/06\/WhatsApp-Image-2024-06-23-at-15.39.12-scaled.jpeg\" \/>\n\t<meta property=\"og:image:width\" content=\"2560\" \/>\n\t<meta property=\"og:image:height\" content=\"2560\" \/>\n\t<meta property=\"og:image:type\" content=\"image\/jpeg\" \/>\n<meta name=\"twitter:card\" content=\"summary_large_image\" \/>\n<meta name=\"twitter:label1\" content=\"Est. reading time\" \/>\n\t<meta name=\"twitter:data1\" content=\"1 minute\" \/>\n<script type=\"application\/ld+json\" class=\"yoast-schema-graph\">{\"@context\":\"https:\\\/\\\/schema.org\",\"@graph\":[{\"@type\":\"WebPage\",\"@id\":\"https:\\\/\\\/blackholediscos.com\\\/product\\\/milton-nascimento-o-milagre-dos-peixes\\\/\",\"url\":\"https:\\\/\\\/blackholediscos.com\\\/product\\\/milton-nascimento-o-milagre-dos-peixes\\\/\",\"name\":\"Milton Nascimento - O Milagre dos Peixes - Black Hole Discos\",\"isPartOf\":{\"@id\":\"https:\\\/\\\/blackholediscos.com\\\/#website\"},\"primaryImageOfPage\":{\"@id\":\"https:\\\/\\\/blackholediscos.com\\\/product\\\/milton-nascimento-o-milagre-dos-peixes\\\/#primaryimage\"},\"image\":{\"@id\":\"https:\\\/\\\/blackholediscos.com\\\/product\\\/milton-nascimento-o-milagre-dos-peixes\\\/#primaryimage\"},\"thumbnailUrl\":\"https:\\\/\\\/blackholediscos.com\\\/wp-content\\\/uploads\\\/2024\\\/06\\\/WhatsApp-Image-2024-06-23-at-15.39.12-scaled.jpeg\",\"datePublished\":\"2024-06-23T18:45:58+00:00\",\"dateModified\":\"2024-06-28T18:30:02+00:00\",\"breadcrumb\":{\"@id\":\"https:\\\/\\\/blackholediscos.com\\\/product\\\/milton-nascimento-o-milagre-dos-peixes\\\/#breadcrumb\"},\"inLanguage\":\"en-US\",\"potentialAction\":[{\"@type\":\"ReadAction\",\"target\":[\"https:\\\/\\\/blackholediscos.com\\\/product\\\/milton-nascimento-o-milagre-dos-peixes\\\/\"]}]},{\"@type\":\"ImageObject\",\"inLanguage\":\"en-US\",\"@id\":\"https:\\\/\\\/blackholediscos.com\\\/product\\\/milton-nascimento-o-milagre-dos-peixes\\\/#primaryimage\",\"url\":\"https:\\\/\\\/blackholediscos.com\\\/wp-content\\\/uploads\\\/2024\\\/06\\\/WhatsApp-Image-2024-06-23-at-15.39.12-scaled.jpeg\",\"contentUrl\":\"https:\\\/\\\/blackholediscos.com\\\/wp-content\\\/uploads\\\/2024\\\/06\\\/WhatsApp-Image-2024-06-23-at-15.39.12-scaled.jpeg\",\"width\":2560,\"height\":2560},{\"@type\":\"BreadcrumbList\",\"@id\":\"https:\\\/\\\/blackholediscos.com\\\/product\\\/milton-nascimento-o-milagre-dos-peixes\\\/#breadcrumb\",\"itemListElement\":[{\"@type\":\"ListItem\",\"position\":1,\"name\":\"In\u00edcio\",\"item\":\"https:\\\/\\\/blackholediscos.com\\\/\"},{\"@type\":\"ListItem\",\"position\":2,\"name\":\"Shop\",\"item\":\"https:\\\/\\\/blackholediscos.com\\\/shop\\\/\"},{\"@type\":\"ListItem\",\"position\":3,\"name\":\"Milton Nascimento &#8211; O Milagre dos Peixes\"}]},{\"@type\":\"WebSite\",\"@id\":\"https:\\\/\\\/blackholediscos.com\\\/#website\",\"url\":\"https:\\\/\\\/blackholediscos.com\\\/\",\"name\":\"Black Hole Discos\",\"description\":\"Brazilian music LPs\",\"publisher\":{\"@id\":\"https:\\\/\\\/blackholediscos.com\\\/#organization\"},\"potentialAction\":[{\"@type\":\"SearchAction\",\"target\":{\"@type\":\"EntryPoint\",\"urlTemplate\":\"https:\\\/\\\/blackholediscos.com\\\/?s={search_term_string}\"},\"query-input\":{\"@type\":\"PropertyValueSpecification\",\"valueRequired\":true,\"valueName\":\"search_term_string\"}}],\"inLanguage\":\"en-US\"},{\"@type\":\"Organization\",\"@id\":\"https:\\\/\\\/blackholediscos.com\\\/#organization\",\"name\":\"Black Hole Discos\",\"url\":\"https:\\\/\\\/blackholediscos.com\\\/\",\"logo\":{\"@type\":\"ImageObject\",\"inLanguage\":\"en-US\",\"@id\":\"https:\\\/\\\/blackholediscos.com\\\/#\\\/schema\\\/logo\\\/image\\\/\",\"url\":\"https:\\\/\\\/blackholediscos.com\\\/wp-content\\\/uploads\\\/2024\\\/06\\\/black-hole-discos-vinis-logo.png\",\"contentUrl\":\"https:\\\/\\\/blackholediscos.com\\\/wp-content\\\/uploads\\\/2024\\\/06\\\/black-hole-discos-vinis-logo.png\",\"width\":70,\"height\":66,\"caption\":\"Black Hole Discos\"},\"image\":{\"@id\":\"https:\\\/\\\/blackholediscos.com\\\/#\\\/schema\\\/logo\\\/image\\\/\"},\"sameAs\":[\"https:\\\/\\\/www.instagram.com\\\/blackholediscos\\\/\"]}]}<\/script>\n<!-- \/ Yoast SEO plugin. -->","yoast_head_json":{"title":"Milton Nascimento - O Milagre dos Peixes - Black Hole Discos","robots":{"index":"index","follow":"follow","max-snippet":"max-snippet:-1","max-image-preview":"max-image-preview:large","max-video-preview":"max-video-preview:-1"},"canonical":"https:\/\/blackholediscos.com\/en\/product\/milton-nascimento-o-milagre-dos-peixes\/","og_locale":"en_US","og_type":"article","og_title":"Milton Nascimento - O Milagre dos Peixes - Black Hole Discos","og_description":"Vinil original de \u00e9poca em excelente condi\u00e7\u00f5es Formato: Vinyl, LP, Album, Reissue, Quadraphonic, Poster Sleeve A1 Os Escravos De J\u00f3 3:12 A2 Carlos, L\u00facia, Chico E Tiago (Eu Sou Uma Preta Velha Aqui Sentada Ao Sol) 6:03 A3 Milagre Dos Peixes 2:51 A4 A Chamada 4:18 B1 Pablo N\u00ba 2 3:13 B2 Tema Dos Deuses [&hellip;]","og_url":"https:\/\/blackholediscos.com\/en\/product\/milton-nascimento-o-milagre-dos-peixes\/","og_site_name":"Black Hole Discos","article_publisher":"https:\/\/www.instagram.com\/blackholediscos\/","article_modified_time":"2024-06-28T18:30:02+00:00","og_image":[{"width":2560,"height":2560,"url":"https:\/\/blackholediscos.com\/wp-content\/uploads\/2024\/06\/WhatsApp-Image-2024-06-23-at-15.39.12-scaled.jpeg","type":"image\/jpeg"}],"twitter_card":"summary_large_image","twitter_misc":{"Est. reading time":"1 minute"},"schema":{"@context":"https:\/\/schema.org","@graph":[{"@type":"WebPage","@id":"https:\/\/blackholediscos.com\/product\/milton-nascimento-o-milagre-dos-peixes\/","url":"https:\/\/blackholediscos.com\/product\/milton-nascimento-o-milagre-dos-peixes\/","name":"Milton Nascimento - O Milagre dos Peixes - Black Hole Discos","isPartOf":{"@id":"https:\/\/blackholediscos.com\/#website"},"primaryImageOfPage":{"@id":"https:\/\/blackholediscos.com\/product\/milton-nascimento-o-milagre-dos-peixes\/#primaryimage"},"image":{"@id":"https:\/\/blackholediscos.com\/product\/milton-nascimento-o-milagre-dos-peixes\/#primaryimage"},"thumbnailUrl":"https:\/\/blackholediscos.com\/wp-content\/uploads\/2024\/06\/WhatsApp-Image-2024-06-23-at-15.39.12-scaled.jpeg","datePublished":"2024-06-23T18:45:58+00:00","dateModified":"2024-06-28T18:30:02+00:00","breadcrumb":{"@id":"https:\/\/blackholediscos.com\/product\/milton-nascimento-o-milagre-dos-peixes\/#breadcrumb"},"inLanguage":"en-US","potentialAction":[{"@type":"ReadAction","target":["https:\/\/blackholediscos.com\/product\/milton-nascimento-o-milagre-dos-peixes\/"]}]},{"@type":"ImageObject","inLanguage":"en-US","@id":"https:\/\/blackholediscos.com\/product\/milton-nascimento-o-milagre-dos-peixes\/#primaryimage","url":"https:\/\/blackholediscos.com\/wp-content\/uploads\/2024\/06\/WhatsApp-Image-2024-06-23-at-15.39.12-scaled.jpeg","contentUrl":"https:\/\/blackholediscos.com\/wp-content\/uploads\/2024\/06\/WhatsApp-Image-2024-06-23-at-15.39.12-scaled.jpeg","width":2560,"height":2560},{"@type":"BreadcrumbList","@id":"https:\/\/blackholediscos.com\/product\/milton-nascimento-o-milagre-dos-peixes\/#breadcrumb","itemListElement":[{"@type":"ListItem","position":1,"name":"In\u00edcio","item":"https:\/\/blackholediscos.com\/"},{"@type":"ListItem","position":2,"name":"Shop","item":"https:\/\/blackholediscos.com\/shop\/"},{"@type":"ListItem","position":3,"name":"Milton Nascimento &#8211; O Milagre dos Peixes"}]},{"@type":"WebSite","@id":"https:\/\/blackholediscos.com\/#website","url":"https:\/\/blackholediscos.com\/","name":"Black Hole Discos","description":"Brazilian music LPs","publisher":{"@id":"https:\/\/blackholediscos.com\/#organization"},"potentialAction":[{"@type":"SearchAction","target":{"@type":"EntryPoint","urlTemplate":"https:\/\/blackholediscos.com\/?s={search_term_string}"},"query-input":{"@type":"PropertyValueSpecification","valueRequired":true,"valueName":"search_term_string"}}],"inLanguage":"en-US"},{"@type":"Organization","@id":"https:\/\/blackholediscos.com\/#organization","name":"Black Hole Discos","url":"https:\/\/blackholediscos.com\/","logo":{"@type":"ImageObject","inLanguage":"en-US","@id":"https:\/\/blackholediscos.com\/#\/schema\/logo\/image\/","url":"https:\/\/blackholediscos.com\/wp-content\/uploads\/2024\/06\/black-hole-discos-vinis-logo.png","contentUrl":"https:\/\/blackholediscos.com\/wp-content\/uploads\/2024\/06\/black-hole-discos-vinis-logo.png","width":70,"height":66,"caption":"Black Hole Discos"},"image":{"@id":"https:\/\/blackholediscos.com\/#\/schema\/logo\/image\/"},"sameAs":["https:\/\/www.instagram.com\/blackholediscos\/"]}]}},"_links":{"self":[{"href":"https:\/\/blackholediscos.com\/en\/wp-json\/wp\/v2\/product\/1566","targetHints":{"allow":["GET"]}}],"collection":[{"href":"https:\/\/blackholediscos.com\/en\/wp-json\/wp\/v2\/product"}],"about":[{"href":"https:\/\/blackholediscos.com\/en\/wp-json\/wp\/v2\/types\/product"}],"replies":[{"embeddable":true,"href":"https:\/\/blackholediscos.com\/en\/wp-json\/wp\/v2\/comments?post=1566"}],"wp:featuredmedia":[{"embeddable":true,"href":"https:\/\/blackholediscos.com\/en\/wp-json\/wp\/v2\/media\/1567"}],"wp:attachment":[{"href":"https:\/\/blackholediscos.com\/en\/wp-json\/wp\/v2\/media?parent=1566"}],"wp:term":[{"taxonomy":"product_brand","embeddable":true,"href":"https:\/\/blackholediscos.com\/en\/wp-json\/wp\/v2\/product_brand?post=1566"},{"taxonomy":"product_cat","embeddable":true,"href":"https:\/\/blackholediscos.com\/en\/wp-json\/wp\/v2\/product_cat?post=1566"},{"taxonomy":"product_tag","embeddable":true,"href":"https:\/\/blackholediscos.com\/en\/wp-json\/wp\/v2\/product_tag?post=1566"},{"taxonomy":"artista","embeddable":true,"href":"https:\/\/blackholediscos.com\/en\/wp-json\/wp\/v2\/artista?post=1566"},{"taxonomy":"produtora","embeddable":true,"href":"https:\/\/blackholediscos.com\/en\/wp-json\/wp\/v2\/produtora?post=1566"},{"taxonomy":"ano","embeddable":true,"href":"https:\/\/blackholediscos.com\/en\/wp-json\/wp\/v2\/ano?post=1566"}],"curies":[{"name":"wp","href":"https:\/\/api.w.org\/{rel}","templated":true}]}}