{"id":1564,"date":"2024-06-23T18:43:41","date_gmt":"2024-06-23T18:43:41","guid":{"rendered":"https:\/\/blackholediscos.com\/?post_type=product&#038;p=1564"},"modified":"2024-06-28T18:25:09","modified_gmt":"2024-06-28T18:25:09","slug":"os-mutantes-transmutation","status":"publish","type":"product","link":"https:\/\/blackholediscos.com\/en\/product\/os-mutantes-transmutation\/","title":{"rendered":"Os Mutantes \u200e\u2013 Transmutation"},"content":{"rendered":"<p>LP original de lan\u00e7amento duplo em perfeitas condi\u00e7\u00f5es <\/p>\n<p>Label:<br \/>\nNot On Label (Os Mutantes) \u2013 none<\/p>\n<p>A1 Arena\t7:54<br \/>\nA2 Ando Meio Desligado\t7:40<br \/>\nA3  Et Circensis\t3:29<\/p>\n<p>B1 Falsifiquei Minha Caderneta\t2:16<br \/>\nB2 Frutificar\t6:15<br \/>\nB3 Semente Da Paix\u00e3o\t4:48<\/p>\n<p>C1 Amanhecer\t3:08<br \/>\nC2 Paran\u00f3ia\t6:50<br \/>\nC3 Mensageiro Da Ladeira\t2:25<\/p>\n<p>D1 Rock\u2019n\u2019Roll City\t9:54<br \/>\nD2 Te Encontrar<\/p>","protected":false},"excerpt":{"rendered":"<p>LP original de lan\u00e7amento duplo em perfeitas condi\u00e7\u00f5es Label: Not On Label (Os Mutantes) \u2013 none A1 Arena 7:54 A2 Ando Meio Desligado 7:40 A3 Et Circensis 3:29 B1 Falsifiquei Minha Caderneta 2:16 B2 Frutificar 6:15 B3 Semente Da Paix\u00e3o 4:48 C1 Amanhecer 3:08 C2 Paran\u00f3ia 6:50 C3 Mensageiro Da Ladeira 2:25 D1 Rock\u2019n\u2019Roll City [&hellip;]<\/p>\n","protected":false},"featured_media":1565,"comment_status":"open","ping_status":"closed","template":"","meta":{"_acf_changed":false},"product_brand":[],"product_cat":[35,310],"product_tag":[230],"artista":[206],"produtora":[84],"ano":[],"class_list":{"0":"post-1564","1":"product","2":"type-product","3":"status-publish","4":"has-post-thumbnail","6":"product_cat-rock","7":"product_cat-tropicalia","8":"product_tag-os-mutantes","9":"artista-os-mutantes","10":"produtora-not-on-label","12":"first","13":"instock","14":"shipping-taxable","15":"purchasable","16":"product-type-simple"},"acf":[],"yoast_head":"<!-- This site is optimized with the Yoast SEO plugin v27.4 - https:\/\/yoast.com\/product\/yoast-seo-wordpress\/ -->\n<title>Os Mutantes \u200e\u2013 Transmutation - Black Hole Discos<\/title>\n<meta name=\"robots\" content=\"index, follow, max-snippet:-1, max-image-preview:large, max-video-preview:-1\" \/>\n<link rel=\"canonical\" href=\"https:\/\/blackholediscos.com\/en\/product\/os-mutantes-transmutation\/\" \/>\n<meta property=\"og:locale\" content=\"en_US\" \/>\n<meta property=\"og:type\" content=\"article\" \/>\n<meta property=\"og:title\" content=\"Os Mutantes \u200e\u2013 Transmutation - Black Hole Discos\" \/>\n<meta property=\"og:description\" content=\"LP original de lan\u00e7amento duplo em perfeitas condi\u00e7\u00f5es Label: Not On Label (Os Mutantes) \u2013 none A1 Arena 7:54 A2 Ando Meio Desligado 7:40 A3 Et Circensis 3:29 B1 Falsifiquei Minha Caderneta 2:16 B2 Frutificar 6:15 B3 Semente Da Paix\u00e3o 4:48 C1 Amanhecer 3:08 C2 Paran\u00f3ia 6:50 C3 Mensageiro Da Ladeira 2:25 D1 Rock\u2019n\u2019Roll City [&hellip;]\" \/>\n<meta property=\"og:url\" content=\"https:\/\/blackholediscos.com\/en\/product\/os-mutantes-transmutation\/\" \/>\n<meta property=\"og:site_name\" content=\"Black Hole Discos\" \/>\n<meta property=\"article:publisher\" content=\"https:\/\/www.instagram.com\/blackholediscos\/\" \/>\n<meta property=\"article:modified_time\" content=\"2024-06-28T18:25:09+00:00\" \/>\n<meta property=\"og:image\" content=\"https:\/\/blackholediscos.com\/wp-content\/uploads\/2024\/06\/WhatsApp-Image-2024-06-23-at-15.38.25-scaled.jpeg\" \/>\n\t<meta property=\"og:image:width\" content=\"2560\" \/>\n\t<meta property=\"og:image:height\" content=\"2560\" \/>\n\t<meta property=\"og:image:type\" content=\"image\/jpeg\" \/>\n<meta name=\"twitter:card\" content=\"summary_large_image\" \/>\n<meta name=\"twitter:label1\" content=\"Est. reading time\" \/>\n\t<meta name=\"twitter:data1\" content=\"1 minute\" \/>\n<script type=\"application\/ld+json\" class=\"yoast-schema-graph\">{\"@context\":\"https:\\\/\\\/schema.org\",\"@graph\":[{\"@type\":\"WebPage\",\"@id\":\"https:\\\/\\\/blackholediscos.com\\\/product\\\/os-mutantes-transmutation\\\/\",\"url\":\"https:\\\/\\\/blackholediscos.com\\\/product\\\/os-mutantes-transmutation\\\/\",\"name\":\"Os Mutantes \u200e\u2013 Transmutation - Black Hole Discos\",\"isPartOf\":{\"@id\":\"https:\\\/\\\/blackholediscos.com\\\/#website\"},\"primaryImageOfPage\":{\"@id\":\"https:\\\/\\\/blackholediscos.com\\\/product\\\/os-mutantes-transmutation\\\/#primaryimage\"},\"image\":{\"@id\":\"https:\\\/\\\/blackholediscos.com\\\/product\\\/os-mutantes-transmutation\\\/#primaryimage\"},\"thumbnailUrl\":\"https:\\\/\\\/blackholediscos.com\\\/wp-content\\\/uploads\\\/2024\\\/06\\\/WhatsApp-Image-2024-06-23-at-15.38.25-scaled.jpeg\",\"datePublished\":\"2024-06-23T18:43:41+00:00\",\"dateModified\":\"2024-06-28T18:25:09+00:00\",\"breadcrumb\":{\"@id\":\"https:\\\/\\\/blackholediscos.com\\\/product\\\/os-mutantes-transmutation\\\/#breadcrumb\"},\"inLanguage\":\"en-US\",\"potentialAction\":[{\"@type\":\"ReadAction\",\"target\":[\"https:\\\/\\\/blackholediscos.com\\\/product\\\/os-mutantes-transmutation\\\/\"]}]},{\"@type\":\"ImageObject\",\"inLanguage\":\"en-US\",\"@id\":\"https:\\\/\\\/blackholediscos.com\\\/product\\\/os-mutantes-transmutation\\\/#primaryimage\",\"url\":\"https:\\\/\\\/blackholediscos.com\\\/wp-content\\\/uploads\\\/2024\\\/06\\\/WhatsApp-Image-2024-06-23-at-15.38.25-scaled.jpeg\",\"contentUrl\":\"https:\\\/\\\/blackholediscos.com\\\/wp-content\\\/uploads\\\/2024\\\/06\\\/WhatsApp-Image-2024-06-23-at-15.38.25-scaled.jpeg\",\"width\":2560,\"height\":2560},{\"@type\":\"BreadcrumbList\",\"@id\":\"https:\\\/\\\/blackholediscos.com\\\/product\\\/os-mutantes-transmutation\\\/#breadcrumb\",\"itemListElement\":[{\"@type\":\"ListItem\",\"position\":1,\"name\":\"In\u00edcio\",\"item\":\"https:\\\/\\\/blackholediscos.com\\\/\"},{\"@type\":\"ListItem\",\"position\":2,\"name\":\"Shop\",\"item\":\"https:\\\/\\\/blackholediscos.com\\\/shop\\\/\"},{\"@type\":\"ListItem\",\"position\":3,\"name\":\"Os Mutantes \u200e\u2013 Transmutation\"}]},{\"@type\":\"WebSite\",\"@id\":\"https:\\\/\\\/blackholediscos.com\\\/#website\",\"url\":\"https:\\\/\\\/blackholediscos.com\\\/\",\"name\":\"Black Hole Discos\",\"description\":\"Brazilian music LPs\",\"publisher\":{\"@id\":\"https:\\\/\\\/blackholediscos.com\\\/#organization\"},\"potentialAction\":[{\"@type\":\"SearchAction\",\"target\":{\"@type\":\"EntryPoint\",\"urlTemplate\":\"https:\\\/\\\/blackholediscos.com\\\/?s={search_term_string}\"},\"query-input\":{\"@type\":\"PropertyValueSpecification\",\"valueRequired\":true,\"valueName\":\"search_term_string\"}}],\"inLanguage\":\"en-US\"},{\"@type\":\"Organization\",\"@id\":\"https:\\\/\\\/blackholediscos.com\\\/#organization\",\"name\":\"Black Hole Discos\",\"url\":\"https:\\\/\\\/blackholediscos.com\\\/\",\"logo\":{\"@type\":\"ImageObject\",\"inLanguage\":\"en-US\",\"@id\":\"https:\\\/\\\/blackholediscos.com\\\/#\\\/schema\\\/logo\\\/image\\\/\",\"url\":\"https:\\\/\\\/blackholediscos.com\\\/wp-content\\\/uploads\\\/2024\\\/06\\\/black-hole-discos-vinis-logo.png\",\"contentUrl\":\"https:\\\/\\\/blackholediscos.com\\\/wp-content\\\/uploads\\\/2024\\\/06\\\/black-hole-discos-vinis-logo.png\",\"width\":70,\"height\":66,\"caption\":\"Black Hole Discos\"},\"image\":{\"@id\":\"https:\\\/\\\/blackholediscos.com\\\/#\\\/schema\\\/logo\\\/image\\\/\"},\"sameAs\":[\"https:\\\/\\\/www.instagram.com\\\/blackholediscos\\\/\"]}]}<\/script>\n<!-- \/ Yoast SEO plugin. -->","yoast_head_json":{"title":"Os Mutantes \u200e\u2013 Transmutation - Black Hole Discos","robots":{"index":"index","follow":"follow","max-snippet":"max-snippet:-1","max-image-preview":"max-image-preview:large","max-video-preview":"max-video-preview:-1"},"canonical":"https:\/\/blackholediscos.com\/en\/product\/os-mutantes-transmutation\/","og_locale":"en_US","og_type":"article","og_title":"Os Mutantes \u200e\u2013 Transmutation - Black Hole Discos","og_description":"LP original de lan\u00e7amento duplo em perfeitas condi\u00e7\u00f5es Label: Not On Label (Os Mutantes) \u2013 none A1 Arena 7:54 A2 Ando Meio Desligado 7:40 A3 Et Circensis 3:29 B1 Falsifiquei Minha Caderneta 2:16 B2 Frutificar 6:15 B3 Semente Da Paix\u00e3o 4:48 C1 Amanhecer 3:08 C2 Paran\u00f3ia 6:50 C3 Mensageiro Da Ladeira 2:25 D1 Rock\u2019n\u2019Roll City [&hellip;]","og_url":"https:\/\/blackholediscos.com\/en\/product\/os-mutantes-transmutation\/","og_site_name":"Black Hole Discos","article_publisher":"https:\/\/www.instagram.com\/blackholediscos\/","article_modified_time":"2024-06-28T18:25:09+00:00","og_image":[{"width":2560,"height":2560,"url":"https:\/\/blackholediscos.com\/wp-content\/uploads\/2024\/06\/WhatsApp-Image-2024-06-23-at-15.38.25-scaled.jpeg","type":"image\/jpeg"}],"twitter_card":"summary_large_image","twitter_misc":{"Est. reading time":"1 minute"},"schema":{"@context":"https:\/\/schema.org","@graph":[{"@type":"WebPage","@id":"https:\/\/blackholediscos.com\/product\/os-mutantes-transmutation\/","url":"https:\/\/blackholediscos.com\/product\/os-mutantes-transmutation\/","name":"Os Mutantes \u200e\u2013 Transmutation - Black Hole Discos","isPartOf":{"@id":"https:\/\/blackholediscos.com\/#website"},"primaryImageOfPage":{"@id":"https:\/\/blackholediscos.com\/product\/os-mutantes-transmutation\/#primaryimage"},"image":{"@id":"https:\/\/blackholediscos.com\/product\/os-mutantes-transmutation\/#primaryimage"},"thumbnailUrl":"https:\/\/blackholediscos.com\/wp-content\/uploads\/2024\/06\/WhatsApp-Image-2024-06-23-at-15.38.25-scaled.jpeg","datePublished":"2024-06-23T18:43:41+00:00","dateModified":"2024-06-28T18:25:09+00:00","breadcrumb":{"@id":"https:\/\/blackholediscos.com\/product\/os-mutantes-transmutation\/#breadcrumb"},"inLanguage":"en-US","potentialAction":[{"@type":"ReadAction","target":["https:\/\/blackholediscos.com\/product\/os-mutantes-transmutation\/"]}]},{"@type":"ImageObject","inLanguage":"en-US","@id":"https:\/\/blackholediscos.com\/product\/os-mutantes-transmutation\/#primaryimage","url":"https:\/\/blackholediscos.com\/wp-content\/uploads\/2024\/06\/WhatsApp-Image-2024-06-23-at-15.38.25-scaled.jpeg","contentUrl":"https:\/\/blackholediscos.com\/wp-content\/uploads\/2024\/06\/WhatsApp-Image-2024-06-23-at-15.38.25-scaled.jpeg","width":2560,"height":2560},{"@type":"BreadcrumbList","@id":"https:\/\/blackholediscos.com\/product\/os-mutantes-transmutation\/#breadcrumb","itemListElement":[{"@type":"ListItem","position":1,"name":"In\u00edcio","item":"https:\/\/blackholediscos.com\/"},{"@type":"ListItem","position":2,"name":"Shop","item":"https:\/\/blackholediscos.com\/shop\/"},{"@type":"ListItem","position":3,"name":"Os Mutantes \u200e\u2013 Transmutation"}]},{"@type":"WebSite","@id":"https:\/\/blackholediscos.com\/#website","url":"https:\/\/blackholediscos.com\/","name":"Black Hole Discos","description":"Brazilian music LPs","publisher":{"@id":"https:\/\/blackholediscos.com\/#organization"},"potentialAction":[{"@type":"SearchAction","target":{"@type":"EntryPoint","urlTemplate":"https:\/\/blackholediscos.com\/?s={search_term_string}"},"query-input":{"@type":"PropertyValueSpecification","valueRequired":true,"valueName":"search_term_string"}}],"inLanguage":"en-US"},{"@type":"Organization","@id":"https:\/\/blackholediscos.com\/#organization","name":"Black Hole Discos","url":"https:\/\/blackholediscos.com\/","logo":{"@type":"ImageObject","inLanguage":"en-US","@id":"https:\/\/blackholediscos.com\/#\/schema\/logo\/image\/","url":"https:\/\/blackholediscos.com\/wp-content\/uploads\/2024\/06\/black-hole-discos-vinis-logo.png","contentUrl":"https:\/\/blackholediscos.com\/wp-content\/uploads\/2024\/06\/black-hole-discos-vinis-logo.png","width":70,"height":66,"caption":"Black Hole Discos"},"image":{"@id":"https:\/\/blackholediscos.com\/#\/schema\/logo\/image\/"},"sameAs":["https:\/\/www.instagram.com\/blackholediscos\/"]}]}},"_links":{"self":[{"href":"https:\/\/blackholediscos.com\/en\/wp-json\/wp\/v2\/product\/1564","targetHints":{"allow":["GET"]}}],"collection":[{"href":"https:\/\/blackholediscos.com\/en\/wp-json\/wp\/v2\/product"}],"about":[{"href":"https:\/\/blackholediscos.com\/en\/wp-json\/wp\/v2\/types\/product"}],"replies":[{"embeddable":true,"href":"https:\/\/blackholediscos.com\/en\/wp-json\/wp\/v2\/comments?post=1564"}],"wp:featuredmedia":[{"embeddable":true,"href":"https:\/\/blackholediscos.com\/en\/wp-json\/wp\/v2\/media\/1565"}],"wp:attachment":[{"href":"https:\/\/blackholediscos.com\/en\/wp-json\/wp\/v2\/media?parent=1564"}],"wp:term":[{"taxonomy":"product_brand","embeddable":true,"href":"https:\/\/blackholediscos.com\/en\/wp-json\/wp\/v2\/product_brand?post=1564"},{"taxonomy":"product_cat","embeddable":true,"href":"https:\/\/blackholediscos.com\/en\/wp-json\/wp\/v2\/product_cat?post=1564"},{"taxonomy":"product_tag","embeddable":true,"href":"https:\/\/blackholediscos.com\/en\/wp-json\/wp\/v2\/product_tag?post=1564"},{"taxonomy":"artista","embeddable":true,"href":"https:\/\/blackholediscos.com\/en\/wp-json\/wp\/v2\/artista?post=1564"},{"taxonomy":"produtora","embeddable":true,"href":"https:\/\/blackholediscos.com\/en\/wp-json\/wp\/v2\/produtora?post=1564"},{"taxonomy":"ano","embeddable":true,"href":"https:\/\/blackholediscos.com\/en\/wp-json\/wp\/v2\/ano?post=1564"}],"curies":[{"name":"wp","href":"https:\/\/api.w.org\/{rel}","templated":true}]}}