{"id":1554,"date":"2024-06-23T18:12:33","date_gmt":"2024-06-23T18:12:33","guid":{"rendered":"https:\/\/blackholediscos.com\/?post_type=product&#038;p=1554"},"modified":"2024-07-18T14:38:38","modified_gmt":"2024-07-18T14:38:38","slug":"orlann-divo-a-chave-do-sucesso","status":"publish","type":"product","link":"https:\/\/blackholediscos.com\/en\/product\/orlann-divo-a-chave-do-sucesso\/","title":{"rendered":"Orlann Divo \u2013 A Chave Do Sucesso"},"content":{"rendered":"<p>LP original de \u00e9poca em excelente condi\u00e7\u00f5es de capa e m\u00eddia .<\/p>\n<p>Selo:<br \/>\nMusidisc \u200e\u2013 HI-FI-2053<\/p>\n<p>Lista de faixas<\/p>\n<p>A1\tOnde Anda O Meu Amor\t2:18<br \/>\nA2\tN\u00e3o Faz Isso N\u00e3o\t2:44<br \/>\nA3\tJura-Sinh\u00f4\t2:22<br \/>\nA4\tSamba Toff\t2:37<br \/>\nA5\tChavinha\t2:04<br \/>\nA6\tVem P&#8217;ro Samba\t2:03<\/p>\n<p>B1\tSaudade D\u00f3i Demais\t1:58<br \/>\nB2\tSambadinho\t2:29<br \/>\nB3\tE A Tristeza Vai Sorrir\t2:27<br \/>\nB4\tAmor Vai E Vem\t2:30<br \/>\nB5\tFrajola E Piu-Piu\t2:42<br \/>\nB6\tDias De Ver\u00e3o\t2:07<\/p>","protected":false},"excerpt":{"rendered":"<p>LP original de \u00e9poca em excelente condi\u00e7\u00f5es de capa e m\u00eddia . Selo: Musidisc \u200e\u2013 HI-FI-2053 Lista de faixas A1 Onde Anda O Meu Amor 2:18 A2 N\u00e3o Faz Isso N\u00e3o 2:44 A3 Jura-Sinh\u00f4 2:22 A4 Samba Toff 2:37 A5 Chavinha 2:04 A6 Vem P&#8217;ro Samba 2:03 B1 Saudade D\u00f3i Demais 1:58 B2 Sambadinho 2:29 [&hellip;]<\/p>\n","protected":false},"featured_media":1555,"comment_status":"open","ping_status":"closed","template":"","meta":{"_acf_changed":false},"product_brand":[],"product_cat":[130],"product_tag":[54,471],"artista":[221],"produtora":[202],"ano":[472],"class_list":{"0":"post-1554","1":"product","2":"type-product","3":"status-publish","4":"has-post-thumbnail","6":"product_cat-bossa-nova","7":"product_tag-bossa-nova","8":"product_tag-orlandivo","9":"artista-orlandivo","10":"produtora-musidisc","11":"ano-472","13":"first","14":"outofstock","15":"shipping-taxable","16":"purchasable","17":"product-type-simple"},"acf":[],"yoast_head":"<!-- This site is optimized with the Yoast SEO plugin v27.3 - https:\/\/yoast.com\/product\/yoast-seo-wordpress\/ -->\n<title>Orlann Divo \u2013 A Chave Do Sucesso - Black Hole Discos<\/title>\n<meta name=\"robots\" content=\"index, follow, max-snippet:-1, max-image-preview:large, max-video-preview:-1\" \/>\n<link rel=\"canonical\" href=\"https:\/\/blackholediscos.com\/en\/product\/orlann-divo-a-chave-do-sucesso\/\" \/>\n<meta property=\"og:locale\" content=\"en_US\" \/>\n<meta property=\"og:type\" content=\"article\" \/>\n<meta property=\"og:title\" content=\"Orlann Divo \u2013 A Chave Do Sucesso - Black Hole Discos\" \/>\n<meta property=\"og:description\" content=\"LP original de \u00e9poca em excelente condi\u00e7\u00f5es de capa e m\u00eddia . Selo: Musidisc \u200e\u2013 HI-FI-2053 Lista de faixas A1 Onde Anda O Meu Amor 2:18 A2 N\u00e3o Faz Isso N\u00e3o 2:44 A3 Jura-Sinh\u00f4 2:22 A4 Samba Toff 2:37 A5 Chavinha 2:04 A6 Vem P&#8217;ro Samba 2:03 B1 Saudade D\u00f3i Demais 1:58 B2 Sambadinho 2:29 [&hellip;]\" \/>\n<meta property=\"og:url\" content=\"https:\/\/blackholediscos.com\/en\/product\/orlann-divo-a-chave-do-sucesso\/\" \/>\n<meta property=\"og:site_name\" content=\"Black Hole Discos\" \/>\n<meta property=\"article:publisher\" content=\"https:\/\/www.instagram.com\/blackholediscos\/\" \/>\n<meta property=\"article:modified_time\" content=\"2024-07-18T14:38:38+00:00\" \/>\n<meta property=\"og:image\" content=\"https:\/\/blackholediscos.com\/wp-content\/uploads\/2024\/06\/WhatsApp-Image-2024-06-23-at-14.32.58-scaled.jpeg\" \/>\n\t<meta property=\"og:image:width\" content=\"2560\" \/>\n\t<meta property=\"og:image:height\" content=\"2560\" \/>\n\t<meta property=\"og:image:type\" content=\"image\/jpeg\" \/>\n<meta name=\"twitter:card\" content=\"summary_large_image\" \/>\n<meta name=\"twitter:label1\" content=\"Est. reading time\" \/>\n\t<meta name=\"twitter:data1\" content=\"1 minute\" \/>\n<script type=\"application\/ld+json\" class=\"yoast-schema-graph\">{\"@context\":\"https:\\\/\\\/schema.org\",\"@graph\":[{\"@type\":\"WebPage\",\"@id\":\"https:\\\/\\\/blackholediscos.com\\\/product\\\/orlann-divo-a-chave-do-sucesso\\\/\",\"url\":\"https:\\\/\\\/blackholediscos.com\\\/product\\\/orlann-divo-a-chave-do-sucesso\\\/\",\"name\":\"Orlann Divo \u2013 A Chave Do Sucesso - Black Hole Discos\",\"isPartOf\":{\"@id\":\"https:\\\/\\\/blackholediscos.com\\\/#website\"},\"primaryImageOfPage\":{\"@id\":\"https:\\\/\\\/blackholediscos.com\\\/product\\\/orlann-divo-a-chave-do-sucesso\\\/#primaryimage\"},\"image\":{\"@id\":\"https:\\\/\\\/blackholediscos.com\\\/product\\\/orlann-divo-a-chave-do-sucesso\\\/#primaryimage\"},\"thumbnailUrl\":\"https:\\\/\\\/blackholediscos.com\\\/wp-content\\\/uploads\\\/2024\\\/06\\\/WhatsApp-Image-2024-06-23-at-14.32.58-scaled.jpeg\",\"datePublished\":\"2024-06-23T18:12:33+00:00\",\"dateModified\":\"2024-07-18T14:38:38+00:00\",\"breadcrumb\":{\"@id\":\"https:\\\/\\\/blackholediscos.com\\\/product\\\/orlann-divo-a-chave-do-sucesso\\\/#breadcrumb\"},\"inLanguage\":\"en-US\",\"potentialAction\":[{\"@type\":\"ReadAction\",\"target\":[\"https:\\\/\\\/blackholediscos.com\\\/product\\\/orlann-divo-a-chave-do-sucesso\\\/\"]}]},{\"@type\":\"ImageObject\",\"inLanguage\":\"en-US\",\"@id\":\"https:\\\/\\\/blackholediscos.com\\\/product\\\/orlann-divo-a-chave-do-sucesso\\\/#primaryimage\",\"url\":\"https:\\\/\\\/blackholediscos.com\\\/wp-content\\\/uploads\\\/2024\\\/06\\\/WhatsApp-Image-2024-06-23-at-14.32.58-scaled.jpeg\",\"contentUrl\":\"https:\\\/\\\/blackholediscos.com\\\/wp-content\\\/uploads\\\/2024\\\/06\\\/WhatsApp-Image-2024-06-23-at-14.32.58-scaled.jpeg\",\"width\":2560,\"height\":2560},{\"@type\":\"BreadcrumbList\",\"@id\":\"https:\\\/\\\/blackholediscos.com\\\/product\\\/orlann-divo-a-chave-do-sucesso\\\/#breadcrumb\",\"itemListElement\":[{\"@type\":\"ListItem\",\"position\":1,\"name\":\"In\u00edcio\",\"item\":\"https:\\\/\\\/blackholediscos.com\\\/\"},{\"@type\":\"ListItem\",\"position\":2,\"name\":\"Shop\",\"item\":\"https:\\\/\\\/blackholediscos.com\\\/shop\\\/\"},{\"@type\":\"ListItem\",\"position\":3,\"name\":\"Orlann Divo \u2013 A Chave Do Sucesso\"}]},{\"@type\":\"WebSite\",\"@id\":\"https:\\\/\\\/blackholediscos.com\\\/#website\",\"url\":\"https:\\\/\\\/blackholediscos.com\\\/\",\"name\":\"Black Hole Discos\",\"description\":\"Brazilian music LPs\",\"publisher\":{\"@id\":\"https:\\\/\\\/blackholediscos.com\\\/#organization\"},\"potentialAction\":[{\"@type\":\"SearchAction\",\"target\":{\"@type\":\"EntryPoint\",\"urlTemplate\":\"https:\\\/\\\/blackholediscos.com\\\/?s={search_term_string}\"},\"query-input\":{\"@type\":\"PropertyValueSpecification\",\"valueRequired\":true,\"valueName\":\"search_term_string\"}}],\"inLanguage\":\"en-US\"},{\"@type\":\"Organization\",\"@id\":\"https:\\\/\\\/blackholediscos.com\\\/#organization\",\"name\":\"Black Hole Discos\",\"url\":\"https:\\\/\\\/blackholediscos.com\\\/\",\"logo\":{\"@type\":\"ImageObject\",\"inLanguage\":\"en-US\",\"@id\":\"https:\\\/\\\/blackholediscos.com\\\/#\\\/schema\\\/logo\\\/image\\\/\",\"url\":\"https:\\\/\\\/blackholediscos.com\\\/wp-content\\\/uploads\\\/2024\\\/06\\\/black-hole-discos-vinis-logo.png\",\"contentUrl\":\"https:\\\/\\\/blackholediscos.com\\\/wp-content\\\/uploads\\\/2024\\\/06\\\/black-hole-discos-vinis-logo.png\",\"width\":70,\"height\":66,\"caption\":\"Black Hole Discos\"},\"image\":{\"@id\":\"https:\\\/\\\/blackholediscos.com\\\/#\\\/schema\\\/logo\\\/image\\\/\"},\"sameAs\":[\"https:\\\/\\\/www.instagram.com\\\/blackholediscos\\\/\"]}]}<\/script>\n<!-- \/ Yoast SEO plugin. -->","yoast_head_json":{"title":"Orlann Divo \u2013 A Chave Do Sucesso - Black Hole Discos","robots":{"index":"index","follow":"follow","max-snippet":"max-snippet:-1","max-image-preview":"max-image-preview:large","max-video-preview":"max-video-preview:-1"},"canonical":"https:\/\/blackholediscos.com\/en\/product\/orlann-divo-a-chave-do-sucesso\/","og_locale":"en_US","og_type":"article","og_title":"Orlann Divo \u2013 A Chave Do Sucesso - Black Hole Discos","og_description":"LP original de \u00e9poca em excelente condi\u00e7\u00f5es de capa e m\u00eddia . Selo: Musidisc \u200e\u2013 HI-FI-2053 Lista de faixas A1 Onde Anda O Meu Amor 2:18 A2 N\u00e3o Faz Isso N\u00e3o 2:44 A3 Jura-Sinh\u00f4 2:22 A4 Samba Toff 2:37 A5 Chavinha 2:04 A6 Vem P&#8217;ro Samba 2:03 B1 Saudade D\u00f3i Demais 1:58 B2 Sambadinho 2:29 [&hellip;]","og_url":"https:\/\/blackholediscos.com\/en\/product\/orlann-divo-a-chave-do-sucesso\/","og_site_name":"Black Hole Discos","article_publisher":"https:\/\/www.instagram.com\/blackholediscos\/","article_modified_time":"2024-07-18T14:38:38+00:00","og_image":[{"width":2560,"height":2560,"url":"https:\/\/blackholediscos.com\/wp-content\/uploads\/2024\/06\/WhatsApp-Image-2024-06-23-at-14.32.58-scaled.jpeg","type":"image\/jpeg"}],"twitter_card":"summary_large_image","twitter_misc":{"Est. reading time":"1 minute"},"schema":{"@context":"https:\/\/schema.org","@graph":[{"@type":"WebPage","@id":"https:\/\/blackholediscos.com\/product\/orlann-divo-a-chave-do-sucesso\/","url":"https:\/\/blackholediscos.com\/product\/orlann-divo-a-chave-do-sucesso\/","name":"Orlann Divo \u2013 A Chave Do Sucesso - Black Hole Discos","isPartOf":{"@id":"https:\/\/blackholediscos.com\/#website"},"primaryImageOfPage":{"@id":"https:\/\/blackholediscos.com\/product\/orlann-divo-a-chave-do-sucesso\/#primaryimage"},"image":{"@id":"https:\/\/blackholediscos.com\/product\/orlann-divo-a-chave-do-sucesso\/#primaryimage"},"thumbnailUrl":"https:\/\/blackholediscos.com\/wp-content\/uploads\/2024\/06\/WhatsApp-Image-2024-06-23-at-14.32.58-scaled.jpeg","datePublished":"2024-06-23T18:12:33+00:00","dateModified":"2024-07-18T14:38:38+00:00","breadcrumb":{"@id":"https:\/\/blackholediscos.com\/product\/orlann-divo-a-chave-do-sucesso\/#breadcrumb"},"inLanguage":"en-US","potentialAction":[{"@type":"ReadAction","target":["https:\/\/blackholediscos.com\/product\/orlann-divo-a-chave-do-sucesso\/"]}]},{"@type":"ImageObject","inLanguage":"en-US","@id":"https:\/\/blackholediscos.com\/product\/orlann-divo-a-chave-do-sucesso\/#primaryimage","url":"https:\/\/blackholediscos.com\/wp-content\/uploads\/2024\/06\/WhatsApp-Image-2024-06-23-at-14.32.58-scaled.jpeg","contentUrl":"https:\/\/blackholediscos.com\/wp-content\/uploads\/2024\/06\/WhatsApp-Image-2024-06-23-at-14.32.58-scaled.jpeg","width":2560,"height":2560},{"@type":"BreadcrumbList","@id":"https:\/\/blackholediscos.com\/product\/orlann-divo-a-chave-do-sucesso\/#breadcrumb","itemListElement":[{"@type":"ListItem","position":1,"name":"In\u00edcio","item":"https:\/\/blackholediscos.com\/"},{"@type":"ListItem","position":2,"name":"Shop","item":"https:\/\/blackholediscos.com\/shop\/"},{"@type":"ListItem","position":3,"name":"Orlann Divo \u2013 A Chave Do Sucesso"}]},{"@type":"WebSite","@id":"https:\/\/blackholediscos.com\/#website","url":"https:\/\/blackholediscos.com\/","name":"Black Hole Discos","description":"Brazilian music LPs","publisher":{"@id":"https:\/\/blackholediscos.com\/#organization"},"potentialAction":[{"@type":"SearchAction","target":{"@type":"EntryPoint","urlTemplate":"https:\/\/blackholediscos.com\/?s={search_term_string}"},"query-input":{"@type":"PropertyValueSpecification","valueRequired":true,"valueName":"search_term_string"}}],"inLanguage":"en-US"},{"@type":"Organization","@id":"https:\/\/blackholediscos.com\/#organization","name":"Black Hole Discos","url":"https:\/\/blackholediscos.com\/","logo":{"@type":"ImageObject","inLanguage":"en-US","@id":"https:\/\/blackholediscos.com\/#\/schema\/logo\/image\/","url":"https:\/\/blackholediscos.com\/wp-content\/uploads\/2024\/06\/black-hole-discos-vinis-logo.png","contentUrl":"https:\/\/blackholediscos.com\/wp-content\/uploads\/2024\/06\/black-hole-discos-vinis-logo.png","width":70,"height":66,"caption":"Black Hole Discos"},"image":{"@id":"https:\/\/blackholediscos.com\/#\/schema\/logo\/image\/"},"sameAs":["https:\/\/www.instagram.com\/blackholediscos\/"]}]}},"_links":{"self":[{"href":"https:\/\/blackholediscos.com\/en\/wp-json\/wp\/v2\/product\/1554","targetHints":{"allow":["GET"]}}],"collection":[{"href":"https:\/\/blackholediscos.com\/en\/wp-json\/wp\/v2\/product"}],"about":[{"href":"https:\/\/blackholediscos.com\/en\/wp-json\/wp\/v2\/types\/product"}],"replies":[{"embeddable":true,"href":"https:\/\/blackholediscos.com\/en\/wp-json\/wp\/v2\/comments?post=1554"}],"wp:featuredmedia":[{"embeddable":true,"href":"https:\/\/blackholediscos.com\/en\/wp-json\/wp\/v2\/media\/1555"}],"wp:attachment":[{"href":"https:\/\/blackholediscos.com\/en\/wp-json\/wp\/v2\/media?parent=1554"}],"wp:term":[{"taxonomy":"product_brand","embeddable":true,"href":"https:\/\/blackholediscos.com\/en\/wp-json\/wp\/v2\/product_brand?post=1554"},{"taxonomy":"product_cat","embeddable":true,"href":"https:\/\/blackholediscos.com\/en\/wp-json\/wp\/v2\/product_cat?post=1554"},{"taxonomy":"product_tag","embeddable":true,"href":"https:\/\/blackholediscos.com\/en\/wp-json\/wp\/v2\/product_tag?post=1554"},{"taxonomy":"artista","embeddable":true,"href":"https:\/\/blackholediscos.com\/en\/wp-json\/wp\/v2\/artista?post=1554"},{"taxonomy":"produtora","embeddable":true,"href":"https:\/\/blackholediscos.com\/en\/wp-json\/wp\/v2\/produtora?post=1554"},{"taxonomy":"ano","embeddable":true,"href":"https:\/\/blackholediscos.com\/en\/wp-json\/wp\/v2\/ano?post=1554"}],"curies":[{"name":"wp","href":"https:\/\/api.w.org\/{rel}","templated":true}]}}