{"id":1430,"date":"2024-06-23T15:11:08","date_gmt":"2024-06-23T15:11:08","guid":{"rendered":"https:\/\/blackholediscos.com\/?post_type=product&#038;p=1430"},"modified":"2024-06-28T13:12:03","modified_gmt":"2024-06-28T13:12:03","slug":"quinta-essencia-quintaessencia","status":"publish","type":"product","link":"https:\/\/blackholediscos.com\/en\/product\/quinta-essencia-quintaessencia\/","title":{"rendered":"Quinta Ess\u00eancia \u2013 Quintaessencia"},"content":{"rendered":"<p>LP original de \u00e9poca em excelente condi\u00e7\u00f5es, acompanha encarte original. <\/p>\n<p>Selo:<br \/>\nNot On Label \u200e\u2013 803.076, Not On Label \u200e\u2013 803-076<\/p>\n<p>A1.1\t\tTrilhos Urbanos<br \/>\nA1.2\t\tGet Back<br \/>\nA2\t\tPonte Grande<br \/>\nA3\t\tItamarandiba<br \/>\nA4\t\tJulia<br \/>\nA5\t\tCravo E Canela<br \/>\nA6\t\tTema Pra Quem Vai Nascer<br \/>\nA7\t\tCada Canto<\/p>\n<p>B1\t\tRota\u00e7\u00e3o<br \/>\nB2\t\tRebento<br \/>\nB3\t\tFlor Do Trov\u00e3o<br \/>\nB4\t\tTerra Morena<br \/>\nB5\t\tCora\u00e7\u00f5es<br \/>\nB6\t\tSerrado<\/p>","protected":false},"excerpt":{"rendered":"<p>LP original de \u00e9poca em excelente condi\u00e7\u00f5es, acompanha encarte original. Selo: Not On Label \u200e\u2013 803.076, Not On Label \u200e\u2013 803-076 A1.1 Trilhos Urbanos A1.2 Get Back A2 Ponte Grande A3 Itamarandiba A4 Julia A5 Cravo E Canela A6 Tema Pra Quem Vai Nascer A7 Cada Canto B1 Rota\u00e7\u00e3o B2 Rebento B3 Flor Do Trov\u00e3o [&hellip;]<\/p>\n","protected":false},"featured_media":1431,"comment_status":"open","ping_status":"closed","template":"","meta":{"_acf_changed":false},"product_brand":[],"product_cat":[332,173],"product_tag":[],"artista":[443],"produtora":[84],"ano":[334],"class_list":{"0":"post-1430","1":"product","2":"type-product","3":"status-publish","4":"has-post-thumbnail","6":"product_cat-selos-independentes","7":"product_cat-rock-alternativo","8":"artista-quinta-essencia","9":"produtora-not-on-label","10":"ano-334","12":"first","13":"instock","14":"shipping-taxable","15":"purchasable","16":"product-type-simple"},"acf":[],"yoast_head":"<!-- This site is optimized with the Yoast SEO plugin v27.5 - https:\/\/yoast.com\/product\/yoast-seo-wordpress\/ -->\n<title>Quinta Ess\u00eancia \u2013 Quintaessencia - Black Hole Discos<\/title>\n<meta name=\"robots\" content=\"index, follow, max-snippet:-1, max-image-preview:large, max-video-preview:-1\" \/>\n<link rel=\"canonical\" href=\"https:\/\/blackholediscos.com\/en\/product\/quinta-essencia-quintaessencia\/\" \/>\n<meta property=\"og:locale\" content=\"en_US\" \/>\n<meta property=\"og:type\" content=\"article\" \/>\n<meta property=\"og:title\" content=\"Quinta Ess\u00eancia \u2013 Quintaessencia - Black Hole Discos\" \/>\n<meta property=\"og:description\" content=\"LP original de \u00e9poca em excelente condi\u00e7\u00f5es, acompanha encarte original. Selo: Not On Label \u200e\u2013 803.076, Not On Label \u200e\u2013 803-076 A1.1 Trilhos Urbanos A1.2 Get Back A2 Ponte Grande A3 Itamarandiba A4 Julia A5 Cravo E Canela A6 Tema Pra Quem Vai Nascer A7 Cada Canto B1 Rota\u00e7\u00e3o B2 Rebento B3 Flor Do Trov\u00e3o [&hellip;]\" \/>\n<meta property=\"og:url\" content=\"https:\/\/blackholediscos.com\/en\/product\/quinta-essencia-quintaessencia\/\" \/>\n<meta property=\"og:site_name\" content=\"Black Hole Discos\" \/>\n<meta property=\"article:publisher\" content=\"https:\/\/www.instagram.com\/blackholediscos\/\" \/>\n<meta property=\"article:modified_time\" content=\"2024-06-28T13:12:03+00:00\" \/>\n<meta property=\"og:image\" content=\"https:\/\/blackholediscos.com\/wp-content\/uploads\/2024\/06\/WhatsApp-Image-2024-06-23-at-11.56.52-scaled.jpeg\" \/>\n\t<meta property=\"og:image:width\" content=\"2560\" \/>\n\t<meta property=\"og:image:height\" content=\"2560\" \/>\n\t<meta property=\"og:image:type\" content=\"image\/jpeg\" \/>\n<meta name=\"twitter:card\" content=\"summary_large_image\" \/>\n<meta name=\"twitter:label1\" content=\"Est. reading time\" \/>\n\t<meta name=\"twitter:data1\" content=\"1 minute\" \/>\n<script type=\"application\/ld+json\" class=\"yoast-schema-graph\">{\"@context\":\"https:\\\/\\\/schema.org\",\"@graph\":[{\"@type\":\"WebPage\",\"@id\":\"https:\\\/\\\/blackholediscos.com\\\/product\\\/quinta-essencia-quintaessencia\\\/\",\"url\":\"https:\\\/\\\/blackholediscos.com\\\/product\\\/quinta-essencia-quintaessencia\\\/\",\"name\":\"Quinta Ess\u00eancia \u2013 Quintaessencia - Black Hole Discos\",\"isPartOf\":{\"@id\":\"https:\\\/\\\/blackholediscos.com\\\/#website\"},\"primaryImageOfPage\":{\"@id\":\"https:\\\/\\\/blackholediscos.com\\\/product\\\/quinta-essencia-quintaessencia\\\/#primaryimage\"},\"image\":{\"@id\":\"https:\\\/\\\/blackholediscos.com\\\/product\\\/quinta-essencia-quintaessencia\\\/#primaryimage\"},\"thumbnailUrl\":\"https:\\\/\\\/blackholediscos.com\\\/wp-content\\\/uploads\\\/2024\\\/06\\\/WhatsApp-Image-2024-06-23-at-11.56.52-scaled.jpeg\",\"datePublished\":\"2024-06-23T15:11:08+00:00\",\"dateModified\":\"2024-06-28T13:12:03+00:00\",\"breadcrumb\":{\"@id\":\"https:\\\/\\\/blackholediscos.com\\\/product\\\/quinta-essencia-quintaessencia\\\/#breadcrumb\"},\"inLanguage\":\"en-US\",\"potentialAction\":[{\"@type\":\"ReadAction\",\"target\":[\"https:\\\/\\\/blackholediscos.com\\\/product\\\/quinta-essencia-quintaessencia\\\/\"]}]},{\"@type\":\"ImageObject\",\"inLanguage\":\"en-US\",\"@id\":\"https:\\\/\\\/blackholediscos.com\\\/product\\\/quinta-essencia-quintaessencia\\\/#primaryimage\",\"url\":\"https:\\\/\\\/blackholediscos.com\\\/wp-content\\\/uploads\\\/2024\\\/06\\\/WhatsApp-Image-2024-06-23-at-11.56.52-scaled.jpeg\",\"contentUrl\":\"https:\\\/\\\/blackholediscos.com\\\/wp-content\\\/uploads\\\/2024\\\/06\\\/WhatsApp-Image-2024-06-23-at-11.56.52-scaled.jpeg\",\"width\":2560,\"height\":2560},{\"@type\":\"BreadcrumbList\",\"@id\":\"https:\\\/\\\/blackholediscos.com\\\/product\\\/quinta-essencia-quintaessencia\\\/#breadcrumb\",\"itemListElement\":[{\"@type\":\"ListItem\",\"position\":1,\"name\":\"In\u00edcio\",\"item\":\"https:\\\/\\\/blackholediscos.com\\\/\"},{\"@type\":\"ListItem\",\"position\":2,\"name\":\"Shop\",\"item\":\"https:\\\/\\\/blackholediscos.com\\\/shop\\\/\"},{\"@type\":\"ListItem\",\"position\":3,\"name\":\"Quinta Ess\u00eancia \u2013 Quintaessencia\"}]},{\"@type\":\"WebSite\",\"@id\":\"https:\\\/\\\/blackholediscos.com\\\/#website\",\"url\":\"https:\\\/\\\/blackholediscos.com\\\/\",\"name\":\"Black Hole Discos\",\"description\":\"Brazilian music LPs\",\"publisher\":{\"@id\":\"https:\\\/\\\/blackholediscos.com\\\/#organization\"},\"potentialAction\":[{\"@type\":\"SearchAction\",\"target\":{\"@type\":\"EntryPoint\",\"urlTemplate\":\"https:\\\/\\\/blackholediscos.com\\\/?s={search_term_string}\"},\"query-input\":{\"@type\":\"PropertyValueSpecification\",\"valueRequired\":true,\"valueName\":\"search_term_string\"}}],\"inLanguage\":\"en-US\"},{\"@type\":\"Organization\",\"@id\":\"https:\\\/\\\/blackholediscos.com\\\/#organization\",\"name\":\"Black Hole Discos\",\"url\":\"https:\\\/\\\/blackholediscos.com\\\/\",\"logo\":{\"@type\":\"ImageObject\",\"inLanguage\":\"en-US\",\"@id\":\"https:\\\/\\\/blackholediscos.com\\\/#\\\/schema\\\/logo\\\/image\\\/\",\"url\":\"https:\\\/\\\/blackholediscos.com\\\/wp-content\\\/uploads\\\/2024\\\/06\\\/black-hole-discos-vinis-logo.png\",\"contentUrl\":\"https:\\\/\\\/blackholediscos.com\\\/wp-content\\\/uploads\\\/2024\\\/06\\\/black-hole-discos-vinis-logo.png\",\"width\":70,\"height\":66,\"caption\":\"Black Hole Discos\"},\"image\":{\"@id\":\"https:\\\/\\\/blackholediscos.com\\\/#\\\/schema\\\/logo\\\/image\\\/\"},\"sameAs\":[\"https:\\\/\\\/www.instagram.com\\\/blackholediscos\\\/\"]}]}<\/script>\n<!-- \/ Yoast SEO plugin. -->","yoast_head_json":{"title":"Quinta Ess\u00eancia \u2013 Quintaessencia - Black Hole Discos","robots":{"index":"index","follow":"follow","max-snippet":"max-snippet:-1","max-image-preview":"max-image-preview:large","max-video-preview":"max-video-preview:-1"},"canonical":"https:\/\/blackholediscos.com\/en\/product\/quinta-essencia-quintaessencia\/","og_locale":"en_US","og_type":"article","og_title":"Quinta Ess\u00eancia \u2013 Quintaessencia - Black Hole Discos","og_description":"LP original de \u00e9poca em excelente condi\u00e7\u00f5es, acompanha encarte original. Selo: Not On Label \u200e\u2013 803.076, Not On Label \u200e\u2013 803-076 A1.1 Trilhos Urbanos A1.2 Get Back A2 Ponte Grande A3 Itamarandiba A4 Julia A5 Cravo E Canela A6 Tema Pra Quem Vai Nascer A7 Cada Canto B1 Rota\u00e7\u00e3o B2 Rebento B3 Flor Do Trov\u00e3o [&hellip;]","og_url":"https:\/\/blackholediscos.com\/en\/product\/quinta-essencia-quintaessencia\/","og_site_name":"Black Hole Discos","article_publisher":"https:\/\/www.instagram.com\/blackholediscos\/","article_modified_time":"2024-06-28T13:12:03+00:00","og_image":[{"width":2560,"height":2560,"url":"https:\/\/blackholediscos.com\/wp-content\/uploads\/2024\/06\/WhatsApp-Image-2024-06-23-at-11.56.52-scaled.jpeg","type":"image\/jpeg"}],"twitter_card":"summary_large_image","twitter_misc":{"Est. reading time":"1 minute"},"schema":{"@context":"https:\/\/schema.org","@graph":[{"@type":"WebPage","@id":"https:\/\/blackholediscos.com\/product\/quinta-essencia-quintaessencia\/","url":"https:\/\/blackholediscos.com\/product\/quinta-essencia-quintaessencia\/","name":"Quinta Ess\u00eancia \u2013 Quintaessencia - Black Hole Discos","isPartOf":{"@id":"https:\/\/blackholediscos.com\/#website"},"primaryImageOfPage":{"@id":"https:\/\/blackholediscos.com\/product\/quinta-essencia-quintaessencia\/#primaryimage"},"image":{"@id":"https:\/\/blackholediscos.com\/product\/quinta-essencia-quintaessencia\/#primaryimage"},"thumbnailUrl":"https:\/\/blackholediscos.com\/wp-content\/uploads\/2024\/06\/WhatsApp-Image-2024-06-23-at-11.56.52-scaled.jpeg","datePublished":"2024-06-23T15:11:08+00:00","dateModified":"2024-06-28T13:12:03+00:00","breadcrumb":{"@id":"https:\/\/blackholediscos.com\/product\/quinta-essencia-quintaessencia\/#breadcrumb"},"inLanguage":"en-US","potentialAction":[{"@type":"ReadAction","target":["https:\/\/blackholediscos.com\/product\/quinta-essencia-quintaessencia\/"]}]},{"@type":"ImageObject","inLanguage":"en-US","@id":"https:\/\/blackholediscos.com\/product\/quinta-essencia-quintaessencia\/#primaryimage","url":"https:\/\/blackholediscos.com\/wp-content\/uploads\/2024\/06\/WhatsApp-Image-2024-06-23-at-11.56.52-scaled.jpeg","contentUrl":"https:\/\/blackholediscos.com\/wp-content\/uploads\/2024\/06\/WhatsApp-Image-2024-06-23-at-11.56.52-scaled.jpeg","width":2560,"height":2560},{"@type":"BreadcrumbList","@id":"https:\/\/blackholediscos.com\/product\/quinta-essencia-quintaessencia\/#breadcrumb","itemListElement":[{"@type":"ListItem","position":1,"name":"In\u00edcio","item":"https:\/\/blackholediscos.com\/"},{"@type":"ListItem","position":2,"name":"Shop","item":"https:\/\/blackholediscos.com\/shop\/"},{"@type":"ListItem","position":3,"name":"Quinta Ess\u00eancia \u2013 Quintaessencia"}]},{"@type":"WebSite","@id":"https:\/\/blackholediscos.com\/#website","url":"https:\/\/blackholediscos.com\/","name":"Black Hole Discos","description":"Brazilian music LPs","publisher":{"@id":"https:\/\/blackholediscos.com\/#organization"},"potentialAction":[{"@type":"SearchAction","target":{"@type":"EntryPoint","urlTemplate":"https:\/\/blackholediscos.com\/?s={search_term_string}"},"query-input":{"@type":"PropertyValueSpecification","valueRequired":true,"valueName":"search_term_string"}}],"inLanguage":"en-US"},{"@type":"Organization","@id":"https:\/\/blackholediscos.com\/#organization","name":"Black Hole Discos","url":"https:\/\/blackholediscos.com\/","logo":{"@type":"ImageObject","inLanguage":"en-US","@id":"https:\/\/blackholediscos.com\/#\/schema\/logo\/image\/","url":"https:\/\/blackholediscos.com\/wp-content\/uploads\/2024\/06\/black-hole-discos-vinis-logo.png","contentUrl":"https:\/\/blackholediscos.com\/wp-content\/uploads\/2024\/06\/black-hole-discos-vinis-logo.png","width":70,"height":66,"caption":"Black Hole Discos"},"image":{"@id":"https:\/\/blackholediscos.com\/#\/schema\/logo\/image\/"},"sameAs":["https:\/\/www.instagram.com\/blackholediscos\/"]}]}},"_links":{"self":[{"href":"https:\/\/blackholediscos.com\/en\/wp-json\/wp\/v2\/product\/1430","targetHints":{"allow":["GET"]}}],"collection":[{"href":"https:\/\/blackholediscos.com\/en\/wp-json\/wp\/v2\/product"}],"about":[{"href":"https:\/\/blackholediscos.com\/en\/wp-json\/wp\/v2\/types\/product"}],"replies":[{"embeddable":true,"href":"https:\/\/blackholediscos.com\/en\/wp-json\/wp\/v2\/comments?post=1430"}],"wp:featuredmedia":[{"embeddable":true,"href":"https:\/\/blackholediscos.com\/en\/wp-json\/wp\/v2\/media\/1431"}],"wp:attachment":[{"href":"https:\/\/blackholediscos.com\/en\/wp-json\/wp\/v2\/media?parent=1430"}],"wp:term":[{"taxonomy":"product_brand","embeddable":true,"href":"https:\/\/blackholediscos.com\/en\/wp-json\/wp\/v2\/product_brand?post=1430"},{"taxonomy":"product_cat","embeddable":true,"href":"https:\/\/blackholediscos.com\/en\/wp-json\/wp\/v2\/product_cat?post=1430"},{"taxonomy":"product_tag","embeddable":true,"href":"https:\/\/blackholediscos.com\/en\/wp-json\/wp\/v2\/product_tag?post=1430"},{"taxonomy":"artista","embeddable":true,"href":"https:\/\/blackholediscos.com\/en\/wp-json\/wp\/v2\/artista?post=1430"},{"taxonomy":"produtora","embeddable":true,"href":"https:\/\/blackholediscos.com\/en\/wp-json\/wp\/v2\/produtora?post=1430"},{"taxonomy":"ano","embeddable":true,"href":"https:\/\/blackholediscos.com\/en\/wp-json\/wp\/v2\/ano?post=1430"}],"curies":[{"name":"wp","href":"https:\/\/api.w.org\/{rel}","templated":true}]}}