{"id":1393,"date":"2024-06-23T14:41:28","date_gmt":"2024-06-23T14:41:28","guid":{"rendered":"https:\/\/blackholediscos.com\/?post_type=product&#038;p=1393"},"modified":"2024-06-27T21:15:04","modified_gmt":"2024-06-27T21:15:04","slug":"marcelinho-da-lua-black-alien-tranquilo-remix","status":"publish","type":"product","link":"https:\/\/blackholediscos.com\/en\/product\/marcelinho-da-lua-black-alien-tranquilo-remix\/","title":{"rendered":"Marcelinho da Lua &#038; Black Alien &#8211; Tranquilo (Remix)"},"content":{"rendered":"<p>LP original de \u00e9poca autografado por Marcelinho da Lua.<\/p>\n<p>Formato:<br \/>\nVinyl, 12&#8243;, 45 RPM, Maxi-Single, Promo, Stereo<\/p>\n<p>Lista de faixas<\/p>\n<p>A1\tTranquilo (extended)<br \/>\nA2\tTranquilo (Z\u00e9 Gonzales Greenmix<br \/>\nB1\tV\u00f4 Bat\u00ea P\u00e1 Tu (Orlandivo)<br \/>\nB2\tTranquilo (Instrumental)\t<\/p>","protected":false},"excerpt":{"rendered":"<p>LP original de \u00e9poca autografado por Marcelinho da Lua. Formato: Vinyl, 12&#8243;, 45 RPM, Maxi-Single, Promo, Stereo Lista de faixas A1 Tranquilo (extended) A2 Tranquilo (Z\u00e9 Gonzales Greenmix B1 V\u00f4 Bat\u00ea P\u00e1 Tu (Orlandivo) B2 Tranquilo (Instrumental)<\/p>","protected":false},"featured_media":1395,"comment_status":"open","ping_status":"closed","template":"","meta":{"_acf_changed":false},"product_brand":[],"product_cat":[332,78,778],"product_tag":[431,430],"artista":[433,432],"produtora":[435],"ano":[434],"class_list":{"0":"post-1393","1":"product","2":"type-product","3":"status-publish","4":"has-post-thumbnail","6":"product_cat-selos-independentes","7":"product_cat-contemporaneos","8":"product_cat-eletronico","9":"product_tag-black-alien","10":"product_tag-marcelinho-da-lua","11":"artista-black-alien","12":"artista-marcelinho-da-lua","13":"produtora-deck","14":"ano-434","16":"first","17":"instock","18":"shipping-taxable","19":"purchasable","20":"product-type-simple"},"acf":[],"yoast_head":"<!-- This site is optimized with the Yoast SEO plugin v27.6 - https:\/\/yoast.com\/product\/yoast-seo-wordpress\/ -->\n<title>Marcelinho da Lua &amp; Black Alien - Tranquilo (Remix) - Black Hole Discos<\/title>\n<meta name=\"robots\" content=\"index, follow, max-snippet:-1, max-image-preview:large, max-video-preview:-1\" \/>\n<link rel=\"canonical\" href=\"https:\/\/blackholediscos.com\/en\/product\/marcelinho-da-lua-black-alien-tranquilo-remix\/\" \/>\n<meta property=\"og:locale\" content=\"en_US\" \/>\n<meta property=\"og:type\" content=\"article\" \/>\n<meta property=\"og:title\" content=\"Marcelinho da Lua &amp; Black Alien - Tranquilo (Remix) - Black Hole Discos\" \/>\n<meta property=\"og:description\" content=\"LP original de \u00e9poca autografado por Marcelinho da Lua. Formato: Vinyl, 12&#8243;, 45 RPM, Maxi-Single, Promo, Stereo Lista de faixas A1 Tranquilo (extended) A2 Tranquilo (Z\u00e9 Gonzales Greenmix B1 V\u00f4 Bat\u00ea P\u00e1 Tu (Orlandivo) B2 Tranquilo (Instrumental)\" \/>\n<meta property=\"og:url\" content=\"https:\/\/blackholediscos.com\/en\/product\/marcelinho-da-lua-black-alien-tranquilo-remix\/\" \/>\n<meta property=\"og:site_name\" content=\"Black Hole Discos\" \/>\n<meta property=\"article:publisher\" content=\"https:\/\/www.instagram.com\/blackholediscos\/\" \/>\n<meta property=\"article:modified_time\" content=\"2024-06-27T21:15:04+00:00\" \/>\n<meta property=\"og:image\" content=\"https:\/\/blackholediscos.com\/wp-content\/uploads\/2024\/06\/WhatsApp-Image-2024-06-23-at-11.15.05-scaled.jpeg\" \/>\n\t<meta property=\"og:image:width\" content=\"2560\" \/>\n\t<meta property=\"og:image:height\" content=\"2560\" \/>\n\t<meta property=\"og:image:type\" content=\"image\/jpeg\" \/>\n<meta name=\"twitter:card\" content=\"summary_large_image\" \/>\n<meta name=\"twitter:label1\" content=\"Est. reading time\" \/>\n\t<meta name=\"twitter:data1\" content=\"1 minute\" \/>\n<script type=\"application\/ld+json\" class=\"yoast-schema-graph\">{\"@context\":\"https:\\\/\\\/schema.org\",\"@graph\":[{\"@type\":\"WebPage\",\"@id\":\"https:\\\/\\\/blackholediscos.com\\\/product\\\/marcelinho-da-lua-black-alien-tranquilo-remix\\\/\",\"url\":\"https:\\\/\\\/blackholediscos.com\\\/product\\\/marcelinho-da-lua-black-alien-tranquilo-remix\\\/\",\"name\":\"Marcelinho da Lua & Black Alien - Tranquilo (Remix) - Black Hole Discos\",\"isPartOf\":{\"@id\":\"https:\\\/\\\/blackholediscos.com\\\/#website\"},\"primaryImageOfPage\":{\"@id\":\"https:\\\/\\\/blackholediscos.com\\\/product\\\/marcelinho-da-lua-black-alien-tranquilo-remix\\\/#primaryimage\"},\"image\":{\"@id\":\"https:\\\/\\\/blackholediscos.com\\\/product\\\/marcelinho-da-lua-black-alien-tranquilo-remix\\\/#primaryimage\"},\"thumbnailUrl\":\"https:\\\/\\\/blackholediscos.com\\\/wp-content\\\/uploads\\\/2024\\\/06\\\/WhatsApp-Image-2024-06-23-at-11.15.05-scaled.jpeg\",\"datePublished\":\"2024-06-23T14:41:28+00:00\",\"dateModified\":\"2024-06-27T21:15:04+00:00\",\"breadcrumb\":{\"@id\":\"https:\\\/\\\/blackholediscos.com\\\/product\\\/marcelinho-da-lua-black-alien-tranquilo-remix\\\/#breadcrumb\"},\"inLanguage\":\"en-US\",\"potentialAction\":[{\"@type\":\"ReadAction\",\"target\":[\"https:\\\/\\\/blackholediscos.com\\\/product\\\/marcelinho-da-lua-black-alien-tranquilo-remix\\\/\"]}]},{\"@type\":\"ImageObject\",\"inLanguage\":\"en-US\",\"@id\":\"https:\\\/\\\/blackholediscos.com\\\/product\\\/marcelinho-da-lua-black-alien-tranquilo-remix\\\/#primaryimage\",\"url\":\"https:\\\/\\\/blackholediscos.com\\\/wp-content\\\/uploads\\\/2024\\\/06\\\/WhatsApp-Image-2024-06-23-at-11.15.05-scaled.jpeg\",\"contentUrl\":\"https:\\\/\\\/blackholediscos.com\\\/wp-content\\\/uploads\\\/2024\\\/06\\\/WhatsApp-Image-2024-06-23-at-11.15.05-scaled.jpeg\",\"width\":2560,\"height\":2560},{\"@type\":\"BreadcrumbList\",\"@id\":\"https:\\\/\\\/blackholediscos.com\\\/product\\\/marcelinho-da-lua-black-alien-tranquilo-remix\\\/#breadcrumb\",\"itemListElement\":[{\"@type\":\"ListItem\",\"position\":1,\"name\":\"In\u00edcio\",\"item\":\"https:\\\/\\\/blackholediscos.com\\\/\"},{\"@type\":\"ListItem\",\"position\":2,\"name\":\"Shop\",\"item\":\"https:\\\/\\\/blackholediscos.com\\\/shop\\\/\"},{\"@type\":\"ListItem\",\"position\":3,\"name\":\"Marcelinho da Lua &#038; Black Alien &#8211; Tranquilo (Remix)\"}]},{\"@type\":\"WebSite\",\"@id\":\"https:\\\/\\\/blackholediscos.com\\\/#website\",\"url\":\"https:\\\/\\\/blackholediscos.com\\\/\",\"name\":\"Black Hole Discos\",\"description\":\"Brazilian music LPs\",\"publisher\":{\"@id\":\"https:\\\/\\\/blackholediscos.com\\\/#organization\"},\"potentialAction\":[{\"@type\":\"SearchAction\",\"target\":{\"@type\":\"EntryPoint\",\"urlTemplate\":\"https:\\\/\\\/blackholediscos.com\\\/?s={search_term_string}\"},\"query-input\":{\"@type\":\"PropertyValueSpecification\",\"valueRequired\":true,\"valueName\":\"search_term_string\"}}],\"inLanguage\":\"en-US\"},{\"@type\":\"Organization\",\"@id\":\"https:\\\/\\\/blackholediscos.com\\\/#organization\",\"name\":\"Black Hole Discos\",\"url\":\"https:\\\/\\\/blackholediscos.com\\\/\",\"logo\":{\"@type\":\"ImageObject\",\"inLanguage\":\"en-US\",\"@id\":\"https:\\\/\\\/blackholediscos.com\\\/#\\\/schema\\\/logo\\\/image\\\/\",\"url\":\"https:\\\/\\\/blackholediscos.com\\\/wp-content\\\/uploads\\\/2024\\\/06\\\/black-hole-discos-vinis-logo.png\",\"contentUrl\":\"https:\\\/\\\/blackholediscos.com\\\/wp-content\\\/uploads\\\/2024\\\/06\\\/black-hole-discos-vinis-logo.png\",\"width\":70,\"height\":66,\"caption\":\"Black Hole Discos\"},\"image\":{\"@id\":\"https:\\\/\\\/blackholediscos.com\\\/#\\\/schema\\\/logo\\\/image\\\/\"},\"sameAs\":[\"https:\\\/\\\/www.instagram.com\\\/blackholediscos\\\/\"]}]}<\/script>\n<!-- \/ Yoast SEO plugin. -->","yoast_head_json":{"title":"Marcelinho da Lua & Black Alien - Tranquilo (Remix) - Black Hole Discos","robots":{"index":"index","follow":"follow","max-snippet":"max-snippet:-1","max-image-preview":"max-image-preview:large","max-video-preview":"max-video-preview:-1"},"canonical":"https:\/\/blackholediscos.com\/en\/product\/marcelinho-da-lua-black-alien-tranquilo-remix\/","og_locale":"en_US","og_type":"article","og_title":"Marcelinho da Lua & Black Alien - Tranquilo (Remix) - Black Hole Discos","og_description":"LP original de \u00e9poca autografado por Marcelinho da Lua. Formato: Vinyl, 12&#8243;, 45 RPM, Maxi-Single, Promo, Stereo Lista de faixas A1 Tranquilo (extended) A2 Tranquilo (Z\u00e9 Gonzales Greenmix B1 V\u00f4 Bat\u00ea P\u00e1 Tu (Orlandivo) B2 Tranquilo (Instrumental)","og_url":"https:\/\/blackholediscos.com\/en\/product\/marcelinho-da-lua-black-alien-tranquilo-remix\/","og_site_name":"Black Hole Discos","article_publisher":"https:\/\/www.instagram.com\/blackholediscos\/","article_modified_time":"2024-06-27T21:15:04+00:00","og_image":[{"width":2560,"height":2560,"url":"https:\/\/blackholediscos.com\/wp-content\/uploads\/2024\/06\/WhatsApp-Image-2024-06-23-at-11.15.05-scaled.jpeg","type":"image\/jpeg"}],"twitter_card":"summary_large_image","twitter_misc":{"Est. reading time":"1 minute"},"schema":{"@context":"https:\/\/schema.org","@graph":[{"@type":"WebPage","@id":"https:\/\/blackholediscos.com\/product\/marcelinho-da-lua-black-alien-tranquilo-remix\/","url":"https:\/\/blackholediscos.com\/product\/marcelinho-da-lua-black-alien-tranquilo-remix\/","name":"Marcelinho da Lua & Black Alien - Tranquilo (Remix) - Black Hole Discos","isPartOf":{"@id":"https:\/\/blackholediscos.com\/#website"},"primaryImageOfPage":{"@id":"https:\/\/blackholediscos.com\/product\/marcelinho-da-lua-black-alien-tranquilo-remix\/#primaryimage"},"image":{"@id":"https:\/\/blackholediscos.com\/product\/marcelinho-da-lua-black-alien-tranquilo-remix\/#primaryimage"},"thumbnailUrl":"https:\/\/blackholediscos.com\/wp-content\/uploads\/2024\/06\/WhatsApp-Image-2024-06-23-at-11.15.05-scaled.jpeg","datePublished":"2024-06-23T14:41:28+00:00","dateModified":"2024-06-27T21:15:04+00:00","breadcrumb":{"@id":"https:\/\/blackholediscos.com\/product\/marcelinho-da-lua-black-alien-tranquilo-remix\/#breadcrumb"},"inLanguage":"en-US","potentialAction":[{"@type":"ReadAction","target":["https:\/\/blackholediscos.com\/product\/marcelinho-da-lua-black-alien-tranquilo-remix\/"]}]},{"@type":"ImageObject","inLanguage":"en-US","@id":"https:\/\/blackholediscos.com\/product\/marcelinho-da-lua-black-alien-tranquilo-remix\/#primaryimage","url":"https:\/\/blackholediscos.com\/wp-content\/uploads\/2024\/06\/WhatsApp-Image-2024-06-23-at-11.15.05-scaled.jpeg","contentUrl":"https:\/\/blackholediscos.com\/wp-content\/uploads\/2024\/06\/WhatsApp-Image-2024-06-23-at-11.15.05-scaled.jpeg","width":2560,"height":2560},{"@type":"BreadcrumbList","@id":"https:\/\/blackholediscos.com\/product\/marcelinho-da-lua-black-alien-tranquilo-remix\/#breadcrumb","itemListElement":[{"@type":"ListItem","position":1,"name":"In\u00edcio","item":"https:\/\/blackholediscos.com\/"},{"@type":"ListItem","position":2,"name":"Shop","item":"https:\/\/blackholediscos.com\/shop\/"},{"@type":"ListItem","position":3,"name":"Marcelinho da Lua &#038; Black Alien &#8211; Tranquilo (Remix)"}]},{"@type":"WebSite","@id":"https:\/\/blackholediscos.com\/#website","url":"https:\/\/blackholediscos.com\/","name":"Black Hole Discos","description":"Brazilian music LPs","publisher":{"@id":"https:\/\/blackholediscos.com\/#organization"},"potentialAction":[{"@type":"SearchAction","target":{"@type":"EntryPoint","urlTemplate":"https:\/\/blackholediscos.com\/?s={search_term_string}"},"query-input":{"@type":"PropertyValueSpecification","valueRequired":true,"valueName":"search_term_string"}}],"inLanguage":"en-US"},{"@type":"Organization","@id":"https:\/\/blackholediscos.com\/#organization","name":"Black Hole Discos","url":"https:\/\/blackholediscos.com\/","logo":{"@type":"ImageObject","inLanguage":"en-US","@id":"https:\/\/blackholediscos.com\/#\/schema\/logo\/image\/","url":"https:\/\/blackholediscos.com\/wp-content\/uploads\/2024\/06\/black-hole-discos-vinis-logo.png","contentUrl":"https:\/\/blackholediscos.com\/wp-content\/uploads\/2024\/06\/black-hole-discos-vinis-logo.png","width":70,"height":66,"caption":"Black Hole Discos"},"image":{"@id":"https:\/\/blackholediscos.com\/#\/schema\/logo\/image\/"},"sameAs":["https:\/\/www.instagram.com\/blackholediscos\/"]}]}},"_links":{"self":[{"href":"https:\/\/blackholediscos.com\/en\/wp-json\/wp\/v2\/product\/1393","targetHints":{"allow":["GET"]}}],"collection":[{"href":"https:\/\/blackholediscos.com\/en\/wp-json\/wp\/v2\/product"}],"about":[{"href":"https:\/\/blackholediscos.com\/en\/wp-json\/wp\/v2\/types\/product"}],"replies":[{"embeddable":true,"href":"https:\/\/blackholediscos.com\/en\/wp-json\/wp\/v2\/comments?post=1393"}],"wp:featuredmedia":[{"embeddable":true,"href":"https:\/\/blackholediscos.com\/en\/wp-json\/wp\/v2\/media\/1395"}],"wp:attachment":[{"href":"https:\/\/blackholediscos.com\/en\/wp-json\/wp\/v2\/media?parent=1393"}],"wp:term":[{"taxonomy":"product_brand","embeddable":true,"href":"https:\/\/blackholediscos.com\/en\/wp-json\/wp\/v2\/product_brand?post=1393"},{"taxonomy":"product_cat","embeddable":true,"href":"https:\/\/blackholediscos.com\/en\/wp-json\/wp\/v2\/product_cat?post=1393"},{"taxonomy":"product_tag","embeddable":true,"href":"https:\/\/blackholediscos.com\/en\/wp-json\/wp\/v2\/product_tag?post=1393"},{"taxonomy":"artista","embeddable":true,"href":"https:\/\/blackholediscos.com\/en\/wp-json\/wp\/v2\/artista?post=1393"},{"taxonomy":"produtora","embeddable":true,"href":"https:\/\/blackholediscos.com\/en\/wp-json\/wp\/v2\/produtora?post=1393"},{"taxonomy":"ano","embeddable":true,"href":"https:\/\/blackholediscos.com\/en\/wp-json\/wp\/v2\/ano?post=1393"}],"curies":[{"name":"wp","href":"https:\/\/api.w.org\/{rel}","templated":true}]}}