{"id":1226,"date":"2024-06-23T03:51:43","date_gmt":"2024-06-23T03:51:43","guid":{"rendered":"https:\/\/blackholediscos.com\/?post_type=product&#038;p=1226"},"modified":"2024-06-27T17:46:13","modified_gmt":"2024-06-27T17:46:13","slug":"1226","status":"publish","type":"product","link":"https:\/\/blackholediscos.com\/en\/product\/1226\/","title":{"rendered":"Edu Lobo Com A Participa\u00e7\u00e3o Do Tamba Trio \u200e\u2013 A M\u00fasica De Edu Lobo Por Edu Lobo"},"content":{"rendered":"<p>Com raro livreto. Primeira edi\u00e7\u00e3o nacional em excelente estado de conserva\u00e7\u00e3o.<\/p>\n<p>Selo:<br \/>\nElenco \u200e\u2013 ME-19<\/p>\n<p>A1 Borand\u00e1 2:33<br \/>\nA2 Resolu\u00e7\u00e3o 2:26<br \/>\nA3 As Mesmas Hist\u00f3rias 3:55<br \/>\nA4 Aleluia 3:20<br \/>\nA5 Can\u00e7\u00e3o Da Terra 2:55<br \/>\nA6 Zambi 3:08<\/p>\n<p>B1 Reza\t2:55<br \/>\nB2 Arrast\u00e3o 2:29<br \/>\nB3 R\u00e9quiem Por Um Amor\t1:37<br \/>\nB4 Chegan\u00e7a\t3:21<br \/>\nB5 Can\u00e7\u00e3o Do Amanhecer\t1:54<br \/>\nB6 Em Tempo De Adeus<\/p>","protected":false},"excerpt":{"rendered":"<p>Com raro livreto. Primeira edi\u00e7\u00e3o nacional em excelente estado de conserva\u00e7\u00e3o. Selo: Elenco \u200e\u2013 ME-19 A1 Borand\u00e1 2:33 A2 Resolu\u00e7\u00e3o 2:26 A3 As Mesmas Hist\u00f3rias 3:55 A4 Aleluia 3:20 A5 Can\u00e7\u00e3o Da Terra 2:55 A6 Zambi 3:08 B1 Reza 2:55 B2 Arrast\u00e3o 2:29 B3 R\u00e9quiem Por Um Amor 1:37 B4 Chegan\u00e7a 3:21 B5 Can\u00e7\u00e3o Do [&hellip;]<\/p>\n","protected":false},"featured_media":1227,"comment_status":"open","ping_status":"closed","template":"","meta":{"_acf_changed":false},"product_brand":[],"product_cat":[130,39],"product_tag":[],"artista":[388],"produtora":[314],"ano":[209],"class_list":{"0":"post-1226","1":"product","2":"type-product","3":"status-publish","4":"has-post-thumbnail","6":"product_cat-bossa-nova","7":"product_cat-mpb","8":"artista-edu-lobo","9":"produtora-elenco","10":"ano-209","12":"first","13":"instock","14":"shipping-taxable","15":"purchasable","16":"product-type-simple"},"acf":[],"yoast_head":"<!-- This site is optimized with the Yoast SEO plugin v27.5 - https:\/\/yoast.com\/product\/yoast-seo-wordpress\/ -->\n<title>Edu Lobo Com A Participa\u00e7\u00e3o Do Tamba Trio \u200e\u2013 A M\u00fasica De Edu Lobo Por Edu Lobo - Black Hole Discos<\/title>\n<meta name=\"robots\" content=\"index, follow, max-snippet:-1, max-image-preview:large, max-video-preview:-1\" \/>\n<link rel=\"canonical\" href=\"https:\/\/blackholediscos.com\/en\/product\/1226\/\" \/>\n<meta property=\"og:locale\" content=\"en_US\" \/>\n<meta property=\"og:type\" content=\"article\" \/>\n<meta property=\"og:title\" content=\"Edu Lobo Com A Participa\u00e7\u00e3o Do Tamba Trio \u200e\u2013 A M\u00fasica De Edu Lobo Por Edu Lobo - Black Hole Discos\" \/>\n<meta property=\"og:description\" content=\"Com raro livreto. Primeira edi\u00e7\u00e3o nacional em excelente estado de conserva\u00e7\u00e3o. Selo: Elenco \u200e\u2013 ME-19 A1 Borand\u00e1 2:33 A2 Resolu\u00e7\u00e3o 2:26 A3 As Mesmas Hist\u00f3rias 3:55 A4 Aleluia 3:20 A5 Can\u00e7\u00e3o Da Terra 2:55 A6 Zambi 3:08 B1 Reza 2:55 B2 Arrast\u00e3o 2:29 B3 R\u00e9quiem Por Um Amor 1:37 B4 Chegan\u00e7a 3:21 B5 Can\u00e7\u00e3o Do [&hellip;]\" \/>\n<meta property=\"og:url\" content=\"https:\/\/blackholediscos.com\/en\/product\/1226\/\" \/>\n<meta property=\"og:site_name\" content=\"Black Hole Discos\" \/>\n<meta property=\"article:publisher\" content=\"https:\/\/www.instagram.com\/blackholediscos\/\" \/>\n<meta property=\"article:modified_time\" content=\"2024-06-27T17:46:13+00:00\" \/>\n<meta property=\"og:image\" content=\"https:\/\/blackholediscos.com\/wp-content\/uploads\/2024\/06\/IMG_7246-scaled.jpeg\" \/>\n\t<meta property=\"og:image:width\" content=\"2560\" \/>\n\t<meta property=\"og:image:height\" content=\"2560\" \/>\n\t<meta property=\"og:image:type\" content=\"image\/jpeg\" \/>\n<meta name=\"twitter:card\" content=\"summary_large_image\" \/>\n<meta name=\"twitter:label1\" content=\"Est. reading time\" \/>\n\t<meta name=\"twitter:data1\" content=\"1 minute\" \/>\n<script type=\"application\/ld+json\" class=\"yoast-schema-graph\">{\"@context\":\"https:\\\/\\\/schema.org\",\"@graph\":[{\"@type\":\"WebPage\",\"@id\":\"https:\\\/\\\/blackholediscos.com\\\/product\\\/1226\\\/\",\"url\":\"https:\\\/\\\/blackholediscos.com\\\/product\\\/1226\\\/\",\"name\":\"Edu Lobo Com A Participa\u00e7\u00e3o Do Tamba Trio \u200e\u2013 A M\u00fasica De Edu Lobo Por Edu Lobo - Black Hole Discos\",\"isPartOf\":{\"@id\":\"https:\\\/\\\/blackholediscos.com\\\/#website\"},\"primaryImageOfPage\":{\"@id\":\"https:\\\/\\\/blackholediscos.com\\\/product\\\/1226\\\/#primaryimage\"},\"image\":{\"@id\":\"https:\\\/\\\/blackholediscos.com\\\/product\\\/1226\\\/#primaryimage\"},\"thumbnailUrl\":\"https:\\\/\\\/blackholediscos.com\\\/wp-content\\\/uploads\\\/2024\\\/06\\\/IMG_7246-scaled.jpeg\",\"datePublished\":\"2024-06-23T03:51:43+00:00\",\"dateModified\":\"2024-06-27T17:46:13+00:00\",\"breadcrumb\":{\"@id\":\"https:\\\/\\\/blackholediscos.com\\\/product\\\/1226\\\/#breadcrumb\"},\"inLanguage\":\"en-US\",\"potentialAction\":[{\"@type\":\"ReadAction\",\"target\":[\"https:\\\/\\\/blackholediscos.com\\\/product\\\/1226\\\/\"]}]},{\"@type\":\"ImageObject\",\"inLanguage\":\"en-US\",\"@id\":\"https:\\\/\\\/blackholediscos.com\\\/product\\\/1226\\\/#primaryimage\",\"url\":\"https:\\\/\\\/blackholediscos.com\\\/wp-content\\\/uploads\\\/2024\\\/06\\\/IMG_7246-scaled.jpeg\",\"contentUrl\":\"https:\\\/\\\/blackholediscos.com\\\/wp-content\\\/uploads\\\/2024\\\/06\\\/IMG_7246-scaled.jpeg\",\"width\":2560,\"height\":2560},{\"@type\":\"BreadcrumbList\",\"@id\":\"https:\\\/\\\/blackholediscos.com\\\/product\\\/1226\\\/#breadcrumb\",\"itemListElement\":[{\"@type\":\"ListItem\",\"position\":1,\"name\":\"In\u00edcio\",\"item\":\"https:\\\/\\\/blackholediscos.com\\\/\"},{\"@type\":\"ListItem\",\"position\":2,\"name\":\"Shop\",\"item\":\"https:\\\/\\\/blackholediscos.com\\\/shop\\\/\"},{\"@type\":\"ListItem\",\"position\":3,\"name\":\"Edu Lobo Com A Participa\u00e7\u00e3o Do Tamba Trio \u200e\u2013 A M\u00fasica De Edu Lobo Por Edu Lobo\"}]},{\"@type\":\"WebSite\",\"@id\":\"https:\\\/\\\/blackholediscos.com\\\/#website\",\"url\":\"https:\\\/\\\/blackholediscos.com\\\/\",\"name\":\"Black Hole Discos\",\"description\":\"Brazilian music LPs\",\"publisher\":{\"@id\":\"https:\\\/\\\/blackholediscos.com\\\/#organization\"},\"potentialAction\":[{\"@type\":\"SearchAction\",\"target\":{\"@type\":\"EntryPoint\",\"urlTemplate\":\"https:\\\/\\\/blackholediscos.com\\\/?s={search_term_string}\"},\"query-input\":{\"@type\":\"PropertyValueSpecification\",\"valueRequired\":true,\"valueName\":\"search_term_string\"}}],\"inLanguage\":\"en-US\"},{\"@type\":\"Organization\",\"@id\":\"https:\\\/\\\/blackholediscos.com\\\/#organization\",\"name\":\"Black Hole Discos\",\"url\":\"https:\\\/\\\/blackholediscos.com\\\/\",\"logo\":{\"@type\":\"ImageObject\",\"inLanguage\":\"en-US\",\"@id\":\"https:\\\/\\\/blackholediscos.com\\\/#\\\/schema\\\/logo\\\/image\\\/\",\"url\":\"https:\\\/\\\/blackholediscos.com\\\/wp-content\\\/uploads\\\/2024\\\/06\\\/black-hole-discos-vinis-logo.png\",\"contentUrl\":\"https:\\\/\\\/blackholediscos.com\\\/wp-content\\\/uploads\\\/2024\\\/06\\\/black-hole-discos-vinis-logo.png\",\"width\":70,\"height\":66,\"caption\":\"Black Hole Discos\"},\"image\":{\"@id\":\"https:\\\/\\\/blackholediscos.com\\\/#\\\/schema\\\/logo\\\/image\\\/\"},\"sameAs\":[\"https:\\\/\\\/www.instagram.com\\\/blackholediscos\\\/\"]}]}<\/script>\n<!-- \/ Yoast SEO plugin. -->","yoast_head_json":{"title":"Edu Lobo Com A Participa\u00e7\u00e3o Do Tamba Trio \u200e\u2013 A M\u00fasica De Edu Lobo Por Edu Lobo - Black Hole Discos","robots":{"index":"index","follow":"follow","max-snippet":"max-snippet:-1","max-image-preview":"max-image-preview:large","max-video-preview":"max-video-preview:-1"},"canonical":"https:\/\/blackholediscos.com\/en\/product\/1226\/","og_locale":"en_US","og_type":"article","og_title":"Edu Lobo Com A Participa\u00e7\u00e3o Do Tamba Trio \u200e\u2013 A M\u00fasica De Edu Lobo Por Edu Lobo - Black Hole Discos","og_description":"Com raro livreto. Primeira edi\u00e7\u00e3o nacional em excelente estado de conserva\u00e7\u00e3o. Selo: Elenco \u200e\u2013 ME-19 A1 Borand\u00e1 2:33 A2 Resolu\u00e7\u00e3o 2:26 A3 As Mesmas Hist\u00f3rias 3:55 A4 Aleluia 3:20 A5 Can\u00e7\u00e3o Da Terra 2:55 A6 Zambi 3:08 B1 Reza 2:55 B2 Arrast\u00e3o 2:29 B3 R\u00e9quiem Por Um Amor 1:37 B4 Chegan\u00e7a 3:21 B5 Can\u00e7\u00e3o Do [&hellip;]","og_url":"https:\/\/blackholediscos.com\/en\/product\/1226\/","og_site_name":"Black Hole Discos","article_publisher":"https:\/\/www.instagram.com\/blackholediscos\/","article_modified_time":"2024-06-27T17:46:13+00:00","og_image":[{"width":2560,"height":2560,"url":"https:\/\/blackholediscos.com\/wp-content\/uploads\/2024\/06\/IMG_7246-scaled.jpeg","type":"image\/jpeg"}],"twitter_card":"summary_large_image","twitter_misc":{"Est. reading time":"1 minute"},"schema":{"@context":"https:\/\/schema.org","@graph":[{"@type":"WebPage","@id":"https:\/\/blackholediscos.com\/product\/1226\/","url":"https:\/\/blackholediscos.com\/product\/1226\/","name":"Edu Lobo Com A Participa\u00e7\u00e3o Do Tamba Trio \u200e\u2013 A M\u00fasica De Edu Lobo Por Edu Lobo - Black Hole Discos","isPartOf":{"@id":"https:\/\/blackholediscos.com\/#website"},"primaryImageOfPage":{"@id":"https:\/\/blackholediscos.com\/product\/1226\/#primaryimage"},"image":{"@id":"https:\/\/blackholediscos.com\/product\/1226\/#primaryimage"},"thumbnailUrl":"https:\/\/blackholediscos.com\/wp-content\/uploads\/2024\/06\/IMG_7246-scaled.jpeg","datePublished":"2024-06-23T03:51:43+00:00","dateModified":"2024-06-27T17:46:13+00:00","breadcrumb":{"@id":"https:\/\/blackholediscos.com\/product\/1226\/#breadcrumb"},"inLanguage":"en-US","potentialAction":[{"@type":"ReadAction","target":["https:\/\/blackholediscos.com\/product\/1226\/"]}]},{"@type":"ImageObject","inLanguage":"en-US","@id":"https:\/\/blackholediscos.com\/product\/1226\/#primaryimage","url":"https:\/\/blackholediscos.com\/wp-content\/uploads\/2024\/06\/IMG_7246-scaled.jpeg","contentUrl":"https:\/\/blackholediscos.com\/wp-content\/uploads\/2024\/06\/IMG_7246-scaled.jpeg","width":2560,"height":2560},{"@type":"BreadcrumbList","@id":"https:\/\/blackholediscos.com\/product\/1226\/#breadcrumb","itemListElement":[{"@type":"ListItem","position":1,"name":"In\u00edcio","item":"https:\/\/blackholediscos.com\/"},{"@type":"ListItem","position":2,"name":"Shop","item":"https:\/\/blackholediscos.com\/shop\/"},{"@type":"ListItem","position":3,"name":"Edu Lobo Com A Participa\u00e7\u00e3o Do Tamba Trio \u200e\u2013 A M\u00fasica De Edu Lobo Por Edu Lobo"}]},{"@type":"WebSite","@id":"https:\/\/blackholediscos.com\/#website","url":"https:\/\/blackholediscos.com\/","name":"Black Hole Discos","description":"Brazilian music LPs","publisher":{"@id":"https:\/\/blackholediscos.com\/#organization"},"potentialAction":[{"@type":"SearchAction","target":{"@type":"EntryPoint","urlTemplate":"https:\/\/blackholediscos.com\/?s={search_term_string}"},"query-input":{"@type":"PropertyValueSpecification","valueRequired":true,"valueName":"search_term_string"}}],"inLanguage":"en-US"},{"@type":"Organization","@id":"https:\/\/blackholediscos.com\/#organization","name":"Black Hole Discos","url":"https:\/\/blackholediscos.com\/","logo":{"@type":"ImageObject","inLanguage":"en-US","@id":"https:\/\/blackholediscos.com\/#\/schema\/logo\/image\/","url":"https:\/\/blackholediscos.com\/wp-content\/uploads\/2024\/06\/black-hole-discos-vinis-logo.png","contentUrl":"https:\/\/blackholediscos.com\/wp-content\/uploads\/2024\/06\/black-hole-discos-vinis-logo.png","width":70,"height":66,"caption":"Black Hole Discos"},"image":{"@id":"https:\/\/blackholediscos.com\/#\/schema\/logo\/image\/"},"sameAs":["https:\/\/www.instagram.com\/blackholediscos\/"]}]}},"_links":{"self":[{"href":"https:\/\/blackholediscos.com\/en\/wp-json\/wp\/v2\/product\/1226","targetHints":{"allow":["GET"]}}],"collection":[{"href":"https:\/\/blackholediscos.com\/en\/wp-json\/wp\/v2\/product"}],"about":[{"href":"https:\/\/blackholediscos.com\/en\/wp-json\/wp\/v2\/types\/product"}],"replies":[{"embeddable":true,"href":"https:\/\/blackholediscos.com\/en\/wp-json\/wp\/v2\/comments?post=1226"}],"wp:featuredmedia":[{"embeddable":true,"href":"https:\/\/blackholediscos.com\/en\/wp-json\/wp\/v2\/media\/1227"}],"wp:attachment":[{"href":"https:\/\/blackholediscos.com\/en\/wp-json\/wp\/v2\/media?parent=1226"}],"wp:term":[{"taxonomy":"product_brand","embeddable":true,"href":"https:\/\/blackholediscos.com\/en\/wp-json\/wp\/v2\/product_brand?post=1226"},{"taxonomy":"product_cat","embeddable":true,"href":"https:\/\/blackholediscos.com\/en\/wp-json\/wp\/v2\/product_cat?post=1226"},{"taxonomy":"product_tag","embeddable":true,"href":"https:\/\/blackholediscos.com\/en\/wp-json\/wp\/v2\/product_tag?post=1226"},{"taxonomy":"artista","embeddable":true,"href":"https:\/\/blackholediscos.com\/en\/wp-json\/wp\/v2\/artista?post=1226"},{"taxonomy":"produtora","embeddable":true,"href":"https:\/\/blackholediscos.com\/en\/wp-json\/wp\/v2\/produtora?post=1226"},{"taxonomy":"ano","embeddable":true,"href":"https:\/\/blackholediscos.com\/en\/wp-json\/wp\/v2\/ano?post=1226"}],"curies":[{"name":"wp","href":"https:\/\/api.w.org\/{rel}","templated":true}]}}