{"id":1208,"date":"2024-06-23T03:34:05","date_gmt":"2024-06-23T03:34:05","guid":{"rendered":"https:\/\/blackholediscos.com\/?post_type=product&#038;p=1208"},"modified":"2024-06-27T17:23:43","modified_gmt":"2024-06-27T17:23:43","slug":"clementina-de-jesus-marinheiro-so","status":"publish","type":"product","link":"https:\/\/blackholediscos.com\/en\/product\/clementina-de-jesus-marinheiro-so\/","title":{"rendered":"Clementina de jesus &#8211; Marinheiro S\u00f3"},"content":{"rendered":"<p>LP Original de \u00e9poca em perfeitas condi\u00e7\u00f5es de capa e m\u00eddia, acompanha raro encarte original.<\/p>\n<p>Selo:<br \/>\nOdeon \u200e\u2013 SMOFB-3787<\/p>\n<p>Lista de faixas<\/p>\n<p>A1\tMarinheiro S\u00f3<br \/>\nA2\tNa Linha Do Mar<br \/>\nA3\tMadrugada<br \/>\nA4\tSai De Baixo<br \/>\nA5\tTarat\u00e1<br \/>\nA6\tEssa Nega Pede Mais<\/p>\n<p>B1\tMoro Na Ro\u00e7a<br \/>\nB2\tCinco Cantos Religiosos: Ora\u00e7\u00e3o De M\u00e3e Menininha \/ Fui Pedir \u00c0s Almas \/ Atraca, Atraca \/ Incelen\u00e7a \/ Abaluai\u00ea<br \/>\nB3\tMarinheiro S\u00f3 \/ Me D\u00e1 O Meu Bon\u00e9<\/p>","protected":false},"excerpt":{"rendered":"<p>LP Original de \u00e9poca em perfeitas condi\u00e7\u00f5es de capa e m\u00eddia, acompanha raro encarte original. Selo: Odeon \u200e\u2013 SMOFB-3787 Lista de faixas A1 Marinheiro S\u00f3 A2 Na Linha Do Mar A3 Madrugada A4 Sai De Baixo A5 Tarat\u00e1 A6 Essa Nega Pede Mais B1 Moro Na Ro\u00e7a B2 Cinco Cantos Religiosos: Ora\u00e7\u00e3o De M\u00e3e Menininha [&hellip;]<\/p>\n","protected":false},"featured_media":1209,"comment_status":"open","ping_status":"closed","template":"","meta":{"_acf_changed":false},"product_brand":[],"product_cat":[131,39,24],"product_tag":[],"artista":[],"produtora":[53],"ano":[58],"class_list":{"0":"post-1208","1":"product","2":"type-product","3":"status-publish","4":"has-post-thumbnail","6":"product_cat-afrobrasilidade","7":"product_cat-mpb","8":"product_cat-samba","9":"produtora-odeon","10":"ano-58","12":"first","13":"instock","14":"shipping-taxable","15":"purchasable","16":"product-type-simple"},"acf":[],"yoast_head":"<!-- This site is optimized with the Yoast SEO plugin v27.5 - https:\/\/yoast.com\/product\/yoast-seo-wordpress\/ -->\n<title>Clementina de jesus - Marinheiro S\u00f3 - Black Hole Discos<\/title>\n<meta name=\"robots\" content=\"index, follow, max-snippet:-1, max-image-preview:large, max-video-preview:-1\" \/>\n<link rel=\"canonical\" href=\"https:\/\/blackholediscos.com\/en\/product\/clementina-de-jesus-marinheiro-so\/\" \/>\n<meta property=\"og:locale\" content=\"en_US\" \/>\n<meta property=\"og:type\" content=\"article\" \/>\n<meta property=\"og:title\" content=\"Clementina de jesus - Marinheiro S\u00f3 - Black Hole Discos\" \/>\n<meta property=\"og:description\" content=\"LP Original de \u00e9poca em perfeitas condi\u00e7\u00f5es de capa e m\u00eddia, acompanha raro encarte original. Selo: Odeon \u200e\u2013 SMOFB-3787 Lista de faixas A1 Marinheiro S\u00f3 A2 Na Linha Do Mar A3 Madrugada A4 Sai De Baixo A5 Tarat\u00e1 A6 Essa Nega Pede Mais B1 Moro Na Ro\u00e7a B2 Cinco Cantos Religiosos: Ora\u00e7\u00e3o De M\u00e3e Menininha [&hellip;]\" \/>\n<meta property=\"og:url\" content=\"https:\/\/blackholediscos.com\/en\/product\/clementina-de-jesus-marinheiro-so\/\" \/>\n<meta property=\"og:site_name\" content=\"Black Hole Discos\" \/>\n<meta property=\"article:publisher\" content=\"https:\/\/www.instagram.com\/blackholediscos\/\" \/>\n<meta property=\"article:modified_time\" content=\"2024-06-27T17:23:43+00:00\" \/>\n<meta property=\"og:image\" content=\"https:\/\/blackholediscos.com\/wp-content\/uploads\/2024\/06\/IMG_7277-scaled.jpeg\" \/>\n\t<meta property=\"og:image:width\" content=\"2560\" \/>\n\t<meta property=\"og:image:height\" content=\"2560\" \/>\n\t<meta property=\"og:image:type\" content=\"image\/jpeg\" \/>\n<meta name=\"twitter:card\" content=\"summary_large_image\" \/>\n<meta name=\"twitter:label1\" content=\"Est. reading time\" \/>\n\t<meta name=\"twitter:data1\" content=\"1 minute\" \/>\n<script type=\"application\/ld+json\" class=\"yoast-schema-graph\">{\"@context\":\"https:\\\/\\\/schema.org\",\"@graph\":[{\"@type\":\"WebPage\",\"@id\":\"https:\\\/\\\/blackholediscos.com\\\/product\\\/clementina-de-jesus-marinheiro-so\\\/\",\"url\":\"https:\\\/\\\/blackholediscos.com\\\/product\\\/clementina-de-jesus-marinheiro-so\\\/\",\"name\":\"Clementina de jesus - Marinheiro S\u00f3 - Black Hole Discos\",\"isPartOf\":{\"@id\":\"https:\\\/\\\/blackholediscos.com\\\/#website\"},\"primaryImageOfPage\":{\"@id\":\"https:\\\/\\\/blackholediscos.com\\\/product\\\/clementina-de-jesus-marinheiro-so\\\/#primaryimage\"},\"image\":{\"@id\":\"https:\\\/\\\/blackholediscos.com\\\/product\\\/clementina-de-jesus-marinheiro-so\\\/#primaryimage\"},\"thumbnailUrl\":\"https:\\\/\\\/blackholediscos.com\\\/wp-content\\\/uploads\\\/2024\\\/06\\\/IMG_7277-scaled.jpeg\",\"datePublished\":\"2024-06-23T03:34:05+00:00\",\"dateModified\":\"2024-06-27T17:23:43+00:00\",\"breadcrumb\":{\"@id\":\"https:\\\/\\\/blackholediscos.com\\\/product\\\/clementina-de-jesus-marinheiro-so\\\/#breadcrumb\"},\"inLanguage\":\"en-US\",\"potentialAction\":[{\"@type\":\"ReadAction\",\"target\":[\"https:\\\/\\\/blackholediscos.com\\\/product\\\/clementina-de-jesus-marinheiro-so\\\/\"]}]},{\"@type\":\"ImageObject\",\"inLanguage\":\"en-US\",\"@id\":\"https:\\\/\\\/blackholediscos.com\\\/product\\\/clementina-de-jesus-marinheiro-so\\\/#primaryimage\",\"url\":\"https:\\\/\\\/blackholediscos.com\\\/wp-content\\\/uploads\\\/2024\\\/06\\\/IMG_7277-scaled.jpeg\",\"contentUrl\":\"https:\\\/\\\/blackholediscos.com\\\/wp-content\\\/uploads\\\/2024\\\/06\\\/IMG_7277-scaled.jpeg\",\"width\":2560,\"height\":2560},{\"@type\":\"BreadcrumbList\",\"@id\":\"https:\\\/\\\/blackholediscos.com\\\/product\\\/clementina-de-jesus-marinheiro-so\\\/#breadcrumb\",\"itemListElement\":[{\"@type\":\"ListItem\",\"position\":1,\"name\":\"In\u00edcio\",\"item\":\"https:\\\/\\\/blackholediscos.com\\\/\"},{\"@type\":\"ListItem\",\"position\":2,\"name\":\"Shop\",\"item\":\"https:\\\/\\\/blackholediscos.com\\\/shop\\\/\"},{\"@type\":\"ListItem\",\"position\":3,\"name\":\"Clementina de jesus &#8211; Marinheiro S\u00f3\"}]},{\"@type\":\"WebSite\",\"@id\":\"https:\\\/\\\/blackholediscos.com\\\/#website\",\"url\":\"https:\\\/\\\/blackholediscos.com\\\/\",\"name\":\"Black Hole Discos\",\"description\":\"Brazilian music LPs\",\"publisher\":{\"@id\":\"https:\\\/\\\/blackholediscos.com\\\/#organization\"},\"potentialAction\":[{\"@type\":\"SearchAction\",\"target\":{\"@type\":\"EntryPoint\",\"urlTemplate\":\"https:\\\/\\\/blackholediscos.com\\\/?s={search_term_string}\"},\"query-input\":{\"@type\":\"PropertyValueSpecification\",\"valueRequired\":true,\"valueName\":\"search_term_string\"}}],\"inLanguage\":\"en-US\"},{\"@type\":\"Organization\",\"@id\":\"https:\\\/\\\/blackholediscos.com\\\/#organization\",\"name\":\"Black Hole Discos\",\"url\":\"https:\\\/\\\/blackholediscos.com\\\/\",\"logo\":{\"@type\":\"ImageObject\",\"inLanguage\":\"en-US\",\"@id\":\"https:\\\/\\\/blackholediscos.com\\\/#\\\/schema\\\/logo\\\/image\\\/\",\"url\":\"https:\\\/\\\/blackholediscos.com\\\/wp-content\\\/uploads\\\/2024\\\/06\\\/black-hole-discos-vinis-logo.png\",\"contentUrl\":\"https:\\\/\\\/blackholediscos.com\\\/wp-content\\\/uploads\\\/2024\\\/06\\\/black-hole-discos-vinis-logo.png\",\"width\":70,\"height\":66,\"caption\":\"Black Hole Discos\"},\"image\":{\"@id\":\"https:\\\/\\\/blackholediscos.com\\\/#\\\/schema\\\/logo\\\/image\\\/\"},\"sameAs\":[\"https:\\\/\\\/www.instagram.com\\\/blackholediscos\\\/\"]}]}<\/script>\n<!-- \/ Yoast SEO plugin. -->","yoast_head_json":{"title":"Clementina de jesus - Marinheiro S\u00f3 - Black Hole Discos","robots":{"index":"index","follow":"follow","max-snippet":"max-snippet:-1","max-image-preview":"max-image-preview:large","max-video-preview":"max-video-preview:-1"},"canonical":"https:\/\/blackholediscos.com\/en\/product\/clementina-de-jesus-marinheiro-so\/","og_locale":"en_US","og_type":"article","og_title":"Clementina de jesus - Marinheiro S\u00f3 - Black Hole Discos","og_description":"LP Original de \u00e9poca em perfeitas condi\u00e7\u00f5es de capa e m\u00eddia, acompanha raro encarte original. Selo: Odeon \u200e\u2013 SMOFB-3787 Lista de faixas A1 Marinheiro S\u00f3 A2 Na Linha Do Mar A3 Madrugada A4 Sai De Baixo A5 Tarat\u00e1 A6 Essa Nega Pede Mais B1 Moro Na Ro\u00e7a B2 Cinco Cantos Religiosos: Ora\u00e7\u00e3o De M\u00e3e Menininha [&hellip;]","og_url":"https:\/\/blackholediscos.com\/en\/product\/clementina-de-jesus-marinheiro-so\/","og_site_name":"Black Hole Discos","article_publisher":"https:\/\/www.instagram.com\/blackholediscos\/","article_modified_time":"2024-06-27T17:23:43+00:00","og_image":[{"width":2560,"height":2560,"url":"https:\/\/blackholediscos.com\/wp-content\/uploads\/2024\/06\/IMG_7277-scaled.jpeg","type":"image\/jpeg"}],"twitter_card":"summary_large_image","twitter_misc":{"Est. reading time":"1 minute"},"schema":{"@context":"https:\/\/schema.org","@graph":[{"@type":"WebPage","@id":"https:\/\/blackholediscos.com\/product\/clementina-de-jesus-marinheiro-so\/","url":"https:\/\/blackholediscos.com\/product\/clementina-de-jesus-marinheiro-so\/","name":"Clementina de jesus - Marinheiro S\u00f3 - Black Hole Discos","isPartOf":{"@id":"https:\/\/blackholediscos.com\/#website"},"primaryImageOfPage":{"@id":"https:\/\/blackholediscos.com\/product\/clementina-de-jesus-marinheiro-so\/#primaryimage"},"image":{"@id":"https:\/\/blackholediscos.com\/product\/clementina-de-jesus-marinheiro-so\/#primaryimage"},"thumbnailUrl":"https:\/\/blackholediscos.com\/wp-content\/uploads\/2024\/06\/IMG_7277-scaled.jpeg","datePublished":"2024-06-23T03:34:05+00:00","dateModified":"2024-06-27T17:23:43+00:00","breadcrumb":{"@id":"https:\/\/blackholediscos.com\/product\/clementina-de-jesus-marinheiro-so\/#breadcrumb"},"inLanguage":"en-US","potentialAction":[{"@type":"ReadAction","target":["https:\/\/blackholediscos.com\/product\/clementina-de-jesus-marinheiro-so\/"]}]},{"@type":"ImageObject","inLanguage":"en-US","@id":"https:\/\/blackholediscos.com\/product\/clementina-de-jesus-marinheiro-so\/#primaryimage","url":"https:\/\/blackholediscos.com\/wp-content\/uploads\/2024\/06\/IMG_7277-scaled.jpeg","contentUrl":"https:\/\/blackholediscos.com\/wp-content\/uploads\/2024\/06\/IMG_7277-scaled.jpeg","width":2560,"height":2560},{"@type":"BreadcrumbList","@id":"https:\/\/blackholediscos.com\/product\/clementina-de-jesus-marinheiro-so\/#breadcrumb","itemListElement":[{"@type":"ListItem","position":1,"name":"In\u00edcio","item":"https:\/\/blackholediscos.com\/"},{"@type":"ListItem","position":2,"name":"Shop","item":"https:\/\/blackholediscos.com\/shop\/"},{"@type":"ListItem","position":3,"name":"Clementina de jesus &#8211; Marinheiro S\u00f3"}]},{"@type":"WebSite","@id":"https:\/\/blackholediscos.com\/#website","url":"https:\/\/blackholediscos.com\/","name":"Black Hole Discos","description":"Brazilian music LPs","publisher":{"@id":"https:\/\/blackholediscos.com\/#organization"},"potentialAction":[{"@type":"SearchAction","target":{"@type":"EntryPoint","urlTemplate":"https:\/\/blackholediscos.com\/?s={search_term_string}"},"query-input":{"@type":"PropertyValueSpecification","valueRequired":true,"valueName":"search_term_string"}}],"inLanguage":"en-US"},{"@type":"Organization","@id":"https:\/\/blackholediscos.com\/#organization","name":"Black Hole Discos","url":"https:\/\/blackholediscos.com\/","logo":{"@type":"ImageObject","inLanguage":"en-US","@id":"https:\/\/blackholediscos.com\/#\/schema\/logo\/image\/","url":"https:\/\/blackholediscos.com\/wp-content\/uploads\/2024\/06\/black-hole-discos-vinis-logo.png","contentUrl":"https:\/\/blackholediscos.com\/wp-content\/uploads\/2024\/06\/black-hole-discos-vinis-logo.png","width":70,"height":66,"caption":"Black Hole Discos"},"image":{"@id":"https:\/\/blackholediscos.com\/#\/schema\/logo\/image\/"},"sameAs":["https:\/\/www.instagram.com\/blackholediscos\/"]}]}},"_links":{"self":[{"href":"https:\/\/blackholediscos.com\/en\/wp-json\/wp\/v2\/product\/1208","targetHints":{"allow":["GET"]}}],"collection":[{"href":"https:\/\/blackholediscos.com\/en\/wp-json\/wp\/v2\/product"}],"about":[{"href":"https:\/\/blackholediscos.com\/en\/wp-json\/wp\/v2\/types\/product"}],"replies":[{"embeddable":true,"href":"https:\/\/blackholediscos.com\/en\/wp-json\/wp\/v2\/comments?post=1208"}],"wp:featuredmedia":[{"embeddable":true,"href":"https:\/\/blackholediscos.com\/en\/wp-json\/wp\/v2\/media\/1209"}],"wp:attachment":[{"href":"https:\/\/blackholediscos.com\/en\/wp-json\/wp\/v2\/media?parent=1208"}],"wp:term":[{"taxonomy":"product_brand","embeddable":true,"href":"https:\/\/blackholediscos.com\/en\/wp-json\/wp\/v2\/product_brand?post=1208"},{"taxonomy":"product_cat","embeddable":true,"href":"https:\/\/blackholediscos.com\/en\/wp-json\/wp\/v2\/product_cat?post=1208"},{"taxonomy":"product_tag","embeddable":true,"href":"https:\/\/blackholediscos.com\/en\/wp-json\/wp\/v2\/product_tag?post=1208"},{"taxonomy":"artista","embeddable":true,"href":"https:\/\/blackholediscos.com\/en\/wp-json\/wp\/v2\/artista?post=1208"},{"taxonomy":"produtora","embeddable":true,"href":"https:\/\/blackholediscos.com\/en\/wp-json\/wp\/v2\/produtora?post=1208"},{"taxonomy":"ano","embeddable":true,"href":"https:\/\/blackholediscos.com\/en\/wp-json\/wp\/v2\/ano?post=1208"}],"curies":[{"name":"wp","href":"https:\/\/api.w.org\/{rel}","templated":true}]}}