{"id":1156,"date":"2024-06-23T01:25:12","date_gmt":"2024-06-23T01:25:12","guid":{"rendered":"https:\/\/blackholediscos.com\/?post_type=product&#038;p=1156"},"modified":"2024-06-27T14:34:54","modified_gmt":"2024-06-27T14:34:54","slug":"curumin-achados-e-perdidos","status":"publish","type":"product","link":"https:\/\/blackholediscos.com\/en\/product\/curumin-achados-e-perdidos\/","title":{"rendered":"Curumin &#8211; Achados e Perdidos"},"content":{"rendered":"<p>LP Lacrado de f\u00e1brica<\/p>\n<p>Selo:<br \/>\nBrasuca Discos \u200e\u2013 BRA004<\/p>\n<p>Lista de faixas<\/p>\n<p>A1\tGuerreiro\t4:11<br \/>\nA2\tSamba Japa\t4:25<br \/>\nA3\tTudo Bem Malandro\t3:34<br \/>\nA4\tYou Dont&#8217; Have Nothing\t5:06<br \/>\nA5\t\u00cdndio Dan\u00e7a Na Roda<br \/>\nFeaturing \u2013 Instituto<br \/>\n3:10<\/p>\n<p>B1\tAcorda, Simp\u00e1tico\t3:06<br \/>\nB2\tSolid\u00e3o Gasolina\t4:59<br \/>\nB3\tCurukurombo\t1:00<br \/>\nB4\tCad\u00ea O Mocot\u00f3 (Essa Coisa)<br \/>\nFeaturing \u2013 Nereu Gargalo<br \/>\n4:21<br \/>\nB5\tVem Menina<br \/>\nFeaturing \u2013 Lino Crizz<br \/>\n4:19<br \/>\nB6\tSert\u00e3o Urbano<br \/>\nFeaturing \u2013 Arnaldo Antunes<br \/>\n5:25<br \/>\nB7\tOlhando De Uma Janela No Centro Da Cidade<br \/>\nFeaturing \u2013 Lino Crizz<br \/>\n6:44<\/p>","protected":false},"excerpt":{"rendered":"<p>LP Lacrado de f\u00e1brica Selo: Brasuca Discos \u200e\u2013 BRA004 Lista de faixas A1 Guerreiro 4:11 A2 Samba Japa 4:25 A3 Tudo Bem Malandro 3:34 A4 You Dont&#8217; Have Nothing 5:06 A5 \u00cdndio Dan\u00e7a Na Roda Featuring \u2013 Instituto 3:10 B1 Acorda, Simp\u00e1tico 3:06 B2 Solid\u00e3o Gasolina 4:59 B3 Curukurombo 1:00 B4 Cad\u00ea O Mocot\u00f3 (Essa [&hellip;]<\/p>\n","protected":false},"featured_media":990,"comment_status":"open","ping_status":"closed","template":"","meta":{"_acf_changed":false},"product_brand":[],"product_cat":[332,78,173],"product_tag":[363],"artista":[364],"produtora":[365],"ano":[194],"class_list":{"0":"post-1156","1":"product","2":"type-product","3":"status-publish","4":"has-post-thumbnail","6":"product_cat-selos-independentes","7":"product_cat-contemporaneos","8":"product_cat-rock-alternativo","9":"product_tag-curumin","10":"artista-curumin","11":"produtora-brasuca-discos","12":"ano-194","14":"first","15":"instock","16":"sold-individually","17":"shipping-taxable","18":"purchasable","19":"product-type-simple"},"acf":[],"yoast_head":"<!-- This site is optimized with the Yoast SEO plugin v27.6 - https:\/\/yoast.com\/product\/yoast-seo-wordpress\/ -->\n<title>Curumin - Achados e Perdidos - Black Hole Discos<\/title>\n<meta name=\"robots\" content=\"index, follow, max-snippet:-1, max-image-preview:large, max-video-preview:-1\" \/>\n<link rel=\"canonical\" href=\"https:\/\/blackholediscos.com\/en\/product\/curumin-achados-e-perdidos\/\" \/>\n<meta property=\"og:locale\" content=\"en_US\" \/>\n<meta property=\"og:type\" content=\"article\" \/>\n<meta property=\"og:title\" content=\"Curumin - Achados e Perdidos - Black Hole Discos\" \/>\n<meta property=\"og:description\" content=\"LP Lacrado de f\u00e1brica Selo: Brasuca Discos \u200e\u2013 BRA004 Lista de faixas A1 Guerreiro 4:11 A2 Samba Japa 4:25 A3 Tudo Bem Malandro 3:34 A4 You Dont&#8217; Have Nothing 5:06 A5 \u00cdndio Dan\u00e7a Na Roda Featuring \u2013 Instituto 3:10 B1 Acorda, Simp\u00e1tico 3:06 B2 Solid\u00e3o Gasolina 4:59 B3 Curukurombo 1:00 B4 Cad\u00ea O Mocot\u00f3 (Essa [&hellip;]\" \/>\n<meta property=\"og:url\" content=\"https:\/\/blackholediscos.com\/en\/product\/curumin-achados-e-perdidos\/\" \/>\n<meta property=\"og:site_name\" content=\"Black Hole Discos\" \/>\n<meta property=\"article:publisher\" content=\"https:\/\/www.instagram.com\/blackholediscos\/\" \/>\n<meta property=\"article:modified_time\" content=\"2024-06-27T14:34:54+00:00\" \/>\n<meta property=\"og:image\" content=\"https:\/\/blackholediscos.com\/wp-content\/uploads\/2024\/06\/IMG_0139-scaled.jpeg\" \/>\n\t<meta property=\"og:image:width\" content=\"2560\" \/>\n\t<meta property=\"og:image:height\" content=\"2560\" \/>\n\t<meta property=\"og:image:type\" content=\"image\/jpeg\" \/>\n<meta name=\"twitter:card\" content=\"summary_large_image\" \/>\n<meta name=\"twitter:label1\" content=\"Est. reading time\" \/>\n\t<meta name=\"twitter:data1\" content=\"1 minute\" \/>\n<script type=\"application\/ld+json\" class=\"yoast-schema-graph\">{\"@context\":\"https:\\\/\\\/schema.org\",\"@graph\":[{\"@type\":\"WebPage\",\"@id\":\"https:\\\/\\\/blackholediscos.com\\\/product\\\/curumin-achados-e-perdidos\\\/\",\"url\":\"https:\\\/\\\/blackholediscos.com\\\/product\\\/curumin-achados-e-perdidos\\\/\",\"name\":\"Curumin - Achados e Perdidos - Black Hole Discos\",\"isPartOf\":{\"@id\":\"https:\\\/\\\/blackholediscos.com\\\/#website\"},\"primaryImageOfPage\":{\"@id\":\"https:\\\/\\\/blackholediscos.com\\\/product\\\/curumin-achados-e-perdidos\\\/#primaryimage\"},\"image\":{\"@id\":\"https:\\\/\\\/blackholediscos.com\\\/product\\\/curumin-achados-e-perdidos\\\/#primaryimage\"},\"thumbnailUrl\":\"https:\\\/\\\/blackholediscos.com\\\/wp-content\\\/uploads\\\/2024\\\/06\\\/IMG_0139-scaled.jpeg\",\"datePublished\":\"2024-06-23T01:25:12+00:00\",\"dateModified\":\"2024-06-27T14:34:54+00:00\",\"breadcrumb\":{\"@id\":\"https:\\\/\\\/blackholediscos.com\\\/product\\\/curumin-achados-e-perdidos\\\/#breadcrumb\"},\"inLanguage\":\"en-US\",\"potentialAction\":[{\"@type\":\"ReadAction\",\"target\":[\"https:\\\/\\\/blackholediscos.com\\\/product\\\/curumin-achados-e-perdidos\\\/\"]}]},{\"@type\":\"ImageObject\",\"inLanguage\":\"en-US\",\"@id\":\"https:\\\/\\\/blackholediscos.com\\\/product\\\/curumin-achados-e-perdidos\\\/#primaryimage\",\"url\":\"https:\\\/\\\/blackholediscos.com\\\/wp-content\\\/uploads\\\/2024\\\/06\\\/IMG_0139-scaled.jpeg\",\"contentUrl\":\"https:\\\/\\\/blackholediscos.com\\\/wp-content\\\/uploads\\\/2024\\\/06\\\/IMG_0139-scaled.jpeg\",\"width\":2560,\"height\":2560},{\"@type\":\"BreadcrumbList\",\"@id\":\"https:\\\/\\\/blackholediscos.com\\\/product\\\/curumin-achados-e-perdidos\\\/#breadcrumb\",\"itemListElement\":[{\"@type\":\"ListItem\",\"position\":1,\"name\":\"In\u00edcio\",\"item\":\"https:\\\/\\\/blackholediscos.com\\\/\"},{\"@type\":\"ListItem\",\"position\":2,\"name\":\"Shop\",\"item\":\"https:\\\/\\\/blackholediscos.com\\\/shop\\\/\"},{\"@type\":\"ListItem\",\"position\":3,\"name\":\"Curumin &#8211; Achados e Perdidos\"}]},{\"@type\":\"WebSite\",\"@id\":\"https:\\\/\\\/blackholediscos.com\\\/#website\",\"url\":\"https:\\\/\\\/blackholediscos.com\\\/\",\"name\":\"Black Hole Discos\",\"description\":\"Brazilian music LPs\",\"publisher\":{\"@id\":\"https:\\\/\\\/blackholediscos.com\\\/#organization\"},\"potentialAction\":[{\"@type\":\"SearchAction\",\"target\":{\"@type\":\"EntryPoint\",\"urlTemplate\":\"https:\\\/\\\/blackholediscos.com\\\/?s={search_term_string}\"},\"query-input\":{\"@type\":\"PropertyValueSpecification\",\"valueRequired\":true,\"valueName\":\"search_term_string\"}}],\"inLanguage\":\"en-US\"},{\"@type\":\"Organization\",\"@id\":\"https:\\\/\\\/blackholediscos.com\\\/#organization\",\"name\":\"Black Hole Discos\",\"url\":\"https:\\\/\\\/blackholediscos.com\\\/\",\"logo\":{\"@type\":\"ImageObject\",\"inLanguage\":\"en-US\",\"@id\":\"https:\\\/\\\/blackholediscos.com\\\/#\\\/schema\\\/logo\\\/image\\\/\",\"url\":\"https:\\\/\\\/blackholediscos.com\\\/wp-content\\\/uploads\\\/2024\\\/06\\\/black-hole-discos-vinis-logo.png\",\"contentUrl\":\"https:\\\/\\\/blackholediscos.com\\\/wp-content\\\/uploads\\\/2024\\\/06\\\/black-hole-discos-vinis-logo.png\",\"width\":70,\"height\":66,\"caption\":\"Black Hole Discos\"},\"image\":{\"@id\":\"https:\\\/\\\/blackholediscos.com\\\/#\\\/schema\\\/logo\\\/image\\\/\"},\"sameAs\":[\"https:\\\/\\\/www.instagram.com\\\/blackholediscos\\\/\"]}]}<\/script>\n<!-- \/ Yoast SEO plugin. -->","yoast_head_json":{"title":"Curumin - Achados e Perdidos - Black Hole Discos","robots":{"index":"index","follow":"follow","max-snippet":"max-snippet:-1","max-image-preview":"max-image-preview:large","max-video-preview":"max-video-preview:-1"},"canonical":"https:\/\/blackholediscos.com\/en\/product\/curumin-achados-e-perdidos\/","og_locale":"en_US","og_type":"article","og_title":"Curumin - Achados e Perdidos - Black Hole Discos","og_description":"LP Lacrado de f\u00e1brica Selo: Brasuca Discos \u200e\u2013 BRA004 Lista de faixas A1 Guerreiro 4:11 A2 Samba Japa 4:25 A3 Tudo Bem Malandro 3:34 A4 You Dont&#8217; Have Nothing 5:06 A5 \u00cdndio Dan\u00e7a Na Roda Featuring \u2013 Instituto 3:10 B1 Acorda, Simp\u00e1tico 3:06 B2 Solid\u00e3o Gasolina 4:59 B3 Curukurombo 1:00 B4 Cad\u00ea O Mocot\u00f3 (Essa [&hellip;]","og_url":"https:\/\/blackholediscos.com\/en\/product\/curumin-achados-e-perdidos\/","og_site_name":"Black Hole Discos","article_publisher":"https:\/\/www.instagram.com\/blackholediscos\/","article_modified_time":"2024-06-27T14:34:54+00:00","og_image":[{"width":2560,"height":2560,"url":"https:\/\/blackholediscos.com\/wp-content\/uploads\/2024\/06\/IMG_0139-scaled.jpeg","type":"image\/jpeg"}],"twitter_card":"summary_large_image","twitter_misc":{"Est. reading time":"1 minute"},"schema":{"@context":"https:\/\/schema.org","@graph":[{"@type":"WebPage","@id":"https:\/\/blackholediscos.com\/product\/curumin-achados-e-perdidos\/","url":"https:\/\/blackholediscos.com\/product\/curumin-achados-e-perdidos\/","name":"Curumin - Achados e Perdidos - Black Hole Discos","isPartOf":{"@id":"https:\/\/blackholediscos.com\/#website"},"primaryImageOfPage":{"@id":"https:\/\/blackholediscos.com\/product\/curumin-achados-e-perdidos\/#primaryimage"},"image":{"@id":"https:\/\/blackholediscos.com\/product\/curumin-achados-e-perdidos\/#primaryimage"},"thumbnailUrl":"https:\/\/blackholediscos.com\/wp-content\/uploads\/2024\/06\/IMG_0139-scaled.jpeg","datePublished":"2024-06-23T01:25:12+00:00","dateModified":"2024-06-27T14:34:54+00:00","breadcrumb":{"@id":"https:\/\/blackholediscos.com\/product\/curumin-achados-e-perdidos\/#breadcrumb"},"inLanguage":"en-US","potentialAction":[{"@type":"ReadAction","target":["https:\/\/blackholediscos.com\/product\/curumin-achados-e-perdidos\/"]}]},{"@type":"ImageObject","inLanguage":"en-US","@id":"https:\/\/blackholediscos.com\/product\/curumin-achados-e-perdidos\/#primaryimage","url":"https:\/\/blackholediscos.com\/wp-content\/uploads\/2024\/06\/IMG_0139-scaled.jpeg","contentUrl":"https:\/\/blackholediscos.com\/wp-content\/uploads\/2024\/06\/IMG_0139-scaled.jpeg","width":2560,"height":2560},{"@type":"BreadcrumbList","@id":"https:\/\/blackholediscos.com\/product\/curumin-achados-e-perdidos\/#breadcrumb","itemListElement":[{"@type":"ListItem","position":1,"name":"In\u00edcio","item":"https:\/\/blackholediscos.com\/"},{"@type":"ListItem","position":2,"name":"Shop","item":"https:\/\/blackholediscos.com\/shop\/"},{"@type":"ListItem","position":3,"name":"Curumin &#8211; Achados e Perdidos"}]},{"@type":"WebSite","@id":"https:\/\/blackholediscos.com\/#website","url":"https:\/\/blackholediscos.com\/","name":"Black Hole Discos","description":"Brazilian music LPs","publisher":{"@id":"https:\/\/blackholediscos.com\/#organization"},"potentialAction":[{"@type":"SearchAction","target":{"@type":"EntryPoint","urlTemplate":"https:\/\/blackholediscos.com\/?s={search_term_string}"},"query-input":{"@type":"PropertyValueSpecification","valueRequired":true,"valueName":"search_term_string"}}],"inLanguage":"en-US"},{"@type":"Organization","@id":"https:\/\/blackholediscos.com\/#organization","name":"Black Hole Discos","url":"https:\/\/blackholediscos.com\/","logo":{"@type":"ImageObject","inLanguage":"en-US","@id":"https:\/\/blackholediscos.com\/#\/schema\/logo\/image\/","url":"https:\/\/blackholediscos.com\/wp-content\/uploads\/2024\/06\/black-hole-discos-vinis-logo.png","contentUrl":"https:\/\/blackholediscos.com\/wp-content\/uploads\/2024\/06\/black-hole-discos-vinis-logo.png","width":70,"height":66,"caption":"Black Hole Discos"},"image":{"@id":"https:\/\/blackholediscos.com\/#\/schema\/logo\/image\/"},"sameAs":["https:\/\/www.instagram.com\/blackholediscos\/"]}]}},"_links":{"self":[{"href":"https:\/\/blackholediscos.com\/en\/wp-json\/wp\/v2\/product\/1156","targetHints":{"allow":["GET"]}}],"collection":[{"href":"https:\/\/blackholediscos.com\/en\/wp-json\/wp\/v2\/product"}],"about":[{"href":"https:\/\/blackholediscos.com\/en\/wp-json\/wp\/v2\/types\/product"}],"replies":[{"embeddable":true,"href":"https:\/\/blackholediscos.com\/en\/wp-json\/wp\/v2\/comments?post=1156"}],"wp:featuredmedia":[{"embeddable":true,"href":"https:\/\/blackholediscos.com\/en\/wp-json\/wp\/v2\/media\/990"}],"wp:attachment":[{"href":"https:\/\/blackholediscos.com\/en\/wp-json\/wp\/v2\/media?parent=1156"}],"wp:term":[{"taxonomy":"product_brand","embeddable":true,"href":"https:\/\/blackholediscos.com\/en\/wp-json\/wp\/v2\/product_brand?post=1156"},{"taxonomy":"product_cat","embeddable":true,"href":"https:\/\/blackholediscos.com\/en\/wp-json\/wp\/v2\/product_cat?post=1156"},{"taxonomy":"product_tag","embeddable":true,"href":"https:\/\/blackholediscos.com\/en\/wp-json\/wp\/v2\/product_tag?post=1156"},{"taxonomy":"artista","embeddable":true,"href":"https:\/\/blackholediscos.com\/en\/wp-json\/wp\/v2\/artista?post=1156"},{"taxonomy":"produtora","embeddable":true,"href":"https:\/\/blackholediscos.com\/en\/wp-json\/wp\/v2\/produtora?post=1156"},{"taxonomy":"ano","embeddable":true,"href":"https:\/\/blackholediscos.com\/en\/wp-json\/wp\/v2\/ano?post=1156"}],"curies":[{"name":"wp","href":"https:\/\/api.w.org\/{rel}","templated":true}]}}