{"id":1153,"date":"2024-06-23T00:59:50","date_gmt":"2024-06-23T00:59:50","guid":{"rendered":"https:\/\/blackholediscos.com\/?post_type=product&#038;p=1153"},"modified":"2024-06-27T14:23:18","modified_gmt":"2024-06-27T14:23:18","slug":"sergio-sampaio-cruel","status":"publish","type":"product","link":"https:\/\/blackholediscos.com\/en\/product\/sergio-sampaio-cruel\/","title":{"rendered":"S\u00e9rgio Sampaio &#8211; Cruel"},"content":{"rendered":"<p>Lacrado de f\u00e1brica, primeira edi\u00e7\u00e3o capa dupla<\/p>\n<p>Selo:<br \/>\nMade in Quebrada Discos \u200e\u2013 QD005\/22, Vinil SP \u200e\u2013 VNSP-004<\/p>\n<p>Lista de faixas<\/p>\n<p>A1\tEm Nome De Deus<br \/>\nA2\tRoda Morta<br \/>\nA3\tBras\u00edlia<br \/>\nA4\tMagia Pura<br \/>\nA5\tRosa P\u00farpura de Cubat\u00e3o<br \/>\nA6\tQuero Encontrar um Amor<br \/>\nA7\tReal Beleza<br \/>\nB1\tPol\u00edcia Bandido Cachorro Dentista\t<\/p>\n<p>B2\tPavio Do Destino<br \/>\nB3\tMuito Al\u00e9m Do Jardim<br \/>\nB4\tQuem \u00e9 Do Amor<br \/>\nB5\tUma Quase Mulher<br \/>\nB6\tCruel<br \/>\nB7\tMai\u00fasculo<\/p>","protected":false},"excerpt":{"rendered":"<p>Lacrado de f\u00e1brica, primeira edi\u00e7\u00e3o capa dupla Selo: Made in Quebrada Discos \u200e\u2013 QD005\/22, Vinil SP \u200e\u2013 VNSP-004 Lista de faixas A1 Em Nome De Deus A2 Roda Morta A3 Bras\u00edlia A4 Magia Pura A5 Rosa P\u00farpura de Cubat\u00e3o A6 Quero Encontrar um Amor A7 Real Beleza B1 Pol\u00edcia Bandido Cachorro Dentista B2 Pavio Do [&hellip;]<\/p>\n","protected":false},"featured_media":981,"comment_status":"open","ping_status":"closed","template":"","meta":{"_acf_changed":false},"product_brand":[],"product_cat":[78,39,173],"product_tag":[355,307],"artista":[308],"produtora":[357,356],"ano":[282],"class_list":{"0":"post-1153","1":"product","2":"type-product","3":"status-publish","4":"has-post-thumbnail","6":"product_cat-contemporaneos","7":"product_cat-mpb","8":"product_cat-rock-alternativo","9":"product_tag-raul-seixas","10":"product_tag-sergio-sampaio","11":"artista-sergio-sampaio","12":"produtora-made-in-quebrada","13":"produtora-vinil-sp","14":"ano-282","16":"first","17":"instock","18":"sold-individually","19":"shipping-taxable","20":"purchasable","21":"product-type-simple"},"acf":[],"yoast_head":"<!-- This site is optimized with the Yoast SEO plugin v27.5 - https:\/\/yoast.com\/product\/yoast-seo-wordpress\/ -->\n<title>S\u00e9rgio Sampaio - Cruel - Black Hole Discos<\/title>\n<meta name=\"robots\" content=\"index, follow, max-snippet:-1, max-image-preview:large, max-video-preview:-1\" \/>\n<link rel=\"canonical\" href=\"https:\/\/blackholediscos.com\/en\/product\/sergio-sampaio-cruel\/\" \/>\n<meta property=\"og:locale\" content=\"en_US\" \/>\n<meta property=\"og:type\" content=\"article\" \/>\n<meta property=\"og:title\" content=\"S\u00e9rgio Sampaio - Cruel - Black Hole Discos\" \/>\n<meta property=\"og:description\" content=\"Lacrado de f\u00e1brica, primeira edi\u00e7\u00e3o capa dupla Selo: Made in Quebrada Discos \u200e\u2013 QD005\/22, Vinil SP \u200e\u2013 VNSP-004 Lista de faixas A1 Em Nome De Deus A2 Roda Morta A3 Bras\u00edlia A4 Magia Pura A5 Rosa P\u00farpura de Cubat\u00e3o A6 Quero Encontrar um Amor A7 Real Beleza B1 Pol\u00edcia Bandido Cachorro Dentista B2 Pavio Do [&hellip;]\" \/>\n<meta property=\"og:url\" content=\"https:\/\/blackholediscos.com\/en\/product\/sergio-sampaio-cruel\/\" \/>\n<meta property=\"og:site_name\" content=\"Black Hole Discos\" \/>\n<meta property=\"article:publisher\" content=\"https:\/\/www.instagram.com\/blackholediscos\/\" \/>\n<meta property=\"article:modified_time\" content=\"2024-06-27T14:23:18+00:00\" \/>\n<meta property=\"og:image\" content=\"https:\/\/blackholediscos.com\/wp-content\/uploads\/2024\/06\/IMG_0154-scaled.jpeg\" \/>\n\t<meta property=\"og:image:width\" content=\"2560\" \/>\n\t<meta property=\"og:image:height\" content=\"2560\" \/>\n\t<meta property=\"og:image:type\" content=\"image\/jpeg\" \/>\n<meta name=\"twitter:card\" content=\"summary_large_image\" \/>\n<meta name=\"twitter:label1\" content=\"Est. reading time\" \/>\n\t<meta name=\"twitter:data1\" content=\"1 minute\" \/>\n<script type=\"application\/ld+json\" class=\"yoast-schema-graph\">{\"@context\":\"https:\\\/\\\/schema.org\",\"@graph\":[{\"@type\":\"WebPage\",\"@id\":\"https:\\\/\\\/blackholediscos.com\\\/product\\\/sergio-sampaio-cruel\\\/\",\"url\":\"https:\\\/\\\/blackholediscos.com\\\/product\\\/sergio-sampaio-cruel\\\/\",\"name\":\"S\u00e9rgio Sampaio - Cruel - Black Hole Discos\",\"isPartOf\":{\"@id\":\"https:\\\/\\\/blackholediscos.com\\\/#website\"},\"primaryImageOfPage\":{\"@id\":\"https:\\\/\\\/blackholediscos.com\\\/product\\\/sergio-sampaio-cruel\\\/#primaryimage\"},\"image\":{\"@id\":\"https:\\\/\\\/blackholediscos.com\\\/product\\\/sergio-sampaio-cruel\\\/#primaryimage\"},\"thumbnailUrl\":\"https:\\\/\\\/blackholediscos.com\\\/wp-content\\\/uploads\\\/2024\\\/06\\\/IMG_0154-scaled.jpeg\",\"datePublished\":\"2024-06-23T00:59:50+00:00\",\"dateModified\":\"2024-06-27T14:23:18+00:00\",\"breadcrumb\":{\"@id\":\"https:\\\/\\\/blackholediscos.com\\\/product\\\/sergio-sampaio-cruel\\\/#breadcrumb\"},\"inLanguage\":\"en-US\",\"potentialAction\":[{\"@type\":\"ReadAction\",\"target\":[\"https:\\\/\\\/blackholediscos.com\\\/product\\\/sergio-sampaio-cruel\\\/\"]}]},{\"@type\":\"ImageObject\",\"inLanguage\":\"en-US\",\"@id\":\"https:\\\/\\\/blackholediscos.com\\\/product\\\/sergio-sampaio-cruel\\\/#primaryimage\",\"url\":\"https:\\\/\\\/blackholediscos.com\\\/wp-content\\\/uploads\\\/2024\\\/06\\\/IMG_0154-scaled.jpeg\",\"contentUrl\":\"https:\\\/\\\/blackholediscos.com\\\/wp-content\\\/uploads\\\/2024\\\/06\\\/IMG_0154-scaled.jpeg\",\"width\":2560,\"height\":2560},{\"@type\":\"BreadcrumbList\",\"@id\":\"https:\\\/\\\/blackholediscos.com\\\/product\\\/sergio-sampaio-cruel\\\/#breadcrumb\",\"itemListElement\":[{\"@type\":\"ListItem\",\"position\":1,\"name\":\"In\u00edcio\",\"item\":\"https:\\\/\\\/blackholediscos.com\\\/\"},{\"@type\":\"ListItem\",\"position\":2,\"name\":\"Shop\",\"item\":\"https:\\\/\\\/blackholediscos.com\\\/shop\\\/\"},{\"@type\":\"ListItem\",\"position\":3,\"name\":\"S\u00e9rgio Sampaio &#8211; Cruel\"}]},{\"@type\":\"WebSite\",\"@id\":\"https:\\\/\\\/blackholediscos.com\\\/#website\",\"url\":\"https:\\\/\\\/blackholediscos.com\\\/\",\"name\":\"Black Hole Discos\",\"description\":\"Brazilian music LPs\",\"publisher\":{\"@id\":\"https:\\\/\\\/blackholediscos.com\\\/#organization\"},\"potentialAction\":[{\"@type\":\"SearchAction\",\"target\":{\"@type\":\"EntryPoint\",\"urlTemplate\":\"https:\\\/\\\/blackholediscos.com\\\/?s={search_term_string}\"},\"query-input\":{\"@type\":\"PropertyValueSpecification\",\"valueRequired\":true,\"valueName\":\"search_term_string\"}}],\"inLanguage\":\"en-US\"},{\"@type\":\"Organization\",\"@id\":\"https:\\\/\\\/blackholediscos.com\\\/#organization\",\"name\":\"Black Hole Discos\",\"url\":\"https:\\\/\\\/blackholediscos.com\\\/\",\"logo\":{\"@type\":\"ImageObject\",\"inLanguage\":\"en-US\",\"@id\":\"https:\\\/\\\/blackholediscos.com\\\/#\\\/schema\\\/logo\\\/image\\\/\",\"url\":\"https:\\\/\\\/blackholediscos.com\\\/wp-content\\\/uploads\\\/2024\\\/06\\\/black-hole-discos-vinis-logo.png\",\"contentUrl\":\"https:\\\/\\\/blackholediscos.com\\\/wp-content\\\/uploads\\\/2024\\\/06\\\/black-hole-discos-vinis-logo.png\",\"width\":70,\"height\":66,\"caption\":\"Black Hole Discos\"},\"image\":{\"@id\":\"https:\\\/\\\/blackholediscos.com\\\/#\\\/schema\\\/logo\\\/image\\\/\"},\"sameAs\":[\"https:\\\/\\\/www.instagram.com\\\/blackholediscos\\\/\"]}]}<\/script>\n<!-- \/ Yoast SEO plugin. -->","yoast_head_json":{"title":"S\u00e9rgio Sampaio - Cruel - Black Hole Discos","robots":{"index":"index","follow":"follow","max-snippet":"max-snippet:-1","max-image-preview":"max-image-preview:large","max-video-preview":"max-video-preview:-1"},"canonical":"https:\/\/blackholediscos.com\/en\/product\/sergio-sampaio-cruel\/","og_locale":"en_US","og_type":"article","og_title":"S\u00e9rgio Sampaio - Cruel - Black Hole Discos","og_description":"Lacrado de f\u00e1brica, primeira edi\u00e7\u00e3o capa dupla Selo: Made in Quebrada Discos \u200e\u2013 QD005\/22, Vinil SP \u200e\u2013 VNSP-004 Lista de faixas A1 Em Nome De Deus A2 Roda Morta A3 Bras\u00edlia A4 Magia Pura A5 Rosa P\u00farpura de Cubat\u00e3o A6 Quero Encontrar um Amor A7 Real Beleza B1 Pol\u00edcia Bandido Cachorro Dentista B2 Pavio Do [&hellip;]","og_url":"https:\/\/blackholediscos.com\/en\/product\/sergio-sampaio-cruel\/","og_site_name":"Black Hole Discos","article_publisher":"https:\/\/www.instagram.com\/blackholediscos\/","article_modified_time":"2024-06-27T14:23:18+00:00","og_image":[{"width":2560,"height":2560,"url":"https:\/\/blackholediscos.com\/wp-content\/uploads\/2024\/06\/IMG_0154-scaled.jpeg","type":"image\/jpeg"}],"twitter_card":"summary_large_image","twitter_misc":{"Est. reading time":"1 minute"},"schema":{"@context":"https:\/\/schema.org","@graph":[{"@type":"WebPage","@id":"https:\/\/blackholediscos.com\/product\/sergio-sampaio-cruel\/","url":"https:\/\/blackholediscos.com\/product\/sergio-sampaio-cruel\/","name":"S\u00e9rgio Sampaio - Cruel - Black Hole Discos","isPartOf":{"@id":"https:\/\/blackholediscos.com\/#website"},"primaryImageOfPage":{"@id":"https:\/\/blackholediscos.com\/product\/sergio-sampaio-cruel\/#primaryimage"},"image":{"@id":"https:\/\/blackholediscos.com\/product\/sergio-sampaio-cruel\/#primaryimage"},"thumbnailUrl":"https:\/\/blackholediscos.com\/wp-content\/uploads\/2024\/06\/IMG_0154-scaled.jpeg","datePublished":"2024-06-23T00:59:50+00:00","dateModified":"2024-06-27T14:23:18+00:00","breadcrumb":{"@id":"https:\/\/blackholediscos.com\/product\/sergio-sampaio-cruel\/#breadcrumb"},"inLanguage":"en-US","potentialAction":[{"@type":"ReadAction","target":["https:\/\/blackholediscos.com\/product\/sergio-sampaio-cruel\/"]}]},{"@type":"ImageObject","inLanguage":"en-US","@id":"https:\/\/blackholediscos.com\/product\/sergio-sampaio-cruel\/#primaryimage","url":"https:\/\/blackholediscos.com\/wp-content\/uploads\/2024\/06\/IMG_0154-scaled.jpeg","contentUrl":"https:\/\/blackholediscos.com\/wp-content\/uploads\/2024\/06\/IMG_0154-scaled.jpeg","width":2560,"height":2560},{"@type":"BreadcrumbList","@id":"https:\/\/blackholediscos.com\/product\/sergio-sampaio-cruel\/#breadcrumb","itemListElement":[{"@type":"ListItem","position":1,"name":"In\u00edcio","item":"https:\/\/blackholediscos.com\/"},{"@type":"ListItem","position":2,"name":"Shop","item":"https:\/\/blackholediscos.com\/shop\/"},{"@type":"ListItem","position":3,"name":"S\u00e9rgio Sampaio &#8211; Cruel"}]},{"@type":"WebSite","@id":"https:\/\/blackholediscos.com\/#website","url":"https:\/\/blackholediscos.com\/","name":"Black Hole Discos","description":"Brazilian music LPs","publisher":{"@id":"https:\/\/blackholediscos.com\/#organization"},"potentialAction":[{"@type":"SearchAction","target":{"@type":"EntryPoint","urlTemplate":"https:\/\/blackholediscos.com\/?s={search_term_string}"},"query-input":{"@type":"PropertyValueSpecification","valueRequired":true,"valueName":"search_term_string"}}],"inLanguage":"en-US"},{"@type":"Organization","@id":"https:\/\/blackholediscos.com\/#organization","name":"Black Hole Discos","url":"https:\/\/blackholediscos.com\/","logo":{"@type":"ImageObject","inLanguage":"en-US","@id":"https:\/\/blackholediscos.com\/#\/schema\/logo\/image\/","url":"https:\/\/blackholediscos.com\/wp-content\/uploads\/2024\/06\/black-hole-discos-vinis-logo.png","contentUrl":"https:\/\/blackholediscos.com\/wp-content\/uploads\/2024\/06\/black-hole-discos-vinis-logo.png","width":70,"height":66,"caption":"Black Hole Discos"},"image":{"@id":"https:\/\/blackholediscos.com\/#\/schema\/logo\/image\/"},"sameAs":["https:\/\/www.instagram.com\/blackholediscos\/"]}]}},"_links":{"self":[{"href":"https:\/\/blackholediscos.com\/en\/wp-json\/wp\/v2\/product\/1153","targetHints":{"allow":["GET"]}}],"collection":[{"href":"https:\/\/blackholediscos.com\/en\/wp-json\/wp\/v2\/product"}],"about":[{"href":"https:\/\/blackholediscos.com\/en\/wp-json\/wp\/v2\/types\/product"}],"replies":[{"embeddable":true,"href":"https:\/\/blackholediscos.com\/en\/wp-json\/wp\/v2\/comments?post=1153"}],"wp:featuredmedia":[{"embeddable":true,"href":"https:\/\/blackholediscos.com\/en\/wp-json\/wp\/v2\/media\/981"}],"wp:attachment":[{"href":"https:\/\/blackholediscos.com\/en\/wp-json\/wp\/v2\/media?parent=1153"}],"wp:term":[{"taxonomy":"product_brand","embeddable":true,"href":"https:\/\/blackholediscos.com\/en\/wp-json\/wp\/v2\/product_brand?post=1153"},{"taxonomy":"product_cat","embeddable":true,"href":"https:\/\/blackholediscos.com\/en\/wp-json\/wp\/v2\/product_cat?post=1153"},{"taxonomy":"product_tag","embeddable":true,"href":"https:\/\/blackholediscos.com\/en\/wp-json\/wp\/v2\/product_tag?post=1153"},{"taxonomy":"artista","embeddable":true,"href":"https:\/\/blackholediscos.com\/en\/wp-json\/wp\/v2\/artista?post=1153"},{"taxonomy":"produtora","embeddable":true,"href":"https:\/\/blackholediscos.com\/en\/wp-json\/wp\/v2\/produtora?post=1153"},{"taxonomy":"ano","embeddable":true,"href":"https:\/\/blackholediscos.com\/en\/wp-json\/wp\/v2\/ano?post=1153"}],"curies":[{"name":"wp","href":"https:\/\/api.w.org\/{rel}","templated":true}]}}