{"id":1118,"date":"2024-06-22T22:32:43","date_gmt":"2024-06-22T22:32:43","guid":{"rendered":"https:\/\/blackholediscos.com\/?post_type=product&#038;p=1118"},"modified":"2024-06-27T12:27:59","modified_gmt":"2024-06-27T12:27:59","slug":"cartola-cartola","status":"publish","type":"product","link":"https:\/\/blackholediscos.com\/en\/product\/cartola-cartola\/","title":{"rendered":"Cartola \u2013 Cartola"},"content":{"rendered":"<p>LP lacrado de f\u00e1brica.<\/p>\n<p>Polysom \u2013 33296-1<\/p>\n<p>A1 O Mundo \u00c9 Um Mo\u00ednho<br \/>\nWritten-By \u2013 Cartola<br \/>\nA2 Minha<br \/>\nWritten-By \u2013 Cartola<br \/>\nA3 Sala De Recep\u00e7\u00e3o<br \/>\nA4 N\u00e3o Posso Viver Sem Ela<br \/>\nWritten-By \u2013 Alcebiades Barcellos*, Cartola<br \/>\nA5 Preciso Me Encontrar<br \/>\nA6 Peito Vazio<br \/>\nWritten-By \u2013 Cartola, Elton Medeiros<\/p>\n<p>B1 Aconteceu<br \/>\nWritten-By \u2013 Cartola<br \/>\nB2 As Rosas N\u00e3o Falam<br \/>\nWritten-By \u2013 Cartola<br \/>\nB3 Sei Chorar<br \/>\nWritten-By \u2013 Cartola<br \/>\nB4 Ensaboa Mulata<br \/>\nWritten-By \u2013 Cartola<br \/>\nB5 Senhora Tenta\u00e7\u00e3o<br \/>\nWritten-By \u2013 Silas De Oliveira<br \/>\nB6\t\tCordas De A\u00e7o<br \/>\nWritten-By \u2013 Cartola<\/p>\n<p>12-String Acoustic Guitar [10-String] \u2013 Jos\u00e9 Menezes*<br \/>\nAcoustic Guitar \u2013 Guinga, Meira<br \/>\nBacking Vocals \u2013 Coro De Joab Teixeira*<br \/>\nBassoon \u2013 Airton Barbosa<br \/>\nCaixa, Tamborim, Ganz\u00e1 \u2013 Elton Medeiros<br \/>\nCavaquinho \u2013 Canhoto<br \/>\nCuica, Agog\u00f4 \u2013 Nen\u00ea<br \/>\nEngineer, Mixed By \u2013 Norival Reis<br \/>\nFlute \u2013 Altamiro Carrilho<br \/>\nLayout \u2013 Tonh\u00e3o (4)<br \/>\nMusic Director, Arranged By, Acoustic Guitar [7-String] \u2013 Maestro Horondino Silva (Dino)*<br \/>\nPandeiro \u2013 Jorginho<br \/>\nProducer, Liner Notes \u2013 Juarez Barroso<br \/>\nReco-reco, Agog\u00f4 \u2013 Wilson Canegal<br \/>\nSurdo \u2013 Gilson (2)<br \/>\nTenor Saxophone \u2013 Abel Ferreira<br \/>\nTrombone \u2013 Nelsinho*<\/p>\n","protected":false},"excerpt":{"rendered":"<p>LP lacrado de f\u00e1brica. Polysom \u2013 33296-1 A1 O Mundo \u00c9 Um Mo\u00ednho Written-By \u2013 Cartola A2 Minha Written-By \u2013 Cartola A3 Sala De Recep\u00e7\u00e3o A4 N\u00e3o Posso Viver Sem Ela Written-By \u2013 Alcebiades Barcellos*, Cartola A5 Preciso Me Encontrar A6 Peito Vazio Written-By \u2013 Cartola, Elton Medeiros B1 Aconteceu Written-By \u2013 Cartola B2 As [&hellip;]<\/p>\n","protected":false},"featured_media":950,"comment_status":"open","ping_status":"closed","template":"","meta":{"_acf_changed":false},"product_brand":[],"product_cat":[131,530,39,138,24],"product_tag":[335,120],"artista":[208],"produtora":[144],"ano":[336],"class_list":{"0":"post-1118","1":"product","2":"type-product","3":"status-publish","4":"has-post-thumbnail","6":"product_cat-afrobrasilidade","7":"product_cat-batucada","8":"product_cat-mpb","9":"product_cat-polysom","10":"product_cat-samba","11":"product_tag-cartola","12":"product_tag-samba","13":"artista-cartola","14":"produtora-polysom","15":"ano-336","17":"first","18":"instock","19":"sold-individually","20":"shipping-taxable","21":"purchasable","22":"product-type-simple"},"acf":[],"yoast_head":"<!-- This site is optimized with the Yoast SEO plugin v27.6 - https:\/\/yoast.com\/product\/yoast-seo-wordpress\/ -->\n<title>Cartola \u2013 Cartola - Black Hole Discos<\/title>\n<meta name=\"robots\" content=\"index, follow, max-snippet:-1, max-image-preview:large, max-video-preview:-1\" \/>\n<link rel=\"canonical\" href=\"https:\/\/blackholediscos.com\/en\/product\/cartola-cartola\/\" \/>\n<meta property=\"og:locale\" content=\"en_US\" \/>\n<meta property=\"og:type\" content=\"article\" \/>\n<meta property=\"og:title\" content=\"Cartola \u2013 Cartola - Black Hole Discos\" \/>\n<meta property=\"og:description\" content=\"LP lacrado de f\u00e1brica. Polysom \u2013 33296-1 A1 O Mundo \u00c9 Um Mo\u00ednho Written-By \u2013 Cartola A2 Minha Written-By \u2013 Cartola A3 Sala De Recep\u00e7\u00e3o A4 N\u00e3o Posso Viver Sem Ela Written-By \u2013 Alcebiades Barcellos*, Cartola A5 Preciso Me Encontrar A6 Peito Vazio Written-By \u2013 Cartola, Elton Medeiros B1 Aconteceu Written-By \u2013 Cartola B2 As [&hellip;]\" \/>\n<meta property=\"og:url\" content=\"https:\/\/blackholediscos.com\/en\/product\/cartola-cartola\/\" \/>\n<meta property=\"og:site_name\" content=\"Black Hole Discos\" \/>\n<meta property=\"article:publisher\" content=\"https:\/\/www.instagram.com\/blackholediscos\/\" \/>\n<meta property=\"article:modified_time\" content=\"2024-06-27T12:27:59+00:00\" \/>\n<meta property=\"og:image\" content=\"https:\/\/blackholediscos.com\/wp-content\/uploads\/2024\/06\/IMG_0198-scaled.jpeg\" \/>\n\t<meta property=\"og:image:width\" content=\"2560\" \/>\n\t<meta property=\"og:image:height\" content=\"2560\" \/>\n\t<meta property=\"og:image:type\" content=\"image\/jpeg\" \/>\n<meta name=\"twitter:card\" content=\"summary_large_image\" \/>\n<meta name=\"twitter:label1\" content=\"Est. reading time\" \/>\n\t<meta name=\"twitter:data1\" content=\"2 minutes\" \/>\n<script type=\"application\/ld+json\" class=\"yoast-schema-graph\">{\"@context\":\"https:\\\/\\\/schema.org\",\"@graph\":[{\"@type\":\"WebPage\",\"@id\":\"https:\\\/\\\/blackholediscos.com\\\/product\\\/cartola-cartola\\\/\",\"url\":\"https:\\\/\\\/blackholediscos.com\\\/product\\\/cartola-cartola\\\/\",\"name\":\"Cartola \u2013 Cartola - Black Hole Discos\",\"isPartOf\":{\"@id\":\"https:\\\/\\\/blackholediscos.com\\\/#website\"},\"primaryImageOfPage\":{\"@id\":\"https:\\\/\\\/blackholediscos.com\\\/product\\\/cartola-cartola\\\/#primaryimage\"},\"image\":{\"@id\":\"https:\\\/\\\/blackholediscos.com\\\/product\\\/cartola-cartola\\\/#primaryimage\"},\"thumbnailUrl\":\"https:\\\/\\\/blackholediscos.com\\\/wp-content\\\/uploads\\\/2024\\\/06\\\/IMG_0198-scaled.jpeg\",\"datePublished\":\"2024-06-22T22:32:43+00:00\",\"dateModified\":\"2024-06-27T12:27:59+00:00\",\"breadcrumb\":{\"@id\":\"https:\\\/\\\/blackholediscos.com\\\/product\\\/cartola-cartola\\\/#breadcrumb\"},\"inLanguage\":\"en-US\",\"potentialAction\":[{\"@type\":\"ReadAction\",\"target\":[\"https:\\\/\\\/blackholediscos.com\\\/product\\\/cartola-cartola\\\/\"]}]},{\"@type\":\"ImageObject\",\"inLanguage\":\"en-US\",\"@id\":\"https:\\\/\\\/blackholediscos.com\\\/product\\\/cartola-cartola\\\/#primaryimage\",\"url\":\"https:\\\/\\\/blackholediscos.com\\\/wp-content\\\/uploads\\\/2024\\\/06\\\/IMG_0198-scaled.jpeg\",\"contentUrl\":\"https:\\\/\\\/blackholediscos.com\\\/wp-content\\\/uploads\\\/2024\\\/06\\\/IMG_0198-scaled.jpeg\",\"width\":2560,\"height\":2560},{\"@type\":\"BreadcrumbList\",\"@id\":\"https:\\\/\\\/blackholediscos.com\\\/product\\\/cartola-cartola\\\/#breadcrumb\",\"itemListElement\":[{\"@type\":\"ListItem\",\"position\":1,\"name\":\"In\u00edcio\",\"item\":\"https:\\\/\\\/blackholediscos.com\\\/\"},{\"@type\":\"ListItem\",\"position\":2,\"name\":\"Shop\",\"item\":\"https:\\\/\\\/blackholediscos.com\\\/shop\\\/\"},{\"@type\":\"ListItem\",\"position\":3,\"name\":\"Cartola \u2013 Cartola\"}]},{\"@type\":\"WebSite\",\"@id\":\"https:\\\/\\\/blackholediscos.com\\\/#website\",\"url\":\"https:\\\/\\\/blackholediscos.com\\\/\",\"name\":\"Black Hole Discos\",\"description\":\"Brazilian music LPs\",\"publisher\":{\"@id\":\"https:\\\/\\\/blackholediscos.com\\\/#organization\"},\"potentialAction\":[{\"@type\":\"SearchAction\",\"target\":{\"@type\":\"EntryPoint\",\"urlTemplate\":\"https:\\\/\\\/blackholediscos.com\\\/?s={search_term_string}\"},\"query-input\":{\"@type\":\"PropertyValueSpecification\",\"valueRequired\":true,\"valueName\":\"search_term_string\"}}],\"inLanguage\":\"en-US\"},{\"@type\":\"Organization\",\"@id\":\"https:\\\/\\\/blackholediscos.com\\\/#organization\",\"name\":\"Black Hole Discos\",\"url\":\"https:\\\/\\\/blackholediscos.com\\\/\",\"logo\":{\"@type\":\"ImageObject\",\"inLanguage\":\"en-US\",\"@id\":\"https:\\\/\\\/blackholediscos.com\\\/#\\\/schema\\\/logo\\\/image\\\/\",\"url\":\"https:\\\/\\\/blackholediscos.com\\\/wp-content\\\/uploads\\\/2024\\\/06\\\/black-hole-discos-vinis-logo.png\",\"contentUrl\":\"https:\\\/\\\/blackholediscos.com\\\/wp-content\\\/uploads\\\/2024\\\/06\\\/black-hole-discos-vinis-logo.png\",\"width\":70,\"height\":66,\"caption\":\"Black Hole Discos\"},\"image\":{\"@id\":\"https:\\\/\\\/blackholediscos.com\\\/#\\\/schema\\\/logo\\\/image\\\/\"},\"sameAs\":[\"https:\\\/\\\/www.instagram.com\\\/blackholediscos\\\/\"]}]}<\/script>\n<!-- \/ Yoast SEO plugin. -->","yoast_head_json":{"title":"Cartola \u2013 Cartola - Black Hole Discos","robots":{"index":"index","follow":"follow","max-snippet":"max-snippet:-1","max-image-preview":"max-image-preview:large","max-video-preview":"max-video-preview:-1"},"canonical":"https:\/\/blackholediscos.com\/en\/product\/cartola-cartola\/","og_locale":"en_US","og_type":"article","og_title":"Cartola \u2013 Cartola - Black Hole Discos","og_description":"LP lacrado de f\u00e1brica. Polysom \u2013 33296-1 A1 O Mundo \u00c9 Um Mo\u00ednho Written-By \u2013 Cartola A2 Minha Written-By \u2013 Cartola A3 Sala De Recep\u00e7\u00e3o A4 N\u00e3o Posso Viver Sem Ela Written-By \u2013 Alcebiades Barcellos*, Cartola A5 Preciso Me Encontrar A6 Peito Vazio Written-By \u2013 Cartola, Elton Medeiros B1 Aconteceu Written-By \u2013 Cartola B2 As [&hellip;]","og_url":"https:\/\/blackholediscos.com\/en\/product\/cartola-cartola\/","og_site_name":"Black Hole Discos","article_publisher":"https:\/\/www.instagram.com\/blackholediscos\/","article_modified_time":"2024-06-27T12:27:59+00:00","og_image":[{"width":2560,"height":2560,"url":"https:\/\/blackholediscos.com\/wp-content\/uploads\/2024\/06\/IMG_0198-scaled.jpeg","type":"image\/jpeg"}],"twitter_card":"summary_large_image","twitter_misc":{"Est. reading time":"2 minutes"},"schema":{"@context":"https:\/\/schema.org","@graph":[{"@type":"WebPage","@id":"https:\/\/blackholediscos.com\/product\/cartola-cartola\/","url":"https:\/\/blackholediscos.com\/product\/cartola-cartola\/","name":"Cartola \u2013 Cartola - Black Hole Discos","isPartOf":{"@id":"https:\/\/blackholediscos.com\/#website"},"primaryImageOfPage":{"@id":"https:\/\/blackholediscos.com\/product\/cartola-cartola\/#primaryimage"},"image":{"@id":"https:\/\/blackholediscos.com\/product\/cartola-cartola\/#primaryimage"},"thumbnailUrl":"https:\/\/blackholediscos.com\/wp-content\/uploads\/2024\/06\/IMG_0198-scaled.jpeg","datePublished":"2024-06-22T22:32:43+00:00","dateModified":"2024-06-27T12:27:59+00:00","breadcrumb":{"@id":"https:\/\/blackholediscos.com\/product\/cartola-cartola\/#breadcrumb"},"inLanguage":"en-US","potentialAction":[{"@type":"ReadAction","target":["https:\/\/blackholediscos.com\/product\/cartola-cartola\/"]}]},{"@type":"ImageObject","inLanguage":"en-US","@id":"https:\/\/blackholediscos.com\/product\/cartola-cartola\/#primaryimage","url":"https:\/\/blackholediscos.com\/wp-content\/uploads\/2024\/06\/IMG_0198-scaled.jpeg","contentUrl":"https:\/\/blackholediscos.com\/wp-content\/uploads\/2024\/06\/IMG_0198-scaled.jpeg","width":2560,"height":2560},{"@type":"BreadcrumbList","@id":"https:\/\/blackholediscos.com\/product\/cartola-cartola\/#breadcrumb","itemListElement":[{"@type":"ListItem","position":1,"name":"In\u00edcio","item":"https:\/\/blackholediscos.com\/"},{"@type":"ListItem","position":2,"name":"Shop","item":"https:\/\/blackholediscos.com\/shop\/"},{"@type":"ListItem","position":3,"name":"Cartola \u2013 Cartola"}]},{"@type":"WebSite","@id":"https:\/\/blackholediscos.com\/#website","url":"https:\/\/blackholediscos.com\/","name":"Black Hole Discos","description":"Brazilian music LPs","publisher":{"@id":"https:\/\/blackholediscos.com\/#organization"},"potentialAction":[{"@type":"SearchAction","target":{"@type":"EntryPoint","urlTemplate":"https:\/\/blackholediscos.com\/?s={search_term_string}"},"query-input":{"@type":"PropertyValueSpecification","valueRequired":true,"valueName":"search_term_string"}}],"inLanguage":"en-US"},{"@type":"Organization","@id":"https:\/\/blackholediscos.com\/#organization","name":"Black Hole Discos","url":"https:\/\/blackholediscos.com\/","logo":{"@type":"ImageObject","inLanguage":"en-US","@id":"https:\/\/blackholediscos.com\/#\/schema\/logo\/image\/","url":"https:\/\/blackholediscos.com\/wp-content\/uploads\/2024\/06\/black-hole-discos-vinis-logo.png","contentUrl":"https:\/\/blackholediscos.com\/wp-content\/uploads\/2024\/06\/black-hole-discos-vinis-logo.png","width":70,"height":66,"caption":"Black Hole Discos"},"image":{"@id":"https:\/\/blackholediscos.com\/#\/schema\/logo\/image\/"},"sameAs":["https:\/\/www.instagram.com\/blackholediscos\/"]}]}},"_links":{"self":[{"href":"https:\/\/blackholediscos.com\/en\/wp-json\/wp\/v2\/product\/1118","targetHints":{"allow":["GET"]}}],"collection":[{"href":"https:\/\/blackholediscos.com\/en\/wp-json\/wp\/v2\/product"}],"about":[{"href":"https:\/\/blackholediscos.com\/en\/wp-json\/wp\/v2\/types\/product"}],"replies":[{"embeddable":true,"href":"https:\/\/blackholediscos.com\/en\/wp-json\/wp\/v2\/comments?post=1118"}],"wp:featuredmedia":[{"embeddable":true,"href":"https:\/\/blackholediscos.com\/en\/wp-json\/wp\/v2\/media\/950"}],"wp:attachment":[{"href":"https:\/\/blackholediscos.com\/en\/wp-json\/wp\/v2\/media?parent=1118"}],"wp:term":[{"taxonomy":"product_brand","embeddable":true,"href":"https:\/\/blackholediscos.com\/en\/wp-json\/wp\/v2\/product_brand?post=1118"},{"taxonomy":"product_cat","embeddable":true,"href":"https:\/\/blackholediscos.com\/en\/wp-json\/wp\/v2\/product_cat?post=1118"},{"taxonomy":"product_tag","embeddable":true,"href":"https:\/\/blackholediscos.com\/en\/wp-json\/wp\/v2\/product_tag?post=1118"},{"taxonomy":"artista","embeddable":true,"href":"https:\/\/blackholediscos.com\/en\/wp-json\/wp\/v2\/artista?post=1118"},{"taxonomy":"produtora","embeddable":true,"href":"https:\/\/blackholediscos.com\/en\/wp-json\/wp\/v2\/produtora?post=1118"},{"taxonomy":"ano","embeddable":true,"href":"https:\/\/blackholediscos.com\/en\/wp-json\/wp\/v2\/ano?post=1118"}],"curies":[{"name":"wp","href":"https:\/\/api.w.org\/{rel}","templated":true}]}}