{"id":1098,"date":"2024-06-22T22:16:30","date_gmt":"2024-06-22T22:16:30","guid":{"rendered":"https:\/\/blackholediscos.com\/?post_type=product&#038;p=1098"},"modified":"2024-06-26T22:51:32","modified_gmt":"2024-06-26T22:51:32","slug":"ney-matogrosso-agua-do-ceu-passaro","status":"publish","type":"product","link":"https:\/\/blackholediscos.com\/en\/product\/ney-matogrosso-agua-do-ceu-passaro\/","title":{"rendered":"Ney Matogrosso \u200e\u2013 \u00c1gua Do C\u00e9u P\u00e1ssaro"},"content":{"rendered":"<p>LP Original de \u00e9poca em perfeitas condi\u00e7\u00f5es de capa e m\u00eddia, acompanha raro encarte original.<\/p>\n<p>Selo:<br \/>\nContinental (3) \u200e\u2013 1-01-404-105, Continental (3) \u200e\u2013 1-01-101-140<\/p>\n<p>Lista de faixas<\/p>\n<p>A1\tHomem De Neanderthal<br \/>\nWritten-By \u2013 Luiz Carlos S\u00e1<br \/>\nA2\tO Corsario<br \/>\nWritten-By \u2013 Aldir Blanc, Jo\u00e3o Bosco<br \/>\nA3\tA\u00e7\u00facar Candy<br \/>\nWritten-By \u2013 Sueli Costa, Tite De Lemos<br \/>\nA4\tPedra De Rio<br \/>\nWritten-By \u2013 Lucina (2), Luhli*, Paulo Cesar (6)<br \/>\nA5\tIdade De Ouro<br \/>\nWritten-By \u2013 Jorge Omar*, Paulo Mendon\u00e7a<\/p>\n<p>B1\tB\u00f4das<br \/>\nWritten-By \u2013 Milton Nascimento, Ruy Guerra<br \/>\nB2\tM\u00e3e Preta (Barco Negro)<br \/>\nWritten-By \u2013 Caco Velho, Piratini<br \/>\nB3\tCubanakan<br \/>\nWritten-By \u2013 Sauvat*, Moises Simons, Champfleury*<br \/>\nB4\tAm\u00e9rica Do Sul<br \/>\nWritten-By \u2013 Paulo Machado (3)<\/p>\n<p>Bonus 7&#8243;<br \/>\nA\tAs Ilhas<br \/>\nLyrics By \u2013 Geraldo E. Carneiro<br \/>\nMusic By \u2013 Astor Piazzolla<\/p>\n<p>B\t1964 (II)<br \/>\nLyrics By \u2013 Jorge Luis Borges<br \/>\nMusic By \u2013 Astor Piazzolla<\/p>","protected":false},"excerpt":{"rendered":"<p>LP Original de \u00e9poca em perfeitas condi\u00e7\u00f5es de capa e m\u00eddia, acompanha raro encarte original. Selo: Continental (3) \u200e\u2013 1-01-404-105, Continental (3) \u200e\u2013 1-01-101-140 Lista de faixas A1 Homem De Neanderthal Written-By \u2013 Luiz Carlos S\u00e1 A2 O Corsario Written-By \u2013 Aldir Blanc, Jo\u00e3o Bosco A3 A\u00e7\u00facar Candy Written-By \u2013 Sueli Costa, Tite De Lemos [&hellip;]<\/p>\n","protected":false},"featured_media":1095,"comment_status":"open","ping_status":"closed","template":"","meta":{"_acf_changed":false},"product_brand":[],"product_cat":[39,509,48,35,173],"product_tag":[],"artista":[324],"produtora":[89],"ano":[63],"class_list":{"0":"post-1098","1":"product","2":"type-product","3":"status-publish","4":"has-post-thumbnail","6":"product_cat-mpb","7":"product_cat-prog-rock","8":"product_cat-psicodelia","9":"product_cat-rock","10":"product_cat-rock-alternativo","11":"artista-ney-matogrosso","12":"produtora-continental","13":"ano-63","15":"first","16":"instock","17":"shipping-taxable","18":"purchasable","19":"product-type-simple"},"acf":[],"yoast_head":"<!-- This site is optimized with the Yoast SEO plugin v27.3 - https:\/\/yoast.com\/product\/yoast-seo-wordpress\/ -->\n<title>Ney Matogrosso \u200e\u2013 \u00c1gua Do C\u00e9u P\u00e1ssaro - Black Hole Discos<\/title>\n<meta name=\"robots\" content=\"index, follow, max-snippet:-1, max-image-preview:large, max-video-preview:-1\" \/>\n<link rel=\"canonical\" href=\"https:\/\/blackholediscos.com\/en\/product\/ney-matogrosso-agua-do-ceu-passaro\/\" \/>\n<meta property=\"og:locale\" content=\"en_US\" \/>\n<meta property=\"og:type\" content=\"article\" \/>\n<meta property=\"og:title\" content=\"Ney Matogrosso \u200e\u2013 \u00c1gua Do C\u00e9u P\u00e1ssaro - Black Hole Discos\" \/>\n<meta property=\"og:description\" content=\"LP Original de \u00e9poca em perfeitas condi\u00e7\u00f5es de capa e m\u00eddia, acompanha raro encarte original. Selo: Continental (3) \u200e\u2013 1-01-404-105, Continental (3) \u200e\u2013 1-01-101-140 Lista de faixas A1 Homem De Neanderthal Written-By \u2013 Luiz Carlos S\u00e1 A2 O Corsario Written-By \u2013 Aldir Blanc, Jo\u00e3o Bosco A3 A\u00e7\u00facar Candy Written-By \u2013 Sueli Costa, Tite De Lemos [&hellip;]\" \/>\n<meta property=\"og:url\" content=\"https:\/\/blackholediscos.com\/en\/product\/ney-matogrosso-agua-do-ceu-passaro\/\" \/>\n<meta property=\"og:site_name\" content=\"Black Hole Discos\" \/>\n<meta property=\"article:publisher\" content=\"https:\/\/www.instagram.com\/blackholediscos\/\" \/>\n<meta property=\"article:modified_time\" content=\"2024-06-26T22:51:32+00:00\" \/>\n<meta property=\"og:image\" content=\"https:\/\/blackholediscos.com\/wp-content\/uploads\/2024\/06\/IMG_7351-scaled.jpeg\" \/>\n\t<meta property=\"og:image:width\" content=\"2560\" \/>\n\t<meta property=\"og:image:height\" content=\"2560\" \/>\n\t<meta property=\"og:image:type\" content=\"image\/jpeg\" \/>\n<meta name=\"twitter:card\" content=\"summary_large_image\" \/>\n<meta name=\"twitter:label1\" content=\"Est. reading time\" \/>\n\t<meta name=\"twitter:data1\" content=\"1 minute\" \/>\n<script type=\"application\/ld+json\" class=\"yoast-schema-graph\">{\"@context\":\"https:\\\/\\\/schema.org\",\"@graph\":[{\"@type\":\"WebPage\",\"@id\":\"https:\\\/\\\/blackholediscos.com\\\/product\\\/ney-matogrosso-agua-do-ceu-passaro\\\/\",\"url\":\"https:\\\/\\\/blackholediscos.com\\\/product\\\/ney-matogrosso-agua-do-ceu-passaro\\\/\",\"name\":\"Ney Matogrosso \u200e\u2013 \u00c1gua Do C\u00e9u P\u00e1ssaro - Black Hole Discos\",\"isPartOf\":{\"@id\":\"https:\\\/\\\/blackholediscos.com\\\/#website\"},\"primaryImageOfPage\":{\"@id\":\"https:\\\/\\\/blackholediscos.com\\\/product\\\/ney-matogrosso-agua-do-ceu-passaro\\\/#primaryimage\"},\"image\":{\"@id\":\"https:\\\/\\\/blackholediscos.com\\\/product\\\/ney-matogrosso-agua-do-ceu-passaro\\\/#primaryimage\"},\"thumbnailUrl\":\"https:\\\/\\\/blackholediscos.com\\\/wp-content\\\/uploads\\\/2024\\\/06\\\/IMG_7351-scaled.jpeg\",\"datePublished\":\"2024-06-22T22:16:30+00:00\",\"dateModified\":\"2024-06-26T22:51:32+00:00\",\"breadcrumb\":{\"@id\":\"https:\\\/\\\/blackholediscos.com\\\/product\\\/ney-matogrosso-agua-do-ceu-passaro\\\/#breadcrumb\"},\"inLanguage\":\"en-US\",\"potentialAction\":[{\"@type\":\"ReadAction\",\"target\":[\"https:\\\/\\\/blackholediscos.com\\\/product\\\/ney-matogrosso-agua-do-ceu-passaro\\\/\"]}]},{\"@type\":\"ImageObject\",\"inLanguage\":\"en-US\",\"@id\":\"https:\\\/\\\/blackholediscos.com\\\/product\\\/ney-matogrosso-agua-do-ceu-passaro\\\/#primaryimage\",\"url\":\"https:\\\/\\\/blackholediscos.com\\\/wp-content\\\/uploads\\\/2024\\\/06\\\/IMG_7351-scaled.jpeg\",\"contentUrl\":\"https:\\\/\\\/blackholediscos.com\\\/wp-content\\\/uploads\\\/2024\\\/06\\\/IMG_7351-scaled.jpeg\",\"width\":2560,\"height\":2560},{\"@type\":\"BreadcrumbList\",\"@id\":\"https:\\\/\\\/blackholediscos.com\\\/product\\\/ney-matogrosso-agua-do-ceu-passaro\\\/#breadcrumb\",\"itemListElement\":[{\"@type\":\"ListItem\",\"position\":1,\"name\":\"In\u00edcio\",\"item\":\"https:\\\/\\\/blackholediscos.com\\\/\"},{\"@type\":\"ListItem\",\"position\":2,\"name\":\"Shop\",\"item\":\"https:\\\/\\\/blackholediscos.com\\\/shop\\\/\"},{\"@type\":\"ListItem\",\"position\":3,\"name\":\"Ney Matogrosso \u200e\u2013 \u00c1gua Do C\u00e9u P\u00e1ssaro\"}]},{\"@type\":\"WebSite\",\"@id\":\"https:\\\/\\\/blackholediscos.com\\\/#website\",\"url\":\"https:\\\/\\\/blackholediscos.com\\\/\",\"name\":\"Black Hole Discos\",\"description\":\"Brazilian music LPs\",\"publisher\":{\"@id\":\"https:\\\/\\\/blackholediscos.com\\\/#organization\"},\"potentialAction\":[{\"@type\":\"SearchAction\",\"target\":{\"@type\":\"EntryPoint\",\"urlTemplate\":\"https:\\\/\\\/blackholediscos.com\\\/?s={search_term_string}\"},\"query-input\":{\"@type\":\"PropertyValueSpecification\",\"valueRequired\":true,\"valueName\":\"search_term_string\"}}],\"inLanguage\":\"en-US\"},{\"@type\":\"Organization\",\"@id\":\"https:\\\/\\\/blackholediscos.com\\\/#organization\",\"name\":\"Black Hole Discos\",\"url\":\"https:\\\/\\\/blackholediscos.com\\\/\",\"logo\":{\"@type\":\"ImageObject\",\"inLanguage\":\"en-US\",\"@id\":\"https:\\\/\\\/blackholediscos.com\\\/#\\\/schema\\\/logo\\\/image\\\/\",\"url\":\"https:\\\/\\\/blackholediscos.com\\\/wp-content\\\/uploads\\\/2024\\\/06\\\/black-hole-discos-vinis-logo.png\",\"contentUrl\":\"https:\\\/\\\/blackholediscos.com\\\/wp-content\\\/uploads\\\/2024\\\/06\\\/black-hole-discos-vinis-logo.png\",\"width\":70,\"height\":66,\"caption\":\"Black Hole Discos\"},\"image\":{\"@id\":\"https:\\\/\\\/blackholediscos.com\\\/#\\\/schema\\\/logo\\\/image\\\/\"},\"sameAs\":[\"https:\\\/\\\/www.instagram.com\\\/blackholediscos\\\/\"]}]}<\/script>\n<!-- \/ Yoast SEO plugin. -->","yoast_head_json":{"title":"Ney Matogrosso \u200e\u2013 \u00c1gua Do C\u00e9u P\u00e1ssaro - Black Hole Discos","robots":{"index":"index","follow":"follow","max-snippet":"max-snippet:-1","max-image-preview":"max-image-preview:large","max-video-preview":"max-video-preview:-1"},"canonical":"https:\/\/blackholediscos.com\/en\/product\/ney-matogrosso-agua-do-ceu-passaro\/","og_locale":"en_US","og_type":"article","og_title":"Ney Matogrosso \u200e\u2013 \u00c1gua Do C\u00e9u P\u00e1ssaro - Black Hole Discos","og_description":"LP Original de \u00e9poca em perfeitas condi\u00e7\u00f5es de capa e m\u00eddia, acompanha raro encarte original. Selo: Continental (3) \u200e\u2013 1-01-404-105, Continental (3) \u200e\u2013 1-01-101-140 Lista de faixas A1 Homem De Neanderthal Written-By \u2013 Luiz Carlos S\u00e1 A2 O Corsario Written-By \u2013 Aldir Blanc, Jo\u00e3o Bosco A3 A\u00e7\u00facar Candy Written-By \u2013 Sueli Costa, Tite De Lemos [&hellip;]","og_url":"https:\/\/blackholediscos.com\/en\/product\/ney-matogrosso-agua-do-ceu-passaro\/","og_site_name":"Black Hole Discos","article_publisher":"https:\/\/www.instagram.com\/blackholediscos\/","article_modified_time":"2024-06-26T22:51:32+00:00","og_image":[{"width":2560,"height":2560,"url":"https:\/\/blackholediscos.com\/wp-content\/uploads\/2024\/06\/IMG_7351-scaled.jpeg","type":"image\/jpeg"}],"twitter_card":"summary_large_image","twitter_misc":{"Est. reading time":"1 minute"},"schema":{"@context":"https:\/\/schema.org","@graph":[{"@type":"WebPage","@id":"https:\/\/blackholediscos.com\/product\/ney-matogrosso-agua-do-ceu-passaro\/","url":"https:\/\/blackholediscos.com\/product\/ney-matogrosso-agua-do-ceu-passaro\/","name":"Ney Matogrosso \u200e\u2013 \u00c1gua Do C\u00e9u P\u00e1ssaro - Black Hole Discos","isPartOf":{"@id":"https:\/\/blackholediscos.com\/#website"},"primaryImageOfPage":{"@id":"https:\/\/blackholediscos.com\/product\/ney-matogrosso-agua-do-ceu-passaro\/#primaryimage"},"image":{"@id":"https:\/\/blackholediscos.com\/product\/ney-matogrosso-agua-do-ceu-passaro\/#primaryimage"},"thumbnailUrl":"https:\/\/blackholediscos.com\/wp-content\/uploads\/2024\/06\/IMG_7351-scaled.jpeg","datePublished":"2024-06-22T22:16:30+00:00","dateModified":"2024-06-26T22:51:32+00:00","breadcrumb":{"@id":"https:\/\/blackholediscos.com\/product\/ney-matogrosso-agua-do-ceu-passaro\/#breadcrumb"},"inLanguage":"en-US","potentialAction":[{"@type":"ReadAction","target":["https:\/\/blackholediscos.com\/product\/ney-matogrosso-agua-do-ceu-passaro\/"]}]},{"@type":"ImageObject","inLanguage":"en-US","@id":"https:\/\/blackholediscos.com\/product\/ney-matogrosso-agua-do-ceu-passaro\/#primaryimage","url":"https:\/\/blackholediscos.com\/wp-content\/uploads\/2024\/06\/IMG_7351-scaled.jpeg","contentUrl":"https:\/\/blackholediscos.com\/wp-content\/uploads\/2024\/06\/IMG_7351-scaled.jpeg","width":2560,"height":2560},{"@type":"BreadcrumbList","@id":"https:\/\/blackholediscos.com\/product\/ney-matogrosso-agua-do-ceu-passaro\/#breadcrumb","itemListElement":[{"@type":"ListItem","position":1,"name":"In\u00edcio","item":"https:\/\/blackholediscos.com\/"},{"@type":"ListItem","position":2,"name":"Shop","item":"https:\/\/blackholediscos.com\/shop\/"},{"@type":"ListItem","position":3,"name":"Ney Matogrosso \u200e\u2013 \u00c1gua Do C\u00e9u P\u00e1ssaro"}]},{"@type":"WebSite","@id":"https:\/\/blackholediscos.com\/#website","url":"https:\/\/blackholediscos.com\/","name":"Black Hole Discos","description":"Brazilian music LPs","publisher":{"@id":"https:\/\/blackholediscos.com\/#organization"},"potentialAction":[{"@type":"SearchAction","target":{"@type":"EntryPoint","urlTemplate":"https:\/\/blackholediscos.com\/?s={search_term_string}"},"query-input":{"@type":"PropertyValueSpecification","valueRequired":true,"valueName":"search_term_string"}}],"inLanguage":"en-US"},{"@type":"Organization","@id":"https:\/\/blackholediscos.com\/#organization","name":"Black Hole Discos","url":"https:\/\/blackholediscos.com\/","logo":{"@type":"ImageObject","inLanguage":"en-US","@id":"https:\/\/blackholediscos.com\/#\/schema\/logo\/image\/","url":"https:\/\/blackholediscos.com\/wp-content\/uploads\/2024\/06\/black-hole-discos-vinis-logo.png","contentUrl":"https:\/\/blackholediscos.com\/wp-content\/uploads\/2024\/06\/black-hole-discos-vinis-logo.png","width":70,"height":66,"caption":"Black Hole Discos"},"image":{"@id":"https:\/\/blackholediscos.com\/#\/schema\/logo\/image\/"},"sameAs":["https:\/\/www.instagram.com\/blackholediscos\/"]}]}},"_links":{"self":[{"href":"https:\/\/blackholediscos.com\/en\/wp-json\/wp\/v2\/product\/1098","targetHints":{"allow":["GET"]}}],"collection":[{"href":"https:\/\/blackholediscos.com\/en\/wp-json\/wp\/v2\/product"}],"about":[{"href":"https:\/\/blackholediscos.com\/en\/wp-json\/wp\/v2\/types\/product"}],"replies":[{"embeddable":true,"href":"https:\/\/blackholediscos.com\/en\/wp-json\/wp\/v2\/comments?post=1098"}],"wp:featuredmedia":[{"embeddable":true,"href":"https:\/\/blackholediscos.com\/en\/wp-json\/wp\/v2\/media\/1095"}],"wp:attachment":[{"href":"https:\/\/blackholediscos.com\/en\/wp-json\/wp\/v2\/media?parent=1098"}],"wp:term":[{"taxonomy":"product_brand","embeddable":true,"href":"https:\/\/blackholediscos.com\/en\/wp-json\/wp\/v2\/product_brand?post=1098"},{"taxonomy":"product_cat","embeddable":true,"href":"https:\/\/blackholediscos.com\/en\/wp-json\/wp\/v2\/product_cat?post=1098"},{"taxonomy":"product_tag","embeddable":true,"href":"https:\/\/blackholediscos.com\/en\/wp-json\/wp\/v2\/product_tag?post=1098"},{"taxonomy":"artista","embeddable":true,"href":"https:\/\/blackholediscos.com\/en\/wp-json\/wp\/v2\/artista?post=1098"},{"taxonomy":"produtora","embeddable":true,"href":"https:\/\/blackholediscos.com\/en\/wp-json\/wp\/v2\/produtora?post=1098"},{"taxonomy":"ano","embeddable":true,"href":"https:\/\/blackholediscos.com\/en\/wp-json\/wp\/v2\/ano?post=1098"}],"curies":[{"name":"wp","href":"https:\/\/api.w.org\/{rel}","templated":true}]}}