{"id":1085,"date":"2024-06-22T22:01:52","date_gmt":"2024-06-22T22:01:52","guid":{"rendered":"https:\/\/blackholediscos.com\/?post_type=product&#038;p=1085"},"modified":"2024-06-26T22:06:14","modified_gmt":"2024-06-26T22:06:14","slug":"jards-macale-jards-macale","status":"publish","type":"product","link":"https:\/\/blackholediscos.com\/en\/product\/jards-macale-jards-macale\/","title":{"rendered":"Jards Macal\u00e9 &#8211; Jards Macal\u00e9"},"content":{"rendered":"<p>Reedi\u00e7\u00e3o Polysom, vinil lacrado de f\u00e1brica.<\/p>\n<p>Selo:<br \/>\nPolysom \u200e\u2013 33124-1<\/p>\n<p>Lista de faixas<\/p>\n<p>A1 Farinha Do Desprezo<br \/>\nA2 Revendo Amigos<br \/>\nA3 Mal Secreto<br \/>\nA4 78 Rota\u00e7\u00f5es<\/p>\n<p>B1 Movimento Dos Barcos<br \/>\nB2 Meu Amor Me Agarra E Geme E Treme E Chora E Mata<br \/>\nB3 Let&#8217;s Play That\t5:43<br \/>\nB4 Farrapo Humano \/ A Morte<br \/>\nB5 Hotel Das Estrelas\t<\/p>","protected":false},"excerpt":{"rendered":"<p>Reedi\u00e7\u00e3o Polysom, vinil lacrado de f\u00e1brica. Selo: Polysom \u200e\u2013 33124-1 Lista de faixas A1 Farinha Do Desprezo A2 Revendo Amigos A3 Mal Secreto A4 78 Rota\u00e7\u00f5es B1 Movimento Dos Barcos B2 Meu Amor Me Agarra E Geme E Treme E Chora E Mata B3 Let&#8217;s Play That 5:43 B4 Farrapo Humano \/ A Morte B5 [&hellip;]<\/p>\n","protected":false},"featured_media":928,"comment_status":"open","ping_status":"closed","template":"","meta":{"_acf_changed":false},"product_brand":[],"product_cat":[138,173,310],"product_tag":[305,180],"artista":[181],"produtora":[119,144],"ano":[227],"class_list":{"0":"post-1085","1":"product","2":"type-product","3":"status-publish","4":"has-post-thumbnail","6":"product_cat-polysom","7":"product_cat-rock-alternativo","8":"product_cat-tropicalia","9":"product_tag-caetano-veloso","10":"product_tag-jards-macale","11":"artista-jards-macale","12":"produtora-philips","13":"produtora-polysom","14":"ano-227","16":"first","17":"instock","18":"shipping-taxable","19":"purchasable","20":"product-type-simple"},"acf":[],"yoast_head":"<!-- This site is optimized with the Yoast SEO plugin v27.3 - https:\/\/yoast.com\/product\/yoast-seo-wordpress\/ -->\n<title>Jards Macal\u00e9 - Jards Macal\u00e9 - Black Hole Discos<\/title>\n<meta name=\"robots\" content=\"index, follow, max-snippet:-1, max-image-preview:large, max-video-preview:-1\" \/>\n<link rel=\"canonical\" href=\"https:\/\/blackholediscos.com\/en\/product\/jards-macale-jards-macale\/\" \/>\n<meta property=\"og:locale\" content=\"en_US\" \/>\n<meta property=\"og:type\" content=\"article\" \/>\n<meta property=\"og:title\" content=\"Jards Macal\u00e9 - Jards Macal\u00e9 - Black Hole Discos\" \/>\n<meta property=\"og:description\" content=\"Reedi\u00e7\u00e3o Polysom, vinil lacrado de f\u00e1brica. Selo: Polysom \u200e\u2013 33124-1 Lista de faixas A1 Farinha Do Desprezo A2 Revendo Amigos A3 Mal Secreto A4 78 Rota\u00e7\u00f5es B1 Movimento Dos Barcos B2 Meu Amor Me Agarra E Geme E Treme E Chora E Mata B3 Let&#8217;s Play That 5:43 B4 Farrapo Humano \/ A Morte B5 [&hellip;]\" \/>\n<meta property=\"og:url\" content=\"https:\/\/blackholediscos.com\/en\/product\/jards-macale-jards-macale\/\" \/>\n<meta property=\"og:site_name\" content=\"Black Hole Discos\" \/>\n<meta property=\"article:publisher\" content=\"https:\/\/www.instagram.com\/blackholediscos\/\" \/>\n<meta property=\"article:modified_time\" content=\"2024-06-26T22:06:14+00:00\" \/>\n<meta property=\"og:image\" content=\"https:\/\/blackholediscos.com\/wp-content\/uploads\/2024\/06\/IMG_0244.jpeg\" \/>\n\t<meta property=\"og:image:width\" content=\"2489\" \/>\n\t<meta property=\"og:image:height\" content=\"2398\" \/>\n\t<meta property=\"og:image:type\" content=\"image\/jpeg\" \/>\n<meta name=\"twitter:card\" content=\"summary_large_image\" \/>\n<meta name=\"twitter:label1\" content=\"Est. reading time\" \/>\n\t<meta name=\"twitter:data1\" content=\"1 minute\" \/>\n<script type=\"application\/ld+json\" class=\"yoast-schema-graph\">{\"@context\":\"https:\\\/\\\/schema.org\",\"@graph\":[{\"@type\":\"WebPage\",\"@id\":\"https:\\\/\\\/blackholediscos.com\\\/product\\\/jards-macale-jards-macale\\\/\",\"url\":\"https:\\\/\\\/blackholediscos.com\\\/product\\\/jards-macale-jards-macale\\\/\",\"name\":\"Jards Macal\u00e9 - Jards Macal\u00e9 - Black Hole Discos\",\"isPartOf\":{\"@id\":\"https:\\\/\\\/blackholediscos.com\\\/#website\"},\"primaryImageOfPage\":{\"@id\":\"https:\\\/\\\/blackholediscos.com\\\/product\\\/jards-macale-jards-macale\\\/#primaryimage\"},\"image\":{\"@id\":\"https:\\\/\\\/blackholediscos.com\\\/product\\\/jards-macale-jards-macale\\\/#primaryimage\"},\"thumbnailUrl\":\"https:\\\/\\\/blackholediscos.com\\\/wp-content\\\/uploads\\\/2024\\\/06\\\/IMG_0244.jpeg\",\"datePublished\":\"2024-06-22T22:01:52+00:00\",\"dateModified\":\"2024-06-26T22:06:14+00:00\",\"breadcrumb\":{\"@id\":\"https:\\\/\\\/blackholediscos.com\\\/product\\\/jards-macale-jards-macale\\\/#breadcrumb\"},\"inLanguage\":\"en-US\",\"potentialAction\":[{\"@type\":\"ReadAction\",\"target\":[\"https:\\\/\\\/blackholediscos.com\\\/product\\\/jards-macale-jards-macale\\\/\"]}]},{\"@type\":\"ImageObject\",\"inLanguage\":\"en-US\",\"@id\":\"https:\\\/\\\/blackholediscos.com\\\/product\\\/jards-macale-jards-macale\\\/#primaryimage\",\"url\":\"https:\\\/\\\/blackholediscos.com\\\/wp-content\\\/uploads\\\/2024\\\/06\\\/IMG_0244.jpeg\",\"contentUrl\":\"https:\\\/\\\/blackholediscos.com\\\/wp-content\\\/uploads\\\/2024\\\/06\\\/IMG_0244.jpeg\",\"width\":2489,\"height\":2398},{\"@type\":\"BreadcrumbList\",\"@id\":\"https:\\\/\\\/blackholediscos.com\\\/product\\\/jards-macale-jards-macale\\\/#breadcrumb\",\"itemListElement\":[{\"@type\":\"ListItem\",\"position\":1,\"name\":\"In\u00edcio\",\"item\":\"https:\\\/\\\/blackholediscos.com\\\/\"},{\"@type\":\"ListItem\",\"position\":2,\"name\":\"Shop\",\"item\":\"https:\\\/\\\/blackholediscos.com\\\/shop\\\/\"},{\"@type\":\"ListItem\",\"position\":3,\"name\":\"Jards Macal\u00e9 &#8211; Jards Macal\u00e9\"}]},{\"@type\":\"WebSite\",\"@id\":\"https:\\\/\\\/blackholediscos.com\\\/#website\",\"url\":\"https:\\\/\\\/blackholediscos.com\\\/\",\"name\":\"Black Hole Discos\",\"description\":\"Brazilian music LPs\",\"publisher\":{\"@id\":\"https:\\\/\\\/blackholediscos.com\\\/#organization\"},\"potentialAction\":[{\"@type\":\"SearchAction\",\"target\":{\"@type\":\"EntryPoint\",\"urlTemplate\":\"https:\\\/\\\/blackholediscos.com\\\/?s={search_term_string}\"},\"query-input\":{\"@type\":\"PropertyValueSpecification\",\"valueRequired\":true,\"valueName\":\"search_term_string\"}}],\"inLanguage\":\"en-US\"},{\"@type\":\"Organization\",\"@id\":\"https:\\\/\\\/blackholediscos.com\\\/#organization\",\"name\":\"Black Hole Discos\",\"url\":\"https:\\\/\\\/blackholediscos.com\\\/\",\"logo\":{\"@type\":\"ImageObject\",\"inLanguage\":\"en-US\",\"@id\":\"https:\\\/\\\/blackholediscos.com\\\/#\\\/schema\\\/logo\\\/image\\\/\",\"url\":\"https:\\\/\\\/blackholediscos.com\\\/wp-content\\\/uploads\\\/2024\\\/06\\\/black-hole-discos-vinis-logo.png\",\"contentUrl\":\"https:\\\/\\\/blackholediscos.com\\\/wp-content\\\/uploads\\\/2024\\\/06\\\/black-hole-discos-vinis-logo.png\",\"width\":70,\"height\":66,\"caption\":\"Black Hole Discos\"},\"image\":{\"@id\":\"https:\\\/\\\/blackholediscos.com\\\/#\\\/schema\\\/logo\\\/image\\\/\"},\"sameAs\":[\"https:\\\/\\\/www.instagram.com\\\/blackholediscos\\\/\"]}]}<\/script>\n<!-- \/ Yoast SEO plugin. -->","yoast_head_json":{"title":"Jards Macal\u00e9 - Jards Macal\u00e9 - Black Hole Discos","robots":{"index":"index","follow":"follow","max-snippet":"max-snippet:-1","max-image-preview":"max-image-preview:large","max-video-preview":"max-video-preview:-1"},"canonical":"https:\/\/blackholediscos.com\/en\/product\/jards-macale-jards-macale\/","og_locale":"en_US","og_type":"article","og_title":"Jards Macal\u00e9 - Jards Macal\u00e9 - Black Hole Discos","og_description":"Reedi\u00e7\u00e3o Polysom, vinil lacrado de f\u00e1brica. Selo: Polysom \u200e\u2013 33124-1 Lista de faixas A1 Farinha Do Desprezo A2 Revendo Amigos A3 Mal Secreto A4 78 Rota\u00e7\u00f5es B1 Movimento Dos Barcos B2 Meu Amor Me Agarra E Geme E Treme E Chora E Mata B3 Let&#8217;s Play That 5:43 B4 Farrapo Humano \/ A Morte B5 [&hellip;]","og_url":"https:\/\/blackholediscos.com\/en\/product\/jards-macale-jards-macale\/","og_site_name":"Black Hole Discos","article_publisher":"https:\/\/www.instagram.com\/blackholediscos\/","article_modified_time":"2024-06-26T22:06:14+00:00","og_image":[{"width":2489,"height":2398,"url":"https:\/\/blackholediscos.com\/wp-content\/uploads\/2024\/06\/IMG_0244.jpeg","type":"image\/jpeg"}],"twitter_card":"summary_large_image","twitter_misc":{"Est. reading time":"1 minute"},"schema":{"@context":"https:\/\/schema.org","@graph":[{"@type":"WebPage","@id":"https:\/\/blackholediscos.com\/product\/jards-macale-jards-macale\/","url":"https:\/\/blackholediscos.com\/product\/jards-macale-jards-macale\/","name":"Jards Macal\u00e9 - Jards Macal\u00e9 - Black Hole Discos","isPartOf":{"@id":"https:\/\/blackholediscos.com\/#website"},"primaryImageOfPage":{"@id":"https:\/\/blackholediscos.com\/product\/jards-macale-jards-macale\/#primaryimage"},"image":{"@id":"https:\/\/blackholediscos.com\/product\/jards-macale-jards-macale\/#primaryimage"},"thumbnailUrl":"https:\/\/blackholediscos.com\/wp-content\/uploads\/2024\/06\/IMG_0244.jpeg","datePublished":"2024-06-22T22:01:52+00:00","dateModified":"2024-06-26T22:06:14+00:00","breadcrumb":{"@id":"https:\/\/blackholediscos.com\/product\/jards-macale-jards-macale\/#breadcrumb"},"inLanguage":"en-US","potentialAction":[{"@type":"ReadAction","target":["https:\/\/blackholediscos.com\/product\/jards-macale-jards-macale\/"]}]},{"@type":"ImageObject","inLanguage":"en-US","@id":"https:\/\/blackholediscos.com\/product\/jards-macale-jards-macale\/#primaryimage","url":"https:\/\/blackholediscos.com\/wp-content\/uploads\/2024\/06\/IMG_0244.jpeg","contentUrl":"https:\/\/blackholediscos.com\/wp-content\/uploads\/2024\/06\/IMG_0244.jpeg","width":2489,"height":2398},{"@type":"BreadcrumbList","@id":"https:\/\/blackholediscos.com\/product\/jards-macale-jards-macale\/#breadcrumb","itemListElement":[{"@type":"ListItem","position":1,"name":"In\u00edcio","item":"https:\/\/blackholediscos.com\/"},{"@type":"ListItem","position":2,"name":"Shop","item":"https:\/\/blackholediscos.com\/shop\/"},{"@type":"ListItem","position":3,"name":"Jards Macal\u00e9 &#8211; Jards Macal\u00e9"}]},{"@type":"WebSite","@id":"https:\/\/blackholediscos.com\/#website","url":"https:\/\/blackholediscos.com\/","name":"Black Hole Discos","description":"Brazilian music LPs","publisher":{"@id":"https:\/\/blackholediscos.com\/#organization"},"potentialAction":[{"@type":"SearchAction","target":{"@type":"EntryPoint","urlTemplate":"https:\/\/blackholediscos.com\/?s={search_term_string}"},"query-input":{"@type":"PropertyValueSpecification","valueRequired":true,"valueName":"search_term_string"}}],"inLanguage":"en-US"},{"@type":"Organization","@id":"https:\/\/blackholediscos.com\/#organization","name":"Black Hole Discos","url":"https:\/\/blackholediscos.com\/","logo":{"@type":"ImageObject","inLanguage":"en-US","@id":"https:\/\/blackholediscos.com\/#\/schema\/logo\/image\/","url":"https:\/\/blackholediscos.com\/wp-content\/uploads\/2024\/06\/black-hole-discos-vinis-logo.png","contentUrl":"https:\/\/blackholediscos.com\/wp-content\/uploads\/2024\/06\/black-hole-discos-vinis-logo.png","width":70,"height":66,"caption":"Black Hole Discos"},"image":{"@id":"https:\/\/blackholediscos.com\/#\/schema\/logo\/image\/"},"sameAs":["https:\/\/www.instagram.com\/blackholediscos\/"]}]}},"_links":{"self":[{"href":"https:\/\/blackholediscos.com\/en\/wp-json\/wp\/v2\/product\/1085","targetHints":{"allow":["GET"]}}],"collection":[{"href":"https:\/\/blackholediscos.com\/en\/wp-json\/wp\/v2\/product"}],"about":[{"href":"https:\/\/blackholediscos.com\/en\/wp-json\/wp\/v2\/types\/product"}],"replies":[{"embeddable":true,"href":"https:\/\/blackholediscos.com\/en\/wp-json\/wp\/v2\/comments?post=1085"}],"wp:featuredmedia":[{"embeddable":true,"href":"https:\/\/blackholediscos.com\/en\/wp-json\/wp\/v2\/media\/928"}],"wp:attachment":[{"href":"https:\/\/blackholediscos.com\/en\/wp-json\/wp\/v2\/media?parent=1085"}],"wp:term":[{"taxonomy":"product_brand","embeddable":true,"href":"https:\/\/blackholediscos.com\/en\/wp-json\/wp\/v2\/product_brand?post=1085"},{"taxonomy":"product_cat","embeddable":true,"href":"https:\/\/blackholediscos.com\/en\/wp-json\/wp\/v2\/product_cat?post=1085"},{"taxonomy":"product_tag","embeddable":true,"href":"https:\/\/blackholediscos.com\/en\/wp-json\/wp\/v2\/product_tag?post=1085"},{"taxonomy":"artista","embeddable":true,"href":"https:\/\/blackholediscos.com\/en\/wp-json\/wp\/v2\/artista?post=1085"},{"taxonomy":"produtora","embeddable":true,"href":"https:\/\/blackholediscos.com\/en\/wp-json\/wp\/v2\/produtora?post=1085"},{"taxonomy":"ano","embeddable":true,"href":"https:\/\/blackholediscos.com\/en\/wp-json\/wp\/v2\/ano?post=1085"}],"curies":[{"name":"wp","href":"https:\/\/api.w.org\/{rel}","templated":true}]}}