{"id":1077,"date":"2024-06-22T21:51:24","date_gmt":"2024-06-22T21:51:24","guid":{"rendered":"https:\/\/blackholediscos.com\/?post_type=product&#038;p=1077"},"modified":"2024-06-26T21:53:13","modified_gmt":"2024-06-26T21:53:13","slug":"pedro-santos-krishnanda","status":"publish","type":"product","link":"https:\/\/blackholediscos.com\/en\/product\/pedro-santos-krishnanda\/","title":{"rendered":"Pedro Santos &#8211; Krishnanda"},"content":{"rendered":"<p>LP Polysom lacrado de f\u00e1brica<\/p>\n<p>Selo:<br \/>\nPolysom \u200e\u2013 33139-1, CBS \u200e\u2013 33139-1<\/p>\n<p>Lista de faixas<\/p>\n<p>A1 Ritual Negro<br \/>\nA2 \u00c1gua Viva<br \/>\nA3 Um S\u00f3<br \/>\nA4 Sem Sombra<br \/>\nA5 Savana<br \/>\nA6 Advert\u00eancia\t<\/p>\n<p>B1 Quem Sou Eu?<br \/>\nB2 Flor De L\u00f3tus<br \/>\nB3 Dentro Da Selva<br \/>\nB4 Desengano Da Vista<br \/>\nB5 Dual<br \/>\nB6 Arabind\u00fa<\/p>","protected":false},"excerpt":{"rendered":"<p>LP Polysom lacrado de f\u00e1brica Selo: Polysom \u200e\u2013 33139-1, CBS \u200e\u2013 33139-1 Lista de faixas A1 Ritual Negro A2 \u00c1gua Viva A3 Um S\u00f3 A4 Sem Sombra A5 Savana A6 Advert\u00eancia B1 Quem Sou Eu? B2 Flor De L\u00f3tus B3 Dentro Da Selva B4 Desengano Da Vista B5 Dual B6 Arabind\u00fa<\/p>","protected":false},"featured_media":922,"comment_status":"open","ping_status":"closed","template":"","meta":{"_acf_changed":false},"product_brand":[],"product_cat":[138,48],"product_tag":[302],"artista":[303],"produtora":[211,144],"ano":[227],"class_list":{"0":"post-1077","1":"product","2":"type-product","3":"status-publish","4":"has-post-thumbnail","6":"product_cat-polysom","7":"product_cat-psicodelia","8":"product_tag-pedro-santos","9":"artista-pedro-santos","10":"produtora-cbs","11":"produtora-polysom","12":"ano-227","14":"first","15":"instock","16":"sold-individually","17":"shipping-taxable","18":"purchasable","19":"product-type-simple"},"acf":[],"yoast_head":"<!-- This site is optimized with the Yoast SEO plugin v27.4 - https:\/\/yoast.com\/product\/yoast-seo-wordpress\/ -->\n<title>Pedro Santos - Krishnanda - Black Hole Discos<\/title>\n<meta name=\"robots\" content=\"index, follow, max-snippet:-1, max-image-preview:large, max-video-preview:-1\" \/>\n<link rel=\"canonical\" href=\"https:\/\/blackholediscos.com\/en\/product\/pedro-santos-krishnanda\/\" \/>\n<meta property=\"og:locale\" content=\"en_US\" \/>\n<meta property=\"og:type\" content=\"article\" \/>\n<meta property=\"og:title\" content=\"Pedro Santos - Krishnanda - Black Hole Discos\" \/>\n<meta property=\"og:description\" content=\"LP Polysom lacrado de f\u00e1brica Selo: Polysom \u200e\u2013 33139-1, CBS \u200e\u2013 33139-1 Lista de faixas A1 Ritual Negro A2 \u00c1gua Viva A3 Um S\u00f3 A4 Sem Sombra A5 Savana A6 Advert\u00eancia B1 Quem Sou Eu? B2 Flor De L\u00f3tus B3 Dentro Da Selva B4 Desengano Da Vista B5 Dual B6 Arabind\u00fa\" \/>\n<meta property=\"og:url\" content=\"https:\/\/blackholediscos.com\/en\/product\/pedro-santos-krishnanda\/\" \/>\n<meta property=\"og:site_name\" content=\"Black Hole Discos\" \/>\n<meta property=\"article:publisher\" content=\"https:\/\/www.instagram.com\/blackholediscos\/\" \/>\n<meta property=\"article:modified_time\" content=\"2024-06-26T21:53:13+00:00\" \/>\n<meta property=\"og:image\" content=\"https:\/\/blackholediscos.com\/wp-content\/uploads\/2024\/06\/IMG_0253-scaled.jpeg\" \/>\n\t<meta property=\"og:image:width\" content=\"2560\" \/>\n\t<meta property=\"og:image:height\" content=\"2444\" \/>\n\t<meta property=\"og:image:type\" content=\"image\/jpeg\" \/>\n<meta name=\"twitter:card\" content=\"summary_large_image\" \/>\n<meta name=\"twitter:label1\" content=\"Est. reading time\" \/>\n\t<meta name=\"twitter:data1\" content=\"1 minute\" \/>\n<script type=\"application\/ld+json\" class=\"yoast-schema-graph\">{\"@context\":\"https:\\\/\\\/schema.org\",\"@graph\":[{\"@type\":\"WebPage\",\"@id\":\"https:\\\/\\\/blackholediscos.com\\\/product\\\/pedro-santos-krishnanda\\\/\",\"url\":\"https:\\\/\\\/blackholediscos.com\\\/product\\\/pedro-santos-krishnanda\\\/\",\"name\":\"Pedro Santos - Krishnanda - Black Hole Discos\",\"isPartOf\":{\"@id\":\"https:\\\/\\\/blackholediscos.com\\\/#website\"},\"primaryImageOfPage\":{\"@id\":\"https:\\\/\\\/blackholediscos.com\\\/product\\\/pedro-santos-krishnanda\\\/#primaryimage\"},\"image\":{\"@id\":\"https:\\\/\\\/blackholediscos.com\\\/product\\\/pedro-santos-krishnanda\\\/#primaryimage\"},\"thumbnailUrl\":\"https:\\\/\\\/blackholediscos.com\\\/wp-content\\\/uploads\\\/2024\\\/06\\\/IMG_0253-scaled.jpeg\",\"datePublished\":\"2024-06-22T21:51:24+00:00\",\"dateModified\":\"2024-06-26T21:53:13+00:00\",\"breadcrumb\":{\"@id\":\"https:\\\/\\\/blackholediscos.com\\\/product\\\/pedro-santos-krishnanda\\\/#breadcrumb\"},\"inLanguage\":\"en-US\",\"potentialAction\":[{\"@type\":\"ReadAction\",\"target\":[\"https:\\\/\\\/blackholediscos.com\\\/product\\\/pedro-santos-krishnanda\\\/\"]}]},{\"@type\":\"ImageObject\",\"inLanguage\":\"en-US\",\"@id\":\"https:\\\/\\\/blackholediscos.com\\\/product\\\/pedro-santos-krishnanda\\\/#primaryimage\",\"url\":\"https:\\\/\\\/blackholediscos.com\\\/wp-content\\\/uploads\\\/2024\\\/06\\\/IMG_0253-scaled.jpeg\",\"contentUrl\":\"https:\\\/\\\/blackholediscos.com\\\/wp-content\\\/uploads\\\/2024\\\/06\\\/IMG_0253-scaled.jpeg\",\"width\":2560,\"height\":2444},{\"@type\":\"BreadcrumbList\",\"@id\":\"https:\\\/\\\/blackholediscos.com\\\/product\\\/pedro-santos-krishnanda\\\/#breadcrumb\",\"itemListElement\":[{\"@type\":\"ListItem\",\"position\":1,\"name\":\"In\u00edcio\",\"item\":\"https:\\\/\\\/blackholediscos.com\\\/\"},{\"@type\":\"ListItem\",\"position\":2,\"name\":\"Shop\",\"item\":\"https:\\\/\\\/blackholediscos.com\\\/shop\\\/\"},{\"@type\":\"ListItem\",\"position\":3,\"name\":\"Pedro Santos &#8211; Krishnanda\"}]},{\"@type\":\"WebSite\",\"@id\":\"https:\\\/\\\/blackholediscos.com\\\/#website\",\"url\":\"https:\\\/\\\/blackholediscos.com\\\/\",\"name\":\"Black Hole Discos\",\"description\":\"Brazilian music LPs\",\"publisher\":{\"@id\":\"https:\\\/\\\/blackholediscos.com\\\/#organization\"},\"potentialAction\":[{\"@type\":\"SearchAction\",\"target\":{\"@type\":\"EntryPoint\",\"urlTemplate\":\"https:\\\/\\\/blackholediscos.com\\\/?s={search_term_string}\"},\"query-input\":{\"@type\":\"PropertyValueSpecification\",\"valueRequired\":true,\"valueName\":\"search_term_string\"}}],\"inLanguage\":\"en-US\"},{\"@type\":\"Organization\",\"@id\":\"https:\\\/\\\/blackholediscos.com\\\/#organization\",\"name\":\"Black Hole Discos\",\"url\":\"https:\\\/\\\/blackholediscos.com\\\/\",\"logo\":{\"@type\":\"ImageObject\",\"inLanguage\":\"en-US\",\"@id\":\"https:\\\/\\\/blackholediscos.com\\\/#\\\/schema\\\/logo\\\/image\\\/\",\"url\":\"https:\\\/\\\/blackholediscos.com\\\/wp-content\\\/uploads\\\/2024\\\/06\\\/black-hole-discos-vinis-logo.png\",\"contentUrl\":\"https:\\\/\\\/blackholediscos.com\\\/wp-content\\\/uploads\\\/2024\\\/06\\\/black-hole-discos-vinis-logo.png\",\"width\":70,\"height\":66,\"caption\":\"Black Hole Discos\"},\"image\":{\"@id\":\"https:\\\/\\\/blackholediscos.com\\\/#\\\/schema\\\/logo\\\/image\\\/\"},\"sameAs\":[\"https:\\\/\\\/www.instagram.com\\\/blackholediscos\\\/\"]}]}<\/script>\n<!-- \/ Yoast SEO plugin. -->","yoast_head_json":{"title":"Pedro Santos - Krishnanda - Black Hole Discos","robots":{"index":"index","follow":"follow","max-snippet":"max-snippet:-1","max-image-preview":"max-image-preview:large","max-video-preview":"max-video-preview:-1"},"canonical":"https:\/\/blackholediscos.com\/en\/product\/pedro-santos-krishnanda\/","og_locale":"en_US","og_type":"article","og_title":"Pedro Santos - Krishnanda - Black Hole Discos","og_description":"LP Polysom lacrado de f\u00e1brica Selo: Polysom \u200e\u2013 33139-1, CBS \u200e\u2013 33139-1 Lista de faixas A1 Ritual Negro A2 \u00c1gua Viva A3 Um S\u00f3 A4 Sem Sombra A5 Savana A6 Advert\u00eancia B1 Quem Sou Eu? B2 Flor De L\u00f3tus B3 Dentro Da Selva B4 Desengano Da Vista B5 Dual B6 Arabind\u00fa","og_url":"https:\/\/blackholediscos.com\/en\/product\/pedro-santos-krishnanda\/","og_site_name":"Black Hole Discos","article_publisher":"https:\/\/www.instagram.com\/blackholediscos\/","article_modified_time":"2024-06-26T21:53:13+00:00","og_image":[{"width":2560,"height":2444,"url":"https:\/\/blackholediscos.com\/wp-content\/uploads\/2024\/06\/IMG_0253-scaled.jpeg","type":"image\/jpeg"}],"twitter_card":"summary_large_image","twitter_misc":{"Est. reading time":"1 minute"},"schema":{"@context":"https:\/\/schema.org","@graph":[{"@type":"WebPage","@id":"https:\/\/blackholediscos.com\/product\/pedro-santos-krishnanda\/","url":"https:\/\/blackholediscos.com\/product\/pedro-santos-krishnanda\/","name":"Pedro Santos - Krishnanda - Black Hole Discos","isPartOf":{"@id":"https:\/\/blackholediscos.com\/#website"},"primaryImageOfPage":{"@id":"https:\/\/blackholediscos.com\/product\/pedro-santos-krishnanda\/#primaryimage"},"image":{"@id":"https:\/\/blackholediscos.com\/product\/pedro-santos-krishnanda\/#primaryimage"},"thumbnailUrl":"https:\/\/blackholediscos.com\/wp-content\/uploads\/2024\/06\/IMG_0253-scaled.jpeg","datePublished":"2024-06-22T21:51:24+00:00","dateModified":"2024-06-26T21:53:13+00:00","breadcrumb":{"@id":"https:\/\/blackholediscos.com\/product\/pedro-santos-krishnanda\/#breadcrumb"},"inLanguage":"en-US","potentialAction":[{"@type":"ReadAction","target":["https:\/\/blackholediscos.com\/product\/pedro-santos-krishnanda\/"]}]},{"@type":"ImageObject","inLanguage":"en-US","@id":"https:\/\/blackholediscos.com\/product\/pedro-santos-krishnanda\/#primaryimage","url":"https:\/\/blackholediscos.com\/wp-content\/uploads\/2024\/06\/IMG_0253-scaled.jpeg","contentUrl":"https:\/\/blackholediscos.com\/wp-content\/uploads\/2024\/06\/IMG_0253-scaled.jpeg","width":2560,"height":2444},{"@type":"BreadcrumbList","@id":"https:\/\/blackholediscos.com\/product\/pedro-santos-krishnanda\/#breadcrumb","itemListElement":[{"@type":"ListItem","position":1,"name":"In\u00edcio","item":"https:\/\/blackholediscos.com\/"},{"@type":"ListItem","position":2,"name":"Shop","item":"https:\/\/blackholediscos.com\/shop\/"},{"@type":"ListItem","position":3,"name":"Pedro Santos &#8211; Krishnanda"}]},{"@type":"WebSite","@id":"https:\/\/blackholediscos.com\/#website","url":"https:\/\/blackholediscos.com\/","name":"Black Hole Discos","description":"Brazilian music LPs","publisher":{"@id":"https:\/\/blackholediscos.com\/#organization"},"potentialAction":[{"@type":"SearchAction","target":{"@type":"EntryPoint","urlTemplate":"https:\/\/blackholediscos.com\/?s={search_term_string}"},"query-input":{"@type":"PropertyValueSpecification","valueRequired":true,"valueName":"search_term_string"}}],"inLanguage":"en-US"},{"@type":"Organization","@id":"https:\/\/blackholediscos.com\/#organization","name":"Black Hole Discos","url":"https:\/\/blackholediscos.com\/","logo":{"@type":"ImageObject","inLanguage":"en-US","@id":"https:\/\/blackholediscos.com\/#\/schema\/logo\/image\/","url":"https:\/\/blackholediscos.com\/wp-content\/uploads\/2024\/06\/black-hole-discos-vinis-logo.png","contentUrl":"https:\/\/blackholediscos.com\/wp-content\/uploads\/2024\/06\/black-hole-discos-vinis-logo.png","width":70,"height":66,"caption":"Black Hole Discos"},"image":{"@id":"https:\/\/blackholediscos.com\/#\/schema\/logo\/image\/"},"sameAs":["https:\/\/www.instagram.com\/blackholediscos\/"]}]}},"_links":{"self":[{"href":"https:\/\/blackholediscos.com\/en\/wp-json\/wp\/v2\/product\/1077","targetHints":{"allow":["GET"]}}],"collection":[{"href":"https:\/\/blackholediscos.com\/en\/wp-json\/wp\/v2\/product"}],"about":[{"href":"https:\/\/blackholediscos.com\/en\/wp-json\/wp\/v2\/types\/product"}],"replies":[{"embeddable":true,"href":"https:\/\/blackholediscos.com\/en\/wp-json\/wp\/v2\/comments?post=1077"}],"wp:featuredmedia":[{"embeddable":true,"href":"https:\/\/blackholediscos.com\/en\/wp-json\/wp\/v2\/media\/922"}],"wp:attachment":[{"href":"https:\/\/blackholediscos.com\/en\/wp-json\/wp\/v2\/media?parent=1077"}],"wp:term":[{"taxonomy":"product_brand","embeddable":true,"href":"https:\/\/blackholediscos.com\/en\/wp-json\/wp\/v2\/product_brand?post=1077"},{"taxonomy":"product_cat","embeddable":true,"href":"https:\/\/blackholediscos.com\/en\/wp-json\/wp\/v2\/product_cat?post=1077"},{"taxonomy":"product_tag","embeddable":true,"href":"https:\/\/blackholediscos.com\/en\/wp-json\/wp\/v2\/product_tag?post=1077"},{"taxonomy":"artista","embeddable":true,"href":"https:\/\/blackholediscos.com\/en\/wp-json\/wp\/v2\/artista?post=1077"},{"taxonomy":"produtora","embeddable":true,"href":"https:\/\/blackholediscos.com\/en\/wp-json\/wp\/v2\/produtora?post=1077"},{"taxonomy":"ano","embeddable":true,"href":"https:\/\/blackholediscos.com\/en\/wp-json\/wp\/v2\/ano?post=1077"}],"curies":[{"name":"wp","href":"https:\/\/api.w.org\/{rel}","templated":true}]}}