{"id":1072,"date":"2024-06-22T21:46:49","date_gmt":"2024-06-22T21:46:49","guid":{"rendered":"https:\/\/blackholediscos.com\/?post_type=product&#038;p=1072"},"modified":"2024-06-26T21:50:26","modified_gmt":"2024-06-26T21:50:26","slug":"mae-menininha-do-gantois","status":"publish","type":"product","link":"https:\/\/blackholediscos.com\/en\/product\/mae-menininha-do-gantois\/","title":{"rendered":"M\u00e3e menininha do Gantois ( Gravado ao vivo no Gantois)"},"content":{"rendered":"<p>Lp Original de \u00e9poca em excelentes condi\u00e7\u00f5es de capa e m\u00eddia. <\/p>\n<p>Selo:<br \/>\nContinental (3) \u200e\u2013 SLP-10.140<\/p>\n<p>Lista de faixas<\/p>\n<p>A1 Entrevista-Depoimento Com M\u00e3e Menininha Do Gantois<br \/>\nPresenter, Interviewer \u2013 Ramalho Neto<br \/>\nA2 Aguer\u00e9 De Oshosi<br \/>\nA3 Hamunha<br \/>\nA4 Ora\u00e7\u00e3o \u00c0 M\u00e3e Menininha<br \/>\nVoice \u2013 Reginaldo Bessa<br \/>\nWritten-By \u2013 Dorival Caymmi<\/p>\n<p>B1 Ijej\u00e1 De Oshun<br \/>\nB2 Aluj\u00e1 De Shang\u00f4<br \/>\nB3 Ibi De Oshal\u00e1<br \/>\nB4 Depoimento Do Sr. Manoel Queiroga<br \/>\nInterviewee, Speech \u2013 Manoel Queiroga<\/p>","protected":false},"excerpt":{"rendered":"<p>Lp Original de \u00e9poca em excelentes condi\u00e7\u00f5es de capa e m\u00eddia. Selo: Continental (3) \u200e\u2013 SLP-10.140 Lista de faixas A1 Entrevista-Depoimento Com M\u00e3e Menininha Do Gantois Presenter, Interviewer \u2013 Ramalho Neto A2 Aguer\u00e9 De Oshosi A3 Hamunha A4 Ora\u00e7\u00e3o \u00c0 M\u00e3e Menininha Voice \u2013 Reginaldo Bessa Written-By \u2013 Dorival Caymmi B1 Ijej\u00e1 De Oshun B2 [&hellip;]<\/p>\n","protected":false},"featured_media":1073,"comment_status":"open","ping_status":"closed","template":"","meta":{"_acf_changed":false},"product_brand":[],"product_cat":[131,530,31],"product_tag":[],"artista":[301],"produtora":[89],"ano":[137],"class_list":{"0":"post-1072","1":"product","2":"type-product","3":"status-publish","4":"has-post-thumbnail","6":"product_cat-afrobrasilidade","7":"product_cat-batucada","8":"product_cat-mais-populares","9":"artista-mae-menininha-do-gantois","10":"produtora-continental","11":"ano-137","13":"first","14":"instock","15":"shipping-taxable","16":"purchasable","17":"product-type-simple"},"acf":[],"yoast_head":"<!-- This site is optimized with the Yoast SEO plugin v27.3 - https:\/\/yoast.com\/product\/yoast-seo-wordpress\/ -->\n<title>M\u00e3e menininha do Gantois ( Gravado ao vivo no Gantois) - Black Hole Discos<\/title>\n<meta name=\"robots\" content=\"index, follow, max-snippet:-1, max-image-preview:large, max-video-preview:-1\" \/>\n<link rel=\"canonical\" href=\"https:\/\/blackholediscos.com\/en\/product\/mae-menininha-do-gantois\/\" \/>\n<meta property=\"og:locale\" content=\"en_US\" \/>\n<meta property=\"og:type\" content=\"article\" \/>\n<meta property=\"og:title\" content=\"M\u00e3e menininha do Gantois ( Gravado ao vivo no Gantois) - Black Hole Discos\" \/>\n<meta property=\"og:description\" content=\"Lp Original de \u00e9poca em excelentes condi\u00e7\u00f5es de capa e m\u00eddia. Selo: Continental (3) \u200e\u2013 SLP-10.140 Lista de faixas A1 Entrevista-Depoimento Com M\u00e3e Menininha Do Gantois Presenter, Interviewer \u2013 Ramalho Neto A2 Aguer\u00e9 De Oshosi A3 Hamunha A4 Ora\u00e7\u00e3o \u00c0 M\u00e3e Menininha Voice \u2013 Reginaldo Bessa Written-By \u2013 Dorival Caymmi B1 Ijej\u00e1 De Oshun B2 [&hellip;]\" \/>\n<meta property=\"og:url\" content=\"https:\/\/blackholediscos.com\/en\/product\/mae-menininha-do-gantois\/\" \/>\n<meta property=\"og:site_name\" content=\"Black Hole Discos\" \/>\n<meta property=\"article:publisher\" content=\"https:\/\/www.instagram.com\/blackholediscos\/\" \/>\n<meta property=\"article:modified_time\" content=\"2024-06-26T21:50:26+00:00\" \/>\n<meta property=\"og:image\" content=\"https:\/\/blackholediscos.com\/wp-content\/uploads\/2024\/06\/IMG_7377-scaled.jpeg\" \/>\n\t<meta property=\"og:image:width\" content=\"2560\" \/>\n\t<meta property=\"og:image:height\" content=\"2560\" \/>\n\t<meta property=\"og:image:type\" content=\"image\/jpeg\" \/>\n<meta name=\"twitter:card\" content=\"summary_large_image\" \/>\n<meta name=\"twitter:label1\" content=\"Est. reading time\" \/>\n\t<meta name=\"twitter:data1\" content=\"1 minute\" \/>\n<script type=\"application\/ld+json\" class=\"yoast-schema-graph\">{\"@context\":\"https:\\\/\\\/schema.org\",\"@graph\":[{\"@type\":\"WebPage\",\"@id\":\"https:\\\/\\\/blackholediscos.com\\\/product\\\/mae-menininha-do-gantois\\\/\",\"url\":\"https:\\\/\\\/blackholediscos.com\\\/product\\\/mae-menininha-do-gantois\\\/\",\"name\":\"M\u00e3e menininha do Gantois ( Gravado ao vivo no Gantois) - Black Hole Discos\",\"isPartOf\":{\"@id\":\"https:\\\/\\\/blackholediscos.com\\\/#website\"},\"primaryImageOfPage\":{\"@id\":\"https:\\\/\\\/blackholediscos.com\\\/product\\\/mae-menininha-do-gantois\\\/#primaryimage\"},\"image\":{\"@id\":\"https:\\\/\\\/blackholediscos.com\\\/product\\\/mae-menininha-do-gantois\\\/#primaryimage\"},\"thumbnailUrl\":\"https:\\\/\\\/blackholediscos.com\\\/wp-content\\\/uploads\\\/2024\\\/06\\\/IMG_7377-scaled.jpeg\",\"datePublished\":\"2024-06-22T21:46:49+00:00\",\"dateModified\":\"2024-06-26T21:50:26+00:00\",\"breadcrumb\":{\"@id\":\"https:\\\/\\\/blackholediscos.com\\\/product\\\/mae-menininha-do-gantois\\\/#breadcrumb\"},\"inLanguage\":\"en-US\",\"potentialAction\":[{\"@type\":\"ReadAction\",\"target\":[\"https:\\\/\\\/blackholediscos.com\\\/product\\\/mae-menininha-do-gantois\\\/\"]}]},{\"@type\":\"ImageObject\",\"inLanguage\":\"en-US\",\"@id\":\"https:\\\/\\\/blackholediscos.com\\\/product\\\/mae-menininha-do-gantois\\\/#primaryimage\",\"url\":\"https:\\\/\\\/blackholediscos.com\\\/wp-content\\\/uploads\\\/2024\\\/06\\\/IMG_7377-scaled.jpeg\",\"contentUrl\":\"https:\\\/\\\/blackholediscos.com\\\/wp-content\\\/uploads\\\/2024\\\/06\\\/IMG_7377-scaled.jpeg\",\"width\":2560,\"height\":2560},{\"@type\":\"BreadcrumbList\",\"@id\":\"https:\\\/\\\/blackholediscos.com\\\/product\\\/mae-menininha-do-gantois\\\/#breadcrumb\",\"itemListElement\":[{\"@type\":\"ListItem\",\"position\":1,\"name\":\"In\u00edcio\",\"item\":\"https:\\\/\\\/blackholediscos.com\\\/\"},{\"@type\":\"ListItem\",\"position\":2,\"name\":\"Shop\",\"item\":\"https:\\\/\\\/blackholediscos.com\\\/shop\\\/\"},{\"@type\":\"ListItem\",\"position\":3,\"name\":\"M\u00e3e menininha do Gantois ( Gravado ao vivo no Gantois)\"}]},{\"@type\":\"WebSite\",\"@id\":\"https:\\\/\\\/blackholediscos.com\\\/#website\",\"url\":\"https:\\\/\\\/blackholediscos.com\\\/\",\"name\":\"Black Hole Discos\",\"description\":\"Brazilian music LPs\",\"publisher\":{\"@id\":\"https:\\\/\\\/blackholediscos.com\\\/#organization\"},\"potentialAction\":[{\"@type\":\"SearchAction\",\"target\":{\"@type\":\"EntryPoint\",\"urlTemplate\":\"https:\\\/\\\/blackholediscos.com\\\/?s={search_term_string}\"},\"query-input\":{\"@type\":\"PropertyValueSpecification\",\"valueRequired\":true,\"valueName\":\"search_term_string\"}}],\"inLanguage\":\"en-US\"},{\"@type\":\"Organization\",\"@id\":\"https:\\\/\\\/blackholediscos.com\\\/#organization\",\"name\":\"Black Hole Discos\",\"url\":\"https:\\\/\\\/blackholediscos.com\\\/\",\"logo\":{\"@type\":\"ImageObject\",\"inLanguage\":\"en-US\",\"@id\":\"https:\\\/\\\/blackholediscos.com\\\/#\\\/schema\\\/logo\\\/image\\\/\",\"url\":\"https:\\\/\\\/blackholediscos.com\\\/wp-content\\\/uploads\\\/2024\\\/06\\\/black-hole-discos-vinis-logo.png\",\"contentUrl\":\"https:\\\/\\\/blackholediscos.com\\\/wp-content\\\/uploads\\\/2024\\\/06\\\/black-hole-discos-vinis-logo.png\",\"width\":70,\"height\":66,\"caption\":\"Black Hole Discos\"},\"image\":{\"@id\":\"https:\\\/\\\/blackholediscos.com\\\/#\\\/schema\\\/logo\\\/image\\\/\"},\"sameAs\":[\"https:\\\/\\\/www.instagram.com\\\/blackholediscos\\\/\"]}]}<\/script>\n<!-- \/ Yoast SEO plugin. -->","yoast_head_json":{"title":"M\u00e3e menininha do Gantois ( Gravado ao vivo no Gantois) - Black Hole Discos","robots":{"index":"index","follow":"follow","max-snippet":"max-snippet:-1","max-image-preview":"max-image-preview:large","max-video-preview":"max-video-preview:-1"},"canonical":"https:\/\/blackholediscos.com\/en\/product\/mae-menininha-do-gantois\/","og_locale":"en_US","og_type":"article","og_title":"M\u00e3e menininha do Gantois ( Gravado ao vivo no Gantois) - Black Hole Discos","og_description":"Lp Original de \u00e9poca em excelentes condi\u00e7\u00f5es de capa e m\u00eddia. Selo: Continental (3) \u200e\u2013 SLP-10.140 Lista de faixas A1 Entrevista-Depoimento Com M\u00e3e Menininha Do Gantois Presenter, Interviewer \u2013 Ramalho Neto A2 Aguer\u00e9 De Oshosi A3 Hamunha A4 Ora\u00e7\u00e3o \u00c0 M\u00e3e Menininha Voice \u2013 Reginaldo Bessa Written-By \u2013 Dorival Caymmi B1 Ijej\u00e1 De Oshun B2 [&hellip;]","og_url":"https:\/\/blackholediscos.com\/en\/product\/mae-menininha-do-gantois\/","og_site_name":"Black Hole Discos","article_publisher":"https:\/\/www.instagram.com\/blackholediscos\/","article_modified_time":"2024-06-26T21:50:26+00:00","og_image":[{"width":2560,"height":2560,"url":"https:\/\/blackholediscos.com\/wp-content\/uploads\/2024\/06\/IMG_7377-scaled.jpeg","type":"image\/jpeg"}],"twitter_card":"summary_large_image","twitter_misc":{"Est. reading time":"1 minute"},"schema":{"@context":"https:\/\/schema.org","@graph":[{"@type":"WebPage","@id":"https:\/\/blackholediscos.com\/product\/mae-menininha-do-gantois\/","url":"https:\/\/blackholediscos.com\/product\/mae-menininha-do-gantois\/","name":"M\u00e3e menininha do Gantois ( Gravado ao vivo no Gantois) - Black Hole Discos","isPartOf":{"@id":"https:\/\/blackholediscos.com\/#website"},"primaryImageOfPage":{"@id":"https:\/\/blackholediscos.com\/product\/mae-menininha-do-gantois\/#primaryimage"},"image":{"@id":"https:\/\/blackholediscos.com\/product\/mae-menininha-do-gantois\/#primaryimage"},"thumbnailUrl":"https:\/\/blackholediscos.com\/wp-content\/uploads\/2024\/06\/IMG_7377-scaled.jpeg","datePublished":"2024-06-22T21:46:49+00:00","dateModified":"2024-06-26T21:50:26+00:00","breadcrumb":{"@id":"https:\/\/blackholediscos.com\/product\/mae-menininha-do-gantois\/#breadcrumb"},"inLanguage":"en-US","potentialAction":[{"@type":"ReadAction","target":["https:\/\/blackholediscos.com\/product\/mae-menininha-do-gantois\/"]}]},{"@type":"ImageObject","inLanguage":"en-US","@id":"https:\/\/blackholediscos.com\/product\/mae-menininha-do-gantois\/#primaryimage","url":"https:\/\/blackholediscos.com\/wp-content\/uploads\/2024\/06\/IMG_7377-scaled.jpeg","contentUrl":"https:\/\/blackholediscos.com\/wp-content\/uploads\/2024\/06\/IMG_7377-scaled.jpeg","width":2560,"height":2560},{"@type":"BreadcrumbList","@id":"https:\/\/blackholediscos.com\/product\/mae-menininha-do-gantois\/#breadcrumb","itemListElement":[{"@type":"ListItem","position":1,"name":"In\u00edcio","item":"https:\/\/blackholediscos.com\/"},{"@type":"ListItem","position":2,"name":"Shop","item":"https:\/\/blackholediscos.com\/shop\/"},{"@type":"ListItem","position":3,"name":"M\u00e3e menininha do Gantois ( Gravado ao vivo no Gantois)"}]},{"@type":"WebSite","@id":"https:\/\/blackholediscos.com\/#website","url":"https:\/\/blackholediscos.com\/","name":"Black Hole Discos","description":"Brazilian music LPs","publisher":{"@id":"https:\/\/blackholediscos.com\/#organization"},"potentialAction":[{"@type":"SearchAction","target":{"@type":"EntryPoint","urlTemplate":"https:\/\/blackholediscos.com\/?s={search_term_string}"},"query-input":{"@type":"PropertyValueSpecification","valueRequired":true,"valueName":"search_term_string"}}],"inLanguage":"en-US"},{"@type":"Organization","@id":"https:\/\/blackholediscos.com\/#organization","name":"Black Hole Discos","url":"https:\/\/blackholediscos.com\/","logo":{"@type":"ImageObject","inLanguage":"en-US","@id":"https:\/\/blackholediscos.com\/#\/schema\/logo\/image\/","url":"https:\/\/blackholediscos.com\/wp-content\/uploads\/2024\/06\/black-hole-discos-vinis-logo.png","contentUrl":"https:\/\/blackholediscos.com\/wp-content\/uploads\/2024\/06\/black-hole-discos-vinis-logo.png","width":70,"height":66,"caption":"Black Hole Discos"},"image":{"@id":"https:\/\/blackholediscos.com\/#\/schema\/logo\/image\/"},"sameAs":["https:\/\/www.instagram.com\/blackholediscos\/"]}]}},"_links":{"self":[{"href":"https:\/\/blackholediscos.com\/en\/wp-json\/wp\/v2\/product\/1072","targetHints":{"allow":["GET"]}}],"collection":[{"href":"https:\/\/blackholediscos.com\/en\/wp-json\/wp\/v2\/product"}],"about":[{"href":"https:\/\/blackholediscos.com\/en\/wp-json\/wp\/v2\/types\/product"}],"replies":[{"embeddable":true,"href":"https:\/\/blackholediscos.com\/en\/wp-json\/wp\/v2\/comments?post=1072"}],"wp:featuredmedia":[{"embeddable":true,"href":"https:\/\/blackholediscos.com\/en\/wp-json\/wp\/v2\/media\/1073"}],"wp:attachment":[{"href":"https:\/\/blackholediscos.com\/en\/wp-json\/wp\/v2\/media?parent=1072"}],"wp:term":[{"taxonomy":"product_brand","embeddable":true,"href":"https:\/\/blackholediscos.com\/en\/wp-json\/wp\/v2\/product_brand?post=1072"},{"taxonomy":"product_cat","embeddable":true,"href":"https:\/\/blackholediscos.com\/en\/wp-json\/wp\/v2\/product_cat?post=1072"},{"taxonomy":"product_tag","embeddable":true,"href":"https:\/\/blackholediscos.com\/en\/wp-json\/wp\/v2\/product_tag?post=1072"},{"taxonomy":"artista","embeddable":true,"href":"https:\/\/blackholediscos.com\/en\/wp-json\/wp\/v2\/artista?post=1072"},{"taxonomy":"produtora","embeddable":true,"href":"https:\/\/blackholediscos.com\/en\/wp-json\/wp\/v2\/produtora?post=1072"},{"taxonomy":"ano","embeddable":true,"href":"https:\/\/blackholediscos.com\/en\/wp-json\/wp\/v2\/ano?post=1072"}],"curies":[{"name":"wp","href":"https:\/\/api.w.org\/{rel}","templated":true}]}}